{"id":6614,"date":"2025-07-07T08:55:42","date_gmt":"2025-07-07T08:55:42","guid":{"rendered":"https:\/\/www.sportshine.eu\/?post_type=product&#038;p=6614"},"modified":"2025-11-20T09:40:27","modified_gmt":"2025-11-20T09:40:27","slug":"gyerek-toloszek-brn-flash-sarga-fluo","status":"publish","type":"product","link":"https:\/\/www.sportshine.eu\/hu\/uzlet\/gyerek-toloszek-brn-flash-sarga-fluo\/","title":{"rendered":"Gyermek babahordoz\u00f3 BRN FLASH YELLOW FLUO"},"content":{"rendered":"<h3 style=\"text-align: center;\" data-start=\"33\" data-end=\"283\">FEDEZZE FEL A VIL\u00c1GOT MAGABIZTOSAN<\/h3>\n<p>A BRN Flash gyerekbring\u00e1k biztons\u00e1got \u00e9s v\u00e9delmet ny\u00fajtanak strapab\u00edr\u00f3 v\u00e1z\u00e1nak \u00e9s integr\u00e1lt l\u00f6kh\u00e1r\u00edt\u00f3inak k\u00f6sz\u00f6nhet\u0151en. A sz\u00fcl\u0151k nyugodtak lehetnek, tudv\u00e1n, hogy kis felfedez\u0151ik minden \u00fat sor\u00e1n biztons\u00e1gban vannak.<\/p>\n<p data-start=\"33\" data-end=\"283\"><img decoding=\"async\" class=\"aligncenter\" src=\"https:\/\/www.sportshine.eu\/originalstran\/wp-content\/uploads\/2025\/04\/otroski-poganjalcek-flash-e1743527925460.webp\" \/><\/p>\n<h3 style=\"text-align: center;\" data-start=\"285\" data-end=\"566\">K\u00c9T KER\u00c9KEN BIZTONS\u00c1GOSAN EGYENS\u00daLYOZNI<\/h3>\n<p class=\"\" data-start=\"285\" data-end=\"566\">A BRN Flash seg\u00edts\u00e9g\u00e9vel a gyerekek term\u00e9szetes \u00e9s biztons\u00e1gos m\u00f3don fejleszthetik egyens\u00faly\u00e9rz\u00e9k\u00fcket \u00e9s koordin\u00e1ci\u00f3jukat. Mivel a ker\u00e9kp\u00e1rnak nincsenek ped\u00e1ljai, teljes m\u00e9rt\u00e9kben az egyens\u00falyra koncentr\u00e1lhatnak, \u00edgy k\u00f6nnyebb \u00e1t\u00e1llni egy klasszikus ker\u00e9kp\u00e1rra \u2013 an\u00e9lk\u00fcl, hogy f\u00e1jdalmas es\u00e9sekt\u0151l kellene tartaniuk.<\/p>\n<h3 style=\"text-align: center;\" data-start=\"568\" data-end=\"855\">KORL\u00c1TLAN KALANDOK, V\u00c9GTELEN SZ\u00d3RAKOZ\u00c1S<\/h3>\n<p class=\"\" data-start=\"568\" data-end=\"855\">Az utc\u00e1t\u00f3l a parkig, az otthont\u00f3l a kertig \u2013 a BRN Flash szabads\u00e1got ad a gyerekeknek, hogy felfedezz\u00e9k a k\u00f6r\u00fcl\u00f6tt\u00fck l\u00e9v\u0151 vil\u00e1got. Nincs sz\u00fcks\u00e9g ped\u00e1lokra, \u00e9s a ker\u00e9kp\u00e1r t\u00f6k\u00e9letesen alkalmazkodik a n\u00f6veked\u00e9s\u00fckh\u00f6z \u00e9s k\u00e9pess\u00e9geikhez, \u00edgy minden nap izgalmas \u00e9s biztons\u00e1gos kalandd\u00e1 v\u00e1lik.<\/p>","protected":false},"excerpt":{"rendered":"<p>\u2705 K\u00f6nny\u0171 magn\u00e9zium\u00f6tv\u00f6zet v\u00e1z \u00e9s villa<br data-start=\"913\" data-end=\"916\" \/>\u2705 \u00c1ll\u00edthat\u00f3 \u00fcl\u00e9s: 35 cm \/ 42 cm<br data-start=\"949\" data-end=\"952\" \/>\u2705 12 h\u00fcvelykes gumiabroncsok t\u00f6ml\u0151kkel<br data-start=\"981\" data-end=\"984\" \/>\u2705 Oldalt\u00e1masz mell\u00e9kelve<br data-start=\"1011\" data-end=\"1014\" \/>\u2705 Maxim\u00e1lis teherb\u00edr\u00e1s: 30 kg<br data-start=\"1041\" data-end=\"1044\" \/>\u2705 S\u00faly: 3 kg<\/p>\n<p>&nbsp;<\/p>\n<p>&nbsp;<\/p>","protected":false},"featured_media":5366,"comment_status":"open","ping_status":"closed","template":"","meta":[],"product_brand":[],"product_cat":[124],"product_tag":[],"class_list":{"0":"post-6614","1":"product","2":"type-product","3":"status-publish","4":"has-post-thumbnail","6":"product_cat-otroski-poganjalci","8":"first","9":"instock","10":"sale","11":"taxable","12":"shipping-taxable","13":"purchasable","14":"product-type-simple"},"yoast_head":"<!-- This site is optimized with the Yoast SEO plugin v27.3 - https:\/\/yoast.com\/product\/yoast-seo-wordpress\/ -->\n<title>Otro\u0161ki poganjalec BRN FLASH YELLOW FLUO<\/title>\n<meta name=\"robots\" content=\"index, follow, max-snippet:-1, max-image-preview:large, max-video-preview:-1\" \/>\n<link rel=\"canonical\" href=\"https:\/\/www.sportshine.eu\/hu\/uzlet\/gyerek-toloszek-brn-flash-sarga-fluo\/\" \/>\n<meta property=\"og:locale\" content=\"hu_HU\" \/>\n<meta property=\"og:type\" content=\"article\" \/>\n<meta property=\"og:title\" content=\"Otro\u0161ki poganjalec BRN FLASH YELLOW FLUO\" \/>\n<meta property=\"og:description\" content=\"\u2705 Okvir in vilice iz lahke magnezijeve zlitine\u2705 Nastavljiv sede\u017e: 35 cm \/ 42 cm\u2705 12 col pnevmatike z zra\u010dnicami\u2705 Vklju\u010deno stransko stojalo\u2705 Najve\u010dja nosilnost: 30 kg\u2705 Te\u017ea: 3 kg  &nbsp;  &nbsp;\" \/>\n<meta property=\"og:url\" content=\"https:\/\/www.sportshine.eu\/hu\/uzlet\/gyerek-toloszek-brn-flash-sarga-fluo\/\" \/>\n<meta property=\"og:site_name\" content=\"Sportshine\" \/>\n<meta property=\"article:publisher\" content=\"https:\/\/www.facebook.com\/sportshine.eu\/\" \/>\n<meta property=\"article:modified_time\" content=\"2025-11-20T09:40:27+00:00\" \/>\n<meta property=\"og:image\" content=\"https:\/\/www.sportshine.eu\/wp-content\/uploads\/2025\/07\/Otroski-poganjalcek-BRN-FLASH.webp\" \/>\n\t<meta property=\"og:image:width\" content=\"800\" \/>\n\t<meta property=\"og:image:height\" content=\"800\" \/>\n\t<meta property=\"og:image:type\" content=\"image\/webp\" \/>\n<meta name=\"twitter:card\" content=\"summary_large_image\" \/>\n<meta name=\"twitter:label1\" content=\"Becs\u00fclt olvas\u00e1si id\u0151\" \/>\n\t<meta name=\"twitter:data1\" content=\"1 perc\" \/>\n<script type=\"application\/ld+json\" class=\"yoast-schema-graph\">{\"@context\":\"https:\\\/\\\/schema.org\",\"@graph\":[{\"@type\":\"WebPage\",\"@id\":\"https:\\\/\\\/www.sportshine.eu\\\/trgovina\\\/otroski-poganjalec-brn-flash-yellow-fluo\\\/\",\"url\":\"https:\\\/\\\/www.sportshine.eu\\\/trgovina\\\/otroski-poganjalec-brn-flash-yellow-fluo\\\/\",\"name\":\"Otro\u0161ki poganjalec BRN FLASH YELLOW FLUO\",\"isPartOf\":{\"@id\":\"https:\\\/\\\/www.sportshine.eu\\\/#website\"},\"primaryImageOfPage\":{\"@id\":\"https:\\\/\\\/www.sportshine.eu\\\/trgovina\\\/otroski-poganjalec-brn-flash-yellow-fluo\\\/#primaryimage\"},\"image\":{\"@id\":\"https:\\\/\\\/www.sportshine.eu\\\/trgovina\\\/otroski-poganjalec-brn-flash-yellow-fluo\\\/#primaryimage\"},\"thumbnailUrl\":\"https:\\\/\\\/www.sportshine.eu\\\/wp-content\\\/uploads\\\/2025\\\/07\\\/Otroski-poganjalcek-BRN-FLASH.webp\",\"datePublished\":\"2025-07-07T08:55:42+00:00\",\"dateModified\":\"2025-11-20T09:40:27+00:00\",\"breadcrumb\":{\"@id\":\"https:\\\/\\\/www.sportshine.eu\\\/trgovina\\\/otroski-poganjalec-brn-flash-yellow-fluo\\\/#breadcrumb\"},\"inLanguage\":\"hu\",\"potentialAction\":[{\"@type\":\"ReadAction\",\"target\":[\"https:\\\/\\\/www.sportshine.eu\\\/trgovina\\\/otroski-poganjalec-brn-flash-yellow-fluo\\\/\"]}]},{\"@type\":\"ImageObject\",\"inLanguage\":\"hu\",\"@id\":\"https:\\\/\\\/www.sportshine.eu\\\/trgovina\\\/otroski-poganjalec-brn-flash-yellow-fluo\\\/#primaryimage\",\"url\":\"https:\\\/\\\/www.sportshine.eu\\\/wp-content\\\/uploads\\\/2025\\\/07\\\/Otroski-poganjalcek-BRN-FLASH.webp\",\"contentUrl\":\"https:\\\/\\\/www.sportshine.eu\\\/wp-content\\\/uploads\\\/2025\\\/07\\\/Otroski-poganjalcek-BRN-FLASH.webp\",\"width\":800,\"height\":800},{\"@type\":\"BreadcrumbList\",\"@id\":\"https:\\\/\\\/www.sportshine.eu\\\/trgovina\\\/otroski-poganjalec-brn-flash-yellow-fluo\\\/#breadcrumb\",\"itemListElement\":[{\"@type\":\"ListItem\",\"position\":1,\"name\":\"Home\",\"item\":\"https:\\\/\\\/www.sportshine.eu\\\/\"},{\"@type\":\"ListItem\",\"position\":2,\"name\":\"Trgovina\",\"item\":\"https:\\\/\\\/www.sportshine.eu\\\/trgovina\\\/\"},{\"@type\":\"ListItem\",\"position\":3,\"name\":\"Otro\u0161ki poganjalec BRN FLASH YELLOW FLUO\"}]},{\"@type\":\"WebSite\",\"@id\":\"https:\\\/\\\/www.sportshine.eu\\\/#website\",\"url\":\"https:\\\/\\\/www.sportshine.eu\\\/\",\"name\":\"Sportshine\",\"description\":\"Top spletna trgovina kolesarskih in naglavnih svetilk ter opreme\",\"publisher\":{\"@id\":\"https:\\\/\\\/www.sportshine.eu\\\/#organization\"},\"potentialAction\":[{\"@type\":\"SearchAction\",\"target\":{\"@type\":\"EntryPoint\",\"urlTemplate\":\"https:\\\/\\\/www.sportshine.eu\\\/?s={search_term_string}\"},\"query-input\":{\"@type\":\"PropertyValueSpecification\",\"valueRequired\":true,\"valueName\":\"search_term_string\"}}],\"inLanguage\":\"hu\"},{\"@type\":\"Organization\",\"@id\":\"https:\\\/\\\/www.sportshine.eu\\\/#organization\",\"name\":\"Sportshine\",\"url\":\"https:\\\/\\\/www.sportshine.eu\\\/\",\"logo\":{\"@type\":\"ImageObject\",\"inLanguage\":\"hu\",\"@id\":\"https:\\\/\\\/www.sportshine.eu\\\/#\\\/schema\\\/logo\\\/image\\\/\",\"url\":\"https:\\\/\\\/www.sportshine.eu\\\/wp-content\\\/uploads\\\/2026\\\/01\\\/cropped-Sportshine.webp\",\"contentUrl\":\"https:\\\/\\\/www.sportshine.eu\\\/wp-content\\\/uploads\\\/2026\\\/01\\\/cropped-Sportshine.webp\",\"width\":295,\"height\":128,\"caption\":\"Sportshine\"},\"image\":{\"@id\":\"https:\\\/\\\/www.sportshine.eu\\\/#\\\/schema\\\/logo\\\/image\\\/\"},\"sameAs\":[\"https:\\\/\\\/www.facebook.com\\\/sportshine.eu\\\/\"]}]}<\/script>\n<!-- \/ Yoast SEO plugin. -->","yoast_head_json":{"title":"Gyermek babahordoz\u00f3 BRN FLASH YELLOW FLUO","robots":{"index":"index","follow":"follow","max-snippet":"max-snippet:-1","max-image-preview":"max-image-preview:large","max-video-preview":"max-video-preview:-1"},"canonical":"https:\/\/www.sportshine.eu\/hu\/uzlet\/gyerek-toloszek-brn-flash-sarga-fluo\/","og_locale":"hu_HU","og_type":"article","og_title":"Otro\u0161ki poganjalec BRN FLASH YELLOW FLUO","og_description":"\u2705 Okvir in vilice iz lahke magnezijeve zlitine\u2705 Nastavljiv sede\u017e: 35 cm \/ 42 cm\u2705 12 col pnevmatike z zra\u010dnicami\u2705 Vklju\u010deno stransko stojalo\u2705 Najve\u010dja nosilnost: 30 kg\u2705 Te\u017ea: 3 kg  &nbsp;  &nbsp;","og_url":"https:\/\/www.sportshine.eu\/hu\/uzlet\/gyerek-toloszek-brn-flash-sarga-fluo\/","og_site_name":"Sportshine","article_publisher":"https:\/\/www.facebook.com\/sportshine.eu\/","article_modified_time":"2025-11-20T09:40:27+00:00","og_image":[{"width":800,"height":800,"url":"https:\/\/www.sportshine.eu\/wp-content\/uploads\/2025\/07\/Otroski-poganjalcek-BRN-FLASH.webp","type":"image\/webp"}],"twitter_card":"summary_large_image","twitter_misc":{"Becs\u00fclt olvas\u00e1si id\u0151":"1 perc"},"schema":{"@context":"https:\/\/schema.org","@graph":[{"@type":"WebPage","@id":"https:\/\/www.sportshine.eu\/trgovina\/otroski-poganjalec-brn-flash-yellow-fluo\/","url":"https:\/\/www.sportshine.eu\/trgovina\/otroski-poganjalec-brn-flash-yellow-fluo\/","name":"Gyermek babahordoz\u00f3 BRN FLASH YELLOW FLUO","isPartOf":{"@id":"https:\/\/www.sportshine.eu\/#website"},"primaryImageOfPage":{"@id":"https:\/\/www.sportshine.eu\/trgovina\/otroski-poganjalec-brn-flash-yellow-fluo\/#primaryimage"},"image":{"@id":"https:\/\/www.sportshine.eu\/trgovina\/otroski-poganjalec-brn-flash-yellow-fluo\/#primaryimage"},"thumbnailUrl":"https:\/\/www.sportshine.eu\/wp-content\/uploads\/2025\/07\/Otroski-poganjalcek-BRN-FLASH.webp","datePublished":"2025-07-07T08:55:42+00:00","dateModified":"2025-11-20T09:40:27+00:00","breadcrumb":{"@id":"https:\/\/www.sportshine.eu\/trgovina\/otroski-poganjalec-brn-flash-yellow-fluo\/#breadcrumb"},"inLanguage":"hu","potentialAction":[{"@type":"ReadAction","target":["https:\/\/www.sportshine.eu\/trgovina\/otroski-poganjalec-brn-flash-yellow-fluo\/"]}]},{"@type":"ImageObject","inLanguage":"hu","@id":"https:\/\/www.sportshine.eu\/trgovina\/otroski-poganjalec-brn-flash-yellow-fluo\/#primaryimage","url":"https:\/\/www.sportshine.eu\/wp-content\/uploads\/2025\/07\/Otroski-poganjalcek-BRN-FLASH.webp","contentUrl":"https:\/\/www.sportshine.eu\/wp-content\/uploads\/2025\/07\/Otroski-poganjalcek-BRN-FLASH.webp","width":800,"height":800},{"@type":"BreadcrumbList","@id":"https:\/\/www.sportshine.eu\/trgovina\/otroski-poganjalec-brn-flash-yellow-fluo\/#breadcrumb","itemListElement":[{"@type":"ListItem","position":1,"name":"Home","item":"https:\/\/www.sportshine.eu\/"},{"@type":"ListItem","position":2,"name":"Trgovina","item":"https:\/\/www.sportshine.eu\/trgovina\/"},{"@type":"ListItem","position":3,"name":"Otro\u0161ki poganjalec BRN FLASH YELLOW FLUO"}]},{"@type":"WebSite","@id":"https:\/\/www.sportshine.eu\/#website","url":"https:\/\/www.sportshine.eu\/","name":"Sportshine","description":"Ker\u00e9kp\u00e1ros, fejl\u00e1mp\u00e1k \u00e9s felszerel\u00e9sek online \u00e1ruh\u00e1z\u00e1nak vezet\u0151 k\u00edn\u00e1lata","publisher":{"@id":"https:\/\/www.sportshine.eu\/#organization"},"potentialAction":[{"@type":"SearchAction","target":{"@type":"EntryPoint","urlTemplate":"https:\/\/www.sportshine.eu\/?s={search_term_string}"},"query-input":{"@type":"PropertyValueSpecification","valueRequired":true,"valueName":"search_term_string"}}],"inLanguage":"hu"},{"@type":"Organization","@id":"https:\/\/www.sportshine.eu\/#organization","name":"Sportshine","url":"https:\/\/www.sportshine.eu\/","logo":{"@type":"ImageObject","inLanguage":"hu","@id":"https:\/\/www.sportshine.eu\/#\/schema\/logo\/image\/","url":"https:\/\/www.sportshine.eu\/wp-content\/uploads\/2026\/01\/cropped-Sportshine.webp","contentUrl":"https:\/\/www.sportshine.eu\/wp-content\/uploads\/2026\/01\/cropped-Sportshine.webp","width":295,"height":128,"caption":"Sportshine"},"image":{"@id":"https:\/\/www.sportshine.eu\/#\/schema\/logo\/image\/"},"sameAs":["https:\/\/www.facebook.com\/sportshine.eu\/"]}]}},"_links":{"self":[{"href":"https:\/\/www.sportshine.eu\/hu\/wp-json\/wp\/v2\/product\/6614","targetHints":{"allow":["GET"]}}],"collection":[{"href":"https:\/\/www.sportshine.eu\/hu\/wp-json\/wp\/v2\/product"}],"about":[{"href":"https:\/\/www.sportshine.eu\/hu\/wp-json\/wp\/v2\/types\/product"}],"replies":[{"embeddable":true,"href":"https:\/\/www.sportshine.eu\/hu\/wp-json\/wp\/v2\/comments?post=6614"}],"version-history":[{"count":0,"href":"https:\/\/www.sportshine.eu\/hu\/wp-json\/wp\/v2\/product\/6614\/revisions"}],"wp:featuredmedia":[{"embeddable":true,"href":"https:\/\/www.sportshine.eu\/hu\/wp-json\/wp\/v2\/media\/5366"}],"wp:attachment":[{"href":"https:\/\/www.sportshine.eu\/hu\/wp-json\/wp\/v2\/media?parent=6614"}],"wp:term":[{"taxonomy":"product_brand","embeddable":true,"href":"https:\/\/www.sportshine.eu\/hu\/wp-json\/wp\/v2\/product_brand?post=6614"},{"taxonomy":"product_cat","embeddable":true,"href":"https:\/\/www.sportshine.eu\/hu\/wp-json\/wp\/v2\/product_cat?post=6614"},{"taxonomy":"product_tag","embeddable":true,"href":"https:\/\/www.sportshine.eu\/hu\/wp-json\/wp\/v2\/product_tag?post=6614"}],"curies":[{"name":"wp","href":"https:\/\/api.w.org\/{rel}","templated":true}]}}