{"id":6613,"date":"2025-07-07T08:55:41","date_gmt":"2025-07-07T08:55:41","guid":{"rendered":"https:\/\/www.sportshine.eu\/?post_type=product&#038;p=6613"},"modified":"2025-08-02T17:06:36","modified_gmt":"2025-08-02T17:06:36","slug":"brn-pedalfordulat-erzekelo-kerekparhoz","status":"publish","type":"product","link":"https:\/\/www.sportshine.eu\/hu\/uzlet\/brn-pedalfordulat-erzekelo-kerekparhoz\/","title":{"rendered":"BRN ped\u00e1lfordulat-\u00e9rz\u00e9kel\u0151"},"content":{"rendered":"<h3 style=\"text-align: center;\" data-start=\"77\" data-end=\"349\">M\u00c9RJE TELJES\u00cdTM\u00c9NY\u00c9T A BRN \u00c9RZ\u00c9KEL\u0150VEL: PONTOSS\u00c1G \u00c9S MEGB\u00cdZHAT\u00d3S\u00c1G AZ \u00d6N OLDAL\u00c1N<\/h3>\n<p data-start=\"77\" data-end=\"349\">Ha szenved\u00e9lyes ker\u00e9kp\u00e1ros vagy, akkor tudod, mennyire fontos a teljes\u00edtm\u00e9nyed nyomon k\u00f6vet\u00e9se a folyamatos fejl\u0151d\u00e9s \u00e9rdek\u00e9ben. A BRN ped\u00e1lfordulat-\u00e9rz\u00e9kel\u0151 a t\u00f6k\u00e9letes t\u00e1rs a c\u00e9ljaid el\u00e9r\u00e9s\u00e9hez.<\/p>\n<h3 style=\"text-align: center;\" data-start=\"351\" data-end=\"990\">LEGKORSZER\u0170BB TECHNOL\u00d3GIA IG\u00c9NYES KER\u00c9KP\u00c1ROSOKNAK<\/h3>\n<p class=\"\" data-start=\"351\" data-end=\"990\">A BRN ped\u00e1lfordulat-\u00e9rz\u00e9kel\u0151 be\u00e9p\u00edtett G-szenzorral \u00e9s automatikus ind\u00edt\u00e1ssal van felszerelve, \u00edgy mindig haszn\u00e1latra k\u00e9sz. \u00dct\u00e9s\u00e1ll\u00f3 \u00e9s v\u00edz\u00e1ll\u00f3, IPX6 v\u00e9delemmel ell\u00e1tott h\u00e1za id\u0151j\u00e1r\u00e1s- \u00e9s rezg\u00e9s\u00e1ll\u00f3s\u00e1got biztos\u00edt, \u00edgy t\u00f6k\u00e9letes minden terepen. A Bluetooth 4.0 \u00e9s az ANT+ csatlakoz\u00e1s stabil \u00e9s megb\u00edzhat\u00f3 adat\u00e1tvitelt tesz lehet\u0151v\u00e9 a ker\u00e9kp\u00e1ros sz\u00e1m\u00edt\u00f3g\u00e9pre vagy okostelefonra. A CR2032 akkumul\u00e1tor hossz\u00fa \u00fczemid\u0151t biztos\u00edt, m\u00edg a piros \u00e9s z\u00f6ld jelz\u0151f\u00e9nyekkel ell\u00e1tott LED-es l\u00e1mpa azonnali vizu\u00e1lis visszajelz\u00e9st ad a teljes\u00edtm\u00e9nyedr\u0151l.<\/p>\n<h3 style=\"text-align: center;\" data-start=\"992\" data-end=\"1422\">N\u00c9LK\u00dcL\u00d6ZHETETLEN TARTOZ\u00c9K AZ EDZ\u00c9SHEZ<\/h3>\n<p data-start=\"992\" data-end=\"1422\">Ak\u00e1r profi ker\u00e9kp\u00e1ros vagy, ak\u00e1r csak \u00e9lvezed a ker\u00e9kp\u00e1roz\u00e1st, a BRN ped\u00e1lfordulat-\u00e9rz\u00e9kel\u0151 n\u00e9lk\u00fcl\u00f6zhetetlen eszk\u00f6z a teljes\u00edtm\u00e9nyed jav\u00edt\u00e1s\u00e1hoz. A ped\u00e1lfordulatod figyel\u00e9s\u00e9vel optimaliz\u00e1lhatod az edz\u00e9seidet, megel\u0151zheted a t\u00falterhel\u00e9st \u00e9s cs\u00f6kkentheted a s\u00e9r\u00fcl\u00e9s kock\u00e1zat\u00e1t. Ez az \u00e9rz\u00e9kel\u0151 seg\u00edt el\u00e9rni a c\u00e9ljaidat, t\u00fall\u00e9pni a hat\u00e1raidat \u00e9s teljes m\u00e9rt\u00e9kben \u00e9lvezni a ker\u00e9kp\u00e1roz\u00e1st.<\/p>","protected":false},"excerpt":{"rendered":"<p>\u2705 Be\u00e9p\u00edtett G-szenzor \u00e9s automatikus ind\u00edt\u00e1s<br data-start=\"1439\" data-end=\"1442\" \/>\u2705 V\u00edz\u00e1ll\u00f3 \u00e9s \u00fct\u00e9s\u00e1ll\u00f3 h\u00e1z (IPX6)<br data-start=\"1490\" data-end=\"1493\" \/>\u2705 Bluetooth 4.0 \u00e9s ANT+ kapcsolat<br data-start=\"1529\" data-end=\"1532\" \/>\u2705 CR2032 elem<br data-start=\"1549\" data-end=\"1552\" \/>\u2705 \u00dczemi h\u0151m\u00e9rs\u00e9klet: -10 \u00e9s 50 \u00b0C k\u00f6z\u00f6tt<br data-start=\"1591\" data-end=\"1594\" \/>\u2705 Ir\u00e1ny\u00edt\u00f3f\u00e9ny: piros \u00e9s z\u00f6ld jelz\u0151f\u00e9ny<br data-start=\"1634\" data-end=\"1637\" \/>\u2705 Tartoz\u00e9kok: eszk\u00f6z, akkumul\u00e1tor \u00e9s r\u00f6gz\u00edt\u0151gy\u0171r\u0171<\/p>","protected":false},"featured_media":5365,"comment_status":"open","ping_status":"closed","template":"","meta":[],"product_brand":[],"product_cat":[94],"product_tag":[],"class_list":{"0":"post-6613","1":"product","2":"type-product","3":"status-publish","4":"has-post-thumbnail","6":"product_cat-kolesarski-stevci","8":"first","9":"instock","10":"taxable","11":"shipping-taxable","12":"purchasable","13":"product-type-simple"},"yoast_head":"<!-- This site is optimized with the Yoast SEO plugin v27.3 - https:\/\/yoast.com\/product\/yoast-seo-wordpress\/ -->\n<title>Kolesarski senzor za kadenco BRN<\/title>\n<meta name=\"robots\" content=\"index, follow, max-snippet:-1, max-image-preview:large, max-video-preview:-1\" \/>\n<link rel=\"canonical\" href=\"https:\/\/www.sportshine.eu\/hu\/uzlet\/brn-pedalfordulat-erzekelo-kerekparhoz\/\" \/>\n<meta property=\"og:locale\" content=\"hu_HU\" \/>\n<meta property=\"og:type\" content=\"article\" \/>\n<meta property=\"og:title\" content=\"Kolesarski senzor za kadenco BRN\" \/>\n<meta property=\"og:description\" content=\"\u2705 Vgrajen G-senzor in samodejni zagon\u2705 Vodoodporno in na udarce odporno ohi\u0161je (IPX6)\u2705 Povezljivost Bluetooth 4.0 in ANT+\u2705 Baterija CR2032\u2705 Obratovalna temperatura: -10 do 50 \u00b0C\u2705 Vodilna lu\u010dka: rde\u010d in zelen indikator\u2705 Dodatki: naprava, baterija in monta\u017eni obro\u010dek\" \/>\n<meta property=\"og:url\" content=\"https:\/\/www.sportshine.eu\/hu\/uzlet\/brn-pedalfordulat-erzekelo-kerekparhoz\/\" \/>\n<meta property=\"og:site_name\" content=\"Sportshine\" \/>\n<meta property=\"article:publisher\" content=\"https:\/\/www.facebook.com\/sportshine.eu\/\" \/>\n<meta property=\"article:modified_time\" content=\"2025-08-02T17:06:36+00:00\" \/>\n<meta property=\"og:image\" content=\"https:\/\/www.sportshine.eu\/wp-content\/uploads\/2025\/07\/kolesarski-senzor-za-kadenco-BRN.webp\" \/>\n\t<meta property=\"og:image:width\" content=\"800\" \/>\n\t<meta property=\"og:image:height\" content=\"800\" \/>\n\t<meta property=\"og:image:type\" content=\"image\/webp\" \/>\n<meta name=\"twitter:card\" content=\"summary_large_image\" \/>\n<meta name=\"twitter:label1\" content=\"Becs\u00fclt olvas\u00e1si id\u0151\" \/>\n\t<meta name=\"twitter:data1\" content=\"2 perc\" \/>\n<script type=\"application\/ld+json\" class=\"yoast-schema-graph\">{\"@context\":\"https:\\\/\\\/schema.org\",\"@graph\":[{\"@type\":\"WebPage\",\"@id\":\"https:\\\/\\\/www.sportshine.eu\\\/trgovina\\\/kolesarski-senzor-za-kadenco-brn\\\/\",\"url\":\"https:\\\/\\\/www.sportshine.eu\\\/trgovina\\\/kolesarski-senzor-za-kadenco-brn\\\/\",\"name\":\"Kolesarski senzor za kadenco BRN\",\"isPartOf\":{\"@id\":\"https:\\\/\\\/www.sportshine.eu\\\/#website\"},\"primaryImageOfPage\":{\"@id\":\"https:\\\/\\\/www.sportshine.eu\\\/trgovina\\\/kolesarski-senzor-za-kadenco-brn\\\/#primaryimage\"},\"image\":{\"@id\":\"https:\\\/\\\/www.sportshine.eu\\\/trgovina\\\/kolesarski-senzor-za-kadenco-brn\\\/#primaryimage\"},\"thumbnailUrl\":\"https:\\\/\\\/www.sportshine.eu\\\/wp-content\\\/uploads\\\/2025\\\/07\\\/kolesarski-senzor-za-kadenco-BRN.webp\",\"datePublished\":\"2025-07-07T08:55:41+00:00\",\"dateModified\":\"2025-08-02T17:06:36+00:00\",\"breadcrumb\":{\"@id\":\"https:\\\/\\\/www.sportshine.eu\\\/trgovina\\\/kolesarski-senzor-za-kadenco-brn\\\/#breadcrumb\"},\"inLanguage\":\"hu\",\"potentialAction\":[{\"@type\":\"ReadAction\",\"target\":[\"https:\\\/\\\/www.sportshine.eu\\\/trgovina\\\/kolesarski-senzor-za-kadenco-brn\\\/\"]}]},{\"@type\":\"ImageObject\",\"inLanguage\":\"hu\",\"@id\":\"https:\\\/\\\/www.sportshine.eu\\\/trgovina\\\/kolesarski-senzor-za-kadenco-brn\\\/#primaryimage\",\"url\":\"https:\\\/\\\/www.sportshine.eu\\\/wp-content\\\/uploads\\\/2025\\\/07\\\/kolesarski-senzor-za-kadenco-BRN.webp\",\"contentUrl\":\"https:\\\/\\\/www.sportshine.eu\\\/wp-content\\\/uploads\\\/2025\\\/07\\\/kolesarski-senzor-za-kadenco-BRN.webp\",\"width\":800,\"height\":800},{\"@type\":\"BreadcrumbList\",\"@id\":\"https:\\\/\\\/www.sportshine.eu\\\/trgovina\\\/kolesarski-senzor-za-kadenco-brn\\\/#breadcrumb\",\"itemListElement\":[{\"@type\":\"ListItem\",\"position\":1,\"name\":\"Home\",\"item\":\"https:\\\/\\\/www.sportshine.eu\\\/\"},{\"@type\":\"ListItem\",\"position\":2,\"name\":\"Trgovina\",\"item\":\"https:\\\/\\\/www.sportshine.eu\\\/trgovina\\\/\"},{\"@type\":\"ListItem\",\"position\":3,\"name\":\"Kolesarski senzor za kadenco BRN\"}]},{\"@type\":\"WebSite\",\"@id\":\"https:\\\/\\\/www.sportshine.eu\\\/#website\",\"url\":\"https:\\\/\\\/www.sportshine.eu\\\/\",\"name\":\"Sportshine\",\"description\":\"Top spletna trgovina kolesarskih in naglavnih svetilk ter opreme\",\"publisher\":{\"@id\":\"https:\\\/\\\/www.sportshine.eu\\\/#organization\"},\"potentialAction\":[{\"@type\":\"SearchAction\",\"target\":{\"@type\":\"EntryPoint\",\"urlTemplate\":\"https:\\\/\\\/www.sportshine.eu\\\/?s={search_term_string}\"},\"query-input\":{\"@type\":\"PropertyValueSpecification\",\"valueRequired\":true,\"valueName\":\"search_term_string\"}}],\"inLanguage\":\"hu\"},{\"@type\":\"Organization\",\"@id\":\"https:\\\/\\\/www.sportshine.eu\\\/#organization\",\"name\":\"Sportshine\",\"url\":\"https:\\\/\\\/www.sportshine.eu\\\/\",\"logo\":{\"@type\":\"ImageObject\",\"inLanguage\":\"hu\",\"@id\":\"https:\\\/\\\/www.sportshine.eu\\\/#\\\/schema\\\/logo\\\/image\\\/\",\"url\":\"https:\\\/\\\/www.sportshine.eu\\\/wp-content\\\/uploads\\\/2026\\\/01\\\/cropped-Sportshine.webp\",\"contentUrl\":\"https:\\\/\\\/www.sportshine.eu\\\/wp-content\\\/uploads\\\/2026\\\/01\\\/cropped-Sportshine.webp\",\"width\":295,\"height\":128,\"caption\":\"Sportshine\"},\"image\":{\"@id\":\"https:\\\/\\\/www.sportshine.eu\\\/#\\\/schema\\\/logo\\\/image\\\/\"},\"sameAs\":[\"https:\\\/\\\/www.facebook.com\\\/sportshine.eu\\\/\"]}]}<\/script>\n<!-- \/ Yoast SEO plugin. -->","yoast_head_json":{"title":"BRN ped\u00e1lfordulat-\u00e9rz\u00e9kel\u0151","robots":{"index":"index","follow":"follow","max-snippet":"max-snippet:-1","max-image-preview":"max-image-preview:large","max-video-preview":"max-video-preview:-1"},"canonical":"https:\/\/www.sportshine.eu\/hu\/uzlet\/brn-pedalfordulat-erzekelo-kerekparhoz\/","og_locale":"hu_HU","og_type":"article","og_title":"Kolesarski senzor za kadenco BRN","og_description":"\u2705 Vgrajen G-senzor in samodejni zagon\u2705 Vodoodporno in na udarce odporno ohi\u0161je (IPX6)\u2705 Povezljivost Bluetooth 4.0 in ANT+\u2705 Baterija CR2032\u2705 Obratovalna temperatura: -10 do 50 \u00b0C\u2705 Vodilna lu\u010dka: rde\u010d in zelen indikator\u2705 Dodatki: naprava, baterija in monta\u017eni obro\u010dek","og_url":"https:\/\/www.sportshine.eu\/hu\/uzlet\/brn-pedalfordulat-erzekelo-kerekparhoz\/","og_site_name":"Sportshine","article_publisher":"https:\/\/www.facebook.com\/sportshine.eu\/","article_modified_time":"2025-08-02T17:06:36+00:00","og_image":[{"width":800,"height":800,"url":"https:\/\/www.sportshine.eu\/wp-content\/uploads\/2025\/07\/kolesarski-senzor-za-kadenco-BRN.webp","type":"image\/webp"}],"twitter_card":"summary_large_image","twitter_misc":{"Becs\u00fclt olvas\u00e1si id\u0151":"2 perc"},"schema":{"@context":"https:\/\/schema.org","@graph":[{"@type":"WebPage","@id":"https:\/\/www.sportshine.eu\/trgovina\/kolesarski-senzor-za-kadenco-brn\/","url":"https:\/\/www.sportshine.eu\/trgovina\/kolesarski-senzor-za-kadenco-brn\/","name":"BRN ped\u00e1lfordulat-\u00e9rz\u00e9kel\u0151","isPartOf":{"@id":"https:\/\/www.sportshine.eu\/#website"},"primaryImageOfPage":{"@id":"https:\/\/www.sportshine.eu\/trgovina\/kolesarski-senzor-za-kadenco-brn\/#primaryimage"},"image":{"@id":"https:\/\/www.sportshine.eu\/trgovina\/kolesarski-senzor-za-kadenco-brn\/#primaryimage"},"thumbnailUrl":"https:\/\/www.sportshine.eu\/wp-content\/uploads\/2025\/07\/kolesarski-senzor-za-kadenco-BRN.webp","datePublished":"2025-07-07T08:55:41+00:00","dateModified":"2025-08-02T17:06:36+00:00","breadcrumb":{"@id":"https:\/\/www.sportshine.eu\/trgovina\/kolesarski-senzor-za-kadenco-brn\/#breadcrumb"},"inLanguage":"hu","potentialAction":[{"@type":"ReadAction","target":["https:\/\/www.sportshine.eu\/trgovina\/kolesarski-senzor-za-kadenco-brn\/"]}]},{"@type":"ImageObject","inLanguage":"hu","@id":"https:\/\/www.sportshine.eu\/trgovina\/kolesarski-senzor-za-kadenco-brn\/#primaryimage","url":"https:\/\/www.sportshine.eu\/wp-content\/uploads\/2025\/07\/kolesarski-senzor-za-kadenco-BRN.webp","contentUrl":"https:\/\/www.sportshine.eu\/wp-content\/uploads\/2025\/07\/kolesarski-senzor-za-kadenco-BRN.webp","width":800,"height":800},{"@type":"BreadcrumbList","@id":"https:\/\/www.sportshine.eu\/trgovina\/kolesarski-senzor-za-kadenco-brn\/#breadcrumb","itemListElement":[{"@type":"ListItem","position":1,"name":"Home","item":"https:\/\/www.sportshine.eu\/"},{"@type":"ListItem","position":2,"name":"Trgovina","item":"https:\/\/www.sportshine.eu\/trgovina\/"},{"@type":"ListItem","position":3,"name":"Kolesarski senzor za kadenco BRN"}]},{"@type":"WebSite","@id":"https:\/\/www.sportshine.eu\/#website","url":"https:\/\/www.sportshine.eu\/","name":"Sportshine","description":"Ker\u00e9kp\u00e1ros, fejl\u00e1mp\u00e1k \u00e9s felszerel\u00e9sek online \u00e1ruh\u00e1z\u00e1nak vezet\u0151 k\u00edn\u00e1lata","publisher":{"@id":"https:\/\/www.sportshine.eu\/#organization"},"potentialAction":[{"@type":"SearchAction","target":{"@type":"EntryPoint","urlTemplate":"https:\/\/www.sportshine.eu\/?s={search_term_string}"},"query-input":{"@type":"PropertyValueSpecification","valueRequired":true,"valueName":"search_term_string"}}],"inLanguage":"hu"},{"@type":"Organization","@id":"https:\/\/www.sportshine.eu\/#organization","name":"Sportshine","url":"https:\/\/www.sportshine.eu\/","logo":{"@type":"ImageObject","inLanguage":"hu","@id":"https:\/\/www.sportshine.eu\/#\/schema\/logo\/image\/","url":"https:\/\/www.sportshine.eu\/wp-content\/uploads\/2026\/01\/cropped-Sportshine.webp","contentUrl":"https:\/\/www.sportshine.eu\/wp-content\/uploads\/2026\/01\/cropped-Sportshine.webp","width":295,"height":128,"caption":"Sportshine"},"image":{"@id":"https:\/\/www.sportshine.eu\/#\/schema\/logo\/image\/"},"sameAs":["https:\/\/www.facebook.com\/sportshine.eu\/"]}]}},"_links":{"self":[{"href":"https:\/\/www.sportshine.eu\/hu\/wp-json\/wp\/v2\/product\/6613","targetHints":{"allow":["GET"]}}],"collection":[{"href":"https:\/\/www.sportshine.eu\/hu\/wp-json\/wp\/v2\/product"}],"about":[{"href":"https:\/\/www.sportshine.eu\/hu\/wp-json\/wp\/v2\/types\/product"}],"replies":[{"embeddable":true,"href":"https:\/\/www.sportshine.eu\/hu\/wp-json\/wp\/v2\/comments?post=6613"}],"version-history":[{"count":0,"href":"https:\/\/www.sportshine.eu\/hu\/wp-json\/wp\/v2\/product\/6613\/revisions"}],"wp:featuredmedia":[{"embeddable":true,"href":"https:\/\/www.sportshine.eu\/hu\/wp-json\/wp\/v2\/media\/5365"}],"wp:attachment":[{"href":"https:\/\/www.sportshine.eu\/hu\/wp-json\/wp\/v2\/media?parent=6613"}],"wp:term":[{"taxonomy":"product_brand","embeddable":true,"href":"https:\/\/www.sportshine.eu\/hu\/wp-json\/wp\/v2\/product_brand?post=6613"},{"taxonomy":"product_cat","embeddable":true,"href":"https:\/\/www.sportshine.eu\/hu\/wp-json\/wp\/v2\/product_cat?post=6613"},{"taxonomy":"product_tag","embeddable":true,"href":"https:\/\/www.sportshine.eu\/hu\/wp-json\/wp\/v2\/product_tag?post=6613"}],"curies":[{"name":"wp","href":"https:\/\/api.w.org\/{rel}","templated":true}]}}