{"id":6612,"date":"2025-07-07T08:55:40","date_gmt":"2025-07-07T08:55:40","guid":{"rendered":"https:\/\/www.sportshine.eu\/?post_type=product&#038;p=6612"},"modified":"2025-08-02T17:06:46","modified_gmt":"2025-08-02T17:06:46","slug":"kerekpar-sebessegerzekelo-brn","status":"publish","type":"product","link":"https:\/\/www.sportshine.eu\/hu\/uzlet\/kerekpar-sebessegerzekelo-brn\/","title":{"rendered":"BRN ker\u00e9kp\u00e1r sebess\u00e9g\u00e9rz\u00e9kel\u0151"},"content":{"rendered":"<h3>FEJLETT SEBESS\u00c9GM\u00c9R\u00c9S IG\u00c9NYES KER\u00c9KP\u00c1ROSOK SZ\u00c1M\u00c1RA<\/h3>\n<p class=\"\" data-start=\"94\" data-end=\"802\">A BRN sebess\u00e9g\u00e9rz\u00e9kel\u0151 t\u00f6k\u00e9letes t\u00e1rs azoknak a ker\u00e9kp\u00e1rosoknak, akik prec\u00edzen \u00e9s megb\u00edzhat\u00f3an szeretn\u00e9k nyomon k\u00f6vetni teljes\u00edtm\u00e9ny\u00fcket. Be\u00e9p\u00edtett G-\u00e9rz\u00e9kel\u0151vel \u00e9s automatikus ind\u00edt\u00e1ssal felszerelve, az eszk\u00f6z azonnal aktiv\u00e1l\u00f3dik, amint elkezdesz tekerni, \u00e9s val\u00f3s idej\u0171 pontos sebess\u00e9gadatokat ny\u00fajt. A Bluetooth 4.0 \u00e9s az ANT+ csatlakoz\u00e1s lehet\u0151v\u00e9 teszi a kompatibilit\u00e1st sz\u00e1mos eszk\u00f6zzel, a ker\u00e9kp\u00e1ros komputerekt\u0151l a pulzusm\u00e9r\u0151kig, \u00edgy a sebess\u00e9gadatokat k\u00f6nnyed\u00e9n integr\u00e1lhatod m\u00e1s edz\u00e9sadatokkal. Ak\u00e1r orsz\u00e1g\u00fati ker\u00e9kp\u00e1ros, hegyi ker\u00e9kp\u00e1ros vagy, vagy ker\u00e9kp\u00e1ros utaz\u00f3, a BRN sebess\u00e9g\u00e9rz\u00e9kel\u0151 seg\u00edt el\u00e9rni c\u00e9ljaidat.<\/p>\n<h3 class=\"\" data-start=\"804\" data-end=\"850\">TART\u00d3SS\u00c1G \u00c9S MEGB\u00cdZHAT\u00d3S\u00c1G MINDEN K\u00d6R\u00dcLM\u00c9NY K\u00d6Z\u00d6TT<\/h3>\n<p class=\"\" data-start=\"851\" data-end=\"1539\">A BRN sebess\u00e9g\u00e9rz\u00e9kel\u0151t \u00fagy tervezt\u00e9k, hogy lek\u00fczdje az \u00fat minden kih\u00edv\u00e1s\u00e1t, robusztus, \u00fct\u00e9s\u00e1ll\u00f3 \u00e9s v\u00edz\u00e1ll\u00f3 h\u00e1zzal, IPX6 v\u00e9delemmel. Ez a v\u00e9delem ellen\u00e1ll az es\u0151nek, a s\u00e1rnak \u00e9s a pornak, \u00edgy m\u00e9g a legmostoh\u00e1bb k\u00f6r\u00fclm\u00e9nyek k\u00f6z\u00f6tt is hib\u00e1tlan m\u0171k\u00f6d\u00e9st biztos\u00edt. A CR2032 elem hossz\u00fa \u00e9lettartamot biztos\u00edt, \u00edgy a gyakori elemcser\u00e9k n\u00e9lk\u00fcl a ker\u00e9kp\u00e1roz\u00e1sra koncentr\u00e1lhatsz. A piros \u00e9s z\u00f6ld jelz\u0151f\u00e9ny egy pillant\u00e1ssal mutatja az eszk\u00f6z \u00e1llapot\u00e1t. -10 \u00e9s 50 \u00b0C k\u00f6z\u00f6tti \u00fczemi h\u0151m\u00e9rs\u00e9klettel a BRN \u00e9rz\u00e9kel\u0151 minden id\u0151j\u00e1r\u00e1si k\u00f6r\u00fclm\u00e9nyre k\u00e9szen \u00e1ll. A csomag mindent tartalmaz, amire sz\u00fcks\u00e9ged van az azonnali edz\u00e9shez: eszk\u00f6zt, elemet \u00e9s r\u00f6gz\u00edt\u0151gy\u0171r\u0171t.<\/p>","protected":false},"excerpt":{"rendered":"<p>\u2705 Be\u00e9p\u00edtett G-szenzor \u00e9s automatikus ind\u00edt\u00e1s<br data-start=\"1594\" data-end=\"1597\" \/>\u2705 V\u00edz\u00e1ll\u00f3 \u00e9s \u00fct\u00e9s\u00e1ll\u00f3 h\u00e1z (IPX6)<br data-start=\"1645\" data-end=\"1648\" \/>\u2705 Bluetooth 4.0 \u00e9s ANT+ kapcsolat<br data-start=\"1684\" data-end=\"1687\" \/>\u2705 CR2032 elem<br data-start=\"1704\" data-end=\"1707\" \/>\u2705 \u00dczemi h\u0151m\u00e9rs\u00e9klet: -10 \u00e9s 50 \u00b0C k\u00f6z\u00f6tt<br data-start=\"1746\" data-end=\"1749\" \/>\u2705 Ir\u00e1ny\u00edt\u00f3f\u00e9ny: piros \u00e9s z\u00f6ld jelz\u0151f\u00e9ny<br data-start=\"1789\" data-end=\"1792\" \/>\u2705 Tartoz\u00e9kok: eszk\u00f6z, akkumul\u00e1tor \u00e9s r\u00f6gz\u00edt\u0151gy\u0171r\u0171<\/p>","protected":false},"featured_media":5364,"comment_status":"open","ping_status":"closed","template":"","meta":[],"product_brand":[],"product_cat":[94],"product_tag":[],"class_list":{"0":"post-6612","1":"product","2":"type-product","3":"status-publish","4":"has-post-thumbnail","6":"product_cat-kolesarski-stevci","8":"first","9":"instock","10":"taxable","11":"shipping-taxable","12":"purchasable","13":"product-type-simple"},"yoast_head":"<!-- This site is optimized with the Yoast SEO plugin v27.3 - https:\/\/yoast.com\/product\/yoast-seo-wordpress\/ -->\n<title>Kolesarski senzor za hitrost BRN<\/title>\n<meta name=\"robots\" content=\"index, follow, max-snippet:-1, max-image-preview:large, max-video-preview:-1\" \/>\n<link rel=\"canonical\" href=\"https:\/\/www.sportshine.eu\/hu\/uzlet\/kerekpar-sebessegerzekelo-brn\/\" \/>\n<meta property=\"og:locale\" content=\"hu_HU\" \/>\n<meta property=\"og:type\" content=\"article\" \/>\n<meta property=\"og:title\" content=\"Kolesarski senzor za hitrost BRN\" \/>\n<meta property=\"og:description\" content=\"\u2705 Vgrajen G-senzor in samodejni zagon\u2705 Vodoodporno in na udarce odporno ohi\u0161je (IPX6)\u2705 Povezljivost Bluetooth 4.0 in ANT+\u2705 Baterija CR2032\u2705 Obratovalna temperatura: -10 do 50 \u00b0C\u2705 Vodilna lu\u010dka: rde\u010d in zelen indikator\u2705 Dodatki: naprava, baterija in monta\u017eni obro\u010dek\" \/>\n<meta property=\"og:url\" content=\"https:\/\/www.sportshine.eu\/hu\/uzlet\/kerekpar-sebessegerzekelo-brn\/\" \/>\n<meta property=\"og:site_name\" content=\"Sportshine\" \/>\n<meta property=\"article:publisher\" content=\"https:\/\/www.facebook.com\/sportshine.eu\/\" \/>\n<meta property=\"article:modified_time\" content=\"2025-08-02T17:06:46+00:00\" \/>\n<meta property=\"og:image\" content=\"https:\/\/www.sportshine.eu\/wp-content\/uploads\/2025\/07\/Kolesarski-senzor-za-kadenco.webp\" \/>\n\t<meta property=\"og:image:width\" content=\"800\" \/>\n\t<meta property=\"og:image:height\" content=\"800\" \/>\n\t<meta property=\"og:image:type\" content=\"image\/webp\" \/>\n<meta name=\"twitter:card\" content=\"summary_large_image\" \/>\n<meta name=\"twitter:label1\" content=\"Becs\u00fclt olvas\u00e1si id\u0151\" \/>\n\t<meta name=\"twitter:data1\" content=\"2 perc\" \/>\n<script type=\"application\/ld+json\" class=\"yoast-schema-graph\">{\"@context\":\"https:\\\/\\\/schema.org\",\"@graph\":[{\"@type\":\"WebPage\",\"@id\":\"https:\\\/\\\/www.sportshine.eu\\\/trgovina\\\/kolesarski-senzor-za-hitrost-brn\\\/\",\"url\":\"https:\\\/\\\/www.sportshine.eu\\\/trgovina\\\/kolesarski-senzor-za-hitrost-brn\\\/\",\"name\":\"Kolesarski senzor za hitrost BRN\",\"isPartOf\":{\"@id\":\"https:\\\/\\\/www.sportshine.eu\\\/#website\"},\"primaryImageOfPage\":{\"@id\":\"https:\\\/\\\/www.sportshine.eu\\\/trgovina\\\/kolesarski-senzor-za-hitrost-brn\\\/#primaryimage\"},\"image\":{\"@id\":\"https:\\\/\\\/www.sportshine.eu\\\/trgovina\\\/kolesarski-senzor-za-hitrost-brn\\\/#primaryimage\"},\"thumbnailUrl\":\"https:\\\/\\\/www.sportshine.eu\\\/wp-content\\\/uploads\\\/2025\\\/07\\\/Kolesarski-senzor-za-kadenco.webp\",\"datePublished\":\"2025-07-07T08:55:40+00:00\",\"dateModified\":\"2025-08-02T17:06:46+00:00\",\"breadcrumb\":{\"@id\":\"https:\\\/\\\/www.sportshine.eu\\\/trgovina\\\/kolesarski-senzor-za-hitrost-brn\\\/#breadcrumb\"},\"inLanguage\":\"hu\",\"potentialAction\":[{\"@type\":\"ReadAction\",\"target\":[\"https:\\\/\\\/www.sportshine.eu\\\/trgovina\\\/kolesarski-senzor-za-hitrost-brn\\\/\"]}]},{\"@type\":\"ImageObject\",\"inLanguage\":\"hu\",\"@id\":\"https:\\\/\\\/www.sportshine.eu\\\/trgovina\\\/kolesarski-senzor-za-hitrost-brn\\\/#primaryimage\",\"url\":\"https:\\\/\\\/www.sportshine.eu\\\/wp-content\\\/uploads\\\/2025\\\/07\\\/Kolesarski-senzor-za-kadenco.webp\",\"contentUrl\":\"https:\\\/\\\/www.sportshine.eu\\\/wp-content\\\/uploads\\\/2025\\\/07\\\/Kolesarski-senzor-za-kadenco.webp\",\"width\":800,\"height\":800},{\"@type\":\"BreadcrumbList\",\"@id\":\"https:\\\/\\\/www.sportshine.eu\\\/trgovina\\\/kolesarski-senzor-za-hitrost-brn\\\/#breadcrumb\",\"itemListElement\":[{\"@type\":\"ListItem\",\"position\":1,\"name\":\"Home\",\"item\":\"https:\\\/\\\/www.sportshine.eu\\\/\"},{\"@type\":\"ListItem\",\"position\":2,\"name\":\"Trgovina\",\"item\":\"https:\\\/\\\/www.sportshine.eu\\\/trgovina\\\/\"},{\"@type\":\"ListItem\",\"position\":3,\"name\":\"Kolesarski senzor za hitrost BRN\"}]},{\"@type\":\"WebSite\",\"@id\":\"https:\\\/\\\/www.sportshine.eu\\\/#website\",\"url\":\"https:\\\/\\\/www.sportshine.eu\\\/\",\"name\":\"Sportshine\",\"description\":\"Top spletna trgovina kolesarskih in naglavnih svetilk ter opreme\",\"publisher\":{\"@id\":\"https:\\\/\\\/www.sportshine.eu\\\/#organization\"},\"potentialAction\":[{\"@type\":\"SearchAction\",\"target\":{\"@type\":\"EntryPoint\",\"urlTemplate\":\"https:\\\/\\\/www.sportshine.eu\\\/?s={search_term_string}\"},\"query-input\":{\"@type\":\"PropertyValueSpecification\",\"valueRequired\":true,\"valueName\":\"search_term_string\"}}],\"inLanguage\":\"hu\"},{\"@type\":\"Organization\",\"@id\":\"https:\\\/\\\/www.sportshine.eu\\\/#organization\",\"name\":\"Sportshine\",\"url\":\"https:\\\/\\\/www.sportshine.eu\\\/\",\"logo\":{\"@type\":\"ImageObject\",\"inLanguage\":\"hu\",\"@id\":\"https:\\\/\\\/www.sportshine.eu\\\/#\\\/schema\\\/logo\\\/image\\\/\",\"url\":\"https:\\\/\\\/www.sportshine.eu\\\/wp-content\\\/uploads\\\/2026\\\/01\\\/cropped-Sportshine.webp\",\"contentUrl\":\"https:\\\/\\\/www.sportshine.eu\\\/wp-content\\\/uploads\\\/2026\\\/01\\\/cropped-Sportshine.webp\",\"width\":295,\"height\":128,\"caption\":\"Sportshine\"},\"image\":{\"@id\":\"https:\\\/\\\/www.sportshine.eu\\\/#\\\/schema\\\/logo\\\/image\\\/\"},\"sameAs\":[\"https:\\\/\\\/www.facebook.com\\\/sportshine.eu\\\/\"]}]}<\/script>\n<!-- \/ Yoast SEO plugin. -->","yoast_head_json":{"title":"BRN ker\u00e9kp\u00e1r sebess\u00e9g\u00e9rz\u00e9kel\u0151","robots":{"index":"index","follow":"follow","max-snippet":"max-snippet:-1","max-image-preview":"max-image-preview:large","max-video-preview":"max-video-preview:-1"},"canonical":"https:\/\/www.sportshine.eu\/hu\/uzlet\/kerekpar-sebessegerzekelo-brn\/","og_locale":"hu_HU","og_type":"article","og_title":"Kolesarski senzor za hitrost BRN","og_description":"\u2705 Vgrajen G-senzor in samodejni zagon\u2705 Vodoodporno in na udarce odporno ohi\u0161je (IPX6)\u2705 Povezljivost Bluetooth 4.0 in ANT+\u2705 Baterija CR2032\u2705 Obratovalna temperatura: -10 do 50 \u00b0C\u2705 Vodilna lu\u010dka: rde\u010d in zelen indikator\u2705 Dodatki: naprava, baterija in monta\u017eni obro\u010dek","og_url":"https:\/\/www.sportshine.eu\/hu\/uzlet\/kerekpar-sebessegerzekelo-brn\/","og_site_name":"Sportshine","article_publisher":"https:\/\/www.facebook.com\/sportshine.eu\/","article_modified_time":"2025-08-02T17:06:46+00:00","og_image":[{"width":800,"height":800,"url":"https:\/\/www.sportshine.eu\/wp-content\/uploads\/2025\/07\/Kolesarski-senzor-za-kadenco.webp","type":"image\/webp"}],"twitter_card":"summary_large_image","twitter_misc":{"Becs\u00fclt olvas\u00e1si id\u0151":"2 perc"},"schema":{"@context":"https:\/\/schema.org","@graph":[{"@type":"WebPage","@id":"https:\/\/www.sportshine.eu\/trgovina\/kolesarski-senzor-za-hitrost-brn\/","url":"https:\/\/www.sportshine.eu\/trgovina\/kolesarski-senzor-za-hitrost-brn\/","name":"BRN ker\u00e9kp\u00e1r sebess\u00e9g\u00e9rz\u00e9kel\u0151","isPartOf":{"@id":"https:\/\/www.sportshine.eu\/#website"},"primaryImageOfPage":{"@id":"https:\/\/www.sportshine.eu\/trgovina\/kolesarski-senzor-za-hitrost-brn\/#primaryimage"},"image":{"@id":"https:\/\/www.sportshine.eu\/trgovina\/kolesarski-senzor-za-hitrost-brn\/#primaryimage"},"thumbnailUrl":"https:\/\/www.sportshine.eu\/wp-content\/uploads\/2025\/07\/Kolesarski-senzor-za-kadenco.webp","datePublished":"2025-07-07T08:55:40+00:00","dateModified":"2025-08-02T17:06:46+00:00","breadcrumb":{"@id":"https:\/\/www.sportshine.eu\/trgovina\/kolesarski-senzor-za-hitrost-brn\/#breadcrumb"},"inLanguage":"hu","potentialAction":[{"@type":"ReadAction","target":["https:\/\/www.sportshine.eu\/trgovina\/kolesarski-senzor-za-hitrost-brn\/"]}]},{"@type":"ImageObject","inLanguage":"hu","@id":"https:\/\/www.sportshine.eu\/trgovina\/kolesarski-senzor-za-hitrost-brn\/#primaryimage","url":"https:\/\/www.sportshine.eu\/wp-content\/uploads\/2025\/07\/Kolesarski-senzor-za-kadenco.webp","contentUrl":"https:\/\/www.sportshine.eu\/wp-content\/uploads\/2025\/07\/Kolesarski-senzor-za-kadenco.webp","width":800,"height":800},{"@type":"BreadcrumbList","@id":"https:\/\/www.sportshine.eu\/trgovina\/kolesarski-senzor-za-hitrost-brn\/#breadcrumb","itemListElement":[{"@type":"ListItem","position":1,"name":"Home","item":"https:\/\/www.sportshine.eu\/"},{"@type":"ListItem","position":2,"name":"Trgovina","item":"https:\/\/www.sportshine.eu\/trgovina\/"},{"@type":"ListItem","position":3,"name":"Kolesarski senzor za hitrost BRN"}]},{"@type":"WebSite","@id":"https:\/\/www.sportshine.eu\/#website","url":"https:\/\/www.sportshine.eu\/","name":"Sportshine","description":"Ker\u00e9kp\u00e1ros, fejl\u00e1mp\u00e1k \u00e9s felszerel\u00e9sek online \u00e1ruh\u00e1z\u00e1nak vezet\u0151 k\u00edn\u00e1lata","publisher":{"@id":"https:\/\/www.sportshine.eu\/#organization"},"potentialAction":[{"@type":"SearchAction","target":{"@type":"EntryPoint","urlTemplate":"https:\/\/www.sportshine.eu\/?s={search_term_string}"},"query-input":{"@type":"PropertyValueSpecification","valueRequired":true,"valueName":"search_term_string"}}],"inLanguage":"hu"},{"@type":"Organization","@id":"https:\/\/www.sportshine.eu\/#organization","name":"Sportshine","url":"https:\/\/www.sportshine.eu\/","logo":{"@type":"ImageObject","inLanguage":"hu","@id":"https:\/\/www.sportshine.eu\/#\/schema\/logo\/image\/","url":"https:\/\/www.sportshine.eu\/wp-content\/uploads\/2026\/01\/cropped-Sportshine.webp","contentUrl":"https:\/\/www.sportshine.eu\/wp-content\/uploads\/2026\/01\/cropped-Sportshine.webp","width":295,"height":128,"caption":"Sportshine"},"image":{"@id":"https:\/\/www.sportshine.eu\/#\/schema\/logo\/image\/"},"sameAs":["https:\/\/www.facebook.com\/sportshine.eu\/"]}]}},"_links":{"self":[{"href":"https:\/\/www.sportshine.eu\/hu\/wp-json\/wp\/v2\/product\/6612","targetHints":{"allow":["GET"]}}],"collection":[{"href":"https:\/\/www.sportshine.eu\/hu\/wp-json\/wp\/v2\/product"}],"about":[{"href":"https:\/\/www.sportshine.eu\/hu\/wp-json\/wp\/v2\/types\/product"}],"replies":[{"embeddable":true,"href":"https:\/\/www.sportshine.eu\/hu\/wp-json\/wp\/v2\/comments?post=6612"}],"version-history":[{"count":0,"href":"https:\/\/www.sportshine.eu\/hu\/wp-json\/wp\/v2\/product\/6612\/revisions"}],"wp:featuredmedia":[{"embeddable":true,"href":"https:\/\/www.sportshine.eu\/hu\/wp-json\/wp\/v2\/media\/5364"}],"wp:attachment":[{"href":"https:\/\/www.sportshine.eu\/hu\/wp-json\/wp\/v2\/media?parent=6612"}],"wp:term":[{"taxonomy":"product_brand","embeddable":true,"href":"https:\/\/www.sportshine.eu\/hu\/wp-json\/wp\/v2\/product_brand?post=6612"},{"taxonomy":"product_cat","embeddable":true,"href":"https:\/\/www.sportshine.eu\/hu\/wp-json\/wp\/v2\/product_cat?post=6612"},{"taxonomy":"product_tag","embeddable":true,"href":"https:\/\/www.sportshine.eu\/hu\/wp-json\/wp\/v2\/product_tag?post=6612"}],"curies":[{"name":"wp","href":"https:\/\/api.w.org\/{rel}","templated":true}]}}