{"id":6611,"date":"2025-07-07T08:55:38","date_gmt":"2025-07-07T08:55:38","guid":{"rendered":"https:\/\/www.sportshine.eu\/?post_type=product&#038;p=6611"},"modified":"2026-01-22T13:18:00","modified_gmt":"2026-01-22T13:18:00","slug":"szeles-fekete-piros-kerekparos-szemuveg","status":"publish","type":"product","link":"https:\/\/www.sportshine.eu\/hu\/uzlet\/szeles-fekete-piros-kerekparos-szemuveg\/","title":{"rendered":"Ker\u00e9kp\u00e1ros szem\u00fcveg BRN WIDE fekete\/piros"},"content":{"rendered":"<p class=\"\" data-start=\"62\" data-end=\"364\">A BRN Max Wide v\u00e9d\u0151szem\u00fcveg a fejlett optikai v\u00e9delmet kiv\u00e9teles tart\u00f3ss\u00e1ggal \u00f6tv\u00f6zi. F\u00fcst 3 polikarbon\u00e1t lencs\u00e9kkel van felszerelve, amelyek \u00fct\u00e9s\u00e1ll\u00f3ak \u00e9s teljes UV-v\u00e9delmet biztos\u00edtanak, megfelelve a legszigor\u00fabb biztons\u00e1gi szabv\u00e1nyoknak (ANSI Z80.3 \/ EN 1836 \/ EN ISO 12312-1 \/ AS\/NZS1067.1).<\/p>\n<p class=\"\" data-start=\"366\" data-end=\"621\">A TR90 Grilamid keret rendk\u00edv\u00fcl k\u00f6nny\u0171, m\u00e9gis robusztus, \u00edgy hossz\u00fa t\u00e1v\u00fa k\u00e9nyelmet biztos\u00edt. A cs\u00fasz\u00e1smentes, hipoallerg\u00e9n gum\u00edrozott sz\u00e1rak \u00e9s a p\u00e1rn\u00e1zott orrnyereg biztos\u00edtj\u00e1k, hogy a szem\u00fcveg intenz\u00edv haszn\u00e1lat sor\u00e1n is a hely\u00e9n maradjon.<\/p>\n<p class=\"\" data-start=\"623\" data-end=\"865\">Mind\u00f6ssze 34 gramm s\u00falyuknak k\u00f6sz\u00f6nhet\u0151en szinte l\u00e1thatatlanok az arcon, mik\u00f6zben kiv\u00e1l\u00f3 v\u00e9delmet \u00e9s stabilit\u00e1st ny\u00fajtanak. A lencs\u00e9k biztons\u00e1gos t\u00e1rol\u00e1sa \u00e9s karcmentes tart\u00e1sa \u00e9rdek\u00e9ben kem\u00e9ny v\u00e9d\u0151tok \u00e9s puha mikrosz\u00e1las tasak is tartozik hozz\u00e1juk.<\/p>\n<p class=\"\" data-start=\"867\" data-end=\"991\">A t\u00f6k\u00e9letes v\u00e1laszt\u00e1s mindenkinek, akinek megb\u00edzhat\u00f3 szem\u00fcvegre van sz\u00fcks\u00e9ge minden k\u00f6r\u00fclm\u00e9nyhez \u2013 a v\u00e1rosi utc\u00e1kt\u00f3l az adrenalinnal teli szabadt\u00e9ri kalandokig!<\/p>","protected":false},"excerpt":{"rendered":"<p>BRN Max Wide o\u010dala zdru\u017eujejo napredno opti\u010dno za\u0161\u010dito in izjemno trpe\u017enost. Opremljena so z dimnimi 3 polikarbonatnimi le\u010dami, ki so odporne na udarce in zagotavljajo popolno UV za\u0161\u010dito, skladno z najstro\u017ejimi varnostnimi standardi (ANSI Z80.3 \/ EN 1836 \/ EN ISO 12312-1 \/ AS\/NZS1067.1). Njihov TR90 Grilamid okvir je izjemno lahek, a hkrati robusten, kar [&hellip;]<\/p>\n","protected":false},"featured_media":5362,"comment_status":"open","ping_status":"closed","template":"","meta":[],"product_brand":[133],"product_cat":[104,103],"product_tag":[],"class_list":{"0":"post-6611","1":"product","2":"type-product","3":"status-publish","4":"has-post-thumbnail","6":"product_brand-brn","7":"product_cat-klasicna-kolesarska-ocala","8":"product_cat-kolesarska-ocala","10":"first","11":"instock","12":"taxable","13":"shipping-taxable","14":"purchasable","15":"product-type-simple"},"yoast_head":"<!-- This site is optimized with the Yoast SEO plugin v27.3 - https:\/\/yoast.com\/product\/yoast-seo-wordpress\/ -->\n<title>Kolesarska o\u010dala BRN WIDE black\/red<\/title>\n<meta name=\"description\" content=\"Kolesarska o\u010dala BRN RX BRN RX Wide o\u010dala predstavljajo vrhunsko tehnologijo v svojem razredu. Izdelana so iz 3\u00a0polikarbonatnih le\u010d, ki so odporne na udarce\" \/>\n<meta name=\"robots\" content=\"index, follow, max-snippet:-1, max-image-preview:large, max-video-preview:-1\" \/>\n<link rel=\"canonical\" href=\"https:\/\/www.sportshine.eu\/hu\/uzlet\/szeles-fekete-piros-kerekparos-szemuveg\/\" \/>\n<meta property=\"og:locale\" content=\"hu_HU\" \/>\n<meta property=\"og:type\" content=\"article\" \/>\n<meta property=\"og:title\" content=\"Kolesarska o\u010dala BRN WIDE black\/red\" \/>\n<meta property=\"og:description\" content=\"Kolesarska o\u010dala BRN RX BRN RX Wide o\u010dala predstavljajo vrhunsko tehnologijo v svojem razredu. Izdelana so iz 3\u00a0polikarbonatnih le\u010d, ki so odporne na udarce\" \/>\n<meta property=\"og:url\" content=\"https:\/\/www.sportshine.eu\/hu\/uzlet\/szeles-fekete-piros-kerekparos-szemuveg\/\" \/>\n<meta property=\"og:site_name\" content=\"Sportshine\" \/>\n<meta property=\"article:publisher\" content=\"https:\/\/www.facebook.com\/sportshine.eu\/\" \/>\n<meta property=\"article:modified_time\" content=\"2026-01-22T13:18:00+00:00\" \/>\n<meta property=\"og:image\" content=\"https:\/\/www.sportshine.eu\/wp-content\/uploads\/2025\/07\/Kolesarska-ocala-BRN-WIDE-blackred-2.webp\" \/>\n\t<meta property=\"og:image:width\" content=\"800\" \/>\n\t<meta property=\"og:image:height\" content=\"800\" \/>\n\t<meta property=\"og:image:type\" content=\"image\/webp\" \/>\n<meta name=\"twitter:card\" content=\"summary_large_image\" \/>\n<meta name=\"twitter:label1\" content=\"Becs\u00fclt olvas\u00e1si id\u0151\" \/>\n\t<meta name=\"twitter:data1\" content=\"1 perc\" \/>\n<script type=\"application\/ld+json\" class=\"yoast-schema-graph\">{\"@context\":\"https:\\\/\\\/schema.org\",\"@graph\":[{\"@type\":\"WebPage\",\"@id\":\"https:\\\/\\\/www.sportshine.eu\\\/trgovina\\\/kolesarska-ocala-brn-wide-black-red\\\/\",\"url\":\"https:\\\/\\\/www.sportshine.eu\\\/trgovina\\\/kolesarska-ocala-brn-wide-black-red\\\/\",\"name\":\"Kolesarska o\u010dala BRN WIDE black\\\/red\",\"isPartOf\":{\"@id\":\"https:\\\/\\\/www.sportshine.eu\\\/#website\"},\"primaryImageOfPage\":{\"@id\":\"https:\\\/\\\/www.sportshine.eu\\\/trgovina\\\/kolesarska-ocala-brn-wide-black-red\\\/#primaryimage\"},\"image\":{\"@id\":\"https:\\\/\\\/www.sportshine.eu\\\/trgovina\\\/kolesarska-ocala-brn-wide-black-red\\\/#primaryimage\"},\"thumbnailUrl\":\"https:\\\/\\\/www.sportshine.eu\\\/wp-content\\\/uploads\\\/2025\\\/07\\\/Kolesarska-ocala-BRN-WIDE-blackred-2.webp\",\"datePublished\":\"2025-07-07T08:55:38+00:00\",\"dateModified\":\"2026-01-22T13:18:00+00:00\",\"description\":\"Kolesarska o\u010dala BRN RX BRN RX Wide o\u010dala predstavljajo vrhunsko tehnologijo v svojem razredu. Izdelana so iz 3\u00a0polikarbonatnih le\u010d, ki so odporne na udarce\",\"breadcrumb\":{\"@id\":\"https:\\\/\\\/www.sportshine.eu\\\/trgovina\\\/kolesarska-ocala-brn-wide-black-red\\\/#breadcrumb\"},\"inLanguage\":\"hu\",\"potentialAction\":[{\"@type\":\"ReadAction\",\"target\":[\"https:\\\/\\\/www.sportshine.eu\\\/trgovina\\\/kolesarska-ocala-brn-wide-black-red\\\/\"]}]},{\"@type\":\"ImageObject\",\"inLanguage\":\"hu\",\"@id\":\"https:\\\/\\\/www.sportshine.eu\\\/trgovina\\\/kolesarska-ocala-brn-wide-black-red\\\/#primaryimage\",\"url\":\"https:\\\/\\\/www.sportshine.eu\\\/wp-content\\\/uploads\\\/2025\\\/07\\\/Kolesarska-ocala-BRN-WIDE-blackred-2.webp\",\"contentUrl\":\"https:\\\/\\\/www.sportshine.eu\\\/wp-content\\\/uploads\\\/2025\\\/07\\\/Kolesarska-ocala-BRN-WIDE-blackred-2.webp\",\"width\":800,\"height\":800},{\"@type\":\"BreadcrumbList\",\"@id\":\"https:\\\/\\\/www.sportshine.eu\\\/trgovina\\\/kolesarska-ocala-brn-wide-black-red\\\/#breadcrumb\",\"itemListElement\":[{\"@type\":\"ListItem\",\"position\":1,\"name\":\"Home\",\"item\":\"https:\\\/\\\/www.sportshine.eu\\\/\"},{\"@type\":\"ListItem\",\"position\":2,\"name\":\"Trgovina\",\"item\":\"https:\\\/\\\/www.sportshine.eu\\\/trgovina\\\/\"},{\"@type\":\"ListItem\",\"position\":3,\"name\":\"Kolesarska o\u010dala BRN WIDE black\\\/red\"}]},{\"@type\":\"WebSite\",\"@id\":\"https:\\\/\\\/www.sportshine.eu\\\/#website\",\"url\":\"https:\\\/\\\/www.sportshine.eu\\\/\",\"name\":\"Sportshine\",\"description\":\"Top spletna trgovina kolesarskih in naglavnih svetilk ter opreme\",\"publisher\":{\"@id\":\"https:\\\/\\\/www.sportshine.eu\\\/#organization\"},\"potentialAction\":[{\"@type\":\"SearchAction\",\"target\":{\"@type\":\"EntryPoint\",\"urlTemplate\":\"https:\\\/\\\/www.sportshine.eu\\\/?s={search_term_string}\"},\"query-input\":{\"@type\":\"PropertyValueSpecification\",\"valueRequired\":true,\"valueName\":\"search_term_string\"}}],\"inLanguage\":\"hu\"},{\"@type\":\"Organization\",\"@id\":\"https:\\\/\\\/www.sportshine.eu\\\/#organization\",\"name\":\"Sportshine\",\"url\":\"https:\\\/\\\/www.sportshine.eu\\\/\",\"logo\":{\"@type\":\"ImageObject\",\"inLanguage\":\"hu\",\"@id\":\"https:\\\/\\\/www.sportshine.eu\\\/#\\\/schema\\\/logo\\\/image\\\/\",\"url\":\"https:\\\/\\\/www.sportshine.eu\\\/wp-content\\\/uploads\\\/2026\\\/01\\\/cropped-Sportshine.webp\",\"contentUrl\":\"https:\\\/\\\/www.sportshine.eu\\\/wp-content\\\/uploads\\\/2026\\\/01\\\/cropped-Sportshine.webp\",\"width\":295,\"height\":128,\"caption\":\"Sportshine\"},\"image\":{\"@id\":\"https:\\\/\\\/www.sportshine.eu\\\/#\\\/schema\\\/logo\\\/image\\\/\"},\"sameAs\":[\"https:\\\/\\\/www.facebook.com\\\/sportshine.eu\\\/\"]}]}<\/script>\n<!-- \/ Yoast SEO plugin. -->","yoast_head_json":{"title":"Ker\u00e9kp\u00e1ros szem\u00fcveg BRN WIDE fekete\/piros","description":"A BRN RX Wide ker\u00e9kp\u00e1ros szem\u00fcveg a kateg\u00f3ri\u00e1j\u00e1ban a legjobb technol\u00f3gi\u00e1t k\u00e9pviseli. 3 \u00fct\u00e9s\u00e1ll\u00f3 polikarbon\u00e1t lencs\u00e9b\u0151l k\u00e9sz\u00fclt.","robots":{"index":"index","follow":"follow","max-snippet":"max-snippet:-1","max-image-preview":"max-image-preview:large","max-video-preview":"max-video-preview:-1"},"canonical":"https:\/\/www.sportshine.eu\/hu\/uzlet\/szeles-fekete-piros-kerekparos-szemuveg\/","og_locale":"hu_HU","og_type":"article","og_title":"Kolesarska o\u010dala BRN WIDE black\/red","og_description":"Kolesarska o\u010dala BRN RX BRN RX Wide o\u010dala predstavljajo vrhunsko tehnologijo v svojem razredu. Izdelana so iz 3\u00a0polikarbonatnih le\u010d, ki so odporne na udarce","og_url":"https:\/\/www.sportshine.eu\/hu\/uzlet\/szeles-fekete-piros-kerekparos-szemuveg\/","og_site_name":"Sportshine","article_publisher":"https:\/\/www.facebook.com\/sportshine.eu\/","article_modified_time":"2026-01-22T13:18:00+00:00","og_image":[{"width":800,"height":800,"url":"https:\/\/www.sportshine.eu\/wp-content\/uploads\/2025\/07\/Kolesarska-ocala-BRN-WIDE-blackred-2.webp","type":"image\/webp"}],"twitter_card":"summary_large_image","twitter_misc":{"Becs\u00fclt olvas\u00e1si id\u0151":"1 perc"},"schema":{"@context":"https:\/\/schema.org","@graph":[{"@type":"WebPage","@id":"https:\/\/www.sportshine.eu\/trgovina\/kolesarska-ocala-brn-wide-black-red\/","url":"https:\/\/www.sportshine.eu\/trgovina\/kolesarska-ocala-brn-wide-black-red\/","name":"Ker\u00e9kp\u00e1ros szem\u00fcveg BRN WIDE fekete\/piros","isPartOf":{"@id":"https:\/\/www.sportshine.eu\/#website"},"primaryImageOfPage":{"@id":"https:\/\/www.sportshine.eu\/trgovina\/kolesarska-ocala-brn-wide-black-red\/#primaryimage"},"image":{"@id":"https:\/\/www.sportshine.eu\/trgovina\/kolesarska-ocala-brn-wide-black-red\/#primaryimage"},"thumbnailUrl":"https:\/\/www.sportshine.eu\/wp-content\/uploads\/2025\/07\/Kolesarska-ocala-BRN-WIDE-blackred-2.webp","datePublished":"2025-07-07T08:55:38+00:00","dateModified":"2026-01-22T13:18:00+00:00","description":"A BRN RX Wide ker\u00e9kp\u00e1ros szem\u00fcveg a kateg\u00f3ri\u00e1j\u00e1ban a legjobb technol\u00f3gi\u00e1t k\u00e9pviseli. 3 \u00fct\u00e9s\u00e1ll\u00f3 polikarbon\u00e1t lencs\u00e9b\u0151l k\u00e9sz\u00fclt.","breadcrumb":{"@id":"https:\/\/www.sportshine.eu\/trgovina\/kolesarska-ocala-brn-wide-black-red\/#breadcrumb"},"inLanguage":"hu","potentialAction":[{"@type":"ReadAction","target":["https:\/\/www.sportshine.eu\/trgovina\/kolesarska-ocala-brn-wide-black-red\/"]}]},{"@type":"ImageObject","inLanguage":"hu","@id":"https:\/\/www.sportshine.eu\/trgovina\/kolesarska-ocala-brn-wide-black-red\/#primaryimage","url":"https:\/\/www.sportshine.eu\/wp-content\/uploads\/2025\/07\/Kolesarska-ocala-BRN-WIDE-blackred-2.webp","contentUrl":"https:\/\/www.sportshine.eu\/wp-content\/uploads\/2025\/07\/Kolesarska-ocala-BRN-WIDE-blackred-2.webp","width":800,"height":800},{"@type":"BreadcrumbList","@id":"https:\/\/www.sportshine.eu\/trgovina\/kolesarska-ocala-brn-wide-black-red\/#breadcrumb","itemListElement":[{"@type":"ListItem","position":1,"name":"Home","item":"https:\/\/www.sportshine.eu\/"},{"@type":"ListItem","position":2,"name":"Trgovina","item":"https:\/\/www.sportshine.eu\/trgovina\/"},{"@type":"ListItem","position":3,"name":"Kolesarska o\u010dala BRN WIDE black\/red"}]},{"@type":"WebSite","@id":"https:\/\/www.sportshine.eu\/#website","url":"https:\/\/www.sportshine.eu\/","name":"Sportshine","description":"Ker\u00e9kp\u00e1ros, fejl\u00e1mp\u00e1k \u00e9s felszerel\u00e9sek online \u00e1ruh\u00e1z\u00e1nak vezet\u0151 k\u00edn\u00e1lata","publisher":{"@id":"https:\/\/www.sportshine.eu\/#organization"},"potentialAction":[{"@type":"SearchAction","target":{"@type":"EntryPoint","urlTemplate":"https:\/\/www.sportshine.eu\/?s={search_term_string}"},"query-input":{"@type":"PropertyValueSpecification","valueRequired":true,"valueName":"search_term_string"}}],"inLanguage":"hu"},{"@type":"Organization","@id":"https:\/\/www.sportshine.eu\/#organization","name":"Sportshine","url":"https:\/\/www.sportshine.eu\/","logo":{"@type":"ImageObject","inLanguage":"hu","@id":"https:\/\/www.sportshine.eu\/#\/schema\/logo\/image\/","url":"https:\/\/www.sportshine.eu\/wp-content\/uploads\/2026\/01\/cropped-Sportshine.webp","contentUrl":"https:\/\/www.sportshine.eu\/wp-content\/uploads\/2026\/01\/cropped-Sportshine.webp","width":295,"height":128,"caption":"Sportshine"},"image":{"@id":"https:\/\/www.sportshine.eu\/#\/schema\/logo\/image\/"},"sameAs":["https:\/\/www.facebook.com\/sportshine.eu\/"]}]}},"_links":{"self":[{"href":"https:\/\/www.sportshine.eu\/hu\/wp-json\/wp\/v2\/product\/6611","targetHints":{"allow":["GET"]}}],"collection":[{"href":"https:\/\/www.sportshine.eu\/hu\/wp-json\/wp\/v2\/product"}],"about":[{"href":"https:\/\/www.sportshine.eu\/hu\/wp-json\/wp\/v2\/types\/product"}],"replies":[{"embeddable":true,"href":"https:\/\/www.sportshine.eu\/hu\/wp-json\/wp\/v2\/comments?post=6611"}],"version-history":[{"count":0,"href":"https:\/\/www.sportshine.eu\/hu\/wp-json\/wp\/v2\/product\/6611\/revisions"}],"wp:featuredmedia":[{"embeddable":true,"href":"https:\/\/www.sportshine.eu\/hu\/wp-json\/wp\/v2\/media\/5362"}],"wp:attachment":[{"href":"https:\/\/www.sportshine.eu\/hu\/wp-json\/wp\/v2\/media?parent=6611"}],"wp:term":[{"taxonomy":"product_brand","embeddable":true,"href":"https:\/\/www.sportshine.eu\/hu\/wp-json\/wp\/v2\/product_brand?post=6611"},{"taxonomy":"product_cat","embeddable":true,"href":"https:\/\/www.sportshine.eu\/hu\/wp-json\/wp\/v2\/product_cat?post=6611"},{"taxonomy":"product_tag","embeddable":true,"href":"https:\/\/www.sportshine.eu\/hu\/wp-json\/wp\/v2\/product_tag?post=6611"}],"curies":[{"name":"wp","href":"https:\/\/api.w.org\/{rel}","templated":true}]}}