{"id":6606,"date":"2025-07-07T08:55:33","date_gmt":"2025-07-07T08:55:33","guid":{"rendered":"https:\/\/www.sportshine.eu\/?post_type=product&#038;p=6606"},"modified":"2026-01-22T13:18:34","modified_gmt":"2026-01-22T13:18:34","slug":"kerekparos-szemuveg-brn-rxph-fekete-fluo-sarga","status":"publish","type":"product","link":"https:\/\/www.sportshine.eu\/hu\/uzlet\/kerekparos-szemuveg-brn-rxph-fekete-fluo-sarga\/","title":{"rendered":"Ker\u00e9kp\u00e1ros szem\u00fcveg BRN RXPH fekete\/fluoreszk\u00e1l\u00f3 s\u00e1rga"},"content":{"rendered":"<p class=\"\" data-start=\"59\" data-end=\"433\"><strong data-start=\"59\" data-end=\"78\">BRN RX PH szem\u00fcveg<\/strong> k\u00e9sz\u00fclt kerettel vannak kialak\u00edtva <strong data-start=\"106\" data-end=\"124\">TR90 Grilamid<\/strong>, ami tart\u00f3ss\u00e1got \u00e9s k\u00e9nyelmet biztos\u00edt. A szem\u00fcvegnek van <strong data-start=\"174\" data-end=\"203\">\u00e1ll\u00edthat\u00f3 orrnyereg<\/strong>, <strong data-start=\"205\" data-end=\"233\" data-is-only-node=\"\">cs\u00fasz\u00e1smentes gum\u00edrozott foganty\u00fak<\/strong> \u00e9s alkalmasak ilyenekre <strong data-start=\"257\" data-end=\"269\">bels\u0151<\/strong> mint <strong data-start=\"274\" data-end=\"285\">k\u00fcls\u0151<\/strong> Ezek a tulajdons\u00e1gok biztos\u00edtj\u00e1k, hogy a szem\u00fcveg stabil, k\u00e9nyelmes \u00e9s mindig a hely\u00e9n legyen, ak\u00e1r kint, ak\u00e1r belt\u00e9ren tart\u00f3zkodik.<\/p>\n<p class=\"\" data-start=\"435\" data-end=\"814\"><strong data-start=\"435\" data-end=\"460\">Fotokromatikus BRN lencse<\/strong> -vel <strong data-start=\"463\" data-end=\"491\">Intelligens l\u00e1t\u00e1stechnol\u00f3gia<\/strong> felhaszn\u00e1l\u00e1sok <strong data-start=\"502\" data-end=\"536\">termikus polimeriz\u00e1ci\u00f3s folyamat<\/strong>, amely lehet\u0151v\u00e9 teszi, hogy a lencs\u00e9k s\u00f6t\u00e9tedjenek, amikor napf\u00e9ny UVA-sugarai \u00e9rik \u0151ket. <strong data-start=\"626\" data-end=\"650\" data-is-only-node=\"\">Fotokr\u00f3m tartom\u00e1ny<\/strong> ezek a lencs\u00e9k <strong data-start=\"662\" data-end=\"669\">78%<\/strong>, ami azt jelenti, hogy a lencs\u00e9k \u00e1thaladnak <strong data-start=\"703\" data-end=\"715\">\u00e1tl\u00e1tsz\u00f3<\/strong> ban <strong data-start=\"718\" data-end=\"727\">s\u00f6t\u00e9t<\/strong> az egyed\u00fcll\u00e9t \u00e1llapota <strong data-start=\"742\" data-end=\"757\">30 m\u00e1sodperc<\/strong>, ami biztos\u00edtja a gyors alkalmazkod\u00e1st a f\u00e9nyviszonyokhoz.<\/p>\n<p class=\"\" data-start=\"816\" data-end=\"1106\">A fejlett technol\u00f3gia ellen\u00e9re a szem\u00fcveg s\u00falya mind\u00f6ssze <strong data-start=\"860\" data-end=\"868\">36 gramm<\/strong>, ami azt jelenti, hogy gond n\u00e9lk\u00fcl \u00e9s kellemetlens\u00e9g n\u00e9lk\u00fcl viselheted \u0151ket. Ez a t\u00f6k\u00e9letes v\u00e1laszt\u00e1s azok sz\u00e1m\u00e1ra, akik olyan szem\u00fcveget szeretn\u00e9nek, amely napv\u00e9delmet, gyors alkalmazkod\u00e1st biztos\u00edt a f\u00e9nyviszonyokhoz \u00e9s kiv\u00e9teles k\u00e9nyelmet biztos\u00edt, mindezt k\u00f6nny\u0171 \u00e9s st\u00edlusos kivitelben.<\/p>","protected":false},"excerpt":{"rendered":"<p>BRN RX PH o\u010dala so zasnovana z okvirjem iz TR90 Grilamida, kar zagotavlja trpe\u017enost in udobje. O\u010dala imajo nastavljiv nosni mosti\u010dek, nedrse\u010de gumirane ro\u010daje in so primerna za tako notranjo kot zunanjo uporabo. Te lastnosti poskrbijo, da so o\u010dala stabilna, udobna in vedno na svojem mestu, ne glede na to, ali ste na prostem ali [&hellip;]<\/p>\n","protected":false},"featured_media":5350,"comment_status":"open","ping_status":"closed","template":"","meta":[],"product_brand":[133],"product_cat":[106,103],"product_tag":[],"class_list":{"0":"post-6606","1":"product","2":"type-product","3":"status-publish","4":"has-post-thumbnail","6":"product_brand-brn","7":"product_cat-fotokromatska-ocala","8":"product_cat-kolesarska-ocala","10":"first","11":"instock","12":"taxable","13":"shipping-taxable","14":"purchasable","15":"product-type-simple"},"yoast_head":"<!-- This site is optimized with the Yoast SEO plugin v27.3 - https:\/\/yoast.com\/product\/yoast-seo-wordpress\/ -->\n<title>Kolesarska o\u010dala BRN RXPH black\/fluo yellow<\/title>\n<meta name=\"description\" content=\"BRN RX PH o\u010dala so zasnovana z okvirjem iz TR90 Grilamida, kar zagotavlja trpe\u017enost in udobje. Kljub napredni tehnologiji o\u010dala tehtajo le 36 g, kar pomeni, da jih boste nosili brez te\u017eav in nelagodja.\" \/>\n<meta name=\"robots\" content=\"index, follow, max-snippet:-1, max-image-preview:large, max-video-preview:-1\" \/>\n<link rel=\"canonical\" href=\"https:\/\/www.sportshine.eu\/hu\/uzlet\/kerekparos-szemuveg-brn-rxph-fekete-fluo-sarga\/\" \/>\n<meta property=\"og:locale\" content=\"hu_HU\" \/>\n<meta property=\"og:type\" content=\"article\" \/>\n<meta property=\"og:title\" content=\"Kolesarska o\u010dala BRN RXPH black\/fluo yellow\" \/>\n<meta property=\"og:description\" content=\"BRN RX PH o\u010dala so zasnovana z okvirjem iz TR90 Grilamida, kar zagotavlja trpe\u017enost in udobje. Kljub napredni tehnologiji o\u010dala tehtajo le 36 g, kar pomeni, da jih boste nosili brez te\u017eav in nelagodja.\" \/>\n<meta property=\"og:url\" content=\"https:\/\/www.sportshine.eu\/hu\/uzlet\/kerekparos-szemuveg-brn-rxph-fekete-fluo-sarga\/\" \/>\n<meta property=\"og:site_name\" content=\"Sportshine\" \/>\n<meta property=\"article:publisher\" content=\"https:\/\/www.facebook.com\/sportshine.eu\/\" \/>\n<meta property=\"article:modified_time\" content=\"2026-01-22T13:18:34+00:00\" \/>\n<meta property=\"og:image\" content=\"https:\/\/www.sportshine.eu\/wp-content\/uploads\/2025\/07\/ocala-BRN-fluo-yellow.webp\" \/>\n\t<meta property=\"og:image:width\" content=\"800\" \/>\n\t<meta property=\"og:image:height\" content=\"800\" \/>\n\t<meta property=\"og:image:type\" content=\"image\/webp\" \/>\n<meta name=\"twitter:card\" content=\"summary_large_image\" \/>\n<meta name=\"twitter:label1\" content=\"Becs\u00fclt olvas\u00e1si id\u0151\" \/>\n\t<meta name=\"twitter:data1\" content=\"2 perc\" \/>\n<script type=\"application\/ld+json\" class=\"yoast-schema-graph\">{\"@context\":\"https:\\\/\\\/schema.org\",\"@graph\":[{\"@type\":\"WebPage\",\"@id\":\"https:\\\/\\\/www.sportshine.eu\\\/trgovina\\\/kolesarska-ocala-brn-rxph-black-fluo-yellow\\\/\",\"url\":\"https:\\\/\\\/www.sportshine.eu\\\/trgovina\\\/kolesarska-ocala-brn-rxph-black-fluo-yellow\\\/\",\"name\":\"Kolesarska o\u010dala BRN RXPH black\\\/fluo yellow\",\"isPartOf\":{\"@id\":\"https:\\\/\\\/www.sportshine.eu\\\/#website\"},\"primaryImageOfPage\":{\"@id\":\"https:\\\/\\\/www.sportshine.eu\\\/trgovina\\\/kolesarska-ocala-brn-rxph-black-fluo-yellow\\\/#primaryimage\"},\"image\":{\"@id\":\"https:\\\/\\\/www.sportshine.eu\\\/trgovina\\\/kolesarska-ocala-brn-rxph-black-fluo-yellow\\\/#primaryimage\"},\"thumbnailUrl\":\"https:\\\/\\\/www.sportshine.eu\\\/wp-content\\\/uploads\\\/2025\\\/07\\\/ocala-BRN-fluo-yellow.webp\",\"datePublished\":\"2025-07-07T08:55:33+00:00\",\"dateModified\":\"2026-01-22T13:18:34+00:00\",\"description\":\"BRN RX PH o\u010dala so zasnovana z okvirjem iz TR90 Grilamida, kar zagotavlja trpe\u017enost in udobje. Kljub napredni tehnologiji o\u010dala tehtajo le 36 g, kar pomeni, da jih boste nosili brez te\u017eav in nelagodja.\",\"breadcrumb\":{\"@id\":\"https:\\\/\\\/www.sportshine.eu\\\/trgovina\\\/kolesarska-ocala-brn-rxph-black-fluo-yellow\\\/#breadcrumb\"},\"inLanguage\":\"hu\",\"potentialAction\":[{\"@type\":\"ReadAction\",\"target\":[\"https:\\\/\\\/www.sportshine.eu\\\/trgovina\\\/kolesarska-ocala-brn-rxph-black-fluo-yellow\\\/\"]}]},{\"@type\":\"ImageObject\",\"inLanguage\":\"hu\",\"@id\":\"https:\\\/\\\/www.sportshine.eu\\\/trgovina\\\/kolesarska-ocala-brn-rxph-black-fluo-yellow\\\/#primaryimage\",\"url\":\"https:\\\/\\\/www.sportshine.eu\\\/wp-content\\\/uploads\\\/2025\\\/07\\\/ocala-BRN-fluo-yellow.webp\",\"contentUrl\":\"https:\\\/\\\/www.sportshine.eu\\\/wp-content\\\/uploads\\\/2025\\\/07\\\/ocala-BRN-fluo-yellow.webp\",\"width\":800,\"height\":800},{\"@type\":\"BreadcrumbList\",\"@id\":\"https:\\\/\\\/www.sportshine.eu\\\/trgovina\\\/kolesarska-ocala-brn-rxph-black-fluo-yellow\\\/#breadcrumb\",\"itemListElement\":[{\"@type\":\"ListItem\",\"position\":1,\"name\":\"Home\",\"item\":\"https:\\\/\\\/www.sportshine.eu\\\/\"},{\"@type\":\"ListItem\",\"position\":2,\"name\":\"Trgovina\",\"item\":\"https:\\\/\\\/www.sportshine.eu\\\/trgovina\\\/\"},{\"@type\":\"ListItem\",\"position\":3,\"name\":\"Kolesarska o\u010dala BRN RXPH black\\\/fluo yellow\"}]},{\"@type\":\"WebSite\",\"@id\":\"https:\\\/\\\/www.sportshine.eu\\\/#website\",\"url\":\"https:\\\/\\\/www.sportshine.eu\\\/\",\"name\":\"Sportshine\",\"description\":\"Top spletna trgovina kolesarskih in naglavnih svetilk ter opreme\",\"publisher\":{\"@id\":\"https:\\\/\\\/www.sportshine.eu\\\/#organization\"},\"potentialAction\":[{\"@type\":\"SearchAction\",\"target\":{\"@type\":\"EntryPoint\",\"urlTemplate\":\"https:\\\/\\\/www.sportshine.eu\\\/?s={search_term_string}\"},\"query-input\":{\"@type\":\"PropertyValueSpecification\",\"valueRequired\":true,\"valueName\":\"search_term_string\"}}],\"inLanguage\":\"hu\"},{\"@type\":\"Organization\",\"@id\":\"https:\\\/\\\/www.sportshine.eu\\\/#organization\",\"name\":\"Sportshine\",\"url\":\"https:\\\/\\\/www.sportshine.eu\\\/\",\"logo\":{\"@type\":\"ImageObject\",\"inLanguage\":\"hu\",\"@id\":\"https:\\\/\\\/www.sportshine.eu\\\/#\\\/schema\\\/logo\\\/image\\\/\",\"url\":\"https:\\\/\\\/www.sportshine.eu\\\/wp-content\\\/uploads\\\/2026\\\/01\\\/cropped-Sportshine.webp\",\"contentUrl\":\"https:\\\/\\\/www.sportshine.eu\\\/wp-content\\\/uploads\\\/2026\\\/01\\\/cropped-Sportshine.webp\",\"width\":295,\"height\":128,\"caption\":\"Sportshine\"},\"image\":{\"@id\":\"https:\\\/\\\/www.sportshine.eu\\\/#\\\/schema\\\/logo\\\/image\\\/\"},\"sameAs\":[\"https:\\\/\\\/www.facebook.com\\\/sportshine.eu\\\/\"]}]}<\/script>\n<!-- \/ Yoast SEO plugin. -->","yoast_head_json":{"title":"Ker\u00e9kp\u00e1ros szem\u00fcveg BRN RXPH fekete\/fluoreszk\u00e1l\u00f3 s\u00e1rga","description":"A BRN RX PH szem\u00fcveg TR90 Grilamid kerettel k\u00e9sz\u00fclt, amely tart\u00f3ss\u00e1got \u00e9s k\u00e9nyelmet biztos\u00edt. A fejlett technol\u00f3gia ellen\u00e9re a szem\u00fcveg mind\u00f6ssze 36 g-ot nyom, ami azt jelenti, hogy gond n\u00e9lk\u00fcl \u00e9s kellemetlens\u00e9gek n\u00e9lk\u00fcl viselhet\u0151.","robots":{"index":"index","follow":"follow","max-snippet":"max-snippet:-1","max-image-preview":"max-image-preview:large","max-video-preview":"max-video-preview:-1"},"canonical":"https:\/\/www.sportshine.eu\/hu\/uzlet\/kerekparos-szemuveg-brn-rxph-fekete-fluo-sarga\/","og_locale":"hu_HU","og_type":"article","og_title":"Kolesarska o\u010dala BRN RXPH black\/fluo yellow","og_description":"BRN RX PH o\u010dala so zasnovana z okvirjem iz TR90 Grilamida, kar zagotavlja trpe\u017enost in udobje. Kljub napredni tehnologiji o\u010dala tehtajo le 36 g, kar pomeni, da jih boste nosili brez te\u017eav in nelagodja.","og_url":"https:\/\/www.sportshine.eu\/hu\/uzlet\/kerekparos-szemuveg-brn-rxph-fekete-fluo-sarga\/","og_site_name":"Sportshine","article_publisher":"https:\/\/www.facebook.com\/sportshine.eu\/","article_modified_time":"2026-01-22T13:18:34+00:00","og_image":[{"width":800,"height":800,"url":"https:\/\/www.sportshine.eu\/wp-content\/uploads\/2025\/07\/ocala-BRN-fluo-yellow.webp","type":"image\/webp"}],"twitter_card":"summary_large_image","twitter_misc":{"Becs\u00fclt olvas\u00e1si id\u0151":"2 perc"},"schema":{"@context":"https:\/\/schema.org","@graph":[{"@type":"WebPage","@id":"https:\/\/www.sportshine.eu\/trgovina\/kolesarska-ocala-brn-rxph-black-fluo-yellow\/","url":"https:\/\/www.sportshine.eu\/trgovina\/kolesarska-ocala-brn-rxph-black-fluo-yellow\/","name":"Ker\u00e9kp\u00e1ros szem\u00fcveg BRN RXPH fekete\/fluoreszk\u00e1l\u00f3 s\u00e1rga","isPartOf":{"@id":"https:\/\/www.sportshine.eu\/#website"},"primaryImageOfPage":{"@id":"https:\/\/www.sportshine.eu\/trgovina\/kolesarska-ocala-brn-rxph-black-fluo-yellow\/#primaryimage"},"image":{"@id":"https:\/\/www.sportshine.eu\/trgovina\/kolesarska-ocala-brn-rxph-black-fluo-yellow\/#primaryimage"},"thumbnailUrl":"https:\/\/www.sportshine.eu\/wp-content\/uploads\/2025\/07\/ocala-BRN-fluo-yellow.webp","datePublished":"2025-07-07T08:55:33+00:00","dateModified":"2026-01-22T13:18:34+00:00","description":"A BRN RX PH szem\u00fcveg TR90 Grilamid kerettel k\u00e9sz\u00fclt, amely tart\u00f3ss\u00e1got \u00e9s k\u00e9nyelmet biztos\u00edt. A fejlett technol\u00f3gia ellen\u00e9re a szem\u00fcveg mind\u00f6ssze 36 g-ot nyom, ami azt jelenti, hogy gond n\u00e9lk\u00fcl \u00e9s kellemetlens\u00e9gek n\u00e9lk\u00fcl viselhet\u0151.","breadcrumb":{"@id":"https:\/\/www.sportshine.eu\/trgovina\/kolesarska-ocala-brn-rxph-black-fluo-yellow\/#breadcrumb"},"inLanguage":"hu","potentialAction":[{"@type":"ReadAction","target":["https:\/\/www.sportshine.eu\/trgovina\/kolesarska-ocala-brn-rxph-black-fluo-yellow\/"]}]},{"@type":"ImageObject","inLanguage":"hu","@id":"https:\/\/www.sportshine.eu\/trgovina\/kolesarska-ocala-brn-rxph-black-fluo-yellow\/#primaryimage","url":"https:\/\/www.sportshine.eu\/wp-content\/uploads\/2025\/07\/ocala-BRN-fluo-yellow.webp","contentUrl":"https:\/\/www.sportshine.eu\/wp-content\/uploads\/2025\/07\/ocala-BRN-fluo-yellow.webp","width":800,"height":800},{"@type":"BreadcrumbList","@id":"https:\/\/www.sportshine.eu\/trgovina\/kolesarska-ocala-brn-rxph-black-fluo-yellow\/#breadcrumb","itemListElement":[{"@type":"ListItem","position":1,"name":"Home","item":"https:\/\/www.sportshine.eu\/"},{"@type":"ListItem","position":2,"name":"Trgovina","item":"https:\/\/www.sportshine.eu\/trgovina\/"},{"@type":"ListItem","position":3,"name":"Kolesarska o\u010dala BRN RXPH black\/fluo yellow"}]},{"@type":"WebSite","@id":"https:\/\/www.sportshine.eu\/#website","url":"https:\/\/www.sportshine.eu\/","name":"Sportshine","description":"Ker\u00e9kp\u00e1ros, fejl\u00e1mp\u00e1k \u00e9s felszerel\u00e9sek online \u00e1ruh\u00e1z\u00e1nak vezet\u0151 k\u00edn\u00e1lata","publisher":{"@id":"https:\/\/www.sportshine.eu\/#organization"},"potentialAction":[{"@type":"SearchAction","target":{"@type":"EntryPoint","urlTemplate":"https:\/\/www.sportshine.eu\/?s={search_term_string}"},"query-input":{"@type":"PropertyValueSpecification","valueRequired":true,"valueName":"search_term_string"}}],"inLanguage":"hu"},{"@type":"Organization","@id":"https:\/\/www.sportshine.eu\/#organization","name":"Sportshine","url":"https:\/\/www.sportshine.eu\/","logo":{"@type":"ImageObject","inLanguage":"hu","@id":"https:\/\/www.sportshine.eu\/#\/schema\/logo\/image\/","url":"https:\/\/www.sportshine.eu\/wp-content\/uploads\/2026\/01\/cropped-Sportshine.webp","contentUrl":"https:\/\/www.sportshine.eu\/wp-content\/uploads\/2026\/01\/cropped-Sportshine.webp","width":295,"height":128,"caption":"Sportshine"},"image":{"@id":"https:\/\/www.sportshine.eu\/#\/schema\/logo\/image\/"},"sameAs":["https:\/\/www.facebook.com\/sportshine.eu\/"]}]}},"_links":{"self":[{"href":"https:\/\/www.sportshine.eu\/hu\/wp-json\/wp\/v2\/product\/6606","targetHints":{"allow":["GET"]}}],"collection":[{"href":"https:\/\/www.sportshine.eu\/hu\/wp-json\/wp\/v2\/product"}],"about":[{"href":"https:\/\/www.sportshine.eu\/hu\/wp-json\/wp\/v2\/types\/product"}],"replies":[{"embeddable":true,"href":"https:\/\/www.sportshine.eu\/hu\/wp-json\/wp\/v2\/comments?post=6606"}],"version-history":[{"count":0,"href":"https:\/\/www.sportshine.eu\/hu\/wp-json\/wp\/v2\/product\/6606\/revisions"}],"wp:featuredmedia":[{"embeddable":true,"href":"https:\/\/www.sportshine.eu\/hu\/wp-json\/wp\/v2\/media\/5350"}],"wp:attachment":[{"href":"https:\/\/www.sportshine.eu\/hu\/wp-json\/wp\/v2\/media?parent=6606"}],"wp:term":[{"taxonomy":"product_brand","embeddable":true,"href":"https:\/\/www.sportshine.eu\/hu\/wp-json\/wp\/v2\/product_brand?post=6606"},{"taxonomy":"product_cat","embeddable":true,"href":"https:\/\/www.sportshine.eu\/hu\/wp-json\/wp\/v2\/product_cat?post=6606"},{"taxonomy":"product_tag","embeddable":true,"href":"https:\/\/www.sportshine.eu\/hu\/wp-json\/wp\/v2\/product_tag?post=6606"}],"curies":[{"name":"wp","href":"https:\/\/api.w.org\/{rel}","templated":true}]}}