{"id":6603,"date":"2025-07-07T08:55:30","date_gmt":"2025-07-07T08:55:30","guid":{"rendered":"https:\/\/www.sportshine.eu\/?post_type=product&#038;p=6603"},"modified":"2026-01-22T13:18:53","modified_gmt":"2026-01-22T13:18:53","slug":"brn-tr200-polarizalt-napszemuveg","status":"publish","type":"product","link":"https:\/\/www.sportshine.eu\/hu\/uzlet\/brn-tr200-polarizalt-napszemuveg\/","title":{"rendered":"BRN TR200 polariz\u00e1lt szem\u00fcveg"},"content":{"rendered":"<p class=\"\" data-start=\"82\" data-end=\"517\">A BRN TR200 polariz\u00e1lt szem\u00fcveget azok sz\u00e1m\u00e1ra tervezt\u00e9k, akik a v\u00e9delem, a k\u00e9nyelem \u00e9s a praktikum ide\u00e1lis kombin\u00e1ci\u00f3j\u00e1t keresik. <strong data-start=\"199\" data-end=\"216\">UV400 v\u00e9delem<\/strong> teljes k\u00f6r\u0171 v\u00e9delmet ny\u00fajt a k\u00e1ros UV-sugarak ellen, mik\u00f6zben <strong data-start=\"283\" data-end=\"305\">156 mm sz\u00e9les keret<\/strong> Er\u0151ss\u00e9get \u00e9s \u00fct\u00e9s\u00e1ll\u00f3s\u00e1got biztos\u00edt. A cs\u00fasz\u00e1smentes, hipoallerg\u00e9n gum\u00edrozott foganty\u00fak lehet\u0151v\u00e9 teszik, hogy a szem\u00fcveg szil\u00e1rdan illeszkedjen az arcodra, m\u00edg az \u00e1ll\u00edthat\u00f3 orrnyereg t\u00f6k\u00e9letes illeszked\u00e9st biztos\u00edt.<\/p>\n<p class=\"\" data-start=\"519\" data-end=\"924\"><strong data-start=\"519\" data-end=\"540\">Polariz\u00e1lt lencs\u00e9k<\/strong> karc\u00e1ll\u00f3ak, \u00edgy hossz\u00fa \u00e9lettartamot biztos\u00edtanak a szem\u00fcvegnek, \u00e9s tiszta, k\u00e9nyelmes l\u00e1t\u00e1st biztos\u00edtanak t\u00fckr\u00f6z\u0151d\u00e9sek \u00e9s vak\u00edt\u00e1s n\u00e9lk\u00fcl. A szem\u00fcveg eleg\u00e1ns kivitelben kaphat\u00f3 <strong data-start=\"702\" data-end=\"720\">fekete keret<\/strong>, \u00e9s a csomagban kapsz <strong data-start=\"741\" data-end=\"753\">k\u00e9t lencse<\/strong> (sz\u00fcrke \u00e9s t\u00fckr\u00f6s narancss\u00e1rga), <strong data-start=\"781\" data-end=\"806\" data-is-only-node=\"\">kem\u00e9ny v\u00e9d\u0151tok<\/strong>, <strong data-start=\"808\" data-end=\"824\">puha t\u00e1ska<\/strong> t\u00e1rol\u00e1shoz \u00e9s <strong data-start=\"844\" data-end=\"878\">dioptri\u00e1s lencsetoldal\u00e9k<\/strong>, amely lehet\u0151v\u00e9 teszi a szem\u00fcveg ig\u00e9nyeinek megfelel\u0151 be\u00e1ll\u00edt\u00e1s\u00e1t.<\/p>\n<p data-start=\"519\" data-end=\"924\">A szem\u00fcveghez egy m\u00e1sodik lencse is r\u00f6gz\u00edthet\u0151, \u00edgy a v\u00e1s\u00e1rl\u00e1s mell\u00e9 egy tov\u00e1bbi sz\u00fcrke polariz\u00e1lt lencs\u00e9t is kapsz.<\/p>\n<p data-start=\"519\" data-end=\"924\"><img decoding=\"async\" class=\"alignnone size-full wp-image-19018\" src=\"https:\/\/www.sportshine.eu\/originalstran\/wp-content\/uploads\/2025\/03\/Dodatna-leca.webp\" alt=\"\" width=\"311\" height=\"79\" \/><\/p>","protected":false},"excerpt":{"rendered":"<p>V\u00e1lasszon <strong data-start=\"935\" data-end=\"967\">BRN TR200 polariz\u00e1lt szem\u00fcveg<\/strong> \u00e9s \u00e9lvezze a kiv\u00e1l\u00f3 v\u00e9delmet, a teljes k\u00e9nyelmet \u00e9s a kiv\u00e9teles diz\u00e1jnt, amely alkalmazkodik az \u00e9letst\u00edlus\u00e1hoz!<\/p>","protected":false},"featured_media":5338,"comment_status":"open","ping_status":"closed","template":"","meta":[],"product_brand":[133],"product_cat":[103,123],"product_tag":[],"class_list":{"0":"post-6603","1":"product","2":"type-product","3":"status-publish","4":"has-post-thumbnail","6":"product_brand-brn","7":"product_cat-kolesarska-ocala","8":"product_cat-polarizirana-ocala","10":"first","11":"instock","12":"taxable","13":"shipping-taxable","14":"purchasable","15":"product-type-simple"},"yoast_head":"<!-- This site is optimized with the Yoast SEO plugin v27.3 - https:\/\/yoast.com\/product\/yoast-seo-wordpress\/ -->\n<title>O\u010dala BRN TR200 polarizirana<\/title>\n<meta name=\"description\" content=\"BRN TR200 polarizirana o\u010dala so zasnovana za tiste, ki i\u0161\u010dejo idealno kombinacijo za\u0161\u010dite, udobja in prakti\u010dnosti.\" \/>\n<meta name=\"robots\" content=\"index, follow, max-snippet:-1, max-image-preview:large, max-video-preview:-1\" \/>\n<link rel=\"canonical\" href=\"https:\/\/www.sportshine.eu\/hu\/uzlet\/brn-tr200-polarizalt-napszemuveg\/\" \/>\n<meta property=\"og:locale\" content=\"hu_HU\" \/>\n<meta property=\"og:type\" content=\"article\" \/>\n<meta property=\"og:title\" content=\"O\u010dala BRN TR200 polarizirana\" \/>\n<meta property=\"og:description\" content=\"BRN TR200 polarizirana o\u010dala so zasnovana za tiste, ki i\u0161\u010dejo idealno kombinacijo za\u0161\u010dite, udobja in prakti\u010dnosti.\" \/>\n<meta property=\"og:url\" content=\"https:\/\/www.sportshine.eu\/hu\/uzlet\/brn-tr200-polarizalt-napszemuveg\/\" \/>\n<meta property=\"og:site_name\" content=\"Sportshine\" \/>\n<meta property=\"article:publisher\" content=\"https:\/\/www.facebook.com\/sportshine.eu\/\" \/>\n<meta property=\"article:modified_time\" content=\"2026-01-22T13:18:53+00:00\" \/>\n<meta property=\"og:image\" content=\"https:\/\/www.sportshine.eu\/wp-content\/uploads\/2025\/07\/Kolesarska-ocala.webp\" \/>\n\t<meta property=\"og:image:width\" content=\"800\" \/>\n\t<meta property=\"og:image:height\" content=\"800\" \/>\n\t<meta property=\"og:image:type\" content=\"image\/webp\" \/>\n<meta name=\"twitter:card\" content=\"summary_large_image\" \/>\n<meta name=\"twitter:label1\" content=\"Becs\u00fclt olvas\u00e1si id\u0151\" \/>\n\t<meta name=\"twitter:data1\" content=\"2 perc\" \/>\n<script type=\"application\/ld+json\" class=\"yoast-schema-graph\">{\"@context\":\"https:\\\/\\\/schema.org\",\"@graph\":[{\"@type\":\"WebPage\",\"@id\":\"https:\\\/\\\/www.sportshine.eu\\\/trgovina\\\/ocala-brn-tr200-polarizirana\\\/\",\"url\":\"https:\\\/\\\/www.sportshine.eu\\\/trgovina\\\/ocala-brn-tr200-polarizirana\\\/\",\"name\":\"O\u010dala BRN TR200 polarizirana\",\"isPartOf\":{\"@id\":\"https:\\\/\\\/www.sportshine.eu\\\/#website\"},\"primaryImageOfPage\":{\"@id\":\"https:\\\/\\\/www.sportshine.eu\\\/trgovina\\\/ocala-brn-tr200-polarizirana\\\/#primaryimage\"},\"image\":{\"@id\":\"https:\\\/\\\/www.sportshine.eu\\\/trgovina\\\/ocala-brn-tr200-polarizirana\\\/#primaryimage\"},\"thumbnailUrl\":\"https:\\\/\\\/www.sportshine.eu\\\/wp-content\\\/uploads\\\/2025\\\/07\\\/Kolesarska-ocala.webp\",\"datePublished\":\"2025-07-07T08:55:30+00:00\",\"dateModified\":\"2026-01-22T13:18:53+00:00\",\"description\":\"BRN TR200 polarizirana o\u010dala so zasnovana za tiste, ki i\u0161\u010dejo idealno kombinacijo za\u0161\u010dite, udobja in prakti\u010dnosti.\",\"breadcrumb\":{\"@id\":\"https:\\\/\\\/www.sportshine.eu\\\/trgovina\\\/ocala-brn-tr200-polarizirana\\\/#breadcrumb\"},\"inLanguage\":\"hu\",\"potentialAction\":[{\"@type\":\"ReadAction\",\"target\":[\"https:\\\/\\\/www.sportshine.eu\\\/trgovina\\\/ocala-brn-tr200-polarizirana\\\/\"]}]},{\"@type\":\"ImageObject\",\"inLanguage\":\"hu\",\"@id\":\"https:\\\/\\\/www.sportshine.eu\\\/trgovina\\\/ocala-brn-tr200-polarizirana\\\/#primaryimage\",\"url\":\"https:\\\/\\\/www.sportshine.eu\\\/wp-content\\\/uploads\\\/2025\\\/07\\\/Kolesarska-ocala.webp\",\"contentUrl\":\"https:\\\/\\\/www.sportshine.eu\\\/wp-content\\\/uploads\\\/2025\\\/07\\\/Kolesarska-ocala.webp\",\"width\":800,\"height\":800},{\"@type\":\"BreadcrumbList\",\"@id\":\"https:\\\/\\\/www.sportshine.eu\\\/trgovina\\\/ocala-brn-tr200-polarizirana\\\/#breadcrumb\",\"itemListElement\":[{\"@type\":\"ListItem\",\"position\":1,\"name\":\"Home\",\"item\":\"https:\\\/\\\/www.sportshine.eu\\\/\"},{\"@type\":\"ListItem\",\"position\":2,\"name\":\"Trgovina\",\"item\":\"https:\\\/\\\/www.sportshine.eu\\\/trgovina\\\/\"},{\"@type\":\"ListItem\",\"position\":3,\"name\":\"O\u010dala BRN TR200 polarizirana\"}]},{\"@type\":\"WebSite\",\"@id\":\"https:\\\/\\\/www.sportshine.eu\\\/#website\",\"url\":\"https:\\\/\\\/www.sportshine.eu\\\/\",\"name\":\"Sportshine\",\"description\":\"Top spletna trgovina kolesarskih in naglavnih svetilk ter opreme\",\"publisher\":{\"@id\":\"https:\\\/\\\/www.sportshine.eu\\\/#organization\"},\"potentialAction\":[{\"@type\":\"SearchAction\",\"target\":{\"@type\":\"EntryPoint\",\"urlTemplate\":\"https:\\\/\\\/www.sportshine.eu\\\/?s={search_term_string}\"},\"query-input\":{\"@type\":\"PropertyValueSpecification\",\"valueRequired\":true,\"valueName\":\"search_term_string\"}}],\"inLanguage\":\"hu\"},{\"@type\":\"Organization\",\"@id\":\"https:\\\/\\\/www.sportshine.eu\\\/#organization\",\"name\":\"Sportshine\",\"url\":\"https:\\\/\\\/www.sportshine.eu\\\/\",\"logo\":{\"@type\":\"ImageObject\",\"inLanguage\":\"hu\",\"@id\":\"https:\\\/\\\/www.sportshine.eu\\\/#\\\/schema\\\/logo\\\/image\\\/\",\"url\":\"https:\\\/\\\/www.sportshine.eu\\\/wp-content\\\/uploads\\\/2026\\\/01\\\/cropped-Sportshine.webp\",\"contentUrl\":\"https:\\\/\\\/www.sportshine.eu\\\/wp-content\\\/uploads\\\/2026\\\/01\\\/cropped-Sportshine.webp\",\"width\":295,\"height\":128,\"caption\":\"Sportshine\"},\"image\":{\"@id\":\"https:\\\/\\\/www.sportshine.eu\\\/#\\\/schema\\\/logo\\\/image\\\/\"},\"sameAs\":[\"https:\\\/\\\/www.facebook.com\\\/sportshine.eu\\\/\"]}]}<\/script>\n<!-- \/ Yoast SEO plugin. -->","yoast_head_json":{"title":"BRN TR200 polariz\u00e1lt szem\u00fcveg","description":"A BRN TR200 polariz\u00e1lt szem\u00fcveget azok sz\u00e1m\u00e1ra tervezt\u00e9k, akik a v\u00e9delem, a k\u00e9nyelem \u00e9s a praktikum ide\u00e1lis kombin\u00e1ci\u00f3j\u00e1t keresik.","robots":{"index":"index","follow":"follow","max-snippet":"max-snippet:-1","max-image-preview":"max-image-preview:large","max-video-preview":"max-video-preview:-1"},"canonical":"https:\/\/www.sportshine.eu\/hu\/uzlet\/brn-tr200-polarizalt-napszemuveg\/","og_locale":"hu_HU","og_type":"article","og_title":"O\u010dala BRN TR200 polarizirana","og_description":"BRN TR200 polarizirana o\u010dala so zasnovana za tiste, ki i\u0161\u010dejo idealno kombinacijo za\u0161\u010dite, udobja in prakti\u010dnosti.","og_url":"https:\/\/www.sportshine.eu\/hu\/uzlet\/brn-tr200-polarizalt-napszemuveg\/","og_site_name":"Sportshine","article_publisher":"https:\/\/www.facebook.com\/sportshine.eu\/","article_modified_time":"2026-01-22T13:18:53+00:00","og_image":[{"width":800,"height":800,"url":"https:\/\/www.sportshine.eu\/wp-content\/uploads\/2025\/07\/Kolesarska-ocala.webp","type":"image\/webp"}],"twitter_card":"summary_large_image","twitter_misc":{"Becs\u00fclt olvas\u00e1si id\u0151":"2 perc"},"schema":{"@context":"https:\/\/schema.org","@graph":[{"@type":"WebPage","@id":"https:\/\/www.sportshine.eu\/trgovina\/ocala-brn-tr200-polarizirana\/","url":"https:\/\/www.sportshine.eu\/trgovina\/ocala-brn-tr200-polarizirana\/","name":"BRN TR200 polariz\u00e1lt szem\u00fcveg","isPartOf":{"@id":"https:\/\/www.sportshine.eu\/#website"},"primaryImageOfPage":{"@id":"https:\/\/www.sportshine.eu\/trgovina\/ocala-brn-tr200-polarizirana\/#primaryimage"},"image":{"@id":"https:\/\/www.sportshine.eu\/trgovina\/ocala-brn-tr200-polarizirana\/#primaryimage"},"thumbnailUrl":"https:\/\/www.sportshine.eu\/wp-content\/uploads\/2025\/07\/Kolesarska-ocala.webp","datePublished":"2025-07-07T08:55:30+00:00","dateModified":"2026-01-22T13:18:53+00:00","description":"A BRN TR200 polariz\u00e1lt szem\u00fcveget azok sz\u00e1m\u00e1ra tervezt\u00e9k, akik a v\u00e9delem, a k\u00e9nyelem \u00e9s a praktikum ide\u00e1lis kombin\u00e1ci\u00f3j\u00e1t keresik.","breadcrumb":{"@id":"https:\/\/www.sportshine.eu\/trgovina\/ocala-brn-tr200-polarizirana\/#breadcrumb"},"inLanguage":"hu","potentialAction":[{"@type":"ReadAction","target":["https:\/\/www.sportshine.eu\/trgovina\/ocala-brn-tr200-polarizirana\/"]}]},{"@type":"ImageObject","inLanguage":"hu","@id":"https:\/\/www.sportshine.eu\/trgovina\/ocala-brn-tr200-polarizirana\/#primaryimage","url":"https:\/\/www.sportshine.eu\/wp-content\/uploads\/2025\/07\/Kolesarska-ocala.webp","contentUrl":"https:\/\/www.sportshine.eu\/wp-content\/uploads\/2025\/07\/Kolesarska-ocala.webp","width":800,"height":800},{"@type":"BreadcrumbList","@id":"https:\/\/www.sportshine.eu\/trgovina\/ocala-brn-tr200-polarizirana\/#breadcrumb","itemListElement":[{"@type":"ListItem","position":1,"name":"Home","item":"https:\/\/www.sportshine.eu\/"},{"@type":"ListItem","position":2,"name":"Trgovina","item":"https:\/\/www.sportshine.eu\/trgovina\/"},{"@type":"ListItem","position":3,"name":"O\u010dala BRN TR200 polarizirana"}]},{"@type":"WebSite","@id":"https:\/\/www.sportshine.eu\/#website","url":"https:\/\/www.sportshine.eu\/","name":"Sportshine","description":"Ker\u00e9kp\u00e1ros, fejl\u00e1mp\u00e1k \u00e9s felszerel\u00e9sek online \u00e1ruh\u00e1z\u00e1nak vezet\u0151 k\u00edn\u00e1lata","publisher":{"@id":"https:\/\/www.sportshine.eu\/#organization"},"potentialAction":[{"@type":"SearchAction","target":{"@type":"EntryPoint","urlTemplate":"https:\/\/www.sportshine.eu\/?s={search_term_string}"},"query-input":{"@type":"PropertyValueSpecification","valueRequired":true,"valueName":"search_term_string"}}],"inLanguage":"hu"},{"@type":"Organization","@id":"https:\/\/www.sportshine.eu\/#organization","name":"Sportshine","url":"https:\/\/www.sportshine.eu\/","logo":{"@type":"ImageObject","inLanguage":"hu","@id":"https:\/\/www.sportshine.eu\/#\/schema\/logo\/image\/","url":"https:\/\/www.sportshine.eu\/wp-content\/uploads\/2026\/01\/cropped-Sportshine.webp","contentUrl":"https:\/\/www.sportshine.eu\/wp-content\/uploads\/2026\/01\/cropped-Sportshine.webp","width":295,"height":128,"caption":"Sportshine"},"image":{"@id":"https:\/\/www.sportshine.eu\/#\/schema\/logo\/image\/"},"sameAs":["https:\/\/www.facebook.com\/sportshine.eu\/"]}]}},"_links":{"self":[{"href":"https:\/\/www.sportshine.eu\/hu\/wp-json\/wp\/v2\/product\/6603","targetHints":{"allow":["GET"]}}],"collection":[{"href":"https:\/\/www.sportshine.eu\/hu\/wp-json\/wp\/v2\/product"}],"about":[{"href":"https:\/\/www.sportshine.eu\/hu\/wp-json\/wp\/v2\/types\/product"}],"replies":[{"embeddable":true,"href":"https:\/\/www.sportshine.eu\/hu\/wp-json\/wp\/v2\/comments?post=6603"}],"version-history":[{"count":0,"href":"https:\/\/www.sportshine.eu\/hu\/wp-json\/wp\/v2\/product\/6603\/revisions"}],"wp:featuredmedia":[{"embeddable":true,"href":"https:\/\/www.sportshine.eu\/hu\/wp-json\/wp\/v2\/media\/5338"}],"wp:attachment":[{"href":"https:\/\/www.sportshine.eu\/hu\/wp-json\/wp\/v2\/media?parent=6603"}],"wp:term":[{"taxonomy":"product_brand","embeddable":true,"href":"https:\/\/www.sportshine.eu\/hu\/wp-json\/wp\/v2\/product_brand?post=6603"},{"taxonomy":"product_cat","embeddable":true,"href":"https:\/\/www.sportshine.eu\/hu\/wp-json\/wp\/v2\/product_cat?post=6603"},{"taxonomy":"product_tag","embeddable":true,"href":"https:\/\/www.sportshine.eu\/hu\/wp-json\/wp\/v2\/product_tag?post=6603"}],"curies":[{"name":"wp","href":"https:\/\/api.w.org\/{rel}","templated":true}]}}