{"id":6540,"date":"2025-07-05T21:48:56","date_gmt":"2025-07-05T21:48:56","guid":{"rendered":"https:\/\/www.sportshine.eu\/?post_type=product&#038;p=6540"},"modified":"2025-10-20T18:21:11","modified_gmt":"2025-10-20T18:21:11","slug":"nitecore-ut27-pro-fejlampa","status":"publish","type":"product","link":"https:\/\/www.sportshine.eu\/hu\/uzlet\/nitecore-ut27-pro-fejlampa\/","title":{"rendered":"NITECORE UT27 PRO fejl\u00e1mpa"},"content":{"rendered":"<h3 style=\"text-align: center;\">TrueVision+ TECHNOL\u00d3GIA<\/h3>\n<p style=\"text-align: center;\">A TrueVision technol\u00f3gi\u00e1nak \u00e9s a t\u00f6bbr\u00e9teg\u0171 kett\u0151s lencserendszernek k\u00f6sz\u00f6nhet\u0151en az UT27 f\u00e9nye nagyon nagy t\u00e1vols\u00e1gokra is eloszlik, mik\u00f6zben sz\u00e9les l\u00e1t\u00f3mez\u0151t biztos\u00edt. A f\u00e9ny egyenletes \u00e9s l\u00e1gy, ami enyh\u00edti a szem meger\u0151ltet\u00e9s\u00e9t a hosszan tart\u00f3 haszn\u00e1lat sor\u00e1n.<\/p>\n<p><img decoding=\"async\" class=\"aligncenter wp-image-6566 size-full\" src=\"https:\/\/www.sportshine.eu\/wp-content\/uploads\/2025\/07\/tekaska-svetilka-nitecore-ut27-1.webp\" alt=\"\" width=\"800\" height=\"800\" srcset=\"https:\/\/www.sportshine.eu\/wp-content\/uploads\/2025\/07\/tekaska-svetilka-nitecore-ut27-1.webp 800w, https:\/\/www.sportshine.eu\/wp-content\/uploads\/2025\/07\/tekaska-svetilka-nitecore-ut27-1-768x768.webp 768w, https:\/\/www.sportshine.eu\/wp-content\/uploads\/2025\/07\/tekaska-svetilka-nitecore-ut27-1-600x600.webp 600w\" sizes=\"(max-width: 800px) 100vw, 800px\" \/><\/p>\n<p>&nbsp;<\/p>\n<h3 style=\"text-align: center;\">A NITECORE UT27 FEJL\u00c1MPA VIDE\u00d3BEMUTAT\u00d3JA<\/h3>\n<p><iframe loading=\"lazy\" title=\"T\u00f6k\u00e9letes v\u00e1laszt\u00e1s profi terepfut\u00f3knak \u4e28Ultra k\u00f6nny\u0171, dupla f\u00e9nynyal\u00e1bos Elite fejl\u00e1mpa \u4e28NITECORE UT27 800L\" width=\"500\" height=\"281\" src=\"https:\/\/www.youtube.com\/embed\/WH4GM5m-KPg?feature=oembed\" frameborder=\"0\" allow=\"accelerometer; autoplay; clipboard-write; encrypted-media; gyroscope; picture-in-picture; web-share\" referrerpolicy=\"strict-origin-when-cross-origin\" allowfullscreen><\/iframe><\/p>\n<p>&nbsp;<\/p>\n<h3 style=\"text-align: center;\">Rendk\u00edv\u00fcl k\u00f6nny\u0171 fejl\u00e1mpa<\/h3>\n<p style=\"text-align: center;\">Az \u00faj UT27 modell, amely nagyobb teljes\u00edtm\u00e9ny\u0171, mint el\u0151dje, \u00e9s mag\u00e1ban a l\u00e1mpalencs\u00e9ben is fejleszt\u00e9seket tartalmaz, tov\u00e1bbra is mind\u00f6ssze 74 g-ot nyom (a mell\u00e9kelt tart\u00f3val, fejp\u00e1nttal \u00e9s akkumul\u00e1torral egy\u00fctt).<\/p>\n<p><img decoding=\"async\" class=\"wp-image-7123 size-full aligncenter\" src=\"https:\/\/www.sportshine.eu\/wp-content\/uploads\/2025\/07\/tekaska-naglavna-svetilka-UT27.webp\" alt=\"fut\u00f3-f\u00e9nysz\u00f3r\u00f3-UT27\" width=\"800\" height=\"800\" srcset=\"https:\/\/www.sportshine.eu\/wp-content\/uploads\/2025\/07\/tekaska-naglavna-svetilka-UT27.webp 800w, https:\/\/www.sportshine.eu\/wp-content\/uploads\/2025\/07\/tekaska-naglavna-svetilka-UT27-768x768.webp 768w, https:\/\/www.sportshine.eu\/wp-content\/uploads\/2025\/07\/tekaska-naglavna-svetilka-UT27-600x600.webp 600w\" sizes=\"(max-width: 800px) 100vw, 800px\" \/><\/p>\n<h3 style=\"text-align: center;\">NAGYSZER\u0170 KEMPINGEZ\u00c9SHEZ<\/h3>\n<p style=\"text-align: center;\">Engedd szabadj\u00e1ra a kreativit\u00e1sod, \u00e9s alak\u00edtsd \u00e1t a fejl\u00e1mp\u00e1dat kempingl\u00e1mp\u00e1v\u00e1 vagy hangulatvil\u00e1g\u00edt\u00e1ss\u00e1 a mell\u00e9kelt hordt\u00e1sk\u00e1val.<\/p>\n<p><img decoding=\"async\" class=\"aligncenter wp-image-7124 size-full\" src=\"https:\/\/www.sportshine.eu\/wp-content\/uploads\/2025\/07\/Nitecore-ut27-kampiranje.webp\" alt=\"Nitecore-ut27-kempingez\u00e9s\" width=\"588\" height=\"720\" \/><\/p>\n<h3 style=\"text-align: center;\">FEH\u00c9R F\u00c9NY + MELEG F\u00c9NY<\/h3>\n<p style=\"text-align: center;\">Mindk\u00e9t LED-izz\u00f3 kombin\u00e1lt f\u00e9ny- \u00e9s t\u00e1vols\u00e1gi f\u00e9nyhat\u00e1st biztos\u00edt.<\/p>\n<p>&nbsp;<\/p>\n<p><img decoding=\"async\" class=\"aligncenter wp-image-16648\" src=\"https:\/\/www.sportshine.eu\/originalstran\/wp-content\/uploads\/2022\/04\/Nitecore-ut27.webp\" alt=\"\" width=\"800\" height=\"450\" \/><\/p>\n<h3 style=\"text-align: center;\">KETT\u0150S \u00c1RAMFORR\u00c1S<\/h3>\n<p style=\"text-align: center;\">A zsebl\u00e1mpa mellett k\u00e9t \u00fajrat\u00f6lthet\u0151 akkumul\u00e1tort (1300 mAh kapacit\u00e1s) is kapsz, amelyek t\u00f6bb mint 500 t\u00f6lt\u00e9si ciklust tesznek lehet\u0151v\u00e9. Ha m\u00e9g hosszabb ideig szeretn\u00e9d haszn\u00e1lni a zsebl\u00e1mp\u00e1t, 3 db AAA elemet is helyezhetsz a zsebl\u00e1mp\u00e1ba.<\/p>\n<p><img decoding=\"async\" class=\"aligncenter wp-image-7126 size-full\" src=\"https:\/\/www.sportshine.eu\/wp-content\/uploads\/2025\/07\/tekaska-celna-svetilka-Nitecore-UT27-2.webp\" alt=\"Nitecore UT27 fut\u00f3f\u00e9ny\" width=\"800\" height=\"800\" srcset=\"https:\/\/www.sportshine.eu\/wp-content\/uploads\/2025\/07\/tekaska-celna-svetilka-Nitecore-UT27-2.webp 800w, https:\/\/www.sportshine.eu\/wp-content\/uploads\/2025\/07\/tekaska-celna-svetilka-Nitecore-UT27-2-768x768.webp 768w, https:\/\/www.sportshine.eu\/wp-content\/uploads\/2025\/07\/tekaska-celna-svetilka-Nitecore-UT27-2-600x600.webp 600w\" sizes=\"(max-width: 800px) 100vw, 800px\" \/><\/p>\n<p>&nbsp;<\/p>\n<h3 style=\"text-align: center;\">NITECORE UT27<\/h3>\n<p style=\"text-align: center;\">A fejl\u00e1mpa 90 fokos f\u00e9nysug\u00e1rral, teljesen nyithat\u00f3 elemtart\u00f3val \u00e9s z\u00e1rhat\u00f3 funkci\u00f3val rendelkezik.<\/p>\n<p><img decoding=\"async\" class=\"aligncenter wp-image-7127\" src=\"https:\/\/www.sportshine.eu\/wp-content\/uploads\/2025\/07\/Celna-svetilka-4.webp\" alt=\"F\u00e9nysz\u00f3r\u00f3\" width=\"800\" height=\"450\" srcset=\"https:\/\/www.sportshine.eu\/wp-content\/uploads\/2025\/07\/Celna-svetilka-4-768x432.webp 768w, https:\/\/www.sportshine.eu\/wp-content\/uploads\/2025\/07\/Celna-svetilka-4-600x338.webp 600w\" sizes=\"(max-width: 800px) 100vw, 800px\" \/><\/p>\n<p>&nbsp;<\/p>\n<h3 style=\"text-align: center;\">BE\u00c9P\u00cdTETT PIROS F\u00c9NY<\/h3>\n<p style=\"text-align: center;\">Ide\u00e1lis v\u00e9szhelyzeti reag\u00e1l\u00e1shoz, figyelmeztet\u00e9sekhez \u00e9s egy\u00e9b felhaszn\u00e1l\u00e1sokhoz.<\/p>\n<p><img decoding=\"async\" class=\"aligncenter wp-image-7129 size-full\" src=\"https:\/\/www.sportshine.eu\/wp-content\/uploads\/2025\/07\/tekaska-celna-svetilka-Nitecore-1.webp\" alt=\"\" width=\"800\" height=\"800\" srcset=\"https:\/\/www.sportshine.eu\/wp-content\/uploads\/2025\/07\/tekaska-celna-svetilka-Nitecore-1.webp 800w, https:\/\/www.sportshine.eu\/wp-content\/uploads\/2025\/07\/tekaska-celna-svetilka-Nitecore-1-768x768.webp 768w, https:\/\/www.sportshine.eu\/wp-content\/uploads\/2025\/07\/tekaska-celna-svetilka-Nitecore-1-600x600.webp 600w\" sizes=\"(max-width: 800px) 100vw, 800px\" \/><\/p>\n<p>&nbsp;<\/p>\n<p>&nbsp;<\/p>\n<h3 style=\"text-align: center;\">KIV\u00c1L\u00d3 MIN\u0150S\u00c9G\u0170 \u00c9S K\u00c9NYELMES FEJP\u00c1NT<\/h3>\n<p style=\"text-align: center;\">A fejp\u00e1nt \u00faj sz\u00f6v\u00e9si szerkezettel b\u0151v\u00fclt, \u00edgy rugalmasabb \u00e9s l\u00e9legz\u0151bb. Stabilan tartja a fejet, elvezeti az izzads\u00e1got, \u00e9s k\u00e9nyelmes viseletet biztos\u00edt hossz\u00fa t\u00e1v\u00fa visel\u00e9s sor\u00e1n.<\/p>\n<p><img decoding=\"async\" class=\"aligncenter wp-image-7130 size-full\" src=\"https:\/\/www.sportshine.eu\/wp-content\/uploads\/2025\/07\/tekaska-naglavna-svetilka-Nitecore-UT27-3.webp\" alt=\"Nitecore UT27-3 fut\u00f3f\u00e9ny\" width=\"800\" height=\"800\" srcset=\"https:\/\/www.sportshine.eu\/wp-content\/uploads\/2025\/07\/tekaska-naglavna-svetilka-Nitecore-UT27-3.webp 800w, https:\/\/www.sportshine.eu\/wp-content\/uploads\/2025\/07\/tekaska-naglavna-svetilka-Nitecore-UT27-3-768x768.webp 768w, https:\/\/www.sportshine.eu\/wp-content\/uploads\/2025\/07\/tekaska-naglavna-svetilka-Nitecore-UT27-3-600x600.webp 600w\" sizes=\"(max-width: 800px) 100vw, 800px\" \/><\/p>\n<p>&nbsp;<\/p>\n<h3 style=\"text-align: center;\">AZ ELEMREKESZ VIL\u00c1G\u00cdT A S\u00d6T\u00c9TBEN<\/h3>\n<p style=\"text-align: center;\">T\u00f6r\u0151d\u00fcnk az \u00d6n biztons\u00e1g\u00e1val. A s\u00f6t\u00e9tben is k\u00f6nnyen l\u00e1that\u00f3 polarit\u00e1sjelz\u0151 c\u00edmk\u00e9knek k\u00f6sz\u00f6nhet\u0151en gond n\u00e9lk\u00fcl megtal\u00e1lhatja \u00e9s kicser\u00e9lheti az elemet.<\/p>\n<p><img decoding=\"async\" class=\"aligncenter wp-image-7131 size-full\" src=\"https:\/\/www.sportshine.eu\/wp-content\/uploads\/2025\/07\/tekaska-celna-svetilka-Nitecore-UT27-PRO.webp\" alt=\"Nitecore UT27 PRO fut\u00f3f\u00e9ny\" width=\"800\" height=\"800\" srcset=\"https:\/\/www.sportshine.eu\/wp-content\/uploads\/2025\/07\/tekaska-celna-svetilka-Nitecore-UT27-PRO.webp 800w, https:\/\/www.sportshine.eu\/wp-content\/uploads\/2025\/07\/tekaska-celna-svetilka-Nitecore-UT27-PRO-768x768.webp 768w, https:\/\/www.sportshine.eu\/wp-content\/uploads\/2025\/07\/tekaska-celna-svetilka-Nitecore-UT27-PRO-600x600.webp 600w\" sizes=\"(max-width: 800px) 100vw, 800px\" \/><\/p>\n<p>&nbsp;<\/p>\n<h3 style=\"text-align: center;\">V\u00cdZ\u00c1LL\u00d3S\u00c1G IP66<\/h3>\n<p style=\"text-align: center;\">IP66 szabv\u00e1ny szerint v\u00edz\u00e1ll\u00f3, ami azt jelenti, hogy teljesen v\u00e9dett a porr\u00e9szecsk\u00e9k \u00e9s a v\u00edz ellen.<\/p>\n<p><img decoding=\"async\" class=\"wp-image-7132 aligncenter\" src=\"https:\/\/www.sportshine.eu\/wp-content\/uploads\/2025\/07\/UT27-Nitecore.webp\" alt=\"UT27-Nitecore\" width=\"800\" height=\"450\" srcset=\"https:\/\/www.sportshine.eu\/wp-content\/uploads\/2025\/07\/UT27-Nitecore-768x432.webp 768w, https:\/\/www.sportshine.eu\/wp-content\/uploads\/2025\/07\/UT27-Nitecore-600x338.webp 600w\" sizes=\"(max-width: 800px) 100vw, 800px\" \/><\/p>\n<p>&nbsp;<\/p>","protected":false},"excerpt":{"rendered":"<p>A Nitecore UT27 \u00fajrat\u00f6lthet\u0151 fejl\u00e1mpa \u00faj gener\u00e1ci\u00f3ja kiv\u00e1l\u00f3 f\u00e9nyer\u0151t biztos\u00edt 800 lumennel, \u00edgy kiv\u00e9teles t\u00e1rs mind a fut\u00f3k, mind a t\u00far\u00e1z\u00f3k sz\u00e1m\u00e1ra. Rendk\u00edv\u00fcl alacsony s\u00faly\u00e1nak, mind\u00f6ssze 74 grammnak \u00e9s kompakt kialak\u00edt\u00e1s\u00e1nak k\u00f6sz\u00f6nhet\u0151en ide\u00e1lis a k\u00e9nyelmes viselethez sporttev\u00e9kenys\u00e9gek sor\u00e1n. Tesztek alapj\u00e1n fut\u00e1s k\u00f6zben is kiv\u00e1l\u00f3an teljes\u00edt. Fejl\u00e1mpak\u00e9nt is aj\u00e1nljuk mindenf\u00e9le t\u00far\u00e1hoz \u00e9s term\u00e9szetj\u00e1r\u00e1shoz. A p\u00e1nt puha, tart\u00f3s anyagb\u00f3l k\u00e9sz\u00fclt \u00e9s b\u0151rbar\u00e1t. A fejl\u00e1mpa mellett a csomag k\u00e9t \u00fajrat\u00f6lthet\u0151 akkumul\u00e1tort \u00e9s egy t\u00e1sk\u00e1t is tartalmaz, amellyel egy kis fant\u00e1zi\u00e1val a fejl\u00e1mp\u00e1t kempingl\u00e1mp\u00e1v\u00e1 alak\u00edthatod.<\/p>","protected":false},"featured_media":6566,"comment_status":"open","ping_status":"closed","template":"","meta":[],"product_brand":[],"product_cat":[89],"product_tag":[],"class_list":{"0":"post-6540","1":"product","2":"type-product","3":"status-publish","4":"has-post-thumbnail","6":"product_cat-naglavne-svetilke","7":"product_shipping_class-stroski-dostave","9":"first","10":"instock","11":"taxable","12":"shipping-taxable","13":"purchasable","14":"product-type-simple"},"yoast_head":"<!-- This site is optimized with the Yoast SEO plugin v27.3 - https:\/\/yoast.com\/product\/yoast-seo-wordpress\/ -->\n<title>Naglavna svetilka NITECORE UT27 PRO<\/title>\n<meta name=\"description\" content=\"Naglavna svetilka Nitecore UT27 je izdelana prav posebej za teka\u010de in vse, ki radi pre\u017eivljajo \u010das v naravi tudi, ko se zno\u010di.\" \/>\n<meta name=\"robots\" content=\"index, follow, max-snippet:-1, max-image-preview:large, max-video-preview:-1\" \/>\n<link rel=\"canonical\" href=\"https:\/\/www.sportshine.eu\/hu\/uzlet\/nitecore-ut27-pro-fejlampa\/\" \/>\n<meta property=\"og:locale\" content=\"hu_HU\" \/>\n<meta property=\"og:type\" content=\"article\" \/>\n<meta property=\"og:title\" content=\"Naglavna svetilka NITECORE UT27 PRO\" \/>\n<meta property=\"og:description\" content=\"Naglavna svetilka Nitecore UT27 je izdelana prav posebej za teka\u010de in vse, ki radi pre\u017eivljajo \u010das v naravi tudi, ko se zno\u010di.\" \/>\n<meta property=\"og:url\" content=\"https:\/\/www.sportshine.eu\/hu\/uzlet\/nitecore-ut27-pro-fejlampa\/\" \/>\n<meta property=\"og:site_name\" content=\"Sportshine\" \/>\n<meta property=\"article:publisher\" content=\"https:\/\/www.facebook.com\/sportshine.eu\/\" \/>\n<meta property=\"article:modified_time\" content=\"2025-10-20T18:21:11+00:00\" \/>\n<meta property=\"og:image\" content=\"https:\/\/www.sportshine.eu\/wp-content\/uploads\/2025\/07\/tekaska-svetilka-nitecore-ut27-1.webp\" \/>\n\t<meta property=\"og:image:width\" content=\"800\" \/>\n\t<meta property=\"og:image:height\" content=\"800\" \/>\n\t<meta property=\"og:image:type\" content=\"image\/webp\" \/>\n<meta name=\"twitter:card\" content=\"summary_large_image\" \/>\n<meta name=\"twitter:label1\" content=\"Becs\u00fclt olvas\u00e1si id\u0151\" \/>\n\t<meta name=\"twitter:data1\" content=\"4 perc\" \/>\n<script type=\"application\/ld+json\" class=\"yoast-schema-graph\">{\"@context\":\"https:\\\/\\\/schema.org\",\"@graph\":[{\"@type\":\"WebPage\",\"@id\":\"https:\\\/\\\/www.sportshine.eu\\\/trgovina\\\/naglavna-svetilka-nitecore-ut27-pro\\\/\",\"url\":\"https:\\\/\\\/www.sportshine.eu\\\/trgovina\\\/naglavna-svetilka-nitecore-ut27-pro\\\/\",\"name\":\"Naglavna svetilka NITECORE UT27 PRO\",\"isPartOf\":{\"@id\":\"https:\\\/\\\/www.sportshine.eu\\\/#website\"},\"primaryImageOfPage\":{\"@id\":\"https:\\\/\\\/www.sportshine.eu\\\/trgovina\\\/naglavna-svetilka-nitecore-ut27-pro\\\/#primaryimage\"},\"image\":{\"@id\":\"https:\\\/\\\/www.sportshine.eu\\\/trgovina\\\/naglavna-svetilka-nitecore-ut27-pro\\\/#primaryimage\"},\"thumbnailUrl\":\"https:\\\/\\\/www.sportshine.eu\\\/wp-content\\\/uploads\\\/2025\\\/07\\\/tekaska-svetilka-nitecore-ut27-1.webp\",\"datePublished\":\"2025-07-05T21:48:56+00:00\",\"dateModified\":\"2025-10-20T18:21:11+00:00\",\"description\":\"Naglavna svetilka Nitecore UT27 je izdelana prav posebej za teka\u010de in vse, ki radi pre\u017eivljajo \u010das v naravi tudi, ko se zno\u010di.\",\"breadcrumb\":{\"@id\":\"https:\\\/\\\/www.sportshine.eu\\\/trgovina\\\/naglavna-svetilka-nitecore-ut27-pro\\\/#breadcrumb\"},\"inLanguage\":\"hu\",\"potentialAction\":[{\"@type\":\"ReadAction\",\"target\":[\"https:\\\/\\\/www.sportshine.eu\\\/trgovina\\\/naglavna-svetilka-nitecore-ut27-pro\\\/\"]}]},{\"@type\":\"ImageObject\",\"inLanguage\":\"hu\",\"@id\":\"https:\\\/\\\/www.sportshine.eu\\\/trgovina\\\/naglavna-svetilka-nitecore-ut27-pro\\\/#primaryimage\",\"url\":\"https:\\\/\\\/www.sportshine.eu\\\/wp-content\\\/uploads\\\/2025\\\/07\\\/tekaska-svetilka-nitecore-ut27-1.webp\",\"contentUrl\":\"https:\\\/\\\/www.sportshine.eu\\\/wp-content\\\/uploads\\\/2025\\\/07\\\/tekaska-svetilka-nitecore-ut27-1.webp\",\"width\":800,\"height\":800},{\"@type\":\"BreadcrumbList\",\"@id\":\"https:\\\/\\\/www.sportshine.eu\\\/trgovina\\\/naglavna-svetilka-nitecore-ut27-pro\\\/#breadcrumb\",\"itemListElement\":[{\"@type\":\"ListItem\",\"position\":1,\"name\":\"Home\",\"item\":\"https:\\\/\\\/www.sportshine.eu\\\/\"},{\"@type\":\"ListItem\",\"position\":2,\"name\":\"Trgovina\",\"item\":\"https:\\\/\\\/www.sportshine.eu\\\/trgovina\\\/\"},{\"@type\":\"ListItem\",\"position\":3,\"name\":\"Naglavna svetilka NITECORE UT27 PRO\"}]},{\"@type\":\"WebSite\",\"@id\":\"https:\\\/\\\/www.sportshine.eu\\\/#website\",\"url\":\"https:\\\/\\\/www.sportshine.eu\\\/\",\"name\":\"Sportshine\",\"description\":\"Top spletna trgovina kolesarskih in naglavnih svetilk ter opreme\",\"publisher\":{\"@id\":\"https:\\\/\\\/www.sportshine.eu\\\/#organization\"},\"potentialAction\":[{\"@type\":\"SearchAction\",\"target\":{\"@type\":\"EntryPoint\",\"urlTemplate\":\"https:\\\/\\\/www.sportshine.eu\\\/?s={search_term_string}\"},\"query-input\":{\"@type\":\"PropertyValueSpecification\",\"valueRequired\":true,\"valueName\":\"search_term_string\"}}],\"inLanguage\":\"hu\"},{\"@type\":\"Organization\",\"@id\":\"https:\\\/\\\/www.sportshine.eu\\\/#organization\",\"name\":\"Sportshine\",\"url\":\"https:\\\/\\\/www.sportshine.eu\\\/\",\"logo\":{\"@type\":\"ImageObject\",\"inLanguage\":\"hu\",\"@id\":\"https:\\\/\\\/www.sportshine.eu\\\/#\\\/schema\\\/logo\\\/image\\\/\",\"url\":\"https:\\\/\\\/www.sportshine.eu\\\/wp-content\\\/uploads\\\/2026\\\/01\\\/cropped-Sportshine.webp\",\"contentUrl\":\"https:\\\/\\\/www.sportshine.eu\\\/wp-content\\\/uploads\\\/2026\\\/01\\\/cropped-Sportshine.webp\",\"width\":295,\"height\":128,\"caption\":\"Sportshine\"},\"image\":{\"@id\":\"https:\\\/\\\/www.sportshine.eu\\\/#\\\/schema\\\/logo\\\/image\\\/\"},\"sameAs\":[\"https:\\\/\\\/www.facebook.com\\\/sportshine.eu\\\/\"]}]}<\/script>\n<!-- \/ Yoast SEO plugin. -->","yoast_head_json":{"title":"NITECORE UT27 PRO fejl\u00e1mpa","description":"A Nitecore UT27 fejl\u00e1mp\u00e1t kifejezetten fut\u00f3knak \u00e9s mindazoknak tervezt\u00e9k, akik s\u00f6t\u00e9ted\u00e9s ut\u00e1n is szeretnek a term\u00e9szetben lenni.","robots":{"index":"index","follow":"follow","max-snippet":"max-snippet:-1","max-image-preview":"max-image-preview:large","max-video-preview":"max-video-preview:-1"},"canonical":"https:\/\/www.sportshine.eu\/hu\/uzlet\/nitecore-ut27-pro-fejlampa\/","og_locale":"hu_HU","og_type":"article","og_title":"Naglavna svetilka NITECORE UT27 PRO","og_description":"Naglavna svetilka Nitecore UT27 je izdelana prav posebej za teka\u010de in vse, ki radi pre\u017eivljajo \u010das v naravi tudi, ko se zno\u010di.","og_url":"https:\/\/www.sportshine.eu\/hu\/uzlet\/nitecore-ut27-pro-fejlampa\/","og_site_name":"Sportshine","article_publisher":"https:\/\/www.facebook.com\/sportshine.eu\/","article_modified_time":"2025-10-20T18:21:11+00:00","og_image":[{"width":800,"height":800,"url":"https:\/\/www.sportshine.eu\/wp-content\/uploads\/2025\/07\/tekaska-svetilka-nitecore-ut27-1.webp","type":"image\/webp"}],"twitter_card":"summary_large_image","twitter_misc":{"Becs\u00fclt olvas\u00e1si id\u0151":"4 perc"},"schema":{"@context":"https:\/\/schema.org","@graph":[{"@type":"WebPage","@id":"https:\/\/www.sportshine.eu\/trgovina\/naglavna-svetilka-nitecore-ut27-pro\/","url":"https:\/\/www.sportshine.eu\/trgovina\/naglavna-svetilka-nitecore-ut27-pro\/","name":"NITECORE UT27 PRO fejl\u00e1mpa","isPartOf":{"@id":"https:\/\/www.sportshine.eu\/#website"},"primaryImageOfPage":{"@id":"https:\/\/www.sportshine.eu\/trgovina\/naglavna-svetilka-nitecore-ut27-pro\/#primaryimage"},"image":{"@id":"https:\/\/www.sportshine.eu\/trgovina\/naglavna-svetilka-nitecore-ut27-pro\/#primaryimage"},"thumbnailUrl":"https:\/\/www.sportshine.eu\/wp-content\/uploads\/2025\/07\/tekaska-svetilka-nitecore-ut27-1.webp","datePublished":"2025-07-05T21:48:56+00:00","dateModified":"2025-10-20T18:21:11+00:00","description":"A Nitecore UT27 fejl\u00e1mp\u00e1t kifejezetten fut\u00f3knak \u00e9s mindazoknak tervezt\u00e9k, akik s\u00f6t\u00e9ted\u00e9s ut\u00e1n is szeretnek a term\u00e9szetben lenni.","breadcrumb":{"@id":"https:\/\/www.sportshine.eu\/trgovina\/naglavna-svetilka-nitecore-ut27-pro\/#breadcrumb"},"inLanguage":"hu","potentialAction":[{"@type":"ReadAction","target":["https:\/\/www.sportshine.eu\/trgovina\/naglavna-svetilka-nitecore-ut27-pro\/"]}]},{"@type":"ImageObject","inLanguage":"hu","@id":"https:\/\/www.sportshine.eu\/trgovina\/naglavna-svetilka-nitecore-ut27-pro\/#primaryimage","url":"https:\/\/www.sportshine.eu\/wp-content\/uploads\/2025\/07\/tekaska-svetilka-nitecore-ut27-1.webp","contentUrl":"https:\/\/www.sportshine.eu\/wp-content\/uploads\/2025\/07\/tekaska-svetilka-nitecore-ut27-1.webp","width":800,"height":800},{"@type":"BreadcrumbList","@id":"https:\/\/www.sportshine.eu\/trgovina\/naglavna-svetilka-nitecore-ut27-pro\/#breadcrumb","itemListElement":[{"@type":"ListItem","position":1,"name":"Home","item":"https:\/\/www.sportshine.eu\/"},{"@type":"ListItem","position":2,"name":"Trgovina","item":"https:\/\/www.sportshine.eu\/trgovina\/"},{"@type":"ListItem","position":3,"name":"Naglavna svetilka NITECORE UT27 PRO"}]},{"@type":"WebSite","@id":"https:\/\/www.sportshine.eu\/#website","url":"https:\/\/www.sportshine.eu\/","name":"Sportshine","description":"Ker\u00e9kp\u00e1ros, fejl\u00e1mp\u00e1k \u00e9s felszerel\u00e9sek online \u00e1ruh\u00e1z\u00e1nak vezet\u0151 k\u00edn\u00e1lata","publisher":{"@id":"https:\/\/www.sportshine.eu\/#organization"},"potentialAction":[{"@type":"SearchAction","target":{"@type":"EntryPoint","urlTemplate":"https:\/\/www.sportshine.eu\/?s={search_term_string}"},"query-input":{"@type":"PropertyValueSpecification","valueRequired":true,"valueName":"search_term_string"}}],"inLanguage":"hu"},{"@type":"Organization","@id":"https:\/\/www.sportshine.eu\/#organization","name":"Sportshine","url":"https:\/\/www.sportshine.eu\/","logo":{"@type":"ImageObject","inLanguage":"hu","@id":"https:\/\/www.sportshine.eu\/#\/schema\/logo\/image\/","url":"https:\/\/www.sportshine.eu\/wp-content\/uploads\/2026\/01\/cropped-Sportshine.webp","contentUrl":"https:\/\/www.sportshine.eu\/wp-content\/uploads\/2026\/01\/cropped-Sportshine.webp","width":295,"height":128,"caption":"Sportshine"},"image":{"@id":"https:\/\/www.sportshine.eu\/#\/schema\/logo\/image\/"},"sameAs":["https:\/\/www.facebook.com\/sportshine.eu\/"]}]}},"_links":{"self":[{"href":"https:\/\/www.sportshine.eu\/hu\/wp-json\/wp\/v2\/product\/6540","targetHints":{"allow":["GET"]}}],"collection":[{"href":"https:\/\/www.sportshine.eu\/hu\/wp-json\/wp\/v2\/product"}],"about":[{"href":"https:\/\/www.sportshine.eu\/hu\/wp-json\/wp\/v2\/types\/product"}],"replies":[{"embeddable":true,"href":"https:\/\/www.sportshine.eu\/hu\/wp-json\/wp\/v2\/comments?post=6540"}],"version-history":[{"count":0,"href":"https:\/\/www.sportshine.eu\/hu\/wp-json\/wp\/v2\/product\/6540\/revisions"}],"wp:featuredmedia":[{"embeddable":true,"href":"https:\/\/www.sportshine.eu\/hu\/wp-json\/wp\/v2\/media\/6566"}],"wp:attachment":[{"href":"https:\/\/www.sportshine.eu\/hu\/wp-json\/wp\/v2\/media?parent=6540"}],"wp:term":[{"taxonomy":"product_brand","embeddable":true,"href":"https:\/\/www.sportshine.eu\/hu\/wp-json\/wp\/v2\/product_brand?post=6540"},{"taxonomy":"product_cat","embeddable":true,"href":"https:\/\/www.sportshine.eu\/hu\/wp-json\/wp\/v2\/product_cat?post=6540"},{"taxonomy":"product_tag","embeddable":true,"href":"https:\/\/www.sportshine.eu\/hu\/wp-json\/wp\/v2\/product_tag?post=6540"}],"curies":[{"name":"wp","href":"https:\/\/api.w.org\/{rel}","templated":true}]}}