{"id":6493,"date":"2025-07-05T20:13:24","date_gmt":"2025-07-05T20:13:24","guid":{"rendered":"https:\/\/www.sportshine.eu\/?post_type=product&#038;p=6493"},"modified":"2025-08-09T22:49:18","modified_gmt":"2025-08-09T22:49:18","slug":"magicshine-allty-2000-oled-kerekparlampa","status":"publish","type":"product","link":"https:\/\/www.sportshine.eu\/hu\/uzlet\/magicshine-allty-2000-oled-kerekparlampa\/","title":{"rendered":"Magicshine ALLTY 2000 OLED ker\u00e9kp\u00e1rl\u00e1mpa"},"content":{"rendered":"<h3 style=\"text-align: center;\">VIDE\u00d3S BEMUTAT\u00d3<\/h3>\n<p><iframe loading=\"lazy\" title=\"TESZTEL\u00c9S A legf\u00e9nyesebb hegyiker\u00e9kp\u00e1r-l\u00e1mpa, amit valaha haszn\u00e1ltam | MagicShine Allty 2000 lumenes fejl\u00e1mpa\" width=\"500\" height=\"281\" src=\"https:\/\/www.youtube.com\/embed\/ORN0T7-Qbys?feature=oembed\" frameborder=\"0\" allow=\"accelerometer; autoplay; clipboard-write; encrypted-media; gyroscope; picture-in-picture; web-share\" referrerpolicy=\"strict-origin-when-cross-origin\" allowfullscreen><\/iframe><\/p>\n<p>&nbsp;<\/p>\n<h3 style=\"text-align: center;\">A JOBB KER\u00c9KP\u00c1ROS \u00c9LM\u00c9NY\u00c9RT<\/h3>\n<p style=\"text-align: center;\">A Magicshine Allty 2000 egy t\u00f6bbc\u00e9l\u00fa ker\u00e9kp\u00e1rl\u00e1mpa, maxim\u00e1lisan 2000 lumen f\u00e9nyer\u0151vel, amely nagyszer\u0171 v\u00e1laszt\u00e1s mind orsz\u00e1g\u00fati, mind hegyi ker\u00e9kp\u00e1roz\u00e1shoz.<\/p>\n<p><img decoding=\"async\" class=\"aligncenter wp-image-7144\" src=\"https:\/\/www.sportshine.eu\/wp-content\/uploads\/2025\/07\/allty_2000_76323572-9471-4f9c-bbfb-1fe10e15a5da.webp\" alt=\"\" width=\"800\" height=\"600\" \/><\/p>\n<p>&nbsp;<\/p>\n<h3 style=\"text-align: center;\">OLED KIJELZ\u0150<\/h3>\n<p style=\"text-align: center;\">Okos ker\u00e9kp\u00e1rl\u00e1mpak\u00e9nt az ALLTY2000 ker\u00e9kp\u00e1rl\u00e1mpa OLED kijelz\u0151vel rendelkezik, amely mutatja a vil\u00e1g\u00edt\u00e1si m\u00f3dot, az akkumul\u00e1tor t\u00f6lt\u00f6tts\u00e9gi szintj\u00e9t \u00e9s a rendelkez\u00e9sre \u00e1ll\u00f3 \u00fczemid\u0151t minden m\u0171k\u00f6d\u00e9si szinten.<\/p>\n<p><img decoding=\"async\" class=\"aligncenter wp-image-7139\" src=\"https:\/\/www.sportshine.eu\/wp-content\/uploads\/2025\/07\/allty_2000_led.webp\" alt=\"allty_2000_led\" width=\"800\" height=\"600\" \/><\/p>\n<p>&nbsp;<\/p>\n<h3 style=\"text-align: center;\">KIVEHET\u0150, NAGY TELJES\u00cdTM\u00c9NY\u0170 AKKUMUL\u00c1TOR<\/h3>\n<p style=\"text-align: center;\">A be\u00e9p\u00edtett 3500 mAh-s akkumul\u00e1tor ak\u00e1r 14,5 \u00f3r\u00e1s \u00fczemid\u0151t biztos\u00edt. A ker\u00e9kp\u00e1rosok vihetnek magukkal egy tartal\u00e9k akkumul\u00e1tort a m\u0171k\u00f6d\u00e9si id\u0151 meghosszabb\u00edt\u00e1s\u00e1ra, k\u00fcl\u00f6n\u00f6sen hossz\u00fa ker\u00e9kp\u00e1ros t\u00far\u00e1k eset\u00e9n.<\/p>\n<p><img decoding=\"async\" class=\"aligncenter wp-image-7140\" src=\"https:\/\/www.sportshine.eu\/wp-content\/uploads\/2025\/07\/ALLTY_1500S_3.webp\" alt=\"ALLTY_1500S_3\" width=\"800\" height=\"600\" \/><\/p>\n<p>&nbsp;<\/p>\n<h3 style=\"text-align: center;\">NAPPALI KER\u00c9KP\u00c1ROS L\u00c1MPA<\/h3>\n<p style=\"text-align: center;\">Ide\u00e1lis l\u00e1mpa nappali ker\u00e9kp\u00e1roz\u00e1shoz. T\u00f6bb \u00fczemm\u00f3ddal k\u00f6nnyebben felkeltheti a sof\u0151r\u00f6k \u00e9s a gyalogosok figyelm\u00e9t, ez\u00e1ltal n\u00f6velve a biztons\u00e1got ker\u00e9kp\u00e1roz\u00e1s k\u00f6zben.<\/p>\n<p><img decoding=\"async\" class=\"aligncenter wp-image-7141\" src=\"https:\/\/www.sportshine.eu\/wp-content\/uploads\/2025\/07\/allty_2000_kolesarska-luc.webp\" alt=\"allty_2000_biciklil\u00e1mpa\" width=\"800\" height=\"600\" \/><\/p>\n<p>&nbsp;<\/p>\n<h3 style=\"text-align: center;\">T\u00d6BBFUNKCI\u00d3S KER\u00c9KP\u00c1ROS L\u00c1MPA<\/h3>\n<p style=\"text-align: center;\">Kett\u0151s sug\u00e1rz\u00e1si sz\u00f6g\u00e9nek k\u00f6sz\u00f6nhet\u0151en az Allty 2000 sz\u00e9lesebb k\u00f6rben k\u00e9pes megvil\u00e1g\u00edtani a k\u00f6rnyez\u0151 ter\u00fcletet.<\/p>\n<p><img decoding=\"async\" class=\"aligncenter wp-image-7142\" src=\"https:\/\/www.sportshine.eu\/wp-content\/uploads\/2025\/07\/allty_2000-1.webp\" alt=\"\" width=\"800\" height=\"600\" \/><\/p>\n<p>&nbsp;<\/p>\n<h3 style=\"text-align: center;\">MAGICSHINE ALLTY 2000 OLED<\/h3>\n<p><iframe loading=\"lazy\" title=\"MAGICSHINE ALLTY 2000 M\u0171velet\" width=\"500\" height=\"281\" src=\"https:\/\/www.youtube.com\/embed\/i_hlUryaeyo?feature=oembed\" frameborder=\"0\" allow=\"accelerometer; autoplay; clipboard-write; encrypted-media; gyroscope; picture-in-picture; web-share\" referrerpolicy=\"strict-origin-when-cross-origin\" allowfullscreen><\/iframe><\/p>\n<h3 style=\"text-align: center;\">V\u00cdZ\u00c1LL\u00d3S\u00c1G IPX5<\/h3>\n<p style=\"text-align: center;\">Megb\u00edzhat\u00f3 m\u00e9g rossz id\u0151j\u00e1r\u00e1si k\u00f6r\u00fclm\u00e9nyek k\u00f6z\u00f6tt is.<\/p>\n<p><img decoding=\"async\" class=\"aligncenter wp-image-7143\" src=\"https:\/\/www.sportshine.eu\/wp-content\/uploads\/2025\/07\/ALLTY_2000_80942bbd-934a-4fef-b3c8-79ca3f40c839.webp\" alt=\"MINDENK\u00c9PP_2000_\" width=\"800\" height=\"600\" \/><\/p>\n<h3 style=\"text-align: center;\">TELJES KIFEJEZETTEN MIN\u0150S\u00c9GI ALUM\u00cdNIUMB\u00d3L K\u00c9SZ\u00dcLT<\/h3>\n<p style=\"text-align: center;\">Az ALLTY 2000 h\u00e1z tart\u00f3s A6061-T6 alum\u00edniumb\u00f3l k\u00e9sz\u00fclt, amely kiv\u00e1l\u00f3 h\u0151elvezet\u00e9st biztos\u00edt. A h\u00e1zat katonai min\u0151s\u00e9g\u0171 oxid\u00e1ci\u00f3s elj\u00e1r\u00e1ssal kezelt\u00e9k, ami n\u00f6veli a karc\u00e1ll\u00f3s\u00e1got.<\/p>\n<p><img decoding=\"async\" class=\"aligncenter wp-image-7144\" src=\"https:\/\/www.sportshine.eu\/wp-content\/uploads\/2025\/07\/allty_2000_76323572-9471-4f9c-bbfb-1fe10e15a5da.webp\" alt=\"\" width=\"800\" height=\"600\" \/><\/p>\n<h3 style=\"text-align: center;\">A CSOMAGBAN KAPOD<\/h3>\n<p style=\"text-align: center;\">1* ALLTY 2000 OLED ker\u00e9kp\u00e1rl\u00e1mpa<br \/>\n1* Korm\u00e1nyadapter<br \/>\n4* szilikon p\u00e1ntok<br \/>\n1 db 3 mm-es imbuszkulcs<br \/>\n1 db mikro USB k\u00e1bel<\/p>\n<p><img decoding=\"async\" class=\"aligncenter wp-image-7145\" src=\"https:\/\/www.sportshine.eu\/wp-content\/uploads\/2025\/07\/ALLTY_2000.webp\" alt=\"MINDENKI_2000\" width=\"800\" height=\"400\" \/><\/p>\n<p>&nbsp;<\/p>","protected":false},"excerpt":{"rendered":"<p>\u2714 Maxim\u00e1lis teljes\u00edtm\u00e9ny: 2000 LM<br \/>\n\u2714 Maxim\u00e1lis megvil\u00e1g\u00edt\u00e1si t\u00e1vols\u00e1g: 165 m<br \/>\n\u2714 Maxim\u00e1lis \u00fczemid\u0151: 14,5 \u00f3ra<br \/>\n\u2714 Akkumul\u00e1tor kapacit\u00e1sa: 7,2 V 3500 mAh<br \/>\n\u2714 DRL (Nappali menetf\u00e9ny): T\u00e1mogat\u00e1s<br \/>\n\u2714 V\u00edz\u00e1ll\u00f3s\u00e1g: IPX5<\/p>\n<p>A Magicshine ALLTY 2000 egy multifunkcion\u00e1lis els\u0151 ker\u00e9kp\u00e1rl\u00e1mpa, maxim\u00e1lisan 2000 lumen f\u00e9nyer\u0151vel. Ker\u00e9kp\u00e1rl\u00e1mp\u00e1ink k\u00f6z\u00f6tt egyed\u00fcl\u00e1ll\u00f3 m\u00f3don be\u00e9p\u00edtett akkumul\u00e1torral rendelkezik, amely kivehet\u0151 \u00e9s cser\u00e9lhet\u0151.<\/p>","protected":false},"featured_media":5957,"comment_status":"open","ping_status":"closed","template":"","meta":[],"product_brand":[131],"product_cat":[82,150],"product_tag":[],"class_list":{"0":"post-6493","1":"product","2":"type-product","3":"status-publish","4":"has-post-thumbnail","6":"product_brand-magicshine","7":"product_cat-kolesarske-luci","8":"product_cat-sprednje-kolesarske-luci","10":"first","11":"onbackorder","12":"taxable","13":"shipping-taxable","14":"purchasable","15":"product-type-simple"},"yoast_head":"<!-- This site is optimized with the Yoast SEO plugin v27.3 - https:\/\/yoast.com\/product\/yoast-seo-wordpress\/ -->\n<title>Magicshine ALLTY 2000 OLED kolesarska lu\u010d<\/title>\n<meta name=\"description\" content=\"Magicshine ALLTY 2000 OLED kolesarska lu\u010d omogo\u010da neverjetno svetilnost, OLED indikator za \u010das delovanja in mo\u017enost odstranitve polnilne baterije iz lu\u010di.\" \/>\n<meta name=\"robots\" content=\"index, follow, max-snippet:-1, max-image-preview:large, max-video-preview:-1\" \/>\n<link rel=\"canonical\" href=\"https:\/\/www.sportshine.eu\/hu\/uzlet\/magicshine-allty-2000-oled-kerekparlampa\/\" \/>\n<meta property=\"og:locale\" content=\"hu_HU\" \/>\n<meta property=\"og:type\" content=\"article\" \/>\n<meta property=\"og:title\" content=\"Magicshine ALLTY 2000 OLED kolesarska lu\u010d\" \/>\n<meta property=\"og:description\" content=\"Magicshine ALLTY 2000 OLED kolesarska lu\u010d omogo\u010da neverjetno svetilnost, OLED indikator za \u010das delovanja in mo\u017enost odstranitve polnilne baterije iz lu\u010di.\" \/>\n<meta property=\"og:url\" content=\"https:\/\/www.sportshine.eu\/hu\/uzlet\/magicshine-allty-2000-oled-kerekparlampa\/\" \/>\n<meta property=\"og:site_name\" content=\"Sportshine\" \/>\n<meta property=\"article:publisher\" content=\"https:\/\/www.facebook.com\/sportshine.eu\/\" \/>\n<meta property=\"article:modified_time\" content=\"2025-08-09T22:49:18+00:00\" \/>\n<meta property=\"og:image\" content=\"https:\/\/www.sportshine.eu\/wp-content\/uploads\/2025\/07\/kolesarska-luc-allty-2000-OLED.webp\" \/>\n\t<meta property=\"og:image:width\" content=\"800\" \/>\n\t<meta property=\"og:image:height\" content=\"800\" \/>\n\t<meta property=\"og:image:type\" content=\"image\/webp\" \/>\n<meta name=\"twitter:card\" content=\"summary_large_image\" \/>\n<meta name=\"twitter:label1\" content=\"Becs\u00fclt olvas\u00e1si id\u0151\" \/>\n\t<meta name=\"twitter:data1\" content=\"3 perc\" \/>\n<script type=\"application\/ld+json\" class=\"yoast-schema-graph\">{\"@context\":\"https:\\\/\\\/schema.org\",\"@graph\":[{\"@type\":\"WebPage\",\"@id\":\"https:\\\/\\\/www.sportshine.eu\\\/trgovina\\\/magicshine-allty-2000-oled-kolesarska-luc\\\/\",\"url\":\"https:\\\/\\\/www.sportshine.eu\\\/trgovina\\\/magicshine-allty-2000-oled-kolesarska-luc\\\/\",\"name\":\"Magicshine ALLTY 2000 OLED kolesarska lu\u010d\",\"isPartOf\":{\"@id\":\"https:\\\/\\\/www.sportshine.eu\\\/#website\"},\"primaryImageOfPage\":{\"@id\":\"https:\\\/\\\/www.sportshine.eu\\\/trgovina\\\/magicshine-allty-2000-oled-kolesarska-luc\\\/#primaryimage\"},\"image\":{\"@id\":\"https:\\\/\\\/www.sportshine.eu\\\/trgovina\\\/magicshine-allty-2000-oled-kolesarska-luc\\\/#primaryimage\"},\"thumbnailUrl\":\"https:\\\/\\\/www.sportshine.eu\\\/wp-content\\\/uploads\\\/2025\\\/07\\\/kolesarska-luc-allty-2000-OLED.webp\",\"datePublished\":\"2025-07-05T20:13:24+00:00\",\"dateModified\":\"2025-08-09T22:49:18+00:00\",\"description\":\"Magicshine ALLTY 2000 OLED kolesarska lu\u010d omogo\u010da neverjetno svetilnost, OLED indikator za \u010das delovanja in mo\u017enost odstranitve polnilne baterije iz lu\u010di.\",\"breadcrumb\":{\"@id\":\"https:\\\/\\\/www.sportshine.eu\\\/trgovina\\\/magicshine-allty-2000-oled-kolesarska-luc\\\/#breadcrumb\"},\"inLanguage\":\"hu\",\"potentialAction\":[{\"@type\":\"ReadAction\",\"target\":[\"https:\\\/\\\/www.sportshine.eu\\\/trgovina\\\/magicshine-allty-2000-oled-kolesarska-luc\\\/\"]}]},{\"@type\":\"ImageObject\",\"inLanguage\":\"hu\",\"@id\":\"https:\\\/\\\/www.sportshine.eu\\\/trgovina\\\/magicshine-allty-2000-oled-kolesarska-luc\\\/#primaryimage\",\"url\":\"https:\\\/\\\/www.sportshine.eu\\\/wp-content\\\/uploads\\\/2025\\\/07\\\/kolesarska-luc-allty-2000-OLED.webp\",\"contentUrl\":\"https:\\\/\\\/www.sportshine.eu\\\/wp-content\\\/uploads\\\/2025\\\/07\\\/kolesarska-luc-allty-2000-OLED.webp\",\"width\":800,\"height\":800},{\"@type\":\"BreadcrumbList\",\"@id\":\"https:\\\/\\\/www.sportshine.eu\\\/trgovina\\\/magicshine-allty-2000-oled-kolesarska-luc\\\/#breadcrumb\",\"itemListElement\":[{\"@type\":\"ListItem\",\"position\":1,\"name\":\"Home\",\"item\":\"https:\\\/\\\/www.sportshine.eu\\\/\"},{\"@type\":\"ListItem\",\"position\":2,\"name\":\"Trgovina\",\"item\":\"https:\\\/\\\/www.sportshine.eu\\\/trgovina\\\/\"},{\"@type\":\"ListItem\",\"position\":3,\"name\":\"Magicshine ALLTY 2000 OLED kolesarska lu\u010d\"}]},{\"@type\":\"WebSite\",\"@id\":\"https:\\\/\\\/www.sportshine.eu\\\/#website\",\"url\":\"https:\\\/\\\/www.sportshine.eu\\\/\",\"name\":\"Sportshine\",\"description\":\"Top spletna trgovina kolesarskih in naglavnih svetilk ter opreme\",\"publisher\":{\"@id\":\"https:\\\/\\\/www.sportshine.eu\\\/#organization\"},\"potentialAction\":[{\"@type\":\"SearchAction\",\"target\":{\"@type\":\"EntryPoint\",\"urlTemplate\":\"https:\\\/\\\/www.sportshine.eu\\\/?s={search_term_string}\"},\"query-input\":{\"@type\":\"PropertyValueSpecification\",\"valueRequired\":true,\"valueName\":\"search_term_string\"}}],\"inLanguage\":\"hu\"},{\"@type\":\"Organization\",\"@id\":\"https:\\\/\\\/www.sportshine.eu\\\/#organization\",\"name\":\"Sportshine\",\"url\":\"https:\\\/\\\/www.sportshine.eu\\\/\",\"logo\":{\"@type\":\"ImageObject\",\"inLanguage\":\"hu\",\"@id\":\"https:\\\/\\\/www.sportshine.eu\\\/#\\\/schema\\\/logo\\\/image\\\/\",\"url\":\"https:\\\/\\\/www.sportshine.eu\\\/wp-content\\\/uploads\\\/2026\\\/01\\\/cropped-Sportshine.webp\",\"contentUrl\":\"https:\\\/\\\/www.sportshine.eu\\\/wp-content\\\/uploads\\\/2026\\\/01\\\/cropped-Sportshine.webp\",\"width\":295,\"height\":128,\"caption\":\"Sportshine\"},\"image\":{\"@id\":\"https:\\\/\\\/www.sportshine.eu\\\/#\\\/schema\\\/logo\\\/image\\\/\"},\"sameAs\":[\"https:\\\/\\\/www.facebook.com\\\/sportshine.eu\\\/\"]}]}<\/script>\n<!-- \/ Yoast SEO plugin. -->","yoast_head_json":{"title":"Magicshine ALLTY 2000 OLED ker\u00e9kp\u00e1rl\u00e1mpa","description":"A Magicshine ALLTY 2000 OLED ker\u00e9kp\u00e1rl\u00e1mpa hihetetlen f\u00e9nyer\u0151t, OLED kijelz\u0151t k\u00edn\u00e1l a m\u0171k\u00f6d\u00e9si id\u0151h\u00f6z, \u00e9s lehet\u0151v\u00e9 teszi az \u00fajrat\u00f6lthet\u0151 akkumul\u00e1tor elt\u00e1vol\u00edt\u00e1s\u00e1t a l\u00e1mp\u00e1b\u00f3l.","robots":{"index":"index","follow":"follow","max-snippet":"max-snippet:-1","max-image-preview":"max-image-preview:large","max-video-preview":"max-video-preview:-1"},"canonical":"https:\/\/www.sportshine.eu\/hu\/uzlet\/magicshine-allty-2000-oled-kerekparlampa\/","og_locale":"hu_HU","og_type":"article","og_title":"Magicshine ALLTY 2000 OLED kolesarska lu\u010d","og_description":"Magicshine ALLTY 2000 OLED kolesarska lu\u010d omogo\u010da neverjetno svetilnost, OLED indikator za \u010das delovanja in mo\u017enost odstranitve polnilne baterije iz lu\u010di.","og_url":"https:\/\/www.sportshine.eu\/hu\/uzlet\/magicshine-allty-2000-oled-kerekparlampa\/","og_site_name":"Sportshine","article_publisher":"https:\/\/www.facebook.com\/sportshine.eu\/","article_modified_time":"2025-08-09T22:49:18+00:00","og_image":[{"width":800,"height":800,"url":"https:\/\/www.sportshine.eu\/wp-content\/uploads\/2025\/07\/kolesarska-luc-allty-2000-OLED.webp","type":"image\/webp"}],"twitter_card":"summary_large_image","twitter_misc":{"Becs\u00fclt olvas\u00e1si id\u0151":"3 perc"},"schema":{"@context":"https:\/\/schema.org","@graph":[{"@type":"WebPage","@id":"https:\/\/www.sportshine.eu\/trgovina\/magicshine-allty-2000-oled-kolesarska-luc\/","url":"https:\/\/www.sportshine.eu\/trgovina\/magicshine-allty-2000-oled-kolesarska-luc\/","name":"Magicshine ALLTY 2000 OLED ker\u00e9kp\u00e1rl\u00e1mpa","isPartOf":{"@id":"https:\/\/www.sportshine.eu\/#website"},"primaryImageOfPage":{"@id":"https:\/\/www.sportshine.eu\/trgovina\/magicshine-allty-2000-oled-kolesarska-luc\/#primaryimage"},"image":{"@id":"https:\/\/www.sportshine.eu\/trgovina\/magicshine-allty-2000-oled-kolesarska-luc\/#primaryimage"},"thumbnailUrl":"https:\/\/www.sportshine.eu\/wp-content\/uploads\/2025\/07\/kolesarska-luc-allty-2000-OLED.webp","datePublished":"2025-07-05T20:13:24+00:00","dateModified":"2025-08-09T22:49:18+00:00","description":"A Magicshine ALLTY 2000 OLED ker\u00e9kp\u00e1rl\u00e1mpa hihetetlen f\u00e9nyer\u0151t, OLED kijelz\u0151t k\u00edn\u00e1l a m\u0171k\u00f6d\u00e9si id\u0151h\u00f6z, \u00e9s lehet\u0151v\u00e9 teszi az \u00fajrat\u00f6lthet\u0151 akkumul\u00e1tor elt\u00e1vol\u00edt\u00e1s\u00e1t a l\u00e1mp\u00e1b\u00f3l.","breadcrumb":{"@id":"https:\/\/www.sportshine.eu\/trgovina\/magicshine-allty-2000-oled-kolesarska-luc\/#breadcrumb"},"inLanguage":"hu","potentialAction":[{"@type":"ReadAction","target":["https:\/\/www.sportshine.eu\/trgovina\/magicshine-allty-2000-oled-kolesarska-luc\/"]}]},{"@type":"ImageObject","inLanguage":"hu","@id":"https:\/\/www.sportshine.eu\/trgovina\/magicshine-allty-2000-oled-kolesarska-luc\/#primaryimage","url":"https:\/\/www.sportshine.eu\/wp-content\/uploads\/2025\/07\/kolesarska-luc-allty-2000-OLED.webp","contentUrl":"https:\/\/www.sportshine.eu\/wp-content\/uploads\/2025\/07\/kolesarska-luc-allty-2000-OLED.webp","width":800,"height":800},{"@type":"BreadcrumbList","@id":"https:\/\/www.sportshine.eu\/trgovina\/magicshine-allty-2000-oled-kolesarska-luc\/#breadcrumb","itemListElement":[{"@type":"ListItem","position":1,"name":"Home","item":"https:\/\/www.sportshine.eu\/"},{"@type":"ListItem","position":2,"name":"Trgovina","item":"https:\/\/www.sportshine.eu\/trgovina\/"},{"@type":"ListItem","position":3,"name":"Magicshine ALLTY 2000 OLED kolesarska lu\u010d"}]},{"@type":"WebSite","@id":"https:\/\/www.sportshine.eu\/#website","url":"https:\/\/www.sportshine.eu\/","name":"Sportshine","description":"Ker\u00e9kp\u00e1ros, fejl\u00e1mp\u00e1k \u00e9s felszerel\u00e9sek online \u00e1ruh\u00e1z\u00e1nak vezet\u0151 k\u00edn\u00e1lata","publisher":{"@id":"https:\/\/www.sportshine.eu\/#organization"},"potentialAction":[{"@type":"SearchAction","target":{"@type":"EntryPoint","urlTemplate":"https:\/\/www.sportshine.eu\/?s={search_term_string}"},"query-input":{"@type":"PropertyValueSpecification","valueRequired":true,"valueName":"search_term_string"}}],"inLanguage":"hu"},{"@type":"Organization","@id":"https:\/\/www.sportshine.eu\/#organization","name":"Sportshine","url":"https:\/\/www.sportshine.eu\/","logo":{"@type":"ImageObject","inLanguage":"hu","@id":"https:\/\/www.sportshine.eu\/#\/schema\/logo\/image\/","url":"https:\/\/www.sportshine.eu\/wp-content\/uploads\/2026\/01\/cropped-Sportshine.webp","contentUrl":"https:\/\/www.sportshine.eu\/wp-content\/uploads\/2026\/01\/cropped-Sportshine.webp","width":295,"height":128,"caption":"Sportshine"},"image":{"@id":"https:\/\/www.sportshine.eu\/#\/schema\/logo\/image\/"},"sameAs":["https:\/\/www.facebook.com\/sportshine.eu\/"]}]}},"_links":{"self":[{"href":"https:\/\/www.sportshine.eu\/hu\/wp-json\/wp\/v2\/product\/6493","targetHints":{"allow":["GET"]}}],"collection":[{"href":"https:\/\/www.sportshine.eu\/hu\/wp-json\/wp\/v2\/product"}],"about":[{"href":"https:\/\/www.sportshine.eu\/hu\/wp-json\/wp\/v2\/types\/product"}],"replies":[{"embeddable":true,"href":"https:\/\/www.sportshine.eu\/hu\/wp-json\/wp\/v2\/comments?post=6493"}],"version-history":[{"count":0,"href":"https:\/\/www.sportshine.eu\/hu\/wp-json\/wp\/v2\/product\/6493\/revisions"}],"wp:featuredmedia":[{"embeddable":true,"href":"https:\/\/www.sportshine.eu\/hu\/wp-json\/wp\/v2\/media\/5957"}],"wp:attachment":[{"href":"https:\/\/www.sportshine.eu\/hu\/wp-json\/wp\/v2\/media?parent=6493"}],"wp:term":[{"taxonomy":"product_brand","embeddable":true,"href":"https:\/\/www.sportshine.eu\/hu\/wp-json\/wp\/v2\/product_brand?post=6493"},{"taxonomy":"product_cat","embeddable":true,"href":"https:\/\/www.sportshine.eu\/hu\/wp-json\/wp\/v2\/product_cat?post=6493"},{"taxonomy":"product_tag","embeddable":true,"href":"https:\/\/www.sportshine.eu\/hu\/wp-json\/wp\/v2\/product_tag?post=6493"}],"curies":[{"name":"wp","href":"https:\/\/api.w.org\/{rel}","templated":true}]}}