{"id":6475,"date":"2025-07-05T19:57:34","date_gmt":"2025-07-05T19:57:34","guid":{"rendered":"https:\/\/www.sportshine.eu\/?post_type=product&#038;p=6475"},"modified":"2025-11-21T22:13:00","modified_gmt":"2025-11-21T22:13:00","slug":"magicshine-ray-1600b-kerekparlampa","status":"publish","type":"product","link":"https:\/\/www.sportshine.eu\/hu\/uzlet\/magicshine-ray-1600b-kerekparlampa\/","title":{"rendered":"Magicshine RAY 1600B ker\u00e9kp\u00e1rl\u00e1mpa"},"content":{"rendered":"<h3 style=\"text-align: center;\">BE\u00c9P\u00cdTETT INTELLIGENS \u00c9RZ\u00c9KEL\u0150<\/h3>\n<p style=\"text-align: center;\">A be\u00e9p\u00edtett intelligens \u00e9rz\u00e9kel\u0151nek k\u00f6sz\u00f6nhet\u0151en a l\u00e1mpa automatikusan er\u0151sebb f\u00e9nysug\u00e1rra v\u00e1lt alag\u00fatba val\u00f3 behajt\u00e1skor, vagy meg\u00e1ll\u00e1skor alv\u00f3 \u00fczemm\u00f3dba kapcsol az energiatakar\u00e9koss\u00e1g \u00e9rdek\u00e9ben.<\/p>\n<p><img decoding=\"async\" class=\"aligncenter wp-image-8412\" src=\"https:\/\/www.sportshine.eu\/wp-content\/uploads\/2025\/07\/RAY_1600B_8.webp\" alt=\"Magicshine Ray 1600\" width=\"800\" height=\"600\" \/><\/p>\n<h3 style=\"text-align: center;\">K\u00d6NNYEN OLVASHAT\u00d3 KIJELZ\u0150<\/h3>\n<p style=\"text-align: center;\">A l\u00e1mp\u00e1n \u00e9s a t\u00e1vir\u00e1ny\u00edt\u00f3n tal\u00e1lhat\u00f3 pontos kijelz\u0151k vil\u00e1gosan mutatj\u00e1k az akkumul\u00e1tor fennmarad\u00f3 \u00e9lettartam\u00e1t, az utols\u00f3 \u00fczemm\u00f3d mem\u00f3ria funkci\u00f3ja pedig lehet\u0151v\u00e9 teszi, hogy a k\u00f6vetkez\u0151 ker\u00e9kp\u00e1roz\u00e1skor azonnal folytassa ugyanazt az \u00fczemm\u00f3dot.<\/p>\n<p><img decoding=\"async\" class=\"aligncenter wp-image-8413\" src=\"https:\/\/www.sportshine.eu\/wp-content\/uploads\/2025\/07\/RAY_1600B_5.webp\" alt=\"Magicshine Ray 1600\" width=\"800\" height=\"600\" \/><\/p>\n<h3 style=\"text-align: center;\">IPX6 V\u00cdZ\u00c1LL\u00d3S\u00c1G<\/h3>\n<p style=\"text-align: center;\">Az IPX6 v\u00edz\u00e1ll\u00f3s\u00e1gi besorol\u00e1snak k\u00f6sz\u00f6nhet\u0151en a RAY 1600B tart\u00f3s \u00e9s megb\u00edzhat\u00f3 ahhoz, hogy m\u00e9g heves es\u0151ben is probl\u00e9mamentesen m\u0171k\u00f6dj\u00f6n, \u00e9s mindig megvil\u00e1g\u00edtsa az utat.<\/p>\n<p><img decoding=\"async\" class=\"aligncenter wp-image-8414\" src=\"https:\/\/www.sportshine.eu\/wp-content\/uploads\/2025\/07\/RAY_1600B_7.webp\" alt=\"Magicshine Ray 1600\" width=\"800\" height=\"600\" \/><\/p>\n<h3 style=\"text-align: center;\">KETT\u0150S G\u00d6MBES OPCI\u00d3<\/h3>\n<p style=\"text-align: center;\">Az \u00faj kett\u0151s lencse lehet\u0151v\u00e9 teszi a k\u00f6zeli k\u00f6rnyezet sz\u00e9lesk\u00f6r\u0171 megvil\u00e1g\u00edt\u00e1s\u00e1t, valamint az er\u0151s, f\u00f3kusz\u00e1lt sugarat a t\u00e1volra.<\/p>\n<p><img decoding=\"async\" class=\"aligncenter wp-image-7135\" src=\"https:\/\/www.sportshine.eu\/wp-content\/uploads\/2025\/07\/RAY1600B.webp\" alt=\"RAY1600B\" width=\"800\" height=\"600\" \/><\/p>\n<h3 style=\"text-align: center;\">SZERSZ\u00c1MMENTES TELEP\u00cdT\u00c9S<\/h3>\n<p style=\"text-align: center;\">A Garmin univerz\u00e1lis tart\u00f3j\u00e1val gyorsan \u00e9s biztons\u00e1gosan r\u00f6gz\u00edtheted a l\u00e1mp\u00e1t a legt\u00f6bb korm\u00e1nyra \u2013 tov\u00e1bbi szersz\u00e1mok n\u00e9lk\u00fcl.<\/p>\n<p><img decoding=\"async\" class=\"aligncenter wp-image-8416\" src=\"https:\/\/www.sportshine.eu\/wp-content\/uploads\/2025\/07\/ray_2600b_with_tool-free_mounting.webp\" alt=\"Magicshine Ray 1600B\" width=\"800\" height=\"600\" srcset=\"https:\/\/www.sportshine.eu\/wp-content\/uploads\/2025\/07\/ray_2600b_with_tool-free_mounting-768x576.webp 768w, https:\/\/www.sportshine.eu\/wp-content\/uploads\/2025\/07\/ray_2600b_with_tool-free_mounting-600x450.webp 600w\" sizes=\"(max-width: 800px) 100vw, 800px\" \/><\/p>\n<h3 style=\"text-align: center;\">VEZET\u00c9K N\u00c9LK\u00dcLI T\u00c1VIR\u00c1NY\u00cdT\u00d3<\/h3>\n<p style=\"text-align: center;\">A vezet\u00e9k n\u00e9lk\u00fcli t\u00e1vir\u00e1ny\u00edt\u00f3val k\u00f6zvetlen\u00fcl a korm\u00e1nyr\u00f3l v\u00e1lthatsz \u00fczemm\u00f3dokat, \u00edgy teljes m\u00e9rt\u00e9kben az el\u0151tted \u00e1ll\u00f3 \u00fatra koncentr\u00e1lhatsz. Egyetlen gombnyom\u00e1ssal azonnal a legmagasabb f\u00e9nyer\u0151re v\u00e1lthatsz.<\/p>\n<p><img decoding=\"async\" class=\"aligncenter wp-image-8417\" src=\"https:\/\/www.sportshine.eu\/wp-content\/uploads\/2025\/07\/RAY_1600B_3.webp\" alt=\"RAY_1600B\" width=\"800\" height=\"600\" \/><\/p>\n<h3 style=\"text-align: center;\">VIDE\u00d3<\/h3>\n<p><iframe loading=\"lazy\" title=\"MAGICSHINE RAY 1600B \u00e9s RAY 2600B ker\u00e9kp\u00e1r els\u0151 l\u00e1mpa (vezet\u00e9k n\u00e9lk\u00fcli t\u00e1vir\u00e1ny\u00edt\u00f3s verzi\u00f3)\" width=\"500\" height=\"281\" src=\"https:\/\/www.youtube.com\/embed\/PZxC-ykV2Lw?feature=oembed\" frameborder=\"0\" allow=\"accelerometer; autoplay; clipboard-write; encrypted-media; gyroscope; picture-in-picture; web-share\" referrerpolicy=\"strict-origin-when-cross-origin\" allowfullscreen><\/iframe><\/p>\n<h3 style=\"text-align: center;\">A CSOMAGBAN KAPOD<\/h3>\n<p><img decoding=\"async\" class=\"aligncenter wp-image-7136 size-full\" src=\"https:\/\/www.sportshine.eu\/wp-content\/uploads\/2025\/07\/RAY_1600B_luc.webp\" alt=\"RAY_1600B_f\u00e9ny\" width=\"600\" height=\"450\" \/><\/p>\n<p>&nbsp;<\/p>\n<p>&nbsp;<\/p>","protected":false},"excerpt":{"rendered":"<p>A Magicshine RAY 1600B ker\u00e9kp\u00e1rl\u00e1mpa leny\u0171g\u00f6z\u0151, ak\u00e1r 1600 lumenes f\u00e9nyer\u0151vel rendelkezik. K\u00e9t nagy teljes\u00edtm\u00e9ny\u0171 LED-del megb\u00edzhat\u00f3 vil\u00e1g\u00edt\u00e1st biztos\u00edt, amely alkalmas mind a v\u00e1rosi utc\u00e1kra, mind a neh\u00e9z terepre.<\/p>","protected":false},"featured_media":6087,"comment_status":"open","ping_status":"closed","template":"","meta":[],"product_brand":[131],"product_cat":[82,150],"product_tag":[],"class_list":{"0":"post-6475","1":"product","2":"type-product","3":"status-publish","4":"has-post-thumbnail","6":"product_brand-magicshine","7":"product_cat-kolesarske-luci","8":"product_cat-sprednje-kolesarske-luci","10":"first","11":"instock","12":"sale","13":"taxable","14":"shipping-taxable","15":"purchasable","16":"product-type-simple"},"yoast_head":"<!-- This site is optimized with the Yoast SEO plugin v27.3 - https:\/\/yoast.com\/product\/yoast-seo-wordpress\/ -->\n<title>Lu\u010d za kolo Magicshine RAY 1600B<\/title>\n<meta name=\"description\" content=\"Lu\u010d za kolo Magicshine Ray 1600B je popolnoma nov model znamke Magicshine, Ponuja zanesljivo osvetlitev in kvalitetno izdelavo.\" \/>\n<meta name=\"robots\" content=\"index, follow, max-snippet:-1, max-image-preview:large, max-video-preview:-1\" \/>\n<link rel=\"canonical\" href=\"https:\/\/www.sportshine.eu\/hu\/uzlet\/magicshine-ray-1600b-kerekparlampa\/\" \/>\n<meta property=\"og:locale\" content=\"hu_HU\" \/>\n<meta property=\"og:type\" content=\"article\" \/>\n<meta property=\"og:title\" content=\"Lu\u010d za kolo Magicshine RAY 1600B\" \/>\n<meta property=\"og:description\" content=\"Lu\u010d za kolo Magicshine Ray 1600B je popolnoma nov model znamke Magicshine, Ponuja zanesljivo osvetlitev in kvalitetno izdelavo.\" \/>\n<meta property=\"og:url\" content=\"https:\/\/www.sportshine.eu\/hu\/uzlet\/magicshine-ray-1600b-kerekparlampa\/\" \/>\n<meta property=\"og:site_name\" content=\"Sportshine\" \/>\n<meta property=\"article:publisher\" content=\"https:\/\/www.facebook.com\/sportshine.eu\/\" \/>\n<meta property=\"article:modified_time\" content=\"2025-11-21T22:13:00+00:00\" \/>\n<meta property=\"og:image\" content=\"https:\/\/www.sportshine.eu\/wp-content\/uploads\/2025\/07\/luc-Magicshine-RAY-1600B.webp\" \/>\n\t<meta property=\"og:image:width\" content=\"800\" \/>\n\t<meta property=\"og:image:height\" content=\"800\" \/>\n\t<meta property=\"og:image:type\" content=\"image\/webp\" \/>\n<meta name=\"twitter:card\" content=\"summary_large_image\" \/>\n<meta name=\"twitter:label1\" content=\"Becs\u00fclt olvas\u00e1si id\u0151\" \/>\n\t<meta name=\"twitter:data1\" content=\"3 perc\" \/>\n<script type=\"application\/ld+json\" class=\"yoast-schema-graph\">{\"@context\":\"https:\\\/\\\/schema.org\",\"@graph\":[{\"@type\":\"WebPage\",\"@id\":\"https:\\\/\\\/www.sportshine.eu\\\/trgovina\\\/luc-za-kolo-magicshine-ray-1600b\\\/\",\"url\":\"https:\\\/\\\/www.sportshine.eu\\\/trgovina\\\/luc-za-kolo-magicshine-ray-1600b\\\/\",\"name\":\"Lu\u010d za kolo Magicshine RAY 1600B\",\"isPartOf\":{\"@id\":\"https:\\\/\\\/www.sportshine.eu\\\/#website\"},\"primaryImageOfPage\":{\"@id\":\"https:\\\/\\\/www.sportshine.eu\\\/trgovina\\\/luc-za-kolo-magicshine-ray-1600b\\\/#primaryimage\"},\"image\":{\"@id\":\"https:\\\/\\\/www.sportshine.eu\\\/trgovina\\\/luc-za-kolo-magicshine-ray-1600b\\\/#primaryimage\"},\"thumbnailUrl\":\"https:\\\/\\\/www.sportshine.eu\\\/wp-content\\\/uploads\\\/2025\\\/07\\\/luc-Magicshine-RAY-1600B.webp\",\"datePublished\":\"2025-07-05T19:57:34+00:00\",\"dateModified\":\"2025-11-21T22:13:00+00:00\",\"description\":\"Lu\u010d za kolo Magicshine Ray 1600B je popolnoma nov model znamke Magicshine, Ponuja zanesljivo osvetlitev in kvalitetno izdelavo.\",\"breadcrumb\":{\"@id\":\"https:\\\/\\\/www.sportshine.eu\\\/trgovina\\\/luc-za-kolo-magicshine-ray-1600b\\\/#breadcrumb\"},\"inLanguage\":\"hu\",\"potentialAction\":[{\"@type\":\"ReadAction\",\"target\":[\"https:\\\/\\\/www.sportshine.eu\\\/trgovina\\\/luc-za-kolo-magicshine-ray-1600b\\\/\"]}]},{\"@type\":\"ImageObject\",\"inLanguage\":\"hu\",\"@id\":\"https:\\\/\\\/www.sportshine.eu\\\/trgovina\\\/luc-za-kolo-magicshine-ray-1600b\\\/#primaryimage\",\"url\":\"https:\\\/\\\/www.sportshine.eu\\\/wp-content\\\/uploads\\\/2025\\\/07\\\/luc-Magicshine-RAY-1600B.webp\",\"contentUrl\":\"https:\\\/\\\/www.sportshine.eu\\\/wp-content\\\/uploads\\\/2025\\\/07\\\/luc-Magicshine-RAY-1600B.webp\",\"width\":800,\"height\":800},{\"@type\":\"BreadcrumbList\",\"@id\":\"https:\\\/\\\/www.sportshine.eu\\\/trgovina\\\/luc-za-kolo-magicshine-ray-1600b\\\/#breadcrumb\",\"itemListElement\":[{\"@type\":\"ListItem\",\"position\":1,\"name\":\"Home\",\"item\":\"https:\\\/\\\/www.sportshine.eu\\\/\"},{\"@type\":\"ListItem\",\"position\":2,\"name\":\"Trgovina\",\"item\":\"https:\\\/\\\/www.sportshine.eu\\\/trgovina\\\/\"},{\"@type\":\"ListItem\",\"position\":3,\"name\":\"Lu\u010d za kolo Magicshine RAY 1600B\"}]},{\"@type\":\"WebSite\",\"@id\":\"https:\\\/\\\/www.sportshine.eu\\\/#website\",\"url\":\"https:\\\/\\\/www.sportshine.eu\\\/\",\"name\":\"Sportshine\",\"description\":\"Top spletna trgovina kolesarskih in naglavnih svetilk ter opreme\",\"publisher\":{\"@id\":\"https:\\\/\\\/www.sportshine.eu\\\/#organization\"},\"potentialAction\":[{\"@type\":\"SearchAction\",\"target\":{\"@type\":\"EntryPoint\",\"urlTemplate\":\"https:\\\/\\\/www.sportshine.eu\\\/?s={search_term_string}\"},\"query-input\":{\"@type\":\"PropertyValueSpecification\",\"valueRequired\":true,\"valueName\":\"search_term_string\"}}],\"inLanguage\":\"hu\"},{\"@type\":\"Organization\",\"@id\":\"https:\\\/\\\/www.sportshine.eu\\\/#organization\",\"name\":\"Sportshine\",\"url\":\"https:\\\/\\\/www.sportshine.eu\\\/\",\"logo\":{\"@type\":\"ImageObject\",\"inLanguage\":\"hu\",\"@id\":\"https:\\\/\\\/www.sportshine.eu\\\/#\\\/schema\\\/logo\\\/image\\\/\",\"url\":\"https:\\\/\\\/www.sportshine.eu\\\/wp-content\\\/uploads\\\/2026\\\/01\\\/cropped-Sportshine.webp\",\"contentUrl\":\"https:\\\/\\\/www.sportshine.eu\\\/wp-content\\\/uploads\\\/2026\\\/01\\\/cropped-Sportshine.webp\",\"width\":295,\"height\":128,\"caption\":\"Sportshine\"},\"image\":{\"@id\":\"https:\\\/\\\/www.sportshine.eu\\\/#\\\/schema\\\/logo\\\/image\\\/\"},\"sameAs\":[\"https:\\\/\\\/www.facebook.com\\\/sportshine.eu\\\/\"]}]}<\/script>\n<!-- \/ Yoast SEO plugin. -->","yoast_head_json":{"title":"Magicshine RAY 1600B ker\u00e9kp\u00e1rl\u00e1mpa","description":"A Magicshine Ray 1600B ker\u00e9kp\u00e1rl\u00e1mpa a Magicshine m\u00e1rka teljesen \u00faj modellje. Megb\u00edzhat\u00f3 vil\u00e1g\u00edt\u00e1st \u00e9s min\u0151s\u00e9gi kidolgoz\u00e1st k\u00edn\u00e1l.","robots":{"index":"index","follow":"follow","max-snippet":"max-snippet:-1","max-image-preview":"max-image-preview:large","max-video-preview":"max-video-preview:-1"},"canonical":"https:\/\/www.sportshine.eu\/hu\/uzlet\/magicshine-ray-1600b-kerekparlampa\/","og_locale":"hu_HU","og_type":"article","og_title":"Lu\u010d za kolo Magicshine RAY 1600B","og_description":"Lu\u010d za kolo Magicshine Ray 1600B je popolnoma nov model znamke Magicshine, Ponuja zanesljivo osvetlitev in kvalitetno izdelavo.","og_url":"https:\/\/www.sportshine.eu\/hu\/uzlet\/magicshine-ray-1600b-kerekparlampa\/","og_site_name":"Sportshine","article_publisher":"https:\/\/www.facebook.com\/sportshine.eu\/","article_modified_time":"2025-11-21T22:13:00+00:00","og_image":[{"width":800,"height":800,"url":"https:\/\/www.sportshine.eu\/wp-content\/uploads\/2025\/07\/luc-Magicshine-RAY-1600B.webp","type":"image\/webp"}],"twitter_card":"summary_large_image","twitter_misc":{"Becs\u00fclt olvas\u00e1si id\u0151":"3 perc"},"schema":{"@context":"https:\/\/schema.org","@graph":[{"@type":"WebPage","@id":"https:\/\/www.sportshine.eu\/trgovina\/luc-za-kolo-magicshine-ray-1600b\/","url":"https:\/\/www.sportshine.eu\/trgovina\/luc-za-kolo-magicshine-ray-1600b\/","name":"Magicshine RAY 1600B ker\u00e9kp\u00e1rl\u00e1mpa","isPartOf":{"@id":"https:\/\/www.sportshine.eu\/#website"},"primaryImageOfPage":{"@id":"https:\/\/www.sportshine.eu\/trgovina\/luc-za-kolo-magicshine-ray-1600b\/#primaryimage"},"image":{"@id":"https:\/\/www.sportshine.eu\/trgovina\/luc-za-kolo-magicshine-ray-1600b\/#primaryimage"},"thumbnailUrl":"https:\/\/www.sportshine.eu\/wp-content\/uploads\/2025\/07\/luc-Magicshine-RAY-1600B.webp","datePublished":"2025-07-05T19:57:34+00:00","dateModified":"2025-11-21T22:13:00+00:00","description":"A Magicshine Ray 1600B ker\u00e9kp\u00e1rl\u00e1mpa a Magicshine m\u00e1rka teljesen \u00faj modellje. Megb\u00edzhat\u00f3 vil\u00e1g\u00edt\u00e1st \u00e9s min\u0151s\u00e9gi kidolgoz\u00e1st k\u00edn\u00e1l.","breadcrumb":{"@id":"https:\/\/www.sportshine.eu\/trgovina\/luc-za-kolo-magicshine-ray-1600b\/#breadcrumb"},"inLanguage":"hu","potentialAction":[{"@type":"ReadAction","target":["https:\/\/www.sportshine.eu\/trgovina\/luc-za-kolo-magicshine-ray-1600b\/"]}]},{"@type":"ImageObject","inLanguage":"hu","@id":"https:\/\/www.sportshine.eu\/trgovina\/luc-za-kolo-magicshine-ray-1600b\/#primaryimage","url":"https:\/\/www.sportshine.eu\/wp-content\/uploads\/2025\/07\/luc-Magicshine-RAY-1600B.webp","contentUrl":"https:\/\/www.sportshine.eu\/wp-content\/uploads\/2025\/07\/luc-Magicshine-RAY-1600B.webp","width":800,"height":800},{"@type":"BreadcrumbList","@id":"https:\/\/www.sportshine.eu\/trgovina\/luc-za-kolo-magicshine-ray-1600b\/#breadcrumb","itemListElement":[{"@type":"ListItem","position":1,"name":"Home","item":"https:\/\/www.sportshine.eu\/"},{"@type":"ListItem","position":2,"name":"Trgovina","item":"https:\/\/www.sportshine.eu\/trgovina\/"},{"@type":"ListItem","position":3,"name":"Lu\u010d za kolo Magicshine RAY 1600B"}]},{"@type":"WebSite","@id":"https:\/\/www.sportshine.eu\/#website","url":"https:\/\/www.sportshine.eu\/","name":"Sportshine","description":"Ker\u00e9kp\u00e1ros, fejl\u00e1mp\u00e1k \u00e9s felszerel\u00e9sek online \u00e1ruh\u00e1z\u00e1nak vezet\u0151 k\u00edn\u00e1lata","publisher":{"@id":"https:\/\/www.sportshine.eu\/#organization"},"potentialAction":[{"@type":"SearchAction","target":{"@type":"EntryPoint","urlTemplate":"https:\/\/www.sportshine.eu\/?s={search_term_string}"},"query-input":{"@type":"PropertyValueSpecification","valueRequired":true,"valueName":"search_term_string"}}],"inLanguage":"hu"},{"@type":"Organization","@id":"https:\/\/www.sportshine.eu\/#organization","name":"Sportshine","url":"https:\/\/www.sportshine.eu\/","logo":{"@type":"ImageObject","inLanguage":"hu","@id":"https:\/\/www.sportshine.eu\/#\/schema\/logo\/image\/","url":"https:\/\/www.sportshine.eu\/wp-content\/uploads\/2026\/01\/cropped-Sportshine.webp","contentUrl":"https:\/\/www.sportshine.eu\/wp-content\/uploads\/2026\/01\/cropped-Sportshine.webp","width":295,"height":128,"caption":"Sportshine"},"image":{"@id":"https:\/\/www.sportshine.eu\/#\/schema\/logo\/image\/"},"sameAs":["https:\/\/www.facebook.com\/sportshine.eu\/"]}]}},"_links":{"self":[{"href":"https:\/\/www.sportshine.eu\/hu\/wp-json\/wp\/v2\/product\/6475","targetHints":{"allow":["GET"]}}],"collection":[{"href":"https:\/\/www.sportshine.eu\/hu\/wp-json\/wp\/v2\/product"}],"about":[{"href":"https:\/\/www.sportshine.eu\/hu\/wp-json\/wp\/v2\/types\/product"}],"replies":[{"embeddable":true,"href":"https:\/\/www.sportshine.eu\/hu\/wp-json\/wp\/v2\/comments?post=6475"}],"version-history":[{"count":0,"href":"https:\/\/www.sportshine.eu\/hu\/wp-json\/wp\/v2\/product\/6475\/revisions"}],"wp:featuredmedia":[{"embeddable":true,"href":"https:\/\/www.sportshine.eu\/hu\/wp-json\/wp\/v2\/media\/6087"}],"wp:attachment":[{"href":"https:\/\/www.sportshine.eu\/hu\/wp-json\/wp\/v2\/media?parent=6475"}],"wp:term":[{"taxonomy":"product_brand","embeddable":true,"href":"https:\/\/www.sportshine.eu\/hu\/wp-json\/wp\/v2\/product_brand?post=6475"},{"taxonomy":"product_cat","embeddable":true,"href":"https:\/\/www.sportshine.eu\/hu\/wp-json\/wp\/v2\/product_cat?post=6475"},{"taxonomy":"product_tag","embeddable":true,"href":"https:\/\/www.sportshine.eu\/hu\/wp-json\/wp\/v2\/product_tag?post=6475"}],"curies":[{"name":"wp","href":"https:\/\/api.w.org\/{rel}","templated":true}]}}