{"id":6473,"date":"2025-07-05T19:57:32","date_gmt":"2025-07-05T19:57:32","guid":{"rendered":"https:\/\/www.sportshine.eu\/?post_type=product&#038;p=6473"},"modified":"2025-11-21T22:17:40","modified_gmt":"2025-11-21T22:17:40","slug":"magicshine-allty-800-kerekparlampa","status":"publish","type":"product","link":"https:\/\/www.sportshine.eu\/hu\/uzlet\/magicshine-allty-800-kerekparlampa\/","title":{"rendered":"Magicshine Allty 800 ker\u00e9kp\u00e1rl\u00e1mpa"},"content":{"rendered":"<h3 style=\"text-align: center;\">VIDE\u00d3S BEMUTAT\u00d3<\/h3>\n<p><iframe loading=\"lazy\" title=\"Magicshine Allty 400 \/ Allty 600 \/ Allty 800 ker\u00e9kp\u00e1r f\u00e9nysz\u00f3r\u00f3 teszt - USB Type-C + Garmin tart\u00f3val\" width=\"500\" height=\"281\" src=\"https:\/\/www.youtube.com\/embed\/lKCqrUT5OD0?feature=oembed\" frameborder=\"0\" allow=\"accelerometer; autoplay; clipboard-write; encrypted-media; gyroscope; picture-in-picture; web-share\" referrerpolicy=\"strict-origin-when-cross-origin\" allowfullscreen><\/iframe><\/p>\n<h3 style=\"text-align: center;\">NAGY TELJES\u00cdTM\u00c9NY\u0170 OPTIKAI LENCSE<\/h3>\n<p style=\"text-align: center;\">Az ALLTY 800 nagy hat\u00e9konys\u00e1g\u00fa optikai lencs\u00e9t haszn\u00e1l, amely maxim\u00e1lisan 800 lumen f\u00e9nyer\u0151t biztos\u00edt. Az oldals\u00f3 vil\u00e1g\u00edt\u00e1s \u00e1tgondolt kialak\u00edt\u00e1sa biztos\u00edtja a vezet\u0151k fokozott figyelm\u00e9t.<\/p>\n<h3 style=\"text-align: center;\"><img decoding=\"async\" class=\"aligncenter wp-image-7154\" src=\"https:\/\/www.sportshine.eu\/wp-content\/uploads\/2025\/07\/ALLTY-800-1.webp\" alt=\"\" width=\"800\" height=\"600\" \/><\/h3>\n<h3 style=\"text-align: center;\">A TELJES\u00cdTM\u00c9NY MEGHALADJA A L\u00c1MPA M\u00c9RET\u00c9T<\/h3>\n<p style=\"text-align: center;\">Az Allty 800 ker\u00e9kp\u00e1rl\u00e1mpa nagy teljes\u00edtm\u00e9ny\u0171 akkumul\u00e1torral (4000 mAh) van felszerelve, \u00e9s hossz\u00fa \u00fczemid\u0151t, valamint megb\u00edzhat\u00f3 vil\u00e1g\u00edt\u00e1st biztos\u00edt.<\/p>\n<p><img decoding=\"async\" class=\"aligncenter wp-image-7156\" src=\"https:\/\/www.sportshine.eu\/wp-content\/uploads\/2025\/07\/allty-800-kolesarska-luc-1.webp\" alt=\"\" width=\"800\" height=\"600\" \/><\/p>\n<h3 style=\"text-align: center;\">USB C bemeneten kereszt\u00fcl t\u00f6lthet\u0151<\/h3>\n<p style=\"text-align: center;\">Az USB-C gyorst\u00f6lt\u0151 portnak k\u00f6sz\u00f6nhet\u0151en az ALLTY 800 gyors t\u00f6lt\u00e9st tesz lehet\u0151v\u00e9. Ennek a l\u00e1mp\u00e1nak a k\u00fcl\u00f6nlegess\u00e9ge, hogy t\u00f6lt\u0151\u00e1llom\u00e1sk\u00e9nt is funkcion\u00e1l, \u00edgy \u00fatk\u00f6zben is t\u00f6ltheted a telefonodat vagy a m\u00e9r\u0151\u00f3r\u00e1dat.<\/p>\n<p><img decoding=\"async\" class=\"aligncenter wp-image-7157\" src=\"https:\/\/www.sportshine.eu\/wp-content\/uploads\/2025\/07\/luc-allty-800.webp\" alt=\"\" width=\"800\" height=\"600\" \/><\/p>\n<h3 style=\"text-align: center;\">K\u00d6NNYEN OLVASHAT\u00d3 TELJES\u00cdTM\u00c9NYJELZ\u0150<\/h3>\n<p style=\"text-align: center;\">Bekapcsolt k\u00e9sz\u00fcl\u00e9k eset\u00e9n a bekapcsol\u00f3gombon tal\u00e1lhat\u00f3 jelz\u0151f\u00e9ny jelzi az akkumul\u00e1tor t\u00f6lt\u00f6tts\u00e9gi szintj\u00e9t. Kikapcsolt k\u00e9sz\u00fcl\u00e9k eset\u00e9n a jelz\u0151f\u00e9ny aktiv\u00e1l\u00e1s\u00e1hoz nyomja meg r\u00f6viden a bekapcsol\u00f3gombot (3 m\u00e1sodperc m\u00falva automatikusan kikapcsol).<\/p>\n<p style=\"text-align: center;\">Z\u00d6LD: 21%-100%<br \/>\nPIROS: 11%-20%<br \/>\nVILLOG\u00d3 PIROS: 0%-10%<\/p>\n<p><img decoding=\"async\" class=\"aligncenter wp-image-7158\" src=\"https:\/\/www.sportshine.eu\/wp-content\/uploads\/2025\/07\/allty-800-luc-za-kolo.webp\" alt=\"\" width=\"800\" height=\"600\" \/><\/p>\n<h3 style=\"text-align: center;\">V\u00cdZ\u00c1LL\u00d3 AZ IPX7 SZABV\u00c1NY SZERINT<\/h3>\n<p style=\"text-align: center;\">Az ALLTY 800 ker\u00e9kp\u00e1rl\u00e1mpa v\u00edz\u00e1ll\u00f3s\u00e1ga IPX7 besorol\u00e1s\u00fa az IEC 60529 szabv\u00e1ny szerint, ami azt jelenti, hogy az ALLTY 800 ak\u00e1r 1 m\u00e9ter m\u00e9ly v\u00edzben is maradhat 30 percig an\u00e9lk\u00fcl, hogy a term\u00e9k teljes\u00edtm\u00e9nye romlana.<\/p>\n<p><img decoding=\"async\" class=\"aligncenter wp-image-7159\" src=\"https:\/\/www.sportshine.eu\/wp-content\/uploads\/2025\/07\/allty-800-kolesarska-luc-2.webp\" alt=\"\" width=\"800\" height=\"600\" \/><\/p>\n<h3 style=\"text-align: center;\">F\u00c9MTOK \u00c9S TART\u00d3S MIN\u0150S\u00c9G<\/h3>\n<p style=\"text-align: center;\">A teljes alum\u00ednium\u00f6tv\u00f6zetb\u0151l k\u00e9sz\u00fclt test hossz\u00fa t\u00e1v\u00fa tart\u00f3ss\u00e1got biztos\u00edt.<\/p>\n<p><img decoding=\"async\" class=\"aligncenter wp-image-7160\" src=\"https:\/\/www.sportshine.eu\/wp-content\/uploads\/2025\/07\/luc-allty.webp\" alt=\"\" width=\"800\" height=\"600\" \/><\/p>\n<h3 style=\"text-align: center;\">A CSOMAGBAN KAPOD<\/h3>\n<p><img decoding=\"async\" class=\"aligncenter wp-image-7161\" src=\"https:\/\/www.sportshine.eu\/wp-content\/uploads\/2025\/07\/allty_800_11.webp\" alt=\"\" width=\"800\" height=\"393\" \/><\/p>\n<p>&nbsp;<\/p>","protected":false},"excerpt":{"rendered":"<p>A Magicshine ALLTY 800 ker\u00e9kp\u00e1rl\u00e1mpa egy kifejezetten orsz\u00e1g\u00fati ker\u00e9kp\u00e1roz\u00e1shoz tervezett ker\u00e9kp\u00e1rl\u00e1mpa. USB-C porton kereszt\u00fcl t\u00f6lthet\u0151, \u00e9s akkumul\u00e1tork\u00e9nt is haszn\u00e1lhat\u00f3 eszk\u00f6zeihez. 800 lumen f\u00e9nyerej\u00e9vel, ak\u00e1r 141 m\u00e9teres hat\u00f3t\u00e1vols\u00e1g\u00e1val \u00e9s hossz\u00fa \u00fczemidej\u00e9vel (ak\u00e1r 11 \u00f3ra) ide\u00e1lis t\u00e1rs a biztons\u00e1gos \u00e9s k\u00e9nyelmes ker\u00e9kp\u00e1roz\u00e1shoz minden id\u0151j\u00e1r\u00e1si k\u00f6r\u00fclm\u00e9ny k\u00f6z\u00f6tt. Ezenk\u00edv\u00fcl v\u00edz\u00e1ll\u00f3, magas IPX7 besorol\u00e1ssal, \u00edgy es\u0151ben is megb\u00edzhat\u00f3.<\/p>","protected":false},"featured_media":6081,"comment_status":"open","ping_status":"closed","template":"","meta":[],"product_brand":[131],"product_cat":[82,150],"product_tag":[],"class_list":{"0":"post-6473","1":"product","2":"type-product","3":"status-publish","4":"has-post-thumbnail","6":"product_brand-magicshine","7":"product_cat-kolesarske-luci","8":"product_cat-sprednje-kolesarske-luci","10":"first","11":"instock","12":"taxable","13":"shipping-taxable","14":"purchasable","15":"product-type-simple"},"yoast_head":"<!-- This site is optimized with the Yoast SEO plugin v27.3 - https:\/\/yoast.com\/product\/yoast-seo-wordpress\/ -->\n<title>Magicshine Allty 800 kolesarska lu\u010d<\/title>\n<meta name=\"description\" content=\"Magicshine ALLTY 800 je posebej zasnovana kolesarska lu\u010d za cestno kolesarjenje. Z impresivnim izhodom 800 lumnov in delovanjem do 11 ur.\" \/>\n<meta name=\"robots\" content=\"index, follow, max-snippet:-1, max-image-preview:large, max-video-preview:-1\" \/>\n<link rel=\"canonical\" href=\"https:\/\/www.sportshine.eu\/hu\/uzlet\/magicshine-allty-800-kerekparlampa\/\" \/>\n<meta property=\"og:locale\" content=\"hu_HU\" \/>\n<meta property=\"og:type\" content=\"article\" \/>\n<meta property=\"og:title\" content=\"Magicshine Allty 800 kolesarska lu\u010d\" \/>\n<meta property=\"og:description\" content=\"Magicshine ALLTY 800 je posebej zasnovana kolesarska lu\u010d za cestno kolesarjenje. Z impresivnim izhodom 800 lumnov in delovanjem do 11 ur.\" \/>\n<meta property=\"og:url\" content=\"https:\/\/www.sportshine.eu\/hu\/uzlet\/magicshine-allty-800-kerekparlampa\/\" \/>\n<meta property=\"og:site_name\" content=\"Sportshine\" \/>\n<meta property=\"article:publisher\" content=\"https:\/\/www.facebook.com\/sportshine.eu\/\" \/>\n<meta property=\"article:modified_time\" content=\"2025-11-21T22:17:40+00:00\" \/>\n<meta property=\"og:image\" content=\"https:\/\/www.sportshine.eu\/wp-content\/uploads\/2025\/07\/Magicshsine-Allty-800-kolesarska-luc.webp\" \/>\n\t<meta property=\"og:image:width\" content=\"500\" \/>\n\t<meta property=\"og:image:height\" content=\"500\" \/>\n\t<meta property=\"og:image:type\" content=\"image\/webp\" \/>\n<meta name=\"twitter:card\" content=\"summary_large_image\" \/>\n<meta name=\"twitter:label1\" content=\"Becs\u00fclt olvas\u00e1si id\u0151\" \/>\n\t<meta name=\"twitter:data1\" content=\"3 perc\" \/>\n<script type=\"application\/ld+json\" class=\"yoast-schema-graph\">{\"@context\":\"https:\\\/\\\/schema.org\",\"@graph\":[{\"@type\":\"WebPage\",\"@id\":\"https:\\\/\\\/www.sportshine.eu\\\/trgovina\\\/magicshine-allty-800-kolesarska-luc\\\/\",\"url\":\"https:\\\/\\\/www.sportshine.eu\\\/trgovina\\\/magicshine-allty-800-kolesarska-luc\\\/\",\"name\":\"Magicshine Allty 800 kolesarska lu\u010d\",\"isPartOf\":{\"@id\":\"https:\\\/\\\/www.sportshine.eu\\\/#website\"},\"primaryImageOfPage\":{\"@id\":\"https:\\\/\\\/www.sportshine.eu\\\/trgovina\\\/magicshine-allty-800-kolesarska-luc\\\/#primaryimage\"},\"image\":{\"@id\":\"https:\\\/\\\/www.sportshine.eu\\\/trgovina\\\/magicshine-allty-800-kolesarska-luc\\\/#primaryimage\"},\"thumbnailUrl\":\"https:\\\/\\\/www.sportshine.eu\\\/wp-content\\\/uploads\\\/2025\\\/07\\\/Magicshsine-Allty-800-kolesarska-luc.webp\",\"datePublished\":\"2025-07-05T19:57:32+00:00\",\"dateModified\":\"2025-11-21T22:17:40+00:00\",\"description\":\"Magicshine ALLTY 800 je posebej zasnovana kolesarska lu\u010d za cestno kolesarjenje. Z impresivnim izhodom 800 lumnov in delovanjem do 11 ur.\",\"breadcrumb\":{\"@id\":\"https:\\\/\\\/www.sportshine.eu\\\/trgovina\\\/magicshine-allty-800-kolesarska-luc\\\/#breadcrumb\"},\"inLanguage\":\"hu\",\"potentialAction\":[{\"@type\":\"ReadAction\",\"target\":[\"https:\\\/\\\/www.sportshine.eu\\\/trgovina\\\/magicshine-allty-800-kolesarska-luc\\\/\"]}]},{\"@type\":\"ImageObject\",\"inLanguage\":\"hu\",\"@id\":\"https:\\\/\\\/www.sportshine.eu\\\/trgovina\\\/magicshine-allty-800-kolesarska-luc\\\/#primaryimage\",\"url\":\"https:\\\/\\\/www.sportshine.eu\\\/wp-content\\\/uploads\\\/2025\\\/07\\\/Magicshsine-Allty-800-kolesarska-luc.webp\",\"contentUrl\":\"https:\\\/\\\/www.sportshine.eu\\\/wp-content\\\/uploads\\\/2025\\\/07\\\/Magicshsine-Allty-800-kolesarska-luc.webp\",\"width\":500,\"height\":500},{\"@type\":\"BreadcrumbList\",\"@id\":\"https:\\\/\\\/www.sportshine.eu\\\/trgovina\\\/magicshine-allty-800-kolesarska-luc\\\/#breadcrumb\",\"itemListElement\":[{\"@type\":\"ListItem\",\"position\":1,\"name\":\"Home\",\"item\":\"https:\\\/\\\/www.sportshine.eu\\\/\"},{\"@type\":\"ListItem\",\"position\":2,\"name\":\"Trgovina\",\"item\":\"https:\\\/\\\/www.sportshine.eu\\\/trgovina\\\/\"},{\"@type\":\"ListItem\",\"position\":3,\"name\":\"Magicshine Allty 800 kolesarska lu\u010d\"}]},{\"@type\":\"WebSite\",\"@id\":\"https:\\\/\\\/www.sportshine.eu\\\/#website\",\"url\":\"https:\\\/\\\/www.sportshine.eu\\\/\",\"name\":\"Sportshine\",\"description\":\"Top spletna trgovina kolesarskih in naglavnih svetilk ter opreme\",\"publisher\":{\"@id\":\"https:\\\/\\\/www.sportshine.eu\\\/#organization\"},\"potentialAction\":[{\"@type\":\"SearchAction\",\"target\":{\"@type\":\"EntryPoint\",\"urlTemplate\":\"https:\\\/\\\/www.sportshine.eu\\\/?s={search_term_string}\"},\"query-input\":{\"@type\":\"PropertyValueSpecification\",\"valueRequired\":true,\"valueName\":\"search_term_string\"}}],\"inLanguage\":\"hu\"},{\"@type\":\"Organization\",\"@id\":\"https:\\\/\\\/www.sportshine.eu\\\/#organization\",\"name\":\"Sportshine\",\"url\":\"https:\\\/\\\/www.sportshine.eu\\\/\",\"logo\":{\"@type\":\"ImageObject\",\"inLanguage\":\"hu\",\"@id\":\"https:\\\/\\\/www.sportshine.eu\\\/#\\\/schema\\\/logo\\\/image\\\/\",\"url\":\"https:\\\/\\\/www.sportshine.eu\\\/wp-content\\\/uploads\\\/2026\\\/01\\\/cropped-Sportshine.webp\",\"contentUrl\":\"https:\\\/\\\/www.sportshine.eu\\\/wp-content\\\/uploads\\\/2026\\\/01\\\/cropped-Sportshine.webp\",\"width\":295,\"height\":128,\"caption\":\"Sportshine\"},\"image\":{\"@id\":\"https:\\\/\\\/www.sportshine.eu\\\/#\\\/schema\\\/logo\\\/image\\\/\"},\"sameAs\":[\"https:\\\/\\\/www.facebook.com\\\/sportshine.eu\\\/\"]}]}<\/script>\n<!-- \/ Yoast SEO plugin. -->","yoast_head_json":{"title":"Magicshine Allty 800 ker\u00e9kp\u00e1rl\u00e1mpa","description":"A Magicshine ALLTY 800 egy kifejezetten orsz\u00e1g\u00fati ker\u00e9kp\u00e1roz\u00e1shoz tervezett ker\u00e9kp\u00e1rl\u00e1mpa. Leny\u0171g\u00f6z\u0151 800 lumenes f\u00e9nyer\u0151vel \u00e9s ak\u00e1r 11 \u00f3r\u00e1s \u00fczemid\u0151vel.","robots":{"index":"index","follow":"follow","max-snippet":"max-snippet:-1","max-image-preview":"max-image-preview:large","max-video-preview":"max-video-preview:-1"},"canonical":"https:\/\/www.sportshine.eu\/hu\/uzlet\/magicshine-allty-800-kerekparlampa\/","og_locale":"hu_HU","og_type":"article","og_title":"Magicshine Allty 800 kolesarska lu\u010d","og_description":"Magicshine ALLTY 800 je posebej zasnovana kolesarska lu\u010d za cestno kolesarjenje. Z impresivnim izhodom 800 lumnov in delovanjem do 11 ur.","og_url":"https:\/\/www.sportshine.eu\/hu\/uzlet\/magicshine-allty-800-kerekparlampa\/","og_site_name":"Sportshine","article_publisher":"https:\/\/www.facebook.com\/sportshine.eu\/","article_modified_time":"2025-11-21T22:17:40+00:00","og_image":[{"width":500,"height":500,"url":"https:\/\/www.sportshine.eu\/wp-content\/uploads\/2025\/07\/Magicshsine-Allty-800-kolesarska-luc.webp","type":"image\/webp"}],"twitter_card":"summary_large_image","twitter_misc":{"Becs\u00fclt olvas\u00e1si id\u0151":"3 perc"},"schema":{"@context":"https:\/\/schema.org","@graph":[{"@type":"WebPage","@id":"https:\/\/www.sportshine.eu\/trgovina\/magicshine-allty-800-kolesarska-luc\/","url":"https:\/\/www.sportshine.eu\/trgovina\/magicshine-allty-800-kolesarska-luc\/","name":"Magicshine Allty 800 ker\u00e9kp\u00e1rl\u00e1mpa","isPartOf":{"@id":"https:\/\/www.sportshine.eu\/#website"},"primaryImageOfPage":{"@id":"https:\/\/www.sportshine.eu\/trgovina\/magicshine-allty-800-kolesarska-luc\/#primaryimage"},"image":{"@id":"https:\/\/www.sportshine.eu\/trgovina\/magicshine-allty-800-kolesarska-luc\/#primaryimage"},"thumbnailUrl":"https:\/\/www.sportshine.eu\/wp-content\/uploads\/2025\/07\/Magicshsine-Allty-800-kolesarska-luc.webp","datePublished":"2025-07-05T19:57:32+00:00","dateModified":"2025-11-21T22:17:40+00:00","description":"A Magicshine ALLTY 800 egy kifejezetten orsz\u00e1g\u00fati ker\u00e9kp\u00e1roz\u00e1shoz tervezett ker\u00e9kp\u00e1rl\u00e1mpa. Leny\u0171g\u00f6z\u0151 800 lumenes f\u00e9nyer\u0151vel \u00e9s ak\u00e1r 11 \u00f3r\u00e1s \u00fczemid\u0151vel.","breadcrumb":{"@id":"https:\/\/www.sportshine.eu\/trgovina\/magicshine-allty-800-kolesarska-luc\/#breadcrumb"},"inLanguage":"hu","potentialAction":[{"@type":"ReadAction","target":["https:\/\/www.sportshine.eu\/trgovina\/magicshine-allty-800-kolesarska-luc\/"]}]},{"@type":"ImageObject","inLanguage":"hu","@id":"https:\/\/www.sportshine.eu\/trgovina\/magicshine-allty-800-kolesarska-luc\/#primaryimage","url":"https:\/\/www.sportshine.eu\/wp-content\/uploads\/2025\/07\/Magicshsine-Allty-800-kolesarska-luc.webp","contentUrl":"https:\/\/www.sportshine.eu\/wp-content\/uploads\/2025\/07\/Magicshsine-Allty-800-kolesarska-luc.webp","width":500,"height":500},{"@type":"BreadcrumbList","@id":"https:\/\/www.sportshine.eu\/trgovina\/magicshine-allty-800-kolesarska-luc\/#breadcrumb","itemListElement":[{"@type":"ListItem","position":1,"name":"Home","item":"https:\/\/www.sportshine.eu\/"},{"@type":"ListItem","position":2,"name":"Trgovina","item":"https:\/\/www.sportshine.eu\/trgovina\/"},{"@type":"ListItem","position":3,"name":"Magicshine Allty 800 kolesarska lu\u010d"}]},{"@type":"WebSite","@id":"https:\/\/www.sportshine.eu\/#website","url":"https:\/\/www.sportshine.eu\/","name":"Sportshine","description":"Ker\u00e9kp\u00e1ros, fejl\u00e1mp\u00e1k \u00e9s felszerel\u00e9sek online \u00e1ruh\u00e1z\u00e1nak vezet\u0151 k\u00edn\u00e1lata","publisher":{"@id":"https:\/\/www.sportshine.eu\/#organization"},"potentialAction":[{"@type":"SearchAction","target":{"@type":"EntryPoint","urlTemplate":"https:\/\/www.sportshine.eu\/?s={search_term_string}"},"query-input":{"@type":"PropertyValueSpecification","valueRequired":true,"valueName":"search_term_string"}}],"inLanguage":"hu"},{"@type":"Organization","@id":"https:\/\/www.sportshine.eu\/#organization","name":"Sportshine","url":"https:\/\/www.sportshine.eu\/","logo":{"@type":"ImageObject","inLanguage":"hu","@id":"https:\/\/www.sportshine.eu\/#\/schema\/logo\/image\/","url":"https:\/\/www.sportshine.eu\/wp-content\/uploads\/2026\/01\/cropped-Sportshine.webp","contentUrl":"https:\/\/www.sportshine.eu\/wp-content\/uploads\/2026\/01\/cropped-Sportshine.webp","width":295,"height":128,"caption":"Sportshine"},"image":{"@id":"https:\/\/www.sportshine.eu\/#\/schema\/logo\/image\/"},"sameAs":["https:\/\/www.facebook.com\/sportshine.eu\/"]}]}},"_links":{"self":[{"href":"https:\/\/www.sportshine.eu\/hu\/wp-json\/wp\/v2\/product\/6473","targetHints":{"allow":["GET"]}}],"collection":[{"href":"https:\/\/www.sportshine.eu\/hu\/wp-json\/wp\/v2\/product"}],"about":[{"href":"https:\/\/www.sportshine.eu\/hu\/wp-json\/wp\/v2\/types\/product"}],"replies":[{"embeddable":true,"href":"https:\/\/www.sportshine.eu\/hu\/wp-json\/wp\/v2\/comments?post=6473"}],"version-history":[{"count":0,"href":"https:\/\/www.sportshine.eu\/hu\/wp-json\/wp\/v2\/product\/6473\/revisions"}],"wp:featuredmedia":[{"embeddable":true,"href":"https:\/\/www.sportshine.eu\/hu\/wp-json\/wp\/v2\/media\/6081"}],"wp:attachment":[{"href":"https:\/\/www.sportshine.eu\/hu\/wp-json\/wp\/v2\/media?parent=6473"}],"wp:term":[{"taxonomy":"product_brand","embeddable":true,"href":"https:\/\/www.sportshine.eu\/hu\/wp-json\/wp\/v2\/product_brand?post=6473"},{"taxonomy":"product_cat","embeddable":true,"href":"https:\/\/www.sportshine.eu\/hu\/wp-json\/wp\/v2\/product_cat?post=6473"},{"taxonomy":"product_tag","embeddable":true,"href":"https:\/\/www.sportshine.eu\/hu\/wp-json\/wp\/v2\/product_tag?post=6473"}],"curies":[{"name":"wp","href":"https:\/\/api.w.org\/{rel}","templated":true}]}}