{"id":6470,"date":"2025-07-05T19:57:29","date_gmt":"2025-07-05T19:57:29","guid":{"rendered":"https:\/\/www.sportshine.eu\/?post_type=product&#038;p=6470"},"modified":"2026-04-14T10:46:41","modified_gmt":"2026-04-14T10:46:41","slug":"magicshine-monteer-12000-mountain-bike-lampa","status":"publish","type":"product","link":"https:\/\/www.sportshine.eu\/hu\/uzlet\/magicshine-monteer-12000-mountain-bike-lampa\/","title":{"rendered":"Magicshine MONTEER 12000 hegyiker\u00e9kp\u00e1r l\u00e1mpa"},"content":{"rendered":"<h3 style=\"text-align: center;\">VIDE\u00d3 BEMUTAT\u00d3 MAGICSHINE MONTEER 12000<\/h3>\n<p><iframe loading=\"lazy\" title=\"MAGICSHINE MONTEER 12000 hegyiker\u00e9kp\u00e1r-l\u00e1mpa\" width=\"500\" height=\"281\" src=\"https:\/\/www.youtube.com\/embed\/XN-63CZaG7s?feature=oembed\" frameborder=\"0\" allow=\"accelerometer; autoplay; clipboard-write; encrypted-media; gyroscope; picture-in-picture; web-share\" referrerpolicy=\"strict-origin-when-cross-origin\" allowfullscreen><\/iframe><\/p>\n<h3><\/h3>\n<h3 style=\"text-align: center;\">V\u00c1LTSD A T\u00c9M\u00c1T NAPRA<\/h3>\n<p style=\"text-align: center;\">K\u00e9t k\u00fcl\u00f6n\u00e1ll\u00f3 optikai rendszerrel \u00e9s \u00f6t cs\u00facskateg\u00f3ri\u00e1s LED-del felszerelve, leny\u0171g\u00f6z\u0151 12 000 lumen f\u00e9nyer\u0151t bocs\u00e1t ki, hogy a legnehezebb \u00f6sv\u00e9nyeket is megvil\u00e1g\u00edtsa.<\/p>\n<p><img decoding=\"async\" class=\"aligncenter wp-image-7181\" src=\"https:\/\/www.sportshine.eu\/wp-content\/uploads\/2025\/07\/Monteer-12000-kolesarska-luc.webp\" alt=\"\" width=\"800\" height=\"600\" \/><\/p>\n<p>&nbsp;<\/p>\n<h3 style=\"text-align: center;\">VAKAR\u00cdT\u00c1SMENTES F\u00c9NYSUG\u00c1R \u00c9S T\u00d6BBSZ\u00d6GES F\u00c9NYSZ\u00d3R\u00d3SUG\u00c1R<\/h3>\n<p style=\"text-align: center;\">A vak\u00edt\u00e1smentes f\u00e9nysug\u00e1r prec\u00edzen \u00e1ll\u00edthat\u00f3 egy t\u00f6r\u00e9svonallal, \u00edgy biztons\u00e1gosan vezethet v\u00e1rosi forgalomban an\u00e9lk\u00fcl, hogy elvak\u00edtan\u00e1 a szembej\u00f6v\u0151 forgalmat.<br \/>\nA speci\u00e1lisan tervezett, t\u00f6bb mint n\u00e9gy lencsesz\u00f6ggel rendelkez\u0151 nyal\u00e1b sz\u00e9les lefedetts\u00e9get \u00e9s hat\u00f3t\u00e1vols\u00e1got biztos\u00edt, ami t\u00f6bb mint elegend\u0151 a kih\u00edv\u00e1st jelent\u0151 terepen val\u00f3 haszn\u00e1lathoz.<\/p>\n<p><img decoding=\"async\" class=\"aligncenter wp-image-7182\" src=\"https:\/\/www.sportshine.eu\/wp-content\/uploads\/2025\/07\/MONTEER_12000_3.webp\" alt=\"\" width=\"800\" height=\"600\" \/><\/p>\n<p>&nbsp;<\/p>\n<h3 style=\"text-align: center;\">HOSSZ\u00da \u00c9LETTARTAM\u00da AKKUMUL\u00c1TOR GYORS T\u00d6LT\u00c9SSEL \u00c9S KIS\u00dcR\u00cdT\u00c9SSEL USB-C K\u00c1BELEN KERESZT\u00dcL<\/h3>\n<p style=\"text-align: center;\">A nagy teljes\u00edtm\u00e9ny\u0171 14,4 V-os 10 000 mAh-s akkumul\u00e1torral a Monteer 12000 leny\u0171g\u00f6z\u0151, 121 \u00f3r\u00e1s \u00fczemid\u0151vel b\u00fcszk\u00e9lkedhet.<br \/>\nA be\u00e9p\u00edtett USB-C csatlakoz\u00f3 60 W-os gyors t\u00e1pell\u00e1t\u00e1st t\u00e1mogat, \u00edgy k\u00e9nyelmesen t\u00f6ltheti akkumul\u00e1tor\u00e1t, vagy haszn\u00e1lhatja sz\u00e1m\u00edt\u00f3g\u00e9p\u00e9t, okostelefonj\u00e1t \u00e9s egy\u00e9b eszk\u00f6zeit utaz\u00e1s k\u00f6zben.<\/p>\n<p><img decoding=\"async\" class=\"aligncenter wp-image-7184 size-full\" src=\"https:\/\/www.sportshine.eu\/wp-content\/uploads\/2025\/07\/MONTEER12000_7-1.webp\" alt=\"\" width=\"800\" height=\"800\" srcset=\"https:\/\/www.sportshine.eu\/wp-content\/uploads\/2025\/07\/MONTEER12000_7-1.webp 800w, https:\/\/www.sportshine.eu\/wp-content\/uploads\/2025\/07\/MONTEER12000_7-1-768x768.webp 768w, https:\/\/www.sportshine.eu\/wp-content\/uploads\/2025\/07\/MONTEER12000_7-1-600x600.webp 600w\" sizes=\"(max-width: 800px) 100vw, 800px\" \/><\/p>\n<p>&nbsp;<\/p>\n<h3 style=\"text-align: center;\">K\u00d6NNYEN OLVASHAT\u00d3 KIJELZ\u0150<\/h3>\n<p style=\"text-align: center;\">A ker\u00e9kp\u00e1rl\u00e1mpa, az akkumul\u00e1tor \u00e9s a t\u00e1vir\u00e1ny\u00edt\u00f3 is k\u00f6nnyen leolvashat\u00f3 akkumul\u00e1tor\u00e1llapot-jelz\u0151vel rendelkezik.<\/p>\n<p><img decoding=\"async\" class=\"aligncenter wp-image-7185\" src=\"https:\/\/www.sportshine.eu\/wp-content\/uploads\/2025\/07\/MONTEER_12000_1.webp\" alt=\"\" width=\"800\" height=\"600\" \/><\/p>\n<p>&nbsp;<\/p>\n<h3 style=\"text-align: center;\">VEZET\u00c9K N\u00c9LK\u00dcLI T\u00c1VIR\u00c1NY\u00cdT\u00d3<\/h3>\n<p style=\"text-align: center;\">A vezet\u00e9k n\u00e9lk\u00fcli t\u00e1vir\u00e1ny\u00edt\u00f3val vez\u00e9relheted a vil\u00e1g\u00edt\u00e1st, \u00e9s egyetlen gombnyom\u00e1ssal teljes f\u00e9nyer\u0151re v\u00e1lthatsz.<\/p>\n<p><img decoding=\"async\" class=\"aligncenter wp-image-7186\" src=\"https:\/\/www.sportshine.eu\/wp-content\/uploads\/2025\/07\/MONTEER_12000_4.webp\" alt=\"\" width=\"800\" height=\"600\" \/><\/p>\n<p>&nbsp;<\/p>\n<h3 style=\"text-align: center;\">M\u0170K\u00d6DIK AZ ALKALMAZ\u00c1SSAL<\/h3>\n<p style=\"text-align: center;\">Csatlakoztasd a l\u00e1mp\u00e1t a MAGICSHINE alkalmaz\u00e1shoz, \u00e9s \u00e1ll\u00edtsd be a vil\u00e1g\u00edt\u00e1si be\u00e1ll\u00edt\u00e1sokat az ig\u00e9nyeidnek megfelel\u0151en.<\/p>\n<p><img decoding=\"async\" class=\"aligncenter wp-image-7187 size-full\" src=\"https:\/\/www.sportshine.eu\/wp-content\/uploads\/2025\/07\/MONTEER12000_6-1.webp\" alt=\"\" width=\"800\" height=\"800\" srcset=\"https:\/\/www.sportshine.eu\/wp-content\/uploads\/2025\/07\/MONTEER12000_6-1.webp 800w, https:\/\/www.sportshine.eu\/wp-content\/uploads\/2025\/07\/MONTEER12000_6-1-768x768.webp 768w, https:\/\/www.sportshine.eu\/wp-content\/uploads\/2025\/07\/MONTEER12000_6-1-600x600.webp 600w\" sizes=\"(max-width: 800px) 100vw, 800px\" \/><\/p>\n<p>&nbsp;<\/p>\n<h3 style=\"text-align: center;\">\u00c1LL\u00cdTHAT\u00d3 L\u00c1MPA BIZTONS\u00c1GOS R\u00d6GZ\u00cdT\u00c9SSEL<\/h3>\n<p style=\"text-align: center;\">Az \u00e1ll\u00edthat\u00f3 l\u00e1mpafej lehet\u0151v\u00e9 teszi a l\u00e1mpa egyszer\u0171, szersz\u00e1m n\u00e9lk\u00fcli be\u00e1ll\u00edt\u00e1s\u00e1t, m\u00edg a k\u00e9toldalas korm\u00e1nyra szerelhet\u0151 r\u00f6gz\u00edt\u00e9s szil\u00e1rdan a hely\u00e9n tartja a ker\u00e9kp\u00e1rl\u00e1mp\u00e1t, m\u00e9g nagyon neh\u00e9z terepen is.<\/p>\n<p><img decoding=\"async\" class=\"aligncenter wp-image-7188\" src=\"https:\/\/www.sportshine.eu\/wp-content\/uploads\/2025\/07\/MONTEER_12000_10.webp\" alt=\"\" width=\"800\" height=\"600\" \/><\/p>\n<p>&nbsp;<\/p>\n<h3 style=\"text-align: center;\">KER\u00c9KP\u00c1ROS SISAK VIL\u00c1G\u00cdT\u00c1SA<\/h3>\n<p style=\"text-align: center;\">Kaphat\u00f3 egy sokoldal\u00fa sisaktart\u00f3, amellyel biztons\u00e1gosan r\u00f6gz\u00edthet\u0151 a l\u00e1mpa a sisakhoz.<\/p>\n<p><img decoding=\"async\" class=\"aligncenter wp-image-7189\" src=\"https:\/\/www.sportshine.eu\/wp-content\/uploads\/2025\/07\/MONTEER_12000_6.webp\" alt=\"\" width=\"800\" height=\"600\" \/><\/p>\n<p>&nbsp;<\/p>\n<h3 style=\"text-align: center;\">A KER\u00c9KP\u00c1RL\u00c1MPA HAT\u00c9KONY H\u0170T\u00c9SE<\/h3>\n<p style=\"text-align: center;\">Az innovat\u00edv h\u0171t\u0151rendszer fizikai l\u00e9gcsatorn\u00e1kkal, bels\u0151 h\u0151szab\u00e1lyoz\u00e1ssal \u00e9s h\u0171t\u0151bord\u00e1kkal biztos\u00edtja az optim\u00e1lis teljes\u00edtm\u00e9nyt a teljes \u00fczemid\u0151 alatt.<\/p>\n<p><img decoding=\"async\" class=\"aligncenter wp-image-7190 size-full\" src=\"https:\/\/www.sportshine.eu\/wp-content\/uploads\/2025\/07\/MONTEER12000_8-1.webp\" alt=\"\" width=\"800\" height=\"800\" srcset=\"https:\/\/www.sportshine.eu\/wp-content\/uploads\/2025\/07\/MONTEER12000_8-1.webp 800w, https:\/\/www.sportshine.eu\/wp-content\/uploads\/2025\/07\/MONTEER12000_8-1-768x768.webp 768w, https:\/\/www.sportshine.eu\/wp-content\/uploads\/2025\/07\/MONTEER12000_8-1-600x600.webp 600w\" sizes=\"(max-width: 800px) 100vw, 800px\" \/><\/p>\n<p>&nbsp;<\/p>\n<h3 style=\"text-align: center;\">V\u00cdZ\u00c1LL\u00d3S\u00c1G IPX6<\/h3>\n<p style=\"text-align: center;\">Az IPX6 szabv\u00e1nynak megfelel\u0151en v\u00edz\u00e1ll\u00f3 Magicshine MONTEER 12000 minden id\u0151j\u00e1r\u00e1si k\u00f6r\u00fclm\u00e9nyre felk\u00e9sz\u00fclt.<\/p>\n<p><img decoding=\"async\" class=\"aligncenter wp-image-7191\" src=\"https:\/\/www.sportshine.eu\/wp-content\/uploads\/2025\/07\/Monteer_8000V2.0_5.webp\" alt=\"\" width=\"800\" height=\"600\" \/><\/p>\n<p>&nbsp;<\/p>\n<h3 style=\"text-align: center;\">A CSOMAGBAN KAPOD<\/h3>\n<p style=\"text-align: center;\">12000-ES SZEREL\u0150 *1<br \/>\nMJ-6398 akkumul\u00e1torcsomag *1<br \/>\nMJ-6508 t\u00e1vir\u00e1ny\u00edt\u00f3 (sz\u00edjjal egy\u00fctt) *1<br \/>\nSisaktart\u00f3 *1<br \/>\nK\u00e9toldalas korm\u00e1nyra szerelhet\u0151 tart\u00f3 *1<br \/>\nNejlon t\u00e1vtart\u00f3k *4<br \/>\nK\u00e1belhosszabb\u00edt\u00f3 *1<br \/>\nSisakr\u00f6gz\u00edt\u0151 hevederek *2<br \/>\nAkkumul\u00e1tor r\u00f6gz\u00edt\u0151p\u00e1ntok *2<br \/>\nUSB-C t\u00f6lt\u0151k\u00e1bel *1<br \/>\n3 mm vastag imbuszkulcs *1<br \/>\nGarancialev\u00e9l *1<\/p>\n<p><img decoding=\"async\" class=\"aligncenter wp-image-7192\" src=\"https:\/\/www.sportshine.eu\/wp-content\/uploads\/2025\/07\/Monteer_12000_packinglist_2.webp\" alt=\"\" width=\"800\" height=\"600\" \/><\/p>\n<p>&nbsp;<\/p>\n<p>&nbsp;<\/p>","protected":false},"excerpt":{"rendered":"<p>Az \u00faj MONTEER 12000 a leger\u0151sebb ker\u00e9kp\u00e1rl\u00e1mp\u00e1nk, amelyet kifejezetten hegyi ker\u00e9kp\u00e1roz\u00e1shoz, terepker\u00e9kp\u00e1roz\u00e1shoz, orsz\u00e1g\u00fati versenyz\u00e9shez \u00e9s v\u00e1rosi ker\u00e9kp\u00e1roz\u00e1shoz tervezt\u00fcnk.<\/p>\n<p style=\"text-align: left;\">F\u0151bb jellemz\u0151k:<br \/>\n\u2714 Maxim\u00e1lis lumen: 12000 LM<br \/>\n\u2714 Akkumul\u00e1torkapacit\u00e1s: 14,4 V\/10 000 mAh (144 Wh)<br \/>\n\u2714 Maxim\u00e1lis \u00fczemid\u0151: 121 \u00f3ra<br \/>\n\u2714 Maxim\u00e1lis f\u00e9nyt\u00e1vols\u00e1g: 360 m\u00e9ter<br \/>\n\u2714 V\u00e1g\u00f3vonallal \u00e9s reflektorral el\u00e1rasztva: T\u00e1mogat\u00e1s<br \/>\n\u2714 V\u00edz\u00e1ll\u00f3s\u00e1g: IPX6<br \/>\n\u2714 T\u00f6lt\u0151: USB-C (t\u00f6lt\u00e9s \u00e9s kis\u00fct\u00e9s)<br \/>\n\u2714 T\u00e1vir\u00e1ny\u00edt\u00f3: T\u00e1mogat\u00e1s<br \/>\n\u2714 Testreszab\u00e1s alkalmaz\u00e1son kereszt\u00fcl: T\u00e1mogat\u00e1s<\/p>\n<p>&nbsp;<\/p>","protected":false},"featured_media":6061,"comment_status":"open","ping_status":"closed","template":"","meta":[],"product_brand":[131],"product_cat":[82,150],"product_tag":[],"class_list":{"0":"post-6470","1":"product","2":"type-product","3":"status-publish","4":"has-post-thumbnail","6":"product_brand-magicshine","7":"product_cat-kolesarske-luci","8":"product_cat-sprednje-kolesarske-luci","10":"first","11":"instock","12":"sale","13":"taxable","14":"shipping-taxable","15":"purchasable","16":"product-type-simple"},"yoast_head":"<!-- This site is optimized with the Yoast SEO plugin v27.3 - https:\/\/yoast.com\/product\/yoast-seo-wordpress\/ -->\n<title>Magicshine MONTEER 12000 | Najmo\u010dnej\u0161a kolesarska lu\u010d<\/title>\n<meta name=\"description\" content=\"Gorska kolesarska lu\u010d MONTEER 12000 je na\u0161a najmo\u010dnej\u0161a kolesarska lu\u010d do zdaj, zasnovana posebej za gorsko kolesarstvo in pre\u010dkanje gorskih poti.\" \/>\n<meta name=\"robots\" content=\"index, follow, max-snippet:-1, max-image-preview:large, max-video-preview:-1\" \/>\n<link rel=\"canonical\" href=\"https:\/\/www.sportshine.eu\/hu\/uzlet\/magicshine-monteer-12000-mountain-bike-lampa\/\" \/>\n<meta property=\"og:locale\" content=\"hu_HU\" \/>\n<meta property=\"og:type\" content=\"article\" \/>\n<meta property=\"og:title\" content=\"Magicshine MONTEER 12000 | Najmo\u010dnej\u0161a kolesarska lu\u010d\" \/>\n<meta property=\"og:description\" content=\"Gorska kolesarska lu\u010d MONTEER 12000 je na\u0161a najmo\u010dnej\u0161a kolesarska lu\u010d do zdaj, zasnovana posebej za gorsko kolesarstvo in pre\u010dkanje gorskih poti.\" \/>\n<meta property=\"og:url\" content=\"https:\/\/www.sportshine.eu\/hu\/uzlet\/magicshine-monteer-12000-mountain-bike-lampa\/\" \/>\n<meta property=\"og:site_name\" content=\"Sportshine\" \/>\n<meta property=\"article:publisher\" content=\"https:\/\/www.facebook.com\/sportshine.eu\/\" \/>\n<meta property=\"article:modified_time\" content=\"2026-04-14T10:46:41+00:00\" \/>\n<meta property=\"og:image\" content=\"https:\/\/www.sportshine.eu\/wp-content\/uploads\/2025\/07\/MONTEER12000bikeradar.webp\" \/>\n\t<meta property=\"og:image:width\" content=\"800\" \/>\n\t<meta property=\"og:image:height\" content=\"800\" \/>\n\t<meta property=\"og:image:type\" content=\"image\/webp\" \/>\n<meta name=\"twitter:card\" content=\"summary_large_image\" \/>\n<meta name=\"twitter:label1\" content=\"Becs\u00fclt olvas\u00e1si id\u0151\" \/>\n\t<meta name=\"twitter:data1\" content=\"5 perc\" \/>\n<script type=\"application\/ld+json\" class=\"yoast-schema-graph\">{\"@context\":\"https:\\\/\\\/schema.org\",\"@graph\":[{\"@type\":\"WebPage\",\"@id\":\"https:\\\/\\\/www.sportshine.eu\\\/trgovina\\\/magicshine-monteer-12000-gorska-kolesarska-luc\\\/\",\"url\":\"https:\\\/\\\/www.sportshine.eu\\\/trgovina\\\/magicshine-monteer-12000-gorska-kolesarska-luc\\\/\",\"name\":\"Magicshine MONTEER 12000 | Najmo\u010dnej\u0161a kolesarska lu\u010d\",\"isPartOf\":{\"@id\":\"https:\\\/\\\/www.sportshine.eu\\\/#website\"},\"primaryImageOfPage\":{\"@id\":\"https:\\\/\\\/www.sportshine.eu\\\/trgovina\\\/magicshine-monteer-12000-gorska-kolesarska-luc\\\/#primaryimage\"},\"image\":{\"@id\":\"https:\\\/\\\/www.sportshine.eu\\\/trgovina\\\/magicshine-monteer-12000-gorska-kolesarska-luc\\\/#primaryimage\"},\"thumbnailUrl\":\"https:\\\/\\\/www.sportshine.eu\\\/wp-content\\\/uploads\\\/2025\\\/07\\\/MONTEER12000bikeradar.webp\",\"datePublished\":\"2025-07-05T19:57:29+00:00\",\"dateModified\":\"2026-04-14T10:46:41+00:00\",\"description\":\"Gorska kolesarska lu\u010d MONTEER 12000 je na\u0161a najmo\u010dnej\u0161a kolesarska lu\u010d do zdaj, zasnovana posebej za gorsko kolesarstvo in pre\u010dkanje gorskih poti.\",\"breadcrumb\":{\"@id\":\"https:\\\/\\\/www.sportshine.eu\\\/trgovina\\\/magicshine-monteer-12000-gorska-kolesarska-luc\\\/#breadcrumb\"},\"inLanguage\":\"hu\",\"potentialAction\":[{\"@type\":\"ReadAction\",\"target\":[\"https:\\\/\\\/www.sportshine.eu\\\/trgovina\\\/magicshine-monteer-12000-gorska-kolesarska-luc\\\/\"]}]},{\"@type\":\"ImageObject\",\"inLanguage\":\"hu\",\"@id\":\"https:\\\/\\\/www.sportshine.eu\\\/trgovina\\\/magicshine-monteer-12000-gorska-kolesarska-luc\\\/#primaryimage\",\"url\":\"https:\\\/\\\/www.sportshine.eu\\\/wp-content\\\/uploads\\\/2025\\\/07\\\/MONTEER12000bikeradar.webp\",\"contentUrl\":\"https:\\\/\\\/www.sportshine.eu\\\/wp-content\\\/uploads\\\/2025\\\/07\\\/MONTEER12000bikeradar.webp\",\"width\":800,\"height\":800},{\"@type\":\"BreadcrumbList\",\"@id\":\"https:\\\/\\\/www.sportshine.eu\\\/trgovina\\\/magicshine-monteer-12000-gorska-kolesarska-luc\\\/#breadcrumb\",\"itemListElement\":[{\"@type\":\"ListItem\",\"position\":1,\"name\":\"Home\",\"item\":\"https:\\\/\\\/www.sportshine.eu\\\/\"},{\"@type\":\"ListItem\",\"position\":2,\"name\":\"Trgovina\",\"item\":\"https:\\\/\\\/www.sportshine.eu\\\/trgovina\\\/\"},{\"@type\":\"ListItem\",\"position\":3,\"name\":\"Magicshine MONTEER 12000 gorska kolesarska lu\u010d\"}]},{\"@type\":\"WebSite\",\"@id\":\"https:\\\/\\\/www.sportshine.eu\\\/#website\",\"url\":\"https:\\\/\\\/www.sportshine.eu\\\/\",\"name\":\"Sportshine\",\"description\":\"Top spletna trgovina kolesarskih in naglavnih svetilk ter opreme\",\"publisher\":{\"@id\":\"https:\\\/\\\/www.sportshine.eu\\\/#organization\"},\"potentialAction\":[{\"@type\":\"SearchAction\",\"target\":{\"@type\":\"EntryPoint\",\"urlTemplate\":\"https:\\\/\\\/www.sportshine.eu\\\/?s={search_term_string}\"},\"query-input\":{\"@type\":\"PropertyValueSpecification\",\"valueRequired\":true,\"valueName\":\"search_term_string\"}}],\"inLanguage\":\"hu\"},{\"@type\":\"Organization\",\"@id\":\"https:\\\/\\\/www.sportshine.eu\\\/#organization\",\"name\":\"Sportshine\",\"url\":\"https:\\\/\\\/www.sportshine.eu\\\/\",\"logo\":{\"@type\":\"ImageObject\",\"inLanguage\":\"hu\",\"@id\":\"https:\\\/\\\/www.sportshine.eu\\\/#\\\/schema\\\/logo\\\/image\\\/\",\"url\":\"https:\\\/\\\/www.sportshine.eu\\\/wp-content\\\/uploads\\\/2026\\\/01\\\/cropped-Sportshine.webp\",\"contentUrl\":\"https:\\\/\\\/www.sportshine.eu\\\/wp-content\\\/uploads\\\/2026\\\/01\\\/cropped-Sportshine.webp\",\"width\":295,\"height\":128,\"caption\":\"Sportshine\"},\"image\":{\"@id\":\"https:\\\/\\\/www.sportshine.eu\\\/#\\\/schema\\\/logo\\\/image\\\/\"},\"sameAs\":[\"https:\\\/\\\/www.facebook.com\\\/sportshine.eu\\\/\"]}]}<\/script>\n<!-- \/ Yoast SEO plugin. -->","yoast_head_json":{"title":"Magicshine MONTEER 12000 | A leger\u0151sebb ker\u00e9kp\u00e1rl\u00e1mpa","description":"A MONTEER 12000 hegyiker\u00e9kp\u00e1r-l\u00e1mpa a leger\u0151sebb ker\u00e9kp\u00e1rl\u00e1mp\u00e1nk, amelyet kifejezetten hegyi ker\u00e9kp\u00e1roz\u00e1shoz \u00e9s hegyi \u00f6sv\u00e9nyeken val\u00f3 k\u00f6zleked\u00e9shez tervezt\u00fcnk.","robots":{"index":"index","follow":"follow","max-snippet":"max-snippet:-1","max-image-preview":"max-image-preview:large","max-video-preview":"max-video-preview:-1"},"canonical":"https:\/\/www.sportshine.eu\/hu\/uzlet\/magicshine-monteer-12000-mountain-bike-lampa\/","og_locale":"hu_HU","og_type":"article","og_title":"Magicshine MONTEER 12000 | Najmo\u010dnej\u0161a kolesarska lu\u010d","og_description":"Gorska kolesarska lu\u010d MONTEER 12000 je na\u0161a najmo\u010dnej\u0161a kolesarska lu\u010d do zdaj, zasnovana posebej za gorsko kolesarstvo in pre\u010dkanje gorskih poti.","og_url":"https:\/\/www.sportshine.eu\/hu\/uzlet\/magicshine-monteer-12000-mountain-bike-lampa\/","og_site_name":"Sportshine","article_publisher":"https:\/\/www.facebook.com\/sportshine.eu\/","article_modified_time":"2026-04-14T10:46:41+00:00","og_image":[{"width":800,"height":800,"url":"https:\/\/www.sportshine.eu\/wp-content\/uploads\/2025\/07\/MONTEER12000bikeradar.webp","type":"image\/webp"}],"twitter_card":"summary_large_image","twitter_misc":{"Becs\u00fclt olvas\u00e1si id\u0151":"5 perc"},"schema":{"@context":"https:\/\/schema.org","@graph":[{"@type":"WebPage","@id":"https:\/\/www.sportshine.eu\/trgovina\/magicshine-monteer-12000-gorska-kolesarska-luc\/","url":"https:\/\/www.sportshine.eu\/trgovina\/magicshine-monteer-12000-gorska-kolesarska-luc\/","name":"Magicshine MONTEER 12000 | A leger\u0151sebb ker\u00e9kp\u00e1rl\u00e1mpa","isPartOf":{"@id":"https:\/\/www.sportshine.eu\/#website"},"primaryImageOfPage":{"@id":"https:\/\/www.sportshine.eu\/trgovina\/magicshine-monteer-12000-gorska-kolesarska-luc\/#primaryimage"},"image":{"@id":"https:\/\/www.sportshine.eu\/trgovina\/magicshine-monteer-12000-gorska-kolesarska-luc\/#primaryimage"},"thumbnailUrl":"https:\/\/www.sportshine.eu\/wp-content\/uploads\/2025\/07\/MONTEER12000bikeradar.webp","datePublished":"2025-07-05T19:57:29+00:00","dateModified":"2026-04-14T10:46:41+00:00","description":"A MONTEER 12000 hegyiker\u00e9kp\u00e1r-l\u00e1mpa a leger\u0151sebb ker\u00e9kp\u00e1rl\u00e1mp\u00e1nk, amelyet kifejezetten hegyi ker\u00e9kp\u00e1roz\u00e1shoz \u00e9s hegyi \u00f6sv\u00e9nyeken val\u00f3 k\u00f6zleked\u00e9shez tervezt\u00fcnk.","breadcrumb":{"@id":"https:\/\/www.sportshine.eu\/trgovina\/magicshine-monteer-12000-gorska-kolesarska-luc\/#breadcrumb"},"inLanguage":"hu","potentialAction":[{"@type":"ReadAction","target":["https:\/\/www.sportshine.eu\/trgovina\/magicshine-monteer-12000-gorska-kolesarska-luc\/"]}]},{"@type":"ImageObject","inLanguage":"hu","@id":"https:\/\/www.sportshine.eu\/trgovina\/magicshine-monteer-12000-gorska-kolesarska-luc\/#primaryimage","url":"https:\/\/www.sportshine.eu\/wp-content\/uploads\/2025\/07\/MONTEER12000bikeradar.webp","contentUrl":"https:\/\/www.sportshine.eu\/wp-content\/uploads\/2025\/07\/MONTEER12000bikeradar.webp","width":800,"height":800},{"@type":"BreadcrumbList","@id":"https:\/\/www.sportshine.eu\/trgovina\/magicshine-monteer-12000-gorska-kolesarska-luc\/#breadcrumb","itemListElement":[{"@type":"ListItem","position":1,"name":"Home","item":"https:\/\/www.sportshine.eu\/"},{"@type":"ListItem","position":2,"name":"Trgovina","item":"https:\/\/www.sportshine.eu\/trgovina\/"},{"@type":"ListItem","position":3,"name":"Magicshine MONTEER 12000 gorska kolesarska lu\u010d"}]},{"@type":"WebSite","@id":"https:\/\/www.sportshine.eu\/#website","url":"https:\/\/www.sportshine.eu\/","name":"Sportshine","description":"Ker\u00e9kp\u00e1ros, fejl\u00e1mp\u00e1k \u00e9s felszerel\u00e9sek online \u00e1ruh\u00e1z\u00e1nak vezet\u0151 k\u00edn\u00e1lata","publisher":{"@id":"https:\/\/www.sportshine.eu\/#organization"},"potentialAction":[{"@type":"SearchAction","target":{"@type":"EntryPoint","urlTemplate":"https:\/\/www.sportshine.eu\/?s={search_term_string}"},"query-input":{"@type":"PropertyValueSpecification","valueRequired":true,"valueName":"search_term_string"}}],"inLanguage":"hu"},{"@type":"Organization","@id":"https:\/\/www.sportshine.eu\/#organization","name":"Sportshine","url":"https:\/\/www.sportshine.eu\/","logo":{"@type":"ImageObject","inLanguage":"hu","@id":"https:\/\/www.sportshine.eu\/#\/schema\/logo\/image\/","url":"https:\/\/www.sportshine.eu\/wp-content\/uploads\/2026\/01\/cropped-Sportshine.webp","contentUrl":"https:\/\/www.sportshine.eu\/wp-content\/uploads\/2026\/01\/cropped-Sportshine.webp","width":295,"height":128,"caption":"Sportshine"},"image":{"@id":"https:\/\/www.sportshine.eu\/#\/schema\/logo\/image\/"},"sameAs":["https:\/\/www.facebook.com\/sportshine.eu\/"]}]}},"_links":{"self":[{"href":"https:\/\/www.sportshine.eu\/hu\/wp-json\/wp\/v2\/product\/6470","targetHints":{"allow":["GET"]}}],"collection":[{"href":"https:\/\/www.sportshine.eu\/hu\/wp-json\/wp\/v2\/product"}],"about":[{"href":"https:\/\/www.sportshine.eu\/hu\/wp-json\/wp\/v2\/types\/product"}],"replies":[{"embeddable":true,"href":"https:\/\/www.sportshine.eu\/hu\/wp-json\/wp\/v2\/comments?post=6470"}],"version-history":[{"count":1,"href":"https:\/\/www.sportshine.eu\/hu\/wp-json\/wp\/v2\/product\/6470\/revisions"}],"predecessor-version":[{"id":10362,"href":"https:\/\/www.sportshine.eu\/hu\/wp-json\/wp\/v2\/product\/6470\/revisions\/10362"}],"wp:featuredmedia":[{"embeddable":true,"href":"https:\/\/www.sportshine.eu\/hu\/wp-json\/wp\/v2\/media\/6061"}],"wp:attachment":[{"href":"https:\/\/www.sportshine.eu\/hu\/wp-json\/wp\/v2\/media?parent=6470"}],"wp:term":[{"taxonomy":"product_brand","embeddable":true,"href":"https:\/\/www.sportshine.eu\/hu\/wp-json\/wp\/v2\/product_brand?post=6470"},{"taxonomy":"product_cat","embeddable":true,"href":"https:\/\/www.sportshine.eu\/hu\/wp-json\/wp\/v2\/product_cat?post=6470"},{"taxonomy":"product_tag","embeddable":true,"href":"https:\/\/www.sportshine.eu\/hu\/wp-json\/wp\/v2\/product_tag?post=6470"}],"curies":[{"name":"wp","href":"https:\/\/api.w.org\/{rel}","templated":true}]}}