{"id":6469,"date":"2025-07-05T19:57:28","date_gmt":"2025-07-05T19:57:28","guid":{"rendered":"https:\/\/www.sportshine.eu\/?post_type=product&#038;p=6469"},"modified":"2025-08-09T22:50:41","modified_gmt":"2025-08-09T22:50:41","slug":"magicshine-monteer-6500s-zeus-v2-0-elso-lampa","status":"publish","type":"product","link":"https:\/\/www.sportshine.eu\/hu\/uzlet\/magicshine-monteer-6500s-zeus-v2-0-elso-lampa\/","title":{"rendered":"Magicshine MONTEER 6500S ZEUS V2.0 els\u0151 l\u00e1mpa"},"content":{"rendered":"<h3 style=\"text-align: center;\">\u00daJ L\u00c9P\u00c9S, \u00daJ \u00daT<\/h3>\n<p style=\"text-align: center;\">Ez a MONTEER 6500S t\u00e1vir\u00e1ny\u00edt\u00f3 friss\u00edtett v\u00e1ltozata. Mostant\u00f3l egy kicsi \u00e9s rugalmas vezet\u00e9k n\u00e9lk\u00fcli t\u00e1vir\u00e1ny\u00edt\u00f3val ir\u00e1ny\u00edthatod ezt az \u00e9jszakai sz\u00f6rnyeteget. Fedezz fel izgalmas \u00e9jszakai kalandokat, \u00e9s \u0171zd el a s\u00f6t\u00e9ts\u00e9get a MONTEER 6500S V2.0-val ker\u00e9kp\u00e1roz\u00e1s, s\u00edel\u00e9s \u00e9s egy\u00e9b szabadt\u00e9ri tev\u00e9kenys\u00e9gek k\u00f6zben.<\/p>\n<p><img decoding=\"async\" class=\"aligncenter wp-image-7779 size-full\" src=\"https:\/\/www.sportshine.eu\/wp-content\/uploads\/2025\/07\/Monteer-6500S-ZEUS-1.webp\" alt=\"\" width=\"800\" height=\"800\" srcset=\"https:\/\/www.sportshine.eu\/wp-content\/uploads\/2025\/07\/Monteer-6500S-ZEUS-1.webp 800w, https:\/\/www.sportshine.eu\/wp-content\/uploads\/2025\/07\/Monteer-6500S-ZEUS-1-768x768.webp 768w, https:\/\/www.sportshine.eu\/wp-content\/uploads\/2025\/07\/Monteer-6500S-ZEUS-1-600x600.webp 600w\" sizes=\"(max-width: 800px) 100vw, 800px\" \/><\/p>\n<h3 style=\"text-align: center;\">A LEGJOBB KALANDT\u00c1RS<\/h3>\n<p style=\"text-align: center;\">A k\u00fcl\u00f6nb\u00f6z\u0151 \u00fczemm\u00f3d-be\u00e1ll\u00edt\u00e1sok minden ker\u00e9kp\u00e1roz\u00e1si k\u00f6r\u00fclm\u00e9nyhez igazodnak. Alkalmas downhillhez, hegyi ker\u00e9kp\u00e1roz\u00e1shoz (MTB), terepker\u00e9kp\u00e1roz\u00e1shoz, endurohoz \u00e9s t\u00e1voli vid\u00e9kek felfedez\u00e9s\u00e9hez.<\/p>\n<p><img decoding=\"async\" class=\"aligncenter wp-image-7780 size-full\" src=\"https:\/\/www.sportshine.eu\/wp-content\/uploads\/2025\/07\/Monteer-6500S-ZEUS-2.webp\" alt=\"Mounter 6500S ZEUS \" width=\"800\" height=\"800\" srcset=\"https:\/\/www.sportshine.eu\/wp-content\/uploads\/2025\/07\/Monteer-6500S-ZEUS-2.webp 800w, https:\/\/www.sportshine.eu\/wp-content\/uploads\/2025\/07\/Monteer-6500S-ZEUS-2-768x768.webp 768w, https:\/\/www.sportshine.eu\/wp-content\/uploads\/2025\/07\/Monteer-6500S-ZEUS-2-600x600.webp 600w\" sizes=\"(max-width: 800px) 100vw, 800px\" \/><\/p>\n<h3 style=\"text-align: center;\">KITART\u00c1S<\/h3>\n<p style=\"text-align: center;\">Tart\u00f3s, 10 000 mAh-s akkumul\u00e1torral (21700 t\u00edpus) felszerelve, amely maxim\u00e1lis f\u00e9nyer\u0151 mellett ak\u00e1r 2 \u00f3r\u00e1val meghosszabb\u00edtja az \u00e9jszakai kalandok idej\u00e9t.<\/p>\n<h3 style=\"text-align: center;\">V\u00cdZ\u00c1LL\u00d3S\u00c1G IPX5<\/h3>\n<p style=\"text-align: center;\">Robusztus \u00e9s kompakt kialak\u00edt\u00e1s IPX5 v\u00edz\u00e1ll\u00f3s\u00e1ggal, amely m\u00e9g a legzordabb id\u0151j\u00e1r\u00e1si k\u00f6r\u00fclm\u00e9nyeknek is ellen\u00e1ll.<\/p>\n<h3 style=\"text-align: center;\">A CSOMAGBAN<\/h3>\n<p><img decoding=\"async\" class=\"aligncenter wp-image-7783 size-full\" src=\"https:\/\/www.sportshine.eu\/wp-content\/uploads\/2025\/07\/Monteer-6500S-ZEUS-3-e1754413922580.webp\" alt=\"\" width=\"773\" height=\"623\" srcset=\"https:\/\/www.sportshine.eu\/wp-content\/uploads\/2025\/07\/Monteer-6500S-ZEUS-3-e1754413922580.webp 773w, https:\/\/www.sportshine.eu\/wp-content\/uploads\/2025\/07\/Monteer-6500S-ZEUS-3-e1754413922580-768x619.webp 768w, https:\/\/www.sportshine.eu\/wp-content\/uploads\/2025\/07\/Monteer-6500S-ZEUS-3-e1754413922580-600x484.webp 600w\" sizes=\"(max-width: 773px) 100vw, 773px\" \/><\/p>\n<p>&nbsp;<\/p>","protected":false},"excerpt":{"rendered":"<p>Rendk\u00edv\u00fcl nagy teljes\u00edtm\u00e9ny\u0171 zsebl\u00e1mpa, maxim\u00e1lisan 6500 lumen f\u00e9nyer\u0151vel \u00e9s ak\u00e1r 40 \u00f3r\u00e1s \u00fczemid\u0151vel. Er\u0151s, 10 000 mAh-s akkumul\u00e1torral \u00e9s k\u00e9nyelmes USB-C t\u00f6lt\u00e9ssel felszerelt. IPX5 szabv\u00e1ny szerint v\u00edz\u00e1ll\u00f3 \u00e9s mind\u00f6ssze 431 g s\u00faly\u00fa, \u00edgy t\u00f6k\u00e9letes minden \u00e9jszakai szabadt\u00e9ri kalandhoz.<\/p>","protected":false},"featured_media":6054,"comment_status":"closed","ping_status":"closed","template":"","meta":[],"product_brand":[],"product_cat":[82,150],"product_tag":[],"class_list":{"0":"post-6469","1":"product","2":"type-product","3":"status-publish","4":"has-post-thumbnail","6":"product_cat-kolesarske-luci","7":"product_cat-sprednje-kolesarske-luci","9":"first","10":"onbackorder","11":"taxable","12":"shipping-taxable","13":"purchasable","14":"product-type-simple"},"yoast_head":"<!-- This site is optimized with the Yoast SEO plugin v27.3 - https:\/\/yoast.com\/product\/yoast-seo-wordpress\/ -->\n<title>Sprednja lu\u010d Magicshine MONTEER 6500S ZEUS V2.0<\/title>\n<meta name=\"description\" content=\"Odkrij no\u010dne pustolov\u0161\u010dine in pre\u017eeni temo z neverjetno kolesarsko svetilko Monteer ZEUS 6500S. Priporo\u010damo za kolesarjenje, smu\u010danje in \u0161portne aktivnosti.\" \/>\n<meta name=\"robots\" content=\"index, follow, max-snippet:-1, max-image-preview:large, max-video-preview:-1\" \/>\n<link rel=\"canonical\" href=\"https:\/\/www.sportshine.eu\/hu\/uzlet\/magicshine-monteer-6500s-zeus-v2-0-elso-lampa\/\" \/>\n<meta property=\"og:locale\" content=\"hu_HU\" \/>\n<meta property=\"og:type\" content=\"article\" \/>\n<meta property=\"og:title\" content=\"Sprednja lu\u010d Magicshine MONTEER 6500S ZEUS V2.0\" \/>\n<meta property=\"og:description\" content=\"Odkrij no\u010dne pustolov\u0161\u010dine in pre\u017eeni temo z neverjetno kolesarsko svetilko Monteer ZEUS 6500S. Priporo\u010damo za kolesarjenje, smu\u010danje in \u0161portne aktivnosti.\" \/>\n<meta property=\"og:url\" content=\"https:\/\/www.sportshine.eu\/hu\/uzlet\/magicshine-monteer-6500s-zeus-v2-0-elso-lampa\/\" \/>\n<meta property=\"og:site_name\" content=\"Sportshine\" \/>\n<meta property=\"article:publisher\" content=\"https:\/\/www.facebook.com\/sportshine.eu\/\" \/>\n<meta property=\"article:modified_time\" content=\"2025-08-09T22:50:41+00:00\" \/>\n<meta property=\"og:image\" content=\"https:\/\/www.sportshine.eu\/wp-content\/uploads\/2025\/07\/Magicshine-Monteer-6500S-.webp\" \/>\n\t<meta property=\"og:image:width\" content=\"800\" \/>\n\t<meta property=\"og:image:height\" content=\"800\" \/>\n\t<meta property=\"og:image:type\" content=\"image\/webp\" \/>\n<meta name=\"twitter:card\" content=\"summary_large_image\" \/>\n<meta name=\"twitter:label1\" content=\"Becs\u00fclt olvas\u00e1si id\u0151\" \/>\n\t<meta name=\"twitter:data1\" content=\"2 perc\" \/>\n<script type=\"application\/ld+json\" class=\"yoast-schema-graph\">{\"@context\":\"https:\\\/\\\/schema.org\",\"@graph\":[{\"@type\":\"WebPage\",\"@id\":\"https:\\\/\\\/www.sportshine.eu\\\/trgovina\\\/sprednja-luc-magicshine-monteer-6500s-zeus-v2-0\\\/\",\"url\":\"https:\\\/\\\/www.sportshine.eu\\\/trgovina\\\/sprednja-luc-magicshine-monteer-6500s-zeus-v2-0\\\/\",\"name\":\"Sprednja lu\u010d Magicshine MONTEER 6500S ZEUS V2.0\",\"isPartOf\":{\"@id\":\"https:\\\/\\\/www.sportshine.eu\\\/#website\"},\"primaryImageOfPage\":{\"@id\":\"https:\\\/\\\/www.sportshine.eu\\\/trgovina\\\/sprednja-luc-magicshine-monteer-6500s-zeus-v2-0\\\/#primaryimage\"},\"image\":{\"@id\":\"https:\\\/\\\/www.sportshine.eu\\\/trgovina\\\/sprednja-luc-magicshine-monteer-6500s-zeus-v2-0\\\/#primaryimage\"},\"thumbnailUrl\":\"https:\\\/\\\/www.sportshine.eu\\\/wp-content\\\/uploads\\\/2025\\\/07\\\/Magicshine-Monteer-6500S-.webp\",\"datePublished\":\"2025-07-05T19:57:28+00:00\",\"dateModified\":\"2025-08-09T22:50:41+00:00\",\"description\":\"Odkrij no\u010dne pustolov\u0161\u010dine in pre\u017eeni temo z neverjetno kolesarsko svetilko Monteer ZEUS 6500S. Priporo\u010damo za kolesarjenje, smu\u010danje in \u0161portne aktivnosti.\",\"breadcrumb\":{\"@id\":\"https:\\\/\\\/www.sportshine.eu\\\/trgovina\\\/sprednja-luc-magicshine-monteer-6500s-zeus-v2-0\\\/#breadcrumb\"},\"inLanguage\":\"hu\",\"potentialAction\":[{\"@type\":\"ReadAction\",\"target\":[\"https:\\\/\\\/www.sportshine.eu\\\/trgovina\\\/sprednja-luc-magicshine-monteer-6500s-zeus-v2-0\\\/\"]}]},{\"@type\":\"ImageObject\",\"inLanguage\":\"hu\",\"@id\":\"https:\\\/\\\/www.sportshine.eu\\\/trgovina\\\/sprednja-luc-magicshine-monteer-6500s-zeus-v2-0\\\/#primaryimage\",\"url\":\"https:\\\/\\\/www.sportshine.eu\\\/wp-content\\\/uploads\\\/2025\\\/07\\\/Magicshine-Monteer-6500S-.webp\",\"contentUrl\":\"https:\\\/\\\/www.sportshine.eu\\\/wp-content\\\/uploads\\\/2025\\\/07\\\/Magicshine-Monteer-6500S-.webp\",\"width\":800,\"height\":800},{\"@type\":\"BreadcrumbList\",\"@id\":\"https:\\\/\\\/www.sportshine.eu\\\/trgovina\\\/sprednja-luc-magicshine-monteer-6500s-zeus-v2-0\\\/#breadcrumb\",\"itemListElement\":[{\"@type\":\"ListItem\",\"position\":1,\"name\":\"Home\",\"item\":\"https:\\\/\\\/www.sportshine.eu\\\/\"},{\"@type\":\"ListItem\",\"position\":2,\"name\":\"Trgovina\",\"item\":\"https:\\\/\\\/www.sportshine.eu\\\/trgovina\\\/\"},{\"@type\":\"ListItem\",\"position\":3,\"name\":\"Sprednja lu\u010d Magicshine MONTEER 6500S ZEUS V2.0\"}]},{\"@type\":\"WebSite\",\"@id\":\"https:\\\/\\\/www.sportshine.eu\\\/#website\",\"url\":\"https:\\\/\\\/www.sportshine.eu\\\/\",\"name\":\"Sportshine\",\"description\":\"Top spletna trgovina kolesarskih in naglavnih svetilk ter opreme\",\"publisher\":{\"@id\":\"https:\\\/\\\/www.sportshine.eu\\\/#organization\"},\"potentialAction\":[{\"@type\":\"SearchAction\",\"target\":{\"@type\":\"EntryPoint\",\"urlTemplate\":\"https:\\\/\\\/www.sportshine.eu\\\/?s={search_term_string}\"},\"query-input\":{\"@type\":\"PropertyValueSpecification\",\"valueRequired\":true,\"valueName\":\"search_term_string\"}}],\"inLanguage\":\"hu\"},{\"@type\":\"Organization\",\"@id\":\"https:\\\/\\\/www.sportshine.eu\\\/#organization\",\"name\":\"Sportshine\",\"url\":\"https:\\\/\\\/www.sportshine.eu\\\/\",\"logo\":{\"@type\":\"ImageObject\",\"inLanguage\":\"hu\",\"@id\":\"https:\\\/\\\/www.sportshine.eu\\\/#\\\/schema\\\/logo\\\/image\\\/\",\"url\":\"https:\\\/\\\/www.sportshine.eu\\\/wp-content\\\/uploads\\\/2026\\\/01\\\/cropped-Sportshine.webp\",\"contentUrl\":\"https:\\\/\\\/www.sportshine.eu\\\/wp-content\\\/uploads\\\/2026\\\/01\\\/cropped-Sportshine.webp\",\"width\":295,\"height\":128,\"caption\":\"Sportshine\"},\"image\":{\"@id\":\"https:\\\/\\\/www.sportshine.eu\\\/#\\\/schema\\\/logo\\\/image\\\/\"},\"sameAs\":[\"https:\\\/\\\/www.facebook.com\\\/sportshine.eu\\\/\"]}]}<\/script>\n<!-- \/ Yoast SEO plugin. -->","yoast_head_json":{"title":"Magicshine MONTEER 6500S ZEUS V2.0 els\u0151 l\u00e1mpa","description":"Fedezz fel \u00e9jszakai kalandokat \u00e9s \u0171zd el a s\u00f6t\u00e9ts\u00e9get a hihetetlen Monteer ZEUS 6500S ker\u00e9kp\u00e1rl\u00e1mp\u00e1val. Ker\u00e9kp\u00e1roz\u00e1shoz, s\u00edel\u00e9shez \u00e9s sporttev\u00e9kenys\u00e9gekhez aj\u00e1nlott.","robots":{"index":"index","follow":"follow","max-snippet":"max-snippet:-1","max-image-preview":"max-image-preview:large","max-video-preview":"max-video-preview:-1"},"canonical":"https:\/\/www.sportshine.eu\/hu\/uzlet\/magicshine-monteer-6500s-zeus-v2-0-elso-lampa\/","og_locale":"hu_HU","og_type":"article","og_title":"Sprednja lu\u010d Magicshine MONTEER 6500S ZEUS V2.0","og_description":"Odkrij no\u010dne pustolov\u0161\u010dine in pre\u017eeni temo z neverjetno kolesarsko svetilko Monteer ZEUS 6500S. Priporo\u010damo za kolesarjenje, smu\u010danje in \u0161portne aktivnosti.","og_url":"https:\/\/www.sportshine.eu\/hu\/uzlet\/magicshine-monteer-6500s-zeus-v2-0-elso-lampa\/","og_site_name":"Sportshine","article_publisher":"https:\/\/www.facebook.com\/sportshine.eu\/","article_modified_time":"2025-08-09T22:50:41+00:00","og_image":[{"width":800,"height":800,"url":"https:\/\/www.sportshine.eu\/wp-content\/uploads\/2025\/07\/Magicshine-Monteer-6500S-.webp","type":"image\/webp"}],"twitter_card":"summary_large_image","twitter_misc":{"Becs\u00fclt olvas\u00e1si id\u0151":"2 perc"},"schema":{"@context":"https:\/\/schema.org","@graph":[{"@type":"WebPage","@id":"https:\/\/www.sportshine.eu\/trgovina\/sprednja-luc-magicshine-monteer-6500s-zeus-v2-0\/","url":"https:\/\/www.sportshine.eu\/trgovina\/sprednja-luc-magicshine-monteer-6500s-zeus-v2-0\/","name":"Magicshine MONTEER 6500S ZEUS V2.0 els\u0151 l\u00e1mpa","isPartOf":{"@id":"https:\/\/www.sportshine.eu\/#website"},"primaryImageOfPage":{"@id":"https:\/\/www.sportshine.eu\/trgovina\/sprednja-luc-magicshine-monteer-6500s-zeus-v2-0\/#primaryimage"},"image":{"@id":"https:\/\/www.sportshine.eu\/trgovina\/sprednja-luc-magicshine-monteer-6500s-zeus-v2-0\/#primaryimage"},"thumbnailUrl":"https:\/\/www.sportshine.eu\/wp-content\/uploads\/2025\/07\/Magicshine-Monteer-6500S-.webp","datePublished":"2025-07-05T19:57:28+00:00","dateModified":"2025-08-09T22:50:41+00:00","description":"Fedezz fel \u00e9jszakai kalandokat \u00e9s \u0171zd el a s\u00f6t\u00e9ts\u00e9get a hihetetlen Monteer ZEUS 6500S ker\u00e9kp\u00e1rl\u00e1mp\u00e1val. Ker\u00e9kp\u00e1roz\u00e1shoz, s\u00edel\u00e9shez \u00e9s sporttev\u00e9kenys\u00e9gekhez aj\u00e1nlott.","breadcrumb":{"@id":"https:\/\/www.sportshine.eu\/trgovina\/sprednja-luc-magicshine-monteer-6500s-zeus-v2-0\/#breadcrumb"},"inLanguage":"hu","potentialAction":[{"@type":"ReadAction","target":["https:\/\/www.sportshine.eu\/trgovina\/sprednja-luc-magicshine-monteer-6500s-zeus-v2-0\/"]}]},{"@type":"ImageObject","inLanguage":"hu","@id":"https:\/\/www.sportshine.eu\/trgovina\/sprednja-luc-magicshine-monteer-6500s-zeus-v2-0\/#primaryimage","url":"https:\/\/www.sportshine.eu\/wp-content\/uploads\/2025\/07\/Magicshine-Monteer-6500S-.webp","contentUrl":"https:\/\/www.sportshine.eu\/wp-content\/uploads\/2025\/07\/Magicshine-Monteer-6500S-.webp","width":800,"height":800},{"@type":"BreadcrumbList","@id":"https:\/\/www.sportshine.eu\/trgovina\/sprednja-luc-magicshine-monteer-6500s-zeus-v2-0\/#breadcrumb","itemListElement":[{"@type":"ListItem","position":1,"name":"Home","item":"https:\/\/www.sportshine.eu\/"},{"@type":"ListItem","position":2,"name":"Trgovina","item":"https:\/\/www.sportshine.eu\/trgovina\/"},{"@type":"ListItem","position":3,"name":"Sprednja lu\u010d Magicshine MONTEER 6500S ZEUS V2.0"}]},{"@type":"WebSite","@id":"https:\/\/www.sportshine.eu\/#website","url":"https:\/\/www.sportshine.eu\/","name":"Sportshine","description":"Ker\u00e9kp\u00e1ros, fejl\u00e1mp\u00e1k \u00e9s felszerel\u00e9sek online \u00e1ruh\u00e1z\u00e1nak vezet\u0151 k\u00edn\u00e1lata","publisher":{"@id":"https:\/\/www.sportshine.eu\/#organization"},"potentialAction":[{"@type":"SearchAction","target":{"@type":"EntryPoint","urlTemplate":"https:\/\/www.sportshine.eu\/?s={search_term_string}"},"query-input":{"@type":"PropertyValueSpecification","valueRequired":true,"valueName":"search_term_string"}}],"inLanguage":"hu"},{"@type":"Organization","@id":"https:\/\/www.sportshine.eu\/#organization","name":"Sportshine","url":"https:\/\/www.sportshine.eu\/","logo":{"@type":"ImageObject","inLanguage":"hu","@id":"https:\/\/www.sportshine.eu\/#\/schema\/logo\/image\/","url":"https:\/\/www.sportshine.eu\/wp-content\/uploads\/2026\/01\/cropped-Sportshine.webp","contentUrl":"https:\/\/www.sportshine.eu\/wp-content\/uploads\/2026\/01\/cropped-Sportshine.webp","width":295,"height":128,"caption":"Sportshine"},"image":{"@id":"https:\/\/www.sportshine.eu\/#\/schema\/logo\/image\/"},"sameAs":["https:\/\/www.facebook.com\/sportshine.eu\/"]}]}},"_links":{"self":[{"href":"https:\/\/www.sportshine.eu\/hu\/wp-json\/wp\/v2\/product\/6469","targetHints":{"allow":["GET"]}}],"collection":[{"href":"https:\/\/www.sportshine.eu\/hu\/wp-json\/wp\/v2\/product"}],"about":[{"href":"https:\/\/www.sportshine.eu\/hu\/wp-json\/wp\/v2\/types\/product"}],"replies":[{"embeddable":true,"href":"https:\/\/www.sportshine.eu\/hu\/wp-json\/wp\/v2\/comments?post=6469"}],"version-history":[{"count":0,"href":"https:\/\/www.sportshine.eu\/hu\/wp-json\/wp\/v2\/product\/6469\/revisions"}],"wp:featuredmedia":[{"embeddable":true,"href":"https:\/\/www.sportshine.eu\/hu\/wp-json\/wp\/v2\/media\/6054"}],"wp:attachment":[{"href":"https:\/\/www.sportshine.eu\/hu\/wp-json\/wp\/v2\/media?parent=6469"}],"wp:term":[{"taxonomy":"product_brand","embeddable":true,"href":"https:\/\/www.sportshine.eu\/hu\/wp-json\/wp\/v2\/product_brand?post=6469"},{"taxonomy":"product_cat","embeddable":true,"href":"https:\/\/www.sportshine.eu\/hu\/wp-json\/wp\/v2\/product_cat?post=6469"},{"taxonomy":"product_tag","embeddable":true,"href":"https:\/\/www.sportshine.eu\/hu\/wp-json\/wp\/v2\/product_tag?post=6469"}],"curies":[{"name":"wp","href":"https:\/\/api.w.org\/{rel}","templated":true}]}}