{"id":6467,"date":"2025-07-05T19:57:26","date_gmt":"2025-07-05T19:57:26","guid":{"rendered":"https:\/\/www.sportshine.eu\/?post_type=product&#038;p=6467"},"modified":"2026-03-10T08:16:41","modified_gmt":"2026-03-10T08:16:41","slug":"magicshine-rn-3000-kerekparlampak","status":"publish","type":"product","link":"https:\/\/www.sportshine.eu\/hu\/uzlet\/magicshine-rn-3000-kerekparlampak\/","title":{"rendered":"Magicshine RN 3000 ker\u00e9kp\u00e1rl\u00e1mpa"},"content":{"rendered":"<p>&nbsp;<\/p>\n<p><img decoding=\"async\" class=\"aligncenter wp-image-7206 size-full\" src=\"https:\/\/www.sportshine.eu\/wp-content\/uploads\/2025\/07\/Magicshine-luc-za-kolo-2-1024x643-1.webp\" alt=\"\" width=\"1024\" height=\"643\" srcset=\"https:\/\/www.sportshine.eu\/wp-content\/uploads\/2025\/07\/Magicshine-luc-za-kolo-2-1024x643-1.webp 1024w, https:\/\/www.sportshine.eu\/wp-content\/uploads\/2025\/07\/Magicshine-luc-za-kolo-2-1024x643-1-768x482.webp 768w, https:\/\/www.sportshine.eu\/wp-content\/uploads\/2025\/07\/Magicshine-luc-za-kolo-2-1024x643-1-600x377.webp 600w\" sizes=\"(max-width: 1024px) 100vw, 1024px\" \/><\/p>\n<h3 style=\"text-align: center;\">HOGYAN KELL HASZN\u00c1LNI A MAGICSHINE RN3000 KER\u00c9KP\u00c1ROS L\u00c1MP\u00c1T?<\/h3>\n<p><iframe loading=\"lazy\" title=\"Magicshine Powerful Bike Light RN 3000 kezel\u00e9si \u00fatmutat\u00f3\" width=\"500\" height=\"281\" src=\"https:\/\/www.youtube.com\/embed\/VhZvNY6c0TU?feature=oembed\" frameborder=\"0\" allow=\"accelerometer; autoplay; clipboard-write; encrypted-media; gyroscope; picture-in-picture; web-share\" referrerpolicy=\"strict-origin-when-cross-origin\" allowfullscreen><\/iframe><\/p>\n<p>&nbsp;<\/p>\n<h3 style=\"text-align: center;\">ER\u0150S TELJES\u00cdTM\u00c9NY \u00c9S HOSSZ\u00da AKKUMUL\u00c1TOR \u00c9LETTARTAM<\/h3>\n<p style=\"text-align: center;\">A Magicshine RN 3000 egy nagy teljes\u00edtm\u00e9ny\u0171 ker\u00e9kp\u00e1rl\u00e1mpa, amely k\u00e9t integr\u00e1lt 21700-as akkumul\u00e1torral m\u0171k\u00f6dik, amelyek nagy, 10 000 mAh-s kapacit\u00e1ssal rendelkeznek. K\u00e9t rendk\u00edv\u00fcl f\u00e9nyes \u00e9s energiatakar\u00e9kos LED-del van felszerelve, maxim\u00e1lisan 3000 lumen f\u00e9nyer\u0151vel. A leghosszabb \u00fczemid\u0151 ak\u00e1r 62 \u00f3ra is lehet. Ez a legjobb v\u00e1laszt\u00e1s hossz\u00fa t\u00e1v\u00fa ker\u00e9kp\u00e1roz\u00e1shoz \u00e9s extr\u00e9m kih\u00edv\u00e1sokhoz.<\/p>\n<p>&nbsp;<\/p>\n<p><img decoding=\"async\" class=\"aligncenter wp-image-7207\" src=\"https:\/\/www.sportshine.eu\/wp-content\/uploads\/2025\/07\/Magicshine-RN300-luc.webp\" alt=\"\" width=\"800\" height=\"600\" \/><\/p>\n<p>&nbsp;<\/p>\n<h3 style=\"text-align: center;\">BIZTONS\u00c1GOSABB VEZET\u00c9S T\u00dcKR\u00d6Z\u00c9SMENTES LENCSE ALATT<\/h3>\n<p style=\"text-align: center;\">A t\u00fckr\u00f6z\u0151d\u00e9smentes technol\u00f3gi\u00e1val ell\u00e1tott lencsekialak\u00edt\u00e1s megakad\u00e1lyozza a szembej\u00f6v\u0151 sof\u0151r\u00f6k elvak\u00edt\u00e1s\u00e1t. Oldals\u00f3 vil\u00e1g\u00edt\u00e1s a jobb oldali l\u00e1that\u00f3s\u00e1g \u00e9rdek\u00e9ben.<\/p>\n<p><img decoding=\"async\" class=\"aligncenter wp-image-7209\" src=\"https:\/\/www.sportshine.eu\/wp-content\/uploads\/2025\/07\/RN_3000_2.webp\" alt=\"\" width=\"800\" height=\"600\" \/><\/p>\n<p>&nbsp;<\/p>\n<h3 style=\"text-align: center;\">BE\u00c9P\u00cdTETT AKKUMUL\u00c1TOR JELZ\u0150<\/h3>\n<p style=\"text-align: center;\">K\u00e9szenl\u00e9ti m\u00f3dban egyszer\u0171en nyomja meg a bekapcsol\u00f3gombot az akkumul\u00e1tor jelz\u0151f\u00e9ny\u00e9nek aktiv\u00e1l\u00e1s\u00e1hoz. A jelz\u0151 sz\u00edne a k\u00fcl\u00f6nb\u00f6z\u0151 t\u00f6lt\u00f6tts\u00e9gi szinteket mutatja.<\/p>\n<p><img decoding=\"async\" class=\"aligncenter wp-image-7210\" src=\"https:\/\/www.sportshine.eu\/wp-content\/uploads\/2025\/07\/RN_3000_4.webp\" alt=\"\" width=\"800\" height=\"600\" \/><\/p>\n<p>&nbsp;<\/p>\n<h3 style=\"text-align: center;\">EGY DARABOS ALUM\u00cdNIUM H\u00c1Z BE\u00c9P\u00cdTETT H\u0150SZAB\u00c1LYOZ\u00d3VAL<\/h3>\n<p style=\"text-align: center;\">A be\u00e9p\u00edtett intelligens h\u0151szab\u00e1lyoz\u00f3 rendszer \u00e9s a varratmentes, egy darabb\u00f3l \u00e1ll\u00f3 alum\u00ednium h\u00e1z optim\u00e1lis szinten tartja az RN 3000 \u00fczemi h\u0151m\u00e9rs\u00e9klet\u00e9t, v\u00e9di a bels\u0151 \u00e1ramk\u00f6r\u00f6ket \u00e9s fenntartja a maxim\u00e1lis teljes\u00edtm\u00e9nyt.<\/p>\n<p><img decoding=\"async\" class=\"aligncenter wp-image-7211\" src=\"https:\/\/www.sportshine.eu\/wp-content\/uploads\/2025\/07\/RN3000-1.webp\" alt=\"\" width=\"800\" height=\"800\" srcset=\"https:\/\/www.sportshine.eu\/wp-content\/uploads\/2025\/07\/RN3000-1-768x768.webp 768w, https:\/\/www.sportshine.eu\/wp-content\/uploads\/2025\/07\/RN3000-1-600x600.webp 600w\" sizes=\"(max-width: 800px) 100vw, 800px\" \/><\/p>\n<p>&nbsp;<\/p>\n<h3 style=\"text-align: center;\">Z\u00c1ROL\u00c1SI LEHET\u0150S\u00c9G AZ RN 3000 L\u00c1MP\u00c1HOZ<\/h3>\n<p style=\"text-align: center;\">A ker\u00e9kp\u00e1r l\u00e1mp\u00e1j\u00e1t lez\u00e1rhatja, hogy megakad\u00e1lyozza a kapcsol\u00f3 felesleges megnyom\u00e1s\u00e1t. Kikapcsolt l\u00e1mpa eset\u00e9n az aktiv\u00e1l\u00e1shoz tartsa lenyomva a bekapcsol\u00f3gombot k\u00f6r\u00fclbel\u00fcl 5 m\u00e1sodpercig, am\u00edg a jelz\u0151f\u00e9ny pirosan villogni nem kezd.<\/p>\n<p><img decoding=\"async\" class=\"aligncenter wp-image-7212\" src=\"https:\/\/www.sportshine.eu\/wp-content\/uploads\/2025\/07\/RN_3000_3.webp\" alt=\"\" width=\"800\" height=\"600\" \/><\/p>\n<p>&nbsp;<\/p>\n<h3 style=\"text-align: center;\">A CSOMAGBAN KAPOD<\/h3>\n<p style=\"text-align: center;\">RN 3000 ker\u00e9kp\u00e1rl\u00e1mpa *1<br \/>\nL\u00e1mpatart\u00f3 * 1<br \/>\nKompatibilis szalagok *4<br \/>\n3 mm-es imbuszkulcs *1<br \/>\nUSB-C k\u00e1bel *1<\/p>\n<h3 style=\"text-align: center;\">A MAGICSHINE RN3000 L\u00c1MPA VIDE\u00d3BEMUTAT\u00d3JA<\/h3>\n<p><iframe loading=\"lazy\" title=\"Magicshine RN3000 l\u00e1mpa \u00e1ttekint\u00e9se\" width=\"500\" height=\"281\" src=\"https:\/\/www.youtube.com\/embed\/1vo8ftWgvRQ?feature=oembed\" frameborder=\"0\" allow=\"accelerometer; autoplay; clipboard-write; encrypted-media; gyroscope; picture-in-picture; web-share\" referrerpolicy=\"strict-origin-when-cross-origin\" allowfullscreen><\/iframe><\/p>\n<p>&nbsp;<\/p>\n<p><iframe loading=\"lazy\" title=\"Magicshine RN 3000 ker\u00e9kp\u00e1r els\u0151 f\u00e9nysz\u00f3r\u00f3 teszt - 3000 lumen + dupla LED + Garmin tart\u00f3\" width=\"500\" height=\"281\" src=\"https:\/\/www.youtube.com\/embed\/RpY-tGZyr54?feature=oembed\" frameborder=\"0\" allow=\"accelerometer; autoplay; clipboard-write; encrypted-media; gyroscope; picture-in-picture; web-share\" referrerpolicy=\"strict-origin-when-cross-origin\" allowfullscreen><\/iframe><\/p>\n<p>&nbsp;<\/p>","protected":false},"excerpt":{"rendered":"<p>\u2714 Maxim\u00e1lis lumen: 3000 LM<br \/>\n\u2714 Maxim\u00e1lis \u00fczemid\u0151: 62 \u00f3ra<br \/>\n\u2714 T\u00f6lt\u0151: USB-C<br \/>\n\u2714 V\u00edz\u00e1ll\u00f3s\u00e1g: IPX6<br \/>\n\u2714 T\u00fckr\u00f6z\u0151d\u00e9sg\u00e1tl\u00f3 lencse: Igen<br \/>\n\u2714 Akkumul\u00e1tor kapacit\u00e1sa: 10,00 mAh<\/p>\n<p>A Magicshine RN 3000 egy nagy teljes\u00edtm\u00e9ny\u0171, nagy f\u00e9nyerej\u0171 \u00e9s hossz\u00fa \u00fczemidej\u0171 ker\u00e9kp\u00e1rl\u00e1mpa. Teljes eg\u00e9sz\u00e9ben alum\u00edniumb\u00f3l k\u00e9sz\u00fclt. K\u00e9t be\u00e9p\u00edtett LED izz\u00f3val rendelkezik, amelyek ak\u00e1r 3000 lumen f\u00e9nyer\u0151t biztos\u00edtanak. Minden ker\u00e9kp\u00e1ros sz\u00e1m\u00e1ra alkalmas, akinek megb\u00edzhat\u00f3 vil\u00e1g\u00edt\u00e1sra van sz\u00fcks\u00e9ge. Aero korm\u00e1nyra is felszerelhet\u0151.<\/p>","protected":false},"featured_media":6046,"comment_status":"open","ping_status":"closed","template":"","meta":[],"product_brand":[131],"product_cat":[82,150],"product_tag":[],"class_list":{"0":"post-6467","1":"product","2":"type-product","3":"status-publish","4":"has-post-thumbnail","6":"product_brand-magicshine","7":"product_cat-kolesarske-luci","8":"product_cat-sprednje-kolesarske-luci","10":"first","11":"instock","12":"sale","13":"taxable","14":"shipping-taxable","15":"purchasable","16":"product-type-simple"},"yoast_head":"<!-- This site is optimized with the Yoast SEO plugin v27.3 - https:\/\/yoast.com\/product\/yoast-seo-wordpress\/ -->\n<title>Magicshine RN 3000 lu\u010d za kolo - 3000 lumnov<\/title>\n<meta name=\"description\" content=\"Magicshine RN 3000 je zmogljiva lu\u010d za kolo, ki uporablja bateriji z visoko kapaciteto 10.000 mAh. Vgrajeni ima dve LED \u017earnici z mo\u010djo 3.000 lumnov.\" \/>\n<meta name=\"robots\" content=\"index, follow, max-snippet:-1, max-image-preview:large, max-video-preview:-1\" \/>\n<link rel=\"canonical\" href=\"https:\/\/www.sportshine.eu\/hu\/uzlet\/magicshine-rn-3000-kerekparlampak\/\" \/>\n<meta property=\"og:locale\" content=\"hu_HU\" \/>\n<meta property=\"og:type\" content=\"article\" \/>\n<meta property=\"og:title\" content=\"Magicshine RN 3000 lu\u010d za kolo - 3000 lumnov\" \/>\n<meta property=\"og:description\" content=\"Magicshine RN 3000 je zmogljiva lu\u010d za kolo, ki uporablja bateriji z visoko kapaciteto 10.000 mAh. Vgrajeni ima dve LED \u017earnici z mo\u010djo 3.000 lumnov.\" \/>\n<meta property=\"og:url\" content=\"https:\/\/www.sportshine.eu\/hu\/uzlet\/magicshine-rn-3000-kerekparlampak\/\" \/>\n<meta property=\"og:site_name\" content=\"Sportshine\" \/>\n<meta property=\"article:publisher\" content=\"https:\/\/www.facebook.com\/sportshine.eu\/\" \/>\n<meta property=\"article:modified_time\" content=\"2026-03-10T08:16:41+00:00\" \/>\n<meta property=\"og:image\" content=\"https:\/\/www.sportshine.eu\/wp-content\/uploads\/2025\/07\/RN3000_MJ-6512-ezgif.com-jpg-to-webp-converter-1.webp\" \/>\n\t<meta property=\"og:image:width\" content=\"800\" \/>\n\t<meta property=\"og:image:height\" content=\"800\" \/>\n\t<meta property=\"og:image:type\" content=\"image\/webp\" \/>\n<meta name=\"twitter:card\" content=\"summary_large_image\" \/>\n<meta name=\"twitter:label1\" content=\"Becs\u00fclt olvas\u00e1si id\u0151\" \/>\n\t<meta name=\"twitter:data1\" content=\"3 perc\" \/>\n<script type=\"application\/ld+json\" class=\"yoast-schema-graph\">{\"@context\":\"https:\\\/\\\/schema.org\",\"@graph\":[{\"@type\":\"WebPage\",\"@id\":\"https:\\\/\\\/www.sportshine.eu\\\/trgovina\\\/magicshine-rn-3000-luc-za-kolo\\\/\",\"url\":\"https:\\\/\\\/www.sportshine.eu\\\/trgovina\\\/magicshine-rn-3000-luc-za-kolo\\\/\",\"name\":\"Magicshine RN 3000 lu\u010d za kolo - 3000 lumnov\",\"isPartOf\":{\"@id\":\"https:\\\/\\\/www.sportshine.eu\\\/#website\"},\"primaryImageOfPage\":{\"@id\":\"https:\\\/\\\/www.sportshine.eu\\\/trgovina\\\/magicshine-rn-3000-luc-za-kolo\\\/#primaryimage\"},\"image\":{\"@id\":\"https:\\\/\\\/www.sportshine.eu\\\/trgovina\\\/magicshine-rn-3000-luc-za-kolo\\\/#primaryimage\"},\"thumbnailUrl\":\"https:\\\/\\\/www.sportshine.eu\\\/wp-content\\\/uploads\\\/2025\\\/07\\\/RN3000_MJ-6512-ezgif.com-jpg-to-webp-converter-1.webp\",\"datePublished\":\"2025-07-05T19:57:26+00:00\",\"dateModified\":\"2026-03-10T08:16:41+00:00\",\"description\":\"Magicshine RN 3000 je zmogljiva lu\u010d za kolo, ki uporablja bateriji z visoko kapaciteto 10.000 mAh. Vgrajeni ima dve LED \u017earnici z mo\u010djo 3.000 lumnov.\",\"breadcrumb\":{\"@id\":\"https:\\\/\\\/www.sportshine.eu\\\/trgovina\\\/magicshine-rn-3000-luc-za-kolo\\\/#breadcrumb\"},\"inLanguage\":\"hu\",\"potentialAction\":[{\"@type\":\"ReadAction\",\"target\":[\"https:\\\/\\\/www.sportshine.eu\\\/trgovina\\\/magicshine-rn-3000-luc-za-kolo\\\/\"]}]},{\"@type\":\"ImageObject\",\"inLanguage\":\"hu\",\"@id\":\"https:\\\/\\\/www.sportshine.eu\\\/trgovina\\\/magicshine-rn-3000-luc-za-kolo\\\/#primaryimage\",\"url\":\"https:\\\/\\\/www.sportshine.eu\\\/wp-content\\\/uploads\\\/2025\\\/07\\\/RN3000_MJ-6512-ezgif.com-jpg-to-webp-converter-1.webp\",\"contentUrl\":\"https:\\\/\\\/www.sportshine.eu\\\/wp-content\\\/uploads\\\/2025\\\/07\\\/RN3000_MJ-6512-ezgif.com-jpg-to-webp-converter-1.webp\",\"width\":800,\"height\":800},{\"@type\":\"BreadcrumbList\",\"@id\":\"https:\\\/\\\/www.sportshine.eu\\\/trgovina\\\/magicshine-rn-3000-luc-za-kolo\\\/#breadcrumb\",\"itemListElement\":[{\"@type\":\"ListItem\",\"position\":1,\"name\":\"Home\",\"item\":\"https:\\\/\\\/www.sportshine.eu\\\/\"},{\"@type\":\"ListItem\",\"position\":2,\"name\":\"Trgovina\",\"item\":\"https:\\\/\\\/www.sportshine.eu\\\/trgovina\\\/\"},{\"@type\":\"ListItem\",\"position\":3,\"name\":\"Magicshine RN 3000 lu\u010d za kolo\"}]},{\"@type\":\"WebSite\",\"@id\":\"https:\\\/\\\/www.sportshine.eu\\\/#website\",\"url\":\"https:\\\/\\\/www.sportshine.eu\\\/\",\"name\":\"Sportshine\",\"description\":\"Top spletna trgovina kolesarskih in naglavnih svetilk ter opreme\",\"publisher\":{\"@id\":\"https:\\\/\\\/www.sportshine.eu\\\/#organization\"},\"potentialAction\":[{\"@type\":\"SearchAction\",\"target\":{\"@type\":\"EntryPoint\",\"urlTemplate\":\"https:\\\/\\\/www.sportshine.eu\\\/?s={search_term_string}\"},\"query-input\":{\"@type\":\"PropertyValueSpecification\",\"valueRequired\":true,\"valueName\":\"search_term_string\"}}],\"inLanguage\":\"hu\"},{\"@type\":\"Organization\",\"@id\":\"https:\\\/\\\/www.sportshine.eu\\\/#organization\",\"name\":\"Sportshine\",\"url\":\"https:\\\/\\\/www.sportshine.eu\\\/\",\"logo\":{\"@type\":\"ImageObject\",\"inLanguage\":\"hu\",\"@id\":\"https:\\\/\\\/www.sportshine.eu\\\/#\\\/schema\\\/logo\\\/image\\\/\",\"url\":\"https:\\\/\\\/www.sportshine.eu\\\/wp-content\\\/uploads\\\/2026\\\/01\\\/cropped-Sportshine.webp\",\"contentUrl\":\"https:\\\/\\\/www.sportshine.eu\\\/wp-content\\\/uploads\\\/2026\\\/01\\\/cropped-Sportshine.webp\",\"width\":295,\"height\":128,\"caption\":\"Sportshine\"},\"image\":{\"@id\":\"https:\\\/\\\/www.sportshine.eu\\\/#\\\/schema\\\/logo\\\/image\\\/\"},\"sameAs\":[\"https:\\\/\\\/www.facebook.com\\\/sportshine.eu\\\/\"]}]}<\/script>\n<!-- \/ Yoast SEO plugin. -->","yoast_head_json":{"title":"Magicshine RN 3000 ker\u00e9kp\u00e1rl\u00e1mpa - 3000 lumen","description":"A Magicshine RN 3000 egy nagy teljes\u00edtm\u00e9ny\u0171 ker\u00e9kp\u00e1rl\u00e1mpa, amely nagy kapacit\u00e1s\u00fa, 10 000 mAh-s akkumul\u00e1torral m\u0171k\u00f6dik. K\u00e9t be\u00e9p\u00edtett LED izz\u00f3val rendelkezik, amelyek 3000 lumen teljes\u00edtm\u00e9nyt ny\u00fajtanak.","robots":{"index":"index","follow":"follow","max-snippet":"max-snippet:-1","max-image-preview":"max-image-preview:large","max-video-preview":"max-video-preview:-1"},"canonical":"https:\/\/www.sportshine.eu\/hu\/uzlet\/magicshine-rn-3000-kerekparlampak\/","og_locale":"hu_HU","og_type":"article","og_title":"Magicshine RN 3000 lu\u010d za kolo - 3000 lumnov","og_description":"Magicshine RN 3000 je zmogljiva lu\u010d za kolo, ki uporablja bateriji z visoko kapaciteto 10.000 mAh. Vgrajeni ima dve LED \u017earnici z mo\u010djo 3.000 lumnov.","og_url":"https:\/\/www.sportshine.eu\/hu\/uzlet\/magicshine-rn-3000-kerekparlampak\/","og_site_name":"Sportshine","article_publisher":"https:\/\/www.facebook.com\/sportshine.eu\/","article_modified_time":"2026-03-10T08:16:41+00:00","og_image":[{"width":800,"height":800,"url":"https:\/\/www.sportshine.eu\/wp-content\/uploads\/2025\/07\/RN3000_MJ-6512-ezgif.com-jpg-to-webp-converter-1.webp","type":"image\/webp"}],"twitter_card":"summary_large_image","twitter_misc":{"Becs\u00fclt olvas\u00e1si id\u0151":"3 perc"},"schema":{"@context":"https:\/\/schema.org","@graph":[{"@type":"WebPage","@id":"https:\/\/www.sportshine.eu\/trgovina\/magicshine-rn-3000-luc-za-kolo\/","url":"https:\/\/www.sportshine.eu\/trgovina\/magicshine-rn-3000-luc-za-kolo\/","name":"Magicshine RN 3000 ker\u00e9kp\u00e1rl\u00e1mpa - 3000 lumen","isPartOf":{"@id":"https:\/\/www.sportshine.eu\/#website"},"primaryImageOfPage":{"@id":"https:\/\/www.sportshine.eu\/trgovina\/magicshine-rn-3000-luc-za-kolo\/#primaryimage"},"image":{"@id":"https:\/\/www.sportshine.eu\/trgovina\/magicshine-rn-3000-luc-za-kolo\/#primaryimage"},"thumbnailUrl":"https:\/\/www.sportshine.eu\/wp-content\/uploads\/2025\/07\/RN3000_MJ-6512-ezgif.com-jpg-to-webp-converter-1.webp","datePublished":"2025-07-05T19:57:26+00:00","dateModified":"2026-03-10T08:16:41+00:00","description":"A Magicshine RN 3000 egy nagy teljes\u00edtm\u00e9ny\u0171 ker\u00e9kp\u00e1rl\u00e1mpa, amely nagy kapacit\u00e1s\u00fa, 10 000 mAh-s akkumul\u00e1torral m\u0171k\u00f6dik. K\u00e9t be\u00e9p\u00edtett LED izz\u00f3val rendelkezik, amelyek 3000 lumen teljes\u00edtm\u00e9nyt ny\u00fajtanak.","breadcrumb":{"@id":"https:\/\/www.sportshine.eu\/trgovina\/magicshine-rn-3000-luc-za-kolo\/#breadcrumb"},"inLanguage":"hu","potentialAction":[{"@type":"ReadAction","target":["https:\/\/www.sportshine.eu\/trgovina\/magicshine-rn-3000-luc-za-kolo\/"]}]},{"@type":"ImageObject","inLanguage":"hu","@id":"https:\/\/www.sportshine.eu\/trgovina\/magicshine-rn-3000-luc-za-kolo\/#primaryimage","url":"https:\/\/www.sportshine.eu\/wp-content\/uploads\/2025\/07\/RN3000_MJ-6512-ezgif.com-jpg-to-webp-converter-1.webp","contentUrl":"https:\/\/www.sportshine.eu\/wp-content\/uploads\/2025\/07\/RN3000_MJ-6512-ezgif.com-jpg-to-webp-converter-1.webp","width":800,"height":800},{"@type":"BreadcrumbList","@id":"https:\/\/www.sportshine.eu\/trgovina\/magicshine-rn-3000-luc-za-kolo\/#breadcrumb","itemListElement":[{"@type":"ListItem","position":1,"name":"Home","item":"https:\/\/www.sportshine.eu\/"},{"@type":"ListItem","position":2,"name":"Trgovina","item":"https:\/\/www.sportshine.eu\/trgovina\/"},{"@type":"ListItem","position":3,"name":"Magicshine RN 3000 lu\u010d za kolo"}]},{"@type":"WebSite","@id":"https:\/\/www.sportshine.eu\/#website","url":"https:\/\/www.sportshine.eu\/","name":"Sportshine","description":"Ker\u00e9kp\u00e1ros, fejl\u00e1mp\u00e1k \u00e9s felszerel\u00e9sek online \u00e1ruh\u00e1z\u00e1nak vezet\u0151 k\u00edn\u00e1lata","publisher":{"@id":"https:\/\/www.sportshine.eu\/#organization"},"potentialAction":[{"@type":"SearchAction","target":{"@type":"EntryPoint","urlTemplate":"https:\/\/www.sportshine.eu\/?s={search_term_string}"},"query-input":{"@type":"PropertyValueSpecification","valueRequired":true,"valueName":"search_term_string"}}],"inLanguage":"hu"},{"@type":"Organization","@id":"https:\/\/www.sportshine.eu\/#organization","name":"Sportshine","url":"https:\/\/www.sportshine.eu\/","logo":{"@type":"ImageObject","inLanguage":"hu","@id":"https:\/\/www.sportshine.eu\/#\/schema\/logo\/image\/","url":"https:\/\/www.sportshine.eu\/wp-content\/uploads\/2026\/01\/cropped-Sportshine.webp","contentUrl":"https:\/\/www.sportshine.eu\/wp-content\/uploads\/2026\/01\/cropped-Sportshine.webp","width":295,"height":128,"caption":"Sportshine"},"image":{"@id":"https:\/\/www.sportshine.eu\/#\/schema\/logo\/image\/"},"sameAs":["https:\/\/www.facebook.com\/sportshine.eu\/"]}]}},"_links":{"self":[{"href":"https:\/\/www.sportshine.eu\/hu\/wp-json\/wp\/v2\/product\/6467","targetHints":{"allow":["GET"]}}],"collection":[{"href":"https:\/\/www.sportshine.eu\/hu\/wp-json\/wp\/v2\/product"}],"about":[{"href":"https:\/\/www.sportshine.eu\/hu\/wp-json\/wp\/v2\/types\/product"}],"replies":[{"embeddable":true,"href":"https:\/\/www.sportshine.eu\/hu\/wp-json\/wp\/v2\/comments?post=6467"}],"version-history":[{"count":0,"href":"https:\/\/www.sportshine.eu\/hu\/wp-json\/wp\/v2\/product\/6467\/revisions"}],"wp:featuredmedia":[{"embeddable":true,"href":"https:\/\/www.sportshine.eu\/hu\/wp-json\/wp\/v2\/media\/6046"}],"wp:attachment":[{"href":"https:\/\/www.sportshine.eu\/hu\/wp-json\/wp\/v2\/media?parent=6467"}],"wp:term":[{"taxonomy":"product_brand","embeddable":true,"href":"https:\/\/www.sportshine.eu\/hu\/wp-json\/wp\/v2\/product_brand?post=6467"},{"taxonomy":"product_cat","embeddable":true,"href":"https:\/\/www.sportshine.eu\/hu\/wp-json\/wp\/v2\/product_cat?post=6467"},{"taxonomy":"product_tag","embeddable":true,"href":"https:\/\/www.sportshine.eu\/hu\/wp-json\/wp\/v2\/product_tag?post=6467"}],"curies":[{"name":"wp","href":"https:\/\/api.w.org\/{rel}","templated":true}]}}