{"id":6466,"date":"2025-07-05T19:57:25","date_gmt":"2025-07-05T19:57:25","guid":{"rendered":"https:\/\/www.sportshine.eu\/?post_type=product&#038;p=6466"},"modified":"2025-08-09T22:35:58","modified_gmt":"2025-08-09T22:35:58","slug":"magicshine-monteer-8000s-galaxy-v2-0-kerekparlampa","status":"publish","type":"product","link":"https:\/\/www.sportshine.eu\/hu\/uzlet\/magicshine-monteer-8000s-galaxy-v2-0-kerekparlampa\/","title":{"rendered":"Magicshine MONTEER 8000S GALAXY V2.0 ker\u00e9kp\u00e1rl\u00e1mpa"},"content":{"rendered":"<h3 style=\"text-align: center;\">KIV\u00c1L\u00d3 VIL\u00c1G\u00cdT\u00c1S<\/h3>\n<p style=\"text-align: center;\">K\u00fcl\u00f6nb\u00f6z\u0151 \u00fczemm\u00f3d-be\u00e1ll\u00edt\u00e1sok minden ker\u00e9kp\u00e1ros k\u00f6r\u00fclm\u00e9ny ig\u00e9nyeinek kiel\u00e9g\u00edt\u00e9s\u00e9re \u2013 lejtmenet, hegyi ker\u00e9kp\u00e1roz\u00e1s, terepker\u00e9kp\u00e1roz\u00e1s, enduro \u00e9s terepker\u00e9kp\u00e1roz\u00e1s.<\/p>\n<p><img decoding=\"async\" class=\"wp-image-7812 size-full aligncenter\" src=\"https:\/\/www.sportshine.eu\/wp-content\/uploads\/2025\/07\/Magicshine-MONTEER-8000S-GALAXY.webp\" alt=\"Magicshine MONTEER 8000S GALAXY\" width=\"800\" height=\"800\" srcset=\"https:\/\/www.sportshine.eu\/wp-content\/uploads\/2025\/07\/Magicshine-MONTEER-8000S-GALAXY.webp 800w, https:\/\/www.sportshine.eu\/wp-content\/uploads\/2025\/07\/Magicshine-MONTEER-8000S-GALAXY-768x768.webp 768w, https:\/\/www.sportshine.eu\/wp-content\/uploads\/2025\/07\/Magicshine-MONTEER-8000S-GALAXY-600x600.webp 600w\" sizes=\"(max-width: 800px) 100vw, 800px\" \/><\/p>\n<h3 style=\"text-align: center;\">K\u00d6NNYEN OLVASHAT\u00d3 KIJELZ\u0150<\/h3>\n<p style=\"text-align: center;\">A megvil\u00e1g\u00edtott vez\u00e9rl\u0151gomb z\u00f6lden vil\u00e1g\u00edt, ha az akkumul\u00e1tor t\u00f6lt\u00f6tts\u00e9ge meghaladja a 20 mAh-t, pirosan, ha a fennmarad\u00f3 t\u00f6lt\u00e9s 6\u201320 mAh k\u00f6z\u00f6tt van, \u00e9s pirosan villog, ha a t\u00f6lt\u00e9s kevesebb, mint 5 mAh.<\/p>\n<p><img decoding=\"async\" class=\"aligncenter wp-image-7813 size-full\" src=\"https:\/\/www.sportshine.eu\/wp-content\/uploads\/2025\/07\/Magicshine-MONTEER-8000S-GALAXY-2.webp\" alt=\"Magicshine MONTEER 8000S GALAXY (2)\" width=\"800\" height=\"800\" srcset=\"https:\/\/www.sportshine.eu\/wp-content\/uploads\/2025\/07\/Magicshine-MONTEER-8000S-GALAXY-2.webp 800w, https:\/\/www.sportshine.eu\/wp-content\/uploads\/2025\/07\/Magicshine-MONTEER-8000S-GALAXY-2-768x768.webp 768w, https:\/\/www.sportshine.eu\/wp-content\/uploads\/2025\/07\/Magicshine-MONTEER-8000S-GALAXY-2-600x600.webp 600w\" sizes=\"(max-width: 800px) 100vw, 800px\" \/><\/p>\n<h3 style=\"text-align: center;\">VEZET\u00c9K N\u00c9LK\u00dcLI T\u00c1VIR\u00c1NY\u00cdT\u00d3<\/h3>\n<p style=\"text-align: center;\">A 2.4G vezet\u00e9k n\u00e9lk\u00fcli \u00e1tviteli technol\u00f3gi\u00e1nak k\u00f6sz\u00f6nhet\u0151en a t\u00e1vir\u00e1ny\u00edt\u00f3 megb\u00edzhat\u00f3 vez\u00e9rl\u00e9st biztos\u00edt ak\u00e1r 5 m\u00e9teres hat\u00f3t\u00e1vols\u00e1gon bel\u00fcl. K\u00e9zhaszn\u00e1latot nem ig\u00e9nyel, k\u00f6nnyen haszn\u00e1lhat\u00f3, \u00edgy t\u00f6k\u00e9letesen alkalmas hegyiker\u00e9kp\u00e1rosok \u00e9s extr\u00e9m s\u00edel\u0151k sz\u00e1m\u00e1ra.<\/p>\n<p><img decoding=\"async\" class=\"aligncenter wp-image-7814 size-full\" src=\"https:\/\/www.sportshine.eu\/wp-content\/uploads\/2025\/07\/Magicshine-MONTEER-8000S-GALAXY-3.webp\" alt=\"Magicshine MONTEER 8000S GALAXY (3)\" width=\"800\" height=\"800\" srcset=\"https:\/\/www.sportshine.eu\/wp-content\/uploads\/2025\/07\/Magicshine-MONTEER-8000S-GALAXY-3.webp 800w, https:\/\/www.sportshine.eu\/wp-content\/uploads\/2025\/07\/Magicshine-MONTEER-8000S-GALAXY-3-768x768.webp 768w, https:\/\/www.sportshine.eu\/wp-content\/uploads\/2025\/07\/Magicshine-MONTEER-8000S-GALAXY-3-600x600.webp 600w\" sizes=\"(max-width: 800px) 100vw, 800px\" \/><\/p>\n<h3 style=\"text-align: center;\">KITART\u00c1S<\/h3>\n<p style=\"text-align: center;\">A leg\u00fajabb \u00e9s legmagasabb min\u0151s\u00e9g\u0171 21700 cell\u00e1kkal szerelt 7,2 V \/ 10 000 mAh-s akkumul\u00e1torcsomag be\u00e9p\u00edtett t\u00f6lt\u00e9ssel \u00e9s kis\u00fct\u00e9ssel USB-C-n kereszt\u00fcl hossz\u00fa \u00f3r\u00e1kon \u00e1t tart\u00f3 haszn\u00e1latot \u00e9s sokoldal\u00fa felhaszn\u00e1l\u00e1st tesz lehet\u0151v\u00e9.<\/p>\n<p><img decoding=\"async\" class=\"aligncenter wp-image-7815 size-full\" src=\"https:\/\/www.sportshine.eu\/wp-content\/uploads\/2025\/07\/Magicshine-MONTEER-8000S-GALAXY-4.webp\" alt=\"Magicshine MONTEER 8000S GALAXY (4)\" width=\"800\" height=\"800\" srcset=\"https:\/\/www.sportshine.eu\/wp-content\/uploads\/2025\/07\/Magicshine-MONTEER-8000S-GALAXY-4.webp 800w, https:\/\/www.sportshine.eu\/wp-content\/uploads\/2025\/07\/Magicshine-MONTEER-8000S-GALAXY-4-768x768.webp 768w, https:\/\/www.sportshine.eu\/wp-content\/uploads\/2025\/07\/Magicshine-MONTEER-8000S-GALAXY-4-600x600.webp 600w\" sizes=\"(max-width: 800px) 100vw, 800px\" \/><\/p>\n<h3 style=\"text-align: center;\">MI VAN A DOBOZBAN?<\/h3>\n<p style=\"text-align: center;\">MONTEER 8000S GALAXY V2.0 l\u00e1mpa \u2013 1\u00d7<br \/>\nMJ-6118 akkumul\u00e1torcsomag \u2013 1\u00d7<br \/>\nT\u00e1vir\u00e1ny\u00edt\u00f3 \u2013 1\u00d7<br \/>\nAlum\u00ednium korm\u00e1nytart\u00f3 \u2013 1\u00d7<br \/>\nUSB-C k\u00e1bel \u2013 1\u00d7<br \/>\n3 mm-es imbuszkulcs \u2013 1\u00d7<br \/>\nFelhaszn\u00e1l\u00f3i k\u00e9zik\u00f6nyv \u2013 1\u00d7<\/p>\n<p><img decoding=\"async\" class=\"aligncenter wp-image-7816 size-full\" src=\"https:\/\/www.sportshine.eu\/wp-content\/uploads\/2025\/07\/Magicshine-MONTEER-8000S-GALAXY-5-e1754778644458.webp\" alt=\"\" width=\"800\" height=\"627\" srcset=\"https:\/\/www.sportshine.eu\/wp-content\/uploads\/2025\/07\/Magicshine-MONTEER-8000S-GALAXY-5-e1754778644458.webp 800w, https:\/\/www.sportshine.eu\/wp-content\/uploads\/2025\/07\/Magicshine-MONTEER-8000S-GALAXY-5-e1754778644458-768x602.webp 768w, https:\/\/www.sportshine.eu\/wp-content\/uploads\/2025\/07\/Magicshine-MONTEER-8000S-GALAXY-5-e1754778644458-600x470.webp 600w\" sizes=\"(max-width: 800px) 100vw, 800px\" \/><\/p>","protected":false},"excerpt":{"rendered":"<ul>\n<li>Hatalmas, 8000 lumenes f\u00e9nyer\u0151 az epikus \u00e9jszakai ker\u00e9kp\u00e1ros kalandokhoz.<\/li>\n<li>Rendk\u00edv\u00fcl hat\u00e9kony lencse, amely sima \u00e1tmenetet biztos\u00edt a pontszer\u0171 \u00e9s a diff\u00faz nyal\u00e1b k\u00f6z\u00f6tt.<\/li>\n<li>Intelligens h\u0151m\u00e9rs\u00e9klet-szab\u00e1lyoz\u00f3 rendszer egyedi h\u0171t\u0151bord\u00e1kkal a magas h\u0171t\u00e9si hat\u00e9konys\u00e1g \u00e9rdek\u00e9ben.<\/li>\n<li>Kiv\u00e1l\u00f3 min\u0151s\u00e9g\u0171 7,2 V-os 10 000 mAh-s \u00fajrat\u00f6lthet\u0151 akkumul\u00e1torcsomag, amely t\u00e1mogatja a gyors t\u00f6lt\u00e9st \u00e9s kis\u00fct\u00e9st USB-C PD-n kereszt\u00fcl.<\/li>\n<li>T\u00f6bb vil\u00e1g\u00edt\u00e1si m\u00f3d az \u00e1tfog\u00f3 megold\u00e1sok\u00e9rt a k\u00fcl\u00f6nb\u00f6z\u0151 ker\u00e9kp\u00e1ros k\u00f6rnyezetekben.<\/li>\n<li>K\u00f6nny\u0171, egygombos kezel\u00e9s \u00e9s mem\u00f3ria funkci\u00f3 a gyors ind\u00edt\u00e1shoz.<\/li>\n<li>K\u00fcl\u00f6nb\u00f6z\u0151 \u00e9s biztons\u00e1gos r\u00f6gz\u00edt\u00e9si lehet\u0151s\u00e9gek sisakra vagy ker\u00e9kp\u00e1rokra a k\u00fcl\u00f6nb\u00f6z\u0151 vil\u00e1g\u00edt\u00e1si ig\u00e9nyekhez.<\/li>\n<li>Robusztus \u00e9s kompakt kialak\u00edt\u00e1s IPX5 v\u00edz\u00e1ll\u00f3s\u00e1gi besorol\u00e1ssal a kih\u00edv\u00e1st jelent\u0151 id\u0151j\u00e1r\u00e1si k\u00f6r\u00fclm\u00e9nyek k\u00f6z\u00f6tti ellen\u00e1ll\u00e1s \u00e9rdek\u00e9ben.<\/li>\n<li>K\u00f6nnyen leolvashat\u00f3 akkumul\u00e1torjelz\u0151 a l\u00e1mpafejen \u00e9s az akkumul\u00e1toron.<\/li>\n<li>Biztons\u00e1gos, Garmin-kompatibilis tart\u00f3, 31,8 mm \u00e9s 35 mm \u00e1tm\u00e9r\u0151j\u0171 korm\u00e1nyokhoz alkalmas.<\/li>\n<\/ul>","protected":false},"featured_media":6042,"comment_status":"closed","ping_status":"closed","template":"","meta":[],"product_brand":[131],"product_cat":[82,150],"product_tag":[],"class_list":{"0":"post-6466","1":"product","2":"type-product","3":"status-publish","4":"has-post-thumbnail","6":"product_brand-magicshine","7":"product_cat-kolesarske-luci","8":"product_cat-sprednje-kolesarske-luci","10":"first","11":"onbackorder","12":"taxable","13":"shipping-taxable","14":"purchasable","15":"product-type-simple"},"yoast_head":"<!-- This site is optimized with the Yoast SEO plugin v27.3 - https:\/\/yoast.com\/product\/yoast-seo-wordpress\/ -->\n<title>Magicshine MONTEER 8000S GALAXY V2.0 kolesarska lu\u010d<\/title>\n<meta name=\"description\" content=\"Daljinski upravljalnik MONTEER 8000S GALAXY V2.0 omogo\u010da zanesljiv nadzor v obmo\u010dju do 5 metrov, zahvaljujo\u010d svoji tehnologiji brez\u017ei\u010dnega prenosa 2,4G.\" \/>\n<meta name=\"robots\" content=\"index, follow, max-snippet:-1, max-image-preview:large, max-video-preview:-1\" \/>\n<link rel=\"canonical\" href=\"https:\/\/www.sportshine.eu\/hu\/uzlet\/magicshine-monteer-8000s-galaxy-v2-0-kerekparlampa\/\" \/>\n<meta property=\"og:locale\" content=\"hu_HU\" \/>\n<meta property=\"og:type\" content=\"article\" \/>\n<meta property=\"og:title\" content=\"Magicshine MONTEER 8000S GALAXY V2.0 kolesarska lu\u010d\" \/>\n<meta property=\"og:description\" content=\"Daljinski upravljalnik MONTEER 8000S GALAXY V2.0 omogo\u010da zanesljiv nadzor v obmo\u010dju do 5 metrov, zahvaljujo\u010d svoji tehnologiji brez\u017ei\u010dnega prenosa 2,4G.\" \/>\n<meta property=\"og:url\" content=\"https:\/\/www.sportshine.eu\/hu\/uzlet\/magicshine-monteer-8000s-galaxy-v2-0-kerekparlampa\/\" \/>\n<meta property=\"og:site_name\" content=\"Sportshine\" \/>\n<meta property=\"article:publisher\" content=\"https:\/\/www.facebook.com\/sportshine.eu\/\" \/>\n<meta property=\"article:modified_time\" content=\"2025-08-09T22:35:58+00:00\" \/>\n<meta property=\"og:image\" content=\"https:\/\/www.sportshine.eu\/wp-content\/uploads\/2025\/07\/Magicshine-Monteer8000s-kolesarska-luc.webp\" \/>\n\t<meta property=\"og:image:width\" content=\"800\" \/>\n\t<meta property=\"og:image:height\" content=\"800\" \/>\n\t<meta property=\"og:image:type\" content=\"image\/webp\" \/>\n<meta name=\"twitter:card\" content=\"summary_large_image\" \/>\n<meta name=\"twitter:label1\" content=\"Becs\u00fclt olvas\u00e1si id\u0151\" \/>\n\t<meta name=\"twitter:data1\" content=\"2 perc\" \/>\n<script type=\"application\/ld+json\" class=\"yoast-schema-graph\">{\"@context\":\"https:\\\/\\\/schema.org\",\"@graph\":[{\"@type\":\"WebPage\",\"@id\":\"https:\\\/\\\/www.sportshine.eu\\\/trgovina\\\/magicshine-monteer-8000s-galaxy-v2-0-kolesarska-luc\\\/\",\"url\":\"https:\\\/\\\/www.sportshine.eu\\\/trgovina\\\/magicshine-monteer-8000s-galaxy-v2-0-kolesarska-luc\\\/\",\"name\":\"Magicshine MONTEER 8000S GALAXY V2.0 kolesarska lu\u010d\",\"isPartOf\":{\"@id\":\"https:\\\/\\\/www.sportshine.eu\\\/#website\"},\"primaryImageOfPage\":{\"@id\":\"https:\\\/\\\/www.sportshine.eu\\\/trgovina\\\/magicshine-monteer-8000s-galaxy-v2-0-kolesarska-luc\\\/#primaryimage\"},\"image\":{\"@id\":\"https:\\\/\\\/www.sportshine.eu\\\/trgovina\\\/magicshine-monteer-8000s-galaxy-v2-0-kolesarska-luc\\\/#primaryimage\"},\"thumbnailUrl\":\"https:\\\/\\\/www.sportshine.eu\\\/wp-content\\\/uploads\\\/2025\\\/07\\\/Magicshine-Monteer8000s-kolesarska-luc.webp\",\"datePublished\":\"2025-07-05T19:57:25+00:00\",\"dateModified\":\"2025-08-09T22:35:58+00:00\",\"description\":\"Daljinski upravljalnik MONTEER 8000S GALAXY V2.0 omogo\u010da zanesljiv nadzor v obmo\u010dju do 5 metrov, zahvaljujo\u010d svoji tehnologiji brez\u017ei\u010dnega prenosa 2,4G.\",\"breadcrumb\":{\"@id\":\"https:\\\/\\\/www.sportshine.eu\\\/trgovina\\\/magicshine-monteer-8000s-galaxy-v2-0-kolesarska-luc\\\/#breadcrumb\"},\"inLanguage\":\"hu\",\"potentialAction\":[{\"@type\":\"ReadAction\",\"target\":[\"https:\\\/\\\/www.sportshine.eu\\\/trgovina\\\/magicshine-monteer-8000s-galaxy-v2-0-kolesarska-luc\\\/\"]}]},{\"@type\":\"ImageObject\",\"inLanguage\":\"hu\",\"@id\":\"https:\\\/\\\/www.sportshine.eu\\\/trgovina\\\/magicshine-monteer-8000s-galaxy-v2-0-kolesarska-luc\\\/#primaryimage\",\"url\":\"https:\\\/\\\/www.sportshine.eu\\\/wp-content\\\/uploads\\\/2025\\\/07\\\/Magicshine-Monteer8000s-kolesarska-luc.webp\",\"contentUrl\":\"https:\\\/\\\/www.sportshine.eu\\\/wp-content\\\/uploads\\\/2025\\\/07\\\/Magicshine-Monteer8000s-kolesarska-luc.webp\",\"width\":800,\"height\":800},{\"@type\":\"BreadcrumbList\",\"@id\":\"https:\\\/\\\/www.sportshine.eu\\\/trgovina\\\/magicshine-monteer-8000s-galaxy-v2-0-kolesarska-luc\\\/#breadcrumb\",\"itemListElement\":[{\"@type\":\"ListItem\",\"position\":1,\"name\":\"Home\",\"item\":\"https:\\\/\\\/www.sportshine.eu\\\/\"},{\"@type\":\"ListItem\",\"position\":2,\"name\":\"Trgovina\",\"item\":\"https:\\\/\\\/www.sportshine.eu\\\/trgovina\\\/\"},{\"@type\":\"ListItem\",\"position\":3,\"name\":\"Magicshine MONTEER 8000S GALAXY V2.0 kolesarska lu\u010d\"}]},{\"@type\":\"WebSite\",\"@id\":\"https:\\\/\\\/www.sportshine.eu\\\/#website\",\"url\":\"https:\\\/\\\/www.sportshine.eu\\\/\",\"name\":\"Sportshine\",\"description\":\"Top spletna trgovina kolesarskih in naglavnih svetilk ter opreme\",\"publisher\":{\"@id\":\"https:\\\/\\\/www.sportshine.eu\\\/#organization\"},\"potentialAction\":[{\"@type\":\"SearchAction\",\"target\":{\"@type\":\"EntryPoint\",\"urlTemplate\":\"https:\\\/\\\/www.sportshine.eu\\\/?s={search_term_string}\"},\"query-input\":{\"@type\":\"PropertyValueSpecification\",\"valueRequired\":true,\"valueName\":\"search_term_string\"}}],\"inLanguage\":\"hu\"},{\"@type\":\"Organization\",\"@id\":\"https:\\\/\\\/www.sportshine.eu\\\/#organization\",\"name\":\"Sportshine\",\"url\":\"https:\\\/\\\/www.sportshine.eu\\\/\",\"logo\":{\"@type\":\"ImageObject\",\"inLanguage\":\"hu\",\"@id\":\"https:\\\/\\\/www.sportshine.eu\\\/#\\\/schema\\\/logo\\\/image\\\/\",\"url\":\"https:\\\/\\\/www.sportshine.eu\\\/wp-content\\\/uploads\\\/2026\\\/01\\\/cropped-Sportshine.webp\",\"contentUrl\":\"https:\\\/\\\/www.sportshine.eu\\\/wp-content\\\/uploads\\\/2026\\\/01\\\/cropped-Sportshine.webp\",\"width\":295,\"height\":128,\"caption\":\"Sportshine\"},\"image\":{\"@id\":\"https:\\\/\\\/www.sportshine.eu\\\/#\\\/schema\\\/logo\\\/image\\\/\"},\"sameAs\":[\"https:\\\/\\\/www.facebook.com\\\/sportshine.eu\\\/\"]}]}<\/script>\n<!-- \/ Yoast SEO plugin. -->","yoast_head_json":{"title":"Magicshine MONTEER 8000S GALAXY V2.0 ker\u00e9kp\u00e1rl\u00e1mpa","description":"A MONTEER 8000S GALAXY V2.0 t\u00e1vir\u00e1ny\u00edt\u00f3 megb\u00edzhat\u00f3 vez\u00e9rl\u00e9st biztos\u00edt ak\u00e1r 5 m\u00e9teres hat\u00f3t\u00e1vols\u00e1gon bel\u00fcl a 2.4G vezet\u00e9k n\u00e9lk\u00fcli \u00e1tviteli technol\u00f3gi\u00e1nak k\u00f6sz\u00f6nhet\u0151en.","robots":{"index":"index","follow":"follow","max-snippet":"max-snippet:-1","max-image-preview":"max-image-preview:large","max-video-preview":"max-video-preview:-1"},"canonical":"https:\/\/www.sportshine.eu\/hu\/uzlet\/magicshine-monteer-8000s-galaxy-v2-0-kerekparlampa\/","og_locale":"hu_HU","og_type":"article","og_title":"Magicshine MONTEER 8000S GALAXY V2.0 kolesarska lu\u010d","og_description":"Daljinski upravljalnik MONTEER 8000S GALAXY V2.0 omogo\u010da zanesljiv nadzor v obmo\u010dju do 5 metrov, zahvaljujo\u010d svoji tehnologiji brez\u017ei\u010dnega prenosa 2,4G.","og_url":"https:\/\/www.sportshine.eu\/hu\/uzlet\/magicshine-monteer-8000s-galaxy-v2-0-kerekparlampa\/","og_site_name":"Sportshine","article_publisher":"https:\/\/www.facebook.com\/sportshine.eu\/","article_modified_time":"2025-08-09T22:35:58+00:00","og_image":[{"width":800,"height":800,"url":"https:\/\/www.sportshine.eu\/wp-content\/uploads\/2025\/07\/Magicshine-Monteer8000s-kolesarska-luc.webp","type":"image\/webp"}],"twitter_card":"summary_large_image","twitter_misc":{"Becs\u00fclt olvas\u00e1si id\u0151":"2 perc"},"schema":{"@context":"https:\/\/schema.org","@graph":[{"@type":"WebPage","@id":"https:\/\/www.sportshine.eu\/trgovina\/magicshine-monteer-8000s-galaxy-v2-0-kolesarska-luc\/","url":"https:\/\/www.sportshine.eu\/trgovina\/magicshine-monteer-8000s-galaxy-v2-0-kolesarska-luc\/","name":"Magicshine MONTEER 8000S GALAXY V2.0 ker\u00e9kp\u00e1rl\u00e1mpa","isPartOf":{"@id":"https:\/\/www.sportshine.eu\/#website"},"primaryImageOfPage":{"@id":"https:\/\/www.sportshine.eu\/trgovina\/magicshine-monteer-8000s-galaxy-v2-0-kolesarska-luc\/#primaryimage"},"image":{"@id":"https:\/\/www.sportshine.eu\/trgovina\/magicshine-monteer-8000s-galaxy-v2-0-kolesarska-luc\/#primaryimage"},"thumbnailUrl":"https:\/\/www.sportshine.eu\/wp-content\/uploads\/2025\/07\/Magicshine-Monteer8000s-kolesarska-luc.webp","datePublished":"2025-07-05T19:57:25+00:00","dateModified":"2025-08-09T22:35:58+00:00","description":"A MONTEER 8000S GALAXY V2.0 t\u00e1vir\u00e1ny\u00edt\u00f3 megb\u00edzhat\u00f3 vez\u00e9rl\u00e9st biztos\u00edt ak\u00e1r 5 m\u00e9teres hat\u00f3t\u00e1vols\u00e1gon bel\u00fcl a 2.4G vezet\u00e9k n\u00e9lk\u00fcli \u00e1tviteli technol\u00f3gi\u00e1nak k\u00f6sz\u00f6nhet\u0151en.","breadcrumb":{"@id":"https:\/\/www.sportshine.eu\/trgovina\/magicshine-monteer-8000s-galaxy-v2-0-kolesarska-luc\/#breadcrumb"},"inLanguage":"hu","potentialAction":[{"@type":"ReadAction","target":["https:\/\/www.sportshine.eu\/trgovina\/magicshine-monteer-8000s-galaxy-v2-0-kolesarska-luc\/"]}]},{"@type":"ImageObject","inLanguage":"hu","@id":"https:\/\/www.sportshine.eu\/trgovina\/magicshine-monteer-8000s-galaxy-v2-0-kolesarska-luc\/#primaryimage","url":"https:\/\/www.sportshine.eu\/wp-content\/uploads\/2025\/07\/Magicshine-Monteer8000s-kolesarska-luc.webp","contentUrl":"https:\/\/www.sportshine.eu\/wp-content\/uploads\/2025\/07\/Magicshine-Monteer8000s-kolesarska-luc.webp","width":800,"height":800},{"@type":"BreadcrumbList","@id":"https:\/\/www.sportshine.eu\/trgovina\/magicshine-monteer-8000s-galaxy-v2-0-kolesarska-luc\/#breadcrumb","itemListElement":[{"@type":"ListItem","position":1,"name":"Home","item":"https:\/\/www.sportshine.eu\/"},{"@type":"ListItem","position":2,"name":"Trgovina","item":"https:\/\/www.sportshine.eu\/trgovina\/"},{"@type":"ListItem","position":3,"name":"Magicshine MONTEER 8000S GALAXY V2.0 kolesarska lu\u010d"}]},{"@type":"WebSite","@id":"https:\/\/www.sportshine.eu\/#website","url":"https:\/\/www.sportshine.eu\/","name":"Sportshine","description":"Ker\u00e9kp\u00e1ros, fejl\u00e1mp\u00e1k \u00e9s felszerel\u00e9sek online \u00e1ruh\u00e1z\u00e1nak vezet\u0151 k\u00edn\u00e1lata","publisher":{"@id":"https:\/\/www.sportshine.eu\/#organization"},"potentialAction":[{"@type":"SearchAction","target":{"@type":"EntryPoint","urlTemplate":"https:\/\/www.sportshine.eu\/?s={search_term_string}"},"query-input":{"@type":"PropertyValueSpecification","valueRequired":true,"valueName":"search_term_string"}}],"inLanguage":"hu"},{"@type":"Organization","@id":"https:\/\/www.sportshine.eu\/#organization","name":"Sportshine","url":"https:\/\/www.sportshine.eu\/","logo":{"@type":"ImageObject","inLanguage":"hu","@id":"https:\/\/www.sportshine.eu\/#\/schema\/logo\/image\/","url":"https:\/\/www.sportshine.eu\/wp-content\/uploads\/2026\/01\/cropped-Sportshine.webp","contentUrl":"https:\/\/www.sportshine.eu\/wp-content\/uploads\/2026\/01\/cropped-Sportshine.webp","width":295,"height":128,"caption":"Sportshine"},"image":{"@id":"https:\/\/www.sportshine.eu\/#\/schema\/logo\/image\/"},"sameAs":["https:\/\/www.facebook.com\/sportshine.eu\/"]}]}},"_links":{"self":[{"href":"https:\/\/www.sportshine.eu\/hu\/wp-json\/wp\/v2\/product\/6466","targetHints":{"allow":["GET"]}}],"collection":[{"href":"https:\/\/www.sportshine.eu\/hu\/wp-json\/wp\/v2\/product"}],"about":[{"href":"https:\/\/www.sportshine.eu\/hu\/wp-json\/wp\/v2\/types\/product"}],"replies":[{"embeddable":true,"href":"https:\/\/www.sportshine.eu\/hu\/wp-json\/wp\/v2\/comments?post=6466"}],"version-history":[{"count":0,"href":"https:\/\/www.sportshine.eu\/hu\/wp-json\/wp\/v2\/product\/6466\/revisions"}],"wp:featuredmedia":[{"embeddable":true,"href":"https:\/\/www.sportshine.eu\/hu\/wp-json\/wp\/v2\/media\/6042"}],"wp:attachment":[{"href":"https:\/\/www.sportshine.eu\/hu\/wp-json\/wp\/v2\/media?parent=6466"}],"wp:term":[{"taxonomy":"product_brand","embeddable":true,"href":"https:\/\/www.sportshine.eu\/hu\/wp-json\/wp\/v2\/product_brand?post=6466"},{"taxonomy":"product_cat","embeddable":true,"href":"https:\/\/www.sportshine.eu\/hu\/wp-json\/wp\/v2\/product_cat?post=6466"},{"taxonomy":"product_tag","embeddable":true,"href":"https:\/\/www.sportshine.eu\/hu\/wp-json\/wp\/v2\/product_tag?post=6466"}],"curies":[{"name":"wp","href":"https:\/\/api.w.org\/{rel}","templated":true}]}}