{"id":6465,"date":"2025-07-05T19:57:24","date_gmt":"2025-07-05T19:57:24","guid":{"rendered":"https:\/\/www.sportshine.eu\/?post_type=product&#038;p=6465"},"modified":"2025-11-14T22:26:56","modified_gmt":"2025-11-14T22:26:56","slug":"magicshine-allty-1500s-kerekparlampa","status":"publish","type":"product","link":"https:\/\/www.sportshine.eu\/hu\/uzlet\/magicshine-allty-1500s-kerekparlampa\/","title":{"rendered":"Magicshine ALLTY 1500S ker\u00e9kp\u00e1rl\u00e1mpa"},"content":{"rendered":"<h3 style=\"text-align: center;\">VIDE\u00d3<\/h3>\n<p><iframe loading=\"lazy\" title=\"MAGICSHINE ALLTY1500S ker\u00e9kp\u00e1rl\u00e1mpa\" width=\"500\" height=\"281\" src=\"https:\/\/www.youtube.com\/embed\/9Nmtg-7bCJY?feature=oembed\" frameborder=\"0\" allow=\"accelerometer; autoplay; clipboard-write; encrypted-media; gyroscope; picture-in-picture; web-share\" referrerpolicy=\"strict-origin-when-cross-origin\" allowfullscreen><\/iframe><\/p>\n<h3 style=\"text-align: center;\">VIL\u00c1G\u00cdTSD MEG AZ UTASOD<\/h3>\n<p style=\"text-align: center;\">A f\u0151 l\u00e1mpa 1500 lumenes er\u0151s f\u00e9nysugarat bocs\u00e1t ki, emellett folyamatosan vil\u00e1g\u00edt\u00f3 nappali menetf\u00e9nnyel is rendelkezik, amely kiv\u00e1l\u00f3 l\u00e1that\u00f3s\u00e1got biztos\u00edt nappal is.<\/p>\n<p><img decoding=\"async\" class=\"aligncenter wp-image-7230\" src=\"https:\/\/www.sportshine.eu\/wp-content\/uploads\/2025\/07\/Kolesarska-luc-Magicshine-ALLTY-1500S-7.webp\" alt=\"\" width=\"800\" height=\"600\" \/><\/p>\n<h3 style=\"text-align: center;\">OLED KIJELZ\u0150<\/h3>\n<p style=\"text-align: center;\">Percr\u0151l percre pontosan megjelen\u00edti az akkumul\u00e1tor t\u00f6lt\u00f6tts\u00e9gi szintj\u00e9t, az \u00fczemm\u00f3dot \u00e9s a rendelkez\u00e9sre \u00e1ll\u00f3 \u00fczemid\u0151t, \u00edgy megk\u00f6nny\u00edtve a tervez\u00e9st.<\/p>\n<p><img decoding=\"async\" class=\"aligncenter wp-image-7231\" src=\"https:\/\/www.sportshine.eu\/wp-content\/uploads\/2025\/07\/Kolesarska-luc-Magicshine-ALLTY-1500S-8.webp\" alt=\"\" width=\"800\" height=\"600\" \/><\/p>\n<h3 style=\"text-align: center;\">KIVEHET\u0150, HOSSZ\u00da TARTAM\u00da AKKUMUL\u00c1TOR<\/h3>\n<p style=\"text-align: center;\">Az akkumul\u00e1tor k\u00f6nnyen elt\u00e1vol\u00edthat\u00f3 vagy cser\u00e9lhet\u0151 szersz\u00e1mok n\u00e9lk\u00fcl, egyetlen gombnyom\u00e1ssal. Egy cser\u00e9lhet\u0151, 5000 mAh-s akkumul\u00e1torral m\u0171k\u00f6dik, amely USB-C-n kereszt\u00fcl t\u00f6lthet\u0151, \u00e9s ak\u00e1r 31 \u00f3r\u00e1s maxim\u00e1lis \u00fczemid\u0151t k\u00edn\u00e1l.<\/p>\n<p><img decoding=\"async\" class=\"aligncenter wp-image-7232\" src=\"https:\/\/www.sportshine.eu\/wp-content\/uploads\/2025\/07\/Kolesarska-luc-Magicshine-ALLTY-1500S9.webp\" alt=\"\" width=\"800\" height=\"600\" \/><\/p>\n<h3 style=\"text-align: center;\">VEZET\u00c9K N\u00c9LK\u00dcLI T\u00c1VIR\u00c1NY\u00cdT\u00d3<\/h3>\n<p style=\"text-align: center;\">A vezet\u00e9k n\u00e9lk\u00fcli t\u00e1vir\u00e1ny\u00edt\u00f3 egyszer\u0171 \u00e9s prec\u00edz vez\u00e9rl\u00e9st tesz lehet\u0151v\u00e9, \u00e9s egyetlen gombnyom\u00e1ssal teljes teljes\u00edtm\u00e9ny\u0171 \u00fczemm\u00f3dba kapcsol.<\/p>\n<p><img decoding=\"async\" class=\"aligncenter wp-image-7233\" src=\"https:\/\/www.sportshine.eu\/wp-content\/uploads\/2025\/07\/ALLTY_1500S_4.webp\" alt=\"\" width=\"800\" height=\"600\" \/><\/p>\n<h3 style=\"text-align: center;\">TESTRESZAB\u00c1S AZ ALKALMAZ\u00c1SON KERESZT\u00dcL<\/h3>\n<p style=\"text-align: center;\">Szabja testre az \u00fczemm\u00f3dokat, aktiv\u00e1lja a f\u00e9ny-\/rezg\u00e9s\u00e9rz\u00e9kel\u0151t, vagy \u00e1ll\u00edtsa be a k\u00edv\u00e1nt SOS villog\u00e1si mint\u00e1kat az alkalmaz\u00e1son kereszt\u00fcl.<br \/>\n*Az alkalmaz\u00e1s ak\u00e1r 20 egy\u00e9ni m\u00f3dot is t\u00e1mogat.<\/p>\n<p><img decoding=\"async\" class=\"aligncenter wp-image-7234\" src=\"https:\/\/www.sportshine.eu\/wp-content\/uploads\/2025\/07\/ALLTY_1500S_5.webp\" alt=\"\" width=\"800\" height=\"600\" \/><\/p>\n<h3 style=\"text-align: center;\">BIZTONS\u00c1GOSAN HAZA\u00c9RKEZZ<\/h3>\n<p style=\"text-align: center;\">Amikor az akkumul\u00e1tor lemer\u00fcl, az alacsony fogyaszt\u00e1s\u00fa m\u00f3d aktiv\u00e1l\u00f3dik, amely bekapcsolva tartja a l\u00e1mp\u00e1t, \u00e9s lehet\u0151v\u00e9 teszi, hogy biztons\u00e1gosan haza\u00e9rj.<\/p>\n<p><img decoding=\"async\" class=\"aligncenter wp-image-7235\" src=\"https:\/\/www.sportshine.eu\/wp-content\/uploads\/2025\/07\/ALLTY_1500S_7.webp\" alt=\"\" width=\"800\" height=\"600\" \/><\/p>","protected":false},"excerpt":{"rendered":"<p>Az ALLTY 1500S ker\u00e9kp\u00e1rl\u00e1mpa folytatja a r\u00e9gi ALLTY 1500 modell klasszikus, eleg\u00e1ns diz\u00e1jnj\u00e1t, \u00e9s nagy teljes\u00edtm\u00e9ny\u0171, maximum 1500 lumenes f\u00e9nyerej\u0171 f\u00e9nysz\u00f3r\u00f3val, valamint folyamatosan bekapcsolt nappali menetf\u00e9nnyel b\u00fcszk\u00e9lkedhet, amely nappal \u00e9s \u00e9jszaka is biztons\u00e1got ny\u00fajt.<\/p>\n<p><span style=\"color: #008000;\">\u2714<\/span> Maxim\u00e1lis f\u00e9nyer\u0151: 1500 lumen<br \/>\n<span style=\"color: #008000;\">\u2714<\/span> Maxim\u00e1lis id\u0151tartam: 31 \u00f3ra<br \/>\n<span style=\"color: #008000;\">\u2714<\/span> Kivehet\u0151 akkumul\u00e1tor: 3,6 V 5000 mAh<br \/>\n<span style=\"color: #008000;\">\u2714<\/span> OLED kijelz\u0151: Igen<br \/>\n<span style=\"color: #008000;\">\u2714<\/span> Vezet\u00e9k n\u00e9lk\u00fcli t\u00e1vir\u00e1ny\u00edt\u00f3: Igen<br \/>\n<span style=\"color: #008000;\">\u2714<\/span> Testreszab\u00e1s alkalmaz\u00e1son kereszt\u00fcl: Igen<br \/>\n<span style=\"color: #008000;\">\u2714<\/span> Nappali menetf\u00e9ny: Igen<br \/>\n<span style=\"color: #008000;\">\u2714<\/span> T\u00f6lt\u0151: USB-C<\/p>\n<p>&nbsp;<\/p>","protected":false},"featured_media":5999,"comment_status":"open","ping_status":"closed","template":"","meta":[],"product_brand":[131],"product_cat":[82,150],"product_tag":[],"class_list":{"0":"post-6465","1":"product","2":"type-product","3":"status-publish","4":"has-post-thumbnail","6":"product_brand-magicshine","7":"product_cat-kolesarske-luci","8":"product_cat-sprednje-kolesarske-luci","10":"first","11":"instock","12":"sale","13":"taxable","14":"shipping-taxable","15":"purchasable","16":"product-type-simple"},"yoast_head":"<!-- This site is optimized with the Yoast SEO plugin v27.3 - https:\/\/yoast.com\/product\/yoast-seo-wordpress\/ -->\n<title>Kolesarska lu\u010d Magicshine ALLTY 1500S<\/title>\n<meta name=\"description\" content=\"Kolesarska lu\u010d Magicshine ALLTY 1500S nadaljuje klasi\u010den, eleganten dizajn prej\u0161njega modela in se pona\u0161a z glavno lu\u010djo, ki uporablja visoko mo\u010d.\" \/>\n<meta name=\"robots\" content=\"index, follow, max-snippet:-1, max-image-preview:large, max-video-preview:-1\" \/>\n<link rel=\"canonical\" href=\"https:\/\/www.sportshine.eu\/hu\/uzlet\/magicshine-allty-1500s-kerekparlampa\/\" \/>\n<meta property=\"og:locale\" content=\"hu_HU\" \/>\n<meta property=\"og:type\" content=\"article\" \/>\n<meta property=\"og:title\" content=\"Kolesarska lu\u010d Magicshine ALLTY 1500S\" \/>\n<meta property=\"og:description\" content=\"Kolesarska lu\u010d Magicshine ALLTY 1500S nadaljuje klasi\u010den, eleganten dizajn prej\u0161njega modela in se pona\u0161a z glavno lu\u010djo, ki uporablja visoko mo\u010d.\" \/>\n<meta property=\"og:url\" content=\"https:\/\/www.sportshine.eu\/hu\/uzlet\/magicshine-allty-1500s-kerekparlampa\/\" \/>\n<meta property=\"og:site_name\" content=\"Sportshine\" \/>\n<meta property=\"article:publisher\" content=\"https:\/\/www.facebook.com\/sportshine.eu\/\" \/>\n<meta property=\"article:modified_time\" content=\"2025-11-14T22:26:56+00:00\" \/>\n<meta property=\"og:image\" content=\"https:\/\/www.sportshine.eu\/wp-content\/uploads\/2025\/07\/Kolesarska-luc-Magicshine-ALLTY-1500S.webp\" \/>\n\t<meta property=\"og:image:width\" content=\"800\" \/>\n\t<meta property=\"og:image:height\" content=\"800\" \/>\n\t<meta property=\"og:image:type\" content=\"image\/webp\" \/>\n<meta name=\"twitter:card\" content=\"summary_large_image\" \/>\n<meta name=\"twitter:label1\" content=\"Becs\u00fclt olvas\u00e1si id\u0151\" \/>\n\t<meta name=\"twitter:data1\" content=\"3 perc\" \/>\n<script type=\"application\/ld+json\" class=\"yoast-schema-graph\">{\"@context\":\"https:\\\/\\\/schema.org\",\"@graph\":[{\"@type\":\"WebPage\",\"@id\":\"https:\\\/\\\/www.sportshine.eu\\\/trgovina\\\/kolesarska-luc-magicshine-allty-1500s\\\/\",\"url\":\"https:\\\/\\\/www.sportshine.eu\\\/trgovina\\\/kolesarska-luc-magicshine-allty-1500s\\\/\",\"name\":\"Kolesarska lu\u010d Magicshine ALLTY 1500S\",\"isPartOf\":{\"@id\":\"https:\\\/\\\/www.sportshine.eu\\\/#website\"},\"primaryImageOfPage\":{\"@id\":\"https:\\\/\\\/www.sportshine.eu\\\/trgovina\\\/kolesarska-luc-magicshine-allty-1500s\\\/#primaryimage\"},\"image\":{\"@id\":\"https:\\\/\\\/www.sportshine.eu\\\/trgovina\\\/kolesarska-luc-magicshine-allty-1500s\\\/#primaryimage\"},\"thumbnailUrl\":\"https:\\\/\\\/www.sportshine.eu\\\/wp-content\\\/uploads\\\/2025\\\/07\\\/Kolesarska-luc-Magicshine-ALLTY-1500S.webp\",\"datePublished\":\"2025-07-05T19:57:24+00:00\",\"dateModified\":\"2025-11-14T22:26:56+00:00\",\"description\":\"Kolesarska lu\u010d Magicshine ALLTY 1500S nadaljuje klasi\u010den, eleganten dizajn prej\u0161njega modela in se pona\u0161a z glavno lu\u010djo, ki uporablja visoko mo\u010d.\",\"breadcrumb\":{\"@id\":\"https:\\\/\\\/www.sportshine.eu\\\/trgovina\\\/kolesarska-luc-magicshine-allty-1500s\\\/#breadcrumb\"},\"inLanguage\":\"hu\",\"potentialAction\":[{\"@type\":\"ReadAction\",\"target\":[\"https:\\\/\\\/www.sportshine.eu\\\/trgovina\\\/kolesarska-luc-magicshine-allty-1500s\\\/\"]}]},{\"@type\":\"ImageObject\",\"inLanguage\":\"hu\",\"@id\":\"https:\\\/\\\/www.sportshine.eu\\\/trgovina\\\/kolesarska-luc-magicshine-allty-1500s\\\/#primaryimage\",\"url\":\"https:\\\/\\\/www.sportshine.eu\\\/wp-content\\\/uploads\\\/2025\\\/07\\\/Kolesarska-luc-Magicshine-ALLTY-1500S.webp\",\"contentUrl\":\"https:\\\/\\\/www.sportshine.eu\\\/wp-content\\\/uploads\\\/2025\\\/07\\\/Kolesarska-luc-Magicshine-ALLTY-1500S.webp\",\"width\":800,\"height\":800},{\"@type\":\"BreadcrumbList\",\"@id\":\"https:\\\/\\\/www.sportshine.eu\\\/trgovina\\\/kolesarska-luc-magicshine-allty-1500s\\\/#breadcrumb\",\"itemListElement\":[{\"@type\":\"ListItem\",\"position\":1,\"name\":\"Home\",\"item\":\"https:\\\/\\\/www.sportshine.eu\\\/\"},{\"@type\":\"ListItem\",\"position\":2,\"name\":\"Trgovina\",\"item\":\"https:\\\/\\\/www.sportshine.eu\\\/trgovina\\\/\"},{\"@type\":\"ListItem\",\"position\":3,\"name\":\"Kolesarska lu\u010d Magicshine ALLTY 1500S\"}]},{\"@type\":\"WebSite\",\"@id\":\"https:\\\/\\\/www.sportshine.eu\\\/#website\",\"url\":\"https:\\\/\\\/www.sportshine.eu\\\/\",\"name\":\"Sportshine\",\"description\":\"Top spletna trgovina kolesarskih in naglavnih svetilk ter opreme\",\"publisher\":{\"@id\":\"https:\\\/\\\/www.sportshine.eu\\\/#organization\"},\"potentialAction\":[{\"@type\":\"SearchAction\",\"target\":{\"@type\":\"EntryPoint\",\"urlTemplate\":\"https:\\\/\\\/www.sportshine.eu\\\/?s={search_term_string}\"},\"query-input\":{\"@type\":\"PropertyValueSpecification\",\"valueRequired\":true,\"valueName\":\"search_term_string\"}}],\"inLanguage\":\"hu\"},{\"@type\":\"Organization\",\"@id\":\"https:\\\/\\\/www.sportshine.eu\\\/#organization\",\"name\":\"Sportshine\",\"url\":\"https:\\\/\\\/www.sportshine.eu\\\/\",\"logo\":{\"@type\":\"ImageObject\",\"inLanguage\":\"hu\",\"@id\":\"https:\\\/\\\/www.sportshine.eu\\\/#\\\/schema\\\/logo\\\/image\\\/\",\"url\":\"https:\\\/\\\/www.sportshine.eu\\\/wp-content\\\/uploads\\\/2026\\\/01\\\/cropped-Sportshine.webp\",\"contentUrl\":\"https:\\\/\\\/www.sportshine.eu\\\/wp-content\\\/uploads\\\/2026\\\/01\\\/cropped-Sportshine.webp\",\"width\":295,\"height\":128,\"caption\":\"Sportshine\"},\"image\":{\"@id\":\"https:\\\/\\\/www.sportshine.eu\\\/#\\\/schema\\\/logo\\\/image\\\/\"},\"sameAs\":[\"https:\\\/\\\/www.facebook.com\\\/sportshine.eu\\\/\"]}]}<\/script>\n<!-- \/ Yoast SEO plugin. -->","yoast_head_json":{"title":"Magicshine ALLTY 1500S ker\u00e9kp\u00e1rl\u00e1mpa","description":"A Magicshine ALLTY 1500S ker\u00e9kp\u00e1rl\u00e1mpa folytatja az el\u0151z\u0151 modell klasszikus, eleg\u00e1ns diz\u00e1jnj\u00e1t, \u00e9s nagy teljes\u00edtm\u00e9ny\u0171 f\u00e9nysz\u00f3r\u00f3val b\u00fcszk\u00e9lkedhet.","robots":{"index":"index","follow":"follow","max-snippet":"max-snippet:-1","max-image-preview":"max-image-preview:large","max-video-preview":"max-video-preview:-1"},"canonical":"https:\/\/www.sportshine.eu\/hu\/uzlet\/magicshine-allty-1500s-kerekparlampa\/","og_locale":"hu_HU","og_type":"article","og_title":"Kolesarska lu\u010d Magicshine ALLTY 1500S","og_description":"Kolesarska lu\u010d Magicshine ALLTY 1500S nadaljuje klasi\u010den, eleganten dizajn prej\u0161njega modela in se pona\u0161a z glavno lu\u010djo, ki uporablja visoko mo\u010d.","og_url":"https:\/\/www.sportshine.eu\/hu\/uzlet\/magicshine-allty-1500s-kerekparlampa\/","og_site_name":"Sportshine","article_publisher":"https:\/\/www.facebook.com\/sportshine.eu\/","article_modified_time":"2025-11-14T22:26:56+00:00","og_image":[{"width":800,"height":800,"url":"https:\/\/www.sportshine.eu\/wp-content\/uploads\/2025\/07\/Kolesarska-luc-Magicshine-ALLTY-1500S.webp","type":"image\/webp"}],"twitter_card":"summary_large_image","twitter_misc":{"Becs\u00fclt olvas\u00e1si id\u0151":"3 perc"},"schema":{"@context":"https:\/\/schema.org","@graph":[{"@type":"WebPage","@id":"https:\/\/www.sportshine.eu\/trgovina\/kolesarska-luc-magicshine-allty-1500s\/","url":"https:\/\/www.sportshine.eu\/trgovina\/kolesarska-luc-magicshine-allty-1500s\/","name":"Magicshine ALLTY 1500S ker\u00e9kp\u00e1rl\u00e1mpa","isPartOf":{"@id":"https:\/\/www.sportshine.eu\/#website"},"primaryImageOfPage":{"@id":"https:\/\/www.sportshine.eu\/trgovina\/kolesarska-luc-magicshine-allty-1500s\/#primaryimage"},"image":{"@id":"https:\/\/www.sportshine.eu\/trgovina\/kolesarska-luc-magicshine-allty-1500s\/#primaryimage"},"thumbnailUrl":"https:\/\/www.sportshine.eu\/wp-content\/uploads\/2025\/07\/Kolesarska-luc-Magicshine-ALLTY-1500S.webp","datePublished":"2025-07-05T19:57:24+00:00","dateModified":"2025-11-14T22:26:56+00:00","description":"A Magicshine ALLTY 1500S ker\u00e9kp\u00e1rl\u00e1mpa folytatja az el\u0151z\u0151 modell klasszikus, eleg\u00e1ns diz\u00e1jnj\u00e1t, \u00e9s nagy teljes\u00edtm\u00e9ny\u0171 f\u00e9nysz\u00f3r\u00f3val b\u00fcszk\u00e9lkedhet.","breadcrumb":{"@id":"https:\/\/www.sportshine.eu\/trgovina\/kolesarska-luc-magicshine-allty-1500s\/#breadcrumb"},"inLanguage":"hu","potentialAction":[{"@type":"ReadAction","target":["https:\/\/www.sportshine.eu\/trgovina\/kolesarska-luc-magicshine-allty-1500s\/"]}]},{"@type":"ImageObject","inLanguage":"hu","@id":"https:\/\/www.sportshine.eu\/trgovina\/kolesarska-luc-magicshine-allty-1500s\/#primaryimage","url":"https:\/\/www.sportshine.eu\/wp-content\/uploads\/2025\/07\/Kolesarska-luc-Magicshine-ALLTY-1500S.webp","contentUrl":"https:\/\/www.sportshine.eu\/wp-content\/uploads\/2025\/07\/Kolesarska-luc-Magicshine-ALLTY-1500S.webp","width":800,"height":800},{"@type":"BreadcrumbList","@id":"https:\/\/www.sportshine.eu\/trgovina\/kolesarska-luc-magicshine-allty-1500s\/#breadcrumb","itemListElement":[{"@type":"ListItem","position":1,"name":"Home","item":"https:\/\/www.sportshine.eu\/"},{"@type":"ListItem","position":2,"name":"Trgovina","item":"https:\/\/www.sportshine.eu\/trgovina\/"},{"@type":"ListItem","position":3,"name":"Kolesarska lu\u010d Magicshine ALLTY 1500S"}]},{"@type":"WebSite","@id":"https:\/\/www.sportshine.eu\/#website","url":"https:\/\/www.sportshine.eu\/","name":"Sportshine","description":"Ker\u00e9kp\u00e1ros, fejl\u00e1mp\u00e1k \u00e9s felszerel\u00e9sek online \u00e1ruh\u00e1z\u00e1nak vezet\u0151 k\u00edn\u00e1lata","publisher":{"@id":"https:\/\/www.sportshine.eu\/#organization"},"potentialAction":[{"@type":"SearchAction","target":{"@type":"EntryPoint","urlTemplate":"https:\/\/www.sportshine.eu\/?s={search_term_string}"},"query-input":{"@type":"PropertyValueSpecification","valueRequired":true,"valueName":"search_term_string"}}],"inLanguage":"hu"},{"@type":"Organization","@id":"https:\/\/www.sportshine.eu\/#organization","name":"Sportshine","url":"https:\/\/www.sportshine.eu\/","logo":{"@type":"ImageObject","inLanguage":"hu","@id":"https:\/\/www.sportshine.eu\/#\/schema\/logo\/image\/","url":"https:\/\/www.sportshine.eu\/wp-content\/uploads\/2026\/01\/cropped-Sportshine.webp","contentUrl":"https:\/\/www.sportshine.eu\/wp-content\/uploads\/2026\/01\/cropped-Sportshine.webp","width":295,"height":128,"caption":"Sportshine"},"image":{"@id":"https:\/\/www.sportshine.eu\/#\/schema\/logo\/image\/"},"sameAs":["https:\/\/www.facebook.com\/sportshine.eu\/"]}]}},"_links":{"self":[{"href":"https:\/\/www.sportshine.eu\/hu\/wp-json\/wp\/v2\/product\/6465","targetHints":{"allow":["GET"]}}],"collection":[{"href":"https:\/\/www.sportshine.eu\/hu\/wp-json\/wp\/v2\/product"}],"about":[{"href":"https:\/\/www.sportshine.eu\/hu\/wp-json\/wp\/v2\/types\/product"}],"replies":[{"embeddable":true,"href":"https:\/\/www.sportshine.eu\/hu\/wp-json\/wp\/v2\/comments?post=6465"}],"version-history":[{"count":0,"href":"https:\/\/www.sportshine.eu\/hu\/wp-json\/wp\/v2\/product\/6465\/revisions"}],"wp:featuredmedia":[{"embeddable":true,"href":"https:\/\/www.sportshine.eu\/hu\/wp-json\/wp\/v2\/media\/5999"}],"wp:attachment":[{"href":"https:\/\/www.sportshine.eu\/hu\/wp-json\/wp\/v2\/media?parent=6465"}],"wp:term":[{"taxonomy":"product_brand","embeddable":true,"href":"https:\/\/www.sportshine.eu\/hu\/wp-json\/wp\/v2\/product_brand?post=6465"},{"taxonomy":"product_cat","embeddable":true,"href":"https:\/\/www.sportshine.eu\/hu\/wp-json\/wp\/v2\/product_cat?post=6465"},{"taxonomy":"product_tag","embeddable":true,"href":"https:\/\/www.sportshine.eu\/hu\/wp-json\/wp\/v2\/product_tag?post=6465"}],"curies":[{"name":"wp","href":"https:\/\/api.w.org\/{rel}","templated":true}]}}