{"id":6464,"date":"2025-07-05T19:57:23","date_gmt":"2025-07-05T19:57:23","guid":{"rendered":"https:\/\/www.sportshine.eu\/?post_type=product&#038;p=6464"},"modified":"2026-03-11T14:32:00","modified_gmt":"2026-03-11T14:32:00","slug":"magicshine-seemee-300-hatso-kerekparlampa","status":"publish","type":"product","link":"https:\/\/www.sportshine.eu\/hu\/uzlet\/magicshine-seemee-300-hatso-kerekparlampa\/","title":{"rendered":"H\u00e1ts\u00f3 ker\u00e9kp\u00e1rl\u00e1mpa MAGICSHINE SEEMEE 300"},"content":{"rendered":"<p>&nbsp;<\/p>\n<p><img decoding=\"async\" class=\"aligncenter wp-image-7239 size-full\" src=\"https:\/\/www.sportshine.eu\/wp-content\/uploads\/2025\/07\/mocna-zadnja-luc-scaled-1.webp\" alt=\"\" width=\"2560\" height=\"728\" srcset=\"https:\/\/www.sportshine.eu\/wp-content\/uploads\/2025\/07\/mocna-zadnja-luc-scaled-1.webp 2560w, https:\/\/www.sportshine.eu\/wp-content\/uploads\/2025\/07\/mocna-zadnja-luc-scaled-1-768x218.webp 768w, https:\/\/www.sportshine.eu\/wp-content\/uploads\/2025\/07\/mocna-zadnja-luc-scaled-1-1536x437.webp 1536w, https:\/\/www.sportshine.eu\/wp-content\/uploads\/2025\/07\/mocna-zadnja-luc-scaled-1-2048x582.webp 2048w, https:\/\/www.sportshine.eu\/wp-content\/uploads\/2025\/07\/mocna-zadnja-luc-scaled-1-600x171.webp 600w\" sizes=\"(max-width: 2560px) 100vw, 2560px\" \/><\/p>\n<h3 style=\"text-align: center;\">A MAGICSHINE SEEMEE 300 VIDE\u00d3BEMUTAT\u00d3JA<\/h3>\n<p><iframe loading=\"lazy\" title=\"MAGICSHINE SEEMEE 300 minden ir\u00e1nyban haszn\u00e1lhat\u00f3 biztons\u00e1gi h\u00e1ts\u00f3 l\u00e1mpa\" width=\"500\" height=\"281\" src=\"https:\/\/www.youtube.com\/embed\/TJaVbScopi8?feature=oembed\" frameborder=\"0\" allow=\"accelerometer; autoplay; clipboard-write; encrypted-media; gyroscope; picture-in-picture; web-share\" referrerpolicy=\"strict-origin-when-cross-origin\" allowfullscreen><\/iframe><\/p>\n<h3 style=\"text-align: center;\">HIHETETLEN F\u00c9NYER\u0150<\/h3>\n<p style=\"text-align: center;\">A ker\u00e9kp\u00e1rl\u00e1mpa k\u00e9t LED-et haszn\u00e1l, amelyek egy\u00fcttes maxim\u00e1lis f\u00e9nyereje 300 lumen, \u00e9s k\u00fcl\u00f6nb\u00f6z\u0151 lencsesz\u00f6gekkel rendelkeznek a fokozott l\u00e1that\u00f3s\u00e1g \u00e9rdek\u00e9ben. (Maxim\u00e1lis l\u00e1that\u00f3 t\u00e1vols\u00e1g 3000 m\u00e9ter).<\/p>\n<p><img decoding=\"async\" class=\"aligncenter wp-image-7240\" src=\"https:\/\/www.sportshine.eu\/wp-content\/uploads\/2025\/07\/zadnja-kolesarska-luc-2-1.webp\" alt=\"\" width=\"800\" height=\"600\" \/><\/p>\n<h3 style=\"text-align: center;\">360\u00b0-OS OPTIKAI UTAZ\u00d3L\u00c1MPA<\/h3>\n<p style=\"text-align: center;\">360\u00b0-os piros figyelmeztet\u0151 f\u00e9nyt vet\u00edt a k\u00f6rk\u00f6r\u00f6s l\u00e1that\u00f3s\u00e1g \u00e9s a nagyobb k\u00f6z\u00fati biztons\u00e1g \u00e9rdek\u00e9ben.<\/p>\n<p><img decoding=\"async\" class=\"aligncenter wp-image-7241 size-full\" src=\"https:\/\/www.sportshine.eu\/wp-content\/uploads\/2025\/07\/kolesarska-luc-3-1-1.webp\" alt=\"\" width=\"800\" height=\"800\" srcset=\"https:\/\/www.sportshine.eu\/wp-content\/uploads\/2025\/07\/kolesarska-luc-3-1-1.webp 800w, https:\/\/www.sportshine.eu\/wp-content\/uploads\/2025\/07\/kolesarska-luc-3-1-1-768x768.webp 768w, https:\/\/www.sportshine.eu\/wp-content\/uploads\/2025\/07\/kolesarska-luc-3-1-1-600x600.webp 600w\" sizes=\"(max-width: 800px) 100vw, 800px\" \/><\/p>\n<h3 style=\"text-align: center;\">L\u00e1that\u00f3 f\u00e9nysz\u00f6g 260\u00b0<\/h3>\n<p style=\"text-align: center;\">Emeld a biztons\u00e1godat a k\u00f6vetkez\u0151 szintre a kiv\u00e9teles 260\u00b0-os kil\u00e1t\u00e1snak k\u00f6sz\u00f6nhet\u0151en, amely lehet\u0151v\u00e9 teszi a t\u00f6bbi k\u00f6zleked\u0151 sz\u00e1m\u00e1ra, hogy oldalr\u00f3l l\u00e1ss\u00e1k t\u00e9ged.<\/p>\n<p><img decoding=\"async\" class=\"aligncenter wp-image-7242 size-full\" src=\"https:\/\/www.sportshine.eu\/wp-content\/uploads\/2025\/07\/kolesarska-svetilka-2-1-1.webp\" alt=\"\" width=\"800\" height=\"800\" srcset=\"https:\/\/www.sportshine.eu\/wp-content\/uploads\/2025\/07\/kolesarska-svetilka-2-1-1.webp 800w, https:\/\/www.sportshine.eu\/wp-content\/uploads\/2025\/07\/kolesarska-svetilka-2-1-1-768x768.webp 768w, https:\/\/www.sportshine.eu\/wp-content\/uploads\/2025\/07\/kolesarska-svetilka-2-1-1-600x600.webp 600w\" sizes=\"(max-width: 800px) 100vw, 800px\" \/><\/p>\n<h3 style=\"text-align: center;\">INTELLIGENS F\u00c9KEZ\u00c9S\u00c9RZ\u00c9KEL\u0150<\/h3>\n<p style=\"text-align: center;\">Megb\u00edzhat\u00f3an \u00e9rz\u00e9keli a mozg\u00e1st, \u00e9s f\u00e9kez\u00e9skor azonnal f\u00e9nyesebb\u00e9 v\u00e1lik.<\/p>\n<p><img decoding=\"async\" class=\"aligncenter wp-image-7243\" src=\"https:\/\/www.sportshine.eu\/wp-content\/uploads\/2025\/07\/300-lumnov-kolesarska-luc.webp\" alt=\"\" width=\"800\" height=\"600\" \/><\/p>\n<h3 style=\"text-align: center;\">AUTOMATIKUSAN \u00c1LL\u00cdTJA A F\u00c9NYER\u0150T<\/h3>\n<p style=\"text-align: center;\">Legyen l\u00e1that\u00f3 nappal \u00e9s \u00e9jszaka is. A f\u00e9ny\u00e9rz\u00e9kel\u0151 val\u00f3s id\u0151ben \u00e9rz\u00e9keli a k\u00f6rnyezeti viszonyokat, \u00e9s automatikusan be\u00e1ll\u00edtja a f\u00e9nyer\u0151t. *Az OptiTracing l\u00e1mp\u00e1t egy f\u00e9ny\u00e9rz\u00e9kel\u0151 vez\u00e9rli, \u00e9s nappal kikapcsol.<\/p>\n<p><img decoding=\"async\" class=\"aligncenter wp-image-7244\" src=\"https:\/\/www.sportshine.eu\/wp-content\/uploads\/2025\/07\/zadnja-mocna-kolesarska-luc-Magicshine.webp\" alt=\"\" width=\"800\" height=\"600\" \/><\/p>\n<h3 style=\"text-align: center;\">EGYSZER\u0170 AKKUMUL\u00c1TOR INDIK\u00c1TOR<\/h3>\n<p style=\"text-align: center;\">A h\u00e1romszint\u0171 jelz\u0151 pontosan mutatja a zsebl\u00e1mpa fennmarad\u00f3 energi\u00e1j\u00e1t. Z\u00d6LD: 21%-100%, PIROS: 11%-20%, VILLOG\u00d3 PIROS: 1%-10%.<\/p>\n<p><img decoding=\"async\" class=\"aligncenter wp-image-7245 size-full\" src=\"https:\/\/www.sportshine.eu\/wp-content\/uploads\/2025\/07\/top-kolesarska-svetilka-1-1.webp\" alt=\"\" width=\"800\" height=\"800\" srcset=\"https:\/\/www.sportshine.eu\/wp-content\/uploads\/2025\/07\/top-kolesarska-svetilka-1-1.webp 800w, https:\/\/www.sportshine.eu\/wp-content\/uploads\/2025\/07\/top-kolesarska-svetilka-1-1-768x768.webp 768w, https:\/\/www.sportshine.eu\/wp-content\/uploads\/2025\/07\/top-kolesarska-svetilka-1-1-600x600.webp 600w\" sizes=\"(max-width: 800px) 100vw, 800px\" \/><\/p>\n<h3 style=\"text-align: center;\">GYERE HAZA BIZTONS\u00c1GBAN<\/h3>\n<p style=\"text-align: center;\">Ha az akkumul\u00e1tor lemer\u00fcl, az ECO m\u00f3d aktiv\u00e1l\u00f3dik, hogy a zsebl\u00e1mpa bekapcsolva maradjon, \u00e9s biztons\u00e1gosan hazavigye \u00d6nt. Amikor az akkumul\u00e1tor t\u00f6lt\u00f6tts\u00e9gi szintje 10% vagy kevesebb, a k\u00e9sz\u00fcl\u00e9k automatikusan ECO m\u00f3dba v\u00e1lt. *A f\u00e9kez\u0151 funkci\u00f3 ebben az id\u0151szakban le van tiltva.<\/p>\n<p><img decoding=\"async\" class=\"aligncenter wp-image-7246\" src=\"https:\/\/www.sportshine.eu\/wp-content\/uploads\/2025\/07\/KOLESARSKA-LUC-2.jpg\" alt=\"\" width=\"800\" height=\"600\" \/><\/p>\n<h3 style=\"text-align: center;\">A CSOMAGBAN KAPOD<\/h3>\n<p style=\"text-align: center;\">1 db SEEMEE 300 ker\u00e9kp\u00e1rl\u00e1mpa<br \/>\n1 * \u00fcl\u00e9s alatti r\u00f6gz\u00edt\u0151konzol<br \/>\n1 * nyeregcs\u0151 r\u00f6gz\u00edt\u00e9s<br \/>\n1 db USB C t\u00f6lt\u0151k\u00e1bel<\/p>\n<p><img decoding=\"async\" class=\"aligncenter wp-image-7247\" src=\"https:\/\/www.sportshine.eu\/wp-content\/uploads\/2025\/07\/luc-za-kolo-6.webp\" alt=\"\" width=\"800\" height=\"600\" \/><\/p>","protected":false},"excerpt":{"rendered":"<p>A Magicshine SEEMEE 300 egy intelligens h\u00e1ts\u00f3 l\u00e1mpa, amely t\u00f6bb \u00fczemm\u00f3ddal rendelkezik, \u00edgy az ig\u00e9nyeidnek megfelel\u0151en k\u00fcl\u00f6nb\u00f6z\u0151 vil\u00e1g\u00edt\u00e1si lehet\u0151s\u00e9geket k\u00edn\u00e1l. A f\u0151 l\u00e1mpa ak\u00e1r 300 lumen f\u00e9nyer\u0151t is biztos\u00edt. K\u00e9t k\u00fcl\u00f6nb\u00f6z\u0151 vil\u00e1g\u00edt\u00e1si sz\u00f6g\u0171 LED seg\u00edts\u00e9g\u00e9vel jav\u00edtja a l\u00e1that\u00f3s\u00e1got, \u00e9s ak\u00e1r 3000 m\u00e9teres megvil\u00e1g\u00edt\u00e1si t\u00e1vols\u00e1got is el\u00e9rhet.<\/p>","protected":false},"featured_media":5775,"comment_status":"open","ping_status":"closed","template":"","meta":[],"product_brand":[131],"product_cat":[82,86],"product_tag":[],"class_list":{"0":"post-6464","1":"product","2":"type-product","3":"status-publish","4":"has-post-thumbnail","6":"product_brand-magicshine","7":"product_cat-kolesarske-luci","8":"product_cat-zadnje-kolesarske-luci","10":"first","11":"onbackorder","12":"taxable","13":"shipping-taxable","14":"purchasable","15":"product-type-simple"},"yoast_head":"<!-- This site is optimized with the Yoast SEO plugin v27.3 - https:\/\/yoast.com\/product\/yoast-seo-wordpress\/ -->\n<title>Zadnja kolesarska lu\u010d MAGICSHINE SEEMEE 300<\/title>\n<meta name=\"description\" content=\"Zadnja kolesarska lu\u010d MAGICSHINE SEEMEE 300 ima neverjetno svetilnost 300-ih lumnov in max delovanje do 200 ur. Priporo\u010damo za vse kolesarje.\" \/>\n<meta name=\"robots\" content=\"index, follow, max-snippet:-1, max-image-preview:large, max-video-preview:-1\" \/>\n<link rel=\"canonical\" href=\"https:\/\/www.sportshine.eu\/hu\/uzlet\/magicshine-seemee-300-hatso-kerekparlampa\/\" \/>\n<meta property=\"og:locale\" content=\"hu_HU\" \/>\n<meta property=\"og:type\" content=\"article\" \/>\n<meta property=\"og:title\" content=\"Zadnja kolesarska lu\u010d MAGICSHINE SEEMEE 300\" \/>\n<meta property=\"og:description\" content=\"Zadnja kolesarska lu\u010d MAGICSHINE SEEMEE 300 ima neverjetno svetilnost 300-ih lumnov in max delovanje do 200 ur. Priporo\u010damo za vse kolesarje.\" \/>\n<meta property=\"og:url\" content=\"https:\/\/www.sportshine.eu\/hu\/uzlet\/magicshine-seemee-300-hatso-kerekparlampa\/\" \/>\n<meta property=\"og:site_name\" content=\"Sportshine\" \/>\n<meta property=\"article:publisher\" content=\"https:\/\/www.facebook.com\/sportshine.eu\/\" \/>\n<meta property=\"article:modified_time\" content=\"2026-03-11T14:32:00+00:00\" \/>\n<meta property=\"og:image\" content=\"https:\/\/www.sportshine.eu\/wp-content\/uploads\/2025\/07\/mocna-zadnja-kolesarska-luc.webp\" \/>\n\t<meta property=\"og:image:width\" content=\"800\" \/>\n\t<meta property=\"og:image:height\" content=\"800\" \/>\n\t<meta property=\"og:image:type\" content=\"image\/webp\" \/>\n<meta name=\"twitter:card\" content=\"summary_large_image\" \/>\n<meta name=\"twitter:label1\" content=\"Becs\u00fclt olvas\u00e1si id\u0151\" \/>\n\t<meta name=\"twitter:data1\" content=\"4 perc\" \/>\n<script type=\"application\/ld+json\" class=\"yoast-schema-graph\">{\"@context\":\"https:\\\/\\\/schema.org\",\"@graph\":[{\"@type\":\"WebPage\",\"@id\":\"https:\\\/\\\/www.sportshine.eu\\\/trgovina\\\/zadnja-kolesarska-luc-magicshine-seemee-300\\\/\",\"url\":\"https:\\\/\\\/www.sportshine.eu\\\/trgovina\\\/zadnja-kolesarska-luc-magicshine-seemee-300\\\/\",\"name\":\"Zadnja kolesarska lu\u010d MAGICSHINE SEEMEE 300\",\"isPartOf\":{\"@id\":\"https:\\\/\\\/www.sportshine.eu\\\/#website\"},\"primaryImageOfPage\":{\"@id\":\"https:\\\/\\\/www.sportshine.eu\\\/trgovina\\\/zadnja-kolesarska-luc-magicshine-seemee-300\\\/#primaryimage\"},\"image\":{\"@id\":\"https:\\\/\\\/www.sportshine.eu\\\/trgovina\\\/zadnja-kolesarska-luc-magicshine-seemee-300\\\/#primaryimage\"},\"thumbnailUrl\":\"https:\\\/\\\/www.sportshine.eu\\\/wp-content\\\/uploads\\\/2025\\\/07\\\/mocna-zadnja-kolesarska-luc.webp\",\"datePublished\":\"2025-07-05T19:57:23+00:00\",\"dateModified\":\"2026-03-11T14:32:00+00:00\",\"description\":\"Zadnja kolesarska lu\u010d MAGICSHINE SEEMEE 300 ima neverjetno svetilnost 300-ih lumnov in max delovanje do 200 ur. Priporo\u010damo za vse kolesarje.\",\"breadcrumb\":{\"@id\":\"https:\\\/\\\/www.sportshine.eu\\\/trgovina\\\/zadnja-kolesarska-luc-magicshine-seemee-300\\\/#breadcrumb\"},\"inLanguage\":\"hu\",\"potentialAction\":[{\"@type\":\"ReadAction\",\"target\":[\"https:\\\/\\\/www.sportshine.eu\\\/trgovina\\\/zadnja-kolesarska-luc-magicshine-seemee-300\\\/\"]}]},{\"@type\":\"ImageObject\",\"inLanguage\":\"hu\",\"@id\":\"https:\\\/\\\/www.sportshine.eu\\\/trgovina\\\/zadnja-kolesarska-luc-magicshine-seemee-300\\\/#primaryimage\",\"url\":\"https:\\\/\\\/www.sportshine.eu\\\/wp-content\\\/uploads\\\/2025\\\/07\\\/mocna-zadnja-kolesarska-luc.webp\",\"contentUrl\":\"https:\\\/\\\/www.sportshine.eu\\\/wp-content\\\/uploads\\\/2025\\\/07\\\/mocna-zadnja-kolesarska-luc.webp\",\"width\":800,\"height\":800},{\"@type\":\"BreadcrumbList\",\"@id\":\"https:\\\/\\\/www.sportshine.eu\\\/trgovina\\\/zadnja-kolesarska-luc-magicshine-seemee-300\\\/#breadcrumb\",\"itemListElement\":[{\"@type\":\"ListItem\",\"position\":1,\"name\":\"Home\",\"item\":\"https:\\\/\\\/www.sportshine.eu\\\/\"},{\"@type\":\"ListItem\",\"position\":2,\"name\":\"Trgovina\",\"item\":\"https:\\\/\\\/www.sportshine.eu\\\/trgovina\\\/\"},{\"@type\":\"ListItem\",\"position\":3,\"name\":\"Zadnja kolesarska lu\u010d MAGICSHINE SEEMEE 300\"}]},{\"@type\":\"WebSite\",\"@id\":\"https:\\\/\\\/www.sportshine.eu\\\/#website\",\"url\":\"https:\\\/\\\/www.sportshine.eu\\\/\",\"name\":\"Sportshine\",\"description\":\"Top spletna trgovina kolesarskih in naglavnih svetilk ter opreme\",\"publisher\":{\"@id\":\"https:\\\/\\\/www.sportshine.eu\\\/#organization\"},\"potentialAction\":[{\"@type\":\"SearchAction\",\"target\":{\"@type\":\"EntryPoint\",\"urlTemplate\":\"https:\\\/\\\/www.sportshine.eu\\\/?s={search_term_string}\"},\"query-input\":{\"@type\":\"PropertyValueSpecification\",\"valueRequired\":true,\"valueName\":\"search_term_string\"}}],\"inLanguage\":\"hu\"},{\"@type\":\"Organization\",\"@id\":\"https:\\\/\\\/www.sportshine.eu\\\/#organization\",\"name\":\"Sportshine\",\"url\":\"https:\\\/\\\/www.sportshine.eu\\\/\",\"logo\":{\"@type\":\"ImageObject\",\"inLanguage\":\"hu\",\"@id\":\"https:\\\/\\\/www.sportshine.eu\\\/#\\\/schema\\\/logo\\\/image\\\/\",\"url\":\"https:\\\/\\\/www.sportshine.eu\\\/wp-content\\\/uploads\\\/2026\\\/01\\\/cropped-Sportshine.webp\",\"contentUrl\":\"https:\\\/\\\/www.sportshine.eu\\\/wp-content\\\/uploads\\\/2026\\\/01\\\/cropped-Sportshine.webp\",\"width\":295,\"height\":128,\"caption\":\"Sportshine\"},\"image\":{\"@id\":\"https:\\\/\\\/www.sportshine.eu\\\/#\\\/schema\\\/logo\\\/image\\\/\"},\"sameAs\":[\"https:\\\/\\\/www.facebook.com\\\/sportshine.eu\\\/\"]}]}<\/script>\n<!-- \/ Yoast SEO plugin. -->","yoast_head_json":{"title":"H\u00e1ts\u00f3 ker\u00e9kp\u00e1rl\u00e1mpa MAGICSHINE SEEMEE 300","description":"A MAGICSHINE SEEMEE 300 h\u00e1ts\u00f3 ker\u00e9kp\u00e1rl\u00e1mpa hihetetlen, 300 lumenes f\u00e9nyer\u0151vel \u00e9s ak\u00e1r 200 \u00f3r\u00e1s maxim\u00e1lis \u00fczemid\u0151vel rendelkezik. Minden ker\u00e9kp\u00e1rosnak aj\u00e1nljuk.","robots":{"index":"index","follow":"follow","max-snippet":"max-snippet:-1","max-image-preview":"max-image-preview:large","max-video-preview":"max-video-preview:-1"},"canonical":"https:\/\/www.sportshine.eu\/hu\/uzlet\/magicshine-seemee-300-hatso-kerekparlampa\/","og_locale":"hu_HU","og_type":"article","og_title":"Zadnja kolesarska lu\u010d MAGICSHINE SEEMEE 300","og_description":"Zadnja kolesarska lu\u010d MAGICSHINE SEEMEE 300 ima neverjetno svetilnost 300-ih lumnov in max delovanje do 200 ur. Priporo\u010damo za vse kolesarje.","og_url":"https:\/\/www.sportshine.eu\/hu\/uzlet\/magicshine-seemee-300-hatso-kerekparlampa\/","og_site_name":"Sportshine","article_publisher":"https:\/\/www.facebook.com\/sportshine.eu\/","article_modified_time":"2026-03-11T14:32:00+00:00","og_image":[{"width":800,"height":800,"url":"https:\/\/www.sportshine.eu\/wp-content\/uploads\/2025\/07\/mocna-zadnja-kolesarska-luc.webp","type":"image\/webp"}],"twitter_card":"summary_large_image","twitter_misc":{"Becs\u00fclt olvas\u00e1si id\u0151":"4 perc"},"schema":{"@context":"https:\/\/schema.org","@graph":[{"@type":"WebPage","@id":"https:\/\/www.sportshine.eu\/trgovina\/zadnja-kolesarska-luc-magicshine-seemee-300\/","url":"https:\/\/www.sportshine.eu\/trgovina\/zadnja-kolesarska-luc-magicshine-seemee-300\/","name":"H\u00e1ts\u00f3 ker\u00e9kp\u00e1rl\u00e1mpa MAGICSHINE SEEMEE 300","isPartOf":{"@id":"https:\/\/www.sportshine.eu\/#website"},"primaryImageOfPage":{"@id":"https:\/\/www.sportshine.eu\/trgovina\/zadnja-kolesarska-luc-magicshine-seemee-300\/#primaryimage"},"image":{"@id":"https:\/\/www.sportshine.eu\/trgovina\/zadnja-kolesarska-luc-magicshine-seemee-300\/#primaryimage"},"thumbnailUrl":"https:\/\/www.sportshine.eu\/wp-content\/uploads\/2025\/07\/mocna-zadnja-kolesarska-luc.webp","datePublished":"2025-07-05T19:57:23+00:00","dateModified":"2026-03-11T14:32:00+00:00","description":"A MAGICSHINE SEEMEE 300 h\u00e1ts\u00f3 ker\u00e9kp\u00e1rl\u00e1mpa hihetetlen, 300 lumenes f\u00e9nyer\u0151vel \u00e9s ak\u00e1r 200 \u00f3r\u00e1s maxim\u00e1lis \u00fczemid\u0151vel rendelkezik. Minden ker\u00e9kp\u00e1rosnak aj\u00e1nljuk.","breadcrumb":{"@id":"https:\/\/www.sportshine.eu\/trgovina\/zadnja-kolesarska-luc-magicshine-seemee-300\/#breadcrumb"},"inLanguage":"hu","potentialAction":[{"@type":"ReadAction","target":["https:\/\/www.sportshine.eu\/trgovina\/zadnja-kolesarska-luc-magicshine-seemee-300\/"]}]},{"@type":"ImageObject","inLanguage":"hu","@id":"https:\/\/www.sportshine.eu\/trgovina\/zadnja-kolesarska-luc-magicshine-seemee-300\/#primaryimage","url":"https:\/\/www.sportshine.eu\/wp-content\/uploads\/2025\/07\/mocna-zadnja-kolesarska-luc.webp","contentUrl":"https:\/\/www.sportshine.eu\/wp-content\/uploads\/2025\/07\/mocna-zadnja-kolesarska-luc.webp","width":800,"height":800},{"@type":"BreadcrumbList","@id":"https:\/\/www.sportshine.eu\/trgovina\/zadnja-kolesarska-luc-magicshine-seemee-300\/#breadcrumb","itemListElement":[{"@type":"ListItem","position":1,"name":"Home","item":"https:\/\/www.sportshine.eu\/"},{"@type":"ListItem","position":2,"name":"Trgovina","item":"https:\/\/www.sportshine.eu\/trgovina\/"},{"@type":"ListItem","position":3,"name":"Zadnja kolesarska lu\u010d MAGICSHINE SEEMEE 300"}]},{"@type":"WebSite","@id":"https:\/\/www.sportshine.eu\/#website","url":"https:\/\/www.sportshine.eu\/","name":"Sportshine","description":"Ker\u00e9kp\u00e1ros, fejl\u00e1mp\u00e1k \u00e9s felszerel\u00e9sek online \u00e1ruh\u00e1z\u00e1nak vezet\u0151 k\u00edn\u00e1lata","publisher":{"@id":"https:\/\/www.sportshine.eu\/#organization"},"potentialAction":[{"@type":"SearchAction","target":{"@type":"EntryPoint","urlTemplate":"https:\/\/www.sportshine.eu\/?s={search_term_string}"},"query-input":{"@type":"PropertyValueSpecification","valueRequired":true,"valueName":"search_term_string"}}],"inLanguage":"hu"},{"@type":"Organization","@id":"https:\/\/www.sportshine.eu\/#organization","name":"Sportshine","url":"https:\/\/www.sportshine.eu\/","logo":{"@type":"ImageObject","inLanguage":"hu","@id":"https:\/\/www.sportshine.eu\/#\/schema\/logo\/image\/","url":"https:\/\/www.sportshine.eu\/wp-content\/uploads\/2026\/01\/cropped-Sportshine.webp","contentUrl":"https:\/\/www.sportshine.eu\/wp-content\/uploads\/2026\/01\/cropped-Sportshine.webp","width":295,"height":128,"caption":"Sportshine"},"image":{"@id":"https:\/\/www.sportshine.eu\/#\/schema\/logo\/image\/"},"sameAs":["https:\/\/www.facebook.com\/sportshine.eu\/"]}]}},"_links":{"self":[{"href":"https:\/\/www.sportshine.eu\/hu\/wp-json\/wp\/v2\/product\/6464","targetHints":{"allow":["GET"]}}],"collection":[{"href":"https:\/\/www.sportshine.eu\/hu\/wp-json\/wp\/v2\/product"}],"about":[{"href":"https:\/\/www.sportshine.eu\/hu\/wp-json\/wp\/v2\/types\/product"}],"replies":[{"embeddable":true,"href":"https:\/\/www.sportshine.eu\/hu\/wp-json\/wp\/v2\/comments?post=6464"}],"version-history":[{"count":0,"href":"https:\/\/www.sportshine.eu\/hu\/wp-json\/wp\/v2\/product\/6464\/revisions"}],"wp:featuredmedia":[{"embeddable":true,"href":"https:\/\/www.sportshine.eu\/hu\/wp-json\/wp\/v2\/media\/5775"}],"wp:attachment":[{"href":"https:\/\/www.sportshine.eu\/hu\/wp-json\/wp\/v2\/media?parent=6464"}],"wp:term":[{"taxonomy":"product_brand","embeddable":true,"href":"https:\/\/www.sportshine.eu\/hu\/wp-json\/wp\/v2\/product_brand?post=6464"},{"taxonomy":"product_cat","embeddable":true,"href":"https:\/\/www.sportshine.eu\/hu\/wp-json\/wp\/v2\/product_cat?post=6464"},{"taxonomy":"product_tag","embeddable":true,"href":"https:\/\/www.sportshine.eu\/hu\/wp-json\/wp\/v2\/product_tag?post=6464"}],"curies":[{"name":"wp","href":"https:\/\/api.w.org\/{rel}","templated":true}]}}