{"id":6455,"date":"2025-07-05T19:45:20","date_gmt":"2025-07-05T19:45:20","guid":{"rendered":"https:\/\/www.sportshine.eu\/?post_type=product&#038;p=6455"},"modified":"2026-03-12T21:16:09","modified_gmt":"2026-03-12T21:16:09","slug":"magicshine-seemee-180-v2-0-hatso-kerekparlampa","status":"publish","type":"product","link":"https:\/\/www.sportshine.eu\/hu\/uzlet\/magicshine-seemee-180-v2-0-hatso-kerekparlampa\/","title":{"rendered":"Magicshine SEEMEE 180 V2.0 ker\u00e9kp\u00e1r h\u00e1ts\u00f3 l\u00e1mpa"},"content":{"rendered":"<h3 style=\"text-align: center;\">VIDE\u00d3<\/h3>\n<p><iframe loading=\"lazy\" title=\"Magicshine SEEMEE 180 V2.0\" width=\"500\" height=\"281\" src=\"https:\/\/www.youtube.com\/embed\/A-nnmg8XIdc?feature=oembed\" frameborder=\"0\" allow=\"accelerometer; autoplay; clipboard-write; encrypted-media; gyroscope; picture-in-picture; web-share\" referrerpolicy=\"strict-origin-when-cross-origin\" allowfullscreen><\/iframe><\/p>\n<h3 style=\"text-align: center;\">HAT\u00c9KONY F\u00c9NYSUG\u00c1R<\/h3>\n<p style=\"text-align: center;\">Az \u00e1tl\u00e1tsz\u00f3 optikai sz\u00e1lak er\u0151sebb \u00e9s egyenletesebb f\u00e9nyt bocs\u00e1tanak ki, mik\u00f6zben kevesebb energi\u00e1t fogyasztanak.<\/p>\n<p><img decoding=\"async\" class=\"aligncenter wp-image-7357 size-full\" src=\"https:\/\/www.sportshine.eu\/wp-content\/uploads\/2025\/07\/Magicshine-SEEMEE-180-V2.0-1.webp\" alt=\"\" width=\"800\" height=\"800\" srcset=\"https:\/\/www.sportshine.eu\/wp-content\/uploads\/2025\/07\/Magicshine-SEEMEE-180-V2.0-1.webp 800w, https:\/\/www.sportshine.eu\/wp-content\/uploads\/2025\/07\/Magicshine-SEEMEE-180-V2.0-1-768x768.webp 768w, https:\/\/www.sportshine.eu\/wp-content\/uploads\/2025\/07\/Magicshine-SEEMEE-180-V2.0-1-600x600.webp 600w\" sizes=\"(max-width: 800px) 100vw, 800px\" \/><\/p>\n<p>&nbsp;<\/p>\n<h3 style=\"text-align: center;\">NAGY L\u00c1THAT\u00d3S\u00c1G<\/h3>\n<p style=\"text-align: center;\">A Magicshine SEEMEE 180 lehet\u0151v\u00e9 teszi, hogy m\u00e1sok ak\u00e1r 2000 m\u00e9ter t\u00e1vols\u00e1gb\u00f3l is l\u00e1ssanak, \u00edgy hat\u00e9konyan elv\u00e1laszt a forgalomt\u00f3l.<\/p>\n<p><img decoding=\"async\" class=\"aligncenter wp-image-7359 size-full\" src=\"https:\/\/www.sportshine.eu\/wp-content\/uploads\/2025\/07\/Magicshine-SEEMEE-180-V2.0-2.webp\" alt=\"Magicshine SEEMEE 180 V2.0\" width=\"800\" height=\"800\" srcset=\"https:\/\/www.sportshine.eu\/wp-content\/uploads\/2025\/07\/Magicshine-SEEMEE-180-V2.0-2.webp 800w, https:\/\/www.sportshine.eu\/wp-content\/uploads\/2025\/07\/Magicshine-SEEMEE-180-V2.0-2-768x768.webp 768w, https:\/\/www.sportshine.eu\/wp-content\/uploads\/2025\/07\/Magicshine-SEEMEE-180-V2.0-2-600x600.webp 600w\" sizes=\"(max-width: 800px) 100vw, 800px\" \/><\/p>\n<p>&nbsp;<\/p>\n<h3 style=\"text-align: center;\">INTELLIGENS MOZG\u00c1S- \u00c9S F\u00c9NY\u00c9RZ\u00c9KEL\u0150<\/h3>\n<p style=\"text-align: center;\">A mozg\u00e1s\u00e9rz\u00e9kel\u0151 f\u00e9kez\u00e9skor automatikusan aktiv\u00e1l\u00f3dik, \u00e9s 3 m\u00e1sodpercig maximum 180 lumen f\u00e9nyer\u0151vel vil\u00e1g\u00edt. Intelligens m\u00f3dban a be\u00e9p\u00edtett f\u00e9ny\u00e9rz\u00e9kel\u0151 automatikusan a f\u00e9nyviszonyoknak megfelel\u0151en \u00e1ll\u00edtja be a f\u00e9nyer\u0151t, \u00edgy hat\u00e9konyan n\u00f6velve a figyelmeztet\u0151 hat\u00e1st nappal \u00e9s \u00e9jszaka egyar\u00e1nt.<\/p>\n<p><img decoding=\"async\" class=\"aligncenter wp-image-7360 size-full\" src=\"https:\/\/www.sportshine.eu\/wp-content\/uploads\/2025\/07\/Magicshine-seemee-180-luc-1.webp\" alt=\"Magicshine SEEMEE 180 V2.0\" width=\"800\" height=\"800\" srcset=\"https:\/\/www.sportshine.eu\/wp-content\/uploads\/2025\/07\/Magicshine-seemee-180-luc-1.webp 800w, https:\/\/www.sportshine.eu\/wp-content\/uploads\/2025\/07\/Magicshine-seemee-180-luc-1-768x768.webp 768w, https:\/\/www.sportshine.eu\/wp-content\/uploads\/2025\/07\/Magicshine-seemee-180-luc-1-600x600.webp 600w\" sizes=\"(max-width: 800px) 100vw, 800px\" \/><\/p>\n<p>&nbsp;<\/p>\n<h3 style=\"text-align: center;\">ALACSONY ENERGI\u00c1VAL RENDELKEZ\u0150 \u00dcZEMM\u00d3D<\/h3>\n<p style=\"text-align: center;\">Amikor az akkumul\u00e1tor t\u00f6lt\u00f6tts\u00e9gi szintje 5% al\u00e1 cs\u00f6kken, a l\u00e1mpa automatikusan gazdas\u00e1gos villog\u00f3 \u00fczemm\u00f3dba (27 lumen) v\u00e1lt, amely ak\u00e1r 20 percig is m\u0171k\u00f6dhet, miel\u0151tt teljesen lemer\u00fcl. Ez a funkci\u00f3 ide\u00e1lis a m\u0171k\u00f6d\u00e9si id\u0151 meghosszabb\u00edt\u00e1s\u00e1ra.<\/p>\n<p><img decoding=\"async\" class=\"aligncenter wp-image-7361 size-full\" src=\"https:\/\/www.sportshine.eu\/wp-content\/uploads\/2025\/07\/Magicshine-SEEMEE-180-V2.0-3.webp\" alt=\"Magicshine SEEMEE 180 V2.0\" width=\"800\" height=\"800\" srcset=\"https:\/\/www.sportshine.eu\/wp-content\/uploads\/2025\/07\/Magicshine-SEEMEE-180-V2.0-3.webp 800w, https:\/\/www.sportshine.eu\/wp-content\/uploads\/2025\/07\/Magicshine-SEEMEE-180-V2.0-3-768x768.webp 768w, https:\/\/www.sportshine.eu\/wp-content\/uploads\/2025\/07\/Magicshine-SEEMEE-180-V2.0-3-600x600.webp 600w\" sizes=\"(max-width: 800px) 100vw, 800px\" \/><\/p>\n<p>&nbsp;<\/p>\n<h3 style=\"text-align: center;\">A CSOMAGBAN KAPOD<\/h3>\n<p><img decoding=\"async\" class=\"aligncenter wp-image-7362 size-full\" src=\"https:\/\/www.sportshine.eu\/wp-content\/uploads\/2025\/07\/Magicshine-SEEMEE-180-V2.0.jpg\" alt=\"Magicshine SEEMEE 180 V2.0\" width=\"2000\" height=\"1237\" srcset=\"https:\/\/www.sportshine.eu\/wp-content\/uploads\/2025\/07\/Magicshine-SEEMEE-180-V2.0.jpg 2000w, https:\/\/www.sportshine.eu\/wp-content\/uploads\/2025\/07\/Magicshine-SEEMEE-180-V2.0-768x475.jpg 768w, https:\/\/www.sportshine.eu\/wp-content\/uploads\/2025\/07\/Magicshine-SEEMEE-180-V2.0-1536x950.jpg 1536w, https:\/\/www.sportshine.eu\/wp-content\/uploads\/2025\/07\/Magicshine-SEEMEE-180-V2.0-600x371.jpg 600w\" sizes=\"(max-width: 2000px) 100vw, 2000px\" \/><\/p>\n<p>&nbsp;<\/p>","protected":false},"excerpt":{"rendered":"<p>A Magicshine SEEMEE 180 V2.0 egy intelligens \u00e9s nagy teljes\u00edtm\u00e9ny\u0171 h\u00e1ts\u00f3 ker\u00e9kp\u00e1rl\u00e1mpa, k\u00e9nyelmes t\u00f6lt\u00e9ssel USB C porton kereszt\u00fcl. Ak\u00e1r 180 lumen f\u00e9nyer\u0151t is el\u00e9rhet. Az intelligens f\u00e9kszenzor \u00e9s f\u00e9ny\u00e9rz\u00e9kel\u0151 nagyszer\u0171 felhaszn\u00e1l\u00f3i \u00e9lm\u00e9nyt \u00e9s j\u00f3 l\u00e1that\u00f3s\u00e1got biztos\u00edt az \u00faton. A l\u00e1mpa a ker\u00e9kp\u00e1r \u00fcl\u00e9s al\u00e1 vagy a nyeregcs\u0151re is felszerelhet\u0151.<\/p>","protected":false},"featured_media":6020,"comment_status":"open","ping_status":"closed","template":"","meta":[],"product_brand":[131],"product_cat":[82,86],"product_tag":[],"class_list":{"0":"post-6455","1":"product","2":"type-product","3":"status-publish","4":"has-post-thumbnail","6":"product_brand-magicshine","7":"product_cat-kolesarske-luci","8":"product_cat-zadnje-kolesarske-luci","10":"first","11":"instock","12":"sale","13":"taxable","14":"shipping-taxable","15":"purchasable","16":"product-type-simple"},"yoast_head":"<!-- This site is optimized with the Yoast SEO plugin v27.3 - https:\/\/yoast.com\/product\/yoast-seo-wordpress\/ -->\n<title>Magicshine SEEMEE 180 V2.0 zadnja lu\u010d za kolo<\/title>\n<meta name=\"description\" content=\"Magicshine SEEMEE 180 V2.0 je pametna in zmogljiva zadnja lu\u010d za kolo s priro\u010dnim polnjenjem prek USB C vhoda. Lahko dose\u017ee do 180 lumnov svetilnosti.\" \/>\n<meta name=\"robots\" content=\"index, follow, max-snippet:-1, max-image-preview:large, max-video-preview:-1\" \/>\n<link rel=\"canonical\" href=\"https:\/\/www.sportshine.eu\/hu\/uzlet\/magicshine-seemee-180-v2-0-hatso-kerekparlampa\/\" \/>\n<meta property=\"og:locale\" content=\"hu_HU\" \/>\n<meta property=\"og:type\" content=\"article\" \/>\n<meta property=\"og:title\" content=\"Magicshine SEEMEE 180 V2.0 zadnja lu\u010d za kolo\" \/>\n<meta property=\"og:description\" content=\"Magicshine SEEMEE 180 V2.0 je pametna in zmogljiva zadnja lu\u010d za kolo s priro\u010dnim polnjenjem prek USB C vhoda. Lahko dose\u017ee do 180 lumnov svetilnosti.\" \/>\n<meta property=\"og:url\" content=\"https:\/\/www.sportshine.eu\/hu\/uzlet\/magicshine-seemee-180-v2-0-hatso-kerekparlampa\/\" \/>\n<meta property=\"og:site_name\" content=\"Sportshine\" \/>\n<meta property=\"article:publisher\" content=\"https:\/\/www.facebook.com\/sportshine.eu\/\" \/>\n<meta property=\"article:modified_time\" content=\"2026-03-12T21:16:09+00:00\" \/>\n<meta property=\"og:image\" content=\"https:\/\/www.sportshine.eu\/wp-content\/uploads\/2025\/07\/Magicshine-Seemee-180-V2.0.webp\" \/>\n\t<meta property=\"og:image:width\" content=\"800\" \/>\n\t<meta property=\"og:image:height\" content=\"800\" \/>\n\t<meta property=\"og:image:type\" content=\"image\/webp\" \/>\n<meta name=\"twitter:card\" content=\"summary_large_image\" \/>\n<meta name=\"twitter:label1\" content=\"Becs\u00fclt olvas\u00e1si id\u0151\" \/>\n\t<meta name=\"twitter:data1\" content=\"2 perc\" \/>\n<script type=\"application\/ld+json\" class=\"yoast-schema-graph\">{\"@context\":\"https:\\\/\\\/schema.org\",\"@graph\":[{\"@type\":\"WebPage\",\"@id\":\"https:\\\/\\\/www.sportshine.eu\\\/trgovina\\\/magicshine-seemee-180-v2-0-zadnja-luc-za-kolo\\\/\",\"url\":\"https:\\\/\\\/www.sportshine.eu\\\/trgovina\\\/magicshine-seemee-180-v2-0-zadnja-luc-za-kolo\\\/\",\"name\":\"Magicshine SEEMEE 180 V2.0 zadnja lu\u010d za kolo\",\"isPartOf\":{\"@id\":\"https:\\\/\\\/www.sportshine.eu\\\/#website\"},\"primaryImageOfPage\":{\"@id\":\"https:\\\/\\\/www.sportshine.eu\\\/trgovina\\\/magicshine-seemee-180-v2-0-zadnja-luc-za-kolo\\\/#primaryimage\"},\"image\":{\"@id\":\"https:\\\/\\\/www.sportshine.eu\\\/trgovina\\\/magicshine-seemee-180-v2-0-zadnja-luc-za-kolo\\\/#primaryimage\"},\"thumbnailUrl\":\"https:\\\/\\\/www.sportshine.eu\\\/wp-content\\\/uploads\\\/2025\\\/07\\\/Magicshine-Seemee-180-V2.0.webp\",\"datePublished\":\"2025-07-05T19:45:20+00:00\",\"dateModified\":\"2026-03-12T21:16:09+00:00\",\"description\":\"Magicshine SEEMEE 180 V2.0 je pametna in zmogljiva zadnja lu\u010d za kolo s priro\u010dnim polnjenjem prek USB C vhoda. Lahko dose\u017ee do 180 lumnov svetilnosti.\",\"breadcrumb\":{\"@id\":\"https:\\\/\\\/www.sportshine.eu\\\/trgovina\\\/magicshine-seemee-180-v2-0-zadnja-luc-za-kolo\\\/#breadcrumb\"},\"inLanguage\":\"hu\",\"potentialAction\":[{\"@type\":\"ReadAction\",\"target\":[\"https:\\\/\\\/www.sportshine.eu\\\/trgovina\\\/magicshine-seemee-180-v2-0-zadnja-luc-za-kolo\\\/\"]}]},{\"@type\":\"ImageObject\",\"inLanguage\":\"hu\",\"@id\":\"https:\\\/\\\/www.sportshine.eu\\\/trgovina\\\/magicshine-seemee-180-v2-0-zadnja-luc-za-kolo\\\/#primaryimage\",\"url\":\"https:\\\/\\\/www.sportshine.eu\\\/wp-content\\\/uploads\\\/2025\\\/07\\\/Magicshine-Seemee-180-V2.0.webp\",\"contentUrl\":\"https:\\\/\\\/www.sportshine.eu\\\/wp-content\\\/uploads\\\/2025\\\/07\\\/Magicshine-Seemee-180-V2.0.webp\",\"width\":800,\"height\":800},{\"@type\":\"BreadcrumbList\",\"@id\":\"https:\\\/\\\/www.sportshine.eu\\\/trgovina\\\/magicshine-seemee-180-v2-0-zadnja-luc-za-kolo\\\/#breadcrumb\",\"itemListElement\":[{\"@type\":\"ListItem\",\"position\":1,\"name\":\"Home\",\"item\":\"https:\\\/\\\/www.sportshine.eu\\\/\"},{\"@type\":\"ListItem\",\"position\":2,\"name\":\"Trgovina\",\"item\":\"https:\\\/\\\/www.sportshine.eu\\\/trgovina\\\/\"},{\"@type\":\"ListItem\",\"position\":3,\"name\":\"Magicshine SEEMEE 180 V2.0 zadnja lu\u010d za kolo\"}]},{\"@type\":\"WebSite\",\"@id\":\"https:\\\/\\\/www.sportshine.eu\\\/#website\",\"url\":\"https:\\\/\\\/www.sportshine.eu\\\/\",\"name\":\"Sportshine\",\"description\":\"Top spletna trgovina kolesarskih in naglavnih svetilk ter opreme\",\"publisher\":{\"@id\":\"https:\\\/\\\/www.sportshine.eu\\\/#organization\"},\"potentialAction\":[{\"@type\":\"SearchAction\",\"target\":{\"@type\":\"EntryPoint\",\"urlTemplate\":\"https:\\\/\\\/www.sportshine.eu\\\/?s={search_term_string}\"},\"query-input\":{\"@type\":\"PropertyValueSpecification\",\"valueRequired\":true,\"valueName\":\"search_term_string\"}}],\"inLanguage\":\"hu\"},{\"@type\":\"Organization\",\"@id\":\"https:\\\/\\\/www.sportshine.eu\\\/#organization\",\"name\":\"Sportshine\",\"url\":\"https:\\\/\\\/www.sportshine.eu\\\/\",\"logo\":{\"@type\":\"ImageObject\",\"inLanguage\":\"hu\",\"@id\":\"https:\\\/\\\/www.sportshine.eu\\\/#\\\/schema\\\/logo\\\/image\\\/\",\"url\":\"https:\\\/\\\/www.sportshine.eu\\\/wp-content\\\/uploads\\\/2026\\\/01\\\/cropped-Sportshine.webp\",\"contentUrl\":\"https:\\\/\\\/www.sportshine.eu\\\/wp-content\\\/uploads\\\/2026\\\/01\\\/cropped-Sportshine.webp\",\"width\":295,\"height\":128,\"caption\":\"Sportshine\"},\"image\":{\"@id\":\"https:\\\/\\\/www.sportshine.eu\\\/#\\\/schema\\\/logo\\\/image\\\/\"},\"sameAs\":[\"https:\\\/\\\/www.facebook.com\\\/sportshine.eu\\\/\"]}]}<\/script>\n<!-- \/ Yoast SEO plugin. -->","yoast_head_json":{"title":"Magicshine SEEMEE 180 V2.0 ker\u00e9kp\u00e1r h\u00e1ts\u00f3 l\u00e1mpa","description":"A Magicshine SEEMEE 180 V2.0 egy intelligens \u00e9s nagy teljes\u00edtm\u00e9ny\u0171 h\u00e1ts\u00f3 ker\u00e9kp\u00e1rl\u00e1mpa, k\u00e9nyelmes t\u00f6lt\u00e9ssel USB C porton kereszt\u00fcl. Ak\u00e1r 180 lumen f\u00e9nyer\u0151t is el\u00e9rhet.","robots":{"index":"index","follow":"follow","max-snippet":"max-snippet:-1","max-image-preview":"max-image-preview:large","max-video-preview":"max-video-preview:-1"},"canonical":"https:\/\/www.sportshine.eu\/hu\/uzlet\/magicshine-seemee-180-v2-0-hatso-kerekparlampa\/","og_locale":"hu_HU","og_type":"article","og_title":"Magicshine SEEMEE 180 V2.0 zadnja lu\u010d za kolo","og_description":"Magicshine SEEMEE 180 V2.0 je pametna in zmogljiva zadnja lu\u010d za kolo s priro\u010dnim polnjenjem prek USB C vhoda. Lahko dose\u017ee do 180 lumnov svetilnosti.","og_url":"https:\/\/www.sportshine.eu\/hu\/uzlet\/magicshine-seemee-180-v2-0-hatso-kerekparlampa\/","og_site_name":"Sportshine","article_publisher":"https:\/\/www.facebook.com\/sportshine.eu\/","article_modified_time":"2026-03-12T21:16:09+00:00","og_image":[{"width":800,"height":800,"url":"https:\/\/www.sportshine.eu\/wp-content\/uploads\/2025\/07\/Magicshine-Seemee-180-V2.0.webp","type":"image\/webp"}],"twitter_card":"summary_large_image","twitter_misc":{"Becs\u00fclt olvas\u00e1si id\u0151":"2 perc"},"schema":{"@context":"https:\/\/schema.org","@graph":[{"@type":"WebPage","@id":"https:\/\/www.sportshine.eu\/trgovina\/magicshine-seemee-180-v2-0-zadnja-luc-za-kolo\/","url":"https:\/\/www.sportshine.eu\/trgovina\/magicshine-seemee-180-v2-0-zadnja-luc-za-kolo\/","name":"Magicshine SEEMEE 180 V2.0 ker\u00e9kp\u00e1r h\u00e1ts\u00f3 l\u00e1mpa","isPartOf":{"@id":"https:\/\/www.sportshine.eu\/#website"},"primaryImageOfPage":{"@id":"https:\/\/www.sportshine.eu\/trgovina\/magicshine-seemee-180-v2-0-zadnja-luc-za-kolo\/#primaryimage"},"image":{"@id":"https:\/\/www.sportshine.eu\/trgovina\/magicshine-seemee-180-v2-0-zadnja-luc-za-kolo\/#primaryimage"},"thumbnailUrl":"https:\/\/www.sportshine.eu\/wp-content\/uploads\/2025\/07\/Magicshine-Seemee-180-V2.0.webp","datePublished":"2025-07-05T19:45:20+00:00","dateModified":"2026-03-12T21:16:09+00:00","description":"A Magicshine SEEMEE 180 V2.0 egy intelligens \u00e9s nagy teljes\u00edtm\u00e9ny\u0171 h\u00e1ts\u00f3 ker\u00e9kp\u00e1rl\u00e1mpa, k\u00e9nyelmes t\u00f6lt\u00e9ssel USB C porton kereszt\u00fcl. Ak\u00e1r 180 lumen f\u00e9nyer\u0151t is el\u00e9rhet.","breadcrumb":{"@id":"https:\/\/www.sportshine.eu\/trgovina\/magicshine-seemee-180-v2-0-zadnja-luc-za-kolo\/#breadcrumb"},"inLanguage":"hu","potentialAction":[{"@type":"ReadAction","target":["https:\/\/www.sportshine.eu\/trgovina\/magicshine-seemee-180-v2-0-zadnja-luc-za-kolo\/"]}]},{"@type":"ImageObject","inLanguage":"hu","@id":"https:\/\/www.sportshine.eu\/trgovina\/magicshine-seemee-180-v2-0-zadnja-luc-za-kolo\/#primaryimage","url":"https:\/\/www.sportshine.eu\/wp-content\/uploads\/2025\/07\/Magicshine-Seemee-180-V2.0.webp","contentUrl":"https:\/\/www.sportshine.eu\/wp-content\/uploads\/2025\/07\/Magicshine-Seemee-180-V2.0.webp","width":800,"height":800},{"@type":"BreadcrumbList","@id":"https:\/\/www.sportshine.eu\/trgovina\/magicshine-seemee-180-v2-0-zadnja-luc-za-kolo\/#breadcrumb","itemListElement":[{"@type":"ListItem","position":1,"name":"Home","item":"https:\/\/www.sportshine.eu\/"},{"@type":"ListItem","position":2,"name":"Trgovina","item":"https:\/\/www.sportshine.eu\/trgovina\/"},{"@type":"ListItem","position":3,"name":"Magicshine SEEMEE 180 V2.0 zadnja lu\u010d za kolo"}]},{"@type":"WebSite","@id":"https:\/\/www.sportshine.eu\/#website","url":"https:\/\/www.sportshine.eu\/","name":"Sportshine","description":"Ker\u00e9kp\u00e1ros, fejl\u00e1mp\u00e1k \u00e9s felszerel\u00e9sek online \u00e1ruh\u00e1z\u00e1nak vezet\u0151 k\u00edn\u00e1lata","publisher":{"@id":"https:\/\/www.sportshine.eu\/#organization"},"potentialAction":[{"@type":"SearchAction","target":{"@type":"EntryPoint","urlTemplate":"https:\/\/www.sportshine.eu\/?s={search_term_string}"},"query-input":{"@type":"PropertyValueSpecification","valueRequired":true,"valueName":"search_term_string"}}],"inLanguage":"hu"},{"@type":"Organization","@id":"https:\/\/www.sportshine.eu\/#organization","name":"Sportshine","url":"https:\/\/www.sportshine.eu\/","logo":{"@type":"ImageObject","inLanguage":"hu","@id":"https:\/\/www.sportshine.eu\/#\/schema\/logo\/image\/","url":"https:\/\/www.sportshine.eu\/wp-content\/uploads\/2026\/01\/cropped-Sportshine.webp","contentUrl":"https:\/\/www.sportshine.eu\/wp-content\/uploads\/2026\/01\/cropped-Sportshine.webp","width":295,"height":128,"caption":"Sportshine"},"image":{"@id":"https:\/\/www.sportshine.eu\/#\/schema\/logo\/image\/"},"sameAs":["https:\/\/www.facebook.com\/sportshine.eu\/"]}]}},"_links":{"self":[{"href":"https:\/\/www.sportshine.eu\/hu\/wp-json\/wp\/v2\/product\/6455","targetHints":{"allow":["GET"]}}],"collection":[{"href":"https:\/\/www.sportshine.eu\/hu\/wp-json\/wp\/v2\/product"}],"about":[{"href":"https:\/\/www.sportshine.eu\/hu\/wp-json\/wp\/v2\/types\/product"}],"replies":[{"embeddable":true,"href":"https:\/\/www.sportshine.eu\/hu\/wp-json\/wp\/v2\/comments?post=6455"}],"version-history":[{"count":0,"href":"https:\/\/www.sportshine.eu\/hu\/wp-json\/wp\/v2\/product\/6455\/revisions"}],"wp:featuredmedia":[{"embeddable":true,"href":"https:\/\/www.sportshine.eu\/hu\/wp-json\/wp\/v2\/media\/6020"}],"wp:attachment":[{"href":"https:\/\/www.sportshine.eu\/hu\/wp-json\/wp\/v2\/media?parent=6455"}],"wp:term":[{"taxonomy":"product_brand","embeddable":true,"href":"https:\/\/www.sportshine.eu\/hu\/wp-json\/wp\/v2\/product_brand?post=6455"},{"taxonomy":"product_cat","embeddable":true,"href":"https:\/\/www.sportshine.eu\/hu\/wp-json\/wp\/v2\/product_cat?post=6455"},{"taxonomy":"product_tag","embeddable":true,"href":"https:\/\/www.sportshine.eu\/hu\/wp-json\/wp\/v2\/product_tag?post=6455"}],"curies":[{"name":"wp","href":"https:\/\/api.w.org\/{rel}","templated":true}]}}