{"id":6454,"date":"2025-07-05T19:45:18","date_gmt":"2025-07-05T19:45:18","guid":{"rendered":"https:\/\/www.sportshine.eu\/?post_type=product&#038;p=6454"},"modified":"2026-04-15T22:32:00","modified_gmt":"2026-04-15T22:32:00","slug":"magicshine-seemee-200-v3-0-hatso-lampa","status":"publish","type":"product","link":"https:\/\/www.sportshine.eu\/hu\/uzlet\/magicshine-seemee-200-v3-0-hatso-lampa\/","title":{"rendered":"Magicshine SEEMEE 200 V3.0 h\u00e1ts\u00f3 l\u00e1mpa"},"content":{"rendered":"<h3 style=\"text-align: center;\">VIDE\u00d3<\/h3>\n<p><iframe loading=\"lazy\" title=\"Magicshine Seemee 200\" width=\"500\" height=\"281\" src=\"https:\/\/www.youtube.com\/embed\/39vjp4qnaJ0?feature=oembed\" frameborder=\"0\" allow=\"accelerometer; autoplay; clipboard-write; encrypted-media; gyroscope; picture-in-picture; web-share\" referrerpolicy=\"strict-origin-when-cross-origin\" allowfullscreen><\/iframe><\/p>\n<h3 style=\"text-align: center;\">HIHETETLEN\u00dcL F\u00c9NYES<\/h3>\n<p style=\"text-align: center;\">Vonz\u00f3 diz\u00e1jn, min\u0151s\u00e9gi kidolgoz\u00e1s \u00e9s ak\u00e1r 200 lumen f\u00e9nyer\u0151.<\/p>\n<p><img decoding=\"async\" class=\"aligncenter wp-image-7365 size-full\" src=\"https:\/\/www.sportshine.eu\/wp-content\/uploads\/2025\/07\/Magicshine-SEEMEE-200-1.webp\" alt=\"\" width=\"800\" height=\"800\" srcset=\"https:\/\/www.sportshine.eu\/wp-content\/uploads\/2025\/07\/Magicshine-SEEMEE-200-1.webp 800w, https:\/\/www.sportshine.eu\/wp-content\/uploads\/2025\/07\/Magicshine-SEEMEE-200-1-768x768.webp 768w, https:\/\/www.sportshine.eu\/wp-content\/uploads\/2025\/07\/Magicshine-SEEMEE-200-1-600x600.webp 600w\" sizes=\"(max-width: 800px) 100vw, 800px\" \/><\/p>\n<h3 style=\"text-align: center;\">360 fokos vil\u00e1g\u00edt\u00e1si sz\u00f6g<\/h3>\n<p style=\"text-align: center;\">360\u00b0-os v\u00f6r\u00f6s f\u00e9nyt vet\u00edt az \u00fatra, jelent\u0151sen n\u00f6velve a l\u00e1that\u00f3s\u00e1got.<\/p>\n<p><img decoding=\"async\" class=\"aligncenter wp-image-7366 size-full\" src=\"https:\/\/www.sportshine.eu\/wp-content\/uploads\/2025\/07\/Magicshine-seemee-200-v3.0.webp\" alt=\"Magicshine SEEMEE 200 \" width=\"800\" height=\"800\" srcset=\"https:\/\/www.sportshine.eu\/wp-content\/uploads\/2025\/07\/Magicshine-seemee-200-v3.0.webp 800w, https:\/\/www.sportshine.eu\/wp-content\/uploads\/2025\/07\/Magicshine-seemee-200-v3.0-768x768.webp 768w, https:\/\/www.sportshine.eu\/wp-content\/uploads\/2025\/07\/Magicshine-seemee-200-v3.0-600x600.webp 600w\" sizes=\"(max-width: 800px) 100vw, 800px\" \/><\/p>\n<h3 style=\"text-align: center;\">Intelligens mozg\u00e1s\u00e9rz\u00e9kel\u0151<\/h3>\n<p style=\"text-align: center;\">A be\u00e9p\u00edtett mozg\u00e1s\u00e9rz\u00e9kel\u0151 automatikusan maxim\u00e1lis f\u00e9nyer\u0151re kapcsol, amikor lenyomod a f\u00e9kped\u00e1lt.<\/p>\n<p style=\"text-align: center;\">*MOZG\u00c1S\u00c9RZ\u00c9KEL\u0150 BE: Amikor a h\u00e1ts\u00f3 l\u00e1mpa ki van kapcsolva, nyomja meg \u00e9s tartsa lenyomva a kapcsol\u00f3t 3 m\u00e1sodpercig, am\u00edg a h\u00e1ts\u00f3 l\u00e1mpa \u00e1lland\u00f3 maxim\u00e1lis f\u00e9nyer\u0151vel be nem kapcsol.<\/p>\n<p style=\"text-align: center;\">*MOZG\u00c1S\u00c9RZ\u00c9KEL\u0150 KI: Amikor a h\u00e1ts\u00f3 l\u00e1mpa ki van kapcsolva, nyomja meg \u00e9s tartsa lenyomva a kapcsol\u00f3t 3 m\u00e1sodpercig, am\u00edg a l\u00e1mpa gyorsan, maxim\u00e1lis f\u00e9nyer\u0151vel villogni nem kezd.<\/p>\n<p style=\"text-align: center;\">A l\u00e1mpa minden felkapcsol\u00e1skor automatikusan \u00e9rz\u00e9keli, hogy a mozg\u00e1s\u00e9rz\u00e9kel\u0151 be van-e kapcsolva. Ha a mozg\u00e1s\u00e9rz\u00e9kel\u0151 be van kapcsolva, a jelz\u0151f\u00e9ny 3 m\u00e1sodpercig k\u00e9ken vil\u00e1g\u00edt. Ha a mozg\u00e1s\u00e9rz\u00e9kel\u0151 ki van kapcsolva, a jelz\u0151f\u00e9ny nem vil\u00e1g\u00edt.<\/p>\n<p><img decoding=\"async\" class=\"aligncenter wp-image-7368 size-full\" src=\"https:\/\/www.sportshine.eu\/wp-content\/uploads\/2025\/07\/Magicshine-SEEMEE-200-2.webp\" alt=\"Magicshine SEEMEE 200 \" width=\"800\" height=\"800\" srcset=\"https:\/\/www.sportshine.eu\/wp-content\/uploads\/2025\/07\/Magicshine-SEEMEE-200-2.webp 800w, https:\/\/www.sportshine.eu\/wp-content\/uploads\/2025\/07\/Magicshine-SEEMEE-200-2-768x768.webp 768w, https:\/\/www.sportshine.eu\/wp-content\/uploads\/2025\/07\/Magicshine-SEEMEE-200-2-600x600.webp 600w\" sizes=\"(max-width: 800px) 100vw, 800px\" \/><\/p>\n<h3 style=\"text-align: center;\">AUTOMATIKUS F\u00c9NYER\u0150-BE\u00c1LL\u00cdT\u00c1S<\/h3>\n<p style=\"text-align: center;\">A be\u00e9p\u00edtett f\u00e9ny\u00e9rz\u00e9kel\u0151 automatikusan be\u00e1ll\u00edtja a f\u00e9nyer\u0151t a k\u00f6rnyezeti f\u00e9nyviszonyoknak megfelel\u0151en, \u00edgy biztos\u00edtva, hogy mindig l\u00e1that\u00f3 legy\u00e9l.<\/p>\n<p><img decoding=\"async\" class=\"aligncenter wp-image-7369 size-full\" src=\"https:\/\/www.sportshine.eu\/wp-content\/uploads\/2025\/07\/Magicshine-SEEMEE-200-3.webp\" alt=\"Magicshine SEEMEE 200 \" width=\"800\" height=\"800\" srcset=\"https:\/\/www.sportshine.eu\/wp-content\/uploads\/2025\/07\/Magicshine-SEEMEE-200-3.webp 800w, https:\/\/www.sportshine.eu\/wp-content\/uploads\/2025\/07\/Magicshine-SEEMEE-200-3-768x768.webp 768w, https:\/\/www.sportshine.eu\/wp-content\/uploads\/2025\/07\/Magicshine-SEEMEE-200-3-600x600.webp 600w\" sizes=\"(max-width: 800px) 100vw, 800px\" \/><\/p>\n<h3 style=\"text-align: center;\">ALACSONY ENERGI\u00c1VAL RENDELKEZ\u0150 \u00dcZEMM\u00d3D<\/h3>\n<p style=\"text-align: center;\">Amikor a fennmarad\u00f3 teljes\u00edtm\u00e9ny 10% al\u00e1 esik, automatikusan ECO m\u00f3dba kapcsol, amely nem \u00e1ll\u00edthat\u00f3.<\/p>\n<p><img decoding=\"async\" class=\"aligncenter wp-image-7370 size-full\" src=\"https:\/\/www.sportshine.eu\/wp-content\/uploads\/2025\/07\/Magicshine-SEEMEE-200-4.webp\" alt=\"\" width=\"800\" height=\"800\" srcset=\"https:\/\/www.sportshine.eu\/wp-content\/uploads\/2025\/07\/Magicshine-SEEMEE-200-4.webp 800w, https:\/\/www.sportshine.eu\/wp-content\/uploads\/2025\/07\/Magicshine-SEEMEE-200-4-768x768.webp 768w, https:\/\/www.sportshine.eu\/wp-content\/uploads\/2025\/07\/Magicshine-SEEMEE-200-4-600x600.webp 600w\" sizes=\"(max-width: 800px) 100vw, 800px\" \/><\/p>","protected":false},"excerpt":{"rendered":"<p>A Magicshine SEEMEE 200 V3.0 egy nagy teljes\u00edtm\u00e9ny\u0171 ker\u00e9kp\u00e1rl\u00e1mpa, amelyet minden ker\u00e9kp\u00e1ros rajong\u00f3 sz\u00e1m\u00e1ra terveztek. Maxim\u00e1lis 200 lumen f\u00e9nyerej\u00e9vel \u00e9s 260\u00b0-os megvil\u00e1g\u00edt\u00e1si l\u00e1t\u00f3sz\u00f6g\u00e9vel kiv\u00e9teles l\u00e1that\u00f3s\u00e1got biztos\u00edt az \u00faton. A 360\u00b0-os k\u00f6vet\u0151l\u00e1mpa jelent\u0151sen n\u00f6veli a figyelmeztet\u00e9s hat\u00e9konys\u00e1g\u00e1t. A be\u00e9p\u00edtett mozg\u00e1s\u00e9rz\u00e9kel\u0151 f\u00e9kez\u00e9skor automatikusan maxim\u00e1lis f\u00e9nyer\u0151re kapcsol, m\u00edg a f\u00e9ny\u00e9rz\u00e9kel\u0151 a nappali f\u00e9nyviszonyoknak megfelel\u0151en \u00e1ll\u00edtja be a f\u00e9nyer\u0151t. A l\u00e1mpa mem\u00f3ria funkci\u00f3val \u00e9s akkumul\u00e1torjelz\u0151vel rendelkezik, \u00e9s USB-C-n kereszt\u00fcl t\u00f6lthet\u0151. V\u00edz\u00e1ll\u00f3, IPX 6 besorol\u00e1ssal. Alacsony energiafogyaszt\u00e1s\u00fa \u00fczemm\u00f3dban automatikusan ECO m\u00f3dba v\u00e1lt, ha a fennmarad\u00f3 energiaszint 10% al\u00e1 cs\u00f6kken.<\/p>","protected":false},"featured_media":6015,"comment_status":"open","ping_status":"closed","template":"","meta":[],"product_brand":[131],"product_cat":[86],"product_tag":[],"class_list":{"0":"post-6454","1":"product","2":"type-product","3":"status-publish","4":"has-post-thumbnail","6":"product_brand-magicshine","7":"product_cat-zadnje-kolesarske-luci","9":"first","10":"instock","11":"taxable","12":"shipping-taxable","13":"purchasable","14":"product-type-simple"},"yoast_head":"<!-- This site is optimized with the Yoast SEO plugin v27.3 - https:\/\/yoast.com\/product\/yoast-seo-wordpress\/ -->\n<title>Magicshine SEEMEE 200 V3.0 zadnja lu\u010d<\/title>\n<meta name=\"robots\" content=\"index, follow, max-snippet:-1, max-image-preview:large, max-video-preview:-1\" \/>\n<link rel=\"canonical\" href=\"https:\/\/www.sportshine.eu\/hu\/uzlet\/magicshine-seemee-200-v3-0-hatso-lampa\/\" \/>\n<meta property=\"og:locale\" content=\"hu_HU\" \/>\n<meta property=\"og:type\" content=\"article\" \/>\n<meta property=\"og:title\" content=\"Magicshine SEEMEE 200 V3.0 zadnja lu\u010d\" \/>\n<meta property=\"og:description\" content=\"Magicshine SEEMEE 200 V3.0 je zmogljiva kolesarska lu\u010d namenjena vsem ljubiteljem kolesarjena. Z maksimalno svetilnostjo 200 lumnov in vidljivostjo osvetlitve 260\u00b0 zagotavlja izjemno vidnost na poti. 360\u00b0 sledilna lu\u010d znatno pove\u010duje u\u010dinkovitost opozarjanja. Vgrajeni senzor gibanja samodejno preklopi na najve\u010djo svetilnost ob zaviranju, medtem ko svetlobni senzor prilagaja svetilnost glede na svetlobo \u010dez dan. Lu\u010d ima funkcijo spomina in indikator baterije ter se polni prek USB-C. Vodoodporna je z oceno IPX 6. V na\u010dinu nizke porabe se pri preostali mo\u010di pod 10% samodejno preklopi na ECO na\u010din.\" \/>\n<meta property=\"og:url\" content=\"https:\/\/www.sportshine.eu\/hu\/uzlet\/magicshine-seemee-200-v3-0-hatso-lampa\/\" \/>\n<meta property=\"og:site_name\" content=\"Sportshine\" \/>\n<meta property=\"article:publisher\" content=\"https:\/\/www.facebook.com\/sportshine.eu\/\" \/>\n<meta property=\"article:modified_time\" content=\"2026-04-15T22:32:00+00:00\" \/>\n<meta property=\"og:image\" content=\"https:\/\/www.sportshine.eu\/wp-content\/uploads\/2025\/07\/Magicshine-Seemee-200.webp\" \/>\n\t<meta property=\"og:image:width\" content=\"800\" \/>\n\t<meta property=\"og:image:height\" content=\"800\" \/>\n\t<meta property=\"og:image:type\" content=\"image\/webp\" \/>\n<meta name=\"twitter:card\" content=\"summary_large_image\" \/>\n<meta name=\"twitter:label1\" content=\"Becs\u00fclt olvas\u00e1si id\u0151\" \/>\n\t<meta name=\"twitter:data1\" content=\"2 perc\" \/>\n<script type=\"application\/ld+json\" class=\"yoast-schema-graph\">{\"@context\":\"https:\\\/\\\/schema.org\",\"@graph\":[{\"@type\":\"WebPage\",\"@id\":\"https:\\\/\\\/www.sportshine.eu\\\/trgovina\\\/magicshine-seemee-200-v3-0-zadnja-luc\\\/\",\"url\":\"https:\\\/\\\/www.sportshine.eu\\\/trgovina\\\/magicshine-seemee-200-v3-0-zadnja-luc\\\/\",\"name\":\"Magicshine SEEMEE 200 V3.0 zadnja lu\u010d\",\"isPartOf\":{\"@id\":\"https:\\\/\\\/www.sportshine.eu\\\/#website\"},\"primaryImageOfPage\":{\"@id\":\"https:\\\/\\\/www.sportshine.eu\\\/trgovina\\\/magicshine-seemee-200-v3-0-zadnja-luc\\\/#primaryimage\"},\"image\":{\"@id\":\"https:\\\/\\\/www.sportshine.eu\\\/trgovina\\\/magicshine-seemee-200-v3-0-zadnja-luc\\\/#primaryimage\"},\"thumbnailUrl\":\"https:\\\/\\\/www.sportshine.eu\\\/wp-content\\\/uploads\\\/2025\\\/07\\\/Magicshine-Seemee-200.webp\",\"datePublished\":\"2025-07-05T19:45:18+00:00\",\"dateModified\":\"2026-04-15T22:32:00+00:00\",\"breadcrumb\":{\"@id\":\"https:\\\/\\\/www.sportshine.eu\\\/trgovina\\\/magicshine-seemee-200-v3-0-zadnja-luc\\\/#breadcrumb\"},\"inLanguage\":\"hu\",\"potentialAction\":[{\"@type\":\"ReadAction\",\"target\":[\"https:\\\/\\\/www.sportshine.eu\\\/trgovina\\\/magicshine-seemee-200-v3-0-zadnja-luc\\\/\"]}]},{\"@type\":\"ImageObject\",\"inLanguage\":\"hu\",\"@id\":\"https:\\\/\\\/www.sportshine.eu\\\/trgovina\\\/magicshine-seemee-200-v3-0-zadnja-luc\\\/#primaryimage\",\"url\":\"https:\\\/\\\/www.sportshine.eu\\\/wp-content\\\/uploads\\\/2025\\\/07\\\/Magicshine-Seemee-200.webp\",\"contentUrl\":\"https:\\\/\\\/www.sportshine.eu\\\/wp-content\\\/uploads\\\/2025\\\/07\\\/Magicshine-Seemee-200.webp\",\"width\":800,\"height\":800},{\"@type\":\"BreadcrumbList\",\"@id\":\"https:\\\/\\\/www.sportshine.eu\\\/trgovina\\\/magicshine-seemee-200-v3-0-zadnja-luc\\\/#breadcrumb\",\"itemListElement\":[{\"@type\":\"ListItem\",\"position\":1,\"name\":\"Home\",\"item\":\"https:\\\/\\\/www.sportshine.eu\\\/\"},{\"@type\":\"ListItem\",\"position\":2,\"name\":\"Trgovina\",\"item\":\"https:\\\/\\\/www.sportshine.eu\\\/trgovina\\\/\"},{\"@type\":\"ListItem\",\"position\":3,\"name\":\"Magicshine SEEMEE 200 V3.0 zadnja lu\u010d\"}]},{\"@type\":\"WebSite\",\"@id\":\"https:\\\/\\\/www.sportshine.eu\\\/#website\",\"url\":\"https:\\\/\\\/www.sportshine.eu\\\/\",\"name\":\"Sportshine\",\"description\":\"Top spletna trgovina kolesarskih in naglavnih svetilk ter opreme\",\"publisher\":{\"@id\":\"https:\\\/\\\/www.sportshine.eu\\\/#organization\"},\"potentialAction\":[{\"@type\":\"SearchAction\",\"target\":{\"@type\":\"EntryPoint\",\"urlTemplate\":\"https:\\\/\\\/www.sportshine.eu\\\/?s={search_term_string}\"},\"query-input\":{\"@type\":\"PropertyValueSpecification\",\"valueRequired\":true,\"valueName\":\"search_term_string\"}}],\"inLanguage\":\"hu\"},{\"@type\":\"Organization\",\"@id\":\"https:\\\/\\\/www.sportshine.eu\\\/#organization\",\"name\":\"Sportshine\",\"url\":\"https:\\\/\\\/www.sportshine.eu\\\/\",\"logo\":{\"@type\":\"ImageObject\",\"inLanguage\":\"hu\",\"@id\":\"https:\\\/\\\/www.sportshine.eu\\\/#\\\/schema\\\/logo\\\/image\\\/\",\"url\":\"https:\\\/\\\/www.sportshine.eu\\\/wp-content\\\/uploads\\\/2026\\\/01\\\/cropped-Sportshine.webp\",\"contentUrl\":\"https:\\\/\\\/www.sportshine.eu\\\/wp-content\\\/uploads\\\/2026\\\/01\\\/cropped-Sportshine.webp\",\"width\":295,\"height\":128,\"caption\":\"Sportshine\"},\"image\":{\"@id\":\"https:\\\/\\\/www.sportshine.eu\\\/#\\\/schema\\\/logo\\\/image\\\/\"},\"sameAs\":[\"https:\\\/\\\/www.facebook.com\\\/sportshine.eu\\\/\"]}]}<\/script>\n<!-- \/ Yoast SEO plugin. -->","yoast_head_json":{"title":"Magicshine SEEMEE 200 V3.0 h\u00e1ts\u00f3 l\u00e1mpa","robots":{"index":"index","follow":"follow","max-snippet":"max-snippet:-1","max-image-preview":"max-image-preview:large","max-video-preview":"max-video-preview:-1"},"canonical":"https:\/\/www.sportshine.eu\/hu\/uzlet\/magicshine-seemee-200-v3-0-hatso-lampa\/","og_locale":"hu_HU","og_type":"article","og_title":"Magicshine SEEMEE 200 V3.0 zadnja lu\u010d","og_description":"Magicshine SEEMEE 200 V3.0 je zmogljiva kolesarska lu\u010d namenjena vsem ljubiteljem kolesarjena. Z maksimalno svetilnostjo 200 lumnov in vidljivostjo osvetlitve 260\u00b0 zagotavlja izjemno vidnost na poti. 360\u00b0 sledilna lu\u010d znatno pove\u010duje u\u010dinkovitost opozarjanja. Vgrajeni senzor gibanja samodejno preklopi na najve\u010djo svetilnost ob zaviranju, medtem ko svetlobni senzor prilagaja svetilnost glede na svetlobo \u010dez dan. Lu\u010d ima funkcijo spomina in indikator baterije ter se polni prek USB-C. Vodoodporna je z oceno IPX 6. V na\u010dinu nizke porabe se pri preostali mo\u010di pod 10% samodejno preklopi na ECO na\u010din.","og_url":"https:\/\/www.sportshine.eu\/hu\/uzlet\/magicshine-seemee-200-v3-0-hatso-lampa\/","og_site_name":"Sportshine","article_publisher":"https:\/\/www.facebook.com\/sportshine.eu\/","article_modified_time":"2026-04-15T22:32:00+00:00","og_image":[{"width":800,"height":800,"url":"https:\/\/www.sportshine.eu\/wp-content\/uploads\/2025\/07\/Magicshine-Seemee-200.webp","type":"image\/webp"}],"twitter_card":"summary_large_image","twitter_misc":{"Becs\u00fclt olvas\u00e1si id\u0151":"2 perc"},"schema":{"@context":"https:\/\/schema.org","@graph":[{"@type":"WebPage","@id":"https:\/\/www.sportshine.eu\/trgovina\/magicshine-seemee-200-v3-0-zadnja-luc\/","url":"https:\/\/www.sportshine.eu\/trgovina\/magicshine-seemee-200-v3-0-zadnja-luc\/","name":"Magicshine SEEMEE 200 V3.0 h\u00e1ts\u00f3 l\u00e1mpa","isPartOf":{"@id":"https:\/\/www.sportshine.eu\/#website"},"primaryImageOfPage":{"@id":"https:\/\/www.sportshine.eu\/trgovina\/magicshine-seemee-200-v3-0-zadnja-luc\/#primaryimage"},"image":{"@id":"https:\/\/www.sportshine.eu\/trgovina\/magicshine-seemee-200-v3-0-zadnja-luc\/#primaryimage"},"thumbnailUrl":"https:\/\/www.sportshine.eu\/wp-content\/uploads\/2025\/07\/Magicshine-Seemee-200.webp","datePublished":"2025-07-05T19:45:18+00:00","dateModified":"2026-04-15T22:32:00+00:00","breadcrumb":{"@id":"https:\/\/www.sportshine.eu\/trgovina\/magicshine-seemee-200-v3-0-zadnja-luc\/#breadcrumb"},"inLanguage":"hu","potentialAction":[{"@type":"ReadAction","target":["https:\/\/www.sportshine.eu\/trgovina\/magicshine-seemee-200-v3-0-zadnja-luc\/"]}]},{"@type":"ImageObject","inLanguage":"hu","@id":"https:\/\/www.sportshine.eu\/trgovina\/magicshine-seemee-200-v3-0-zadnja-luc\/#primaryimage","url":"https:\/\/www.sportshine.eu\/wp-content\/uploads\/2025\/07\/Magicshine-Seemee-200.webp","contentUrl":"https:\/\/www.sportshine.eu\/wp-content\/uploads\/2025\/07\/Magicshine-Seemee-200.webp","width":800,"height":800},{"@type":"BreadcrumbList","@id":"https:\/\/www.sportshine.eu\/trgovina\/magicshine-seemee-200-v3-0-zadnja-luc\/#breadcrumb","itemListElement":[{"@type":"ListItem","position":1,"name":"Home","item":"https:\/\/www.sportshine.eu\/"},{"@type":"ListItem","position":2,"name":"Trgovina","item":"https:\/\/www.sportshine.eu\/trgovina\/"},{"@type":"ListItem","position":3,"name":"Magicshine SEEMEE 200 V3.0 zadnja lu\u010d"}]},{"@type":"WebSite","@id":"https:\/\/www.sportshine.eu\/#website","url":"https:\/\/www.sportshine.eu\/","name":"Sportshine","description":"Ker\u00e9kp\u00e1ros, fejl\u00e1mp\u00e1k \u00e9s felszerel\u00e9sek online \u00e1ruh\u00e1z\u00e1nak vezet\u0151 k\u00edn\u00e1lata","publisher":{"@id":"https:\/\/www.sportshine.eu\/#organization"},"potentialAction":[{"@type":"SearchAction","target":{"@type":"EntryPoint","urlTemplate":"https:\/\/www.sportshine.eu\/?s={search_term_string}"},"query-input":{"@type":"PropertyValueSpecification","valueRequired":true,"valueName":"search_term_string"}}],"inLanguage":"hu"},{"@type":"Organization","@id":"https:\/\/www.sportshine.eu\/#organization","name":"Sportshine","url":"https:\/\/www.sportshine.eu\/","logo":{"@type":"ImageObject","inLanguage":"hu","@id":"https:\/\/www.sportshine.eu\/#\/schema\/logo\/image\/","url":"https:\/\/www.sportshine.eu\/wp-content\/uploads\/2026\/01\/cropped-Sportshine.webp","contentUrl":"https:\/\/www.sportshine.eu\/wp-content\/uploads\/2026\/01\/cropped-Sportshine.webp","width":295,"height":128,"caption":"Sportshine"},"image":{"@id":"https:\/\/www.sportshine.eu\/#\/schema\/logo\/image\/"},"sameAs":["https:\/\/www.facebook.com\/sportshine.eu\/"]}]}},"_links":{"self":[{"href":"https:\/\/www.sportshine.eu\/hu\/wp-json\/wp\/v2\/product\/6454","targetHints":{"allow":["GET"]}}],"collection":[{"href":"https:\/\/www.sportshine.eu\/hu\/wp-json\/wp\/v2\/product"}],"about":[{"href":"https:\/\/www.sportshine.eu\/hu\/wp-json\/wp\/v2\/types\/product"}],"replies":[{"embeddable":true,"href":"https:\/\/www.sportshine.eu\/hu\/wp-json\/wp\/v2\/comments?post=6454"}],"version-history":[{"count":0,"href":"https:\/\/www.sportshine.eu\/hu\/wp-json\/wp\/v2\/product\/6454\/revisions"}],"wp:featuredmedia":[{"embeddable":true,"href":"https:\/\/www.sportshine.eu\/hu\/wp-json\/wp\/v2\/media\/6015"}],"wp:attachment":[{"href":"https:\/\/www.sportshine.eu\/hu\/wp-json\/wp\/v2\/media?parent=6454"}],"wp:term":[{"taxonomy":"product_brand","embeddable":true,"href":"https:\/\/www.sportshine.eu\/hu\/wp-json\/wp\/v2\/product_brand?post=6454"},{"taxonomy":"product_cat","embeddable":true,"href":"https:\/\/www.sportshine.eu\/hu\/wp-json\/wp\/v2\/product_cat?post=6454"},{"taxonomy":"product_tag","embeddable":true,"href":"https:\/\/www.sportshine.eu\/hu\/wp-json\/wp\/v2\/product_tag?post=6454"}],"curies":[{"name":"wp","href":"https:\/\/api.w.org\/{rel}","templated":true}]}}