{"id":6452,"date":"2025-07-05T19:45:15","date_gmt":"2025-07-05T19:45:15","guid":{"rendered":"https:\/\/www.sportshine.eu\/?post_type=product&#038;p=6452"},"modified":"2025-11-25T23:15:55","modified_gmt":"2025-11-25T23:15:55","slug":"magicshine-evo-1700sd-shimano-di2-kerekparlampa","status":"publish","type":"product","link":"https:\/\/www.sportshine.eu\/hu\/uzlet\/magicshine-evo-1700sd-shimano-di2-kerekparlampa\/","title":{"rendered":"Magicshine EVO 1700SD SHIMANO Di2 ker\u00e9kp\u00e1rl\u00e1mpa"},"content":{"rendered":"<h3 style=\"text-align: center;\">BEMUTATJUK A MAGICSHINE EVO 1700SD SHIMANO Di2 KER\u00c9KP\u00c1RL\u00c1MP\u00c1T<\/h3>\n<p><iframe loading=\"lazy\" title=\"Magicshine EVO 1700SD Shimano Di2\" width=\"500\" height=\"281\" src=\"https:\/\/www.youtube.com\/embed\/ulkRGIFUv-E?feature=oembed\" frameborder=\"0\" allow=\"accelerometer; autoplay; clipboard-write; encrypted-media; gyroscope; picture-in-picture; web-share\" referrerpolicy=\"strict-origin-when-cross-origin\" allowfullscreen><\/iframe><\/p>\n<h3 style=\"text-align: center;\">VIL\u00c1G\u00cdTSD MEG AZ UTASOD<\/h3>\n<p style=\"text-align: center;\">Leny\u0171g\u00f6z\u0151, 1700 lumenes f\u00e9nyerej\u00e9vel hihetetlen\u00fcl kompakt kiszerel\u00e9sben az EVO 1700SD kifejezetten a mindennapi v\u00e1rosi k\u00f6rnyezetben val\u00f3 motoroz\u00e1shoz k\u00e9sz\u00fclt.<\/p>\n<p><img decoding=\"async\" class=\"aligncenter wp-image-7387 size-full\" src=\"https:\/\/www.sportshine.eu\/wp-content\/uploads\/2025\/07\/Magicshine-EVO-1700SD-SHIMANO-Di2-kolesarska-luc-1.webp\" alt=\"Magicshine EVO 1700SD SHIMANO Di2 \" width=\"800\" height=\"800\" srcset=\"https:\/\/www.sportshine.eu\/wp-content\/uploads\/2025\/07\/Magicshine-EVO-1700SD-SHIMANO-Di2-kolesarska-luc-1.webp 800w, https:\/\/www.sportshine.eu\/wp-content\/uploads\/2025\/07\/Magicshine-EVO-1700SD-SHIMANO-Di2-kolesarska-luc-1-768x768.webp 768w, https:\/\/www.sportshine.eu\/wp-content\/uploads\/2025\/07\/Magicshine-EVO-1700SD-SHIMANO-Di2-kolesarska-luc-1-600x600.webp 600w\" sizes=\"(max-width: 800px) 100vw, 800px\" \/><\/p>\n<h3 style=\"text-align: center;\">MAGICSHINE EVO 1700SD KER\u00c9KP\u00c1RL\u00c1MPA R\u00d6GZ\u00cdT\u0150K A TART\u00d3 AL\u00c1<\/h3>\n<p style=\"text-align: center;\">A Shimano Di2 erej\u00e9vel az EVO 1700SD k\u00f6nnyed\u00e9n vez\u00e9relhet\u0151 a Di2 v\u00e1lt\u00f3karokkal. Kapcsold be \u00e9s ki a l\u00e1mp\u00e1t, \u00e1ll\u00edtsd be a f\u00e9nyer\u0151t, v\u00e1lts \u00fczemm\u00f3dokat, vagy szabad\u00edtsd fel az 1700 lumen teljes erej\u00e9t egyetlen v\u00e1lt\u00f3gomb megnyom\u00e1s\u00e1val an\u00e9lk\u00fcl, hogy levenn\u00e9d a kezed a korm\u00e1nyr\u00f3l.<\/p>\n<p><img decoding=\"async\" class=\"aligncenter wp-image-7389 size-full\" src=\"https:\/\/www.sportshine.eu\/wp-content\/uploads\/2025\/07\/Magicshine-EVO-1700SD-SHIMANO-Di2.webp\" alt=\"Magicshine EVO 1700SD SHIMANO Di2 \" width=\"800\" height=\"800\" srcset=\"https:\/\/www.sportshine.eu\/wp-content\/uploads\/2025\/07\/Magicshine-EVO-1700SD-SHIMANO-Di2.webp 800w, https:\/\/www.sportshine.eu\/wp-content\/uploads\/2025\/07\/Magicshine-EVO-1700SD-SHIMANO-Di2-768x768.webp 768w, https:\/\/www.sportshine.eu\/wp-content\/uploads\/2025\/07\/Magicshine-EVO-1700SD-SHIMANO-Di2-600x600.webp 600w\" sizes=\"(max-width: 800px) 100vw, 800px\" \/><\/p>\n<h3 style=\"text-align: center;\">T\u00c1VOLS\u00c1GI \u00c9S TOMP\u00cdTOTT F\u00c9NYSZ\u00d3R\u00d3 FUNKCI\u00d3<\/h3>\n<p style=\"text-align: center;\">A tomp\u00edtott \u00e9s t\u00e1vols\u00e1gi f\u00e9nysz\u00f3r\u00f3 k\u00f6z\u00f6tti v\u00e1lt\u00e1shoz egyszer\u0171en nyomja meg a gombot k\u00e9tszer. A tomp\u00edtott \u00e9s a t\u00e1vols\u00e1gi f\u00e9nysz\u00f3r\u00f3 egyed\u00fcl\u00e1ll\u00f3 kombin\u00e1ci\u00f3ja lehet\u0151v\u00e9 teszi a l\u00e1t\u00e1st a legk\u00fcl\u00f6nf\u00e9l\u00e9bb k\u00f6r\u00fclm\u00e9nyek k\u00f6z\u00f6tt.<\/p>\n<p><img decoding=\"async\" class=\"aligncenter wp-image-7390\" src=\"https:\/\/www.sportshine.eu\/wp-content\/uploads\/2025\/07\/Magicshine-EVO-1700SD-SHIMANO-Di2-1.webp\" alt=\"Magicshine EVO 1700SD SHIMANO Di2 \" width=\"800\" height=\"600\" \/><\/p>\n<h3 style=\"text-align: center;\">Vak\u00edt\u00e1smentes tomp\u00edtott f\u00e9nysz\u00f3r\u00f3 a tov\u00e1bbhalad\u00f3 forgalom sz\u00e1m\u00e1ra<\/h3>\n<p style=\"text-align: center;\">A prec\u00edzen be\u00e1ll\u00edtott tomp\u00edtott f\u00e9nysz\u00f3r\u00f3 tiszta f\u00e9nycs\u00edkot bocs\u00e1t ki, amely k\u00f6zvetlen\u00fcl az el\u0151tte l\u00e9v\u0151 \u00fatra ir\u00e1ny\u00edtja a f\u00e9nyt, \u00e9s megakad\u00e1lyozza a szembej\u00f6v\u0151 forgalom elvak\u00edt\u00e1s\u00e1t.<\/p>\n<p><img decoding=\"async\" class=\"aligncenter wp-image-7391\" src=\"https:\/\/www.sportshine.eu\/wp-content\/uploads\/2025\/07\/Magicshine-EVO-1700SD-SHIMANO-Di2.jpg\" alt=\"Magicshine EVO 1700SD SHIMANO Di2 \" width=\"800\" height=\"600\" \/><\/p>\n<h3 style=\"text-align: center;\">NAGY TELJES\u00cdTM\u00c9NY\u0170 AKKUMUL\u00c1TOR USB-C CSATLAKOZ\u00d3VAL<\/h3>\n<p style=\"text-align: center;\">Az EVO 1700 fejl\u00e1mpa tart\u00f3s, 4000 mAh-s akkumul\u00e1torral rendelkezik, amely 11 \u00f3r\u00e1s megb\u00edzhat\u00f3 m\u0171k\u00f6d\u00e9st biztos\u00edt. Az akkumul\u00e1tor k\u00f6nnyen t\u00f6lthet\u0151 az USB-C porton kereszt\u00fcl.<\/p>\n<p><img decoding=\"async\" class=\"aligncenter wp-image-7392 size-full\" src=\"https:\/\/www.sportshine.eu\/wp-content\/uploads\/2025\/07\/Magicshine-EVO-1700SD-SHIMANO-Di2-2.webp\" alt=\"Magicshine EVO 1700SD SHIMANO Di2 \" width=\"800\" height=\"800\" srcset=\"https:\/\/www.sportshine.eu\/wp-content\/uploads\/2025\/07\/Magicshine-EVO-1700SD-SHIMANO-Di2-2.webp 800w, https:\/\/www.sportshine.eu\/wp-content\/uploads\/2025\/07\/Magicshine-EVO-1700SD-SHIMANO-Di2-2-768x768.webp 768w, https:\/\/www.sportshine.eu\/wp-content\/uploads\/2025\/07\/Magicshine-EVO-1700SD-SHIMANO-Di2-2-600x600.webp 600w\" sizes=\"(max-width: 800px) 100vw, 800px\" \/><\/p>\n<h3 style=\"text-align: center;\">V\u00cdZ\u00c1LL\u00d3 AZ IPX6 SZABV\u00c1NY SZERINT<\/h3>\n<p style=\"text-align: center;\">Az IPX7 v\u00edz\u00e1ll\u00f3s\u00e1gi besorol\u00e1s azt jelenti, hogy a l\u00e1mpa ellen\u00e1ll a neh\u00e9z k\u00f6r\u00fclm\u00e9nyeknek, \u00e9s m\u00e9g heves es\u0151ben is megvil\u00e1g\u00edtja az utat.<\/p>\n<p><img decoding=\"async\" class=\"aligncenter wp-image-7393 size-full\" src=\"https:\/\/www.sportshine.eu\/wp-content\/uploads\/2025\/07\/Magicshine-EVO-1700SD-SHIMANO-Di2-3.webp\" alt=\"Magicshine EVO 1700SD SHIMANO Di2 \" width=\"800\" height=\"800\" srcset=\"https:\/\/www.sportshine.eu\/wp-content\/uploads\/2025\/07\/Magicshine-EVO-1700SD-SHIMANO-Di2-3.webp 800w, https:\/\/www.sportshine.eu\/wp-content\/uploads\/2025\/07\/Magicshine-EVO-1700SD-SHIMANO-Di2-3-768x768.webp 768w, https:\/\/www.sportshine.eu\/wp-content\/uploads\/2025\/07\/Magicshine-EVO-1700SD-SHIMANO-Di2-3-600x600.webp 600w\" sizes=\"(max-width: 800px) 100vw, 800px\" \/><\/p>\n<h3 style=\"text-align: center;\">SHIMANO DI2 INTEGR\u00c1CI\u00d3<\/h3>\n<p style=\"text-align: center;\">K\u00f6nnyed\u00e9n \u00e1ll\u00edthat\u00f3k a vil\u00e1g\u00edt\u00e1si be\u00e1ll\u00edt\u00e1sok a Shimano Di2 gombokkal, olyan egyszer\u0171, mint a sebess\u00e9gv\u00e1lt\u00e1s.<\/p>\n<p style=\"text-align: center;\">P\u00e1ros\u00edt\u00e1si \u00fatmutat\u00f3: Kezdeti p\u00e1ros\u00edt\u00e1s: Kattintson egyszer a v\u00e1lt\u00f3kar b\u00e1rmelyik gombj\u00e1ra a SHIMANO Di2 rendszer aktiv\u00e1l\u00e1s\u00e1hoz, majd nyomja meg hosszan a vil\u00e1g\u00edt\u00e1s gombot 1 m\u00e1sodpercig, am\u00edg a jelz\u0151f\u00e9ny k\u00e9ken nem villog, ezzel bel\u00e9p a p\u00e1ros\u00edt\u00e1si m\u00f3dba. Helyezze a l\u00e1mp\u00e1t a h\u00e1ts\u00f3 v\u00e1lt\u00f3 k\u00f6zel\u00e9be, 30 cm-en bel\u00fcl. A jelz\u0151f\u00e9ny 3 m\u00e1sodpercig folyamatosan k\u00e9ken fog vil\u00e1g\u00edtani a sikeres p\u00e1ros\u00edt\u00e1s meger\u0151s\u00edt\u00e9s\u00e9hez.<\/p>\n<p><img decoding=\"async\" class=\"aligncenter wp-image-7394 size-full\" src=\"https:\/\/www.sportshine.eu\/wp-content\/uploads\/2025\/07\/Magicshine-EVO-1700SD-SHIMANO-Di2-4.webp\" alt=\"Magicshine EVO 1700SD SHIMANO Di2 \" width=\"800\" height=\"800\" srcset=\"https:\/\/www.sportshine.eu\/wp-content\/uploads\/2025\/07\/Magicshine-EVO-1700SD-SHIMANO-Di2-4.webp 800w, https:\/\/www.sportshine.eu\/wp-content\/uploads\/2025\/07\/Magicshine-EVO-1700SD-SHIMANO-Di2-4-768x768.webp 768w, https:\/\/www.sportshine.eu\/wp-content\/uploads\/2025\/07\/Magicshine-EVO-1700SD-SHIMANO-Di2-4-600x600.webp 600w\" sizes=\"(max-width: 800px) 100vw, 800px\" \/><\/p>\n<h3 style=\"text-align: center;\">MIT KAPSZ A CSOMAGBAN?<\/h3>\n<p><img decoding=\"async\" class=\"aligncenter wp-image-7395\" src=\"https:\/\/www.sportshine.eu\/wp-content\/uploads\/2025\/07\/Magicshine-EVO-1700SD-SHIMANO-Di2-5.webp\" alt=\"Magicshine EVO 1700SD SHIMANO Di2 \" width=\"800\" height=\"600\" \/><\/p>\n<p>&nbsp;<\/p>","protected":false},"excerpt":{"rendered":"<p>A Magicshine Evo 1700SD ker\u00e9kp\u00e1rl\u00e1mpa a t\u00f6k\u00e9letes vil\u00e1g\u00edt\u00e1si megold\u00e1s azoknak a ker\u00e9kp\u00e1rosoknak, akik nagy teljes\u00edtm\u00e9nyt \u00e9s z\u00f6kken\u0151mentes integr\u00e1ci\u00f3t ig\u00e9nyelnek a ker\u00e9kp\u00e1r alkatr\u00e9szeivel. A Magicshine EVO 1700SD megtartja az EVO 1700 ultrakompakt kialak\u00edt\u00e1s\u00e1t, \u00e9s 1700 lumen f\u00e9nyer\u0151t biztos\u00edt az \u00fat megvil\u00e1g\u00edt\u00e1s\u00e1hoz. A k\u00fcl\u00f6nbs\u00e9g az egyszer\u0171s\u00edtett integr\u00e1ci\u00f3ban rejlik. T\u00e1vir\u00e1ny\u00edt\u00f3 n\u00e9lk\u00fcl az EVO 1700SD k\u00f6zvetlen\u00fcl csatlakozik a ker\u00e9kp\u00e1r Shimano Di2 rendszer\u00e9hez (vezet\u00e9k n\u00e9lk\u00fcli egys\u00e9g).<\/p>","protected":false},"featured_media":5991,"comment_status":"open","ping_status":"closed","template":"","meta":[],"product_brand":[131],"product_cat":[82,150],"product_tag":[],"class_list":{"0":"post-6452","1":"product","2":"type-product","3":"status-publish","4":"has-post-thumbnail","6":"product_brand-magicshine","7":"product_cat-kolesarske-luci","8":"product_cat-sprednje-kolesarske-luci","10":"first","11":"instock","12":"sale","13":"taxable","14":"shipping-taxable","15":"purchasable","16":"product-type-simple"},"yoast_head":"<!-- This site is optimized with the Yoast SEO plugin v27.3 - https:\/\/yoast.com\/product\/yoast-seo-wordpress\/ -->\n<title>Magicshine EVO 1700SD SHIMANO Di2 kolesarska lu\u010d<\/title>\n<meta name=\"description\" content=\"Magicshine EVO 1700SD SHIMANO Di2 je prva kolesarska lu\u010d, ki omogo\u010da povezavo z Di2 menjalnikom. Vgrajenih 1700 lumnov mo\u010di.\" \/>\n<meta name=\"robots\" content=\"index, follow, max-snippet:-1, max-image-preview:large, max-video-preview:-1\" \/>\n<link rel=\"canonical\" href=\"https:\/\/www.sportshine.eu\/hu\/uzlet\/magicshine-evo-1700sd-shimano-di2-kerekparlampa\/\" \/>\n<meta property=\"og:locale\" content=\"hu_HU\" \/>\n<meta property=\"og:type\" content=\"article\" \/>\n<meta property=\"og:title\" content=\"Magicshine EVO 1700SD SHIMANO Di2 kolesarska lu\u010d\" \/>\n<meta property=\"og:description\" content=\"Magicshine EVO 1700SD SHIMANO Di2 je prva kolesarska lu\u010d, ki omogo\u010da povezavo z Di2 menjalnikom. Vgrajenih 1700 lumnov mo\u010di.\" \/>\n<meta property=\"og:url\" content=\"https:\/\/www.sportshine.eu\/hu\/uzlet\/magicshine-evo-1700sd-shimano-di2-kerekparlampa\/\" \/>\n<meta property=\"og:site_name\" content=\"Sportshine\" \/>\n<meta property=\"article:publisher\" content=\"https:\/\/www.facebook.com\/sportshine.eu\/\" \/>\n<meta property=\"article:modified_time\" content=\"2025-11-25T23:15:55+00:00\" \/>\n<meta property=\"og:image\" content=\"https:\/\/www.sportshine.eu\/wp-content\/uploads\/2025\/07\/Magicshine-EVO-1700SD-SHIMANO-Di2-kolesarska-luc.webp\" \/>\n\t<meta property=\"og:image:width\" content=\"800\" \/>\n\t<meta property=\"og:image:height\" content=\"800\" \/>\n\t<meta property=\"og:image:type\" content=\"image\/webp\" \/>\n<meta name=\"twitter:card\" content=\"summary_large_image\" \/>\n<meta name=\"twitter:label1\" content=\"Becs\u00fclt olvas\u00e1si id\u0151\" \/>\n\t<meta name=\"twitter:data1\" content=\"4 perc\" \/>\n<script type=\"application\/ld+json\" class=\"yoast-schema-graph\">{\"@context\":\"https:\\\/\\\/schema.org\",\"@graph\":[{\"@type\":\"WebPage\",\"@id\":\"https:\\\/\\\/www.sportshine.eu\\\/trgovina\\\/magicshine-evo-1700sd-shimano-di2-kolesarska-luc\\\/\",\"url\":\"https:\\\/\\\/www.sportshine.eu\\\/trgovina\\\/magicshine-evo-1700sd-shimano-di2-kolesarska-luc\\\/\",\"name\":\"Magicshine EVO 1700SD SHIMANO Di2 kolesarska lu\u010d\",\"isPartOf\":{\"@id\":\"https:\\\/\\\/www.sportshine.eu\\\/#website\"},\"primaryImageOfPage\":{\"@id\":\"https:\\\/\\\/www.sportshine.eu\\\/trgovina\\\/magicshine-evo-1700sd-shimano-di2-kolesarska-luc\\\/#primaryimage\"},\"image\":{\"@id\":\"https:\\\/\\\/www.sportshine.eu\\\/trgovina\\\/magicshine-evo-1700sd-shimano-di2-kolesarska-luc\\\/#primaryimage\"},\"thumbnailUrl\":\"https:\\\/\\\/www.sportshine.eu\\\/wp-content\\\/uploads\\\/2025\\\/07\\\/Magicshine-EVO-1700SD-SHIMANO-Di2-kolesarska-luc.webp\",\"datePublished\":\"2025-07-05T19:45:15+00:00\",\"dateModified\":\"2025-11-25T23:15:55+00:00\",\"description\":\"Magicshine EVO 1700SD SHIMANO Di2 je prva kolesarska lu\u010d, ki omogo\u010da povezavo z Di2 menjalnikom. Vgrajenih 1700 lumnov mo\u010di.\",\"breadcrumb\":{\"@id\":\"https:\\\/\\\/www.sportshine.eu\\\/trgovina\\\/magicshine-evo-1700sd-shimano-di2-kolesarska-luc\\\/#breadcrumb\"},\"inLanguage\":\"hu\",\"potentialAction\":[{\"@type\":\"ReadAction\",\"target\":[\"https:\\\/\\\/www.sportshine.eu\\\/trgovina\\\/magicshine-evo-1700sd-shimano-di2-kolesarska-luc\\\/\"]}]},{\"@type\":\"ImageObject\",\"inLanguage\":\"hu\",\"@id\":\"https:\\\/\\\/www.sportshine.eu\\\/trgovina\\\/magicshine-evo-1700sd-shimano-di2-kolesarska-luc\\\/#primaryimage\",\"url\":\"https:\\\/\\\/www.sportshine.eu\\\/wp-content\\\/uploads\\\/2025\\\/07\\\/Magicshine-EVO-1700SD-SHIMANO-Di2-kolesarska-luc.webp\",\"contentUrl\":\"https:\\\/\\\/www.sportshine.eu\\\/wp-content\\\/uploads\\\/2025\\\/07\\\/Magicshine-EVO-1700SD-SHIMANO-Di2-kolesarska-luc.webp\",\"width\":800,\"height\":800},{\"@type\":\"BreadcrumbList\",\"@id\":\"https:\\\/\\\/www.sportshine.eu\\\/trgovina\\\/magicshine-evo-1700sd-shimano-di2-kolesarska-luc\\\/#breadcrumb\",\"itemListElement\":[{\"@type\":\"ListItem\",\"position\":1,\"name\":\"Home\",\"item\":\"https:\\\/\\\/www.sportshine.eu\\\/\"},{\"@type\":\"ListItem\",\"position\":2,\"name\":\"Trgovina\",\"item\":\"https:\\\/\\\/www.sportshine.eu\\\/trgovina\\\/\"},{\"@type\":\"ListItem\",\"position\":3,\"name\":\"Magicshine EVO 1700SD SHIMANO Di2 kolesarska lu\u010d\"}]},{\"@type\":\"WebSite\",\"@id\":\"https:\\\/\\\/www.sportshine.eu\\\/#website\",\"url\":\"https:\\\/\\\/www.sportshine.eu\\\/\",\"name\":\"Sportshine\",\"description\":\"Top spletna trgovina kolesarskih in naglavnih svetilk ter opreme\",\"publisher\":{\"@id\":\"https:\\\/\\\/www.sportshine.eu\\\/#organization\"},\"potentialAction\":[{\"@type\":\"SearchAction\",\"target\":{\"@type\":\"EntryPoint\",\"urlTemplate\":\"https:\\\/\\\/www.sportshine.eu\\\/?s={search_term_string}\"},\"query-input\":{\"@type\":\"PropertyValueSpecification\",\"valueRequired\":true,\"valueName\":\"search_term_string\"}}],\"inLanguage\":\"hu\"},{\"@type\":\"Organization\",\"@id\":\"https:\\\/\\\/www.sportshine.eu\\\/#organization\",\"name\":\"Sportshine\",\"url\":\"https:\\\/\\\/www.sportshine.eu\\\/\",\"logo\":{\"@type\":\"ImageObject\",\"inLanguage\":\"hu\",\"@id\":\"https:\\\/\\\/www.sportshine.eu\\\/#\\\/schema\\\/logo\\\/image\\\/\",\"url\":\"https:\\\/\\\/www.sportshine.eu\\\/wp-content\\\/uploads\\\/2026\\\/01\\\/cropped-Sportshine.webp\",\"contentUrl\":\"https:\\\/\\\/www.sportshine.eu\\\/wp-content\\\/uploads\\\/2026\\\/01\\\/cropped-Sportshine.webp\",\"width\":295,\"height\":128,\"caption\":\"Sportshine\"},\"image\":{\"@id\":\"https:\\\/\\\/www.sportshine.eu\\\/#\\\/schema\\\/logo\\\/image\\\/\"},\"sameAs\":[\"https:\\\/\\\/www.facebook.com\\\/sportshine.eu\\\/\"]}]}<\/script>\n<!-- \/ Yoast SEO plugin. -->","yoast_head_json":{"title":"Magicshine EVO 1700SD SHIMANO Di2 ker\u00e9kp\u00e1rl\u00e1mpa","description":"A Magicshine EVO 1700SD SHIMANO Di2 az els\u0151 ker\u00e9kp\u00e1rl\u00e1mpa, amely lehet\u0151v\u00e9 teszi a Di2 v\u00e1lt\u00f3hoz val\u00f3 csatlakoztat\u00e1st. Be\u00e9p\u00edtett 1700 lumen f\u00e9nyer\u0151vel.","robots":{"index":"index","follow":"follow","max-snippet":"max-snippet:-1","max-image-preview":"max-image-preview:large","max-video-preview":"max-video-preview:-1"},"canonical":"https:\/\/www.sportshine.eu\/hu\/uzlet\/magicshine-evo-1700sd-shimano-di2-kerekparlampa\/","og_locale":"hu_HU","og_type":"article","og_title":"Magicshine EVO 1700SD SHIMANO Di2 kolesarska lu\u010d","og_description":"Magicshine EVO 1700SD SHIMANO Di2 je prva kolesarska lu\u010d, ki omogo\u010da povezavo z Di2 menjalnikom. Vgrajenih 1700 lumnov mo\u010di.","og_url":"https:\/\/www.sportshine.eu\/hu\/uzlet\/magicshine-evo-1700sd-shimano-di2-kerekparlampa\/","og_site_name":"Sportshine","article_publisher":"https:\/\/www.facebook.com\/sportshine.eu\/","article_modified_time":"2025-11-25T23:15:55+00:00","og_image":[{"width":800,"height":800,"url":"https:\/\/www.sportshine.eu\/wp-content\/uploads\/2025\/07\/Magicshine-EVO-1700SD-SHIMANO-Di2-kolesarska-luc.webp","type":"image\/webp"}],"twitter_card":"summary_large_image","twitter_misc":{"Becs\u00fclt olvas\u00e1si id\u0151":"4 perc"},"schema":{"@context":"https:\/\/schema.org","@graph":[{"@type":"WebPage","@id":"https:\/\/www.sportshine.eu\/trgovina\/magicshine-evo-1700sd-shimano-di2-kolesarska-luc\/","url":"https:\/\/www.sportshine.eu\/trgovina\/magicshine-evo-1700sd-shimano-di2-kolesarska-luc\/","name":"Magicshine EVO 1700SD SHIMANO Di2 ker\u00e9kp\u00e1rl\u00e1mpa","isPartOf":{"@id":"https:\/\/www.sportshine.eu\/#website"},"primaryImageOfPage":{"@id":"https:\/\/www.sportshine.eu\/trgovina\/magicshine-evo-1700sd-shimano-di2-kolesarska-luc\/#primaryimage"},"image":{"@id":"https:\/\/www.sportshine.eu\/trgovina\/magicshine-evo-1700sd-shimano-di2-kolesarska-luc\/#primaryimage"},"thumbnailUrl":"https:\/\/www.sportshine.eu\/wp-content\/uploads\/2025\/07\/Magicshine-EVO-1700SD-SHIMANO-Di2-kolesarska-luc.webp","datePublished":"2025-07-05T19:45:15+00:00","dateModified":"2025-11-25T23:15:55+00:00","description":"A Magicshine EVO 1700SD SHIMANO Di2 az els\u0151 ker\u00e9kp\u00e1rl\u00e1mpa, amely lehet\u0151v\u00e9 teszi a Di2 v\u00e1lt\u00f3hoz val\u00f3 csatlakoztat\u00e1st. Be\u00e9p\u00edtett 1700 lumen f\u00e9nyer\u0151vel.","breadcrumb":{"@id":"https:\/\/www.sportshine.eu\/trgovina\/magicshine-evo-1700sd-shimano-di2-kolesarska-luc\/#breadcrumb"},"inLanguage":"hu","potentialAction":[{"@type":"ReadAction","target":["https:\/\/www.sportshine.eu\/trgovina\/magicshine-evo-1700sd-shimano-di2-kolesarska-luc\/"]}]},{"@type":"ImageObject","inLanguage":"hu","@id":"https:\/\/www.sportshine.eu\/trgovina\/magicshine-evo-1700sd-shimano-di2-kolesarska-luc\/#primaryimage","url":"https:\/\/www.sportshine.eu\/wp-content\/uploads\/2025\/07\/Magicshine-EVO-1700SD-SHIMANO-Di2-kolesarska-luc.webp","contentUrl":"https:\/\/www.sportshine.eu\/wp-content\/uploads\/2025\/07\/Magicshine-EVO-1700SD-SHIMANO-Di2-kolesarska-luc.webp","width":800,"height":800},{"@type":"BreadcrumbList","@id":"https:\/\/www.sportshine.eu\/trgovina\/magicshine-evo-1700sd-shimano-di2-kolesarska-luc\/#breadcrumb","itemListElement":[{"@type":"ListItem","position":1,"name":"Home","item":"https:\/\/www.sportshine.eu\/"},{"@type":"ListItem","position":2,"name":"Trgovina","item":"https:\/\/www.sportshine.eu\/trgovina\/"},{"@type":"ListItem","position":3,"name":"Magicshine EVO 1700SD SHIMANO Di2 kolesarska lu\u010d"}]},{"@type":"WebSite","@id":"https:\/\/www.sportshine.eu\/#website","url":"https:\/\/www.sportshine.eu\/","name":"Sportshine","description":"Ker\u00e9kp\u00e1ros, fejl\u00e1mp\u00e1k \u00e9s felszerel\u00e9sek online \u00e1ruh\u00e1z\u00e1nak vezet\u0151 k\u00edn\u00e1lata","publisher":{"@id":"https:\/\/www.sportshine.eu\/#organization"},"potentialAction":[{"@type":"SearchAction","target":{"@type":"EntryPoint","urlTemplate":"https:\/\/www.sportshine.eu\/?s={search_term_string}"},"query-input":{"@type":"PropertyValueSpecification","valueRequired":true,"valueName":"search_term_string"}}],"inLanguage":"hu"},{"@type":"Organization","@id":"https:\/\/www.sportshine.eu\/#organization","name":"Sportshine","url":"https:\/\/www.sportshine.eu\/","logo":{"@type":"ImageObject","inLanguage":"hu","@id":"https:\/\/www.sportshine.eu\/#\/schema\/logo\/image\/","url":"https:\/\/www.sportshine.eu\/wp-content\/uploads\/2026\/01\/cropped-Sportshine.webp","contentUrl":"https:\/\/www.sportshine.eu\/wp-content\/uploads\/2026\/01\/cropped-Sportshine.webp","width":295,"height":128,"caption":"Sportshine"},"image":{"@id":"https:\/\/www.sportshine.eu\/#\/schema\/logo\/image\/"},"sameAs":["https:\/\/www.facebook.com\/sportshine.eu\/"]}]}},"_links":{"self":[{"href":"https:\/\/www.sportshine.eu\/hu\/wp-json\/wp\/v2\/product\/6452","targetHints":{"allow":["GET"]}}],"collection":[{"href":"https:\/\/www.sportshine.eu\/hu\/wp-json\/wp\/v2\/product"}],"about":[{"href":"https:\/\/www.sportshine.eu\/hu\/wp-json\/wp\/v2\/types\/product"}],"replies":[{"embeddable":true,"href":"https:\/\/www.sportshine.eu\/hu\/wp-json\/wp\/v2\/comments?post=6452"}],"version-history":[{"count":0,"href":"https:\/\/www.sportshine.eu\/hu\/wp-json\/wp\/v2\/product\/6452\/revisions"}],"wp:featuredmedia":[{"embeddable":true,"href":"https:\/\/www.sportshine.eu\/hu\/wp-json\/wp\/v2\/media\/5991"}],"wp:attachment":[{"href":"https:\/\/www.sportshine.eu\/hu\/wp-json\/wp\/v2\/media?parent=6452"}],"wp:term":[{"taxonomy":"product_brand","embeddable":true,"href":"https:\/\/www.sportshine.eu\/hu\/wp-json\/wp\/v2\/product_brand?post=6452"},{"taxonomy":"product_cat","embeddable":true,"href":"https:\/\/www.sportshine.eu\/hu\/wp-json\/wp\/v2\/product_cat?post=6452"},{"taxonomy":"product_tag","embeddable":true,"href":"https:\/\/www.sportshine.eu\/hu\/wp-json\/wp\/v2\/product_tag?post=6452"}],"curies":[{"name":"wp","href":"https:\/\/api.w.org\/{rel}","templated":true}]}}