{"id":6450,"date":"2025-07-05T19:45:12","date_gmt":"2025-07-05T19:45:12","guid":{"rendered":"https:\/\/www.sportshine.eu\/?post_type=product&#038;p=6450"},"modified":"2025-08-09T22:57:28","modified_gmt":"2025-08-09T22:57:28","slug":"magicshine-allty-200-fenyszoro","status":"publish","type":"product","link":"https:\/\/www.sportshine.eu\/hu\/uzlet\/magicshine-allty-200-fenyszoro\/","title":{"rendered":"Magicshine ALLTY 200 els\u0151 l\u00e1mpa"},"content":{"rendered":"<h3 style=\"text-align: center;\">200 LUMEN F\u00c9NYER\u0150 \u00c9S BE\u00c9P\u00cdTETT T\u00dcKR\u00d6Z\u0150D\u00c9SMENTES LENCSE<\/h3>\n<p style=\"text-align: center;\">Az Allty 200 fejl\u00e1mpa j\u00f3 oldalir\u00e1ny\u00fa kil\u00e1t\u00e1st biztos\u00edt, \u00e9s nem vak\u00edtja el a szembej\u00f6v\u0151 forgalmat. A kicsi, k\u00f6nny\u0171 \u00e9s v\u00edz\u00e1ll\u00f3 fejl\u00e1mpa biztos\u00edtja a biztons\u00e1gos k\u00f6zleked\u00e9st m\u00e9g rossz f\u00e9nyviszonyok k\u00f6z\u00f6tt is.<\/p>\n<p><img decoding=\"async\" class=\"aligncenter wp-image-7411\" src=\"https:\/\/www.sportshine.eu\/wp-content\/uploads\/2025\/07\/Magicshine-ALLTY-200-1.webp\" alt=\"Magicshine ALLTY 200 \" width=\"800\" height=\"800\" \/><\/p>\n<h3 style=\"text-align: center;\">HOSSZ\u00da \u00dcZEMID\u0150 \u00c9S UCB-C T\u00d6LT\u00c9S<\/h3>\n<p style=\"text-align: center;\">Be\u00e9p\u00edtett 900 mAh-s l\u00edtium-ion akkumul\u00e1tor, 2-3 \u00f3ra alatt felt\u00f6lthet\u0151 \u00e9s 42 \u00f3r\u00e1n \u00e1t m\u0171k\u00f6dik. Az alacsony t\u00f6lt\u00f6tts\u00e9g jelz\u0151je pirosan vil\u00e1g\u00edt, ha a t\u00f6lt\u00f6tts\u00e9g kevesebb, mint 20%, \u00edgy soha nem maradsz s\u00f6t\u00e9tben.<\/p>\n<p><img decoding=\"async\" class=\"aligncenter wp-image-7413\" src=\"https:\/\/www.sportshine.eu\/wp-content\/uploads\/2025\/07\/Magicshine-ALLTY-200-2.webp\" alt=\"Magicshine ALLTY 200 \" width=\"800\" height=\"800\" \/><\/p>\n<h3 style=\"text-align: center;\">VILLOG\u00d3 FUNKCI\u00d3 A NAGYOBB L\u00c1THAT\u00d3S\u00c1G\u00c9RT NAPPALI K\u00d6ZBEN<\/h3>\n<p style=\"text-align: center;\">A l\u00e1mpa speci\u00e1lis vakuval, f\u00f3kusszal \u00e9s hat\u00f3t\u00e1vols\u00e1ggal rendelkezik, hogy nappal jobban l\u00e1that\u00f3 legyen. Napk\u00f6zben gyorsan v\u00e1lthat a vaku \u00e9s a megvil\u00e1g\u00edt\u00e1si m\u00f3dok k\u00f6z\u00f6tt a bekapcsol\u00f3gomb dupla megnyom\u00e1s\u00e1val.<\/p>\n<p><img decoding=\"async\" class=\"aligncenter wp-image-7414\" src=\"https:\/\/www.sportshine.eu\/wp-content\/uploads\/2025\/07\/Magicshine-ALLTY-200-3.webp\" alt=\"Magicshine ALLTY 200 \" width=\"800\" height=\"800\" \/><\/p>\n<h3 style=\"text-align: center;\">K\u00dcL\u00d6NLEGESEN K\u00d6NNY\u0170 \u00c9S V\u00cdZ\u00c1LL\u00d3<\/h3>\n<p style=\"text-align: center;\">Az IPX 6 v\u00edz\u00e1ll\u00f3 h\u00e1z b\u00e1rmilyen ker\u00e9kp\u00e1ron remek\u00fcl mutat, \u00e9s mind\u00f6ssze 60 grammot nyom.<\/p>\n<p><img decoding=\"async\" class=\"aligncenter wp-image-7415\" src=\"https:\/\/www.sportshine.eu\/wp-content\/uploads\/2025\/07\/Magicshine-ALLTY-200-4.webp\" alt=\"Magicshine ALLTY 200 \" width=\"800\" height=\"800\" \/><\/p>\n<h3 style=\"text-align: center;\">SZERSZ\u00c1M N\u00c9LK\u00dcLI \u00d6SSZESZEREL\u0150 RENDSZER<\/h3>\n<p style=\"text-align: center;\">Az ALLTY 200 levehet\u0151 szilikon p\u00e1nttal van felszerelve, amely rendk\u00edv\u00fcl megk\u00f6nny\u00edti a l\u00e1mpa r\u00f6gz\u00edt\u00e9s\u00e9t. A tov\u00e1bbfejlesztett szilikon gomb kiemelkedik a s\u00f6t\u00e9tben.<\/p>\n<p><img decoding=\"async\" class=\"aligncenter wp-image-7416\" src=\"https:\/\/www.sportshine.eu\/wp-content\/uploads\/2025\/07\/Magicshine-ALLTY-200-5.webp\" alt=\"Magicshine ALLTY 200 \" width=\"800\" height=\"800\" \/><\/p>\n<h3 style=\"text-align: center;\">A CSOMAGBAN KAPOD<\/h3>\n<p style=\"text-align: center;\">ALLTY 200 ker\u00e9kp\u00e1rl\u00e1mpa<br \/>\nGumi tart\u00f3 gy\u0171r\u0171vel, 22-33 mm \u00e1tm\u00e9r\u0151j\u0171 korm\u00e1nyhoz alkalmas<br \/>\nUSB Type-C k\u00e1bel<\/p>\n<p><img decoding=\"async\" class=\"aligncenter wp-image-7417\" src=\"https:\/\/www.sportshine.eu\/wp-content\/uploads\/2025\/07\/Magicshine-ALLTY-200-6.webp\" alt=\"Magicshine ALLTY 200 \" width=\"800\" height=\"800\" \/><\/p>","protected":false},"excerpt":{"rendered":"<p>A Magicshine ALLTY 200 egy zsebm\u00e9ret\u0171 els\u0151 ker\u00e9kp\u00e1rl\u00e1mpa. K\u00f6nny\u0171 \u00e9s v\u00edz\u00e1ll\u00f3 az IPX6 szabv\u00e1nynak megfelel\u0151en. Az els\u0151 LED maxim\u00e1lis f\u00e9nyereje 200 lumen, 3 f\u00e9nyer\u0151-be\u00e1ll\u00edt\u00e1ssal \u00e9s 2 villog\u00e1si m\u00f3ddal rendelkezik.<\/p>","protected":false},"featured_media":5964,"comment_status":"open","ping_status":"closed","template":"","meta":[],"product_brand":[131],"product_cat":[82,150],"product_tag":[],"class_list":{"0":"post-6450","1":"product","2":"type-product","3":"status-publish","4":"has-post-thumbnail","6":"product_brand-magicshine","7":"product_cat-kolesarske-luci","8":"product_cat-sprednje-kolesarske-luci","10":"first","11":"instock","12":"taxable","13":"shipping-taxable","14":"purchasable","15":"product-type-simple"},"yoast_head":"<!-- This site is optimized with the Yoast SEO plugin v27.3 - https:\/\/yoast.com\/product\/yoast-seo-wordpress\/ -->\n<title>Magicshine ALLTY 200 sprednja lu\u010d<\/title>\n<meta name=\"description\" content=\"Magicshine ALLTY 200 je sprednja kolesarska lu\u010d \u017eepne velikosti. Lahka in vodoodporna po standardu IPX6 s 5-imi na\u010dini delovanja.\" \/>\n<meta name=\"robots\" content=\"index, follow, max-snippet:-1, max-image-preview:large, max-video-preview:-1\" \/>\n<link rel=\"canonical\" href=\"https:\/\/www.sportshine.eu\/hu\/uzlet\/magicshine-allty-200-fenyszoro\/\" \/>\n<meta property=\"og:locale\" content=\"hu_HU\" \/>\n<meta property=\"og:type\" content=\"article\" \/>\n<meta property=\"og:title\" content=\"Magicshine ALLTY 200 sprednja lu\u010d\" \/>\n<meta property=\"og:description\" content=\"Magicshine ALLTY 200 je sprednja kolesarska lu\u010d \u017eepne velikosti. Lahka in vodoodporna po standardu IPX6 s 5-imi na\u010dini delovanja.\" \/>\n<meta property=\"og:url\" content=\"https:\/\/www.sportshine.eu\/hu\/uzlet\/magicshine-allty-200-fenyszoro\/\" \/>\n<meta property=\"og:site_name\" content=\"Sportshine\" \/>\n<meta property=\"article:publisher\" content=\"https:\/\/www.facebook.com\/sportshine.eu\/\" \/>\n<meta property=\"article:modified_time\" content=\"2025-08-09T22:57:28+00:00\" \/>\n<meta property=\"og:image\" content=\"https:\/\/www.sportshine.eu\/wp-content\/uploads\/2025\/07\/Magicshine-allty-200.webp\" \/>\n\t<meta property=\"og:image:width\" content=\"800\" \/>\n\t<meta property=\"og:image:height\" content=\"800\" \/>\n\t<meta property=\"og:image:type\" content=\"image\/webp\" \/>\n<meta name=\"twitter:card\" content=\"summary_large_image\" \/>\n<meta name=\"twitter:label1\" content=\"Becs\u00fclt olvas\u00e1si id\u0151\" \/>\n\t<meta name=\"twitter:data1\" content=\"3 perc\" \/>\n<script type=\"application\/ld+json\" class=\"yoast-schema-graph\">{\"@context\":\"https:\\\/\\\/schema.org\",\"@graph\":[{\"@type\":\"WebPage\",\"@id\":\"https:\\\/\\\/www.sportshine.eu\\\/trgovina\\\/magicshine-allty-200-sprednja-luc\\\/\",\"url\":\"https:\\\/\\\/www.sportshine.eu\\\/trgovina\\\/magicshine-allty-200-sprednja-luc\\\/\",\"name\":\"Magicshine ALLTY 200 sprednja lu\u010d\",\"isPartOf\":{\"@id\":\"https:\\\/\\\/www.sportshine.eu\\\/#website\"},\"primaryImageOfPage\":{\"@id\":\"https:\\\/\\\/www.sportshine.eu\\\/trgovina\\\/magicshine-allty-200-sprednja-luc\\\/#primaryimage\"},\"image\":{\"@id\":\"https:\\\/\\\/www.sportshine.eu\\\/trgovina\\\/magicshine-allty-200-sprednja-luc\\\/#primaryimage\"},\"thumbnailUrl\":\"https:\\\/\\\/www.sportshine.eu\\\/wp-content\\\/uploads\\\/2025\\\/07\\\/Magicshine-allty-200.webp\",\"datePublished\":\"2025-07-05T19:45:12+00:00\",\"dateModified\":\"2025-08-09T22:57:28+00:00\",\"description\":\"Magicshine ALLTY 200 je sprednja kolesarska lu\u010d \u017eepne velikosti. Lahka in vodoodporna po standardu IPX6 s 5-imi na\u010dini delovanja.\",\"breadcrumb\":{\"@id\":\"https:\\\/\\\/www.sportshine.eu\\\/trgovina\\\/magicshine-allty-200-sprednja-luc\\\/#breadcrumb\"},\"inLanguage\":\"hu\",\"potentialAction\":[{\"@type\":\"ReadAction\",\"target\":[\"https:\\\/\\\/www.sportshine.eu\\\/trgovina\\\/magicshine-allty-200-sprednja-luc\\\/\"]}]},{\"@type\":\"ImageObject\",\"inLanguage\":\"hu\",\"@id\":\"https:\\\/\\\/www.sportshine.eu\\\/trgovina\\\/magicshine-allty-200-sprednja-luc\\\/#primaryimage\",\"url\":\"https:\\\/\\\/www.sportshine.eu\\\/wp-content\\\/uploads\\\/2025\\\/07\\\/Magicshine-allty-200.webp\",\"contentUrl\":\"https:\\\/\\\/www.sportshine.eu\\\/wp-content\\\/uploads\\\/2025\\\/07\\\/Magicshine-allty-200.webp\",\"width\":800,\"height\":800},{\"@type\":\"BreadcrumbList\",\"@id\":\"https:\\\/\\\/www.sportshine.eu\\\/trgovina\\\/magicshine-allty-200-sprednja-luc\\\/#breadcrumb\",\"itemListElement\":[{\"@type\":\"ListItem\",\"position\":1,\"name\":\"Home\",\"item\":\"https:\\\/\\\/www.sportshine.eu\\\/\"},{\"@type\":\"ListItem\",\"position\":2,\"name\":\"Trgovina\",\"item\":\"https:\\\/\\\/www.sportshine.eu\\\/trgovina\\\/\"},{\"@type\":\"ListItem\",\"position\":3,\"name\":\"Magicshine ALLTY 200 sprednja lu\u010d\"}]},{\"@type\":\"WebSite\",\"@id\":\"https:\\\/\\\/www.sportshine.eu\\\/#website\",\"url\":\"https:\\\/\\\/www.sportshine.eu\\\/\",\"name\":\"Sportshine\",\"description\":\"Top spletna trgovina kolesarskih in naglavnih svetilk ter opreme\",\"publisher\":{\"@id\":\"https:\\\/\\\/www.sportshine.eu\\\/#organization\"},\"potentialAction\":[{\"@type\":\"SearchAction\",\"target\":{\"@type\":\"EntryPoint\",\"urlTemplate\":\"https:\\\/\\\/www.sportshine.eu\\\/?s={search_term_string}\"},\"query-input\":{\"@type\":\"PropertyValueSpecification\",\"valueRequired\":true,\"valueName\":\"search_term_string\"}}],\"inLanguage\":\"hu\"},{\"@type\":\"Organization\",\"@id\":\"https:\\\/\\\/www.sportshine.eu\\\/#organization\",\"name\":\"Sportshine\",\"url\":\"https:\\\/\\\/www.sportshine.eu\\\/\",\"logo\":{\"@type\":\"ImageObject\",\"inLanguage\":\"hu\",\"@id\":\"https:\\\/\\\/www.sportshine.eu\\\/#\\\/schema\\\/logo\\\/image\\\/\",\"url\":\"https:\\\/\\\/www.sportshine.eu\\\/wp-content\\\/uploads\\\/2026\\\/01\\\/cropped-Sportshine.webp\",\"contentUrl\":\"https:\\\/\\\/www.sportshine.eu\\\/wp-content\\\/uploads\\\/2026\\\/01\\\/cropped-Sportshine.webp\",\"width\":295,\"height\":128,\"caption\":\"Sportshine\"},\"image\":{\"@id\":\"https:\\\/\\\/www.sportshine.eu\\\/#\\\/schema\\\/logo\\\/image\\\/\"},\"sameAs\":[\"https:\\\/\\\/www.facebook.com\\\/sportshine.eu\\\/\"]}]}<\/script>\n<!-- \/ Yoast SEO plugin. -->","yoast_head_json":{"title":"Magicshine ALLTY 200 els\u0151 l\u00e1mpa","description":"A Magicshine ALLTY 200 egy zsebm\u00e9ret\u0171 els\u0151 ker\u00e9kp\u00e1rl\u00e1mpa. K\u00f6nny\u0171 \u00e9s v\u00edz\u00e1ll\u00f3 az IPX6 szabv\u00e1ny szerint, 5 \u00fczemm\u00f3ddal.","robots":{"index":"index","follow":"follow","max-snippet":"max-snippet:-1","max-image-preview":"max-image-preview:large","max-video-preview":"max-video-preview:-1"},"canonical":"https:\/\/www.sportshine.eu\/hu\/uzlet\/magicshine-allty-200-fenyszoro\/","og_locale":"hu_HU","og_type":"article","og_title":"Magicshine ALLTY 200 sprednja lu\u010d","og_description":"Magicshine ALLTY 200 je sprednja kolesarska lu\u010d \u017eepne velikosti. Lahka in vodoodporna po standardu IPX6 s 5-imi na\u010dini delovanja.","og_url":"https:\/\/www.sportshine.eu\/hu\/uzlet\/magicshine-allty-200-fenyszoro\/","og_site_name":"Sportshine","article_publisher":"https:\/\/www.facebook.com\/sportshine.eu\/","article_modified_time":"2025-08-09T22:57:28+00:00","og_image":[{"width":800,"height":800,"url":"https:\/\/www.sportshine.eu\/wp-content\/uploads\/2025\/07\/Magicshine-allty-200.webp","type":"image\/webp"}],"twitter_card":"summary_large_image","twitter_misc":{"Becs\u00fclt olvas\u00e1si id\u0151":"3 perc"},"schema":{"@context":"https:\/\/schema.org","@graph":[{"@type":"WebPage","@id":"https:\/\/www.sportshine.eu\/trgovina\/magicshine-allty-200-sprednja-luc\/","url":"https:\/\/www.sportshine.eu\/trgovina\/magicshine-allty-200-sprednja-luc\/","name":"Magicshine ALLTY 200 els\u0151 l\u00e1mpa","isPartOf":{"@id":"https:\/\/www.sportshine.eu\/#website"},"primaryImageOfPage":{"@id":"https:\/\/www.sportshine.eu\/trgovina\/magicshine-allty-200-sprednja-luc\/#primaryimage"},"image":{"@id":"https:\/\/www.sportshine.eu\/trgovina\/magicshine-allty-200-sprednja-luc\/#primaryimage"},"thumbnailUrl":"https:\/\/www.sportshine.eu\/wp-content\/uploads\/2025\/07\/Magicshine-allty-200.webp","datePublished":"2025-07-05T19:45:12+00:00","dateModified":"2025-08-09T22:57:28+00:00","description":"A Magicshine ALLTY 200 egy zsebm\u00e9ret\u0171 els\u0151 ker\u00e9kp\u00e1rl\u00e1mpa. K\u00f6nny\u0171 \u00e9s v\u00edz\u00e1ll\u00f3 az IPX6 szabv\u00e1ny szerint, 5 \u00fczemm\u00f3ddal.","breadcrumb":{"@id":"https:\/\/www.sportshine.eu\/trgovina\/magicshine-allty-200-sprednja-luc\/#breadcrumb"},"inLanguage":"hu","potentialAction":[{"@type":"ReadAction","target":["https:\/\/www.sportshine.eu\/trgovina\/magicshine-allty-200-sprednja-luc\/"]}]},{"@type":"ImageObject","inLanguage":"hu","@id":"https:\/\/www.sportshine.eu\/trgovina\/magicshine-allty-200-sprednja-luc\/#primaryimage","url":"https:\/\/www.sportshine.eu\/wp-content\/uploads\/2025\/07\/Magicshine-allty-200.webp","contentUrl":"https:\/\/www.sportshine.eu\/wp-content\/uploads\/2025\/07\/Magicshine-allty-200.webp","width":800,"height":800},{"@type":"BreadcrumbList","@id":"https:\/\/www.sportshine.eu\/trgovina\/magicshine-allty-200-sprednja-luc\/#breadcrumb","itemListElement":[{"@type":"ListItem","position":1,"name":"Home","item":"https:\/\/www.sportshine.eu\/"},{"@type":"ListItem","position":2,"name":"Trgovina","item":"https:\/\/www.sportshine.eu\/trgovina\/"},{"@type":"ListItem","position":3,"name":"Magicshine ALLTY 200 sprednja lu\u010d"}]},{"@type":"WebSite","@id":"https:\/\/www.sportshine.eu\/#website","url":"https:\/\/www.sportshine.eu\/","name":"Sportshine","description":"Ker\u00e9kp\u00e1ros, fejl\u00e1mp\u00e1k \u00e9s felszerel\u00e9sek online \u00e1ruh\u00e1z\u00e1nak vezet\u0151 k\u00edn\u00e1lata","publisher":{"@id":"https:\/\/www.sportshine.eu\/#organization"},"potentialAction":[{"@type":"SearchAction","target":{"@type":"EntryPoint","urlTemplate":"https:\/\/www.sportshine.eu\/?s={search_term_string}"},"query-input":{"@type":"PropertyValueSpecification","valueRequired":true,"valueName":"search_term_string"}}],"inLanguage":"hu"},{"@type":"Organization","@id":"https:\/\/www.sportshine.eu\/#organization","name":"Sportshine","url":"https:\/\/www.sportshine.eu\/","logo":{"@type":"ImageObject","inLanguage":"hu","@id":"https:\/\/www.sportshine.eu\/#\/schema\/logo\/image\/","url":"https:\/\/www.sportshine.eu\/wp-content\/uploads\/2026\/01\/cropped-Sportshine.webp","contentUrl":"https:\/\/www.sportshine.eu\/wp-content\/uploads\/2026\/01\/cropped-Sportshine.webp","width":295,"height":128,"caption":"Sportshine"},"image":{"@id":"https:\/\/www.sportshine.eu\/#\/schema\/logo\/image\/"},"sameAs":["https:\/\/www.facebook.com\/sportshine.eu\/"]}]}},"_links":{"self":[{"href":"https:\/\/www.sportshine.eu\/hu\/wp-json\/wp\/v2\/product\/6450","targetHints":{"allow":["GET"]}}],"collection":[{"href":"https:\/\/www.sportshine.eu\/hu\/wp-json\/wp\/v2\/product"}],"about":[{"href":"https:\/\/www.sportshine.eu\/hu\/wp-json\/wp\/v2\/types\/product"}],"replies":[{"embeddable":true,"href":"https:\/\/www.sportshine.eu\/hu\/wp-json\/wp\/v2\/comments?post=6450"}],"version-history":[{"count":0,"href":"https:\/\/www.sportshine.eu\/hu\/wp-json\/wp\/v2\/product\/6450\/revisions"}],"wp:featuredmedia":[{"embeddable":true,"href":"https:\/\/www.sportshine.eu\/hu\/wp-json\/wp\/v2\/media\/5964"}],"wp:attachment":[{"href":"https:\/\/www.sportshine.eu\/hu\/wp-json\/wp\/v2\/media?parent=6450"}],"wp:term":[{"taxonomy":"product_brand","embeddable":true,"href":"https:\/\/www.sportshine.eu\/hu\/wp-json\/wp\/v2\/product_brand?post=6450"},{"taxonomy":"product_cat","embeddable":true,"href":"https:\/\/www.sportshine.eu\/hu\/wp-json\/wp\/v2\/product_cat?post=6450"},{"taxonomy":"product_tag","embeddable":true,"href":"https:\/\/www.sportshine.eu\/hu\/wp-json\/wp\/v2\/product_tag?post=6450"}],"curies":[{"name":"wp","href":"https:\/\/api.w.org\/{rel}","templated":true}]}}