{"id":6445,"date":"2025-07-08T19:45:06","date_gmt":"2025-07-08T19:45:06","guid":{"rendered":"https:\/\/www.sportshine.eu\/?post_type=product&#038;p=6445"},"modified":"2026-01-23T22:12:40","modified_gmt":"2026-01-23T22:12:40","slug":"magicshine-univerzalis-vilagosszurke-szemuveg","status":"publish","type":"product","link":"https:\/\/www.sportshine.eu\/hu\/uzlet\/magicshine-univerzalis-vilagosszurke-szemuveg\/","title":{"rendered":"Magicshine Versatiler szem\u00fcveg vil\u00e1gossz\u00fcrke"},"content":{"rendered":"<p style=\"text-align: left;\">A Magicshine Versatiler egy professzion\u00e1lis napszem\u00fcveg-sorozat minden ker\u00e9kp\u00e1roz\u00e1s, fut\u00e1s \u00e9s t\u00far\u00e1z\u00e1s szerelmese sz\u00e1m\u00e1ra. A teljes sorozat polikarbon\u00e1t lencs\u00e9ket haszn\u00e1l a teljes szemv\u00e9delem \u00e9s a kiterjesztett l\u00e1t\u00f3sz\u00f6g \u00e9rdek\u00e9ben, \u00edgy a szemedre koncentr\u00e1lhatsz. Az als\u00f3 keretr\u00f6gz\u00edt\u0151k lyukai gyorsan jav\u00edtj\u00e1k a l\u00e9g\u00e1raml\u00e1st, megakad\u00e1lyozz\u00e1k a p\u00e1r\u00e1sod\u00e1st \u00e9s cs\u00f6kkentik a sz\u00e9l\u00e1ll\u00f3s\u00e1got ker\u00e9kp\u00e1roz\u00e1s k\u00f6zben, biztos\u00edtva, hogy a l\u00e1t\u00e1sod mindig a legjobb \u00e1llapotban legyen. A TR90 \u00e9s TPR anyagokb\u00f3l k\u00e9sz\u00fclt, stressz\u00e1ll\u00f3 keret \u00fagy van kialak\u00edtva, hogy ellen\u00e1lljon a mozg\u00e1snak vagy a deform\u00e1ci\u00f3nak az id\u0151 m\u00fal\u00e1s\u00e1val. Az ultra tapad\u00e1s\u00fa gumi orrp\u00e1rn\u00e1kkal napszem\u00fcveg\u00fcnk biztons\u00e1gos illeszked\u00e9st biztos\u00edt, f\u00fcggetlen\u00fcl att\u00f3l, hogy mennyit izzadsz, vagy milyen intenz\u00edv a tev\u00e9kenys\u00e9ged.<\/p>\n<p class=\"elementor-element elementor-element-c209278 elementor-widget elementor-widget-heading\" style=\"text-align: left;\" data-id=\"c209278\" data-element_type=\"widget\" data-widget_type=\"heading.default\">A Versatiler fotokromatikus modell olyan lencs\u00e9kkel van felszerelve, amelyek sz\u00edne 1-t\u0151l 3-as kateg\u00f3ri\u00e1ig alkalmazkodik a f\u00e9nyviszonyokhoz, hat\u00e9konyan blokkolva az er\u0151s napf\u00e9nyt, az UV-sugarakat \u00e9s a t\u00fckr\u00f6z\u0151d\u00e9st. Pontos l\u00e1t\u00e1s\u00e9less\u00e9get \u00e9s tiszta l\u00e1t\u00e1st biztos\u00edt minden id\u0151j\u00e1r\u00e1si k\u00f6r\u00fclm\u00e9ny k\u00f6z\u00f6tt. A h\u00e1toldalon tal\u00e1lhat\u00f3, nagy f\u00e9ny\u00e1tereszt\u0151 k\u00e9pess\u00e9g\u0171 OAR bevonat kiv\u00e1l\u00f3 l\u00e1that\u00f3s\u00e1got biztos\u00edt.<\/p>\n<p data-id=\"c209278\" data-element_type=\"widget\" data-widget_type=\"heading.default\"><img decoding=\"async\" class=\"aligncenter wp-image-7422 size-full\" src=\"https:\/\/www.sportshine.eu\/wp-content\/uploads\/2025\/07\/Ocala-Magicshine-Versatiler-1.webp\" alt=\"Magicshine sokoldal\u00fa szem\u00fcvegek \" width=\"800\" height=\"800\" srcset=\"https:\/\/www.sportshine.eu\/wp-content\/uploads\/2025\/07\/Ocala-Magicshine-Versatiler-1.webp 800w, https:\/\/www.sportshine.eu\/wp-content\/uploads\/2025\/07\/Ocala-Magicshine-Versatiler-1-768x768.webp 768w, https:\/\/www.sportshine.eu\/wp-content\/uploads\/2025\/07\/Ocala-Magicshine-Versatiler-1-600x600.webp 600w\" sizes=\"(max-width: 800px) 100vw, 800px\" \/><\/p>\n<p>&nbsp;<\/p>","protected":false},"excerpt":{"rendered":"<p>A pr\u00e9mium kateg\u00f3ri\u00e1s Magicshine Versatiler fotokromatikus szem\u00fcveg leny\u0171g\u00f6z majd megjelen\u00e9s\u00e9vel, az archoz val\u00f3 igaz\u00edt\u00e1s\u00e1nak lehet\u0151s\u00e9g\u00e9vel \u00e9s kiv\u00e9teles lencs\u00e9j\u00e9vel.<\/p>","protected":false},"featured_media":5915,"comment_status":"open","ping_status":"closed","template":"","meta":[],"product_brand":[131],"product_cat":[106,103],"product_tag":[174],"class_list":{"0":"post-6445","1":"product","2":"type-product","3":"status-publish","4":"has-post-thumbnail","6":"product_brand-magicshine","7":"product_cat-fotokromatska-ocala","8":"product_cat-kolesarska-ocala","9":"product_tag-magicshine-ocala","11":"first","12":"instock","13":"taxable","14":"shipping-taxable","15":"purchasable","16":"product-type-simple"},"yoast_head":"<!-- This site is optimized with the Yoast SEO plugin v27.3 - https:\/\/yoast.com\/product\/yoast-seo-wordpress\/ -->\n<title>O\u010dala Magicshine Versatiler light grey<\/title>\n<meta name=\"robots\" content=\"index, follow, max-snippet:-1, max-image-preview:large, max-video-preview:-1\" \/>\n<link rel=\"canonical\" href=\"https:\/\/www.sportshine.eu\/hu\/uzlet\/magicshine-univerzalis-vilagosszurke-szemuveg\/\" \/>\n<meta property=\"og:locale\" content=\"hu_HU\" \/>\n<meta property=\"og:type\" content=\"article\" \/>\n<meta property=\"og:title\" content=\"O\u010dala Magicshine Versatiler light grey\" \/>\n<meta property=\"og:description\" content=\"Vrhunska fotokromatska o\u010dala Magicshine Versatiler vas bodo navdu\u0161ila s svojim izgledom, mo\u017enostjo nastavitve o\u010dal na obraz in izjemno le\u010do.\" \/>\n<meta property=\"og:url\" content=\"https:\/\/www.sportshine.eu\/hu\/uzlet\/magicshine-univerzalis-vilagosszurke-szemuveg\/\" \/>\n<meta property=\"og:site_name\" content=\"Sportshine\" \/>\n<meta property=\"article:publisher\" content=\"https:\/\/www.facebook.com\/sportshine.eu\/\" \/>\n<meta property=\"article:modified_time\" content=\"2026-01-23T22:12:40+00:00\" \/>\n<meta property=\"og:image\" content=\"https:\/\/www.sportshine.eu\/wp-content\/uploads\/2025\/07\/fotokromatska-ocala-1.webp\" \/>\n\t<meta property=\"og:image:width\" content=\"800\" \/>\n\t<meta property=\"og:image:height\" content=\"800\" \/>\n\t<meta property=\"og:image:type\" content=\"image\/webp\" \/>\n<meta name=\"twitter:card\" content=\"summary_large_image\" \/>\n<meta name=\"twitter:label1\" content=\"Becs\u00fclt olvas\u00e1si id\u0151\" \/>\n\t<meta name=\"twitter:data1\" content=\"2 perc\" \/>\n<script type=\"application\/ld+json\" class=\"yoast-schema-graph\">{\"@context\":\"https:\\\/\\\/schema.org\",\"@graph\":[{\"@type\":\"WebPage\",\"@id\":\"https:\\\/\\\/www.sportshine.eu\\\/trgovina\\\/ocala-magicshine-versatiler-light-grey\\\/\",\"url\":\"https:\\\/\\\/www.sportshine.eu\\\/trgovina\\\/ocala-magicshine-versatiler-light-grey\\\/\",\"name\":\"O\u010dala Magicshine Versatiler light grey\",\"isPartOf\":{\"@id\":\"https:\\\/\\\/www.sportshine.eu\\\/#website\"},\"primaryImageOfPage\":{\"@id\":\"https:\\\/\\\/www.sportshine.eu\\\/trgovina\\\/ocala-magicshine-versatiler-light-grey\\\/#primaryimage\"},\"image\":{\"@id\":\"https:\\\/\\\/www.sportshine.eu\\\/trgovina\\\/ocala-magicshine-versatiler-light-grey\\\/#primaryimage\"},\"thumbnailUrl\":\"https:\\\/\\\/www.sportshine.eu\\\/wp-content\\\/uploads\\\/2025\\\/07\\\/fotokromatska-ocala-1.webp\",\"datePublished\":\"2025-07-08T19:45:06+00:00\",\"dateModified\":\"2026-01-23T22:12:40+00:00\",\"breadcrumb\":{\"@id\":\"https:\\\/\\\/www.sportshine.eu\\\/trgovina\\\/ocala-magicshine-versatiler-light-grey\\\/#breadcrumb\"},\"inLanguage\":\"hu\",\"potentialAction\":[{\"@type\":\"ReadAction\",\"target\":[\"https:\\\/\\\/www.sportshine.eu\\\/trgovina\\\/ocala-magicshine-versatiler-light-grey\\\/\"]}]},{\"@type\":\"ImageObject\",\"inLanguage\":\"hu\",\"@id\":\"https:\\\/\\\/www.sportshine.eu\\\/trgovina\\\/ocala-magicshine-versatiler-light-grey\\\/#primaryimage\",\"url\":\"https:\\\/\\\/www.sportshine.eu\\\/wp-content\\\/uploads\\\/2025\\\/07\\\/fotokromatska-ocala-1.webp\",\"contentUrl\":\"https:\\\/\\\/www.sportshine.eu\\\/wp-content\\\/uploads\\\/2025\\\/07\\\/fotokromatska-ocala-1.webp\",\"width\":800,\"height\":800},{\"@type\":\"BreadcrumbList\",\"@id\":\"https:\\\/\\\/www.sportshine.eu\\\/trgovina\\\/ocala-magicshine-versatiler-light-grey\\\/#breadcrumb\",\"itemListElement\":[{\"@type\":\"ListItem\",\"position\":1,\"name\":\"Home\",\"item\":\"https:\\\/\\\/www.sportshine.eu\\\/\"},{\"@type\":\"ListItem\",\"position\":2,\"name\":\"Trgovina\",\"item\":\"https:\\\/\\\/www.sportshine.eu\\\/trgovina\\\/\"},{\"@type\":\"ListItem\",\"position\":3,\"name\":\"O\u010dala Magicshine Versatiler light grey\"}]},{\"@type\":\"WebSite\",\"@id\":\"https:\\\/\\\/www.sportshine.eu\\\/#website\",\"url\":\"https:\\\/\\\/www.sportshine.eu\\\/\",\"name\":\"Sportshine\",\"description\":\"Top spletna trgovina kolesarskih in naglavnih svetilk ter opreme\",\"publisher\":{\"@id\":\"https:\\\/\\\/www.sportshine.eu\\\/#organization\"},\"potentialAction\":[{\"@type\":\"SearchAction\",\"target\":{\"@type\":\"EntryPoint\",\"urlTemplate\":\"https:\\\/\\\/www.sportshine.eu\\\/?s={search_term_string}\"},\"query-input\":{\"@type\":\"PropertyValueSpecification\",\"valueRequired\":true,\"valueName\":\"search_term_string\"}}],\"inLanguage\":\"hu\"},{\"@type\":\"Organization\",\"@id\":\"https:\\\/\\\/www.sportshine.eu\\\/#organization\",\"name\":\"Sportshine\",\"url\":\"https:\\\/\\\/www.sportshine.eu\\\/\",\"logo\":{\"@type\":\"ImageObject\",\"inLanguage\":\"hu\",\"@id\":\"https:\\\/\\\/www.sportshine.eu\\\/#\\\/schema\\\/logo\\\/image\\\/\",\"url\":\"https:\\\/\\\/www.sportshine.eu\\\/wp-content\\\/uploads\\\/2026\\\/01\\\/cropped-Sportshine.webp\",\"contentUrl\":\"https:\\\/\\\/www.sportshine.eu\\\/wp-content\\\/uploads\\\/2026\\\/01\\\/cropped-Sportshine.webp\",\"width\":295,\"height\":128,\"caption\":\"Sportshine\"},\"image\":{\"@id\":\"https:\\\/\\\/www.sportshine.eu\\\/#\\\/schema\\\/logo\\\/image\\\/\"},\"sameAs\":[\"https:\\\/\\\/www.facebook.com\\\/sportshine.eu\\\/\"]}]}<\/script>\n<!-- \/ Yoast SEO plugin. -->","yoast_head_json":{"title":"Magicshine Versatiler szem\u00fcveg vil\u00e1gossz\u00fcrke","robots":{"index":"index","follow":"follow","max-snippet":"max-snippet:-1","max-image-preview":"max-image-preview:large","max-video-preview":"max-video-preview:-1"},"canonical":"https:\/\/www.sportshine.eu\/hu\/uzlet\/magicshine-univerzalis-vilagosszurke-szemuveg\/","og_locale":"hu_HU","og_type":"article","og_title":"O\u010dala Magicshine Versatiler light grey","og_description":"Vrhunska fotokromatska o\u010dala Magicshine Versatiler vas bodo navdu\u0161ila s svojim izgledom, mo\u017enostjo nastavitve o\u010dal na obraz in izjemno le\u010do.","og_url":"https:\/\/www.sportshine.eu\/hu\/uzlet\/magicshine-univerzalis-vilagosszurke-szemuveg\/","og_site_name":"Sportshine","article_publisher":"https:\/\/www.facebook.com\/sportshine.eu\/","article_modified_time":"2026-01-23T22:12:40+00:00","og_image":[{"width":800,"height":800,"url":"https:\/\/www.sportshine.eu\/wp-content\/uploads\/2025\/07\/fotokromatska-ocala-1.webp","type":"image\/webp"}],"twitter_card":"summary_large_image","twitter_misc":{"Becs\u00fclt olvas\u00e1si id\u0151":"2 perc"},"schema":{"@context":"https:\/\/schema.org","@graph":[{"@type":"WebPage","@id":"https:\/\/www.sportshine.eu\/trgovina\/ocala-magicshine-versatiler-light-grey\/","url":"https:\/\/www.sportshine.eu\/trgovina\/ocala-magicshine-versatiler-light-grey\/","name":"Magicshine Versatiler szem\u00fcveg vil\u00e1gossz\u00fcrke","isPartOf":{"@id":"https:\/\/www.sportshine.eu\/#website"},"primaryImageOfPage":{"@id":"https:\/\/www.sportshine.eu\/trgovina\/ocala-magicshine-versatiler-light-grey\/#primaryimage"},"image":{"@id":"https:\/\/www.sportshine.eu\/trgovina\/ocala-magicshine-versatiler-light-grey\/#primaryimage"},"thumbnailUrl":"https:\/\/www.sportshine.eu\/wp-content\/uploads\/2025\/07\/fotokromatska-ocala-1.webp","datePublished":"2025-07-08T19:45:06+00:00","dateModified":"2026-01-23T22:12:40+00:00","breadcrumb":{"@id":"https:\/\/www.sportshine.eu\/trgovina\/ocala-magicshine-versatiler-light-grey\/#breadcrumb"},"inLanguage":"hu","potentialAction":[{"@type":"ReadAction","target":["https:\/\/www.sportshine.eu\/trgovina\/ocala-magicshine-versatiler-light-grey\/"]}]},{"@type":"ImageObject","inLanguage":"hu","@id":"https:\/\/www.sportshine.eu\/trgovina\/ocala-magicshine-versatiler-light-grey\/#primaryimage","url":"https:\/\/www.sportshine.eu\/wp-content\/uploads\/2025\/07\/fotokromatska-ocala-1.webp","contentUrl":"https:\/\/www.sportshine.eu\/wp-content\/uploads\/2025\/07\/fotokromatska-ocala-1.webp","width":800,"height":800},{"@type":"BreadcrumbList","@id":"https:\/\/www.sportshine.eu\/trgovina\/ocala-magicshine-versatiler-light-grey\/#breadcrumb","itemListElement":[{"@type":"ListItem","position":1,"name":"Home","item":"https:\/\/www.sportshine.eu\/"},{"@type":"ListItem","position":2,"name":"Trgovina","item":"https:\/\/www.sportshine.eu\/trgovina\/"},{"@type":"ListItem","position":3,"name":"O\u010dala Magicshine Versatiler light grey"}]},{"@type":"WebSite","@id":"https:\/\/www.sportshine.eu\/#website","url":"https:\/\/www.sportshine.eu\/","name":"Sportshine","description":"Ker\u00e9kp\u00e1ros, fejl\u00e1mp\u00e1k \u00e9s felszerel\u00e9sek online \u00e1ruh\u00e1z\u00e1nak vezet\u0151 k\u00edn\u00e1lata","publisher":{"@id":"https:\/\/www.sportshine.eu\/#organization"},"potentialAction":[{"@type":"SearchAction","target":{"@type":"EntryPoint","urlTemplate":"https:\/\/www.sportshine.eu\/?s={search_term_string}"},"query-input":{"@type":"PropertyValueSpecification","valueRequired":true,"valueName":"search_term_string"}}],"inLanguage":"hu"},{"@type":"Organization","@id":"https:\/\/www.sportshine.eu\/#organization","name":"Sportshine","url":"https:\/\/www.sportshine.eu\/","logo":{"@type":"ImageObject","inLanguage":"hu","@id":"https:\/\/www.sportshine.eu\/#\/schema\/logo\/image\/","url":"https:\/\/www.sportshine.eu\/wp-content\/uploads\/2026\/01\/cropped-Sportshine.webp","contentUrl":"https:\/\/www.sportshine.eu\/wp-content\/uploads\/2026\/01\/cropped-Sportshine.webp","width":295,"height":128,"caption":"Sportshine"},"image":{"@id":"https:\/\/www.sportshine.eu\/#\/schema\/logo\/image\/"},"sameAs":["https:\/\/www.facebook.com\/sportshine.eu\/"]}]}},"_links":{"self":[{"href":"https:\/\/www.sportshine.eu\/hu\/wp-json\/wp\/v2\/product\/6445","targetHints":{"allow":["GET"]}}],"collection":[{"href":"https:\/\/www.sportshine.eu\/hu\/wp-json\/wp\/v2\/product"}],"about":[{"href":"https:\/\/www.sportshine.eu\/hu\/wp-json\/wp\/v2\/types\/product"}],"replies":[{"embeddable":true,"href":"https:\/\/www.sportshine.eu\/hu\/wp-json\/wp\/v2\/comments?post=6445"}],"version-history":[{"count":0,"href":"https:\/\/www.sportshine.eu\/hu\/wp-json\/wp\/v2\/product\/6445\/revisions"}],"wp:featuredmedia":[{"embeddable":true,"href":"https:\/\/www.sportshine.eu\/hu\/wp-json\/wp\/v2\/media\/5915"}],"wp:attachment":[{"href":"https:\/\/www.sportshine.eu\/hu\/wp-json\/wp\/v2\/media?parent=6445"}],"wp:term":[{"taxonomy":"product_brand","embeddable":true,"href":"https:\/\/www.sportshine.eu\/hu\/wp-json\/wp\/v2\/product_brand?post=6445"},{"taxonomy":"product_cat","embeddable":true,"href":"https:\/\/www.sportshine.eu\/hu\/wp-json\/wp\/v2\/product_cat?post=6445"},{"taxonomy":"product_tag","embeddable":true,"href":"https:\/\/www.sportshine.eu\/hu\/wp-json\/wp\/v2\/product_tag?post=6445"}],"curies":[{"name":"wp","href":"https:\/\/api.w.org\/{rel}","templated":true}]}}