{"id":6444,"date":"2025-07-08T19:45:04","date_gmt":"2025-07-08T19:45:04","guid":{"rendered":"https:\/\/www.sportshine.eu\/?post_type=product&#038;p=6444"},"modified":"2026-01-23T22:12:47","modified_gmt":"2026-01-23T22:12:47","slug":"magicshine-szeldzseki-arany-szemuveg","status":"publish","type":"product","link":"https:\/\/www.sportshine.eu\/hu\/uzlet\/magicshine-szeldzseki-arany-szemuveg\/","title":{"rendered":"Magicshine sz\u00e9ldzseki szem\u00fcveg arany"},"content":{"rendered":"<p>A Windbreaker szem\u00fcvegek a Magicshine els\u0151 professzion\u00e1lis ker\u00e9kp\u00e1ros napszem\u00fcveg-sorozat\u00e1t alkotj\u00e1k. Kiv\u00e9teles \u00e1tl\u00e1tsz\u00f3s\u00e1g jellemzi \u0151ket, \u00edgy professzion\u00e1lis \u00e9s mindennapi ker\u00e9kp\u00e1roz\u00e1shoz egyar\u00e1nt alkalmasak. Kiv\u00e1l\u00f3 \u00e9rt\u00e9kel\u00e9seket kaptak a f\u00fcggetlen \u00e9s vil\u00e1gh\u00edr\u0171 road.cc online port\u00e1lon. \u201eKiv\u00e1l\u00f3 lencs\u00e9vel, alacsony s\u00fallyal \u00e9s j\u00f3 fel\u00e9p\u00edt\u00e9si min\u0151s\u00e9ggel rendelkeznek. \u00c9s mindezt nagyon versenyk\u00e9pes \u00e1ron.\u201d<\/p>\n<p>Az \u00e1ll\u00edthat\u00f3 orr-r\u00e9sz biztos\u00edtja a j\u00f3 illeszked\u00e9st az arcra, \u00e9s a szem\u00fcveg stabilan \u00e9s biztons\u00e1gosan a hely\u00e9n marad ker\u00e9kp\u00e1roz\u00e1s k\u00f6zben, cs\u00fasz\u00e1s vagy ugr\u00e1l\u00e1s n\u00e9lk\u00fcl. A lencs\u00e9k nem p\u00e1r\u00e1sodnak be, amit a lencse alj\u00e1n tal\u00e1lhat\u00f3 szell\u0151z\u0151csatorn\u00e1k \u00e9s a nyitott form\u00e1juk is seg\u00edt, ami jobb l\u00e9g\u00e1raml\u00e1st tesz lehet\u0151v\u00e9. Teljes v\u00e9delmet ny\u00fajt a k\u00e1ros UV-sugarak ellen, \u00e9s v\u00e9di a szemet a sz\u00e9lt\u0151l, a port\u00f3l \u00e9s egy\u00e9b id\u0151j\u00e1r\u00e1si hat\u00e1sokt\u00f3l. A kiv\u00e9teles REVO \u00e9s OAR bevonatok seg\u00edtenek vissza\u00e1ll\u00edtani a val\u00f3di sz\u00edneket \u00e9s fokozz\u00e1k a kontrasztot a p\u00e1ratlan optikai tisztas\u00e1g \u00e9rdek\u00e9ben minden k\u00f6r\u00fclm\u00e9nyek k\u00f6z\u00f6tt.<\/p>\n<p>&nbsp;<\/p>\n<p><iframe loading=\"lazy\" title=\"Magicshine SZ\u00c9LKAB\u00c1T\" width=\"500\" height=\"281\" src=\"https:\/\/www.youtube.com\/embed\/aeMY_kcMBAE?feature=oembed\" frameborder=\"0\" allow=\"accelerometer; autoplay; clipboard-write; encrypted-media; gyroscope; picture-in-picture; web-share\" referrerpolicy=\"strict-origin-when-cross-origin\" allowfullscreen><\/iframe><\/p>\n<div class=\"elementor-element elementor-element-c209278 elementor-widget elementor-widget-heading\" style=\"text-align: center;\" data-id=\"c209278\" data-element_type=\"widget\" data-widget_type=\"heading.default\">\n<div class=\"elementor-element elementor-element-25b12d99 elementor-widget elementor-widget-heading\" data-id=\"25b12d99\" data-element_type=\"widget\" data-widget_type=\"heading.default\">\n<div class=\"elementor-widget-container\">\n<section class=\"elementor-section elementor-top-section elementor-element elementor-element-31009ff8 elementor-section-boxed elementor-section-height-default elementor-section-height-default\" data-id=\"31009ff8\" data-element_type=\"section\">\n<div class=\"elementor-container elementor-column-gap-default\">\n<div class=\"elementor-column elementor-col-100 elementor-top-column elementor-element elementor-element-16b76c01\" data-id=\"16b76c01\" data-element_type=\"column\">\n<div class=\"elementor-widget-wrap elementor-element-populated\">\n<div class=\"elementor-element elementor-element-2982363a elementor-widget elementor-widget-heading\" style=\"text-align: center;\" data-id=\"2982363a\" data-element_type=\"widget\" data-widget_type=\"heading.default\">\n<div class=\"elementor-container elementor-column-gap-no\" style=\"text-align: center;\">\n<div class=\"elementor-column elementor-col-100 elementor-top-column elementor-element elementor-element-612882c9\" data-id=\"612882c9\" data-element_type=\"column\">\n<div class=\"elementor-widget-wrap elementor-element-populated\">\n<div class=\"elementor-element elementor-element-298f08b6 elementor-widget elementor-widget-heading\" data-id=\"298f08b6\" data-element_type=\"widget\" data-widget_type=\"heading.default\"><\/div>\n<\/div>\n<\/div>\n<\/div>\n<section class=\"elementor-section elementor-top-section elementor-element elementor-element-41477614 elementor-section-boxed elementor-section-height-default elementor-section-height-default\" data-id=\"41477614\" data-element_type=\"section\">\n<div class=\"elementor-container elementor-column-gap-default\">\n<div class=\"elementor-column elementor-col-100 elementor-top-column elementor-element elementor-element-efcd3\" data-id=\"efcd3\" data-element_type=\"column\">\n<div class=\"elementor-widget-wrap elementor-element-populated\">\n<div class=\"elementor-element elementor-element-54a03f68 elementor-widget elementor-widget-heading\" data-id=\"54a03f68\" data-element_type=\"widget\" data-widget_type=\"heading.default\">\n<p class=\"elementor-widget-container\">\n<\/div>\n<\/div>\n<\/div>\n<\/div>\n<\/section>\n<\/div>\n<\/div>\n<\/div>\n<\/div>\n<\/section>\n<\/div>\n<\/div>\n<\/div>","protected":false},"excerpt":{"rendered":"<p>A Magicshine Windbreaker szem\u00fcveg \u00fct\u00e9s\u00e1ll\u00f3 lencs\u00e9kkel rendelkezik, amelyek 100% UV-v\u00e9delmet biztos\u00edtanak. A lencs\u00e9k elej\u00e9n tal\u00e1lhat\u00f3 REVO bevonat fokozza a kontrasztot \u00e9s tisztas\u00e1got biztos\u00edt, m\u00edg a h\u00e1ts\u00f3 OAR bevonat t\u00fckr\u00f6z\u0151d\u00e9smentes \u00e9lm\u00e9nyt biztos\u00edt. Ezenk\u00edv\u00fcl mindk\u00e9t oldalra folt\u00e1ll\u00f3 bevonatot vitt\u00fcnk fel, hogy megakad\u00e1lyozza a szennyez\u0151d\u00e9sek felhalmoz\u00f3d\u00e1s\u00e1t, tov\u00e1bbi v\u00e9delmet \u00e9s probl\u00e9mamentes lencsekarbantart\u00e1st biztos\u00edtva.<\/p>\n<p>Mi a REVO bevonat? Kattintson <span style=\"color: #339966;\"><a style=\"color: #339966;\" href=\"https:\/\/www.sportshine.eu\/hu\/originalstran\/revo-borito\/\">itt<\/a><\/span><\/p>\n<p>&nbsp;<\/p>","protected":false},"featured_media":5906,"comment_status":"open","ping_status":"closed","template":"","meta":[],"product_brand":[131],"product_cat":[104,103],"product_tag":[],"class_list":{"0":"post-6444","1":"product","2":"type-product","3":"status-publish","4":"has-post-thumbnail","6":"product_brand-magicshine","7":"product_cat-klasicna-kolesarska-ocala","8":"product_cat-kolesarska-ocala","10":"first","11":"outofstock","12":"taxable","13":"shipping-taxable","14":"purchasable","15":"product-type-simple"},"yoast_head":"<!-- This site is optimized with the Yoast SEO plugin v27.3 - https:\/\/yoast.com\/product\/yoast-seo-wordpress\/ -->\n<title>O\u010dala Magicshine Windbreaker gold<\/title>\n<meta name=\"robots\" content=\"index, follow, max-snippet:-1, max-image-preview:large, max-video-preview:-1\" \/>\n<link rel=\"canonical\" href=\"https:\/\/www.sportshine.eu\/hu\/uzlet\/magicshine-szeldzseki-arany-szemuveg\/\" \/>\n<meta property=\"og:locale\" content=\"hu_HU\" \/>\n<meta property=\"og:type\" content=\"article\" \/>\n<meta property=\"og:title\" content=\"O\u010dala Magicshine Windbreaker gold\" \/>\n<meta property=\"og:description\" content=\"O\u010dala Magicshine Windbreaker se pona\u0161ajo z le\u010dami, ki so odporne na udarce in zagotavljajo 100% za\u0161\u010dito pred UV-\u017earki. Na sprednji strani le\u010d REVO prevleka pove\u010duje kontrast in zagotavlja jasnost, medtem ko zadnja prevleka OAR omogo\u010da izku\u0161njo brez ble\u0161\u010danja. Poleg tega je na obeh straneh nanesena prevleka, odporna proti made\u017eem, kar prepre\u010duje nabiranje umazanije\u00a0 ter tako zagotavlja dodatno za\u0161\u010dito in brezskrbno vzdr\u017eevanje le\u010d.  Kaj je REVO prevleka? Klikni tukaj  &nbsp;\" \/>\n<meta property=\"og:url\" content=\"https:\/\/www.sportshine.eu\/hu\/uzlet\/magicshine-szeldzseki-arany-szemuveg\/\" \/>\n<meta property=\"og:site_name\" content=\"Sportshine\" \/>\n<meta property=\"article:publisher\" content=\"https:\/\/www.facebook.com\/sportshine.eu\/\" \/>\n<meta property=\"article:modified_time\" content=\"2026-01-23T22:12:47+00:00\" \/>\n<meta property=\"og:image\" content=\"https:\/\/www.sportshine.eu\/wp-content\/uploads\/2025\/07\/kolesarska-ocala-polarized.webp\" \/>\n\t<meta property=\"og:image:width\" content=\"800\" \/>\n\t<meta property=\"og:image:height\" content=\"800\" \/>\n\t<meta property=\"og:image:type\" content=\"image\/webp\" \/>\n<meta name=\"twitter:card\" content=\"summary_large_image\" \/>\n<meta name=\"twitter:label1\" content=\"Becs\u00fclt olvas\u00e1si id\u0151\" \/>\n\t<meta name=\"twitter:data1\" content=\"1 perc\" \/>\n<script type=\"application\/ld+json\" class=\"yoast-schema-graph\">{\"@context\":\"https:\\\/\\\/schema.org\",\"@graph\":[{\"@type\":\"WebPage\",\"@id\":\"https:\\\/\\\/www.sportshine.eu\\\/trgovina\\\/ocala-magicshine-windbreaker-gold\\\/\",\"url\":\"https:\\\/\\\/www.sportshine.eu\\\/trgovina\\\/ocala-magicshine-windbreaker-gold\\\/\",\"name\":\"O\u010dala Magicshine Windbreaker gold\",\"isPartOf\":{\"@id\":\"https:\\\/\\\/www.sportshine.eu\\\/#website\"},\"primaryImageOfPage\":{\"@id\":\"https:\\\/\\\/www.sportshine.eu\\\/trgovina\\\/ocala-magicshine-windbreaker-gold\\\/#primaryimage\"},\"image\":{\"@id\":\"https:\\\/\\\/www.sportshine.eu\\\/trgovina\\\/ocala-magicshine-windbreaker-gold\\\/#primaryimage\"},\"thumbnailUrl\":\"https:\\\/\\\/www.sportshine.eu\\\/wp-content\\\/uploads\\\/2025\\\/07\\\/kolesarska-ocala-polarized.webp\",\"datePublished\":\"2025-07-08T19:45:04+00:00\",\"dateModified\":\"2026-01-23T22:12:47+00:00\",\"breadcrumb\":{\"@id\":\"https:\\\/\\\/www.sportshine.eu\\\/trgovina\\\/ocala-magicshine-windbreaker-gold\\\/#breadcrumb\"},\"inLanguage\":\"hu\",\"potentialAction\":[{\"@type\":\"ReadAction\",\"target\":[\"https:\\\/\\\/www.sportshine.eu\\\/trgovina\\\/ocala-magicshine-windbreaker-gold\\\/\"]}]},{\"@type\":\"ImageObject\",\"inLanguage\":\"hu\",\"@id\":\"https:\\\/\\\/www.sportshine.eu\\\/trgovina\\\/ocala-magicshine-windbreaker-gold\\\/#primaryimage\",\"url\":\"https:\\\/\\\/www.sportshine.eu\\\/wp-content\\\/uploads\\\/2025\\\/07\\\/kolesarska-ocala-polarized.webp\",\"contentUrl\":\"https:\\\/\\\/www.sportshine.eu\\\/wp-content\\\/uploads\\\/2025\\\/07\\\/kolesarska-ocala-polarized.webp\",\"width\":800,\"height\":800},{\"@type\":\"BreadcrumbList\",\"@id\":\"https:\\\/\\\/www.sportshine.eu\\\/trgovina\\\/ocala-magicshine-windbreaker-gold\\\/#breadcrumb\",\"itemListElement\":[{\"@type\":\"ListItem\",\"position\":1,\"name\":\"Home\",\"item\":\"https:\\\/\\\/www.sportshine.eu\\\/\"},{\"@type\":\"ListItem\",\"position\":2,\"name\":\"Trgovina\",\"item\":\"https:\\\/\\\/www.sportshine.eu\\\/trgovina\\\/\"},{\"@type\":\"ListItem\",\"position\":3,\"name\":\"O\u010dala Magicshine Windbreaker gold\"}]},{\"@type\":\"WebSite\",\"@id\":\"https:\\\/\\\/www.sportshine.eu\\\/#website\",\"url\":\"https:\\\/\\\/www.sportshine.eu\\\/\",\"name\":\"Sportshine\",\"description\":\"Top spletna trgovina kolesarskih in naglavnih svetilk ter opreme\",\"publisher\":{\"@id\":\"https:\\\/\\\/www.sportshine.eu\\\/#organization\"},\"potentialAction\":[{\"@type\":\"SearchAction\",\"target\":{\"@type\":\"EntryPoint\",\"urlTemplate\":\"https:\\\/\\\/www.sportshine.eu\\\/?s={search_term_string}\"},\"query-input\":{\"@type\":\"PropertyValueSpecification\",\"valueRequired\":true,\"valueName\":\"search_term_string\"}}],\"inLanguage\":\"hu\"},{\"@type\":\"Organization\",\"@id\":\"https:\\\/\\\/www.sportshine.eu\\\/#organization\",\"name\":\"Sportshine\",\"url\":\"https:\\\/\\\/www.sportshine.eu\\\/\",\"logo\":{\"@type\":\"ImageObject\",\"inLanguage\":\"hu\",\"@id\":\"https:\\\/\\\/www.sportshine.eu\\\/#\\\/schema\\\/logo\\\/image\\\/\",\"url\":\"https:\\\/\\\/www.sportshine.eu\\\/wp-content\\\/uploads\\\/2026\\\/01\\\/cropped-Sportshine.webp\",\"contentUrl\":\"https:\\\/\\\/www.sportshine.eu\\\/wp-content\\\/uploads\\\/2026\\\/01\\\/cropped-Sportshine.webp\",\"width\":295,\"height\":128,\"caption\":\"Sportshine\"},\"image\":{\"@id\":\"https:\\\/\\\/www.sportshine.eu\\\/#\\\/schema\\\/logo\\\/image\\\/\"},\"sameAs\":[\"https:\\\/\\\/www.facebook.com\\\/sportshine.eu\\\/\"]}]}<\/script>\n<!-- \/ Yoast SEO plugin. -->","yoast_head_json":{"title":"Magicshine sz\u00e9ldzseki szem\u00fcveg arany","robots":{"index":"index","follow":"follow","max-snippet":"max-snippet:-1","max-image-preview":"max-image-preview:large","max-video-preview":"max-video-preview:-1"},"canonical":"https:\/\/www.sportshine.eu\/hu\/uzlet\/magicshine-szeldzseki-arany-szemuveg\/","og_locale":"hu_HU","og_type":"article","og_title":"O\u010dala Magicshine Windbreaker gold","og_description":"O\u010dala Magicshine Windbreaker se pona\u0161ajo z le\u010dami, ki so odporne na udarce in zagotavljajo 100% za\u0161\u010dito pred UV-\u017earki. Na sprednji strani le\u010d REVO prevleka pove\u010duje kontrast in zagotavlja jasnost, medtem ko zadnja prevleka OAR omogo\u010da izku\u0161njo brez ble\u0161\u010danja. Poleg tega je na obeh straneh nanesena prevleka, odporna proti made\u017eem, kar prepre\u010duje nabiranje umazanije\u00a0 ter tako zagotavlja dodatno za\u0161\u010dito in brezskrbno vzdr\u017eevanje le\u010d.  Kaj je REVO prevleka? Klikni tukaj  &nbsp;","og_url":"https:\/\/www.sportshine.eu\/hu\/uzlet\/magicshine-szeldzseki-arany-szemuveg\/","og_site_name":"Sportshine","article_publisher":"https:\/\/www.facebook.com\/sportshine.eu\/","article_modified_time":"2026-01-23T22:12:47+00:00","og_image":[{"width":800,"height":800,"url":"https:\/\/www.sportshine.eu\/wp-content\/uploads\/2025\/07\/kolesarska-ocala-polarized.webp","type":"image\/webp"}],"twitter_card":"summary_large_image","twitter_misc":{"Becs\u00fclt olvas\u00e1si id\u0151":"1 perc"},"schema":{"@context":"https:\/\/schema.org","@graph":[{"@type":"WebPage","@id":"https:\/\/www.sportshine.eu\/trgovina\/ocala-magicshine-windbreaker-gold\/","url":"https:\/\/www.sportshine.eu\/trgovina\/ocala-magicshine-windbreaker-gold\/","name":"Magicshine sz\u00e9ldzseki szem\u00fcveg arany","isPartOf":{"@id":"https:\/\/www.sportshine.eu\/#website"},"primaryImageOfPage":{"@id":"https:\/\/www.sportshine.eu\/trgovina\/ocala-magicshine-windbreaker-gold\/#primaryimage"},"image":{"@id":"https:\/\/www.sportshine.eu\/trgovina\/ocala-magicshine-windbreaker-gold\/#primaryimage"},"thumbnailUrl":"https:\/\/www.sportshine.eu\/wp-content\/uploads\/2025\/07\/kolesarska-ocala-polarized.webp","datePublished":"2025-07-08T19:45:04+00:00","dateModified":"2026-01-23T22:12:47+00:00","breadcrumb":{"@id":"https:\/\/www.sportshine.eu\/trgovina\/ocala-magicshine-windbreaker-gold\/#breadcrumb"},"inLanguage":"hu","potentialAction":[{"@type":"ReadAction","target":["https:\/\/www.sportshine.eu\/trgovina\/ocala-magicshine-windbreaker-gold\/"]}]},{"@type":"ImageObject","inLanguage":"hu","@id":"https:\/\/www.sportshine.eu\/trgovina\/ocala-magicshine-windbreaker-gold\/#primaryimage","url":"https:\/\/www.sportshine.eu\/wp-content\/uploads\/2025\/07\/kolesarska-ocala-polarized.webp","contentUrl":"https:\/\/www.sportshine.eu\/wp-content\/uploads\/2025\/07\/kolesarska-ocala-polarized.webp","width":800,"height":800},{"@type":"BreadcrumbList","@id":"https:\/\/www.sportshine.eu\/trgovina\/ocala-magicshine-windbreaker-gold\/#breadcrumb","itemListElement":[{"@type":"ListItem","position":1,"name":"Home","item":"https:\/\/www.sportshine.eu\/"},{"@type":"ListItem","position":2,"name":"Trgovina","item":"https:\/\/www.sportshine.eu\/trgovina\/"},{"@type":"ListItem","position":3,"name":"O\u010dala Magicshine Windbreaker gold"}]},{"@type":"WebSite","@id":"https:\/\/www.sportshine.eu\/#website","url":"https:\/\/www.sportshine.eu\/","name":"Sportshine","description":"Ker\u00e9kp\u00e1ros, fejl\u00e1mp\u00e1k \u00e9s felszerel\u00e9sek online \u00e1ruh\u00e1z\u00e1nak vezet\u0151 k\u00edn\u00e1lata","publisher":{"@id":"https:\/\/www.sportshine.eu\/#organization"},"potentialAction":[{"@type":"SearchAction","target":{"@type":"EntryPoint","urlTemplate":"https:\/\/www.sportshine.eu\/?s={search_term_string}"},"query-input":{"@type":"PropertyValueSpecification","valueRequired":true,"valueName":"search_term_string"}}],"inLanguage":"hu"},{"@type":"Organization","@id":"https:\/\/www.sportshine.eu\/#organization","name":"Sportshine","url":"https:\/\/www.sportshine.eu\/","logo":{"@type":"ImageObject","inLanguage":"hu","@id":"https:\/\/www.sportshine.eu\/#\/schema\/logo\/image\/","url":"https:\/\/www.sportshine.eu\/wp-content\/uploads\/2026\/01\/cropped-Sportshine.webp","contentUrl":"https:\/\/www.sportshine.eu\/wp-content\/uploads\/2026\/01\/cropped-Sportshine.webp","width":295,"height":128,"caption":"Sportshine"},"image":{"@id":"https:\/\/www.sportshine.eu\/#\/schema\/logo\/image\/"},"sameAs":["https:\/\/www.facebook.com\/sportshine.eu\/"]}]}},"_links":{"self":[{"href":"https:\/\/www.sportshine.eu\/hu\/wp-json\/wp\/v2\/product\/6444","targetHints":{"allow":["GET"]}}],"collection":[{"href":"https:\/\/www.sportshine.eu\/hu\/wp-json\/wp\/v2\/product"}],"about":[{"href":"https:\/\/www.sportshine.eu\/hu\/wp-json\/wp\/v2\/types\/product"}],"replies":[{"embeddable":true,"href":"https:\/\/www.sportshine.eu\/hu\/wp-json\/wp\/v2\/comments?post=6444"}],"version-history":[{"count":0,"href":"https:\/\/www.sportshine.eu\/hu\/wp-json\/wp\/v2\/product\/6444\/revisions"}],"wp:featuredmedia":[{"embeddable":true,"href":"https:\/\/www.sportshine.eu\/hu\/wp-json\/wp\/v2\/media\/5906"}],"wp:attachment":[{"href":"https:\/\/www.sportshine.eu\/hu\/wp-json\/wp\/v2\/media?parent=6444"}],"wp:term":[{"taxonomy":"product_brand","embeddable":true,"href":"https:\/\/www.sportshine.eu\/hu\/wp-json\/wp\/v2\/product_brand?post=6444"},{"taxonomy":"product_cat","embeddable":true,"href":"https:\/\/www.sportshine.eu\/hu\/wp-json\/wp\/v2\/product_cat?post=6444"},{"taxonomy":"product_tag","embeddable":true,"href":"https:\/\/www.sportshine.eu\/hu\/wp-json\/wp\/v2\/product_tag?post=6444"}],"curies":[{"name":"wp","href":"https:\/\/api.w.org\/{rel}","templated":true}]}}