{"id":6437,"date":"2025-07-09T19:44:56","date_gmt":"2025-07-09T19:44:56","guid":{"rendered":"https:\/\/www.sportshine.eu\/?post_type=product&#038;p=6437"},"modified":"2026-04-14T11:26:06","modified_gmt":"2026-04-14T11:26:06","slug":"magicshine-univerzalis-rozsaszin-szemuveg","status":"publish","type":"product","link":"https:\/\/www.sportshine.eu\/hu\/uzlet\/magicshine-univerzalis-rozsaszin-szemuveg\/","title":{"rendered":"Magicshine Versatiler r\u00f3zsasz\u00edn szem\u00fcveg"},"content":{"rendered":"<p style=\"text-align: left;\">A Magicshine Versatiler sportszem\u00fcveg kiv\u00e1l\u00f3 v\u00e9delmet \u00e9s k\u00e9nyelmet k\u00edn\u00e1l. Alkalmas ker\u00e9kp\u00e1roz\u00e1shoz, fut\u00e1shoz, s\u00edfut\u00e1shoz, v\u00edzi sportokhoz \u00e9s egy\u00e9b szabadid\u0151s tev\u00e9kenys\u00e9gekhez.<\/p>\n<p><strong>Jellemz\u0151k:<\/strong><\/p>\n<ul>\n<li style=\"text-align: left;\"><strong>Polikarbon\u00e1t lencse<\/strong>A teljes sorozat polikarbon\u00e1t lencs\u00e9vel van felszerelve, amely kiv\u00e9teles v\u00e9delmet ny\u00fajt a napsugarak ellen \u00e9s kiterjeszti a l\u00e1t\u00f3mez\u0151t.<\/li>\n<li><strong>Levehet\u0151 tartoz\u00e9kok<\/strong>A fokozott biztons\u00e1g \u00e9rdek\u00e9ben levehet\u0151 tartoz\u00e9kok \u00e1llnak rendelkez\u00e9sre, amelyek megakad\u00e1lyozz\u00e1k a lencse \u00e9s az arc \u00e9rintkez\u00e9s\u00e9t intenz\u00edv ker\u00e9kp\u00e1roz\u00e1s sor\u00e1n.<\/li>\n<li><strong>Jav\u00edtott szell\u0151z\u00e9s<\/strong>Az als\u00f3 v\u00e1zr\u00f6gz\u00edt\u0151k\u00f6n tal\u00e1lhat\u00f3 lyukakkal ell\u00e1tott szell\u0151z\u0151rendszer megakad\u00e1lyozza a p\u00e1r\u00e1sod\u00e1st \u00e9s cs\u00f6kkenti a l\u00e9gellen\u00e1ll\u00e1st, \u00edgy a kil\u00e1t\u00e1s m\u00e9g kih\u00edv\u00e1st jelent\u0151 k\u00f6r\u00fclm\u00e9nyek k\u00f6z\u00f6tt is tiszta marad.<\/li>\n<li><strong>Tart\u00f3s keret<\/strong>A TR90 \u00e9s TPR anyagokb\u00f3l k\u00e9sz\u00fclt keret ellen\u00e1ll a stressznek, \u00e9s id\u0151vel is meg\u0151rzi alakj\u00e1t, f\u00fcggetlen\u00fcl a tev\u00e9kenys\u00e9geit\u0151l.<\/li>\n<li style=\"text-align: left;\"><strong>Ultra tapad\u00e1s\u00fa orrp\u00e1rn\u00e1k<\/strong>Biztons\u00e1gos illeszked\u00e9st biztos\u00edtanak m\u00e9g intenz\u00edv tev\u00e9kenys\u00e9g sor\u00e1n is, an\u00e9lk\u00fcl, hogy a cs\u00fasz\u00e1s miatt agg\u00f3dni kellene.<\/li>\n<li style=\"text-align: left;\"><strong>100% UV-v\u00e9delem<\/strong>Az \u00fct\u00e9s\u00e1ll\u00f3 lencse teljes v\u00e9delmet ny\u00fajt a k\u00e1ros UV-sugarak ellen, m\u00edg az el\u00fcls\u0151 REVO bevonat vissza\u00e1ll\u00edtja a sz\u00edneket \u00e9s fokozza a kontrasztot, a h\u00e1ts\u00f3 OAR bevonat pedig cs\u00f6kkenti a t\u00fckr\u00f6z\u0151d\u00e9st.<\/li>\n<li style=\"text-align: left;\"><strong>Folt\u00e1ll\u00f3 bevonat<\/strong>Tiszt\u00e1n \u00e9s szennyez\u0151d\u00e9smentesen tartja a lencs\u00e9ket, \u00edgy k\u00f6nnyen karbantarthat\u00f3k \u00e9s hossz\u00fa ideig haszn\u00e1lhat\u00f3k.<\/li>\n<\/ul>\n<p><img decoding=\"async\" class=\"aligncenter wp-image-7425 size-full\" src=\"https:\/\/www.sportshine.eu\/wp-content\/uploads\/2025\/07\/Ocala-Magicshine-Versatiler-3.webp\" alt=\"Magicshine sokoldal\u00fa szem\u00fcvegek \" width=\"800\" height=\"800\" srcset=\"https:\/\/www.sportshine.eu\/wp-content\/uploads\/2025\/07\/Ocala-Magicshine-Versatiler-3.webp 800w, https:\/\/www.sportshine.eu\/wp-content\/uploads\/2025\/07\/Ocala-Magicshine-Versatiler-3-768x768.webp 768w, https:\/\/www.sportshine.eu\/wp-content\/uploads\/2025\/07\/Ocala-Magicshine-Versatiler-3-600x600.webp 600w\" sizes=\"(max-width: 800px) 100vw, 800px\" \/><\/p>\n<p>&nbsp;<\/p>","protected":false},"excerpt":{"rendered":"<p>A Magichsine Versatiler napszem\u00fcveg \u00f6tv\u00f6zi a biztons\u00e1got, a teljes\u00edtm\u00e9nyt, a st\u00edlust \u00e9s a k\u00e9nyelmet. Levehet\u0151 kerettoldal\u00e9kkal (a fels\u0151 \u00e9s az als\u00f3 r\u00e9sz is levehet\u0151), sz\u00e9lesebb l\u00e1t\u00f3sz\u00f6get biztos\u00edt\u00f3 polikarbon\u00e1t lencs\u00e9vel, k\u00e9nyelmes illeszked\u00e9st biztos\u00edt\u00f3 ultra tapad\u00e1s\u00fa gumibet\u00e9tekkel, fejlett szell\u0151z\u0151rendszerrel, foltmentes\u00edt\u0151 bevonattal, REVO \u00e9s OAR bevonattal rendelkezik.<\/p>\n<p>Mi a REVO bevonat? Kattintson\u00a0<span style=\"color: #339966;\"><a style=\"color: #339966;\" href=\"https:\/\/www.sportshine.eu\/hu\/originalstran\/revo-borito\/\">itt<\/a><\/span><\/p>","protected":false},"featured_media":5864,"comment_status":"open","ping_status":"closed","template":"","meta":[],"product_brand":[131],"product_cat":[104,103],"product_tag":[174],"class_list":{"0":"post-6437","1":"product","2":"type-product","3":"status-publish","4":"has-post-thumbnail","6":"product_brand-magicshine","7":"product_cat-klasicna-kolesarska-ocala","8":"product_cat-kolesarska-ocala","9":"product_tag-magicshine-ocala","11":"first","12":"instock","13":"sale","14":"taxable","15":"shipping-taxable","16":"purchasable","17":"product-type-simple"},"yoast_head":"<!-- This site is optimized with the Yoast SEO plugin v27.3 - https:\/\/yoast.com\/product\/yoast-seo-wordpress\/ -->\n<title>O\u010dala Magicshine Versatiler pink<\/title>\n<meta name=\"description\" content=\"O\u010dala Magicshine Versatiler pink so sestavljene iz polikarbonatne za\u0161\u010ditne le\u010de, kar vam omogo\u010da jasen pogled in zanesljivo za\u0161\u010dito o\u010di.\" \/>\n<meta name=\"robots\" content=\"index, follow, max-snippet:-1, max-image-preview:large, max-video-preview:-1\" \/>\n<link rel=\"canonical\" href=\"https:\/\/www.sportshine.eu\/hu\/uzlet\/magicshine-univerzalis-rozsaszin-szemuveg\/\" \/>\n<meta property=\"og:locale\" content=\"hu_HU\" \/>\n<meta property=\"og:type\" content=\"article\" \/>\n<meta property=\"og:title\" content=\"O\u010dala Magicshine Versatiler pink\" \/>\n<meta property=\"og:description\" content=\"O\u010dala Magicshine Versatiler pink so sestavljene iz polikarbonatne za\u0161\u010ditne le\u010de, kar vam omogo\u010da jasen pogled in zanesljivo za\u0161\u010dito o\u010di.\" \/>\n<meta property=\"og:url\" content=\"https:\/\/www.sportshine.eu\/hu\/uzlet\/magicshine-univerzalis-rozsaszin-szemuveg\/\" \/>\n<meta property=\"og:site_name\" content=\"Sportshine\" \/>\n<meta property=\"article:publisher\" content=\"https:\/\/www.facebook.com\/sportshine.eu\/\" \/>\n<meta property=\"article:modified_time\" content=\"2026-04-14T11:26:06+00:00\" \/>\n<meta property=\"og:image\" content=\"https:\/\/www.sportshine.eu\/wp-content\/uploads\/2025\/07\/kolesarska-ocala-2-2.webp\" \/>\n\t<meta property=\"og:image:width\" content=\"800\" \/>\n\t<meta property=\"og:image:height\" content=\"800\" \/>\n\t<meta property=\"og:image:type\" content=\"image\/webp\" \/>\n<meta name=\"twitter:card\" content=\"summary_large_image\" \/>\n<meta name=\"twitter:label1\" content=\"Becs\u00fclt olvas\u00e1si id\u0151\" \/>\n\t<meta name=\"twitter:data1\" content=\"2 perc\" \/>\n<script type=\"application\/ld+json\" class=\"yoast-schema-graph\">{\"@context\":\"https:\\\/\\\/schema.org\",\"@graph\":[{\"@type\":\"WebPage\",\"@id\":\"https:\\\/\\\/www.sportshine.eu\\\/trgovina\\\/ocala-magicshine-versatiler-pink\\\/\",\"url\":\"https:\\\/\\\/www.sportshine.eu\\\/trgovina\\\/ocala-magicshine-versatiler-pink\\\/\",\"name\":\"O\u010dala Magicshine Versatiler pink\",\"isPartOf\":{\"@id\":\"https:\\\/\\\/www.sportshine.eu\\\/#website\"},\"primaryImageOfPage\":{\"@id\":\"https:\\\/\\\/www.sportshine.eu\\\/trgovina\\\/ocala-magicshine-versatiler-pink\\\/#primaryimage\"},\"image\":{\"@id\":\"https:\\\/\\\/www.sportshine.eu\\\/trgovina\\\/ocala-magicshine-versatiler-pink\\\/#primaryimage\"},\"thumbnailUrl\":\"https:\\\/\\\/www.sportshine.eu\\\/wp-content\\\/uploads\\\/2025\\\/07\\\/kolesarska-ocala-2-2.webp\",\"datePublished\":\"2025-07-09T19:44:56+00:00\",\"dateModified\":\"2026-04-14T11:26:06+00:00\",\"description\":\"O\u010dala Magicshine Versatiler pink so sestavljene iz polikarbonatne za\u0161\u010ditne le\u010de, kar vam omogo\u010da jasen pogled in zanesljivo za\u0161\u010dito o\u010di.\",\"breadcrumb\":{\"@id\":\"https:\\\/\\\/www.sportshine.eu\\\/trgovina\\\/ocala-magicshine-versatiler-pink\\\/#breadcrumb\"},\"inLanguage\":\"hu\",\"potentialAction\":[{\"@type\":\"ReadAction\",\"target\":[\"https:\\\/\\\/www.sportshine.eu\\\/trgovina\\\/ocala-magicshine-versatiler-pink\\\/\"]}]},{\"@type\":\"ImageObject\",\"inLanguage\":\"hu\",\"@id\":\"https:\\\/\\\/www.sportshine.eu\\\/trgovina\\\/ocala-magicshine-versatiler-pink\\\/#primaryimage\",\"url\":\"https:\\\/\\\/www.sportshine.eu\\\/wp-content\\\/uploads\\\/2025\\\/07\\\/kolesarska-ocala-2-2.webp\",\"contentUrl\":\"https:\\\/\\\/www.sportshine.eu\\\/wp-content\\\/uploads\\\/2025\\\/07\\\/kolesarska-ocala-2-2.webp\",\"width\":800,\"height\":800},{\"@type\":\"BreadcrumbList\",\"@id\":\"https:\\\/\\\/www.sportshine.eu\\\/trgovina\\\/ocala-magicshine-versatiler-pink\\\/#breadcrumb\",\"itemListElement\":[{\"@type\":\"ListItem\",\"position\":1,\"name\":\"Home\",\"item\":\"https:\\\/\\\/www.sportshine.eu\\\/\"},{\"@type\":\"ListItem\",\"position\":2,\"name\":\"Trgovina\",\"item\":\"https:\\\/\\\/www.sportshine.eu\\\/trgovina\\\/\"},{\"@type\":\"ListItem\",\"position\":3,\"name\":\"O\u010dala Magicshine Versatiler pink\"}]},{\"@type\":\"WebSite\",\"@id\":\"https:\\\/\\\/www.sportshine.eu\\\/#website\",\"url\":\"https:\\\/\\\/www.sportshine.eu\\\/\",\"name\":\"Sportshine\",\"description\":\"Top spletna trgovina kolesarskih in naglavnih svetilk ter opreme\",\"publisher\":{\"@id\":\"https:\\\/\\\/www.sportshine.eu\\\/#organization\"},\"potentialAction\":[{\"@type\":\"SearchAction\",\"target\":{\"@type\":\"EntryPoint\",\"urlTemplate\":\"https:\\\/\\\/www.sportshine.eu\\\/?s={search_term_string}\"},\"query-input\":{\"@type\":\"PropertyValueSpecification\",\"valueRequired\":true,\"valueName\":\"search_term_string\"}}],\"inLanguage\":\"hu\"},{\"@type\":\"Organization\",\"@id\":\"https:\\\/\\\/www.sportshine.eu\\\/#organization\",\"name\":\"Sportshine\",\"url\":\"https:\\\/\\\/www.sportshine.eu\\\/\",\"logo\":{\"@type\":\"ImageObject\",\"inLanguage\":\"hu\",\"@id\":\"https:\\\/\\\/www.sportshine.eu\\\/#\\\/schema\\\/logo\\\/image\\\/\",\"url\":\"https:\\\/\\\/www.sportshine.eu\\\/wp-content\\\/uploads\\\/2026\\\/01\\\/cropped-Sportshine.webp\",\"contentUrl\":\"https:\\\/\\\/www.sportshine.eu\\\/wp-content\\\/uploads\\\/2026\\\/01\\\/cropped-Sportshine.webp\",\"width\":295,\"height\":128,\"caption\":\"Sportshine\"},\"image\":{\"@id\":\"https:\\\/\\\/www.sportshine.eu\\\/#\\\/schema\\\/logo\\\/image\\\/\"},\"sameAs\":[\"https:\\\/\\\/www.facebook.com\\\/sportshine.eu\\\/\"]}]}<\/script>\n<!-- \/ Yoast SEO plugin. -->","yoast_head_json":{"title":"Magicshine Versatiler r\u00f3zsasz\u00edn szem\u00fcveg","description":"A Magicshine Versatiler r\u00f3zsasz\u00edn szem\u00fcveg polikarbon\u00e1t v\u00e9d\u0151lencs\u00e9kb\u0151l k\u00e9sz\u00fclt, amelyek tiszta l\u00e1t\u00e1st \u00e9s megb\u00edzhat\u00f3 szemv\u00e9delmet biztos\u00edtanak.","robots":{"index":"index","follow":"follow","max-snippet":"max-snippet:-1","max-image-preview":"max-image-preview:large","max-video-preview":"max-video-preview:-1"},"canonical":"https:\/\/www.sportshine.eu\/hu\/uzlet\/magicshine-univerzalis-rozsaszin-szemuveg\/","og_locale":"hu_HU","og_type":"article","og_title":"O\u010dala Magicshine Versatiler pink","og_description":"O\u010dala Magicshine Versatiler pink so sestavljene iz polikarbonatne za\u0161\u010ditne le\u010de, kar vam omogo\u010da jasen pogled in zanesljivo za\u0161\u010dito o\u010di.","og_url":"https:\/\/www.sportshine.eu\/hu\/uzlet\/magicshine-univerzalis-rozsaszin-szemuveg\/","og_site_name":"Sportshine","article_publisher":"https:\/\/www.facebook.com\/sportshine.eu\/","article_modified_time":"2026-04-14T11:26:06+00:00","og_image":[{"width":800,"height":800,"url":"https:\/\/www.sportshine.eu\/wp-content\/uploads\/2025\/07\/kolesarska-ocala-2-2.webp","type":"image\/webp"}],"twitter_card":"summary_large_image","twitter_misc":{"Becs\u00fclt olvas\u00e1si id\u0151":"2 perc"},"schema":{"@context":"https:\/\/schema.org","@graph":[{"@type":"WebPage","@id":"https:\/\/www.sportshine.eu\/trgovina\/ocala-magicshine-versatiler-pink\/","url":"https:\/\/www.sportshine.eu\/trgovina\/ocala-magicshine-versatiler-pink\/","name":"Magicshine Versatiler r\u00f3zsasz\u00edn szem\u00fcveg","isPartOf":{"@id":"https:\/\/www.sportshine.eu\/#website"},"primaryImageOfPage":{"@id":"https:\/\/www.sportshine.eu\/trgovina\/ocala-magicshine-versatiler-pink\/#primaryimage"},"image":{"@id":"https:\/\/www.sportshine.eu\/trgovina\/ocala-magicshine-versatiler-pink\/#primaryimage"},"thumbnailUrl":"https:\/\/www.sportshine.eu\/wp-content\/uploads\/2025\/07\/kolesarska-ocala-2-2.webp","datePublished":"2025-07-09T19:44:56+00:00","dateModified":"2026-04-14T11:26:06+00:00","description":"A Magicshine Versatiler r\u00f3zsasz\u00edn szem\u00fcveg polikarbon\u00e1t v\u00e9d\u0151lencs\u00e9kb\u0151l k\u00e9sz\u00fclt, amelyek tiszta l\u00e1t\u00e1st \u00e9s megb\u00edzhat\u00f3 szemv\u00e9delmet biztos\u00edtanak.","breadcrumb":{"@id":"https:\/\/www.sportshine.eu\/trgovina\/ocala-magicshine-versatiler-pink\/#breadcrumb"},"inLanguage":"hu","potentialAction":[{"@type":"ReadAction","target":["https:\/\/www.sportshine.eu\/trgovina\/ocala-magicshine-versatiler-pink\/"]}]},{"@type":"ImageObject","inLanguage":"hu","@id":"https:\/\/www.sportshine.eu\/trgovina\/ocala-magicshine-versatiler-pink\/#primaryimage","url":"https:\/\/www.sportshine.eu\/wp-content\/uploads\/2025\/07\/kolesarska-ocala-2-2.webp","contentUrl":"https:\/\/www.sportshine.eu\/wp-content\/uploads\/2025\/07\/kolesarska-ocala-2-2.webp","width":800,"height":800},{"@type":"BreadcrumbList","@id":"https:\/\/www.sportshine.eu\/trgovina\/ocala-magicshine-versatiler-pink\/#breadcrumb","itemListElement":[{"@type":"ListItem","position":1,"name":"Home","item":"https:\/\/www.sportshine.eu\/"},{"@type":"ListItem","position":2,"name":"Trgovina","item":"https:\/\/www.sportshine.eu\/trgovina\/"},{"@type":"ListItem","position":3,"name":"O\u010dala Magicshine Versatiler pink"}]},{"@type":"WebSite","@id":"https:\/\/www.sportshine.eu\/#website","url":"https:\/\/www.sportshine.eu\/","name":"Sportshine","description":"Ker\u00e9kp\u00e1ros, fejl\u00e1mp\u00e1k \u00e9s felszerel\u00e9sek online \u00e1ruh\u00e1z\u00e1nak vezet\u0151 k\u00edn\u00e1lata","publisher":{"@id":"https:\/\/www.sportshine.eu\/#organization"},"potentialAction":[{"@type":"SearchAction","target":{"@type":"EntryPoint","urlTemplate":"https:\/\/www.sportshine.eu\/?s={search_term_string}"},"query-input":{"@type":"PropertyValueSpecification","valueRequired":true,"valueName":"search_term_string"}}],"inLanguage":"hu"},{"@type":"Organization","@id":"https:\/\/www.sportshine.eu\/#organization","name":"Sportshine","url":"https:\/\/www.sportshine.eu\/","logo":{"@type":"ImageObject","inLanguage":"hu","@id":"https:\/\/www.sportshine.eu\/#\/schema\/logo\/image\/","url":"https:\/\/www.sportshine.eu\/wp-content\/uploads\/2026\/01\/cropped-Sportshine.webp","contentUrl":"https:\/\/www.sportshine.eu\/wp-content\/uploads\/2026\/01\/cropped-Sportshine.webp","width":295,"height":128,"caption":"Sportshine"},"image":{"@id":"https:\/\/www.sportshine.eu\/#\/schema\/logo\/image\/"},"sameAs":["https:\/\/www.facebook.com\/sportshine.eu\/"]}]}},"_links":{"self":[{"href":"https:\/\/www.sportshine.eu\/hu\/wp-json\/wp\/v2\/product\/6437","targetHints":{"allow":["GET"]}}],"collection":[{"href":"https:\/\/www.sportshine.eu\/hu\/wp-json\/wp\/v2\/product"}],"about":[{"href":"https:\/\/www.sportshine.eu\/hu\/wp-json\/wp\/v2\/types\/product"}],"replies":[{"embeddable":true,"href":"https:\/\/www.sportshine.eu\/hu\/wp-json\/wp\/v2\/comments?post=6437"}],"version-history":[{"count":1,"href":"https:\/\/www.sportshine.eu\/hu\/wp-json\/wp\/v2\/product\/6437\/revisions"}],"predecessor-version":[{"id":10370,"href":"https:\/\/www.sportshine.eu\/hu\/wp-json\/wp\/v2\/product\/6437\/revisions\/10370"}],"wp:featuredmedia":[{"embeddable":true,"href":"https:\/\/www.sportshine.eu\/hu\/wp-json\/wp\/v2\/media\/5864"}],"wp:attachment":[{"href":"https:\/\/www.sportshine.eu\/hu\/wp-json\/wp\/v2\/media?parent=6437"}],"wp:term":[{"taxonomy":"product_brand","embeddable":true,"href":"https:\/\/www.sportshine.eu\/hu\/wp-json\/wp\/v2\/product_brand?post=6437"},{"taxonomy":"product_cat","embeddable":true,"href":"https:\/\/www.sportshine.eu\/hu\/wp-json\/wp\/v2\/product_cat?post=6437"},{"taxonomy":"product_tag","embeddable":true,"href":"https:\/\/www.sportshine.eu\/hu\/wp-json\/wp\/v2\/product_tag?post=6437"}],"curies":[{"name":"wp","href":"https:\/\/api.w.org\/{rel}","templated":true}]}}