{"id":6433,"date":"2025-07-05T19:43:43","date_gmt":"2025-07-05T19:43:43","guid":{"rendered":"https:\/\/www.sportshine.eu\/?post_type=product&#038;p=6433"},"modified":"2025-11-25T21:59:28","modified_gmt":"2025-11-25T21:59:28","slug":"magicshine-allty-2500s-kerekparlampa-extra-akkumulatorral-2-db","status":"publish","type":"product","link":"https:\/\/www.sportshine.eu\/hu\/uzlet\/magicshine-allty-2500s-kerekparlampa-extra-akkumulatorral-2-db\/","title":{"rendered":"Magicshine ALLTY 2500S ker\u00e9kp\u00e1rl\u00e1mpa + extra akkumul\u00e1tor"},"content":{"rendered":"<h3 style=\"text-align: center;\">VIDEO PREDSTAVITEV<\/h3>\n<p><iframe loading=\"lazy\" title=\"MAGICSHINE ALLTY 2500S Bicycle Light\" width=\"500\" height=\"281\" src=\"https:\/\/www.youtube.com\/embed\/PGsJZIU9KWo?feature=oembed\" frameborder=\"0\" allow=\"accelerometer; autoplay; clipboard-write; encrypted-media; gyroscope; picture-in-picture; web-share\" referrerpolicy=\"strict-origin-when-cross-origin\" allowfullscreen><\/iframe><\/p>\n<h3 style=\"text-align: center;\">NEVERJETNA SVETILNOST<\/h3>\n<p style=\"text-align: center;\">Do\u017eivite no\u010dno vo\u017enjo kot \u0161e nikoli doslej. 2500-lumnov izhodne svetlobe osvetli va\u0161o pot v vsaki temi.<\/p>\n<p><img decoding=\"async\" class=\"aligncenter wp-image-7444 size-full\" src=\"https:\/\/www.sportshine.eu\/wp-content\/uploads\/2025\/07\/Kolesarska-luc-Magicshine-ALLTY-2500S.webp\" alt=\"Kolesarska lu\u010d Magicshine ALLTY 2500S\" width=\"800\" height=\"800\" srcset=\"https:\/\/www.sportshine.eu\/wp-content\/uploads\/2025\/07\/Kolesarska-luc-Magicshine-ALLTY-2500S.webp 800w, https:\/\/www.sportshine.eu\/wp-content\/uploads\/2025\/07\/Kolesarska-luc-Magicshine-ALLTY-2500S-768x768.webp 768w, https:\/\/www.sportshine.eu\/wp-content\/uploads\/2025\/07\/Kolesarska-luc-Magicshine-ALLTY-2500S-600x600.webp 600w\" sizes=\"(max-width: 800px) 100vw, 800px\" \/><\/p>\n<h3 style=\"text-align: center;\">OLED ZASLON<\/h3>\n<div class=\"flex max-w-full flex-col flex-grow\">\n<div class=\"min-h-8 text-message flex w-full flex-col items-end gap-2 whitespace-normal break-words [.text-message+&amp;]:mt-5\" dir=\"auto\" data-message-author-role=\"assistant\" data-message-id=\"5c274a8c-e00e-4351-958c-96a13f3d82c9\" data-message-model-slug=\"gpt-4o\">\n<div class=\"flex w-full flex-col gap-1 empty:hidden first:pt-[3px]\">\n<div class=\"markdown prose w-full break-words dark:prose-invert light\">\n<p style=\"text-align: center;\">Prejmite takoj\u0161nje informacije o bateriji, nastavitvah in svetlosti prek OLED zaslona.<\/p>\n<p><img decoding=\"async\" class=\"aligncenter wp-image-7446 size-full\" src=\"https:\/\/www.sportshine.eu\/wp-content\/uploads\/2025\/07\/Kolesarska-luc-Magicshine-ALLTY-2500S-1.webp\" alt=\"Kolesarska lu\u010d Magicshine ALLTY 2500S\" width=\"800\" height=\"800\" srcset=\"https:\/\/www.sportshine.eu\/wp-content\/uploads\/2025\/07\/Kolesarska-luc-Magicshine-ALLTY-2500S-1.webp 800w, https:\/\/www.sportshine.eu\/wp-content\/uploads\/2025\/07\/Kolesarska-luc-Magicshine-ALLTY-2500S-1-768x768.webp 768w, https:\/\/www.sportshine.eu\/wp-content\/uploads\/2025\/07\/Kolesarska-luc-Magicshine-ALLTY-2500S-1-600x600.webp 600w\" sizes=\"(max-width: 800px) 100vw, 800px\" \/><\/p>\n<\/div>\n<\/div>\n<\/div>\n<\/div>\n<h3 style=\"text-align: center;\">NA\u010cIN REFLEKTOR IN HIBRID<\/h3>\n<p style=\"text-align: center;\">Dvokotni snop zdru\u017euje reflektor in usmerjeno svetlobo za osvetlitev tako bli\u017enjih kot oddaljenih predmetov.<\/p>\n<p><img decoding=\"async\" class=\"aligncenter wp-image-7447\" src=\"https:\/\/www.sportshine.eu\/wp-content\/uploads\/2025\/07\/Kolesarska-luc-Magicshine-ALLTY-2500S-2.webp\" alt=\"Kolesarska lu\u010d Magicshine ALLTY 2500S\" width=\"800\" height=\"600\" \/><\/p>\n<h3 style=\"text-align: center;\">BODI VIDEN TUDI PODNEVI<\/h3>\n<p style=\"text-align: center;\">Stalno vklopljena dnevna lu\u010d mo\u010dno pove\u010da va\u0161o vidnost v cestnem prometu in vas tako ohranja varne.<\/p>\n<p style=\"text-align: center;\">Pametni na\u010din je privzeto izklopljen, aktivirajte ga prek aplikacije<\/p>\n<p><img decoding=\"async\" class=\"aligncenter wp-image-7448 size-full\" src=\"https:\/\/www.sportshine.eu\/wp-content\/uploads\/2025\/07\/Kolesarska-luc-Magicshine-ALLTY-2500S-3.webp\" alt=\"Kolesarska lu\u010d Magicshine ALLTY 2500S\" width=\"800\" height=\"800\" srcset=\"https:\/\/www.sportshine.eu\/wp-content\/uploads\/2025\/07\/Kolesarska-luc-Magicshine-ALLTY-2500S-3.webp 800w, https:\/\/www.sportshine.eu\/wp-content\/uploads\/2025\/07\/Kolesarska-luc-Magicshine-ALLTY-2500S-3-768x768.webp 768w, https:\/\/www.sportshine.eu\/wp-content\/uploads\/2025\/07\/Kolesarska-luc-Magicshine-ALLTY-2500S-3-600x600.webp 600w\" sizes=\"(max-width: 800px) 100vw, 800px\" \/><\/p>\n<h3 style=\"text-align: center;\">ZAMENLJIVA BATERIJA<\/h3>\n<p style=\"text-align: center;\">Baterija s kapaciteto 3500 mAh zagotavlja dolgotrajno osvetlitev in enostavno zamenjavo za dalj\u0161e vo\u017enje. <span style=\"font-size: 16px;\">Baterijski modul je enostavno odstranljiv ali zamenljiv s kovancem in ga lahko polnite prek USB-C priklju\u010dka.<\/span><\/p>\n<p><img decoding=\"async\" class=\"aligncenter wp-image-7449\" src=\"https:\/\/www.sportshine.eu\/wp-content\/uploads\/2025\/07\/Kolesarska-luc-Magicshine-ALLTY-2500S-4.webp\" alt=\"Kolesarska lu\u010d Magicshine ALLTY 2500S\" width=\"800\" height=\"600\" \/><\/p>\n<h3 style=\"text-align: center;\">MAGICSHINE ALLTY 2500S<\/h3>\n<p><iframe loading=\"lazy\" title=\"Best Bike Light With Swappable Batteries \/ Magicshine 2500S\" width=\"500\" height=\"281\" src=\"https:\/\/www.youtube.com\/embed\/HyDtC_qFdnU?feature=oembed\" frameborder=\"0\" allow=\"accelerometer; autoplay; clipboard-write; encrypted-media; gyroscope; picture-in-picture; web-share\" referrerpolicy=\"strict-origin-when-cross-origin\" allowfullscreen><\/iframe><\/p>\n<h3 style=\"text-align: center;\">BREZ\u017dI\u010cNI DALJINSKI UPRAVLJALNIK<\/h3>\n<p style=\"text-align: center;\">Enostavno upravljajte nastavitve lu\u010di med vo\u017enjo, ne da bi morali roke umakniti s krmila, kar je idealno za hitre prehode na polno osvetlitev med hitrimi vo\u017enjami.<\/p>\n<p><img decoding=\"async\" class=\"aligncenter wp-image-7450 size-full\" src=\"https:\/\/www.sportshine.eu\/wp-content\/uploads\/2025\/07\/Kolesarska-luc-Magicshine-ALLTY-2500S-5.webp\" alt=\"Kolesarska lu\u010d Magicshine ALLTY 2500S\" width=\"800\" height=\"800\" srcset=\"https:\/\/www.sportshine.eu\/wp-content\/uploads\/2025\/07\/Kolesarska-luc-Magicshine-ALLTY-2500S-5.webp 800w, https:\/\/www.sportshine.eu\/wp-content\/uploads\/2025\/07\/Kolesarska-luc-Magicshine-ALLTY-2500S-5-768x768.webp 768w, https:\/\/www.sportshine.eu\/wp-content\/uploads\/2025\/07\/Kolesarska-luc-Magicshine-ALLTY-2500S-5-600x600.webp 600w\" sizes=\"(max-width: 800px) 100vw, 800px\" \/><\/p>\n<h3 style=\"text-align: center;\">V CELOTI IZDELANA IZ KVALITETNEGA ALUMINIJA<\/h3>\n<p style=\"text-align: center;\">Ohi\u0161je ALLTY 2000 je izdelano iz vzdr\u017eljivega aluminija A6061-T6, ki dobro odvaja toploto. Ohi\u0161je je obdelano s postopkom oksidacije po voja\u0161kih standardih, kar pove\u010duje odpornost proti praskam.<\/p>\n<p><img decoding=\"async\" class=\"aligncenter wp-image-7451 size-full\" src=\"https:\/\/www.sportshine.eu\/wp-content\/uploads\/2025\/07\/Kolesarska-luc-Magicshine-ALLTY-2500S-6.webp\" alt=\"Kolesarska lu\u010d Magicshine ALLTY 2500S\" width=\"800\" height=\"800\" srcset=\"https:\/\/www.sportshine.eu\/wp-content\/uploads\/2025\/07\/Kolesarska-luc-Magicshine-ALLTY-2500S-6.webp 800w, https:\/\/www.sportshine.eu\/wp-content\/uploads\/2025\/07\/Kolesarska-luc-Magicshine-ALLTY-2500S-6-768x768.webp 768w, https:\/\/www.sportshine.eu\/wp-content\/uploads\/2025\/07\/Kolesarska-luc-Magicshine-ALLTY-2500S-6-600x600.webp 600w\" sizes=\"(max-width: 800px) 100vw, 800px\" \/><\/p>\n<h3 style=\"text-align: center;\">V PAKETU PREJMETE<\/h3>\n<p style=\"text-align: center;\">ALLTY 2500S *1<br \/>\nNosilec za krmilo *1<br \/>\nImbus klju\u010d 3 mm *1<br \/>\nDaljinski upravljalnik MJ-6508 (vklju\u010dno s pa\u0161\u010dkom) *1<br \/>\nSilikonski pa\u0161\u010dek *5<br \/>\nUSB-C polnilni kabel *1<\/p>\n<p><img decoding=\"async\" class=\"aligncenter wp-image-7452\" src=\"https:\/\/www.sportshine.eu\/wp-content\/uploads\/2025\/07\/Kolesarska-luc-Magicshine-ALLTY-2500S-7.webp\" alt=\"Kolesarska lu\u010d Magicshine ALLTY 2500S\" width=\"800\" height=\"600\" \/><\/p>\n<p>&nbsp;<\/p>\n","protected":false},"excerpt":{"rendered":"<p>\u2714 Maxim\u00e1lis f\u00e9nyer\u0151: 2500 lumen<br \/>\n\u2714 Folyamatosan bekapcsolt nappali menetf\u00e9ny<br \/>\n\u2714 Reflektor \u00e9s hibrid<br \/>\n\u2714 Maxim\u00e1lis \u00fczemid\u0151: 6,5 \u00f3ra<br \/>\n\u2714 OLED kijelz\u0151<br \/>\n\u2714 Cser\u00e9lhet\u0151 3500 mAh-s akkumul\u00e1tor<br \/>\n\u2714 Vezet\u00e9k n\u00e9lk\u00fcli t\u00e1vir\u00e1ny\u00edt\u00f3<br \/>\n\u2714 USB-C t\u00f6lt\u0151<br \/>\n\u2714 IPX5 v\u00edz\u00e1ll\u00f3s\u00e1g<\/p>\n<p>A ker\u00e9kp\u00e1roz\u00e1s szerelmeseinek tervezett ALLTY 2500S cser\u00e9lhet\u0151 akkumul\u00e1tormodullal, OLED kijelz\u0151vel, vezet\u00e9k n\u00e9lk\u00fcli t\u00e1vir\u00e1ny\u00edt\u00f3val \u00e9s alkalmaz\u00e1s-testreszab\u00e1si lehet\u0151s\u00e9ggel rendelkezik, hogy biztons\u00e1got \u00e9s izgalmat biztos\u00edtson b\u00e1rmilyen kih\u00edv\u00e1st jelent\u0151 \u00fatvonalon. A v\u00e1s\u00e1rl\u00e1s mag\u00e1ban foglalja egy tov\u00e1bbi 3500 mAh-s akkumul\u00e1tor \u00e1r\u00e1t is.<\/p>","protected":false},"featured_media":5813,"comment_status":"open","ping_status":"closed","template":"","meta":[],"product_brand":[131],"product_cat":[82,150],"product_tag":[],"class_list":{"0":"post-6433","1":"product","2":"type-product","3":"status-publish","4":"has-post-thumbnail","6":"product_brand-magicshine","7":"product_cat-kolesarske-luci","8":"product_cat-sprednje-kolesarske-luci","10":"first","11":"outofstock","12":"taxable","13":"shipping-taxable","14":"purchasable","15":"product-type-simple"},"yoast_head":"<!-- This site is optimized with the Yoast SEO plugin v27.3 - https:\/\/yoast.com\/product\/yoast-seo-wordpress\/ -->\n<title>Kolesarska lu\u010d Magicshine ALLTY 2500S<\/title>\n<meta name=\"description\" content=\"Kolesarska lu\u010d Magicshine ALLTY 2500S kolesarska lu\u010d omogo\u010da neverjetno svetilnost, OLED indikator in mo\u017enost odstranitve polnilne baterije iz lu\u010di.\" \/>\n<meta name=\"robots\" content=\"index, follow, max-snippet:-1, max-image-preview:large, max-video-preview:-1\" \/>\n<link rel=\"canonical\" href=\"https:\/\/www.sportshine.eu\/hu\/uzlet\/magicshine-allty-2500s-kerekparlampa-extra-akkumulatorral-2-db\/\" \/>\n<meta property=\"og:locale\" content=\"hu_HU\" \/>\n<meta property=\"og:type\" content=\"article\" \/>\n<meta property=\"og:title\" content=\"Kolesarska lu\u010d Magicshine ALLTY 2500S\" \/>\n<meta property=\"og:description\" content=\"Kolesarska lu\u010d Magicshine ALLTY 2500S kolesarska lu\u010d omogo\u010da neverjetno svetilnost, OLED indikator in mo\u017enost odstranitve polnilne baterije iz lu\u010di.\" \/>\n<meta property=\"og:url\" content=\"https:\/\/www.sportshine.eu\/hu\/uzlet\/magicshine-allty-2500s-kerekparlampa-extra-akkumulatorral-2-db\/\" \/>\n<meta property=\"og:site_name\" content=\"Sportshine\" \/>\n<meta property=\"article:publisher\" content=\"https:\/\/www.facebook.com\/sportshine.eu\/\" \/>\n<meta property=\"article:modified_time\" content=\"2025-11-25T21:59:28+00:00\" \/>\n<meta property=\"og:image\" content=\"https:\/\/www.sportshine.eu\/wp-content\/uploads\/2025\/07\/Kolesarska-luc-ALLTY_2500S.webp\" \/>\n\t<meta property=\"og:image:width\" content=\"800\" \/>\n\t<meta property=\"og:image:height\" content=\"800\" \/>\n\t<meta property=\"og:image:type\" content=\"image\/webp\" \/>\n<meta name=\"twitter:card\" content=\"summary_large_image\" \/>\n<meta name=\"twitter:label1\" content=\"Becs\u00fclt olvas\u00e1si id\u0151\" \/>\n\t<meta name=\"twitter:data1\" content=\"3 perc\" \/>\n<script type=\"application\/ld+json\" class=\"yoast-schema-graph\">{\"@context\":\"https:\\\/\\\/schema.org\",\"@graph\":[{\"@type\":\"WebPage\",\"@id\":\"https:\\\/\\\/www.sportshine.eu\\\/trgovina\\\/kolesarska-luc-magicshine-allty-2500s-dodatna-baterija-2\\\/\",\"url\":\"https:\\\/\\\/www.sportshine.eu\\\/trgovina\\\/kolesarska-luc-magicshine-allty-2500s-dodatna-baterija-2\\\/\",\"name\":\"Kolesarska lu\u010d Magicshine ALLTY 2500S\",\"isPartOf\":{\"@id\":\"https:\\\/\\\/www.sportshine.eu\\\/#website\"},\"primaryImageOfPage\":{\"@id\":\"https:\\\/\\\/www.sportshine.eu\\\/trgovina\\\/kolesarska-luc-magicshine-allty-2500s-dodatna-baterija-2\\\/#primaryimage\"},\"image\":{\"@id\":\"https:\\\/\\\/www.sportshine.eu\\\/trgovina\\\/kolesarska-luc-magicshine-allty-2500s-dodatna-baterija-2\\\/#primaryimage\"},\"thumbnailUrl\":\"https:\\\/\\\/www.sportshine.eu\\\/wp-content\\\/uploads\\\/2025\\\/07\\\/Kolesarska-luc-ALLTY_2500S.webp\",\"datePublished\":\"2025-07-05T19:43:43+00:00\",\"dateModified\":\"2025-11-25T21:59:28+00:00\",\"description\":\"Kolesarska lu\u010d Magicshine ALLTY 2500S kolesarska lu\u010d omogo\u010da neverjetno svetilnost, OLED indikator in mo\u017enost odstranitve polnilne baterije iz lu\u010di.\",\"breadcrumb\":{\"@id\":\"https:\\\/\\\/www.sportshine.eu\\\/trgovina\\\/kolesarska-luc-magicshine-allty-2500s-dodatna-baterija-2\\\/#breadcrumb\"},\"inLanguage\":\"hu\",\"potentialAction\":[{\"@type\":\"ReadAction\",\"target\":[\"https:\\\/\\\/www.sportshine.eu\\\/trgovina\\\/kolesarska-luc-magicshine-allty-2500s-dodatna-baterija-2\\\/\"]}]},{\"@type\":\"ImageObject\",\"inLanguage\":\"hu\",\"@id\":\"https:\\\/\\\/www.sportshine.eu\\\/trgovina\\\/kolesarska-luc-magicshine-allty-2500s-dodatna-baterija-2\\\/#primaryimage\",\"url\":\"https:\\\/\\\/www.sportshine.eu\\\/wp-content\\\/uploads\\\/2025\\\/07\\\/Kolesarska-luc-ALLTY_2500S.webp\",\"contentUrl\":\"https:\\\/\\\/www.sportshine.eu\\\/wp-content\\\/uploads\\\/2025\\\/07\\\/Kolesarska-luc-ALLTY_2500S.webp\",\"width\":800,\"height\":800},{\"@type\":\"BreadcrumbList\",\"@id\":\"https:\\\/\\\/www.sportshine.eu\\\/trgovina\\\/kolesarska-luc-magicshine-allty-2500s-dodatna-baterija-2\\\/#breadcrumb\",\"itemListElement\":[{\"@type\":\"ListItem\",\"position\":1,\"name\":\"Home\",\"item\":\"https:\\\/\\\/www.sportshine.eu\\\/\"},{\"@type\":\"ListItem\",\"position\":2,\"name\":\"Trgovina\",\"item\":\"https:\\\/\\\/www.sportshine.eu\\\/trgovina\\\/\"},{\"@type\":\"ListItem\",\"position\":3,\"name\":\"Kolesarska lu\u010d Magicshine ALLTY 2500S + dodatna baterija\"}]},{\"@type\":\"WebSite\",\"@id\":\"https:\\\/\\\/www.sportshine.eu\\\/#website\",\"url\":\"https:\\\/\\\/www.sportshine.eu\\\/\",\"name\":\"Sportshine\",\"description\":\"Top spletna trgovina kolesarskih in naglavnih svetilk ter opreme\",\"publisher\":{\"@id\":\"https:\\\/\\\/www.sportshine.eu\\\/#organization\"},\"potentialAction\":[{\"@type\":\"SearchAction\",\"target\":{\"@type\":\"EntryPoint\",\"urlTemplate\":\"https:\\\/\\\/www.sportshine.eu\\\/?s={search_term_string}\"},\"query-input\":{\"@type\":\"PropertyValueSpecification\",\"valueRequired\":true,\"valueName\":\"search_term_string\"}}],\"inLanguage\":\"hu\"},{\"@type\":\"Organization\",\"@id\":\"https:\\\/\\\/www.sportshine.eu\\\/#organization\",\"name\":\"Sportshine\",\"url\":\"https:\\\/\\\/www.sportshine.eu\\\/\",\"logo\":{\"@type\":\"ImageObject\",\"inLanguage\":\"hu\",\"@id\":\"https:\\\/\\\/www.sportshine.eu\\\/#\\\/schema\\\/logo\\\/image\\\/\",\"url\":\"https:\\\/\\\/www.sportshine.eu\\\/wp-content\\\/uploads\\\/2026\\\/01\\\/cropped-Sportshine.webp\",\"contentUrl\":\"https:\\\/\\\/www.sportshine.eu\\\/wp-content\\\/uploads\\\/2026\\\/01\\\/cropped-Sportshine.webp\",\"width\":295,\"height\":128,\"caption\":\"Sportshine\"},\"image\":{\"@id\":\"https:\\\/\\\/www.sportshine.eu\\\/#\\\/schema\\\/logo\\\/image\\\/\"},\"sameAs\":[\"https:\\\/\\\/www.facebook.com\\\/sportshine.eu\\\/\"]}]}<\/script>\n<!-- \/ Yoast SEO plugin. -->","yoast_head_json":{"title":"Magicshine ALLTY 2500S ker\u00e9kp\u00e1rl\u00e1mpa","description":"A Magicshine ALLTY 2500S ker\u00e9kp\u00e1rl\u00e1mpa hihetetlen f\u00e9nyer\u0151t, OLED kijelz\u0151t \u00e9s az \u00fajrat\u00f6lthet\u0151 akkumul\u00e1tor l\u00e1mp\u00e1b\u00f3l val\u00f3 elt\u00e1vol\u00edt\u00e1s\u00e1nak lehet\u0151s\u00e9g\u00e9t k\u00edn\u00e1lja.","robots":{"index":"index","follow":"follow","max-snippet":"max-snippet:-1","max-image-preview":"max-image-preview:large","max-video-preview":"max-video-preview:-1"},"canonical":"https:\/\/www.sportshine.eu\/hu\/uzlet\/magicshine-allty-2500s-kerekparlampa-extra-akkumulatorral-2-db\/","og_locale":"hu_HU","og_type":"article","og_title":"Kolesarska lu\u010d Magicshine ALLTY 2500S","og_description":"Kolesarska lu\u010d Magicshine ALLTY 2500S kolesarska lu\u010d omogo\u010da neverjetno svetilnost, OLED indikator in mo\u017enost odstranitve polnilne baterije iz lu\u010di.","og_url":"https:\/\/www.sportshine.eu\/hu\/uzlet\/magicshine-allty-2500s-kerekparlampa-extra-akkumulatorral-2-db\/","og_site_name":"Sportshine","article_publisher":"https:\/\/www.facebook.com\/sportshine.eu\/","article_modified_time":"2025-11-25T21:59:28+00:00","og_image":[{"width":800,"height":800,"url":"https:\/\/www.sportshine.eu\/wp-content\/uploads\/2025\/07\/Kolesarska-luc-ALLTY_2500S.webp","type":"image\/webp"}],"twitter_card":"summary_large_image","twitter_misc":{"Becs\u00fclt olvas\u00e1si id\u0151":"3 perc"},"schema":{"@context":"https:\/\/schema.org","@graph":[{"@type":"WebPage","@id":"https:\/\/www.sportshine.eu\/trgovina\/kolesarska-luc-magicshine-allty-2500s-dodatna-baterija-2\/","url":"https:\/\/www.sportshine.eu\/trgovina\/kolesarska-luc-magicshine-allty-2500s-dodatna-baterija-2\/","name":"Magicshine ALLTY 2500S ker\u00e9kp\u00e1rl\u00e1mpa","isPartOf":{"@id":"https:\/\/www.sportshine.eu\/#website"},"primaryImageOfPage":{"@id":"https:\/\/www.sportshine.eu\/trgovina\/kolesarska-luc-magicshine-allty-2500s-dodatna-baterija-2\/#primaryimage"},"image":{"@id":"https:\/\/www.sportshine.eu\/trgovina\/kolesarska-luc-magicshine-allty-2500s-dodatna-baterija-2\/#primaryimage"},"thumbnailUrl":"https:\/\/www.sportshine.eu\/wp-content\/uploads\/2025\/07\/Kolesarska-luc-ALLTY_2500S.webp","datePublished":"2025-07-05T19:43:43+00:00","dateModified":"2025-11-25T21:59:28+00:00","description":"A Magicshine ALLTY 2500S ker\u00e9kp\u00e1rl\u00e1mpa hihetetlen f\u00e9nyer\u0151t, OLED kijelz\u0151t \u00e9s az \u00fajrat\u00f6lthet\u0151 akkumul\u00e1tor l\u00e1mp\u00e1b\u00f3l val\u00f3 elt\u00e1vol\u00edt\u00e1s\u00e1nak lehet\u0151s\u00e9g\u00e9t k\u00edn\u00e1lja.","breadcrumb":{"@id":"https:\/\/www.sportshine.eu\/trgovina\/kolesarska-luc-magicshine-allty-2500s-dodatna-baterija-2\/#breadcrumb"},"inLanguage":"hu","potentialAction":[{"@type":"ReadAction","target":["https:\/\/www.sportshine.eu\/trgovina\/kolesarska-luc-magicshine-allty-2500s-dodatna-baterija-2\/"]}]},{"@type":"ImageObject","inLanguage":"hu","@id":"https:\/\/www.sportshine.eu\/trgovina\/kolesarska-luc-magicshine-allty-2500s-dodatna-baterija-2\/#primaryimage","url":"https:\/\/www.sportshine.eu\/wp-content\/uploads\/2025\/07\/Kolesarska-luc-ALLTY_2500S.webp","contentUrl":"https:\/\/www.sportshine.eu\/wp-content\/uploads\/2025\/07\/Kolesarska-luc-ALLTY_2500S.webp","width":800,"height":800},{"@type":"BreadcrumbList","@id":"https:\/\/www.sportshine.eu\/trgovina\/kolesarska-luc-magicshine-allty-2500s-dodatna-baterija-2\/#breadcrumb","itemListElement":[{"@type":"ListItem","position":1,"name":"Home","item":"https:\/\/www.sportshine.eu\/"},{"@type":"ListItem","position":2,"name":"Trgovina","item":"https:\/\/www.sportshine.eu\/trgovina\/"},{"@type":"ListItem","position":3,"name":"Kolesarska lu\u010d Magicshine ALLTY 2500S + dodatna baterija"}]},{"@type":"WebSite","@id":"https:\/\/www.sportshine.eu\/#website","url":"https:\/\/www.sportshine.eu\/","name":"Sportshine","description":"Ker\u00e9kp\u00e1ros, fejl\u00e1mp\u00e1k \u00e9s felszerel\u00e9sek online \u00e1ruh\u00e1z\u00e1nak vezet\u0151 k\u00edn\u00e1lata","publisher":{"@id":"https:\/\/www.sportshine.eu\/#organization"},"potentialAction":[{"@type":"SearchAction","target":{"@type":"EntryPoint","urlTemplate":"https:\/\/www.sportshine.eu\/?s={search_term_string}"},"query-input":{"@type":"PropertyValueSpecification","valueRequired":true,"valueName":"search_term_string"}}],"inLanguage":"hu"},{"@type":"Organization","@id":"https:\/\/www.sportshine.eu\/#organization","name":"Sportshine","url":"https:\/\/www.sportshine.eu\/","logo":{"@type":"ImageObject","inLanguage":"hu","@id":"https:\/\/www.sportshine.eu\/#\/schema\/logo\/image\/","url":"https:\/\/www.sportshine.eu\/wp-content\/uploads\/2026\/01\/cropped-Sportshine.webp","contentUrl":"https:\/\/www.sportshine.eu\/wp-content\/uploads\/2026\/01\/cropped-Sportshine.webp","width":295,"height":128,"caption":"Sportshine"},"image":{"@id":"https:\/\/www.sportshine.eu\/#\/schema\/logo\/image\/"},"sameAs":["https:\/\/www.facebook.com\/sportshine.eu\/"]}]}},"_links":{"self":[{"href":"https:\/\/www.sportshine.eu\/hu\/wp-json\/wp\/v2\/product\/6433","targetHints":{"allow":["GET"]}}],"collection":[{"href":"https:\/\/www.sportshine.eu\/hu\/wp-json\/wp\/v2\/product"}],"about":[{"href":"https:\/\/www.sportshine.eu\/hu\/wp-json\/wp\/v2\/types\/product"}],"replies":[{"embeddable":true,"href":"https:\/\/www.sportshine.eu\/hu\/wp-json\/wp\/v2\/comments?post=6433"}],"version-history":[{"count":0,"href":"https:\/\/www.sportshine.eu\/hu\/wp-json\/wp\/v2\/product\/6433\/revisions"}],"wp:featuredmedia":[{"embeddable":true,"href":"https:\/\/www.sportshine.eu\/hu\/wp-json\/wp\/v2\/media\/5813"}],"wp:attachment":[{"href":"https:\/\/www.sportshine.eu\/hu\/wp-json\/wp\/v2\/media?parent=6433"}],"wp:term":[{"taxonomy":"product_brand","embeddable":true,"href":"https:\/\/www.sportshine.eu\/hu\/wp-json\/wp\/v2\/product_brand?post=6433"},{"taxonomy":"product_cat","embeddable":true,"href":"https:\/\/www.sportshine.eu\/hu\/wp-json\/wp\/v2\/product_cat?post=6433"},{"taxonomy":"product_tag","embeddable":true,"href":"https:\/\/www.sportshine.eu\/hu\/wp-json\/wp\/v2\/product_tag?post=6433"}],"curies":[{"name":"wp","href":"https:\/\/api.w.org\/{rel}","templated":true}]}}