{"id":6432,"date":"2025-07-08T19:43:42","date_gmt":"2025-07-08T19:43:42","guid":{"rendered":"https:\/\/www.sportshine.eu\/?post_type=product&#038;p=6432"},"modified":"2026-03-11T14:31:33","modified_gmt":"2026-03-11T14:31:33","slug":"a-magicshine-100-as-evekbelinek-tunik","status":"publish","type":"product","link":"https:\/\/www.sportshine.eu\/hu\/uzlet\/a-magicshine-100-as-evekbelinek-tunik\/","title":{"rendered":"Magicshine SEEMEE 100AD radar\u00e9rz\u00e9kel\u0151 l\u00e1mpa"},"content":{"rendered":"<h3 style=\"text-align: center;\">AUTOMATIKUS \u00c9RZ\u00c9KEL\u00c9S AUTOMATIKUS V\u00c9DELEM<\/h3>\n<p><img decoding=\"async\" class=\"aligncenter wp-image-7455 size-full\" src=\"https:\/\/www.sportshine.eu\/wp-content\/uploads\/2025\/07\/Magicshine-SEEMEE-100AD-1.webp\" alt=\"Magicshine SEEMEE 100AD\" width=\"800\" height=\"400\" srcset=\"https:\/\/www.sportshine.eu\/wp-content\/uploads\/2025\/07\/Magicshine-SEEMEE-100AD-1.webp 800w, https:\/\/www.sportshine.eu\/wp-content\/uploads\/2025\/07\/Magicshine-SEEMEE-100AD-1-768x384.webp 768w, https:\/\/www.sportshine.eu\/wp-content\/uploads\/2025\/07\/Magicshine-SEEMEE-100AD-1-600x300.webp 600w\" sizes=\"(max-width: 800px) 100vw, 800px\" \/><\/p>\n<h3 style=\"text-align: center;\">AUTOMATIKUS FIGYELMEZTET\u00c9S A M\u00d6G\u00d6TT HALAD\u00d3 J\u00c1RM\u0170VEKRE<\/h3>\n<p style=\"text-align: center;\">A SEEMEE 100AD radartechnol\u00f3gia seg\u00edts\u00e9g\u00e9vel \u00e9rz\u00e9keli a j\u00e1rm\u0171veket, \u00e9s er\u0151s villog\u00e1ssal figyelmeztet, ha 25 m\u00e9ter t\u00e1vols\u00e1gb\u00f3l k\u00f6zelednek, \u00edgy biztos\u00edtva a jobb l\u00e1that\u00f3s\u00e1got.<\/p>\n<p><img decoding=\"async\" class=\"aligncenter wp-image-7456 size-full\" src=\"https:\/\/www.sportshine.eu\/wp-content\/uploads\/2025\/07\/Magicshine-SEEMEE-100AD-8.webp\" alt=\"Magicshine SEEMEE 100AD\" width=\"800\" height=\"800\" srcset=\"https:\/\/www.sportshine.eu\/wp-content\/uploads\/2025\/07\/Magicshine-SEEMEE-100AD-8.webp 800w, https:\/\/www.sportshine.eu\/wp-content\/uploads\/2025\/07\/Magicshine-SEEMEE-100AD-8-768x768.webp 768w, https:\/\/www.sportshine.eu\/wp-content\/uploads\/2025\/07\/Magicshine-SEEMEE-100AD-8-600x600.webp 600w\" sizes=\"(max-width: 800px) 100vw, 800px\" \/><\/p>\n<h3 style=\"text-align: center;\">PELOTON SZINKRON VILLOG\u00c1S<\/h3>\n<p style=\"text-align: center;\">Z\u00f6kken\u0151mentesen \u00f6sszehangolt villog\u00e1si mint\u00e1k a k\u00f6zeli kompatibilis h\u00e1ts\u00f3 l\u00e1mp\u00e1k k\u00f6z\u00f6tt, n\u00f6velve a csoportfelismerhet\u0151s\u00e9get \u00e9s a l\u00e1that\u00f3s\u00e1got.<\/p>\n<p><img decoding=\"async\" class=\"aligncenter wp-image-7458\" src=\"https:\/\/www.sportshine.eu\/wp-content\/uploads\/2025\/07\/Magicshine-SEEMEE-100AD-9.webp\" alt=\"Magicshine SEEMEE 100AD\" width=\"800\" height=\"600\" srcset=\"https:\/\/www.sportshine.eu\/wp-content\/uploads\/2025\/07\/Magicshine-SEEMEE-100AD-9-768x576.webp 768w, https:\/\/www.sportshine.eu\/wp-content\/uploads\/2025\/07\/Magicshine-SEEMEE-100AD-9-600x450.webp 600w\" sizes=\"(max-width: 800px) 100vw, 800px\" \/><\/p>\n<h3 style=\"text-align: center;\">FTR F\u00c9NYSZINKRONIZ\u00c1L\u00c1S<\/h3>\n<p style=\"text-align: center;\">Szinkroniz\u00e1lja az els\u0151 \u00e9s h\u00e1ts\u00f3 l\u00e1mp\u00e1kat t\u00e1vir\u00e1ny\u00edt\u00f3val, lehet\u0151v\u00e9 t\u00e9ve a z\u00f6kken\u0151mentes \u00e9s biztons\u00e1gos vez\u00e9rl\u00e9st. N\u00e9zd meg, mi is az az FTR technol\u00f3gia.<strong><a href=\"https:\/\/www.sportshine.eu\/hu\/ftr-technologia\/\"> itt.<\/a><\/strong><\/p>\n<p><img decoding=\"async\" class=\"aligncenter wp-image-7459 size-full\" src=\"https:\/\/www.sportshine.eu\/wp-content\/uploads\/2025\/07\/Magicshine-SEEMEE-100AD-10.webp\" alt=\"Magicshine SEEMEE 100AD\" width=\"800\" height=\"800\" srcset=\"https:\/\/www.sportshine.eu\/wp-content\/uploads\/2025\/07\/Magicshine-SEEMEE-100AD-10.webp 800w, https:\/\/www.sportshine.eu\/wp-content\/uploads\/2025\/07\/Magicshine-SEEMEE-100AD-10-768x768.webp 768w, https:\/\/www.sportshine.eu\/wp-content\/uploads\/2025\/07\/Magicshine-SEEMEE-100AD-10-600x600.webp 600w\" sizes=\"(max-width: 800px) 100vw, 800px\" \/><\/p>\n<h3 style=\"text-align: center;\">KETT\u0150S VEZ\u00c9RL\u0150GOMB<\/h3>\n<p style=\"text-align: center;\">A h\u00e1ts\u00f3 l\u00e1mpa \u00e9s a figyelmeztet\u0151 jelz\u00e9sek hat\u00e9kony vez\u00e9rl\u00e9se k\u00fcl\u00f6n\u00e1ll\u00f3 gombokkal.<\/p>\n<p><img decoding=\"async\" class=\"aligncenter wp-image-7462\" src=\"https:\/\/www.sportshine.eu\/wp-content\/uploads\/2025\/07\/SEEMEE_100AD_Radar-luc.webp\" alt=\"\" width=\"800\" height=\"600\" srcset=\"https:\/\/www.sportshine.eu\/wp-content\/uploads\/2025\/07\/SEEMEE_100AD_Radar-luc-768x576.webp 768w, https:\/\/www.sportshine.eu\/wp-content\/uploads\/2025\/07\/SEEMEE_100AD_Radar-luc-600x450.webp 600w\" sizes=\"(max-width: 800px) 100vw, 800px\" \/><\/p>\n<h3 style=\"text-align: center;\">TART\u00d3S AKKUMUL\u00c1TOR<\/h3>\n<p style=\"text-align: center;\">A nagy teljes\u00edtm\u00e9ny\u0171 700 mAh-s akkumul\u00e1tor ak\u00e1r 18 \u00f3r\u00e1s m\u0171k\u00f6d\u00e9st tesz lehet\u0151v\u00e9.<\/p>\n<p><img decoding=\"async\" class=\"aligncenter wp-image-7463 size-full\" src=\"https:\/\/www.sportshine.eu\/wp-content\/uploads\/2025\/07\/Magicshine-SEEMEE-100AD-11.webp\" alt=\"Magicshine SEEMEE 100AD\" width=\"800\" height=\"800\" srcset=\"https:\/\/www.sportshine.eu\/wp-content\/uploads\/2025\/07\/Magicshine-SEEMEE-100AD-11.webp 800w, https:\/\/www.sportshine.eu\/wp-content\/uploads\/2025\/07\/Magicshine-SEEMEE-100AD-11-768x768.webp 768w, https:\/\/www.sportshine.eu\/wp-content\/uploads\/2025\/07\/Magicshine-SEEMEE-100AD-11-600x600.webp 600w\" sizes=\"(max-width: 800px) 100vw, 800px\" \/><\/p>\n<h3 style=\"text-align: center;\">GYORS T\u00d6LT\u00c9S USB-C-N KERESZT\u00dcL<\/h3>\n<p style=\"text-align: center;\">Gyors t\u00f6lt\u00e9s USB-C porton kereszt\u00fcl. (kb. 1,5 \u00f3ra)<\/p>\n<p><img decoding=\"async\" class=\"aligncenter wp-image-7464\" src=\"https:\/\/www.sportshine.eu\/wp-content\/uploads\/2025\/07\/Magicshine-SEEMEE-100AD-12.webp\" alt=\"Magicshine SEEMEE 100AD\" width=\"800\" height=\"600\" srcset=\"https:\/\/www.sportshine.eu\/wp-content\/uploads\/2025\/07\/Magicshine-SEEMEE-100AD-12-768x576.webp 768w, https:\/\/www.sportshine.eu\/wp-content\/uploads\/2025\/07\/Magicshine-SEEMEE-100AD-12-600x450.webp 600w\" sizes=\"(max-width: 800px) 100vw, 800px\" \/><\/p>\n<h3 style=\"text-align: center;\">INTELLIGENS Z\u00c1RRENDSZER<\/h3>\n<p style=\"text-align: center;\">A prec\u00edz reteszel\u0151 mechanizmus megakad\u00e1lyozza a v\u00e9letlen aktiv\u00e1l\u00e1st, \u00edgy biztos\u00edtva a hat\u00e9kony energiafogyaszt\u00e1st.<\/p>\n<p><img decoding=\"async\" class=\"aligncenter wp-image-7466\" src=\"https:\/\/www.sportshine.eu\/wp-content\/uploads\/2025\/07\/Ocala-Magicshine-Versatiler-5.webp\" alt=\"Magicshine SEEMEE 100AD\" width=\"800\" height=\"600\" srcset=\"https:\/\/www.sportshine.eu\/wp-content\/uploads\/2025\/07\/Ocala-Magicshine-Versatiler-5-768x576.webp 768w, https:\/\/www.sportshine.eu\/wp-content\/uploads\/2025\/07\/Ocala-Magicshine-Versatiler-5-600x450.webp 600w\" sizes=\"(max-width: 800px) 100vw, 800px\" \/><\/p>\n<h3 style=\"text-align: center;\">K\u00d6NNY\u0170 TELEP\u00cdT\u00c9S<\/h3>\n<p style=\"text-align: center;\">Gyors \u00e9s biztons\u00e1gos r\u00f6gz\u00edt\u00e9st tesz lehet\u0151v\u00e9 nyeregcs\u00f6vekhez \u00e9s \u00fcl\u00e9sekhez negyedfordulatos mechanizmussal.<\/p>\n<p><img decoding=\"async\" class=\"aligncenter wp-image-7467\" src=\"https:\/\/www.sportshine.eu\/wp-content\/uploads\/2025\/07\/Magicshine-SEEMEE-100AD-14.webp\" alt=\"Magicshine SEEMEE 100AD\" width=\"800\" height=\"600\" srcset=\"https:\/\/www.sportshine.eu\/wp-content\/uploads\/2025\/07\/Magicshine-SEEMEE-100AD-14-768x576.webp 768w, https:\/\/www.sportshine.eu\/wp-content\/uploads\/2025\/07\/Magicshine-SEEMEE-100AD-14-600x450.webp 600w\" sizes=\"(max-width: 800px) 100vw, 800px\" \/><\/p>\n<h3 style=\"text-align: center;\">MIT KAPSZ A CSOMAGBAN?<\/h3>\n<p style=\"text-align: center;\">SEEMEE 100AD * 1<br \/>\nNyeregcs\u0151 konzol * 1<br \/>\n\u00dcl\u00e9skonzol * 1<br \/>\nUSB-C t\u00f6lt\u0151k\u00e1bel * 1<br \/>\nHaszn\u00e1lati utas\u00edt\u00e1s * 1<\/p>\n<p><img decoding=\"async\" class=\"aligncenter wp-image-7468\" src=\"https:\/\/www.sportshine.eu\/wp-content\/uploads\/2025\/07\/Magicshine-SEEMEE-100AD-15.webp\" alt=\"Magicshine SEEMEE 100AD\" width=\"800\" height=\"600\" \/><\/p>\n<p>&nbsp;<\/p>","protected":false},"excerpt":{"rendered":"<div class=\"flex max-w-full flex-col flex-grow\">\n<div class=\"min-h-8 text-message flex w-full flex-col items-end gap-2 whitespace-normal break-words [.text-message+&amp;]:mt-5\" dir=\"auto\" data-message-author-role=\"assistant\" data-message-id=\"6383ef44-183f-4261-829f-7cd9987e905d\" data-message-model-slug=\"gpt-4o-mini\">\n<div class=\"flex w-full flex-col gap-1 empty:hidden first:pt-[3px]\">\n<div class=\"markdown prose w-full break-words dark:prose-invert light\">\n<p>\u2714 <strong>Maksimalna mo\u010d:<\/strong> 100 LM<br \/>\n\u2714 <strong>Maksimalni \u010das delovanja:<\/strong> 18 ur<br \/>\n\u2714 <strong>Kot vidljivosti:<\/strong> 180\u00b0<br \/>\n\u2714 <strong>Maksimalno radarjevo zaznavanje:<\/strong> 25 metrov<br \/>\n\u2714 <strong>Relativna hitrost zaznavnih tar\u010d:<\/strong> 5-160 km\/h<br \/>\n\u2714 <strong>Tehnologija PelotonSync Flash<\/strong>, zdru\u017eljiva s svetilkami enakega modela za pove\u010dano opozarjanje<br \/>\n\u2714 <strong>Tehnologija FTR LightSync Control<\/strong>, zdru\u017eena z ALLTY 1200U\/ALLTY 1200 sprednjimi svetilkami in daljinskim upravljalnikom MJ-6558<br \/>\n\u2714 <strong>Lo\u010deni gumbi<\/strong> za svetilke in opozorila o zaznavanju<br \/>\n\u2714 <strong>Funkcija zaklepanja<\/strong><br \/>\n\u2714 <strong>USB-C polnjenje<\/strong><br \/>\n\u2714 <strong>Vodoodpornost IPX6<\/strong><\/p>\n<p>Glavna naloga kolesarske lu\u010di Magicshine SEEMEE 100AD je znatno pove\u010dati vidnost kolesarjev s samodejnim zaznavanjem in visoko intenzivnimi utripajo\u010dimi opozorili, s \u010dimer se zmanj\u0161uje tveganje nesre\u010de. Radarskih \u00a0podatkov <strong>ne<\/strong> prena\u0161a na GPS naprave, temve\u010d, ko zazna vozilo, preklopi zadnjo lu\u010d v na\u010din visokega vidljivosti, da obvesti avtomobile o va\u0161i prisotnosti.<\/p>\n<\/div>\n<\/div>\n<\/div>\n<\/div>\n<div class=\"mb-2 flex gap-3 empty:hidden -ml-2\">\n<div class=\"items-center justify-start rounded-xl p-1 flex\">\n<div class=\"flex items-center\">\n<div class=\"flex items-center pb-0\"><\/div>\n<\/div>\n<\/div>\n<\/div>\n","protected":false},"featured_media":5806,"comment_status":"open","ping_status":"closed","template":"","meta":[],"product_brand":[131],"product_cat":[86],"product_tag":[],"class_list":{"0":"post-6432","1":"product","2":"type-product","3":"status-publish","4":"has-post-thumbnail","6":"product_brand-magicshine","7":"product_cat-zadnje-kolesarske-luci","9":"first","10":"instock","11":"taxable","12":"shipping-taxable","13":"purchasable","14":"product-type-simple"},"yoast_head":"<!-- This site is optimized with the Yoast SEO plugin v27.3 - https:\/\/yoast.com\/product\/yoast-seo-wordpress\/ -->\n<title>Magicshine SEEMEE 100AD lu\u010d z radarskim zaznavanjem<\/title>\n<meta name=\"description\" content=\"Glavna naloga kolesarske lu\u010di Magicshine SEEMEE 100AD je znatno pove\u010dati vidnost kolesarjev s samodejnim zaznavanjem in utripajo\u010dimi opozorili.\" \/>\n<meta name=\"robots\" content=\"index, follow, max-snippet:-1, max-image-preview:large, max-video-preview:-1\" \/>\n<link rel=\"canonical\" href=\"https:\/\/www.sportshine.eu\/hu\/uzlet\/a-magicshine-100-as-evekbelinek-tunik\/\" \/>\n<meta property=\"og:locale\" content=\"hu_HU\" \/>\n<meta property=\"og:type\" content=\"article\" \/>\n<meta property=\"og:title\" content=\"Magicshine SEEMEE 100AD lu\u010d z radarskim zaznavanjem\" \/>\n<meta property=\"og:description\" content=\"Glavna naloga kolesarske lu\u010di Magicshine SEEMEE 100AD je znatno pove\u010dati vidnost kolesarjev s samodejnim zaznavanjem in utripajo\u010dimi opozorili.\" \/>\n<meta property=\"og:url\" content=\"https:\/\/www.sportshine.eu\/hu\/uzlet\/a-magicshine-100-as-evekbelinek-tunik\/\" \/>\n<meta property=\"og:site_name\" content=\"Sportshine\" \/>\n<meta property=\"article:publisher\" content=\"https:\/\/www.facebook.com\/sportshine.eu\/\" \/>\n<meta property=\"article:modified_time\" content=\"2026-03-11T14:31:33+00:00\" \/>\n<meta property=\"og:image\" content=\"https:\/\/www.sportshine.eu\/wp-content\/uploads\/2025\/07\/Magicshine-SEEMEE-100AD.webp\" \/>\n\t<meta property=\"og:image:width\" content=\"800\" \/>\n\t<meta property=\"og:image:height\" content=\"800\" \/>\n\t<meta property=\"og:image:type\" content=\"image\/webp\" \/>\n<meta name=\"twitter:card\" content=\"summary_large_image\" \/>\n<meta name=\"twitter:label1\" content=\"Becs\u00fclt olvas\u00e1si id\u0151\" \/>\n\t<meta name=\"twitter:data1\" content=\"4 perc\" \/>\n<script type=\"application\/ld+json\" class=\"yoast-schema-graph\">{\"@context\":\"https:\\\/\\\/schema.org\",\"@graph\":[{\"@type\":\"WebPage\",\"@id\":\"https:\\\/\\\/www.sportshine.eu\\\/trgovina\\\/magicshine-seemee-100ad\\\/\",\"url\":\"https:\\\/\\\/www.sportshine.eu\\\/trgovina\\\/magicshine-seemee-100ad\\\/\",\"name\":\"Magicshine SEEMEE 100AD lu\u010d z radarskim zaznavanjem\",\"isPartOf\":{\"@id\":\"https:\\\/\\\/www.sportshine.eu\\\/#website\"},\"primaryImageOfPage\":{\"@id\":\"https:\\\/\\\/www.sportshine.eu\\\/trgovina\\\/magicshine-seemee-100ad\\\/#primaryimage\"},\"image\":{\"@id\":\"https:\\\/\\\/www.sportshine.eu\\\/trgovina\\\/magicshine-seemee-100ad\\\/#primaryimage\"},\"thumbnailUrl\":\"https:\\\/\\\/www.sportshine.eu\\\/wp-content\\\/uploads\\\/2025\\\/07\\\/Magicshine-SEEMEE-100AD.webp\",\"datePublished\":\"2025-07-08T19:43:42+00:00\",\"dateModified\":\"2026-03-11T14:31:33+00:00\",\"description\":\"Glavna naloga kolesarske lu\u010di Magicshine SEEMEE 100AD je znatno pove\u010dati vidnost kolesarjev s samodejnim zaznavanjem in utripajo\u010dimi opozorili.\",\"breadcrumb\":{\"@id\":\"https:\\\/\\\/www.sportshine.eu\\\/trgovina\\\/magicshine-seemee-100ad\\\/#breadcrumb\"},\"inLanguage\":\"hu\",\"potentialAction\":[{\"@type\":\"ReadAction\",\"target\":[\"https:\\\/\\\/www.sportshine.eu\\\/trgovina\\\/magicshine-seemee-100ad\\\/\"]}]},{\"@type\":\"ImageObject\",\"inLanguage\":\"hu\",\"@id\":\"https:\\\/\\\/www.sportshine.eu\\\/trgovina\\\/magicshine-seemee-100ad\\\/#primaryimage\",\"url\":\"https:\\\/\\\/www.sportshine.eu\\\/wp-content\\\/uploads\\\/2025\\\/07\\\/Magicshine-SEEMEE-100AD.webp\",\"contentUrl\":\"https:\\\/\\\/www.sportshine.eu\\\/wp-content\\\/uploads\\\/2025\\\/07\\\/Magicshine-SEEMEE-100AD.webp\",\"width\":800,\"height\":800},{\"@type\":\"BreadcrumbList\",\"@id\":\"https:\\\/\\\/www.sportshine.eu\\\/trgovina\\\/magicshine-seemee-100ad\\\/#breadcrumb\",\"itemListElement\":[{\"@type\":\"ListItem\",\"position\":1,\"name\":\"Home\",\"item\":\"https:\\\/\\\/www.sportshine.eu\\\/\"},{\"@type\":\"ListItem\",\"position\":2,\"name\":\"Trgovina\",\"item\":\"https:\\\/\\\/www.sportshine.eu\\\/trgovina\\\/\"},{\"@type\":\"ListItem\",\"position\":3,\"name\":\"Magicshine SEEMEE 100AD lu\u010d z radarskim zaznavanjem\"}]},{\"@type\":\"WebSite\",\"@id\":\"https:\\\/\\\/www.sportshine.eu\\\/#website\",\"url\":\"https:\\\/\\\/www.sportshine.eu\\\/\",\"name\":\"Sportshine\",\"description\":\"Top spletna trgovina kolesarskih in naglavnih svetilk ter opreme\",\"publisher\":{\"@id\":\"https:\\\/\\\/www.sportshine.eu\\\/#organization\"},\"potentialAction\":[{\"@type\":\"SearchAction\",\"target\":{\"@type\":\"EntryPoint\",\"urlTemplate\":\"https:\\\/\\\/www.sportshine.eu\\\/?s={search_term_string}\"},\"query-input\":{\"@type\":\"PropertyValueSpecification\",\"valueRequired\":true,\"valueName\":\"search_term_string\"}}],\"inLanguage\":\"hu\"},{\"@type\":\"Organization\",\"@id\":\"https:\\\/\\\/www.sportshine.eu\\\/#organization\",\"name\":\"Sportshine\",\"url\":\"https:\\\/\\\/www.sportshine.eu\\\/\",\"logo\":{\"@type\":\"ImageObject\",\"inLanguage\":\"hu\",\"@id\":\"https:\\\/\\\/www.sportshine.eu\\\/#\\\/schema\\\/logo\\\/image\\\/\",\"url\":\"https:\\\/\\\/www.sportshine.eu\\\/wp-content\\\/uploads\\\/2026\\\/01\\\/cropped-Sportshine.webp\",\"contentUrl\":\"https:\\\/\\\/www.sportshine.eu\\\/wp-content\\\/uploads\\\/2026\\\/01\\\/cropped-Sportshine.webp\",\"width\":295,\"height\":128,\"caption\":\"Sportshine\"},\"image\":{\"@id\":\"https:\\\/\\\/www.sportshine.eu\\\/#\\\/schema\\\/logo\\\/image\\\/\"},\"sameAs\":[\"https:\\\/\\\/www.facebook.com\\\/sportshine.eu\\\/\"]}]}<\/script>\n<!-- \/ Yoast SEO plugin. -->","yoast_head_json":{"title":"Magicshine SEEMEE 100AD radar\u00e9rz\u00e9kel\u0151 l\u00e1mpa","description":"A Magicshine SEEMEE 100AD ker\u00e9kp\u00e1rl\u00e1mpa f\u0151 feladata, hogy automatikus felismer\u00e9ssel \u00e9s villog\u00f3 figyelmeztet\u00e9sekkel jelent\u0151sen n\u00f6velje a ker\u00e9kp\u00e1rosok l\u00e1that\u00f3s\u00e1g\u00e1t.","robots":{"index":"index","follow":"follow","max-snippet":"max-snippet:-1","max-image-preview":"max-image-preview:large","max-video-preview":"max-video-preview:-1"},"canonical":"https:\/\/www.sportshine.eu\/hu\/uzlet\/a-magicshine-100-as-evekbelinek-tunik\/","og_locale":"hu_HU","og_type":"article","og_title":"Magicshine SEEMEE 100AD lu\u010d z radarskim zaznavanjem","og_description":"Glavna naloga kolesarske lu\u010di Magicshine SEEMEE 100AD je znatno pove\u010dati vidnost kolesarjev s samodejnim zaznavanjem in utripajo\u010dimi opozorili.","og_url":"https:\/\/www.sportshine.eu\/hu\/uzlet\/a-magicshine-100-as-evekbelinek-tunik\/","og_site_name":"Sportshine","article_publisher":"https:\/\/www.facebook.com\/sportshine.eu\/","article_modified_time":"2026-03-11T14:31:33+00:00","og_image":[{"width":800,"height":800,"url":"https:\/\/www.sportshine.eu\/wp-content\/uploads\/2025\/07\/Magicshine-SEEMEE-100AD.webp","type":"image\/webp"}],"twitter_card":"summary_large_image","twitter_misc":{"Becs\u00fclt olvas\u00e1si id\u0151":"4 perc"},"schema":{"@context":"https:\/\/schema.org","@graph":[{"@type":"WebPage","@id":"https:\/\/www.sportshine.eu\/trgovina\/magicshine-seemee-100ad\/","url":"https:\/\/www.sportshine.eu\/trgovina\/magicshine-seemee-100ad\/","name":"Magicshine SEEMEE 100AD radar\u00e9rz\u00e9kel\u0151 l\u00e1mpa","isPartOf":{"@id":"https:\/\/www.sportshine.eu\/#website"},"primaryImageOfPage":{"@id":"https:\/\/www.sportshine.eu\/trgovina\/magicshine-seemee-100ad\/#primaryimage"},"image":{"@id":"https:\/\/www.sportshine.eu\/trgovina\/magicshine-seemee-100ad\/#primaryimage"},"thumbnailUrl":"https:\/\/www.sportshine.eu\/wp-content\/uploads\/2025\/07\/Magicshine-SEEMEE-100AD.webp","datePublished":"2025-07-08T19:43:42+00:00","dateModified":"2026-03-11T14:31:33+00:00","description":"A Magicshine SEEMEE 100AD ker\u00e9kp\u00e1rl\u00e1mpa f\u0151 feladata, hogy automatikus felismer\u00e9ssel \u00e9s villog\u00f3 figyelmeztet\u00e9sekkel jelent\u0151sen n\u00f6velje a ker\u00e9kp\u00e1rosok l\u00e1that\u00f3s\u00e1g\u00e1t.","breadcrumb":{"@id":"https:\/\/www.sportshine.eu\/trgovina\/magicshine-seemee-100ad\/#breadcrumb"},"inLanguage":"hu","potentialAction":[{"@type":"ReadAction","target":["https:\/\/www.sportshine.eu\/trgovina\/magicshine-seemee-100ad\/"]}]},{"@type":"ImageObject","inLanguage":"hu","@id":"https:\/\/www.sportshine.eu\/trgovina\/magicshine-seemee-100ad\/#primaryimage","url":"https:\/\/www.sportshine.eu\/wp-content\/uploads\/2025\/07\/Magicshine-SEEMEE-100AD.webp","contentUrl":"https:\/\/www.sportshine.eu\/wp-content\/uploads\/2025\/07\/Magicshine-SEEMEE-100AD.webp","width":800,"height":800},{"@type":"BreadcrumbList","@id":"https:\/\/www.sportshine.eu\/trgovina\/magicshine-seemee-100ad\/#breadcrumb","itemListElement":[{"@type":"ListItem","position":1,"name":"Home","item":"https:\/\/www.sportshine.eu\/"},{"@type":"ListItem","position":2,"name":"Trgovina","item":"https:\/\/www.sportshine.eu\/trgovina\/"},{"@type":"ListItem","position":3,"name":"Magicshine SEEMEE 100AD lu\u010d z radarskim zaznavanjem"}]},{"@type":"WebSite","@id":"https:\/\/www.sportshine.eu\/#website","url":"https:\/\/www.sportshine.eu\/","name":"Sportshine","description":"Ker\u00e9kp\u00e1ros, fejl\u00e1mp\u00e1k \u00e9s felszerel\u00e9sek online \u00e1ruh\u00e1z\u00e1nak vezet\u0151 k\u00edn\u00e1lata","publisher":{"@id":"https:\/\/www.sportshine.eu\/#organization"},"potentialAction":[{"@type":"SearchAction","target":{"@type":"EntryPoint","urlTemplate":"https:\/\/www.sportshine.eu\/?s={search_term_string}"},"query-input":{"@type":"PropertyValueSpecification","valueRequired":true,"valueName":"search_term_string"}}],"inLanguage":"hu"},{"@type":"Organization","@id":"https:\/\/www.sportshine.eu\/#organization","name":"Sportshine","url":"https:\/\/www.sportshine.eu\/","logo":{"@type":"ImageObject","inLanguage":"hu","@id":"https:\/\/www.sportshine.eu\/#\/schema\/logo\/image\/","url":"https:\/\/www.sportshine.eu\/wp-content\/uploads\/2026\/01\/cropped-Sportshine.webp","contentUrl":"https:\/\/www.sportshine.eu\/wp-content\/uploads\/2026\/01\/cropped-Sportshine.webp","width":295,"height":128,"caption":"Sportshine"},"image":{"@id":"https:\/\/www.sportshine.eu\/#\/schema\/logo\/image\/"},"sameAs":["https:\/\/www.facebook.com\/sportshine.eu\/"]}]}},"_links":{"self":[{"href":"https:\/\/www.sportshine.eu\/hu\/wp-json\/wp\/v2\/product\/6432","targetHints":{"allow":["GET"]}}],"collection":[{"href":"https:\/\/www.sportshine.eu\/hu\/wp-json\/wp\/v2\/product"}],"about":[{"href":"https:\/\/www.sportshine.eu\/hu\/wp-json\/wp\/v2\/types\/product"}],"replies":[{"embeddable":true,"href":"https:\/\/www.sportshine.eu\/hu\/wp-json\/wp\/v2\/comments?post=6432"}],"version-history":[{"count":0,"href":"https:\/\/www.sportshine.eu\/hu\/wp-json\/wp\/v2\/product\/6432\/revisions"}],"wp:featuredmedia":[{"embeddable":true,"href":"https:\/\/www.sportshine.eu\/hu\/wp-json\/wp\/v2\/media\/5806"}],"wp:attachment":[{"href":"https:\/\/www.sportshine.eu\/hu\/wp-json\/wp\/v2\/media?parent=6432"}],"wp:term":[{"taxonomy":"product_brand","embeddable":true,"href":"https:\/\/www.sportshine.eu\/hu\/wp-json\/wp\/v2\/product_brand?post=6432"},{"taxonomy":"product_cat","embeddable":true,"href":"https:\/\/www.sportshine.eu\/hu\/wp-json\/wp\/v2\/product_cat?post=6432"},{"taxonomy":"product_tag","embeddable":true,"href":"https:\/\/www.sportshine.eu\/hu\/wp-json\/wp\/v2\/product_tag?post=6432"}],"curies":[{"name":"wp","href":"https:\/\/api.w.org\/{rel}","templated":true}]}}