{"id":6428,"date":"2025-07-05T19:40:23","date_gmt":"2025-07-05T19:40:23","guid":{"rendered":"https:\/\/www.sportshine.eu\/?post_type=product&#038;p=6428"},"modified":"2025-12-17T13:14:18","modified_gmt":"2025-12-17T13:14:18","slug":"magicshine-allty-1200u-kerekparlampa","status":"publish","type":"product","link":"https:\/\/www.sportshine.eu\/hu\/uzlet\/magicshine-allty-1200u-kerekparlampa\/","title":{"rendered":"Magicshine ALLTY 1200U ker\u00e9kp\u00e1rl\u00e1mpa"},"content":{"rendered":"<h3 style=\"text-align: center;\">VIDEO<\/h3>\n<p><iframe loading=\"lazy\" title=\"MAGICSHINE ALLTY 1200U UNDERNEATHED MOUNTED BIKE LIGHT\" width=\"500\" height=\"281\" src=\"https:\/\/www.youtube.com\/embed\/R4nxprURUxs?feature=oembed\" frameborder=\"0\" allow=\"accelerometer; autoplay; clipboard-write; encrypted-media; gyroscope; picture-in-picture; web-share\" referrerpolicy=\"strict-origin-when-cross-origin\" allowfullscreen><\/iframe><\/p>\n<h3 style=\"text-align: center;\">OSVETLITE SVOJO POT<\/h3>\n<p style=\"text-align: center;\">Visokozmogljiva LED \u017earnicaz mo\u010djo do 1200 lumnov je popolna za mestne vo\u017enje, izlete po cestah ali avanture izven poti.<\/p>\n<p><img decoding=\"async\" class=\"aligncenter wp-image-7472 size-full\" src=\"https:\/\/www.sportshine.eu\/wp-content\/uploads\/2025\/07\/Magicshine-ALLTY-1200U.webp\" alt=\"Magicshine ALLTY 1200U \" width=\"800\" height=\"800\" srcset=\"https:\/\/www.sportshine.eu\/wp-content\/uploads\/2025\/07\/Magicshine-ALLTY-1200U.webp 800w, https:\/\/www.sportshine.eu\/wp-content\/uploads\/2025\/07\/Magicshine-ALLTY-1200U-768x768.webp 768w, https:\/\/www.sportshine.eu\/wp-content\/uploads\/2025\/07\/Magicshine-ALLTY-1200U-600x600.webp 600w\" sizes=\"(max-width: 800px) 100vw, 800px\" \/><\/p>\n<h3 style=\"text-align: center;\">FTR LightSync NADZOR<\/h3>\n<p style=\"text-align: center;\">Revolucionarna FTR povezljivost brezhibno sinhronizira sprednje lu\u010di, zadnje lu\u010di in daljinske upravljalnike. Z enim dotikom u\u017eivajte v popolni usklajenosti med vo\u017enjo.<\/p>\n<p><img decoding=\"async\" class=\"aligncenter wp-image-7473\" src=\"https:\/\/www.sportshine.eu\/wp-content\/uploads\/2025\/07\/Magicshine-ALLTY-1200U-1.webp\" alt=\"Magicshine ALLTY 1200U \" width=\"800\" height=\"600\" srcset=\"https:\/\/www.sportshine.eu\/wp-content\/uploads\/2025\/07\/Magicshine-ALLTY-1200U-1-768x576.webp 768w, https:\/\/www.sportshine.eu\/wp-content\/uploads\/2025\/07\/Magicshine-ALLTY-1200U-1-600x450.webp 600w\" sizes=\"(max-width: 800px) 100vw, 800px\" \/><\/p>\n<h3 style=\"text-align: center;\">GEN II LE\u010cA PROTI BLE\u0160\u010cANJU<\/h3>\n<p style=\"text-align: center;\">Opremljena z GEN II le\u010do, zagotavlja odli\u010dno vidljivost za kolesarje in druge udele\u017eence v prometu, brez ble\u0161\u010danja.<\/p>\n<p><img decoding=\"async\" class=\"aligncenter wp-image-7475\" src=\"https:\/\/www.sportshine.eu\/wp-content\/uploads\/2025\/07\/Magicshine-ALLTY-1200U-2.webp\" alt=\"Magicshine ALLTY 1200U \" width=\"800\" height=\"600\" srcset=\"https:\/\/www.sportshine.eu\/wp-content\/uploads\/2025\/07\/Magicshine-ALLTY-1200U-2-768x576.webp 768w, https:\/\/www.sportshine.eu\/wp-content\/uploads\/2025\/07\/Magicshine-ALLTY-1200U-2-600x450.webp 600w\" sizes=\"(max-width: 800px) 100vw, 800px\" \/><\/p>\n<h3 style=\"text-align: center;\">SISTEM NAMESTITVE POD KRMILO<\/h3>\n<p style=\"text-align: center;\">Namestite kolesarsko lu\u010d pod krmilo z varnim in hitro snemljivim sistemom in sprostite prostor na krmilu.<\/p>\n<p><img decoding=\"async\" class=\"aligncenter wp-image-7476 size-full\" src=\"https:\/\/www.sportshine.eu\/wp-content\/uploads\/2025\/07\/Magicshine-ALLTY-1200U-3.webp\" alt=\"Magicshine ALLTY 1200U \" width=\"800\" height=\"800\" srcset=\"https:\/\/www.sportshine.eu\/wp-content\/uploads\/2025\/07\/Magicshine-ALLTY-1200U-3.webp 800w, https:\/\/www.sportshine.eu\/wp-content\/uploads\/2025\/07\/Magicshine-ALLTY-1200U-3-768x768.webp 768w, https:\/\/www.sportshine.eu\/wp-content\/uploads\/2025\/07\/Magicshine-ALLTY-1200U-3-600x600.webp 600w\" sizes=\"(max-width: 800px) 100vw, 800px\" \/><\/p>\n<h3 style=\"text-align: center;\">PRILAGAJANJE PREK APLIKACIJE<\/h3>\n<p style=\"text-align: center;\">Z aplikacijo Magicshine odklenite 20 razli\u010dnih stopenj svetilnosti in si prilagodite kolesarsko izku\u0161njo po svojih \u017eeljah.<\/p>\n<p><img decoding=\"async\" class=\"aligncenter wp-image-7477\" src=\"https:\/\/www.sportshine.eu\/wp-content\/uploads\/2025\/07\/Magicshine-ALLTY-1200U-4.webp\" alt=\"\" width=\"800\" height=\"600\" srcset=\"https:\/\/www.sportshine.eu\/wp-content\/uploads\/2025\/07\/Magicshine-ALLTY-1200U-4-768x576.webp 768w, https:\/\/www.sportshine.eu\/wp-content\/uploads\/2025\/07\/Magicshine-ALLTY-1200U-4-600x450.webp 600w\" sizes=\"(max-width: 800px) 100vw, 800px\" \/><\/p>\n<h3 style=\"text-align: center;\">BREZ\u017dI\u010cNI DALJINSKI UPRAVLJALNIK<\/h3>\n<p style=\"text-align: center;\">Z na\u0161im polnilnim daljincem lahko brezhibno prilagajate svetlost. Z enim dotikom dose\u017eete polno svetlost, medtem ko va\u0161e roke ostanejo varno na krmilu.<\/p>\n<p><img decoding=\"async\" class=\"aligncenter wp-image-7478\" src=\"https:\/\/www.sportshine.eu\/wp-content\/uploads\/2025\/07\/Magicshine-ALLTY-1200U-5.webp\" alt=\"Magicshine ALLTY 1200U \" width=\"800\" height=\"600\" srcset=\"https:\/\/www.sportshine.eu\/wp-content\/uploads\/2025\/07\/Magicshine-ALLTY-1200U-5-768x576.webp 768w, https:\/\/www.sportshine.eu\/wp-content\/uploads\/2025\/07\/Magicshine-ALLTY-1200U-5-600x450.webp 600w\" sizes=\"(max-width: 800px) 100vw, 800px\" \/><\/p>\n<h3 style=\"text-align: center;\">ZMOGLJIVA VGRAJENA LITIJ-IONSKA BATERIJA<\/h3>\n<p style=\"text-align: center;\"><span style=\"font-size: 16px; font-style: normal; font-weight: 400;\">Z zmogljivo 4200 mAh baterijo u\u017eivajte v kar 12 u<\/span><span style=\"font-size: 16px; font-style: normal; font-weight: 400;\">rah neprekinjene osvetlitve.<\/span><\/p>\n<p><img decoding=\"async\" class=\"aligncenter wp-image-7479\" src=\"https:\/\/www.sportshine.eu\/wp-content\/uploads\/2025\/07\/Magicshine-ALLTY-1200U-6.webp\" alt=\"Magicshine ALLTY 1200U \" width=\"800\" height=\"600\" srcset=\"https:\/\/www.sportshine.eu\/wp-content\/uploads\/2025\/07\/Magicshine-ALLTY-1200U-6-768x576.webp 768w, https:\/\/www.sportshine.eu\/wp-content\/uploads\/2025\/07\/Magicshine-ALLTY-1200U-6-600x450.webp 600w\" sizes=\"(max-width: 800px) 100vw, 800px\" \/><\/p>\n<h3 style=\"text-align: center;\">USB-C POLNJENJE, DELUJE TUDI KOT POLNILNA BATERIJA<\/h3>\n<div class=\"flex max-w-full flex-col flex-grow\">\n<div class=\"min-h-[20px] text-message flex w-full flex-col items-end gap-2 whitespace-normal break-words [.text-message+&amp;]:mt-5\" dir=\"auto\" data-message-author-role=\"assistant\" data-message-id=\"7f90a390-fe96-4115-9967-369699c5f668\">\n<div class=\"flex w-full flex-col gap-1 empty:hidden first:pt-[3px]\">\n<div class=\"markdown prose w-full break-words dark:prose-invert light\">\n<p style=\"text-align: center;\">USB-C vhod omogo\u010da ne le hitro polnjenje, temve\u010d tudi uporabo kot vir napajanja za druge elektronske naprave, kar doda vsestranskost va\u0161i opremi.<\/p>\n<p><img decoding=\"async\" class=\"aligncenter wp-image-7480\" src=\"https:\/\/www.sportshine.eu\/wp-content\/uploads\/2025\/07\/Magicshine-ALLTY-1200U-7.webp\" alt=\"\" width=\"800\" height=\"600\" srcset=\"https:\/\/www.sportshine.eu\/wp-content\/uploads\/2025\/07\/Magicshine-ALLTY-1200U-7-768x576.webp 768w, https:\/\/www.sportshine.eu\/wp-content\/uploads\/2025\/07\/Magicshine-ALLTY-1200U-7-600x450.webp 600w\" sizes=\"(max-width: 800px) 100vw, 800px\" \/><\/p>\n<h3 style=\"text-align: center;\">ENOSTAVNO BERLJIV INDIKATOR<\/h3>\n<p style=\"text-align: center;\">Preveri stanje baterije na kolesarski lu\u010di ali na daljinskem upravljalniku.<\/p>\n<p><img decoding=\"async\" class=\"aligncenter wp-image-7481\" src=\"https:\/\/www.sportshine.eu\/wp-content\/uploads\/2025\/07\/luc-za-kolo-Allty-1200U.webp\" alt=\"Magicshine ALLTY 1200U \" width=\"800\" height=\"600\" srcset=\"https:\/\/www.sportshine.eu\/wp-content\/uploads\/2025\/07\/luc-za-kolo-Allty-1200U-768x576.webp 768w, https:\/\/www.sportshine.eu\/wp-content\/uploads\/2025\/07\/luc-za-kolo-Allty-1200U-600x450.webp 600w\" sizes=\"(max-width: 800px) 100vw, 800px\" \/><\/p>\n<h3 style=\"text-align: center;\">MO\u017dNOST ZAKLEPA LU\u010cI<\/h3>\n<p style=\"text-align: center;\">Funkcija zaklepanja prepre\u010duje naklju\u010dno vklopitev.<\/p>\n<p><img decoding=\"async\" class=\"aligncenter wp-image-7482\" src=\"https:\/\/www.sportshine.eu\/wp-content\/uploads\/2025\/07\/Magicshine-ALLTY-1200U-8.webp\" alt=\"Magicshine ALLTY 1200U \" width=\"800\" height=\"600\" srcset=\"https:\/\/www.sportshine.eu\/wp-content\/uploads\/2025\/07\/Magicshine-ALLTY-1200U-8-768x576.webp 768w, https:\/\/www.sportshine.eu\/wp-content\/uploads\/2025\/07\/Magicshine-ALLTY-1200U-8-600x450.webp 600w\" sizes=\"(max-width: 800px) 100vw, 800px\" \/><\/p>\n<h3 style=\"text-align: center;\">ALUMIJASTO OHI\u0160JE<\/h3>\n<p><img decoding=\"async\" class=\"aligncenter wp-image-7483\" src=\"https:\/\/www.sportshine.eu\/wp-content\/uploads\/2025\/07\/Magicshine-ALLTY-1200U-9.webp\" alt=\"Magicshine ALLTY 1200U \" width=\"800\" height=\"600\" srcset=\"https:\/\/www.sportshine.eu\/wp-content\/uploads\/2025\/07\/Magicshine-ALLTY-1200U-9-768x576.webp 768w, https:\/\/www.sportshine.eu\/wp-content\/uploads\/2025\/07\/Magicshine-ALLTY-1200U-9-600x450.webp 600w\" sizes=\"(max-width: 800px) 100vw, 800px\" \/><\/p>\n<h3 style=\"text-align: center;\">VODOODPORNA PO STANDARDU IPX7<\/h3>\n<p><img decoding=\"async\" class=\"aligncenter wp-image-7484\" src=\"https:\/\/www.sportshine.eu\/wp-content\/uploads\/2025\/07\/Magicshine-ALLTY-1200U-10.webp\" alt=\"Magicshine ALLTY 1200U \" width=\"800\" height=\"600\" srcset=\"https:\/\/www.sportshine.eu\/wp-content\/uploads\/2025\/07\/Magicshine-ALLTY-1200U-10-768x576.webp 768w, https:\/\/www.sportshine.eu\/wp-content\/uploads\/2025\/07\/Magicshine-ALLTY-1200U-10-600x450.webp 600w\" sizes=\"(max-width: 800px) 100vw, 800px\" \/><\/p>\n<h3 style=\"text-align: center;\">KAJ PREJMETE V PAKETU<\/h3>\n<p style=\"text-align: center;\">ALLTY 1200U kolesarsko lu\u010d * 1<br \/>\nNosilec za pritrditev na sprednji del krmila * 1<br \/>\nDaljinski upravljalnik MJ-6558 (vklju\u010dno s trakom) * 1<br \/>\nKovinski adapter za GoPro * 1<br \/>\nPodlo\u017eka (28 mm\/32 mm\/35 mm) * 3<br \/>\nNosilec Wahoo * 1<br \/>\nVijak * 2<br \/>\n2mm\/3mm \u0161estilo\u017eni klju\u010d * 2<br \/>\nPolnilni kabel USB-C * 1<\/p>\n<p><img decoding=\"async\" class=\"aligncenter wp-image-7485\" src=\"https:\/\/www.sportshine.eu\/wp-content\/uploads\/2025\/07\/Magicshine-ALLTY-1200U-11.webp\" alt=\"Magicshine ALLTY 1200U \" width=\"800\" height=\"600\" \/><\/p>\n<p>&nbsp;<\/p>\n<\/div>\n<\/div>\n<\/div>\n<\/div>\n","protected":false},"excerpt":{"rendered":"<p>A Magicshine Allty 1200U \u00f6tv\u00f6zi az innovat\u00edv technol\u00f3gi\u00e1t \u00e9s az eleg\u00e1ns diz\u00e1jnt, bevezetve a ker\u00e9kp\u00e1roz\u00e1s egy okosabb korszak\u00e1t, ahol az esti t\u00far\u00e1k eleganci\u00e1t \u00e9s kifinomults\u00e1got \u00e1rasztanak.<\/p>\n<p>K\u00f6nnyen el\u0151re szerelhet\u0151 \u00e9s fejlett FTR LightSync Control technol\u00f3gi\u00e1val van felszerelve, amely lehet\u0151v\u00e9 teszi a k\u00f6nny\u0171 szinkroniz\u00e1l\u00e1st a SEEMEE 50MAG\/SEEMEE 50 V2.0 h\u00e1ts\u00f3 l\u00e1mp\u00e1kkal, valamint az MJ-6558 t\u00e1vir\u00e1ny\u00edt\u00f3val az intuit\u00edv, egy\u00e9rint\u00e9ses vez\u00e9rl\u00e9s \u00e9rdek\u00e9ben.<\/p>\n<p>A t\u00fckr\u00f6z\u0151d\u00e9smentes lencse kiv\u00e1l\u00f3 l\u00e1that\u00f3s\u00e1got biztos\u00edt, m\u00edg a vezet\u00e9k n\u00e9lk\u00fcli t\u00e1vir\u00e1ny\u00edt\u00f3 \u00e9s a Magicshine alkalmaz\u00e1shoz val\u00f3 csatlakoz\u00e1s lehet\u0151v\u00e9 teszi a f\u00e9nyer\u0151 k\u00edv\u00e1nt be\u00e1ll\u00edt\u00e1s\u00e1t. A nagy teljes\u00edtm\u00e9ny\u0171, 4200 mAh-s akkumul\u00e1tor \u00e9s az USB-C bemenet hossz\u00fa \u00fczemid\u0151t biztos\u00edt, a mem\u00f3riafunkci\u00f3 pedig gyors vissza\u00e1ll\u00edt\u00e1st tesz lehet\u0151v\u00e9. A robusztus alum\u00ednium kialak\u00edt\u00e1s \u00e9s az IPX7 v\u00e9delem tart\u00f3ss\u00e1got \u00e9s id\u0151j\u00e1r\u00e1s\u00e1ll\u00f3s\u00e1got biztos\u00edt.<\/p>","protected":false},"featured_media":5798,"comment_status":"open","ping_status":"closed","template":"","meta":[],"product_brand":[131],"product_cat":[82,150],"product_tag":[],"class_list":{"0":"post-6428","1":"product","2":"type-product","3":"status-publish","4":"has-post-thumbnail","6":"product_brand-magicshine","7":"product_cat-kolesarske-luci","8":"product_cat-sprednje-kolesarske-luci","10":"first","11":"instock","12":"sale","13":"taxable","14":"shipping-taxable","15":"purchasable","16":"product-type-simple"},"yoast_head":"<!-- This site is optimized with the Yoast SEO plugin v27.3 - https:\/\/yoast.com\/product\/yoast-seo-wordpress\/ -->\n<title>Magicshine ALLTY 1200U kolesarska lu\u010d<\/title>\n<meta name=\"description\" content=\"Kolesarska lu\u010d Magicshine ALLTY 1200U nadaljuje klasi\u010den, eleganten dizajn prej\u0161njega modela in se pona\u0161a z glavno lu\u010djo, ki uporablja visoko mo\u010d.\" \/>\n<meta name=\"robots\" content=\"index, follow, max-snippet:-1, max-image-preview:large, max-video-preview:-1\" \/>\n<link rel=\"canonical\" href=\"https:\/\/www.sportshine.eu\/hu\/uzlet\/magicshine-allty-1200u-kerekparlampa\/\" \/>\n<meta property=\"og:locale\" content=\"hu_HU\" \/>\n<meta property=\"og:type\" content=\"article\" \/>\n<meta property=\"og:title\" content=\"Magicshine ALLTY 1200U kolesarska lu\u010d\" \/>\n<meta property=\"og:description\" content=\"Kolesarska lu\u010d Magicshine ALLTY 1200U nadaljuje klasi\u010den, eleganten dizajn prej\u0161njega modela in se pona\u0161a z glavno lu\u010djo, ki uporablja visoko mo\u010d.\" \/>\n<meta property=\"og:url\" content=\"https:\/\/www.sportshine.eu\/hu\/uzlet\/magicshine-allty-1200u-kerekparlampa\/\" \/>\n<meta property=\"og:site_name\" content=\"Sportshine\" \/>\n<meta property=\"article:publisher\" content=\"https:\/\/www.facebook.com\/sportshine.eu\/\" \/>\n<meta property=\"article:modified_time\" content=\"2025-12-17T13:14:18+00:00\" \/>\n<meta property=\"og:image\" content=\"https:\/\/www.sportshine.eu\/wp-content\/uploads\/2025\/07\/Magicshine-ALLTY-1200U-luc-za-kolo.webp\" \/>\n\t<meta property=\"og:image:width\" content=\"800\" \/>\n\t<meta property=\"og:image:height\" content=\"800\" \/>\n\t<meta property=\"og:image:type\" content=\"image\/webp\" \/>\n<meta name=\"twitter:card\" content=\"summary_large_image\" \/>\n<meta name=\"twitter:label1\" content=\"Becs\u00fclt olvas\u00e1si id\u0151\" \/>\n\t<meta name=\"twitter:data1\" content=\"4 perc\" \/>\n<script type=\"application\/ld+json\" class=\"yoast-schema-graph\">{\"@context\":\"https:\\\/\\\/schema.org\",\"@graph\":[{\"@type\":\"WebPage\",\"@id\":\"https:\\\/\\\/www.sportshine.eu\\\/trgovina\\\/magicshine-allty-1200u-luc-za-kolo\\\/\",\"url\":\"https:\\\/\\\/www.sportshine.eu\\\/trgovina\\\/magicshine-allty-1200u-luc-za-kolo\\\/\",\"name\":\"Magicshine ALLTY 1200U kolesarska lu\u010d\",\"isPartOf\":{\"@id\":\"https:\\\/\\\/www.sportshine.eu\\\/#website\"},\"primaryImageOfPage\":{\"@id\":\"https:\\\/\\\/www.sportshine.eu\\\/trgovina\\\/magicshine-allty-1200u-luc-za-kolo\\\/#primaryimage\"},\"image\":{\"@id\":\"https:\\\/\\\/www.sportshine.eu\\\/trgovina\\\/magicshine-allty-1200u-luc-za-kolo\\\/#primaryimage\"},\"thumbnailUrl\":\"https:\\\/\\\/www.sportshine.eu\\\/wp-content\\\/uploads\\\/2025\\\/07\\\/Magicshine-ALLTY-1200U-luc-za-kolo.webp\",\"datePublished\":\"2025-07-05T19:40:23+00:00\",\"dateModified\":\"2025-12-17T13:14:18+00:00\",\"description\":\"Kolesarska lu\u010d Magicshine ALLTY 1200U nadaljuje klasi\u010den, eleganten dizajn prej\u0161njega modela in se pona\u0161a z glavno lu\u010djo, ki uporablja visoko mo\u010d.\",\"breadcrumb\":{\"@id\":\"https:\\\/\\\/www.sportshine.eu\\\/trgovina\\\/magicshine-allty-1200u-luc-za-kolo\\\/#breadcrumb\"},\"inLanguage\":\"hu\",\"potentialAction\":[{\"@type\":\"ReadAction\",\"target\":[\"https:\\\/\\\/www.sportshine.eu\\\/trgovina\\\/magicshine-allty-1200u-luc-za-kolo\\\/\"]}]},{\"@type\":\"ImageObject\",\"inLanguage\":\"hu\",\"@id\":\"https:\\\/\\\/www.sportshine.eu\\\/trgovina\\\/magicshine-allty-1200u-luc-za-kolo\\\/#primaryimage\",\"url\":\"https:\\\/\\\/www.sportshine.eu\\\/wp-content\\\/uploads\\\/2025\\\/07\\\/Magicshine-ALLTY-1200U-luc-za-kolo.webp\",\"contentUrl\":\"https:\\\/\\\/www.sportshine.eu\\\/wp-content\\\/uploads\\\/2025\\\/07\\\/Magicshine-ALLTY-1200U-luc-za-kolo.webp\",\"width\":800,\"height\":800},{\"@type\":\"BreadcrumbList\",\"@id\":\"https:\\\/\\\/www.sportshine.eu\\\/trgovina\\\/magicshine-allty-1200u-luc-za-kolo\\\/#breadcrumb\",\"itemListElement\":[{\"@type\":\"ListItem\",\"position\":1,\"name\":\"Home\",\"item\":\"https:\\\/\\\/www.sportshine.eu\\\/\"},{\"@type\":\"ListItem\",\"position\":2,\"name\":\"Trgovina\",\"item\":\"https:\\\/\\\/www.sportshine.eu\\\/trgovina\\\/\"},{\"@type\":\"ListItem\",\"position\":3,\"name\":\"Magicshine ALLTY 1200U lu\u010d za kolo\"}]},{\"@type\":\"WebSite\",\"@id\":\"https:\\\/\\\/www.sportshine.eu\\\/#website\",\"url\":\"https:\\\/\\\/www.sportshine.eu\\\/\",\"name\":\"Sportshine\",\"description\":\"Top spletna trgovina kolesarskih in naglavnih svetilk ter opreme\",\"publisher\":{\"@id\":\"https:\\\/\\\/www.sportshine.eu\\\/#organization\"},\"potentialAction\":[{\"@type\":\"SearchAction\",\"target\":{\"@type\":\"EntryPoint\",\"urlTemplate\":\"https:\\\/\\\/www.sportshine.eu\\\/?s={search_term_string}\"},\"query-input\":{\"@type\":\"PropertyValueSpecification\",\"valueRequired\":true,\"valueName\":\"search_term_string\"}}],\"inLanguage\":\"hu\"},{\"@type\":\"Organization\",\"@id\":\"https:\\\/\\\/www.sportshine.eu\\\/#organization\",\"name\":\"Sportshine\",\"url\":\"https:\\\/\\\/www.sportshine.eu\\\/\",\"logo\":{\"@type\":\"ImageObject\",\"inLanguage\":\"hu\",\"@id\":\"https:\\\/\\\/www.sportshine.eu\\\/#\\\/schema\\\/logo\\\/image\\\/\",\"url\":\"https:\\\/\\\/www.sportshine.eu\\\/wp-content\\\/uploads\\\/2026\\\/01\\\/cropped-Sportshine.webp\",\"contentUrl\":\"https:\\\/\\\/www.sportshine.eu\\\/wp-content\\\/uploads\\\/2026\\\/01\\\/cropped-Sportshine.webp\",\"width\":295,\"height\":128,\"caption\":\"Sportshine\"},\"image\":{\"@id\":\"https:\\\/\\\/www.sportshine.eu\\\/#\\\/schema\\\/logo\\\/image\\\/\"},\"sameAs\":[\"https:\\\/\\\/www.facebook.com\\\/sportshine.eu\\\/\"]}]}<\/script>\n<!-- \/ Yoast SEO plugin. -->","yoast_head_json":{"title":"Magicshine ALLTY 1200U ker\u00e9kp\u00e1rl\u00e1mpa","description":"A Magicshine ALLTY 1200U ker\u00e9kp\u00e1rl\u00e1mpa folytatja az el\u0151z\u0151 modell klasszikus, eleg\u00e1ns diz\u00e1jnj\u00e1t, \u00e9s nagy teljes\u00edtm\u00e9ny\u0171 f\u00e9nysz\u00f3r\u00f3val b\u00fcszk\u00e9lkedhet.","robots":{"index":"index","follow":"follow","max-snippet":"max-snippet:-1","max-image-preview":"max-image-preview:large","max-video-preview":"max-video-preview:-1"},"canonical":"https:\/\/www.sportshine.eu\/hu\/uzlet\/magicshine-allty-1200u-kerekparlampa\/","og_locale":"hu_HU","og_type":"article","og_title":"Magicshine ALLTY 1200U kolesarska lu\u010d","og_description":"Kolesarska lu\u010d Magicshine ALLTY 1200U nadaljuje klasi\u010den, eleganten dizajn prej\u0161njega modela in se pona\u0161a z glavno lu\u010djo, ki uporablja visoko mo\u010d.","og_url":"https:\/\/www.sportshine.eu\/hu\/uzlet\/magicshine-allty-1200u-kerekparlampa\/","og_site_name":"Sportshine","article_publisher":"https:\/\/www.facebook.com\/sportshine.eu\/","article_modified_time":"2025-12-17T13:14:18+00:00","og_image":[{"width":800,"height":800,"url":"https:\/\/www.sportshine.eu\/wp-content\/uploads\/2025\/07\/Magicshine-ALLTY-1200U-luc-za-kolo.webp","type":"image\/webp"}],"twitter_card":"summary_large_image","twitter_misc":{"Becs\u00fclt olvas\u00e1si id\u0151":"4 perc"},"schema":{"@context":"https:\/\/schema.org","@graph":[{"@type":"WebPage","@id":"https:\/\/www.sportshine.eu\/trgovina\/magicshine-allty-1200u-luc-za-kolo\/","url":"https:\/\/www.sportshine.eu\/trgovina\/magicshine-allty-1200u-luc-za-kolo\/","name":"Magicshine ALLTY 1200U ker\u00e9kp\u00e1rl\u00e1mpa","isPartOf":{"@id":"https:\/\/www.sportshine.eu\/#website"},"primaryImageOfPage":{"@id":"https:\/\/www.sportshine.eu\/trgovina\/magicshine-allty-1200u-luc-za-kolo\/#primaryimage"},"image":{"@id":"https:\/\/www.sportshine.eu\/trgovina\/magicshine-allty-1200u-luc-za-kolo\/#primaryimage"},"thumbnailUrl":"https:\/\/www.sportshine.eu\/wp-content\/uploads\/2025\/07\/Magicshine-ALLTY-1200U-luc-za-kolo.webp","datePublished":"2025-07-05T19:40:23+00:00","dateModified":"2025-12-17T13:14:18+00:00","description":"A Magicshine ALLTY 1200U ker\u00e9kp\u00e1rl\u00e1mpa folytatja az el\u0151z\u0151 modell klasszikus, eleg\u00e1ns diz\u00e1jnj\u00e1t, \u00e9s nagy teljes\u00edtm\u00e9ny\u0171 f\u00e9nysz\u00f3r\u00f3val b\u00fcszk\u00e9lkedhet.","breadcrumb":{"@id":"https:\/\/www.sportshine.eu\/trgovina\/magicshine-allty-1200u-luc-za-kolo\/#breadcrumb"},"inLanguage":"hu","potentialAction":[{"@type":"ReadAction","target":["https:\/\/www.sportshine.eu\/trgovina\/magicshine-allty-1200u-luc-za-kolo\/"]}]},{"@type":"ImageObject","inLanguage":"hu","@id":"https:\/\/www.sportshine.eu\/trgovina\/magicshine-allty-1200u-luc-za-kolo\/#primaryimage","url":"https:\/\/www.sportshine.eu\/wp-content\/uploads\/2025\/07\/Magicshine-ALLTY-1200U-luc-za-kolo.webp","contentUrl":"https:\/\/www.sportshine.eu\/wp-content\/uploads\/2025\/07\/Magicshine-ALLTY-1200U-luc-za-kolo.webp","width":800,"height":800},{"@type":"BreadcrumbList","@id":"https:\/\/www.sportshine.eu\/trgovina\/magicshine-allty-1200u-luc-za-kolo\/#breadcrumb","itemListElement":[{"@type":"ListItem","position":1,"name":"Home","item":"https:\/\/www.sportshine.eu\/"},{"@type":"ListItem","position":2,"name":"Trgovina","item":"https:\/\/www.sportshine.eu\/trgovina\/"},{"@type":"ListItem","position":3,"name":"Magicshine ALLTY 1200U lu\u010d za kolo"}]},{"@type":"WebSite","@id":"https:\/\/www.sportshine.eu\/#website","url":"https:\/\/www.sportshine.eu\/","name":"Sportshine","description":"Ker\u00e9kp\u00e1ros, fejl\u00e1mp\u00e1k \u00e9s felszerel\u00e9sek online \u00e1ruh\u00e1z\u00e1nak vezet\u0151 k\u00edn\u00e1lata","publisher":{"@id":"https:\/\/www.sportshine.eu\/#organization"},"potentialAction":[{"@type":"SearchAction","target":{"@type":"EntryPoint","urlTemplate":"https:\/\/www.sportshine.eu\/?s={search_term_string}"},"query-input":{"@type":"PropertyValueSpecification","valueRequired":true,"valueName":"search_term_string"}}],"inLanguage":"hu"},{"@type":"Organization","@id":"https:\/\/www.sportshine.eu\/#organization","name":"Sportshine","url":"https:\/\/www.sportshine.eu\/","logo":{"@type":"ImageObject","inLanguage":"hu","@id":"https:\/\/www.sportshine.eu\/#\/schema\/logo\/image\/","url":"https:\/\/www.sportshine.eu\/wp-content\/uploads\/2026\/01\/cropped-Sportshine.webp","contentUrl":"https:\/\/www.sportshine.eu\/wp-content\/uploads\/2026\/01\/cropped-Sportshine.webp","width":295,"height":128,"caption":"Sportshine"},"image":{"@id":"https:\/\/www.sportshine.eu\/#\/schema\/logo\/image\/"},"sameAs":["https:\/\/www.facebook.com\/sportshine.eu\/"]}]}},"_links":{"self":[{"href":"https:\/\/www.sportshine.eu\/hu\/wp-json\/wp\/v2\/product\/6428","targetHints":{"allow":["GET"]}}],"collection":[{"href":"https:\/\/www.sportshine.eu\/hu\/wp-json\/wp\/v2\/product"}],"about":[{"href":"https:\/\/www.sportshine.eu\/hu\/wp-json\/wp\/v2\/types\/product"}],"replies":[{"embeddable":true,"href":"https:\/\/www.sportshine.eu\/hu\/wp-json\/wp\/v2\/comments?post=6428"}],"version-history":[{"count":0,"href":"https:\/\/www.sportshine.eu\/hu\/wp-json\/wp\/v2\/product\/6428\/revisions"}],"wp:featuredmedia":[{"embeddable":true,"href":"https:\/\/www.sportshine.eu\/hu\/wp-json\/wp\/v2\/media\/5798"}],"wp:attachment":[{"href":"https:\/\/www.sportshine.eu\/hu\/wp-json\/wp\/v2\/media?parent=6428"}],"wp:term":[{"taxonomy":"product_brand","embeddable":true,"href":"https:\/\/www.sportshine.eu\/hu\/wp-json\/wp\/v2\/product_brand?post=6428"},{"taxonomy":"product_cat","embeddable":true,"href":"https:\/\/www.sportshine.eu\/hu\/wp-json\/wp\/v2\/product_cat?post=6428"},{"taxonomy":"product_tag","embeddable":true,"href":"https:\/\/www.sportshine.eu\/hu\/wp-json\/wp\/v2\/product_tag?post=6428"}],"curies":[{"name":"wp","href":"https:\/\/api.w.org\/{rel}","templated":true}]}}