{"id":6424,"date":"2026-01-28T19:40:18","date_gmt":"2026-01-28T19:40:18","guid":{"rendered":"https:\/\/www.sportshine.eu\/?post_type=product&#038;p=6424"},"modified":"2026-03-27T19:13:11","modified_gmt":"2026-03-27T19:13:11","slug":"magicshine-rouleur-szurkearany-szemuveg","status":"publish","type":"product","link":"https:\/\/www.sportshine.eu\/hu\/uzlet\/magicshine-rouleur-szurkearany-szemuveg\/","title":{"rendered":"Magicshine Rouleur szem\u00fcveg sz\u00fcrke\/arany"},"content":{"rendered":"<h3 style=\"text-align: center;\">T\u00d6K\u00c9LETES L\u00c1THAT\u00d3S\u00c1G MINDEN K\u00d6R\u00dcLM\u00c9NY K\u00d6Z\u00d6TT<\/h3>\n<p style=\"text-align: center;\">Sportszem\u00fcvegek <b data-path-to-node=\"2\" data-index-in-node=\"14\">Fotokr\u00f3m henger<\/b> z\u00f6kken\u0151mentesen alkalmazkodnak a f\u00e9nyer\u0151-szab\u00e1lyoz\u00e1si szintekhez <b data-path-to-node=\"2\" data-index-in-node=\"83\">1. kateg\u00f3ria - 3. kateg\u00f3ria<\/b> a f\u00e9nyviszonyokt\u00f3l f\u00fcgg\u0151en, \u00e9s \u00e1tfog\u00f3 v\u00e9delmet ny\u00fajtanak az er\u0151s napf\u00e9ny, az UV-sugarak \u00e9s a t\u00fckr\u00f6z\u0151d\u00e9s ellen. Ez az alkalmazkod\u00f3k\u00e9pess\u00e9g kiv\u00e1l\u00f3 szemv\u00e9delmet biztos\u00edt ker\u00e9kp\u00e1ros kalandjai sor\u00e1n, nappal \u00e9s \u00e9jszaka egyar\u00e1nt.<\/p>\n<p><iframe loading=\"lazy\" title=\"MAGICSHINE G\u00d6RG\u0150S KER\u00c9KP\u00c1ROZ\u00c1SI SPORT NAPSZEM\u00dcVEG\" width=\"500\" height=\"281\" src=\"https:\/\/www.youtube.com\/embed\/UCXbHHS1K_Q?feature=oembed\" frameborder=\"0\" allow=\"accelerometer; autoplay; clipboard-write; encrypted-media; gyroscope; picture-in-picture; web-share\" referrerpolicy=\"strict-origin-when-cross-origin\" allowfullscreen><\/iframe><\/p>\n<h3 style=\"text-align: center;\">F\u00c9NYES\u00cdT\u00c9SI SZINTEK<\/h3>\n<p style=\"text-align: center;\"><b data-path-to-node=\"3\" data-index-in-node=\"0\">1. Belt\u00e9ri\/\u00c9jszakai n\u00e9zet<\/b><\/p>\n<p style=\"text-align: center;\" data-path-to-node=\"4,1,0\">\u00a0Ez a szint optim\u00e1lis l\u00e1that\u00f3s\u00e1got \u00e9s biztons\u00e1got biztos\u00edt belt\u00e9ren, sz\u00fcrk\u00fcletkor vagy \u00e9jszakai ker\u00e9kp\u00e1roz\u00e1skor. A szemek v\u00e9dve vannak a sz\u00e9lt\u0151l \u00e9s a rovarokt\u00f3l an\u00e9lk\u00fcl, hogy cs\u00f6kkenten\u00e9k a l\u00e1t\u00e1si viszonyokat.<\/p>\n<p style=\"text-align: center;\" data-path-to-node=\"5\"><b data-path-to-node=\"5\" data-index-in-node=\"0\">2. Felh\u0151s id\u0151 (Borult)<\/b><\/p>\n<p style=\"text-align: center;\" data-path-to-node=\"6,1,0\">\u00a0A szem\u00fcveg automatikusan alkalmazkodik a sz\u00f3rt f\u00e9nyhez, \u00e9s cs\u00f6kkenti a kellemetlen t\u00fckr\u00f6z\u0151d\u00e9st, ami akkor jelentkezik, amikor a nap felh\u0151k m\u00f6g\u00e9 b\u00fajik. A l\u00e1t\u00e1s \u00e9les, a kontrasztok hangs\u00falyosabbak, \u00edgy a terep jobban \u00e9rz\u00e9kelhet\u0151.<\/p>\n<p style=\"text-align: center;\" data-path-to-node=\"7\"><b data-path-to-node=\"7\" data-index-in-node=\"0\">3. Tiszta nap<\/b><\/p>\n<p style=\"text-align: center;\" data-path-to-node=\"8,1,0\">\u00a0A szem\u00fcveg maxim\u00e1lis v\u00e9delmet ny\u00fajt az er\u0151s napf\u00e9ny \u00e9s UV-sug\u00e1rz\u00e1s ellen. Ez a s\u00f6t\u00e9ted\u00e9si fok (3-as kateg\u00f3ria) megakad\u00e1lyozza a szem elf\u00e1rad\u00e1s\u00e1t, \u00e9s m\u00e9g a leger\u0151sebb naps\u00fct\u00e9sben is nyugodt l\u00e1t\u00e1st biztos\u00edt, \u00edgy teljes m\u00e9rt\u00e9kben a teljes\u00edtm\u00e9ny\u00e9re koncentr\u00e1lhat.<\/p>\n<p data-path-to-node=\"8,1,0\"><img decoding=\"async\" class=\"aligncenter wp-image-10330 size-full\" src=\"https:\/\/www.sportshine.eu\/wp-content\/uploads\/2026\/01\/fotokromatska-ocala.webp\" alt=\"fotokromatikus szem\u00fcvegek\" width=\"1980\" height=\"800\" srcset=\"https:\/\/www.sportshine.eu\/wp-content\/uploads\/2026\/01\/fotokromatska-ocala.webp 1980w, https:\/\/www.sportshine.eu\/wp-content\/uploads\/2026\/01\/fotokromatska-ocala-768x310.webp 768w, https:\/\/www.sportshine.eu\/wp-content\/uploads\/2026\/01\/fotokromatska-ocala-1536x621.webp 1536w, https:\/\/www.sportshine.eu\/wp-content\/uploads\/2026\/01\/fotokromatska-ocala-600x242.webp 600w\" sizes=\"(max-width: 1980px) 100vw, 1980px\" \/><\/p>\n<h3 style=\"text-align: center;\">FOTIKROM LENCSE<\/h3>\n<p style=\"text-align: center;\">A Magicshine Rouleur fotokromatikus szem\u00fcveg \u00fct\u00e9s\u00e1ll\u00f3 lencs\u00e9kkel rendelkezik, amelyek 100% UV-v\u00e9delmet biztos\u00edtanak. Minden lencse el\u00fcls\u0151 r\u00e9sze REVO bevonattal van ell\u00e1tva, amelyet prec\u00edzen \u00fagy terveztek, hogy vissza\u00e1ll\u00edtsa a val\u00f3di sz\u00edneket, fokozza a kontrasztot \u00e9s p\u00e1ratlan vizu\u00e1lis tisztas\u00e1got biztos\u00edtson. A h\u00e1tlap a saj\u00e1t fejleszt\u00e9s\u0171 Magicshine OAR bevonattal van ell\u00e1tva, amely optim\u00e1lis, t\u00fckr\u00f6z\u0151d\u00e9smentes \u00e9lm\u00e9nyt biztos\u00edt. A lencs\u00e9k mindk\u00e9t oldal\u00e1n tal\u00e1lhat\u00f3 folt\u00e1ll\u00f3 bevonat tasz\u00edtja a szennyez\u0151d\u00e9seket, az ujjlenyomatokat \u00e9s az olajokat, \u00edgy kiv\u00e1l\u00f3 v\u00e9delmet ny\u00fajt, \u00e9s megk\u00f6nny\u00edti a lencs\u00e9k tiszt\u00edt\u00e1s\u00e1t.<\/p>\n<p><img decoding=\"async\" class=\"aligncenter wp-image-7530 size-full\" src=\"https:\/\/www.sportshine.eu\/wp-content\/uploads\/2025\/07\/Ocala-Magicshine-Rouleur-9.webp\" alt=\"\" width=\"800\" height=\"800\" srcset=\"https:\/\/www.sportshine.eu\/wp-content\/uploads\/2025\/07\/Ocala-Magicshine-Rouleur-9.webp 800w, https:\/\/www.sportshine.eu\/wp-content\/uploads\/2025\/07\/Ocala-Magicshine-Rouleur-9-768x768.webp 768w, https:\/\/www.sportshine.eu\/wp-content\/uploads\/2025\/07\/Ocala-Magicshine-Rouleur-9-600x600.webp 600w\" sizes=\"(max-width: 800px) 100vw, 800px\" \/><\/p>\n<h3 style=\"text-align: center;\">FEJLESZTETT SZELL\u0150Z\u0150RENDSZER<\/h3>\n<p style=\"text-align: center;\">A lencs\u00e9k \u00e9s a sz\u00e1rv\u00e9gek k\u00f6r\u00fcli nagy szell\u0151z\u0151ny\u00edl\u00e1sok megakad\u00e1lyozz\u00e1k a p\u00e1r\u00e1sod\u00e1st \u00e9s biztos\u00edtj\u00e1k a tiszta l\u00e1t\u00e1st. A keret TR90 \u00e9s TPR anyagokb\u00f3l k\u00e9sz\u00fclt, a cs\u00fasz\u00e1sg\u00e1tl\u00f3 orrp\u00e1rn\u00e1kkal \u00e9s sz\u00e1rv\u00e9gekkel egy\u00fctt, \u00edgy biztos\u00edtva a k\u00e9nyelmes illeszked\u00e9st minden tev\u00e9kenys\u00e9gi szinten.<\/p>\n<p>&nbsp;<\/p>\n<p style=\"text-align: center;\">Mi a REVO bevonat? Kattintson <span style=\"color: #339966;\"><a style=\"color: #339966;\" href=\"https:\/\/www.sportshine.eu\/hu\/revo-borito\/\">itt<\/a><\/span><\/p>\n<p><img decoding=\"async\" class=\"aligncenter wp-image-10334 size-full\" src=\"https:\/\/www.sportshine.eu\/wp-content\/uploads\/2026\/01\/Magicshine-ocala.webp\" alt=\"\" width=\"800\" height=\"800\" srcset=\"https:\/\/www.sportshine.eu\/wp-content\/uploads\/2026\/01\/Magicshine-ocala.webp 800w, https:\/\/www.sportshine.eu\/wp-content\/uploads\/2026\/01\/Magicshine-ocala-768x768.webp 768w, https:\/\/www.sportshine.eu\/wp-content\/uploads\/2026\/01\/Magicshine-ocala-600x600.webp 600w\" sizes=\"(max-width: 800px) 100vw, 800px\" \/><\/p>","protected":false},"excerpt":{"rendered":"<p>A Magicshine Rouleur fotokromatikus szem\u00fcvegek ebben a sorozatban az egyetlenek, amelyek REVO \u00e9s OAR lencsebevonattal rendelkeznek. Minden olyan sportol\u00f3 sz\u00e1m\u00e1ra tervezt\u00e9k, akiknek min\u0151s\u00e9gi szemv\u00e9delemre van sz\u00fcks\u00e9g\u00fck. Eleg\u00e1ns f\u00e9lkeretes kialak\u00edt\u00e1sukkal \u00e9s nagym\u00e9ret\u0171 polikarbon\u00e1t lencs\u00e9ikkel a szem\u00fcveg \u00f6tv\u00f6zi a st\u00edlust \u00e9s a biztons\u00e1got. Kiv\u00e9teles optikai tisztas\u00e1g jellemzi \u0151ket.<\/p>","protected":false},"featured_media":5762,"comment_status":"open","ping_status":"closed","template":"","meta":[],"product_brand":[131],"product_cat":[106,103],"product_tag":[174],"class_list":{"0":"post-6424","1":"product","2":"type-product","3":"status-publish","4":"has-post-thumbnail","6":"product_brand-magicshine","7":"product_cat-fotokromatska-ocala","8":"product_cat-kolesarska-ocala","9":"product_tag-magicshine-ocala","11":"first","12":"instock","13":"sale","14":"taxable","15":"shipping-taxable","16":"purchasable","17":"product-type-simple"},"yoast_head":"<!-- This site is optimized with the Yoast SEO plugin v27.3 - https:\/\/yoast.com\/product\/yoast-seo-wordpress\/ -->\n<title>O\u010dala Magicshine Rouleur grey\/gold<\/title>\n<meta name=\"description\" content=\"Izjemna \u0161portna o\u010dala priznane znamke Magicshine. Z REVO in OAR prevleko le\u010d in te\u017eo le 29 gramov. Priporo\u010damo za vse \u0161portne aktivnosti.\" \/>\n<meta name=\"robots\" content=\"index, follow, max-snippet:-1, max-image-preview:large, max-video-preview:-1\" \/>\n<link rel=\"canonical\" href=\"https:\/\/www.sportshine.eu\/hu\/uzlet\/magicshine-rouleur-szurkearany-szemuveg\/\" \/>\n<meta property=\"og:locale\" content=\"hu_HU\" \/>\n<meta property=\"og:type\" content=\"article\" \/>\n<meta property=\"og:title\" content=\"O\u010dala Magicshine Rouleur grey\/gold\" \/>\n<meta property=\"og:description\" content=\"Izjemna \u0161portna o\u010dala priznane znamke Magicshine. Z REVO in OAR prevleko le\u010d in te\u017eo le 29 gramov. Priporo\u010damo za vse \u0161portne aktivnosti.\" \/>\n<meta property=\"og:url\" content=\"https:\/\/www.sportshine.eu\/hu\/uzlet\/magicshine-rouleur-szurkearany-szemuveg\/\" \/>\n<meta property=\"og:site_name\" content=\"Sportshine\" \/>\n<meta property=\"article:publisher\" content=\"https:\/\/www.facebook.com\/sportshine.eu\/\" \/>\n<meta property=\"article:modified_time\" content=\"2026-03-27T19:13:11+00:00\" \/>\n<meta property=\"og:image\" content=\"https:\/\/www.sportshine.eu\/wp-content\/uploads\/2025\/07\/Untitleddesign-ezgif.com-jpg-to-webp-converter-1.webp\" \/>\n\t<meta property=\"og:image:width\" content=\"800\" \/>\n\t<meta property=\"og:image:height\" content=\"800\" \/>\n\t<meta property=\"og:image:type\" content=\"image\/webp\" \/>\n<meta name=\"twitter:card\" content=\"summary_large_image\" \/>\n<meta name=\"twitter:label1\" content=\"Becs\u00fclt olvas\u00e1si id\u0151\" \/>\n\t<meta name=\"twitter:data1\" content=\"3 perc\" \/>\n<script type=\"application\/ld+json\" class=\"yoast-schema-graph\">{\"@context\":\"https:\\\/\\\/schema.org\",\"@graph\":[{\"@type\":\"WebPage\",\"@id\":\"https:\\\/\\\/www.sportshine.eu\\\/trgovina\\\/ocala-magicshine-rouleur-grey-gold\\\/\",\"url\":\"https:\\\/\\\/www.sportshine.eu\\\/trgovina\\\/ocala-magicshine-rouleur-grey-gold\\\/\",\"name\":\"O\u010dala Magicshine Rouleur grey\\\/gold\",\"isPartOf\":{\"@id\":\"https:\\\/\\\/www.sportshine.eu\\\/#website\"},\"primaryImageOfPage\":{\"@id\":\"https:\\\/\\\/www.sportshine.eu\\\/trgovina\\\/ocala-magicshine-rouleur-grey-gold\\\/#primaryimage\"},\"image\":{\"@id\":\"https:\\\/\\\/www.sportshine.eu\\\/trgovina\\\/ocala-magicshine-rouleur-grey-gold\\\/#primaryimage\"},\"thumbnailUrl\":\"https:\\\/\\\/www.sportshine.eu\\\/wp-content\\\/uploads\\\/2025\\\/07\\\/Untitleddesign-ezgif.com-jpg-to-webp-converter-1.webp\",\"datePublished\":\"2026-01-28T19:40:18+00:00\",\"dateModified\":\"2026-03-27T19:13:11+00:00\",\"description\":\"Izjemna \u0161portna o\u010dala priznane znamke Magicshine. Z REVO in OAR prevleko le\u010d in te\u017eo le 29 gramov. Priporo\u010damo za vse \u0161portne aktivnosti.\",\"breadcrumb\":{\"@id\":\"https:\\\/\\\/www.sportshine.eu\\\/trgovina\\\/ocala-magicshine-rouleur-grey-gold\\\/#breadcrumb\"},\"inLanguage\":\"hu\",\"potentialAction\":[{\"@type\":\"ReadAction\",\"target\":[\"https:\\\/\\\/www.sportshine.eu\\\/trgovina\\\/ocala-magicshine-rouleur-grey-gold\\\/\"]}]},{\"@type\":\"ImageObject\",\"inLanguage\":\"hu\",\"@id\":\"https:\\\/\\\/www.sportshine.eu\\\/trgovina\\\/ocala-magicshine-rouleur-grey-gold\\\/#primaryimage\",\"url\":\"https:\\\/\\\/www.sportshine.eu\\\/wp-content\\\/uploads\\\/2025\\\/07\\\/Untitleddesign-ezgif.com-jpg-to-webp-converter-1.webp\",\"contentUrl\":\"https:\\\/\\\/www.sportshine.eu\\\/wp-content\\\/uploads\\\/2025\\\/07\\\/Untitleddesign-ezgif.com-jpg-to-webp-converter-1.webp\",\"width\":800,\"height\":800},{\"@type\":\"BreadcrumbList\",\"@id\":\"https:\\\/\\\/www.sportshine.eu\\\/trgovina\\\/ocala-magicshine-rouleur-grey-gold\\\/#breadcrumb\",\"itemListElement\":[{\"@type\":\"ListItem\",\"position\":1,\"name\":\"Home\",\"item\":\"https:\\\/\\\/www.sportshine.eu\\\/\"},{\"@type\":\"ListItem\",\"position\":2,\"name\":\"Trgovina\",\"item\":\"https:\\\/\\\/www.sportshine.eu\\\/trgovina\\\/\"},{\"@type\":\"ListItem\",\"position\":3,\"name\":\"O\u010dala Magicshine Rouleur grey\\\/gold\"}]},{\"@type\":\"WebSite\",\"@id\":\"https:\\\/\\\/www.sportshine.eu\\\/#website\",\"url\":\"https:\\\/\\\/www.sportshine.eu\\\/\",\"name\":\"Sportshine\",\"description\":\"Top spletna trgovina kolesarskih in naglavnih svetilk ter opreme\",\"publisher\":{\"@id\":\"https:\\\/\\\/www.sportshine.eu\\\/#organization\"},\"potentialAction\":[{\"@type\":\"SearchAction\",\"target\":{\"@type\":\"EntryPoint\",\"urlTemplate\":\"https:\\\/\\\/www.sportshine.eu\\\/?s={search_term_string}\"},\"query-input\":{\"@type\":\"PropertyValueSpecification\",\"valueRequired\":true,\"valueName\":\"search_term_string\"}}],\"inLanguage\":\"hu\"},{\"@type\":\"Organization\",\"@id\":\"https:\\\/\\\/www.sportshine.eu\\\/#organization\",\"name\":\"Sportshine\",\"url\":\"https:\\\/\\\/www.sportshine.eu\\\/\",\"logo\":{\"@type\":\"ImageObject\",\"inLanguage\":\"hu\",\"@id\":\"https:\\\/\\\/www.sportshine.eu\\\/#\\\/schema\\\/logo\\\/image\\\/\",\"url\":\"https:\\\/\\\/www.sportshine.eu\\\/wp-content\\\/uploads\\\/2026\\\/01\\\/cropped-Sportshine.webp\",\"contentUrl\":\"https:\\\/\\\/www.sportshine.eu\\\/wp-content\\\/uploads\\\/2026\\\/01\\\/cropped-Sportshine.webp\",\"width\":295,\"height\":128,\"caption\":\"Sportshine\"},\"image\":{\"@id\":\"https:\\\/\\\/www.sportshine.eu\\\/#\\\/schema\\\/logo\\\/image\\\/\"},\"sameAs\":[\"https:\\\/\\\/www.facebook.com\\\/sportshine.eu\\\/\"]}]}<\/script>\n<!-- \/ Yoast SEO plugin. -->","yoast_head_json":{"title":"Magicshine Rouleur szem\u00fcveg sz\u00fcrke\/arany","description":"Kiv\u00e9teles sportszem\u00fcveg a neves Magicshine m\u00e1rk\u00e1t\u00f3l. REVO \u00e9s OAR lencsebevonattal, mind\u00f6ssze 29 gramm s\u00faly\u00fa. Minden sporttev\u00e9kenys\u00e9ghez aj\u00e1nlott.","robots":{"index":"index","follow":"follow","max-snippet":"max-snippet:-1","max-image-preview":"max-image-preview:large","max-video-preview":"max-video-preview:-1"},"canonical":"https:\/\/www.sportshine.eu\/hu\/uzlet\/magicshine-rouleur-szurkearany-szemuveg\/","og_locale":"hu_HU","og_type":"article","og_title":"O\u010dala Magicshine Rouleur grey\/gold","og_description":"Izjemna \u0161portna o\u010dala priznane znamke Magicshine. Z REVO in OAR prevleko le\u010d in te\u017eo le 29 gramov. Priporo\u010damo za vse \u0161portne aktivnosti.","og_url":"https:\/\/www.sportshine.eu\/hu\/uzlet\/magicshine-rouleur-szurkearany-szemuveg\/","og_site_name":"Sportshine","article_publisher":"https:\/\/www.facebook.com\/sportshine.eu\/","article_modified_time":"2026-03-27T19:13:11+00:00","og_image":[{"width":800,"height":800,"url":"https:\/\/www.sportshine.eu\/wp-content\/uploads\/2025\/07\/Untitleddesign-ezgif.com-jpg-to-webp-converter-1.webp","type":"image\/webp"}],"twitter_card":"summary_large_image","twitter_misc":{"Becs\u00fclt olvas\u00e1si id\u0151":"3 perc"},"schema":{"@context":"https:\/\/schema.org","@graph":[{"@type":"WebPage","@id":"https:\/\/www.sportshine.eu\/trgovina\/ocala-magicshine-rouleur-grey-gold\/","url":"https:\/\/www.sportshine.eu\/trgovina\/ocala-magicshine-rouleur-grey-gold\/","name":"Magicshine Rouleur szem\u00fcveg sz\u00fcrke\/arany","isPartOf":{"@id":"https:\/\/www.sportshine.eu\/#website"},"primaryImageOfPage":{"@id":"https:\/\/www.sportshine.eu\/trgovina\/ocala-magicshine-rouleur-grey-gold\/#primaryimage"},"image":{"@id":"https:\/\/www.sportshine.eu\/trgovina\/ocala-magicshine-rouleur-grey-gold\/#primaryimage"},"thumbnailUrl":"https:\/\/www.sportshine.eu\/wp-content\/uploads\/2025\/07\/Untitleddesign-ezgif.com-jpg-to-webp-converter-1.webp","datePublished":"2026-01-28T19:40:18+00:00","dateModified":"2026-03-27T19:13:11+00:00","description":"Kiv\u00e9teles sportszem\u00fcveg a neves Magicshine m\u00e1rk\u00e1t\u00f3l. REVO \u00e9s OAR lencsebevonattal, mind\u00f6ssze 29 gramm s\u00faly\u00fa. Minden sporttev\u00e9kenys\u00e9ghez aj\u00e1nlott.","breadcrumb":{"@id":"https:\/\/www.sportshine.eu\/trgovina\/ocala-magicshine-rouleur-grey-gold\/#breadcrumb"},"inLanguage":"hu","potentialAction":[{"@type":"ReadAction","target":["https:\/\/www.sportshine.eu\/trgovina\/ocala-magicshine-rouleur-grey-gold\/"]}]},{"@type":"ImageObject","inLanguage":"hu","@id":"https:\/\/www.sportshine.eu\/trgovina\/ocala-magicshine-rouleur-grey-gold\/#primaryimage","url":"https:\/\/www.sportshine.eu\/wp-content\/uploads\/2025\/07\/Untitleddesign-ezgif.com-jpg-to-webp-converter-1.webp","contentUrl":"https:\/\/www.sportshine.eu\/wp-content\/uploads\/2025\/07\/Untitleddesign-ezgif.com-jpg-to-webp-converter-1.webp","width":800,"height":800},{"@type":"BreadcrumbList","@id":"https:\/\/www.sportshine.eu\/trgovina\/ocala-magicshine-rouleur-grey-gold\/#breadcrumb","itemListElement":[{"@type":"ListItem","position":1,"name":"Home","item":"https:\/\/www.sportshine.eu\/"},{"@type":"ListItem","position":2,"name":"Trgovina","item":"https:\/\/www.sportshine.eu\/trgovina\/"},{"@type":"ListItem","position":3,"name":"O\u010dala Magicshine Rouleur grey\/gold"}]},{"@type":"WebSite","@id":"https:\/\/www.sportshine.eu\/#website","url":"https:\/\/www.sportshine.eu\/","name":"Sportshine","description":"Ker\u00e9kp\u00e1ros, fejl\u00e1mp\u00e1k \u00e9s felszerel\u00e9sek online \u00e1ruh\u00e1z\u00e1nak vezet\u0151 k\u00edn\u00e1lata","publisher":{"@id":"https:\/\/www.sportshine.eu\/#organization"},"potentialAction":[{"@type":"SearchAction","target":{"@type":"EntryPoint","urlTemplate":"https:\/\/www.sportshine.eu\/?s={search_term_string}"},"query-input":{"@type":"PropertyValueSpecification","valueRequired":true,"valueName":"search_term_string"}}],"inLanguage":"hu"},{"@type":"Organization","@id":"https:\/\/www.sportshine.eu\/#organization","name":"Sportshine","url":"https:\/\/www.sportshine.eu\/","logo":{"@type":"ImageObject","inLanguage":"hu","@id":"https:\/\/www.sportshine.eu\/#\/schema\/logo\/image\/","url":"https:\/\/www.sportshine.eu\/wp-content\/uploads\/2026\/01\/cropped-Sportshine.webp","contentUrl":"https:\/\/www.sportshine.eu\/wp-content\/uploads\/2026\/01\/cropped-Sportshine.webp","width":295,"height":128,"caption":"Sportshine"},"image":{"@id":"https:\/\/www.sportshine.eu\/#\/schema\/logo\/image\/"},"sameAs":["https:\/\/www.facebook.com\/sportshine.eu\/"]}]}},"_links":{"self":[{"href":"https:\/\/www.sportshine.eu\/hu\/wp-json\/wp\/v2\/product\/6424","targetHints":{"allow":["GET"]}}],"collection":[{"href":"https:\/\/www.sportshine.eu\/hu\/wp-json\/wp\/v2\/product"}],"about":[{"href":"https:\/\/www.sportshine.eu\/hu\/wp-json\/wp\/v2\/types\/product"}],"replies":[{"embeddable":true,"href":"https:\/\/www.sportshine.eu\/hu\/wp-json\/wp\/v2\/comments?post=6424"}],"version-history":[{"count":6,"href":"https:\/\/www.sportshine.eu\/hu\/wp-json\/wp\/v2\/product\/6424\/revisions"}],"predecessor-version":[{"id":10336,"href":"https:\/\/www.sportshine.eu\/hu\/wp-json\/wp\/v2\/product\/6424\/revisions\/10336"}],"wp:featuredmedia":[{"embeddable":true,"href":"https:\/\/www.sportshine.eu\/hu\/wp-json\/wp\/v2\/media\/5762"}],"wp:attachment":[{"href":"https:\/\/www.sportshine.eu\/hu\/wp-json\/wp\/v2\/media?parent=6424"}],"wp:term":[{"taxonomy":"product_brand","embeddable":true,"href":"https:\/\/www.sportshine.eu\/hu\/wp-json\/wp\/v2\/product_brand?post=6424"},{"taxonomy":"product_cat","embeddable":true,"href":"https:\/\/www.sportshine.eu\/hu\/wp-json\/wp\/v2\/product_cat?post=6424"},{"taxonomy":"product_tag","embeddable":true,"href":"https:\/\/www.sportshine.eu\/hu\/wp-json\/wp\/v2\/product_tag?post=6424"}],"curies":[{"name":"wp","href":"https:\/\/api.w.org\/{rel}","templated":true}]}}