{"id":6423,"date":"2025-07-08T19:40:17","date_gmt":"2025-07-08T19:40:17","guid":{"rendered":"https:\/\/www.sportshine.eu\/?post_type=product&#038;p=6423"},"modified":"2026-04-17T20:02:23","modified_gmt":"2026-04-17T20:02:23","slug":"magicshine-rouleur-kek-szurke-ejjellato-szemuveg","status":"publish","type":"product","link":"https:\/\/www.sportshine.eu\/hu\/uzlet\/magicshine-rouleur-kek-szurke-ejjellato-szemuveg\/","title":{"rendered":"Magicshine Rouleur szem\u00fcveg k\u00e9k\/sz\u00fcrke \u2013 \u00e9jjell\u00e1t\u00f3"},"content":{"rendered":"<p>A Magicshine Rouleur \u00e9jjell\u00e1t\u00f3 szem\u00fcveg \u00fct\u00e9s\u00e1ll\u00f3 lencs\u00e9kkel rendelkezik. A lencse h\u00e1tulja a Magicshine saj\u00e1t fejleszt\u00e9s\u0171 OAR bevonat\u00e1val van bevonva, amely optim\u00e1lis, t\u00fckr\u00f6z\u0151d\u00e9smentes \u00e9lm\u00e9nyt ny\u00fajt. A lencs\u00e9k mindk\u00e9t oldal\u00e1n tal\u00e1lhat\u00f3 folt\u00e1ll\u00f3 bevonat tasz\u00edtja a szennyez\u0151d\u00e9seket, az ujjlenyomatokat \u00e9s az olajokat, \u00edgy kiv\u00e1l\u00f3 v\u00e9delmet ny\u00fajt, \u00e9s megk\u00f6nny\u00edti a lencs\u00e9k tiszt\u00edt\u00e1s\u00e1t.<\/p>\n<p><img decoding=\"async\" class=\"aligncenter wp-image-7532 size-full\" src=\"https:\/\/www.sportshine.eu\/wp-content\/uploads\/2025\/07\/Ocala-Magicshine-Rouleur-10.webp\" alt=\"Magicshine Rouleur szem\u00fcvegek \" width=\"800\" height=\"800\" srcset=\"https:\/\/www.sportshine.eu\/wp-content\/uploads\/2025\/07\/Ocala-Magicshine-Rouleur-10.webp 800w, https:\/\/www.sportshine.eu\/wp-content\/uploads\/2025\/07\/Ocala-Magicshine-Rouleur-10-768x768.webp 768w, https:\/\/www.sportshine.eu\/wp-content\/uploads\/2025\/07\/Ocala-Magicshine-Rouleur-10-600x600.webp 600w\" sizes=\"(max-width: 800px) 100vw, 800px\" \/><\/p>\n<p>A lencs\u00e9k \u00e9s a sz\u00e1rv\u00e9gek k\u00f6r\u00fcli nagy szell\u0151z\u0151ny\u00edl\u00e1sok megakad\u00e1lyozz\u00e1k a p\u00e1r\u00e1sod\u00e1st \u00e9s biztos\u00edtj\u00e1k a tiszta l\u00e1t\u00e1st. A keret TR90 \u00e9s TPR anyagokb\u00f3l k\u00e9sz\u00fclt, a cs\u00fasz\u00e1sg\u00e1tl\u00f3 orrp\u00e1rn\u00e1kkal \u00e9s sz\u00e1rv\u00e9gekkel egy\u00fctt, \u00edgy biztos\u00edtva a k\u00e9nyelmes illeszked\u00e9st minden tev\u00e9kenys\u00e9gi szinten.<\/p>\n<p><iframe loading=\"lazy\" title=\"MAGICSHINE G\u00d6RG\u0150S KER\u00c9KP\u00c1ROZ\u00c1SI SPORT NAPSZEM\u00dcVEG\" width=\"500\" height=\"281\" src=\"https:\/\/www.youtube.com\/embed\/UCXbHHS1K_Q?feature=oembed\" frameborder=\"0\" allow=\"accelerometer; autoplay; clipboard-write; encrypted-media; gyroscope; picture-in-picture; web-share\" referrerpolicy=\"strict-origin-when-cross-origin\" allowfullscreen><\/iframe><\/p>","protected":false},"excerpt":{"rendered":"<p>A Magicshine Rouleur \u00e9jjell\u00e1t\u00f3 szem\u00fcveg els\u0151sorban a j\u00f3 \u00e9jszakai l\u00e1t\u00e1sra lett tervezve, \u00e9s nagy kontraszt\u00fa polikarbon\u00e1t lencs\u00e9kkel k\u00e9sz\u00fclt. Kiv\u00e9teles tisztas\u00e1got biztos\u00edtanak gyenge f\u00e9nyviszonyok mellett, kiemelve a finom r\u00e9szleteket a kontraszt fokoz\u00e1s\u00e1val. A h\u00e1ts\u00f3 OAR bevonat cs\u00f6kkenti a t\u00fckr\u00f6z\u0151d\u00e9st \u00e9s optim\u00e1lis vizu\u00e1lis k\u00e9nyelmet biztos\u00edt. A folt\u00e1ll\u00f3 technol\u00f3gia megakad\u00e1lyozza a szennyez\u0151d\u00e9sek, ujjlenyomatok \u00e9s olajok felhalmoz\u00f3d\u00e1s\u00e1t a lencs\u00e9ken, \u00edgy lehet\u0151v\u00e9 teszi a k\u00f6nny\u0171 karbantart\u00e1st \u00e9s meghosszabb\u00edtja \u00e9lettartamukat.<\/p>","protected":false},"featured_media":5756,"comment_status":"open","ping_status":"closed","template":"","meta":[],"product_brand":[131],"product_cat":[104,103],"product_tag":[174],"class_list":{"0":"post-6423","1":"product","2":"type-product","3":"status-publish","4":"has-post-thumbnail","6":"product_brand-magicshine","7":"product_cat-klasicna-kolesarska-ocala","8":"product_cat-kolesarska-ocala","9":"product_tag-magicshine-ocala","11":"first","12":"outofstock","13":"taxable","14":"shipping-taxable","15":"purchasable","16":"product-type-simple"},"yoast_head":"<!-- This site is optimized with the Yoast SEO plugin v27.3 - https:\/\/yoast.com\/product\/yoast-seo-wordpress\/ -->\n<title>O\u010dala Magicshine Rouleur blue\/grey - night vision<\/title>\n<meta name=\"description\" content=\"Izjemna \u0161portna o\u010dala priznane znamke Magicshine. Z OAR prevleko le\u010d in te\u017eo le 29 gramov. Priporo\u010damo za vse \u0161portne aktivnosti.\" \/>\n<meta name=\"robots\" content=\"index, follow, max-snippet:-1, max-image-preview:large, max-video-preview:-1\" \/>\n<link rel=\"canonical\" href=\"https:\/\/www.sportshine.eu\/hu\/uzlet\/magicshine-rouleur-kek-szurke-ejjellato-szemuveg\/\" \/>\n<meta property=\"og:locale\" content=\"hu_HU\" \/>\n<meta property=\"og:type\" content=\"article\" \/>\n<meta property=\"og:title\" content=\"O\u010dala Magicshine Rouleur blue\/grey - night vision\" \/>\n<meta property=\"og:description\" content=\"Izjemna \u0161portna o\u010dala priznane znamke Magicshine. Z OAR prevleko le\u010d in te\u017eo le 29 gramov. Priporo\u010damo za vse \u0161portne aktivnosti.\" \/>\n<meta property=\"og:url\" content=\"https:\/\/www.sportshine.eu\/hu\/uzlet\/magicshine-rouleur-kek-szurke-ejjellato-szemuveg\/\" \/>\n<meta property=\"og:site_name\" content=\"Sportshine\" \/>\n<meta property=\"article:publisher\" content=\"https:\/\/www.facebook.com\/sportshine.eu\/\" \/>\n<meta property=\"article:modified_time\" content=\"2026-04-17T20:02:23+00:00\" \/>\n<meta property=\"og:image\" content=\"https:\/\/www.sportshine.eu\/wp-content\/uploads\/2025\/07\/Ocala-Magicshine-Rouleur-bluegrey-night-vision.png\" \/>\n\t<meta property=\"og:image:width\" content=\"800\" \/>\n\t<meta property=\"og:image:height\" content=\"800\" \/>\n\t<meta property=\"og:image:type\" content=\"image\/png\" \/>\n<meta name=\"twitter:card\" content=\"summary_large_image\" \/>\n<meta name=\"twitter:label1\" content=\"Becs\u00fclt olvas\u00e1si id\u0151\" \/>\n\t<meta name=\"twitter:data1\" content=\"1 perc\" \/>\n<script type=\"application\/ld+json\" class=\"yoast-schema-graph\">{\"@context\":\"https:\\\/\\\/schema.org\",\"@graph\":[{\"@type\":\"WebPage\",\"@id\":\"https:\\\/\\\/www.sportshine.eu\\\/trgovina\\\/ocala-magicshine-rouleur-blue-grey-night-vision\\\/\",\"url\":\"https:\\\/\\\/www.sportshine.eu\\\/trgovina\\\/ocala-magicshine-rouleur-blue-grey-night-vision\\\/\",\"name\":\"O\u010dala Magicshine Rouleur blue\\\/grey - night vision\",\"isPartOf\":{\"@id\":\"https:\\\/\\\/www.sportshine.eu\\\/#website\"},\"primaryImageOfPage\":{\"@id\":\"https:\\\/\\\/www.sportshine.eu\\\/trgovina\\\/ocala-magicshine-rouleur-blue-grey-night-vision\\\/#primaryimage\"},\"image\":{\"@id\":\"https:\\\/\\\/www.sportshine.eu\\\/trgovina\\\/ocala-magicshine-rouleur-blue-grey-night-vision\\\/#primaryimage\"},\"thumbnailUrl\":\"https:\\\/\\\/www.sportshine.eu\\\/wp-content\\\/uploads\\\/2025\\\/07\\\/Ocala-Magicshine-Rouleur-bluegrey-night-vision.png\",\"datePublished\":\"2025-07-08T19:40:17+00:00\",\"dateModified\":\"2026-04-17T20:02:23+00:00\",\"description\":\"Izjemna \u0161portna o\u010dala priznane znamke Magicshine. Z OAR prevleko le\u010d in te\u017eo le 29 gramov. Priporo\u010damo za vse \u0161portne aktivnosti.\",\"breadcrumb\":{\"@id\":\"https:\\\/\\\/www.sportshine.eu\\\/trgovina\\\/ocala-magicshine-rouleur-blue-grey-night-vision\\\/#breadcrumb\"},\"inLanguage\":\"hu\",\"potentialAction\":[{\"@type\":\"ReadAction\",\"target\":[\"https:\\\/\\\/www.sportshine.eu\\\/trgovina\\\/ocala-magicshine-rouleur-blue-grey-night-vision\\\/\"]}]},{\"@type\":\"ImageObject\",\"inLanguage\":\"hu\",\"@id\":\"https:\\\/\\\/www.sportshine.eu\\\/trgovina\\\/ocala-magicshine-rouleur-blue-grey-night-vision\\\/#primaryimage\",\"url\":\"https:\\\/\\\/www.sportshine.eu\\\/wp-content\\\/uploads\\\/2025\\\/07\\\/Ocala-Magicshine-Rouleur-bluegrey-night-vision.png\",\"contentUrl\":\"https:\\\/\\\/www.sportshine.eu\\\/wp-content\\\/uploads\\\/2025\\\/07\\\/Ocala-Magicshine-Rouleur-bluegrey-night-vision.png\",\"width\":800,\"height\":800},{\"@type\":\"BreadcrumbList\",\"@id\":\"https:\\\/\\\/www.sportshine.eu\\\/trgovina\\\/ocala-magicshine-rouleur-blue-grey-night-vision\\\/#breadcrumb\",\"itemListElement\":[{\"@type\":\"ListItem\",\"position\":1,\"name\":\"Home\",\"item\":\"https:\\\/\\\/www.sportshine.eu\\\/\"},{\"@type\":\"ListItem\",\"position\":2,\"name\":\"Trgovina\",\"item\":\"https:\\\/\\\/www.sportshine.eu\\\/trgovina\\\/\"},{\"@type\":\"ListItem\",\"position\":3,\"name\":\"O\u010dala Magicshine Rouleur blue\\\/grey &#8211; night vision\"}]},{\"@type\":\"WebSite\",\"@id\":\"https:\\\/\\\/www.sportshine.eu\\\/#website\",\"url\":\"https:\\\/\\\/www.sportshine.eu\\\/\",\"name\":\"Sportshine\",\"description\":\"Top spletna trgovina kolesarskih in naglavnih svetilk ter opreme\",\"publisher\":{\"@id\":\"https:\\\/\\\/www.sportshine.eu\\\/#organization\"},\"potentialAction\":[{\"@type\":\"SearchAction\",\"target\":{\"@type\":\"EntryPoint\",\"urlTemplate\":\"https:\\\/\\\/www.sportshine.eu\\\/?s={search_term_string}\"},\"query-input\":{\"@type\":\"PropertyValueSpecification\",\"valueRequired\":true,\"valueName\":\"search_term_string\"}}],\"inLanguage\":\"hu\"},{\"@type\":\"Organization\",\"@id\":\"https:\\\/\\\/www.sportshine.eu\\\/#organization\",\"name\":\"Sportshine\",\"url\":\"https:\\\/\\\/www.sportshine.eu\\\/\",\"logo\":{\"@type\":\"ImageObject\",\"inLanguage\":\"hu\",\"@id\":\"https:\\\/\\\/www.sportshine.eu\\\/#\\\/schema\\\/logo\\\/image\\\/\",\"url\":\"https:\\\/\\\/www.sportshine.eu\\\/wp-content\\\/uploads\\\/2026\\\/01\\\/cropped-Sportshine.webp\",\"contentUrl\":\"https:\\\/\\\/www.sportshine.eu\\\/wp-content\\\/uploads\\\/2026\\\/01\\\/cropped-Sportshine.webp\",\"width\":295,\"height\":128,\"caption\":\"Sportshine\"},\"image\":{\"@id\":\"https:\\\/\\\/www.sportshine.eu\\\/#\\\/schema\\\/logo\\\/image\\\/\"},\"sameAs\":[\"https:\\\/\\\/www.facebook.com\\\/sportshine.eu\\\/\"]}]}<\/script>\n<!-- \/ Yoast SEO plugin. -->","yoast_head_json":{"title":"Magicshine Rouleur szem\u00fcveg k\u00e9k\/sz\u00fcrke - \u00e9jjell\u00e1t\u00f3","description":"Kiv\u00e9teles sportszem\u00fcveg a neves Magicshine m\u00e1rk\u00e1t\u00f3l. OAR lencsebevonattal \u00e9s mind\u00f6ssze 29 gramm s\u00faly\u00fa. Minden sporttev\u00e9kenys\u00e9ghez aj\u00e1nlott.","robots":{"index":"index","follow":"follow","max-snippet":"max-snippet:-1","max-image-preview":"max-image-preview:large","max-video-preview":"max-video-preview:-1"},"canonical":"https:\/\/www.sportshine.eu\/hu\/uzlet\/magicshine-rouleur-kek-szurke-ejjellato-szemuveg\/","og_locale":"hu_HU","og_type":"article","og_title":"O\u010dala Magicshine Rouleur blue\/grey - night vision","og_description":"Izjemna \u0161portna o\u010dala priznane znamke Magicshine. Z OAR prevleko le\u010d in te\u017eo le 29 gramov. Priporo\u010damo za vse \u0161portne aktivnosti.","og_url":"https:\/\/www.sportshine.eu\/hu\/uzlet\/magicshine-rouleur-kek-szurke-ejjellato-szemuveg\/","og_site_name":"Sportshine","article_publisher":"https:\/\/www.facebook.com\/sportshine.eu\/","article_modified_time":"2026-04-17T20:02:23+00:00","og_image":[{"width":800,"height":800,"url":"https:\/\/www.sportshine.eu\/wp-content\/uploads\/2025\/07\/Ocala-Magicshine-Rouleur-bluegrey-night-vision.png","type":"image\/png"}],"twitter_card":"summary_large_image","twitter_misc":{"Becs\u00fclt olvas\u00e1si id\u0151":"1 perc"},"schema":{"@context":"https:\/\/schema.org","@graph":[{"@type":"WebPage","@id":"https:\/\/www.sportshine.eu\/trgovina\/ocala-magicshine-rouleur-blue-grey-night-vision\/","url":"https:\/\/www.sportshine.eu\/trgovina\/ocala-magicshine-rouleur-blue-grey-night-vision\/","name":"Magicshine Rouleur szem\u00fcveg k\u00e9k\/sz\u00fcrke - \u00e9jjell\u00e1t\u00f3","isPartOf":{"@id":"https:\/\/www.sportshine.eu\/#website"},"primaryImageOfPage":{"@id":"https:\/\/www.sportshine.eu\/trgovina\/ocala-magicshine-rouleur-blue-grey-night-vision\/#primaryimage"},"image":{"@id":"https:\/\/www.sportshine.eu\/trgovina\/ocala-magicshine-rouleur-blue-grey-night-vision\/#primaryimage"},"thumbnailUrl":"https:\/\/www.sportshine.eu\/wp-content\/uploads\/2025\/07\/Ocala-Magicshine-Rouleur-bluegrey-night-vision.png","datePublished":"2025-07-08T19:40:17+00:00","dateModified":"2026-04-17T20:02:23+00:00","description":"Kiv\u00e9teles sportszem\u00fcveg a neves Magicshine m\u00e1rk\u00e1t\u00f3l. OAR lencsebevonattal \u00e9s mind\u00f6ssze 29 gramm s\u00faly\u00fa. Minden sporttev\u00e9kenys\u00e9ghez aj\u00e1nlott.","breadcrumb":{"@id":"https:\/\/www.sportshine.eu\/trgovina\/ocala-magicshine-rouleur-blue-grey-night-vision\/#breadcrumb"},"inLanguage":"hu","potentialAction":[{"@type":"ReadAction","target":["https:\/\/www.sportshine.eu\/trgovina\/ocala-magicshine-rouleur-blue-grey-night-vision\/"]}]},{"@type":"ImageObject","inLanguage":"hu","@id":"https:\/\/www.sportshine.eu\/trgovina\/ocala-magicshine-rouleur-blue-grey-night-vision\/#primaryimage","url":"https:\/\/www.sportshine.eu\/wp-content\/uploads\/2025\/07\/Ocala-Magicshine-Rouleur-bluegrey-night-vision.png","contentUrl":"https:\/\/www.sportshine.eu\/wp-content\/uploads\/2025\/07\/Ocala-Magicshine-Rouleur-bluegrey-night-vision.png","width":800,"height":800},{"@type":"BreadcrumbList","@id":"https:\/\/www.sportshine.eu\/trgovina\/ocala-magicshine-rouleur-blue-grey-night-vision\/#breadcrumb","itemListElement":[{"@type":"ListItem","position":1,"name":"Home","item":"https:\/\/www.sportshine.eu\/"},{"@type":"ListItem","position":2,"name":"Trgovina","item":"https:\/\/www.sportshine.eu\/trgovina\/"},{"@type":"ListItem","position":3,"name":"O\u010dala Magicshine Rouleur blue\/grey &#8211; night vision"}]},{"@type":"WebSite","@id":"https:\/\/www.sportshine.eu\/#website","url":"https:\/\/www.sportshine.eu\/","name":"Sportshine","description":"Ker\u00e9kp\u00e1ros, fejl\u00e1mp\u00e1k \u00e9s felszerel\u00e9sek online \u00e1ruh\u00e1z\u00e1nak vezet\u0151 k\u00edn\u00e1lata","publisher":{"@id":"https:\/\/www.sportshine.eu\/#organization"},"potentialAction":[{"@type":"SearchAction","target":{"@type":"EntryPoint","urlTemplate":"https:\/\/www.sportshine.eu\/?s={search_term_string}"},"query-input":{"@type":"PropertyValueSpecification","valueRequired":true,"valueName":"search_term_string"}}],"inLanguage":"hu"},{"@type":"Organization","@id":"https:\/\/www.sportshine.eu\/#organization","name":"Sportshine","url":"https:\/\/www.sportshine.eu\/","logo":{"@type":"ImageObject","inLanguage":"hu","@id":"https:\/\/www.sportshine.eu\/#\/schema\/logo\/image\/","url":"https:\/\/www.sportshine.eu\/wp-content\/uploads\/2026\/01\/cropped-Sportshine.webp","contentUrl":"https:\/\/www.sportshine.eu\/wp-content\/uploads\/2026\/01\/cropped-Sportshine.webp","width":295,"height":128,"caption":"Sportshine"},"image":{"@id":"https:\/\/www.sportshine.eu\/#\/schema\/logo\/image\/"},"sameAs":["https:\/\/www.facebook.com\/sportshine.eu\/"]}]}},"_links":{"self":[{"href":"https:\/\/www.sportshine.eu\/hu\/wp-json\/wp\/v2\/product\/6423","targetHints":{"allow":["GET"]}}],"collection":[{"href":"https:\/\/www.sportshine.eu\/hu\/wp-json\/wp\/v2\/product"}],"about":[{"href":"https:\/\/www.sportshine.eu\/hu\/wp-json\/wp\/v2\/types\/product"}],"replies":[{"embeddable":true,"href":"https:\/\/www.sportshine.eu\/hu\/wp-json\/wp\/v2\/comments?post=6423"}],"version-history":[{"count":1,"href":"https:\/\/www.sportshine.eu\/hu\/wp-json\/wp\/v2\/product\/6423\/revisions"}],"predecessor-version":[{"id":10386,"href":"https:\/\/www.sportshine.eu\/hu\/wp-json\/wp\/v2\/product\/6423\/revisions\/10386"}],"wp:featuredmedia":[{"embeddable":true,"href":"https:\/\/www.sportshine.eu\/hu\/wp-json\/wp\/v2\/media\/5756"}],"wp:attachment":[{"href":"https:\/\/www.sportshine.eu\/hu\/wp-json\/wp\/v2\/media?parent=6423"}],"wp:term":[{"taxonomy":"product_brand","embeddable":true,"href":"https:\/\/www.sportshine.eu\/hu\/wp-json\/wp\/v2\/product_brand?post=6423"},{"taxonomy":"product_cat","embeddable":true,"href":"https:\/\/www.sportshine.eu\/hu\/wp-json\/wp\/v2\/product_cat?post=6423"},{"taxonomy":"product_tag","embeddable":true,"href":"https:\/\/www.sportshine.eu\/hu\/wp-json\/wp\/v2\/product_tag?post=6423"}],"curies":[{"name":"wp","href":"https:\/\/api.w.org\/{rel}","templated":true}]}}