{"id":6417,"date":"2025-07-08T19:40:10","date_gmt":"2025-07-08T19:40:10","guid":{"rendered":"https:\/\/www.sportshine.eu\/?post_type=product&#038;p=6417"},"modified":"2026-01-23T22:16:40","modified_gmt":"2026-01-23T22:16:40","slug":"magicshine-szeldzseki-kerekparos-szemuveg-barna","status":"publish","type":"product","link":"https:\/\/www.sportshine.eu\/hu\/uzlet\/magicshine-szeldzseki-kerekparos-szemuveg-barna\/","title":{"rendered":"Magicshine Windbreaker ker\u00e9kp\u00e1ros szem\u00fcveg barna"},"content":{"rendered":"<p>A Magicshine Windbreaker ker\u00e9kp\u00e1ros szem\u00fcveg nagyszer\u0171 v\u00e1laszt\u00e1s ker\u00e9kp\u00e1rosok sz\u00e1m\u00e1ra, mivel megfizethet\u0151 \u00e1ron \u00f6tv\u00f6zi a v\u00e9delmet, a k\u00e9nyelmet \u00e9s az alacsony s\u00falyt. Alakja k\u00fcl\u00f6nb\u00f6z\u0151 arcform\u00e1khoz illik, \u00e9s k\u00e9nyelmes viseletet biztos\u00edt.<\/p>\n<p>A polikarbon\u00e1t lencs\u00e9k k\u00fcls\u0151 REVO bevonattal rendelkeznek, amely cs\u00f6kkenti a t\u00fckr\u00f6z\u0151d\u00e9st \u00e9s jav\u00edtja a kontrasztot. A bels\u0151 OAR bevonat cs\u00f6kkenti a t\u00fckr\u00f6z\u0151d\u00e9st. A szem\u00fcveg kiv\u00e9teles k\u00e9nyelmet biztos\u00edt, mivel nem nyomja az \u00e1rny\u00e9kokat, f\u00fcggetlen\u00fcl att\u00f3l, hogy visel-e sisakot vagy sem. Az \u00e1ll\u00edthat\u00f3 orr-r\u00e9sz lehet\u0151v\u00e9 teszi a j\u00f3 illeszked\u00e9st az archoz, \u00e9s a szem\u00fcveg stabilan \u00e9s biztons\u00e1gosan a hely\u00e9n marad ker\u00e9kp\u00e1roz\u00e1s k\u00f6zben.<\/p>\n<p>A lencs\u00e9k nem p\u00e1r\u00e1sodnak be, amit a lencs\u00e9k alj\u00e1n tal\u00e1lhat\u00f3 szell\u0151z\u0151csatorn\u00e1k \u00e9s nyitott form\u00e1juk seg\u00edt, ami jobb l\u00e9g\u00e1raml\u00e1st tesz lehet\u0151v\u00e9. A foltok megakad\u00e1lyozz\u00e1k a szennyez\u0151d\u00e9s \u00e9s az olaj felhalmoz\u00f3d\u00e1s\u00e1t, \u00edgy gondtalan lencsekarbantart\u00e1st biztos\u00edtanak.<\/p>\n<p>Teljesen keret n\u00e9lk\u00fcli kialak\u00edt\u00e1suknak \u00e9s nagy, \u00edvelt lencs\u00e9iknek k\u00f6sz\u00f6nhet\u0151en a szem\u00fcveg eleg\u00e1ns \u00e9s sportos, kiv\u00e1l\u00f3 l\u00e1t\u00e1si viszonyokat biztos\u00edtva. Teljes k\u00f6r\u0171 v\u00e9delmet ny\u00fajtanak a k\u00e1ros UV-sugarak ellen, \u00e9s megv\u00e9dik a szemet a sz\u00e9lt\u0151l, a port\u00f3l \u00e9s a l\u00e9gk\u00f6ri hat\u00e1sokt\u00f3l.<\/p>\n<p>Mi a REVO bevonat? Kattintson <span style=\"color: #339966;\"><a style=\"color: #339966;\" href=\"https:\/\/www.sportshine.eu\/hu\/revo-borito\/\">itt<\/a><\/span><\/p>\n<p><iframe loading=\"lazy\" title=\"Magicshine SZ\u00c9LKAB\u00c1T\" width=\"500\" height=\"281\" src=\"https:\/\/www.youtube.com\/embed\/aeMY_kcMBAE?feature=oembed\" frameborder=\"0\" allow=\"accelerometer; autoplay; clipboard-write; encrypted-media; gyroscope; picture-in-picture; web-share\" referrerpolicy=\"strict-origin-when-cross-origin\" allowfullscreen><\/iframe><\/p>","protected":false},"excerpt":{"rendered":"<p>A Windbreaker Glasses a Magicshine professzion\u00e1lis ker\u00e9kp\u00e1ros napszem\u00fcveg-sorozata, kiv\u00e9teles tisztas\u00e1ggal. Alkalmasak mind a professzion\u00e1lis ker\u00e9kp\u00e1roz\u00e1shoz, mind a mindennapi ker\u00e9kp\u00e1roz\u00e1shoz. Kiv\u00e1l\u00f3 \u00e9rt\u00e9kel\u00e9seket kaptak a f\u00fcggetlen \u00e9s vil\u00e1gh\u00edr\u0171 road.cc online port\u00e1lon. \u201eKiv\u00e1l\u00f3 lencs\u00e9vel, alacsony s\u00fallyal \u00e9s j\u00f3 fel\u00e9p\u00edt\u00e9si min\u0151s\u00e9ggel rendelkeznek. \u00c9s mindezt nagyon versenyk\u00e9pes \u00e1ron.\u201d<\/p>","protected":false},"featured_media":5713,"comment_status":"open","ping_status":"closed","template":"","meta":[],"product_brand":[131],"product_cat":[104,103],"product_tag":[174],"class_list":{"0":"post-6417","1":"product","2":"type-product","3":"status-publish","4":"has-post-thumbnail","6":"product_brand-magicshine","7":"product_cat-klasicna-kolesarska-ocala","8":"product_cat-kolesarska-ocala","9":"product_tag-magicshine-ocala","11":"first","12":"instock","13":"taxable","14":"shipping-taxable","15":"purchasable","16":"product-type-simple"},"yoast_head":"<!-- This site is optimized with the Yoast SEO plugin v27.3 - https:\/\/yoast.com\/product\/yoast-seo-wordpress\/ -->\n<title>Kolesarska o\u010dala Magicshine Windbreaker brown<\/title>\n<meta name=\"description\" content=\"Izjemna kolesarska o\u010dala priznane znamke Magicshine. Z REVO in OAR prevleko le\u010d in te\u017eo le 29 gramov. Priporo\u010damo za vse \u0161portne aktivnosti.\" \/>\n<meta name=\"robots\" content=\"index, follow, max-snippet:-1, max-image-preview:large, max-video-preview:-1\" \/>\n<link rel=\"canonical\" href=\"https:\/\/www.sportshine.eu\/hu\/uzlet\/magicshine-szeldzseki-kerekparos-szemuveg-barna\/\" \/>\n<meta property=\"og:locale\" content=\"hu_HU\" \/>\n<meta property=\"og:type\" content=\"article\" \/>\n<meta property=\"og:title\" content=\"Kolesarska o\u010dala Magicshine Windbreaker brown\" \/>\n<meta property=\"og:description\" content=\"Izjemna kolesarska o\u010dala priznane znamke Magicshine. Z REVO in OAR prevleko le\u010d in te\u017eo le 29 gramov. Priporo\u010damo za vse \u0161portne aktivnosti.\" \/>\n<meta property=\"og:url\" content=\"https:\/\/www.sportshine.eu\/hu\/uzlet\/magicshine-szeldzseki-kerekparos-szemuveg-barna\/\" \/>\n<meta property=\"og:site_name\" content=\"Sportshine\" \/>\n<meta property=\"article:publisher\" content=\"https:\/\/www.facebook.com\/sportshine.eu\/\" \/>\n<meta property=\"article:modified_time\" content=\"2026-01-23T22:16:40+00:00\" \/>\n<meta property=\"og:image\" content=\"https:\/\/www.sportshine.eu\/wp-content\/uploads\/2025\/07\/Kolesarska-ocala-Magicshine-Windbreaker-brown.webp\" \/>\n\t<meta property=\"og:image:width\" content=\"800\" \/>\n\t<meta property=\"og:image:height\" content=\"800\" \/>\n\t<meta property=\"og:image:type\" content=\"image\/webp\" \/>\n<meta name=\"twitter:card\" content=\"summary_large_image\" \/>\n<meta name=\"twitter:label1\" content=\"Becs\u00fclt olvas\u00e1si id\u0151\" \/>\n\t<meta name=\"twitter:data1\" content=\"2 perc\" \/>\n<script type=\"application\/ld+json\" class=\"yoast-schema-graph\">{\"@context\":\"https:\\\/\\\/schema.org\",\"@graph\":[{\"@type\":\"WebPage\",\"@id\":\"https:\\\/\\\/www.sportshine.eu\\\/trgovina\\\/kolesarska-ocala-magicshine-windbreaker-brown\\\/\",\"url\":\"https:\\\/\\\/www.sportshine.eu\\\/trgovina\\\/kolesarska-ocala-magicshine-windbreaker-brown\\\/\",\"name\":\"Kolesarska o\u010dala Magicshine Windbreaker brown\",\"isPartOf\":{\"@id\":\"https:\\\/\\\/www.sportshine.eu\\\/#website\"},\"primaryImageOfPage\":{\"@id\":\"https:\\\/\\\/www.sportshine.eu\\\/trgovina\\\/kolesarska-ocala-magicshine-windbreaker-brown\\\/#primaryimage\"},\"image\":{\"@id\":\"https:\\\/\\\/www.sportshine.eu\\\/trgovina\\\/kolesarska-ocala-magicshine-windbreaker-brown\\\/#primaryimage\"},\"thumbnailUrl\":\"https:\\\/\\\/www.sportshine.eu\\\/wp-content\\\/uploads\\\/2025\\\/07\\\/Kolesarska-ocala-Magicshine-Windbreaker-brown.webp\",\"datePublished\":\"2025-07-08T19:40:10+00:00\",\"dateModified\":\"2026-01-23T22:16:40+00:00\",\"description\":\"Izjemna kolesarska o\u010dala priznane znamke Magicshine. Z REVO in OAR prevleko le\u010d in te\u017eo le 29 gramov. Priporo\u010damo za vse \u0161portne aktivnosti.\",\"breadcrumb\":{\"@id\":\"https:\\\/\\\/www.sportshine.eu\\\/trgovina\\\/kolesarska-ocala-magicshine-windbreaker-brown\\\/#breadcrumb\"},\"inLanguage\":\"hu\",\"potentialAction\":[{\"@type\":\"ReadAction\",\"target\":[\"https:\\\/\\\/www.sportshine.eu\\\/trgovina\\\/kolesarska-ocala-magicshine-windbreaker-brown\\\/\"]}]},{\"@type\":\"ImageObject\",\"inLanguage\":\"hu\",\"@id\":\"https:\\\/\\\/www.sportshine.eu\\\/trgovina\\\/kolesarska-ocala-magicshine-windbreaker-brown\\\/#primaryimage\",\"url\":\"https:\\\/\\\/www.sportshine.eu\\\/wp-content\\\/uploads\\\/2025\\\/07\\\/Kolesarska-ocala-Magicshine-Windbreaker-brown.webp\",\"contentUrl\":\"https:\\\/\\\/www.sportshine.eu\\\/wp-content\\\/uploads\\\/2025\\\/07\\\/Kolesarska-ocala-Magicshine-Windbreaker-brown.webp\",\"width\":800,\"height\":800},{\"@type\":\"BreadcrumbList\",\"@id\":\"https:\\\/\\\/www.sportshine.eu\\\/trgovina\\\/kolesarska-ocala-magicshine-windbreaker-brown\\\/#breadcrumb\",\"itemListElement\":[{\"@type\":\"ListItem\",\"position\":1,\"name\":\"Home\",\"item\":\"https:\\\/\\\/www.sportshine.eu\\\/\"},{\"@type\":\"ListItem\",\"position\":2,\"name\":\"Trgovina\",\"item\":\"https:\\\/\\\/www.sportshine.eu\\\/trgovina\\\/\"},{\"@type\":\"ListItem\",\"position\":3,\"name\":\"Kolesarska o\u010dala Magicshine Windbreaker brown\"}]},{\"@type\":\"WebSite\",\"@id\":\"https:\\\/\\\/www.sportshine.eu\\\/#website\",\"url\":\"https:\\\/\\\/www.sportshine.eu\\\/\",\"name\":\"Sportshine\",\"description\":\"Top spletna trgovina kolesarskih in naglavnih svetilk ter opreme\",\"publisher\":{\"@id\":\"https:\\\/\\\/www.sportshine.eu\\\/#organization\"},\"potentialAction\":[{\"@type\":\"SearchAction\",\"target\":{\"@type\":\"EntryPoint\",\"urlTemplate\":\"https:\\\/\\\/www.sportshine.eu\\\/?s={search_term_string}\"},\"query-input\":{\"@type\":\"PropertyValueSpecification\",\"valueRequired\":true,\"valueName\":\"search_term_string\"}}],\"inLanguage\":\"hu\"},{\"@type\":\"Organization\",\"@id\":\"https:\\\/\\\/www.sportshine.eu\\\/#organization\",\"name\":\"Sportshine\",\"url\":\"https:\\\/\\\/www.sportshine.eu\\\/\",\"logo\":{\"@type\":\"ImageObject\",\"inLanguage\":\"hu\",\"@id\":\"https:\\\/\\\/www.sportshine.eu\\\/#\\\/schema\\\/logo\\\/image\\\/\",\"url\":\"https:\\\/\\\/www.sportshine.eu\\\/wp-content\\\/uploads\\\/2026\\\/01\\\/cropped-Sportshine.webp\",\"contentUrl\":\"https:\\\/\\\/www.sportshine.eu\\\/wp-content\\\/uploads\\\/2026\\\/01\\\/cropped-Sportshine.webp\",\"width\":295,\"height\":128,\"caption\":\"Sportshine\"},\"image\":{\"@id\":\"https:\\\/\\\/www.sportshine.eu\\\/#\\\/schema\\\/logo\\\/image\\\/\"},\"sameAs\":[\"https:\\\/\\\/www.facebook.com\\\/sportshine.eu\\\/\"]}]}<\/script>\n<!-- \/ Yoast SEO plugin. -->","yoast_head_json":{"title":"Magicshine Windbreaker ker\u00e9kp\u00e1ros szem\u00fcveg barna","description":"Kiv\u00e9teles ker\u00e9kp\u00e1ros szem\u00fcveg a neves Magicshine m\u00e1rk\u00e1t\u00f3l. REVO \u00e9s OAR lencsebevonattal, mind\u00f6ssze 29 gramm s\u00faly\u00fa. Minden sporttev\u00e9kenys\u00e9ghez aj\u00e1nlott.","robots":{"index":"index","follow":"follow","max-snippet":"max-snippet:-1","max-image-preview":"max-image-preview:large","max-video-preview":"max-video-preview:-1"},"canonical":"https:\/\/www.sportshine.eu\/hu\/uzlet\/magicshine-szeldzseki-kerekparos-szemuveg-barna\/","og_locale":"hu_HU","og_type":"article","og_title":"Kolesarska o\u010dala Magicshine Windbreaker brown","og_description":"Izjemna kolesarska o\u010dala priznane znamke Magicshine. Z REVO in OAR prevleko le\u010d in te\u017eo le 29 gramov. Priporo\u010damo za vse \u0161portne aktivnosti.","og_url":"https:\/\/www.sportshine.eu\/hu\/uzlet\/magicshine-szeldzseki-kerekparos-szemuveg-barna\/","og_site_name":"Sportshine","article_publisher":"https:\/\/www.facebook.com\/sportshine.eu\/","article_modified_time":"2026-01-23T22:16:40+00:00","og_image":[{"width":800,"height":800,"url":"https:\/\/www.sportshine.eu\/wp-content\/uploads\/2025\/07\/Kolesarska-ocala-Magicshine-Windbreaker-brown.webp","type":"image\/webp"}],"twitter_card":"summary_large_image","twitter_misc":{"Becs\u00fclt olvas\u00e1si id\u0151":"2 perc"},"schema":{"@context":"https:\/\/schema.org","@graph":[{"@type":"WebPage","@id":"https:\/\/www.sportshine.eu\/trgovina\/kolesarska-ocala-magicshine-windbreaker-brown\/","url":"https:\/\/www.sportshine.eu\/trgovina\/kolesarska-ocala-magicshine-windbreaker-brown\/","name":"Magicshine Windbreaker ker\u00e9kp\u00e1ros szem\u00fcveg barna","isPartOf":{"@id":"https:\/\/www.sportshine.eu\/#website"},"primaryImageOfPage":{"@id":"https:\/\/www.sportshine.eu\/trgovina\/kolesarska-ocala-magicshine-windbreaker-brown\/#primaryimage"},"image":{"@id":"https:\/\/www.sportshine.eu\/trgovina\/kolesarska-ocala-magicshine-windbreaker-brown\/#primaryimage"},"thumbnailUrl":"https:\/\/www.sportshine.eu\/wp-content\/uploads\/2025\/07\/Kolesarska-ocala-Magicshine-Windbreaker-brown.webp","datePublished":"2025-07-08T19:40:10+00:00","dateModified":"2026-01-23T22:16:40+00:00","description":"Kiv\u00e9teles ker\u00e9kp\u00e1ros szem\u00fcveg a neves Magicshine m\u00e1rk\u00e1t\u00f3l. REVO \u00e9s OAR lencsebevonattal, mind\u00f6ssze 29 gramm s\u00faly\u00fa. Minden sporttev\u00e9kenys\u00e9ghez aj\u00e1nlott.","breadcrumb":{"@id":"https:\/\/www.sportshine.eu\/trgovina\/kolesarska-ocala-magicshine-windbreaker-brown\/#breadcrumb"},"inLanguage":"hu","potentialAction":[{"@type":"ReadAction","target":["https:\/\/www.sportshine.eu\/trgovina\/kolesarska-ocala-magicshine-windbreaker-brown\/"]}]},{"@type":"ImageObject","inLanguage":"hu","@id":"https:\/\/www.sportshine.eu\/trgovina\/kolesarska-ocala-magicshine-windbreaker-brown\/#primaryimage","url":"https:\/\/www.sportshine.eu\/wp-content\/uploads\/2025\/07\/Kolesarska-ocala-Magicshine-Windbreaker-brown.webp","contentUrl":"https:\/\/www.sportshine.eu\/wp-content\/uploads\/2025\/07\/Kolesarska-ocala-Magicshine-Windbreaker-brown.webp","width":800,"height":800},{"@type":"BreadcrumbList","@id":"https:\/\/www.sportshine.eu\/trgovina\/kolesarska-ocala-magicshine-windbreaker-brown\/#breadcrumb","itemListElement":[{"@type":"ListItem","position":1,"name":"Home","item":"https:\/\/www.sportshine.eu\/"},{"@type":"ListItem","position":2,"name":"Trgovina","item":"https:\/\/www.sportshine.eu\/trgovina\/"},{"@type":"ListItem","position":3,"name":"Kolesarska o\u010dala Magicshine Windbreaker brown"}]},{"@type":"WebSite","@id":"https:\/\/www.sportshine.eu\/#website","url":"https:\/\/www.sportshine.eu\/","name":"Sportshine","description":"Ker\u00e9kp\u00e1ros, fejl\u00e1mp\u00e1k \u00e9s felszerel\u00e9sek online \u00e1ruh\u00e1z\u00e1nak vezet\u0151 k\u00edn\u00e1lata","publisher":{"@id":"https:\/\/www.sportshine.eu\/#organization"},"potentialAction":[{"@type":"SearchAction","target":{"@type":"EntryPoint","urlTemplate":"https:\/\/www.sportshine.eu\/?s={search_term_string}"},"query-input":{"@type":"PropertyValueSpecification","valueRequired":true,"valueName":"search_term_string"}}],"inLanguage":"hu"},{"@type":"Organization","@id":"https:\/\/www.sportshine.eu\/#organization","name":"Sportshine","url":"https:\/\/www.sportshine.eu\/","logo":{"@type":"ImageObject","inLanguage":"hu","@id":"https:\/\/www.sportshine.eu\/#\/schema\/logo\/image\/","url":"https:\/\/www.sportshine.eu\/wp-content\/uploads\/2026\/01\/cropped-Sportshine.webp","contentUrl":"https:\/\/www.sportshine.eu\/wp-content\/uploads\/2026\/01\/cropped-Sportshine.webp","width":295,"height":128,"caption":"Sportshine"},"image":{"@id":"https:\/\/www.sportshine.eu\/#\/schema\/logo\/image\/"},"sameAs":["https:\/\/www.facebook.com\/sportshine.eu\/"]}]}},"_links":{"self":[{"href":"https:\/\/www.sportshine.eu\/hu\/wp-json\/wp\/v2\/product\/6417","targetHints":{"allow":["GET"]}}],"collection":[{"href":"https:\/\/www.sportshine.eu\/hu\/wp-json\/wp\/v2\/product"}],"about":[{"href":"https:\/\/www.sportshine.eu\/hu\/wp-json\/wp\/v2\/types\/product"}],"replies":[{"embeddable":true,"href":"https:\/\/www.sportshine.eu\/hu\/wp-json\/wp\/v2\/comments?post=6417"}],"version-history":[{"count":0,"href":"https:\/\/www.sportshine.eu\/hu\/wp-json\/wp\/v2\/product\/6417\/revisions"}],"wp:featuredmedia":[{"embeddable":true,"href":"https:\/\/www.sportshine.eu\/hu\/wp-json\/wp\/v2\/media\/5713"}],"wp:attachment":[{"href":"https:\/\/www.sportshine.eu\/hu\/wp-json\/wp\/v2\/media?parent=6417"}],"wp:term":[{"taxonomy":"product_brand","embeddable":true,"href":"https:\/\/www.sportshine.eu\/hu\/wp-json\/wp\/v2\/product_brand?post=6417"},{"taxonomy":"product_cat","embeddable":true,"href":"https:\/\/www.sportshine.eu\/hu\/wp-json\/wp\/v2\/product_cat?post=6417"},{"taxonomy":"product_tag","embeddable":true,"href":"https:\/\/www.sportshine.eu\/hu\/wp-json\/wp\/v2\/product_tag?post=6417"}],"curies":[{"name":"wp","href":"https:\/\/api.w.org\/{rel}","templated":true}]}}