{"id":6413,"date":"2025-07-09T19:40:06","date_gmt":"2025-07-09T19:40:06","guid":{"rendered":"https:\/\/www.sportshine.eu\/?post_type=product&#038;p=6413"},"modified":"2026-03-06T12:22:42","modified_gmt":"2026-03-06T12:22:42","slug":"magicshine-sprinter-kerekparos-szemuveg-vilagosszurke-kek","status":"publish","type":"product","link":"https:\/\/www.sportshine.eu\/hu\/uzlet\/magicshine-sprinter-kerekparos-szemuveg-vilagosszurke-kek\/","title":{"rendered":"Magicshine Sprinter ker\u00e9kp\u00e1ros szem\u00fcveg, vil\u00e1gos sz\u00fcrke\/k\u00e9k"},"content":{"rendered":"<div class=\"elementor-element elementor-element-c209278 elementor-widget elementor-widget-heading\" data-id=\"c209278\" data-element_type=\"widget\" data-widget_type=\"heading.default\">\n<p>A n\u00e9gy lencseszell\u0151z\u0151vel \u00e9s a sz\u00e1rak tov\u00e1bbi szell\u0151z\u00e9s\u00e9vel felszerelt Sprinter ker\u00e9kp\u00e1ros szem\u00fcveg optim\u00e1lis l\u00e9g\u00e1raml\u00e1st biztos\u00edt, megakad\u00e1lyozza a p\u00e1r\u00e1sod\u00e1st \u00e9s cs\u00f6kkenti a l\u00e9gellen\u00e1ll\u00e1st, \u00edgy ker\u00e9kp\u00e1roz\u00e1s k\u00f6zben tiszta l\u00e1t\u00e1st biztos\u00edt. Tart\u00f3s TR90 \u00e9s TPR anyagokb\u00f3l k\u00e9sz\u00fclt, \u00fagy tervezt\u00e9k, hogy ellen\u00e1lljon a deform\u00e1ci\u00f3nak, \u00edgy hossz\u00fa t\u00e1v\u00fa tart\u00f3ss\u00e1got biztos\u00edt. Az ultra-strapab\u00edr\u00f3 orrnyereg \u00e9s a gumis sz\u00e1rv\u00e9gek biztos fog\u00e1st biztos\u00edtanak, m\u00e9g er\u0151s izzad\u00e1s vagy intenz\u00edv tev\u00e9kenys\u00e9gek eset\u00e9n is.<\/p>\n<p><img decoding=\"async\" class=\"aligncenter wp-image-7539 size-full\" src=\"https:\/\/www.sportshine.eu\/wp-content\/uploads\/2025\/07\/Kolesarska-ocala-Magicshine-Sprinter-light-grey-1.webp\" alt=\"\" width=\"800\" height=\"800\" srcset=\"https:\/\/www.sportshine.eu\/wp-content\/uploads\/2025\/07\/Kolesarska-ocala-Magicshine-Sprinter-light-grey-1.webp 800w, https:\/\/www.sportshine.eu\/wp-content\/uploads\/2025\/07\/Kolesarska-ocala-Magicshine-Sprinter-light-grey-1-768x768.webp 768w, https:\/\/www.sportshine.eu\/wp-content\/uploads\/2025\/07\/Kolesarska-ocala-Magicshine-Sprinter-light-grey-1-600x600.webp 600w\" sizes=\"(max-width: 800px) 100vw, 800px\" \/><\/p>\n<p>&nbsp;<\/p>\n<\/div>\n<div class=\"elementor-element elementor-element-c209278 elementor-widget elementor-widget-heading\" data-id=\"c209278\" data-element_type=\"widget\" data-widget_type=\"heading.default\">\n<div class=\"elementor-element elementor-element-25b12d99 elementor-widget elementor-widget-heading\" data-id=\"25b12d99\" data-element_type=\"widget\" data-widget_type=\"heading.default\">\n<div class=\"elementor-widget-container\">\n<section class=\"elementor-section elementor-top-section elementor-element elementor-element-31009ff8 elementor-section-boxed elementor-section-height-default elementor-section-height-default\" data-id=\"31009ff8\" data-element_type=\"section\">\n<div class=\"elementor-container elementor-column-gap-default\">\n<div class=\"elementor-column elementor-col-100 elementor-top-column elementor-element elementor-element-16b76c01\" data-id=\"16b76c01\" data-element_type=\"column\">\n<div class=\"elementor-widget-wrap elementor-element-populated\">\n<div class=\"elementor-element elementor-element-2982363a elementor-widget elementor-widget-heading\" data-id=\"2982363a\" data-element_type=\"widget\" data-widget_type=\"heading.default\">\n<section class=\"elementor-section elementor-top-section elementor-element elementor-element-41477614 elementor-section-boxed elementor-section-height-default elementor-section-height-default\" data-id=\"41477614\" data-element_type=\"section\">\n<div class=\"elementor-container elementor-column-gap-default\">\n<div class=\"elementor-column elementor-col-100 elementor-top-column elementor-element elementor-element-efcd3\" data-id=\"efcd3\" data-element_type=\"column\">\n<div class=\"elementor-widget-wrap elementor-element-populated\">\n<div class=\"elementor-element elementor-element-54a03f68 elementor-widget elementor-widget-heading\" data-id=\"54a03f68\" data-element_type=\"widget\" data-widget_type=\"heading.default\">\n<div class=\"elementor-widget-container\">\n<p class=\"elementor-heading-title elementor-size-default\" style=\"text-align: center;\">\n<\/div>\n<\/div>\n<\/div>\n<\/div>\n<\/div>\n<\/section>\n<\/div>\n<\/div>\n<\/div>\n<\/div>\n<\/section>\n<\/div>\n<\/div>\n<\/div>","protected":false},"excerpt":{"rendered":"<p>A Magicshine Sprinter ker\u00e9kp\u00e1ros szem\u00fcveg a leg\u00fajabb fotokromatikus ker\u00e9kp\u00e1ros napszem\u00fcveg-sorozat tagja, amely p\u00e1ratlan tisztas\u00e1got k\u00edn\u00e1l a mindennapi t\u00far\u00e1khoz \u00e9s az intenz\u00edv ker\u00e9kp\u00e1ros t\u00far\u00e1khoz egyar\u00e1nt. A teljes sorozat k\u00f6nny\u0171, f\u00e9lkeretes kerettel rendelkezik, amely modern megjelen\u00e9s\u0171 \u00e9s sportos szellemet sug\u00e1roz.<\/p>\n<p>Megk\u00fcl\u00f6nb\u00f6zteti \u0151ket:<\/p>\n<p>\u25cf A rendk\u00edv\u00fcl ellen\u00e1ll\u00f3 polikarbon\u00e1t lencs\u00e9k 100% UV-v\u00e9delmet biztos\u00edtanak.<br \/>\n\u25cf K\u00f6nny\u0171, keret n\u00e9lk\u00fcli f\u00e9lv\u00e1zas v\u00e1z, amely \u00f6tv\u00f6zi az eleganci\u00e1t \u00e9s a sportoss\u00e1got.<br \/>\n\u25cf Hengeres, 6 b\u00e1zis\u00fa lencs\u00e9k a fokozott perif\u00e9ri\u00e1s l\u00e1t\u00e1s \u00e9s v\u00e9delem \u00e9rdek\u00e9ben.<br \/>\n\u25cf A rendk\u00edv\u00fcl j\u00f3 fog\u00e1s\u00fa gum\u00edrozott orrp\u00e1rn\u00e1k \u00e9s markolatfel\u00fcletek biztos fog\u00e1st biztos\u00edtanak m\u00e9g intenz\u00edv tev\u00e9kenys\u00e9gek sor\u00e1n is.<br \/>\n\u25cf A fejlett szell\u0151z\u0151rendszer kiv\u00e9teles l\u00e9g\u00e1raml\u00e1st biztos\u00edt \u00e9s megakad\u00e1lyozza a lencse bep\u00e1r\u00e1sod\u00e1s\u00e1t.<br \/>\n\u25cf A fotokromatikus lencs\u00e9k \u00e9les l\u00e1t\u00e1s\u00e9less\u00e9get \u00e9s krist\u00e1lytiszta k\u00e9pet biztos\u00edtanak minden id\u0151j\u00e1r\u00e1si k\u00f6r\u00fclm\u00e9ny k\u00f6z\u00f6tt.<br \/>\n\u25cf Kiv\u00e9teles REVO \u00e9s OAR bevonat az optim\u00e1lis vizu\u00e1lis tisztas\u00e1g \u00e9rdek\u00e9ben.<br \/>\n\u25cf A mindk\u00e9t oldalon tal\u00e1lhat\u00f3 folt\u00e1ll\u00f3 bevonat tov\u00e1bbi v\u00e9delmet \u00e9s egyszer\u0171 lencsekarbantart\u00e1st biztos\u00edt.<\/p>","protected":false},"featured_media":5686,"comment_status":"open","ping_status":"closed","template":"","meta":[],"product_brand":[131],"product_cat":[106,103],"product_tag":[174],"class_list":{"0":"post-6413","1":"product","2":"type-product","3":"status-publish","4":"has-post-thumbnail","6":"product_brand-magicshine","7":"product_cat-fotokromatska-ocala","8":"product_cat-kolesarska-ocala","9":"product_tag-magicshine-ocala","11":"first","12":"outofstock","13":"taxable","14":"shipping-taxable","15":"purchasable","16":"product-type-simple"},"yoast_head":"<!-- This site is optimized with the Yoast SEO plugin v27.3 - https:\/\/yoast.com\/product\/yoast-seo-wordpress\/ -->\n<title>Kolesarska o\u010dala Magicshine Sprinter light grey\/blue<\/title>\n<meta name=\"robots\" content=\"index, follow, max-snippet:-1, max-image-preview:large, max-video-preview:-1\" \/>\n<link rel=\"canonical\" href=\"https:\/\/www.sportshine.eu\/hu\/uzlet\/magicshine-sprinter-kerekparos-szemuveg-vilagosszurke-kek\/\" \/>\n<meta property=\"og:locale\" content=\"hu_HU\" \/>\n<meta property=\"og:type\" content=\"article\" \/>\n<meta property=\"og:title\" content=\"Kolesarska o\u010dala Magicshine Sprinter light grey\/blue\" \/>\n<meta property=\"og:description\" content=\"Kolesarska o\u010dala Magicshine Sprinter so najnovej\u0161a serija fotokromatskih son\u010dnih o\u010dal za kolesarjenje in ponujajo neprimerljivo jasnost za vsakodnevne vo\u017enje in intenzivne kolesarske vo\u017enje . Celotna serija ima lahek pol okvir, ki izgleda moderno in iz\u017eareva \u0161porten duh.  Odlikuje jih:  \u25cf Le\u010de iz visoko odpornega polikarbonata zagotavljajo 100% UV za\u0161\u010dito. \u25cf Lahek polokvir brez okvirja, ki zdru\u017euje eleganco in \u0161portnost. \u25cf Cilindri\u010dne 6-bazne le\u010de za pove\u010dano periferno vidljivost in za\u0161\u010dito. \u25cf Ultraoprijemljive gumirane blazinice za nos in zaklju\u010dki na ro\u010dajih zagotavljajo varen oprijem tudi med intenzivnimi aktivnostmi. \u25cf Napreden prezra\u010devalni sistem omogo\u010da izjemno kro\u017eenje zraka in prepre\u010duje ro\u0161enje le\u010d. \u25cf Fotokromatske le\u010de zagotavljajo ostro vizualno ostrino in kristalno \u010disto sliko v vseh vremenskih razmerah. \u25cf Izjemen REVO premaz in OAR premaz za optimalno jasnost vida. \u25cf Premaz, odporen na made\u017ee na obeh straneh, zagotavlja dodatno za\u0161\u010dito in enostavno vzdr\u017eevanje le\u010d.\" \/>\n<meta property=\"og:url\" content=\"https:\/\/www.sportshine.eu\/hu\/uzlet\/magicshine-sprinter-kerekparos-szemuveg-vilagosszurke-kek\/\" \/>\n<meta property=\"og:site_name\" content=\"Sportshine\" \/>\n<meta property=\"article:publisher\" content=\"https:\/\/www.facebook.com\/sportshine.eu\/\" \/>\n<meta property=\"article:modified_time\" content=\"2026-03-06T12:22:42+00:00\" \/>\n<meta property=\"og:image\" content=\"https:\/\/www.sportshine.eu\/wp-content\/uploads\/2025\/07\/Kolesarska-ocala-Magicshine-Sprinter-light-grey.webp\" \/>\n\t<meta property=\"og:image:width\" content=\"800\" \/>\n\t<meta property=\"og:image:height\" content=\"800\" \/>\n\t<meta property=\"og:image:type\" content=\"image\/webp\" \/>\n<meta name=\"twitter:card\" content=\"summary_large_image\" \/>\n<meta name=\"twitter:label1\" content=\"Becs\u00fclt olvas\u00e1si id\u0151\" \/>\n\t<meta name=\"twitter:data1\" content=\"1 perc\" \/>\n<script type=\"application\/ld+json\" class=\"yoast-schema-graph\">{\"@context\":\"https:\\\/\\\/schema.org\",\"@graph\":[{\"@type\":\"WebPage\",\"@id\":\"https:\\\/\\\/www.sportshine.eu\\\/trgovina\\\/kolesarska-ocala-magicshine-sprinter-light-grey-blue\\\/\",\"url\":\"https:\\\/\\\/www.sportshine.eu\\\/trgovina\\\/kolesarska-ocala-magicshine-sprinter-light-grey-blue\\\/\",\"name\":\"Kolesarska o\u010dala Magicshine Sprinter light grey\\\/blue\",\"isPartOf\":{\"@id\":\"https:\\\/\\\/www.sportshine.eu\\\/#website\"},\"primaryImageOfPage\":{\"@id\":\"https:\\\/\\\/www.sportshine.eu\\\/trgovina\\\/kolesarska-ocala-magicshine-sprinter-light-grey-blue\\\/#primaryimage\"},\"image\":{\"@id\":\"https:\\\/\\\/www.sportshine.eu\\\/trgovina\\\/kolesarska-ocala-magicshine-sprinter-light-grey-blue\\\/#primaryimage\"},\"thumbnailUrl\":\"https:\\\/\\\/www.sportshine.eu\\\/wp-content\\\/uploads\\\/2025\\\/07\\\/Kolesarska-ocala-Magicshine-Sprinter-light-grey.webp\",\"datePublished\":\"2025-07-09T19:40:06+00:00\",\"dateModified\":\"2026-03-06T12:22:42+00:00\",\"breadcrumb\":{\"@id\":\"https:\\\/\\\/www.sportshine.eu\\\/trgovina\\\/kolesarska-ocala-magicshine-sprinter-light-grey-blue\\\/#breadcrumb\"},\"inLanguage\":\"hu\",\"potentialAction\":[{\"@type\":\"ReadAction\",\"target\":[\"https:\\\/\\\/www.sportshine.eu\\\/trgovina\\\/kolesarska-ocala-magicshine-sprinter-light-grey-blue\\\/\"]}]},{\"@type\":\"ImageObject\",\"inLanguage\":\"hu\",\"@id\":\"https:\\\/\\\/www.sportshine.eu\\\/trgovina\\\/kolesarska-ocala-magicshine-sprinter-light-grey-blue\\\/#primaryimage\",\"url\":\"https:\\\/\\\/www.sportshine.eu\\\/wp-content\\\/uploads\\\/2025\\\/07\\\/Kolesarska-ocala-Magicshine-Sprinter-light-grey.webp\",\"contentUrl\":\"https:\\\/\\\/www.sportshine.eu\\\/wp-content\\\/uploads\\\/2025\\\/07\\\/Kolesarska-ocala-Magicshine-Sprinter-light-grey.webp\",\"width\":800,\"height\":800},{\"@type\":\"BreadcrumbList\",\"@id\":\"https:\\\/\\\/www.sportshine.eu\\\/trgovina\\\/kolesarska-ocala-magicshine-sprinter-light-grey-blue\\\/#breadcrumb\",\"itemListElement\":[{\"@type\":\"ListItem\",\"position\":1,\"name\":\"Home\",\"item\":\"https:\\\/\\\/www.sportshine.eu\\\/\"},{\"@type\":\"ListItem\",\"position\":2,\"name\":\"Trgovina\",\"item\":\"https:\\\/\\\/www.sportshine.eu\\\/trgovina\\\/\"},{\"@type\":\"ListItem\",\"position\":3,\"name\":\"Kolesarska o\u010dala Magicshine Sprinter light grey\\\/blue\"}]},{\"@type\":\"WebSite\",\"@id\":\"https:\\\/\\\/www.sportshine.eu\\\/#website\",\"url\":\"https:\\\/\\\/www.sportshine.eu\\\/\",\"name\":\"Sportshine\",\"description\":\"Top spletna trgovina kolesarskih in naglavnih svetilk ter opreme\",\"publisher\":{\"@id\":\"https:\\\/\\\/www.sportshine.eu\\\/#organization\"},\"potentialAction\":[{\"@type\":\"SearchAction\",\"target\":{\"@type\":\"EntryPoint\",\"urlTemplate\":\"https:\\\/\\\/www.sportshine.eu\\\/?s={search_term_string}\"},\"query-input\":{\"@type\":\"PropertyValueSpecification\",\"valueRequired\":true,\"valueName\":\"search_term_string\"}}],\"inLanguage\":\"hu\"},{\"@type\":\"Organization\",\"@id\":\"https:\\\/\\\/www.sportshine.eu\\\/#organization\",\"name\":\"Sportshine\",\"url\":\"https:\\\/\\\/www.sportshine.eu\\\/\",\"logo\":{\"@type\":\"ImageObject\",\"inLanguage\":\"hu\",\"@id\":\"https:\\\/\\\/www.sportshine.eu\\\/#\\\/schema\\\/logo\\\/image\\\/\",\"url\":\"https:\\\/\\\/www.sportshine.eu\\\/wp-content\\\/uploads\\\/2026\\\/01\\\/cropped-Sportshine.webp\",\"contentUrl\":\"https:\\\/\\\/www.sportshine.eu\\\/wp-content\\\/uploads\\\/2026\\\/01\\\/cropped-Sportshine.webp\",\"width\":295,\"height\":128,\"caption\":\"Sportshine\"},\"image\":{\"@id\":\"https:\\\/\\\/www.sportshine.eu\\\/#\\\/schema\\\/logo\\\/image\\\/\"},\"sameAs\":[\"https:\\\/\\\/www.facebook.com\\\/sportshine.eu\\\/\"]}]}<\/script>\n<!-- \/ Yoast SEO plugin. -->","yoast_head_json":{"title":"Magicshine Sprinter ker\u00e9kp\u00e1ros szem\u00fcveg, vil\u00e1gos sz\u00fcrke\/k\u00e9k","robots":{"index":"index","follow":"follow","max-snippet":"max-snippet:-1","max-image-preview":"max-image-preview:large","max-video-preview":"max-video-preview:-1"},"canonical":"https:\/\/www.sportshine.eu\/hu\/uzlet\/magicshine-sprinter-kerekparos-szemuveg-vilagosszurke-kek\/","og_locale":"hu_HU","og_type":"article","og_title":"Kolesarska o\u010dala Magicshine Sprinter light grey\/blue","og_description":"Kolesarska o\u010dala Magicshine Sprinter so najnovej\u0161a serija fotokromatskih son\u010dnih o\u010dal za kolesarjenje in ponujajo neprimerljivo jasnost za vsakodnevne vo\u017enje in intenzivne kolesarske vo\u017enje . Celotna serija ima lahek pol okvir, ki izgleda moderno in iz\u017eareva \u0161porten duh.  Odlikuje jih:  \u25cf Le\u010de iz visoko odpornega polikarbonata zagotavljajo 100% UV za\u0161\u010dito. \u25cf Lahek polokvir brez okvirja, ki zdru\u017euje eleganco in \u0161portnost. \u25cf Cilindri\u010dne 6-bazne le\u010de za pove\u010dano periferno vidljivost in za\u0161\u010dito. \u25cf Ultraoprijemljive gumirane blazinice za nos in zaklju\u010dki na ro\u010dajih zagotavljajo varen oprijem tudi med intenzivnimi aktivnostmi. \u25cf Napreden prezra\u010devalni sistem omogo\u010da izjemno kro\u017eenje zraka in prepre\u010duje ro\u0161enje le\u010d. \u25cf Fotokromatske le\u010de zagotavljajo ostro vizualno ostrino in kristalno \u010disto sliko v vseh vremenskih razmerah. \u25cf Izjemen REVO premaz in OAR premaz za optimalno jasnost vida. \u25cf Premaz, odporen na made\u017ee na obeh straneh, zagotavlja dodatno za\u0161\u010dito in enostavno vzdr\u017eevanje le\u010d.","og_url":"https:\/\/www.sportshine.eu\/hu\/uzlet\/magicshine-sprinter-kerekparos-szemuveg-vilagosszurke-kek\/","og_site_name":"Sportshine","article_publisher":"https:\/\/www.facebook.com\/sportshine.eu\/","article_modified_time":"2026-03-06T12:22:42+00:00","og_image":[{"width":800,"height":800,"url":"https:\/\/www.sportshine.eu\/wp-content\/uploads\/2025\/07\/Kolesarska-ocala-Magicshine-Sprinter-light-grey.webp","type":"image\/webp"}],"twitter_card":"summary_large_image","twitter_misc":{"Becs\u00fclt olvas\u00e1si id\u0151":"1 perc"},"schema":{"@context":"https:\/\/schema.org","@graph":[{"@type":"WebPage","@id":"https:\/\/www.sportshine.eu\/trgovina\/kolesarska-ocala-magicshine-sprinter-light-grey-blue\/","url":"https:\/\/www.sportshine.eu\/trgovina\/kolesarska-ocala-magicshine-sprinter-light-grey-blue\/","name":"Magicshine Sprinter ker\u00e9kp\u00e1ros szem\u00fcveg, vil\u00e1gos sz\u00fcrke\/k\u00e9k","isPartOf":{"@id":"https:\/\/www.sportshine.eu\/#website"},"primaryImageOfPage":{"@id":"https:\/\/www.sportshine.eu\/trgovina\/kolesarska-ocala-magicshine-sprinter-light-grey-blue\/#primaryimage"},"image":{"@id":"https:\/\/www.sportshine.eu\/trgovina\/kolesarska-ocala-magicshine-sprinter-light-grey-blue\/#primaryimage"},"thumbnailUrl":"https:\/\/www.sportshine.eu\/wp-content\/uploads\/2025\/07\/Kolesarska-ocala-Magicshine-Sprinter-light-grey.webp","datePublished":"2025-07-09T19:40:06+00:00","dateModified":"2026-03-06T12:22:42+00:00","breadcrumb":{"@id":"https:\/\/www.sportshine.eu\/trgovina\/kolesarska-ocala-magicshine-sprinter-light-grey-blue\/#breadcrumb"},"inLanguage":"hu","potentialAction":[{"@type":"ReadAction","target":["https:\/\/www.sportshine.eu\/trgovina\/kolesarska-ocala-magicshine-sprinter-light-grey-blue\/"]}]},{"@type":"ImageObject","inLanguage":"hu","@id":"https:\/\/www.sportshine.eu\/trgovina\/kolesarska-ocala-magicshine-sprinter-light-grey-blue\/#primaryimage","url":"https:\/\/www.sportshine.eu\/wp-content\/uploads\/2025\/07\/Kolesarska-ocala-Magicshine-Sprinter-light-grey.webp","contentUrl":"https:\/\/www.sportshine.eu\/wp-content\/uploads\/2025\/07\/Kolesarska-ocala-Magicshine-Sprinter-light-grey.webp","width":800,"height":800},{"@type":"BreadcrumbList","@id":"https:\/\/www.sportshine.eu\/trgovina\/kolesarska-ocala-magicshine-sprinter-light-grey-blue\/#breadcrumb","itemListElement":[{"@type":"ListItem","position":1,"name":"Home","item":"https:\/\/www.sportshine.eu\/"},{"@type":"ListItem","position":2,"name":"Trgovina","item":"https:\/\/www.sportshine.eu\/trgovina\/"},{"@type":"ListItem","position":3,"name":"Kolesarska o\u010dala Magicshine Sprinter light grey\/blue"}]},{"@type":"WebSite","@id":"https:\/\/www.sportshine.eu\/#website","url":"https:\/\/www.sportshine.eu\/","name":"Sportshine","description":"Ker\u00e9kp\u00e1ros, fejl\u00e1mp\u00e1k \u00e9s felszerel\u00e9sek online \u00e1ruh\u00e1z\u00e1nak vezet\u0151 k\u00edn\u00e1lata","publisher":{"@id":"https:\/\/www.sportshine.eu\/#organization"},"potentialAction":[{"@type":"SearchAction","target":{"@type":"EntryPoint","urlTemplate":"https:\/\/www.sportshine.eu\/?s={search_term_string}"},"query-input":{"@type":"PropertyValueSpecification","valueRequired":true,"valueName":"search_term_string"}}],"inLanguage":"hu"},{"@type":"Organization","@id":"https:\/\/www.sportshine.eu\/#organization","name":"Sportshine","url":"https:\/\/www.sportshine.eu\/","logo":{"@type":"ImageObject","inLanguage":"hu","@id":"https:\/\/www.sportshine.eu\/#\/schema\/logo\/image\/","url":"https:\/\/www.sportshine.eu\/wp-content\/uploads\/2026\/01\/cropped-Sportshine.webp","contentUrl":"https:\/\/www.sportshine.eu\/wp-content\/uploads\/2026\/01\/cropped-Sportshine.webp","width":295,"height":128,"caption":"Sportshine"},"image":{"@id":"https:\/\/www.sportshine.eu\/#\/schema\/logo\/image\/"},"sameAs":["https:\/\/www.facebook.com\/sportshine.eu\/"]}]}},"_links":{"self":[{"href":"https:\/\/www.sportshine.eu\/hu\/wp-json\/wp\/v2\/product\/6413","targetHints":{"allow":["GET"]}}],"collection":[{"href":"https:\/\/www.sportshine.eu\/hu\/wp-json\/wp\/v2\/product"}],"about":[{"href":"https:\/\/www.sportshine.eu\/hu\/wp-json\/wp\/v2\/types\/product"}],"replies":[{"embeddable":true,"href":"https:\/\/www.sportshine.eu\/hu\/wp-json\/wp\/v2\/comments?post=6413"}],"version-history":[{"count":0,"href":"https:\/\/www.sportshine.eu\/hu\/wp-json\/wp\/v2\/product\/6413\/revisions"}],"wp:featuredmedia":[{"embeddable":true,"href":"https:\/\/www.sportshine.eu\/hu\/wp-json\/wp\/v2\/media\/5686"}],"wp:attachment":[{"href":"https:\/\/www.sportshine.eu\/hu\/wp-json\/wp\/v2\/media?parent=6413"}],"wp:term":[{"taxonomy":"product_brand","embeddable":true,"href":"https:\/\/www.sportshine.eu\/hu\/wp-json\/wp\/v2\/product_brand?post=6413"},{"taxonomy":"product_cat","embeddable":true,"href":"https:\/\/www.sportshine.eu\/hu\/wp-json\/wp\/v2\/product_cat?post=6413"},{"taxonomy":"product_tag","embeddable":true,"href":"https:\/\/www.sportshine.eu\/hu\/wp-json\/wp\/v2\/product_tag?post=6413"}],"curies":[{"name":"wp","href":"https:\/\/api.w.org\/{rel}","templated":true}]}}