{"id":6365,"date":"2025-07-04T21:26:18","date_gmt":"2025-07-04T21:26:18","guid":{"rendered":"https:\/\/www.sportshine.eu\/?post_type=product&#038;p=6365"},"modified":"2026-01-21T16:48:28","modified_gmt":"2026-01-21T16:48:28","slug":"gaciron-v9dp-1800-led-kerekparlampa","status":"publish","type":"product","link":"https:\/\/www.sportshine.eu\/hu\/uzlet\/gaciron-v9dp-1800-led-kerekparlampa\/","title":{"rendered":"Gaciron V9DP-1800 LED ker\u00e9kp\u00e1rl\u00e1mpa"},"content":{"rendered":"<h3 style=\"text-align: center;\">A GACIRON V9DP-1800 CIKLUSVIL\u00c1G\u00cdT\u00c1S TESZTJE TELJES S\u00d6T\u00c9TS\u00c9GBEN.<\/h3>\n<p><iframe loading=\"lazy\" title=\"Gaciron V9DP-1800\" width=\"500\" height=\"281\" src=\"https:\/\/www.youtube.com\/embed\/IGHceLSRfKk?feature=oembed\" frameborder=\"0\" allow=\"accelerometer; autoplay; clipboard-write; encrypted-media; gyroscope; picture-in-picture; web-share\" referrerpolicy=\"strict-origin-when-cross-origin\" allowfullscreen><\/iframe><\/p>\n<h3 style=\"text-align: center;\">BE\u00c9P\u00cdTETT K\u00c9T 5000 mAh-S L\u00cdTIUM-ION AKKUMUL\u00c1TOR<\/h3>\n<p><img decoding=\"async\" class=\"aligncenter wp-image-7551 size-full\" src=\"https:\/\/www.sportshine.eu\/wp-content\/uploads\/2025\/07\/Kolesarska-luc-LED-Gaciron-V9DP-1800.webp\" alt=\"\" width=\"800\" height=\"800\" srcset=\"https:\/\/www.sportshine.eu\/wp-content\/uploads\/2025\/07\/Kolesarska-luc-LED-Gaciron-V9DP-1800.webp 800w, https:\/\/www.sportshine.eu\/wp-content\/uploads\/2025\/07\/Kolesarska-luc-LED-Gaciron-V9DP-1800-768x768.webp 768w, https:\/\/www.sportshine.eu\/wp-content\/uploads\/2025\/07\/Kolesarska-luc-LED-Gaciron-V9DP-1800-600x600.webp 600w\" sizes=\"(max-width: 800px) 100vw, 800px\" \/><\/p>\n<h3 style=\"text-align: center;\">3,5 \u00d3RA ALATT T\u00d6LT\u0150DIK, \u00c9S ALACSONY F\u00c9NYER\u0150VEL T\u00d6BB MINT 9 \u00d3R\u00c1N \u00c1T M\u0170K\u00d6DIK.<\/h3>\n<p><img decoding=\"async\" class=\"wp-image-7552 size-full aligncenter\" src=\"https:\/\/www.sportshine.eu\/wp-content\/uploads\/2025\/07\/Kolesarska-luc-LED-Gaciron-V9DP-1800-1.webp\" alt=\"\" width=\"800\" height=\"800\" srcset=\"https:\/\/www.sportshine.eu\/wp-content\/uploads\/2025\/07\/Kolesarska-luc-LED-Gaciron-V9DP-1800-1.webp 800w, https:\/\/www.sportshine.eu\/wp-content\/uploads\/2025\/07\/Kolesarska-luc-LED-Gaciron-V9DP-1800-1-768x768.webp 768w, https:\/\/www.sportshine.eu\/wp-content\/uploads\/2025\/07\/Kolesarska-luc-LED-Gaciron-V9DP-1800-1-600x600.webp 600w\" sizes=\"(max-width: 800px) 100vw, 800px\" \/><\/p>\n<h3 style=\"text-align: center;\">A CIKLA L\u00c1MPA CSOMAGBAN A K\u00d6VETKEZ\u0150KET KAPJA:<\/h3>\n<p style=\"text-align: center;\">Gaciron V9DP-1800 zsebl\u00e1mpa<br \/>\nKer\u00e9kp\u00e1rsz\u00e1ll\u00edt\u00f3<br \/>\nUSB C t\u00f6lt\u0151k\u00e1bel<br \/>\nF\u00e9nyvez\u00e9rl\u0151 adapterk\u00e1bel<\/p>\n<p><img decoding=\"async\" class=\"aligncenter wp-image-7554 size-full\" src=\"https:\/\/www.sportshine.eu\/wp-content\/uploads\/2025\/07\/Kolesarska-luc-LED-Gaciron-V9DP-1800-2.webp\" alt=\"\" width=\"800\" height=\"800\" srcset=\"https:\/\/www.sportshine.eu\/wp-content\/uploads\/2025\/07\/Kolesarska-luc-LED-Gaciron-V9DP-1800-2.webp 800w, https:\/\/www.sportshine.eu\/wp-content\/uploads\/2025\/07\/Kolesarska-luc-LED-Gaciron-V9DP-1800-2-768x768.webp 768w, https:\/\/www.sportshine.eu\/wp-content\/uploads\/2025\/07\/Kolesarska-luc-LED-Gaciron-V9DP-1800-2-600x600.webp 600w\" sizes=\"(max-width: 800px) 100vw, 800px\" \/><\/p>\n<h3 style=\"text-align: center;\">ADAPTER T\u00c1MOGATOTT HASZN\u00c1LATA F\u00c9NYVEZ\u00c9RL\u00c9SHEZ<\/h3>\n<p style=\"text-align: center;\">Az adapter a ker\u00e9kp\u00e1r korm\u00e1ny\u00e1ra szerelhet\u0151, ami biztons\u00e1gosabb ker\u00e9kp\u00e1roz\u00e1st tesz lehet\u0151v\u00e9, mivel a korm\u00e1ny elenged\u00e9se n\u00e9lk\u00fcl mozgathatja a m\u0171k\u00f6d\u00e9si szinteket.<\/p>\n<p><img decoding=\"async\" class=\"aligncenter wp-image-7555 size-full\" src=\"https:\/\/www.sportshine.eu\/wp-content\/uploads\/2025\/07\/Kolesarska-luc-LED-Gaciron-V9DP-1800-3.webp\" alt=\"\" width=\"800\" height=\"800\" srcset=\"https:\/\/www.sportshine.eu\/wp-content\/uploads\/2025\/07\/Kolesarska-luc-LED-Gaciron-V9DP-1800-3.webp 800w, https:\/\/www.sportshine.eu\/wp-content\/uploads\/2025\/07\/Kolesarska-luc-LED-Gaciron-V9DP-1800-3-768x768.webp 768w, https:\/\/www.sportshine.eu\/wp-content\/uploads\/2025\/07\/Kolesarska-luc-LED-Gaciron-V9DP-1800-3-600x600.webp 600w\" sizes=\"(max-width: 800px) 100vw, 800px\" \/><\/p>\n<h3 style=\"text-align: center;\">SZ\u00c9LES \u00c9S HOSSZ\u00da REFLEKTORSZ\u00d6G -125 FOK<\/h3>\n<p style=\"text-align: center;\">A 125 fokos sug\u00e1rz\u00e1si sz\u00f6g lehet\u0151v\u00e9 teszi az \u00fatvonal holtterek n\u00e9lk\u00fcli megvil\u00e1g\u00edt\u00e1s\u00e1t, n\u00f6velve a l\u00e1that\u00f3s\u00e1got \u00e9s biztos\u00edtva a nagyobb biztons\u00e1got. A sz\u00e9les sug\u00e1rz\u00e1si sz\u00f6g jobb \u00e1ttekint\u00e9st ny\u00fajt a k\u00f6rnyezetr\u0151l, seg\u00edtve elker\u00fclni a potenci\u00e1lis vesz\u00e9lyeket vagy akad\u00e1lyokat, k\u00fcl\u00f6n\u00f6sen s\u00f6t\u00e9t vagy rosszul megvil\u00e1g\u00edtott helyeken.<\/p>\n<p><img decoding=\"async\" class=\"aligncenter wp-image-7556 size-full\" src=\"https:\/\/www.sportshine.eu\/wp-content\/uploads\/2025\/07\/Kolesarska-luc-LED-Gaciron-V9DP-1800-4.webp\" alt=\"\" width=\"800\" height=\"800\" srcset=\"https:\/\/www.sportshine.eu\/wp-content\/uploads\/2025\/07\/Kolesarska-luc-LED-Gaciron-V9DP-1800-4.webp 800w, https:\/\/www.sportshine.eu\/wp-content\/uploads\/2025\/07\/Kolesarska-luc-LED-Gaciron-V9DP-1800-4-768x768.webp 768w, https:\/\/www.sportshine.eu\/wp-content\/uploads\/2025\/07\/Kolesarska-luc-LED-Gaciron-V9DP-1800-4-600x600.webp 600w\" sizes=\"(max-width: 800px) 100vw, 800px\" \/><\/p>\n<h3 style=\"text-align: center;\">V\u00cdZ\u00c1LL\u00d3 AZ IPX6 SZABV\u00c1NY SZERINT<\/h3>\n<p style=\"text-align: center;\">V\u00edz\u00e1ll\u00f3s\u00e1g\u00e1nak k\u00f6sz\u00f6nhet\u0151en es\u0151s id\u0151ben is gond n\u00e9lk\u00fcl haszn\u00e1lhatod a zsebl\u00e1mp\u00e1t.<\/p>\n<p><img decoding=\"async\" class=\"aligncenter wp-image-7557\" src=\"https:\/\/www.sportshine.eu\/wp-content\/uploads\/2025\/07\/Kolesarska-luc-LED-Gaciron-V9DP-1800-5.webp\" alt=\"Gaciron V9DP-1800 LED ker\u00e9kp\u00e1rl\u00e1mpa\" width=\"800\" height=\"800\" srcset=\"https:\/\/www.sportshine.eu\/wp-content\/uploads\/2025\/07\/Kolesarska-luc-LED-Gaciron-V9DP-1800-5-768x768.webp 768w, https:\/\/www.sportshine.eu\/wp-content\/uploads\/2025\/07\/Kolesarska-luc-LED-Gaciron-V9DP-1800-5-600x600.webp 600w\" sizes=\"(max-width: 800px) 100vw, 800px\" \/><\/p>","protected":false},"excerpt":{"rendered":"<p>A Gaciron V9DP-1800 ker\u00e9kp\u00e1rl\u00e1mpa egy kiv\u00e1l\u00f3 min\u0151s\u00e9g\u0171 LED-es ker\u00e9kp\u00e1rl\u00e1mpa 1800 lumen f\u00e9nyer\u0151vel, amely nappal \u00e9s \u00e9jszaka is j\u00f3l szolg\u00e1l. Minden ker\u00e9kp\u00e1rhoz alkalmas. Energiaell\u00e1t\u00e1s\u00e1t egy 5000 mAh-s l\u00edtium-ion akkumul\u00e1tor biztos\u00edtja.<\/p>","protected":false},"featured_media":5167,"comment_status":"open","ping_status":"closed","template":"","meta":[],"product_brand":[132],"product_cat":[82,150],"product_tag":[],"class_list":{"0":"post-6365","1":"product","2":"type-product","3":"status-publish","4":"has-post-thumbnail","6":"product_brand-gaciron","7":"product_cat-kolesarske-luci","8":"product_cat-sprednje-kolesarske-luci","10":"first","11":"onbackorder","12":"purchasable","13":"product-type-simple"},"yoast_head":"<!-- This site is optimized with the Yoast SEO plugin v27.3 - https:\/\/yoast.com\/product\/yoast-seo-wordpress\/ -->\n<title>Kolesarska lu\u010d LED Gaciron V9DP-1800<\/title>\n<meta name=\"description\" content=\"Zmogljiva kolesarska lu\u010d za kolo z mo\u010djo 1800 lumnov. Za svojo mo\u010d uporablja 5000-mAh litij-ionsko baterijo. - Deluje tudi kot polnilna postaja.\" \/>\n<meta name=\"robots\" content=\"index, follow, max-snippet:-1, max-image-preview:large, max-video-preview:-1\" \/>\n<link rel=\"canonical\" href=\"https:\/\/www.sportshine.eu\/hu\/uzlet\/gaciron-v9dp-1800-led-kerekparlampa\/\" \/>\n<meta property=\"og:locale\" content=\"hu_HU\" \/>\n<meta property=\"og:type\" content=\"article\" \/>\n<meta property=\"og:title\" content=\"Kolesarska lu\u010d LED Gaciron V9DP-1800\" \/>\n<meta property=\"og:description\" content=\"Zmogljiva kolesarska lu\u010d za kolo z mo\u010djo 1800 lumnov. Za svojo mo\u010d uporablja 5000-mAh litij-ionsko baterijo. - Deluje tudi kot polnilna postaja.\" \/>\n<meta property=\"og:url\" content=\"https:\/\/www.sportshine.eu\/hu\/uzlet\/gaciron-v9dp-1800-led-kerekparlampa\/\" \/>\n<meta property=\"og:site_name\" content=\"Sportshine\" \/>\n<meta property=\"article:publisher\" content=\"https:\/\/www.facebook.com\/sportshine.eu\/\" \/>\n<meta property=\"article:modified_time\" content=\"2026-01-21T16:48:28+00:00\" \/>\n<meta property=\"og:image\" content=\"https:\/\/www.sportshine.eu\/wp-content\/uploads\/2025\/07\/Zmogljiva-kolesarska-svetilka.webp\" \/>\n\t<meta property=\"og:image:width\" content=\"800\" \/>\n\t<meta property=\"og:image:height\" content=\"800\" \/>\n\t<meta property=\"og:image:type\" content=\"image\/webp\" \/>\n<meta name=\"twitter:card\" content=\"summary_large_image\" \/>\n<meta name=\"twitter:label1\" content=\"Becs\u00fclt olvas\u00e1si id\u0151\" \/>\n\t<meta name=\"twitter:data1\" content=\"3 perc\" \/>\n<script type=\"application\/ld+json\" class=\"yoast-schema-graph\">{\"@context\":\"https:\\\/\\\/schema.org\",\"@graph\":[{\"@type\":\"WebPage\",\"@id\":\"https:\\\/\\\/www.sportshine.eu\\\/trgovina\\\/kolesarska-luc-led-gaciron-v9dp-1800\\\/\",\"url\":\"https:\\\/\\\/www.sportshine.eu\\\/trgovina\\\/kolesarska-luc-led-gaciron-v9dp-1800\\\/\",\"name\":\"Kolesarska lu\u010d LED Gaciron V9DP-1800\",\"isPartOf\":{\"@id\":\"https:\\\/\\\/www.sportshine.eu\\\/#website\"},\"primaryImageOfPage\":{\"@id\":\"https:\\\/\\\/www.sportshine.eu\\\/trgovina\\\/kolesarska-luc-led-gaciron-v9dp-1800\\\/#primaryimage\"},\"image\":{\"@id\":\"https:\\\/\\\/www.sportshine.eu\\\/trgovina\\\/kolesarska-luc-led-gaciron-v9dp-1800\\\/#primaryimage\"},\"thumbnailUrl\":\"https:\\\/\\\/www.sportshine.eu\\\/wp-content\\\/uploads\\\/2025\\\/07\\\/Zmogljiva-kolesarska-svetilka.webp\",\"datePublished\":\"2025-07-04T21:26:18+00:00\",\"dateModified\":\"2026-01-21T16:48:28+00:00\",\"description\":\"Zmogljiva kolesarska lu\u010d za kolo z mo\u010djo 1800 lumnov. Za svojo mo\u010d uporablja 5000-mAh litij-ionsko baterijo. - Deluje tudi kot polnilna postaja.\",\"breadcrumb\":{\"@id\":\"https:\\\/\\\/www.sportshine.eu\\\/trgovina\\\/kolesarska-luc-led-gaciron-v9dp-1800\\\/#breadcrumb\"},\"inLanguage\":\"hu\",\"potentialAction\":[{\"@type\":\"ReadAction\",\"target\":[\"https:\\\/\\\/www.sportshine.eu\\\/trgovina\\\/kolesarska-luc-led-gaciron-v9dp-1800\\\/\"]}]},{\"@type\":\"ImageObject\",\"inLanguage\":\"hu\",\"@id\":\"https:\\\/\\\/www.sportshine.eu\\\/trgovina\\\/kolesarska-luc-led-gaciron-v9dp-1800\\\/#primaryimage\",\"url\":\"https:\\\/\\\/www.sportshine.eu\\\/wp-content\\\/uploads\\\/2025\\\/07\\\/Zmogljiva-kolesarska-svetilka.webp\",\"contentUrl\":\"https:\\\/\\\/www.sportshine.eu\\\/wp-content\\\/uploads\\\/2025\\\/07\\\/Zmogljiva-kolesarska-svetilka.webp\",\"width\":800,\"height\":800},{\"@type\":\"BreadcrumbList\",\"@id\":\"https:\\\/\\\/www.sportshine.eu\\\/trgovina\\\/kolesarska-luc-led-gaciron-v9dp-1800\\\/#breadcrumb\",\"itemListElement\":[{\"@type\":\"ListItem\",\"position\":1,\"name\":\"Home\",\"item\":\"https:\\\/\\\/www.sportshine.eu\\\/\"},{\"@type\":\"ListItem\",\"position\":2,\"name\":\"Trgovina\",\"item\":\"https:\\\/\\\/www.sportshine.eu\\\/trgovina\\\/\"},{\"@type\":\"ListItem\",\"position\":3,\"name\":\"Kolesarska lu\u010d LED Gaciron V9DP-1800\"}]},{\"@type\":\"WebSite\",\"@id\":\"https:\\\/\\\/www.sportshine.eu\\\/#website\",\"url\":\"https:\\\/\\\/www.sportshine.eu\\\/\",\"name\":\"Sportshine\",\"description\":\"Top spletna trgovina kolesarskih in naglavnih svetilk ter opreme\",\"publisher\":{\"@id\":\"https:\\\/\\\/www.sportshine.eu\\\/#organization\"},\"potentialAction\":[{\"@type\":\"SearchAction\",\"target\":{\"@type\":\"EntryPoint\",\"urlTemplate\":\"https:\\\/\\\/www.sportshine.eu\\\/?s={search_term_string}\"},\"query-input\":{\"@type\":\"PropertyValueSpecification\",\"valueRequired\":true,\"valueName\":\"search_term_string\"}}],\"inLanguage\":\"hu\"},{\"@type\":\"Organization\",\"@id\":\"https:\\\/\\\/www.sportshine.eu\\\/#organization\",\"name\":\"Sportshine\",\"url\":\"https:\\\/\\\/www.sportshine.eu\\\/\",\"logo\":{\"@type\":\"ImageObject\",\"inLanguage\":\"hu\",\"@id\":\"https:\\\/\\\/www.sportshine.eu\\\/#\\\/schema\\\/logo\\\/image\\\/\",\"url\":\"https:\\\/\\\/www.sportshine.eu\\\/wp-content\\\/uploads\\\/2026\\\/01\\\/cropped-Sportshine.webp\",\"contentUrl\":\"https:\\\/\\\/www.sportshine.eu\\\/wp-content\\\/uploads\\\/2026\\\/01\\\/cropped-Sportshine.webp\",\"width\":295,\"height\":128,\"caption\":\"Sportshine\"},\"image\":{\"@id\":\"https:\\\/\\\/www.sportshine.eu\\\/#\\\/schema\\\/logo\\\/image\\\/\"},\"sameAs\":[\"https:\\\/\\\/www.facebook.com\\\/sportshine.eu\\\/\"]}]}<\/script>\n<!-- \/ Yoast SEO plugin. -->","yoast_head_json":{"title":"Gaciron V9DP-1800 LED ker\u00e9kp\u00e1rl\u00e1mpa","description":"Nagy teljes\u00edtm\u00e9ny\u0171 ker\u00e9kp\u00e1rl\u00e1mpa 1800 lumennel. 5000 mAh-s l\u00edtium-ion akkumul\u00e1torral m\u0171k\u00f6dik. - T\u00f6lt\u0151\u00e1llom\u00e1sk\u00e9nt is funkcion\u00e1l.","robots":{"index":"index","follow":"follow","max-snippet":"max-snippet:-1","max-image-preview":"max-image-preview:large","max-video-preview":"max-video-preview:-1"},"canonical":"https:\/\/www.sportshine.eu\/hu\/uzlet\/gaciron-v9dp-1800-led-kerekparlampa\/","og_locale":"hu_HU","og_type":"article","og_title":"Kolesarska lu\u010d LED Gaciron V9DP-1800","og_description":"Zmogljiva kolesarska lu\u010d za kolo z mo\u010djo 1800 lumnov. Za svojo mo\u010d uporablja 5000-mAh litij-ionsko baterijo. - Deluje tudi kot polnilna postaja.","og_url":"https:\/\/www.sportshine.eu\/hu\/uzlet\/gaciron-v9dp-1800-led-kerekparlampa\/","og_site_name":"Sportshine","article_publisher":"https:\/\/www.facebook.com\/sportshine.eu\/","article_modified_time":"2026-01-21T16:48:28+00:00","og_image":[{"width":800,"height":800,"url":"https:\/\/www.sportshine.eu\/wp-content\/uploads\/2025\/07\/Zmogljiva-kolesarska-svetilka.webp","type":"image\/webp"}],"twitter_card":"summary_large_image","twitter_misc":{"Becs\u00fclt olvas\u00e1si id\u0151":"3 perc"},"schema":{"@context":"https:\/\/schema.org","@graph":[{"@type":"WebPage","@id":"https:\/\/www.sportshine.eu\/trgovina\/kolesarska-luc-led-gaciron-v9dp-1800\/","url":"https:\/\/www.sportshine.eu\/trgovina\/kolesarska-luc-led-gaciron-v9dp-1800\/","name":"Gaciron V9DP-1800 LED ker\u00e9kp\u00e1rl\u00e1mpa","isPartOf":{"@id":"https:\/\/www.sportshine.eu\/#website"},"primaryImageOfPage":{"@id":"https:\/\/www.sportshine.eu\/trgovina\/kolesarska-luc-led-gaciron-v9dp-1800\/#primaryimage"},"image":{"@id":"https:\/\/www.sportshine.eu\/trgovina\/kolesarska-luc-led-gaciron-v9dp-1800\/#primaryimage"},"thumbnailUrl":"https:\/\/www.sportshine.eu\/wp-content\/uploads\/2025\/07\/Zmogljiva-kolesarska-svetilka.webp","datePublished":"2025-07-04T21:26:18+00:00","dateModified":"2026-01-21T16:48:28+00:00","description":"Nagy teljes\u00edtm\u00e9ny\u0171 ker\u00e9kp\u00e1rl\u00e1mpa 1800 lumennel. 5000 mAh-s l\u00edtium-ion akkumul\u00e1torral m\u0171k\u00f6dik. - T\u00f6lt\u0151\u00e1llom\u00e1sk\u00e9nt is funkcion\u00e1l.","breadcrumb":{"@id":"https:\/\/www.sportshine.eu\/trgovina\/kolesarska-luc-led-gaciron-v9dp-1800\/#breadcrumb"},"inLanguage":"hu","potentialAction":[{"@type":"ReadAction","target":["https:\/\/www.sportshine.eu\/trgovina\/kolesarska-luc-led-gaciron-v9dp-1800\/"]}]},{"@type":"ImageObject","inLanguage":"hu","@id":"https:\/\/www.sportshine.eu\/trgovina\/kolesarska-luc-led-gaciron-v9dp-1800\/#primaryimage","url":"https:\/\/www.sportshine.eu\/wp-content\/uploads\/2025\/07\/Zmogljiva-kolesarska-svetilka.webp","contentUrl":"https:\/\/www.sportshine.eu\/wp-content\/uploads\/2025\/07\/Zmogljiva-kolesarska-svetilka.webp","width":800,"height":800},{"@type":"BreadcrumbList","@id":"https:\/\/www.sportshine.eu\/trgovina\/kolesarska-luc-led-gaciron-v9dp-1800\/#breadcrumb","itemListElement":[{"@type":"ListItem","position":1,"name":"Home","item":"https:\/\/www.sportshine.eu\/"},{"@type":"ListItem","position":2,"name":"Trgovina","item":"https:\/\/www.sportshine.eu\/trgovina\/"},{"@type":"ListItem","position":3,"name":"Kolesarska lu\u010d LED Gaciron V9DP-1800"}]},{"@type":"WebSite","@id":"https:\/\/www.sportshine.eu\/#website","url":"https:\/\/www.sportshine.eu\/","name":"Sportshine","description":"Ker\u00e9kp\u00e1ros, fejl\u00e1mp\u00e1k \u00e9s felszerel\u00e9sek online \u00e1ruh\u00e1z\u00e1nak vezet\u0151 k\u00edn\u00e1lata","publisher":{"@id":"https:\/\/www.sportshine.eu\/#organization"},"potentialAction":[{"@type":"SearchAction","target":{"@type":"EntryPoint","urlTemplate":"https:\/\/www.sportshine.eu\/?s={search_term_string}"},"query-input":{"@type":"PropertyValueSpecification","valueRequired":true,"valueName":"search_term_string"}}],"inLanguage":"hu"},{"@type":"Organization","@id":"https:\/\/www.sportshine.eu\/#organization","name":"Sportshine","url":"https:\/\/www.sportshine.eu\/","logo":{"@type":"ImageObject","inLanguage":"hu","@id":"https:\/\/www.sportshine.eu\/#\/schema\/logo\/image\/","url":"https:\/\/www.sportshine.eu\/wp-content\/uploads\/2026\/01\/cropped-Sportshine.webp","contentUrl":"https:\/\/www.sportshine.eu\/wp-content\/uploads\/2026\/01\/cropped-Sportshine.webp","width":295,"height":128,"caption":"Sportshine"},"image":{"@id":"https:\/\/www.sportshine.eu\/#\/schema\/logo\/image\/"},"sameAs":["https:\/\/www.facebook.com\/sportshine.eu\/"]}]}},"_links":{"self":[{"href":"https:\/\/www.sportshine.eu\/hu\/wp-json\/wp\/v2\/product\/6365","targetHints":{"allow":["GET"]}}],"collection":[{"href":"https:\/\/www.sportshine.eu\/hu\/wp-json\/wp\/v2\/product"}],"about":[{"href":"https:\/\/www.sportshine.eu\/hu\/wp-json\/wp\/v2\/types\/product"}],"replies":[{"embeddable":true,"href":"https:\/\/www.sportshine.eu\/hu\/wp-json\/wp\/v2\/comments?post=6365"}],"version-history":[{"count":0,"href":"https:\/\/www.sportshine.eu\/hu\/wp-json\/wp\/v2\/product\/6365\/revisions"}],"wp:featuredmedia":[{"embeddable":true,"href":"https:\/\/www.sportshine.eu\/hu\/wp-json\/wp\/v2\/media\/5167"}],"wp:attachment":[{"href":"https:\/\/www.sportshine.eu\/hu\/wp-json\/wp\/v2\/media?parent=6365"}],"wp:term":[{"taxonomy":"product_brand","embeddable":true,"href":"https:\/\/www.sportshine.eu\/hu\/wp-json\/wp\/v2\/product_brand?post=6365"},{"taxonomy":"product_cat","embeddable":true,"href":"https:\/\/www.sportshine.eu\/hu\/wp-json\/wp\/v2\/product_cat?post=6365"},{"taxonomy":"product_tag","embeddable":true,"href":"https:\/\/www.sportshine.eu\/hu\/wp-json\/wp\/v2\/product_tag?post=6365"}],"curies":[{"name":"wp","href":"https:\/\/api.w.org\/{rel}","templated":true}]}}