{"id":6363,"date":"2025-07-04T21:22:48","date_gmt":"2025-07-04T21:22:48","guid":{"rendered":"https:\/\/www.sportshine.eu\/?post_type=product&#038;p=6363"},"modified":"2025-08-03T11:59:30","modified_gmt":"2025-08-03T11:59:30","slug":"gaciron-w12br-200-hatso-kerekparlampa","status":"publish","type":"product","link":"https:\/\/www.sportshine.eu\/hu\/uzlet\/gaciron-w12br-200-hatso-kerekparlampa\/","title":{"rendered":"Gaciron W12BR-200 h\u00e1ts\u00f3 ker\u00e9kp\u00e1rl\u00e1mpa"},"content":{"rendered":"<div class=\"flex flex-grow flex-col gap-3\">\n<div class=\"min-h-[20px] flex items-start overflow-x-auto whitespace-pre-wrap break-words flex-col gap-4\">\n<div class=\"markdown prose w-full break-words dark:prose-invert light\">\n<h3 style=\"text-align: center;\">ZADNJA KOLESARSKA LU\u010c GACIRON W12BR-200 VIDEO<\/h3>\n<p><iframe loading=\"lazy\" title=\"W12BR\" width=\"500\" height=\"281\" src=\"https:\/\/www.youtube.com\/embed\/ECxWEJu-r-g?feature=oembed\" frameborder=\"0\" allow=\"accelerometer; autoplay; clipboard-write; encrypted-media; gyroscope; picture-in-picture; web-share\" referrerpolicy=\"strict-origin-when-cross-origin\" allowfullscreen><\/iframe><\/p>\n<h3 style=\"text-align: center;\">PAMETNA LU\u010c ZA NAMESTITEV POD SEDE\u017d ALI NA PRTLJA\u017dNIK<\/h3>\n<p><img decoding=\"async\" class=\"aligncenter wp-image-7561\" src=\"https:\/\/www.sportshine.eu\/wp-content\/uploads\/2025\/07\/kolesarska-luc-Gaciron-W12BR-200.webp\" alt=\"kolesarska lu\u010d Gaciron W12BR-200\" width=\"800\" height=\"954\" srcset=\"https:\/\/www.sportshine.eu\/wp-content\/uploads\/2025\/07\/kolesarska-luc-Gaciron-W12BR-200-768x916.webp 768w, https:\/\/www.sportshine.eu\/wp-content\/uploads\/2025\/07\/kolesarska-luc-Gaciron-W12BR-200-600x716.webp 600w\" sizes=\"(max-width: 800px) 100vw, 800px\" \/><\/p>\n<h3 style=\"text-align: center;\">VE\u010c STOPENJ DELOVANJA<\/h3>\n<p style=\"text-align: center;\">Svetilka ima 6 stopenj svetilnosti, ki omogo\u010dajo prilagodljivo osvetlitev glede na okoli\u0161\u010dine in potrebe kolesarja. Prav tako je opremljena s senzorjem za zaviranje, kar pomeni, da se samodejno ugasne ali preklopi v na\u010din spanja po 120 sekundah, ko kolesar neha voziti. Ko spet zazna premikanje kolesa, se samodejno aktivira nazaj, kar \u0161e dodatno podalj\u0161a \u017eivljenjsko dobo baterije.<\/p>\n<p><img decoding=\"async\" class=\"aligncenter wp-image-7562\" src=\"https:\/\/www.sportshine.eu\/wp-content\/uploads\/2025\/07\/kolesarska-luc-Gaciron-W12BR-200-1.webp\" alt=\"kolesarska lu\u010d Gaciron W12BR-200\" width=\"800\" height=\"686\" srcset=\"https:\/\/www.sportshine.eu\/wp-content\/uploads\/2025\/07\/kolesarska-luc-Gaciron-W12BR-200-1-768x658.webp 768w, https:\/\/www.sportshine.eu\/wp-content\/uploads\/2025\/07\/kolesarska-luc-Gaciron-W12BR-200-1-600x514.webp 600w\" sizes=\"(max-width: 800px) 100vw, 800px\" \/><\/p>\n<h3 style=\"text-align: center;\">VODOODPORNA PO STANDARDU IPX6<\/h3>\n<p style=\"text-align: center;\">Kolesarska lu\u010d je vodoodporna po standardu IPX6, kar pomeni, da je primerna za uporabo v vseh vremenskih razmerah. Njena vidnost je impresivnih ve\u010d kot 1000 metrov, kar zagotavlja varnost in vidljivost tudi v slab\u0161ih svetlobnih pogojih.<\/p>\n<p><img decoding=\"async\" class=\"aligncenter wp-image-7564\" src=\"https:\/\/www.sportshine.eu\/wp-content\/uploads\/2025\/07\/kolesarska-luc-Gaciron-W12BR-200-2.webp\" alt=\"kolesarska lu\u010d Gaciron W12BR-200\" width=\"800\" height=\"685\" srcset=\"https:\/\/www.sportshine.eu\/wp-content\/uploads\/2025\/07\/kolesarska-luc-Gaciron-W12BR-200-2-768x658.webp 768w, https:\/\/www.sportshine.eu\/wp-content\/uploads\/2025\/07\/kolesarska-luc-Gaciron-W12BR-200-2-600x514.webp 600w\" sizes=\"(max-width: 800px) 100vw, 800px\" \/><\/p>\n<p>&nbsp;<\/p>\n<p style=\"text-align: center;\">V kompletu poleg svetilke prejmete tudi vse potrebne nastavke za namestitev pod sede\u017e ali na prtlja\u017enik ter vijake in polnilni kabel za baterijo. Za dodatno brezskrbnost pa proizvajalec nudi 1 leto garancije na delovanje svetilke.<\/p>\n<p style=\"text-align: center;\">S to zmogljivo, priro\u010dno in varno kolesarsko lu\u010djo boste lahko brezskrbno u\u017eivali v va\u0161ih kolesarskih poteh ne glede na razmere, saj bo va\u0161a pot vedno dobro osvetljena in vidna drugim udele\u017eencem v prometu.<\/p>\n<\/div>\n<\/div>\n<\/div>\n","protected":false},"excerpt":{"rendered":"<p>A Gaciron W12BR csomagtart\u00f3ra szerelhet\u0151 ker\u00e9kp\u00e1rl\u00e1mpa nagyszer\u0171 v\u00e1laszt\u00e1s minden ker\u00e9kp\u00e1ros utaz\u00f3 sz\u00e1m\u00e1ra, akinek vil\u00e1g\u00edt\u00e1sra van sz\u00fcks\u00e9ge a ker\u00e9kp\u00e1rj\u00e1n csomagtart\u00f3val vagy az \u00fcl\u00e9s alatt. V\u00e1rosi ker\u00e9kp\u00e1rosok sz\u00e1m\u00e1ra is praktikus. Be\u00e9p\u00edtett 1200 mAh-s l\u00edtium-ion akkumul\u00e1tor\u00e1val t\u00f6bb mint 100 \u00f3r\u00e1n \u00e1t k\u00e9pes m\u0171k\u00f6dni, ami rendk\u00edv\u00fcl k\u00e9nyelmes hossz\u00fa utakon vagy napi v\u00e1rosi utakon.<\/p>","protected":false},"featured_media":5292,"comment_status":"open","ping_status":"closed","template":"","meta":[],"product_brand":[132],"product_cat":[86],"product_tag":[],"class_list":{"0":"post-6363","1":"product","2":"type-product","3":"status-publish","4":"has-post-thumbnail","6":"product_brand-gaciron","7":"product_cat-zadnje-kolesarske-luci","9":"first","10":"instock","11":"taxable","12":"shipping-taxable","13":"purchasable","14":"product-type-simple"},"yoast_head":"<!-- This site is optimized with the Yoast SEO plugin v27.3 - https:\/\/yoast.com\/product\/yoast-seo-wordpress\/ -->\n<title>Zadnja kolesarska lu\u010d Gaciron W12BR-200<\/title>\n<meta name=\"description\" content=\"Zadnja kolesarska lu\u010d Gaciron W12BR-200 za svojo mo\u010d uporablja 1200-mAh litij-ionsko baterijo in deluje do 100 ur. Ima vgrajen senzor zaviranja.\" \/>\n<meta name=\"robots\" content=\"index, follow, max-snippet:-1, max-image-preview:large, max-video-preview:-1\" \/>\n<link rel=\"canonical\" href=\"https:\/\/www.sportshine.eu\/hu\/uzlet\/gaciron-w12br-200-hatso-kerekparlampa\/\" \/>\n<meta property=\"og:locale\" content=\"hu_HU\" \/>\n<meta property=\"og:type\" content=\"article\" \/>\n<meta property=\"og:title\" content=\"Zadnja kolesarska lu\u010d Gaciron W12BR-200\" \/>\n<meta property=\"og:description\" content=\"Zadnja kolesarska lu\u010d Gaciron W12BR-200 za svojo mo\u010d uporablja 1200-mAh litij-ionsko baterijo in deluje do 100 ur. Ima vgrajen senzor zaviranja.\" \/>\n<meta property=\"og:url\" content=\"https:\/\/www.sportshine.eu\/hu\/uzlet\/gaciron-w12br-200-hatso-kerekparlampa\/\" \/>\n<meta property=\"og:site_name\" content=\"Sportshine\" \/>\n<meta property=\"article:publisher\" content=\"https:\/\/www.facebook.com\/sportshine.eu\/\" \/>\n<meta property=\"article:modified_time\" content=\"2025-08-03T11:59:30+00:00\" \/>\n<meta property=\"og:image\" content=\"https:\/\/www.sportshine.eu\/wp-content\/uploads\/2025\/07\/zmogliva-zadnja-svetilka.webp\" \/>\n\t<meta property=\"og:image:width\" content=\"800\" \/>\n\t<meta property=\"og:image:height\" content=\"800\" \/>\n\t<meta property=\"og:image:type\" content=\"image\/webp\" \/>\n<meta name=\"twitter:card\" content=\"summary_large_image\" \/>\n<meta name=\"twitter:label1\" content=\"Becs\u00fclt olvas\u00e1si id\u0151\" \/>\n\t<meta name=\"twitter:data1\" content=\"2 perc\" \/>\n<script type=\"application\/ld+json\" class=\"yoast-schema-graph\">{\"@context\":\"https:\\\/\\\/schema.org\",\"@graph\":[{\"@type\":\"WebPage\",\"@id\":\"https:\\\/\\\/www.sportshine.eu\\\/trgovina\\\/zadnja-kolesarska-luc-gaciron-w12br-200\\\/\",\"url\":\"https:\\\/\\\/www.sportshine.eu\\\/trgovina\\\/zadnja-kolesarska-luc-gaciron-w12br-200\\\/\",\"name\":\"Zadnja kolesarska lu\u010d Gaciron W12BR-200\",\"isPartOf\":{\"@id\":\"https:\\\/\\\/www.sportshine.eu\\\/#website\"},\"primaryImageOfPage\":{\"@id\":\"https:\\\/\\\/www.sportshine.eu\\\/trgovina\\\/zadnja-kolesarska-luc-gaciron-w12br-200\\\/#primaryimage\"},\"image\":{\"@id\":\"https:\\\/\\\/www.sportshine.eu\\\/trgovina\\\/zadnja-kolesarska-luc-gaciron-w12br-200\\\/#primaryimage\"},\"thumbnailUrl\":\"https:\\\/\\\/www.sportshine.eu\\\/wp-content\\\/uploads\\\/2025\\\/07\\\/zmogliva-zadnja-svetilka.webp\",\"datePublished\":\"2025-07-04T21:22:48+00:00\",\"dateModified\":\"2025-08-03T11:59:30+00:00\",\"description\":\"Zadnja kolesarska lu\u010d Gaciron W12BR-200 za svojo mo\u010d uporablja 1200-mAh litij-ionsko baterijo in deluje do 100 ur. Ima vgrajen senzor zaviranja.\",\"breadcrumb\":{\"@id\":\"https:\\\/\\\/www.sportshine.eu\\\/trgovina\\\/zadnja-kolesarska-luc-gaciron-w12br-200\\\/#breadcrumb\"},\"inLanguage\":\"hu\",\"potentialAction\":[{\"@type\":\"ReadAction\",\"target\":[\"https:\\\/\\\/www.sportshine.eu\\\/trgovina\\\/zadnja-kolesarska-luc-gaciron-w12br-200\\\/\"]}]},{\"@type\":\"ImageObject\",\"inLanguage\":\"hu\",\"@id\":\"https:\\\/\\\/www.sportshine.eu\\\/trgovina\\\/zadnja-kolesarska-luc-gaciron-w12br-200\\\/#primaryimage\",\"url\":\"https:\\\/\\\/www.sportshine.eu\\\/wp-content\\\/uploads\\\/2025\\\/07\\\/zmogliva-zadnja-svetilka.webp\",\"contentUrl\":\"https:\\\/\\\/www.sportshine.eu\\\/wp-content\\\/uploads\\\/2025\\\/07\\\/zmogliva-zadnja-svetilka.webp\",\"width\":800,\"height\":800},{\"@type\":\"BreadcrumbList\",\"@id\":\"https:\\\/\\\/www.sportshine.eu\\\/trgovina\\\/zadnja-kolesarska-luc-gaciron-w12br-200\\\/#breadcrumb\",\"itemListElement\":[{\"@type\":\"ListItem\",\"position\":1,\"name\":\"Home\",\"item\":\"https:\\\/\\\/www.sportshine.eu\\\/\"},{\"@type\":\"ListItem\",\"position\":2,\"name\":\"Trgovina\",\"item\":\"https:\\\/\\\/www.sportshine.eu\\\/trgovina\\\/\"},{\"@type\":\"ListItem\",\"position\":3,\"name\":\"Zadnja kolesarska lu\u010d Gaciron W12BR-200\"}]},{\"@type\":\"WebSite\",\"@id\":\"https:\\\/\\\/www.sportshine.eu\\\/#website\",\"url\":\"https:\\\/\\\/www.sportshine.eu\\\/\",\"name\":\"Sportshine\",\"description\":\"Top spletna trgovina kolesarskih in naglavnih svetilk ter opreme\",\"publisher\":{\"@id\":\"https:\\\/\\\/www.sportshine.eu\\\/#organization\"},\"potentialAction\":[{\"@type\":\"SearchAction\",\"target\":{\"@type\":\"EntryPoint\",\"urlTemplate\":\"https:\\\/\\\/www.sportshine.eu\\\/?s={search_term_string}\"},\"query-input\":{\"@type\":\"PropertyValueSpecification\",\"valueRequired\":true,\"valueName\":\"search_term_string\"}}],\"inLanguage\":\"hu\"},{\"@type\":\"Organization\",\"@id\":\"https:\\\/\\\/www.sportshine.eu\\\/#organization\",\"name\":\"Sportshine\",\"url\":\"https:\\\/\\\/www.sportshine.eu\\\/\",\"logo\":{\"@type\":\"ImageObject\",\"inLanguage\":\"hu\",\"@id\":\"https:\\\/\\\/www.sportshine.eu\\\/#\\\/schema\\\/logo\\\/image\\\/\",\"url\":\"https:\\\/\\\/www.sportshine.eu\\\/wp-content\\\/uploads\\\/2026\\\/01\\\/cropped-Sportshine.webp\",\"contentUrl\":\"https:\\\/\\\/www.sportshine.eu\\\/wp-content\\\/uploads\\\/2026\\\/01\\\/cropped-Sportshine.webp\",\"width\":295,\"height\":128,\"caption\":\"Sportshine\"},\"image\":{\"@id\":\"https:\\\/\\\/www.sportshine.eu\\\/#\\\/schema\\\/logo\\\/image\\\/\"},\"sameAs\":[\"https:\\\/\\\/www.facebook.com\\\/sportshine.eu\\\/\"]}]}<\/script>\n<!-- \/ Yoast SEO plugin. -->","yoast_head_json":{"title":"Gaciron W12BR-200 h\u00e1ts\u00f3 ker\u00e9kp\u00e1rl\u00e1mpa","description":"A Gaciron W12BR-200 h\u00e1ts\u00f3 ker\u00e9kp\u00e1rl\u00e1mp\u00e1t egy 1200 mAh-s l\u00edtium-ion akkumul\u00e1tor t\u00e1pl\u00e1lja, \u00e9s ak\u00e1r 100 \u00f3r\u00e1s \u00fczemid\u0151vel is rendelkezik. Be\u00e9p\u00edtett f\u00e9kszenzorral rendelkezik.","robots":{"index":"index","follow":"follow","max-snippet":"max-snippet:-1","max-image-preview":"max-image-preview:large","max-video-preview":"max-video-preview:-1"},"canonical":"https:\/\/www.sportshine.eu\/hu\/uzlet\/gaciron-w12br-200-hatso-kerekparlampa\/","og_locale":"hu_HU","og_type":"article","og_title":"Zadnja kolesarska lu\u010d Gaciron W12BR-200","og_description":"Zadnja kolesarska lu\u010d Gaciron W12BR-200 za svojo mo\u010d uporablja 1200-mAh litij-ionsko baterijo in deluje do 100 ur. Ima vgrajen senzor zaviranja.","og_url":"https:\/\/www.sportshine.eu\/hu\/uzlet\/gaciron-w12br-200-hatso-kerekparlampa\/","og_site_name":"Sportshine","article_publisher":"https:\/\/www.facebook.com\/sportshine.eu\/","article_modified_time":"2025-08-03T11:59:30+00:00","og_image":[{"width":800,"height":800,"url":"https:\/\/www.sportshine.eu\/wp-content\/uploads\/2025\/07\/zmogliva-zadnja-svetilka.webp","type":"image\/webp"}],"twitter_card":"summary_large_image","twitter_misc":{"Becs\u00fclt olvas\u00e1si id\u0151":"2 perc"},"schema":{"@context":"https:\/\/schema.org","@graph":[{"@type":"WebPage","@id":"https:\/\/www.sportshine.eu\/trgovina\/zadnja-kolesarska-luc-gaciron-w12br-200\/","url":"https:\/\/www.sportshine.eu\/trgovina\/zadnja-kolesarska-luc-gaciron-w12br-200\/","name":"Gaciron W12BR-200 h\u00e1ts\u00f3 ker\u00e9kp\u00e1rl\u00e1mpa","isPartOf":{"@id":"https:\/\/www.sportshine.eu\/#website"},"primaryImageOfPage":{"@id":"https:\/\/www.sportshine.eu\/trgovina\/zadnja-kolesarska-luc-gaciron-w12br-200\/#primaryimage"},"image":{"@id":"https:\/\/www.sportshine.eu\/trgovina\/zadnja-kolesarska-luc-gaciron-w12br-200\/#primaryimage"},"thumbnailUrl":"https:\/\/www.sportshine.eu\/wp-content\/uploads\/2025\/07\/zmogliva-zadnja-svetilka.webp","datePublished":"2025-07-04T21:22:48+00:00","dateModified":"2025-08-03T11:59:30+00:00","description":"A Gaciron W12BR-200 h\u00e1ts\u00f3 ker\u00e9kp\u00e1rl\u00e1mp\u00e1t egy 1200 mAh-s l\u00edtium-ion akkumul\u00e1tor t\u00e1pl\u00e1lja, \u00e9s ak\u00e1r 100 \u00f3r\u00e1s \u00fczemid\u0151vel is rendelkezik. Be\u00e9p\u00edtett f\u00e9kszenzorral rendelkezik.","breadcrumb":{"@id":"https:\/\/www.sportshine.eu\/trgovina\/zadnja-kolesarska-luc-gaciron-w12br-200\/#breadcrumb"},"inLanguage":"hu","potentialAction":[{"@type":"ReadAction","target":["https:\/\/www.sportshine.eu\/trgovina\/zadnja-kolesarska-luc-gaciron-w12br-200\/"]}]},{"@type":"ImageObject","inLanguage":"hu","@id":"https:\/\/www.sportshine.eu\/trgovina\/zadnja-kolesarska-luc-gaciron-w12br-200\/#primaryimage","url":"https:\/\/www.sportshine.eu\/wp-content\/uploads\/2025\/07\/zmogliva-zadnja-svetilka.webp","contentUrl":"https:\/\/www.sportshine.eu\/wp-content\/uploads\/2025\/07\/zmogliva-zadnja-svetilka.webp","width":800,"height":800},{"@type":"BreadcrumbList","@id":"https:\/\/www.sportshine.eu\/trgovina\/zadnja-kolesarska-luc-gaciron-w12br-200\/#breadcrumb","itemListElement":[{"@type":"ListItem","position":1,"name":"Home","item":"https:\/\/www.sportshine.eu\/"},{"@type":"ListItem","position":2,"name":"Trgovina","item":"https:\/\/www.sportshine.eu\/trgovina\/"},{"@type":"ListItem","position":3,"name":"Zadnja kolesarska lu\u010d Gaciron W12BR-200"}]},{"@type":"WebSite","@id":"https:\/\/www.sportshine.eu\/#website","url":"https:\/\/www.sportshine.eu\/","name":"Sportshine","description":"Ker\u00e9kp\u00e1ros, fejl\u00e1mp\u00e1k \u00e9s felszerel\u00e9sek online \u00e1ruh\u00e1z\u00e1nak vezet\u0151 k\u00edn\u00e1lata","publisher":{"@id":"https:\/\/www.sportshine.eu\/#organization"},"potentialAction":[{"@type":"SearchAction","target":{"@type":"EntryPoint","urlTemplate":"https:\/\/www.sportshine.eu\/?s={search_term_string}"},"query-input":{"@type":"PropertyValueSpecification","valueRequired":true,"valueName":"search_term_string"}}],"inLanguage":"hu"},{"@type":"Organization","@id":"https:\/\/www.sportshine.eu\/#organization","name":"Sportshine","url":"https:\/\/www.sportshine.eu\/","logo":{"@type":"ImageObject","inLanguage":"hu","@id":"https:\/\/www.sportshine.eu\/#\/schema\/logo\/image\/","url":"https:\/\/www.sportshine.eu\/wp-content\/uploads\/2026\/01\/cropped-Sportshine.webp","contentUrl":"https:\/\/www.sportshine.eu\/wp-content\/uploads\/2026\/01\/cropped-Sportshine.webp","width":295,"height":128,"caption":"Sportshine"},"image":{"@id":"https:\/\/www.sportshine.eu\/#\/schema\/logo\/image\/"},"sameAs":["https:\/\/www.facebook.com\/sportshine.eu\/"]}]}},"_links":{"self":[{"href":"https:\/\/www.sportshine.eu\/hu\/wp-json\/wp\/v2\/product\/6363","targetHints":{"allow":["GET"]}}],"collection":[{"href":"https:\/\/www.sportshine.eu\/hu\/wp-json\/wp\/v2\/product"}],"about":[{"href":"https:\/\/www.sportshine.eu\/hu\/wp-json\/wp\/v2\/types\/product"}],"replies":[{"embeddable":true,"href":"https:\/\/www.sportshine.eu\/hu\/wp-json\/wp\/v2\/comments?post=6363"}],"version-history":[{"count":0,"href":"https:\/\/www.sportshine.eu\/hu\/wp-json\/wp\/v2\/product\/6363\/revisions"}],"wp:featuredmedia":[{"embeddable":true,"href":"https:\/\/www.sportshine.eu\/hu\/wp-json\/wp\/v2\/media\/5292"}],"wp:attachment":[{"href":"https:\/\/www.sportshine.eu\/hu\/wp-json\/wp\/v2\/media?parent=6363"}],"wp:term":[{"taxonomy":"product_brand","embeddable":true,"href":"https:\/\/www.sportshine.eu\/hu\/wp-json\/wp\/v2\/product_brand?post=6363"},{"taxonomy":"product_cat","embeddable":true,"href":"https:\/\/www.sportshine.eu\/hu\/wp-json\/wp\/v2\/product_cat?post=6363"},{"taxonomy":"product_tag","embeddable":true,"href":"https:\/\/www.sportshine.eu\/hu\/wp-json\/wp\/v2\/product_tag?post=6363"}],"curies":[{"name":"wp","href":"https:\/\/api.w.org\/{rel}","templated":true}]}}