{"id":6354,"date":"2025-07-04T21:22:37","date_gmt":"2025-07-04T21:22:37","guid":{"rendered":"https:\/\/www.sportshine.eu\/?post_type=product&#038;p=6354"},"modified":"2026-03-11T14:48:32","modified_gmt":"2026-03-11T14:48:32","slug":"gaciron-w11-led-hatso-kerekparlampa","status":"publish","type":"product","link":"https:\/\/www.sportshine.eu\/hu\/uzlet\/gaciron-w11-led-hatso-kerekparlampa\/","title":{"rendered":"Gaciron W11 LED h\u00e1ts\u00f3 ker\u00e9kp\u00e1rl\u00e1mpa"},"content":{"rendered":"<h3 style=\"text-align: center;\">KER\u00c9KP\u00c1ROS L\u00c1MPA 15 LUMENNEL \u00c9S 27,8 GRAMM S\u00daLYAL<\/h3>\n<p style=\"text-align: center;\">L\u00e1t\u00f3sz\u00f6g 220 fok<br \/>\nT\u00f6bbf\u00e9le r\u00f6gz\u00edt\u00e9si m\u00f3dszer<br \/>\nKerek \u00e9s aero nyeregcs\u00f6vekkel kompatibilis<\/p>\n<p><img decoding=\"async\" class=\"aligncenter wp-image-5260 size-full\" src=\"https:\/\/www.sportshine.eu\/wp-content\/uploads\/2025\/07\/zadnja-luc-za-kolo-2.webp\" alt=\"\" width=\"800\" height=\"800\" srcset=\"https:\/\/www.sportshine.eu\/wp-content\/uploads\/2025\/07\/zadnja-luc-za-kolo-2.webp 800w, https:\/\/www.sportshine.eu\/wp-content\/uploads\/2025\/07\/zadnja-luc-za-kolo-2-768x768.webp 768w, https:\/\/www.sportshine.eu\/wp-content\/uploads\/2025\/07\/zadnja-luc-za-kolo-2-600x600.webp 600w\" sizes=\"(max-width: 800px) 100vw, 800px\" \/><\/p>\n<h3 style=\"text-align: center;\">4 \u00dcZEMM\u00d3DOT LEHET\u0150V\u00c9 TESSZ\u00dcK<\/h3>\n<p><img decoding=\"async\" class=\"aligncenter wp-image-5257 size-full\" src=\"https:\/\/www.sportshine.eu\/wp-content\/uploads\/2025\/07\/kolesarska-luc-5.webp\" alt=\"\" width=\"800\" height=\"800\" srcset=\"https:\/\/www.sportshine.eu\/wp-content\/uploads\/2025\/07\/kolesarska-luc-5.webp 800w, https:\/\/www.sportshine.eu\/wp-content\/uploads\/2025\/07\/kolesarska-luc-5-768x768.webp 768w, https:\/\/www.sportshine.eu\/wp-content\/uploads\/2025\/07\/kolesarska-luc-5-600x600.webp 600w\" sizes=\"(max-width: 800px) 100vw, 800px\" \/><\/p>\n<h3 style=\"text-align: center;\">A CYCLE LIGHT VIDE\u00d3BEMUTAT\u00d3JA<\/h3>\n<p><iframe loading=\"lazy\" title=\"Gaciron W11\" width=\"500\" height=\"281\" src=\"https:\/\/www.youtube.com\/embed\/RT97j0m9Fnw?feature=oembed\" frameborder=\"0\" allow=\"accelerometer; autoplay; clipboard-write; encrypted-media; gyroscope; picture-in-picture; web-share\" referrerpolicy=\"strict-origin-when-cross-origin\" allowfullscreen><\/iframe><\/p>\n<h3 style=\"text-align: center;\">BE\u00c9P\u00cdTETT COB LED EXTRA ER\u0150S F\u00c9NYT BIZTOS\u00cdT<\/h3>\n<p style=\"text-align: center;\">A m\u00e1gneses tart\u00f3nak k\u00f6sz\u00f6nhet\u0151en a h\u00e1ts\u00f3 l\u00e1mpa fel- \u00e9s leszerel\u00e9se nagyon gyors. A m\u00e1gneses tart\u00f3 r\u00f6gz\u00edti a l\u00e1mp\u00e1t a tart\u00f3hoz, \u00e9s biztos\u00edtja a biztons\u00e1gos \u00e9s szil\u00e1rd r\u00f6gz\u00edt\u00e9st.<\/p>\n<p><img decoding=\"async\" class=\"aligncenter wp-image-5261 size-full\" src=\"https:\/\/www.sportshine.eu\/wp-content\/uploads\/2025\/07\/gaciron-w11-kolesarska-luc.webp\" alt=\"\" width=\"800\" height=\"800\" srcset=\"https:\/\/www.sportshine.eu\/wp-content\/uploads\/2025\/07\/gaciron-w11-kolesarska-luc.webp 800w, https:\/\/www.sportshine.eu\/wp-content\/uploads\/2025\/07\/gaciron-w11-kolesarska-luc-768x768.webp 768w, https:\/\/www.sportshine.eu\/wp-content\/uploads\/2025\/07\/gaciron-w11-kolesarska-luc-600x600.webp 600w\" sizes=\"(max-width: 800px) 100vw, 800px\" \/><\/p>\n<h3 style=\"text-align: center;\">V\u00cdZ\u00c1LL\u00d3 AZ IPX4 SZABV\u00c1NY SZERINT<\/h3>\n<p style=\"text-align: center;\">A szilikon sz\u00edj \u00e9s a t\u00f6lt\u0151port v\u00edz\u00e1ll\u00f3, \u00edgy es\u0151ben is gond n\u00e9lk\u00fcl biciklizhetsz.<\/p>\n<p><img decoding=\"async\" class=\"aligncenter wp-image-5256 size-full\" src=\"https:\/\/www.sportshine.eu\/wp-content\/uploads\/2025\/07\/zmogljiva-kolesarska-luc-1-1.webp\" alt=\"\" width=\"800\" height=\"800\" srcset=\"https:\/\/www.sportshine.eu\/wp-content\/uploads\/2025\/07\/zmogljiva-kolesarska-luc-1-1.webp 800w, https:\/\/www.sportshine.eu\/wp-content\/uploads\/2025\/07\/zmogljiva-kolesarska-luc-1-1-768x768.webp 768w, https:\/\/www.sportshine.eu\/wp-content\/uploads\/2025\/07\/zmogljiva-kolesarska-luc-1-1-600x600.webp 600w\" sizes=\"(max-width: 800px) 100vw, 800px\" \/><\/p>\n<h3 style=\"text-align: center;\">HOSSZAN TART\u00d3<\/h3>\n<p style=\"text-align: center;\">2,5 \u00f3ra alatt felt\u00f6lthet\u0151. T\u00f6lt\u00e9s k\u00f6zben pirosan villog, teljesen felt\u00f6lt\u00f6tt \u00e1llapotban pedig folyamatosan vil\u00e1g\u00edt. A 200 mAh-s l\u00edtium-ion akkumul\u00e1tor ak\u00e1r 56 \u00f3r\u00e1s haszn\u00e1latot biztos\u00edt a legalacsonyabb fokozaton.<\/p>\n<p><img decoding=\"async\" class=\"aligncenter wp-image-5259 size-full\" src=\"https:\/\/www.sportshine.eu\/wp-content\/uploads\/2025\/07\/zadnja-kolesarska-luc-2.webp\" alt=\"\" width=\"800\" height=\"800\" srcset=\"https:\/\/www.sportshine.eu\/wp-content\/uploads\/2025\/07\/zadnja-kolesarska-luc-2.webp 800w, https:\/\/www.sportshine.eu\/wp-content\/uploads\/2025\/07\/zadnja-kolesarska-luc-2-768x768.webp 768w, https:\/\/www.sportshine.eu\/wp-content\/uploads\/2025\/07\/zadnja-kolesarska-luc-2-600x600.webp 600w\" sizes=\"(max-width: 800px) 100vw, 800px\" \/><\/p>\n<h3 style=\"text-align: center;\">TOV\u00c1BBI LEHET\u0150S\u00c9GEK A L\u00c1MPA FELSZEREL\u00c9S\u00c9RE<\/h3>\n<p style=\"text-align: center;\">A h\u00e1ts\u00f3 ker\u00e9kp\u00e1rl\u00e1mp\u00e1nk levehet\u0151 a tart\u00f3r\u00f3l, \u00e9s felszerelhet\u0151 ker\u00e9kp\u00e1ros sisakra, h\u00e1ts\u00f3 t\u00e1sk\u00e1ra vagy h\u00e1tizs\u00e1kra.<\/p>\n<p><img decoding=\"async\" class=\"aligncenter wp-image-5259 size-full\" src=\"https:\/\/www.sportshine.eu\/wp-content\/uploads\/2025\/07\/zadnja-kolesarska-luc-2.webp\" alt=\"\" width=\"800\" height=\"800\" srcset=\"https:\/\/www.sportshine.eu\/wp-content\/uploads\/2025\/07\/zadnja-kolesarska-luc-2.webp 800w, https:\/\/www.sportshine.eu\/wp-content\/uploads\/2025\/07\/zadnja-kolesarska-luc-2-768x768.webp 768w, https:\/\/www.sportshine.eu\/wp-content\/uploads\/2025\/07\/zadnja-kolesarska-luc-2-600x600.webp 600w\" sizes=\"(max-width: 800px) 100vw, 800px\" \/><\/p>\n<h3 style=\"text-align: center;\">A CSOMAGBAN KAPOD<\/h3>\n<p><img decoding=\"async\" class=\"aligncenter wp-image-7573\" src=\"https:\/\/www.sportshine.eu\/wp-content\/uploads\/2025\/07\/Gaciron-w11.webp\" alt=\"\" width=\"800\" height=\"729\" srcset=\"https:\/\/www.sportshine.eu\/wp-content\/uploads\/2025\/07\/Gaciron-w11.webp 750w, https:\/\/www.sportshine.eu\/wp-content\/uploads\/2025\/07\/Gaciron-w11-600x546.webp 600w\" sizes=\"(max-width: 800px) 100vw, 800px\" \/><\/p>\n<h3 style=\"text-align: center;\">\u00c9L\u0150 K\u00c9PEK<\/h3>\n<p><img decoding=\"async\" class=\"aligncenter wp-image-7574\" src=\"https:\/\/www.sportshine.eu\/wp-content\/uploads\/2025\/07\/Gaciron-w11-luc.webp\" alt=\"\" width=\"800\" height=\"1279\" srcset=\"https:\/\/www.sportshine.eu\/wp-content\/uploads\/2025\/07\/Gaciron-w11-luc.webp 748w, https:\/\/www.sportshine.eu\/wp-content\/uploads\/2025\/07\/Gaciron-w11-luc-600x959.webp 600w\" sizes=\"(max-width: 800px) 100vw, 800px\" \/><\/p>","protected":false},"excerpt":{"rendered":"<p>A Gaciron W11 h\u00e1ts\u00f3 ker\u00e9kp\u00e1rl\u00e1mpa egy min\u0151s\u00e9gi h\u00e1ts\u00f3 l\u00e1mpa, 15 lumen teljes\u00edtm\u00e9nnyel. Egy 200 mAh-s l\u00edtium-ion akkumul\u00e1torral m\u0171k\u00f6dik, \u00e9s 9 \u00f3r\u00e1n \u00e1t folyamatosan vil\u00e1g\u00edt. A l\u00e1mp\u00e1k l\u00e1t\u00f3t\u00e1vols\u00e1ga 1000 m\u00e9ter. A csomag tartalmaz egy hosszabb\u00edtott tart\u00f3t is az aero nyeregre val\u00f3 felszerel\u00e9shez.<\/p>","protected":false},"featured_media":5254,"comment_status":"open","ping_status":"closed","template":"","meta":[],"product_brand":[132],"product_cat":[86],"product_tag":[],"class_list":{"0":"post-6354","1":"product","2":"type-product","3":"status-publish","4":"has-post-thumbnail","6":"product_brand-gaciron","7":"product_cat-zadnje-kolesarske-luci","9":"first","10":"instock","11":"sale","12":"taxable","13":"shipping-taxable","14":"purchasable","15":"product-type-simple"},"yoast_head":"<!-- This site is optimized with the Yoast SEO plugin v27.3 - https:\/\/yoast.com\/product\/yoast-seo-wordpress\/ -->\n<title>Zadnja kolesarska lu\u010d za kolo Gaciron w11<\/title>\n<meta name=\"description\" content=\"Izredno kvalitetna zadnja lu\u010d za kolo Gaciron W11. Za svojo mo\u010d uporablja 200-mAh litij-ionsko baterijo in deluje do 56 ur.\" \/>\n<meta name=\"robots\" content=\"index, follow, max-snippet:-1, max-image-preview:large, max-video-preview:-1\" \/>\n<link rel=\"canonical\" href=\"https:\/\/www.sportshine.eu\/hu\/uzlet\/gaciron-w11-led-hatso-kerekparlampa\/\" \/>\n<meta property=\"og:locale\" content=\"hu_HU\" \/>\n<meta property=\"og:type\" content=\"article\" \/>\n<meta property=\"og:title\" content=\"Zadnja kolesarska lu\u010d za kolo Gaciron w11\" \/>\n<meta property=\"og:description\" content=\"Izredno kvalitetna zadnja lu\u010d za kolo Gaciron W11. Za svojo mo\u010d uporablja 200-mAh litij-ionsko baterijo in deluje do 56 ur.\" \/>\n<meta property=\"og:url\" content=\"https:\/\/www.sportshine.eu\/hu\/uzlet\/gaciron-w11-led-hatso-kerekparlampa\/\" \/>\n<meta property=\"og:site_name\" content=\"Sportshine\" \/>\n<meta property=\"article:publisher\" content=\"https:\/\/www.facebook.com\/sportshine.eu\/\" \/>\n<meta property=\"article:modified_time\" content=\"2026-03-11T14:48:32+00:00\" \/>\n<meta property=\"og:image\" content=\"https:\/\/www.sportshine.eu\/wp-content\/uploads\/2025\/07\/Aero-kolesarska-luc.webp\" \/>\n\t<meta property=\"og:image:width\" content=\"800\" \/>\n\t<meta property=\"og:image:height\" content=\"800\" \/>\n\t<meta property=\"og:image:type\" content=\"image\/webp\" \/>\n<meta name=\"twitter:card\" content=\"summary_large_image\" \/>\n<meta name=\"twitter:label1\" content=\"Becs\u00fclt olvas\u00e1si id\u0151\" \/>\n\t<meta name=\"twitter:data1\" content=\"3 perc\" \/>\n<script type=\"application\/ld+json\" class=\"yoast-schema-graph\">{\"@context\":\"https:\\\/\\\/schema.org\",\"@graph\":[{\"@type\":\"WebPage\",\"@id\":\"https:\\\/\\\/www.sportshine.eu\\\/trgovina\\\/zadnja-kolesarska-luc-led-gaciron-w11\\\/\",\"url\":\"https:\\\/\\\/www.sportshine.eu\\\/trgovina\\\/zadnja-kolesarska-luc-led-gaciron-w11\\\/\",\"name\":\"Zadnja kolesarska lu\u010d za kolo Gaciron w11\",\"isPartOf\":{\"@id\":\"https:\\\/\\\/www.sportshine.eu\\\/#website\"},\"primaryImageOfPage\":{\"@id\":\"https:\\\/\\\/www.sportshine.eu\\\/trgovina\\\/zadnja-kolesarska-luc-led-gaciron-w11\\\/#primaryimage\"},\"image\":{\"@id\":\"https:\\\/\\\/www.sportshine.eu\\\/trgovina\\\/zadnja-kolesarska-luc-led-gaciron-w11\\\/#primaryimage\"},\"thumbnailUrl\":\"https:\\\/\\\/www.sportshine.eu\\\/wp-content\\\/uploads\\\/2025\\\/07\\\/Aero-kolesarska-luc.webp\",\"datePublished\":\"2025-07-04T21:22:37+00:00\",\"dateModified\":\"2026-03-11T14:48:32+00:00\",\"description\":\"Izredno kvalitetna zadnja lu\u010d za kolo Gaciron W11. Za svojo mo\u010d uporablja 200-mAh litij-ionsko baterijo in deluje do 56 ur.\",\"breadcrumb\":{\"@id\":\"https:\\\/\\\/www.sportshine.eu\\\/trgovina\\\/zadnja-kolesarska-luc-led-gaciron-w11\\\/#breadcrumb\"},\"inLanguage\":\"hu\",\"potentialAction\":[{\"@type\":\"ReadAction\",\"target\":[\"https:\\\/\\\/www.sportshine.eu\\\/trgovina\\\/zadnja-kolesarska-luc-led-gaciron-w11\\\/\"]}]},{\"@type\":\"ImageObject\",\"inLanguage\":\"hu\",\"@id\":\"https:\\\/\\\/www.sportshine.eu\\\/trgovina\\\/zadnja-kolesarska-luc-led-gaciron-w11\\\/#primaryimage\",\"url\":\"https:\\\/\\\/www.sportshine.eu\\\/wp-content\\\/uploads\\\/2025\\\/07\\\/Aero-kolesarska-luc.webp\",\"contentUrl\":\"https:\\\/\\\/www.sportshine.eu\\\/wp-content\\\/uploads\\\/2025\\\/07\\\/Aero-kolesarska-luc.webp\",\"width\":800,\"height\":800},{\"@type\":\"BreadcrumbList\",\"@id\":\"https:\\\/\\\/www.sportshine.eu\\\/trgovina\\\/zadnja-kolesarska-luc-led-gaciron-w11\\\/#breadcrumb\",\"itemListElement\":[{\"@type\":\"ListItem\",\"position\":1,\"name\":\"Home\",\"item\":\"https:\\\/\\\/www.sportshine.eu\\\/\"},{\"@type\":\"ListItem\",\"position\":2,\"name\":\"Trgovina\",\"item\":\"https:\\\/\\\/www.sportshine.eu\\\/trgovina\\\/\"},{\"@type\":\"ListItem\",\"position\":3,\"name\":\"Zadnja kolesarska lu\u010d LED Gaciron W11\"}]},{\"@type\":\"WebSite\",\"@id\":\"https:\\\/\\\/www.sportshine.eu\\\/#website\",\"url\":\"https:\\\/\\\/www.sportshine.eu\\\/\",\"name\":\"Sportshine\",\"description\":\"Top spletna trgovina kolesarskih in naglavnih svetilk ter opreme\",\"publisher\":{\"@id\":\"https:\\\/\\\/www.sportshine.eu\\\/#organization\"},\"potentialAction\":[{\"@type\":\"SearchAction\",\"target\":{\"@type\":\"EntryPoint\",\"urlTemplate\":\"https:\\\/\\\/www.sportshine.eu\\\/?s={search_term_string}\"},\"query-input\":{\"@type\":\"PropertyValueSpecification\",\"valueRequired\":true,\"valueName\":\"search_term_string\"}}],\"inLanguage\":\"hu\"},{\"@type\":\"Organization\",\"@id\":\"https:\\\/\\\/www.sportshine.eu\\\/#organization\",\"name\":\"Sportshine\",\"url\":\"https:\\\/\\\/www.sportshine.eu\\\/\",\"logo\":{\"@type\":\"ImageObject\",\"inLanguage\":\"hu\",\"@id\":\"https:\\\/\\\/www.sportshine.eu\\\/#\\\/schema\\\/logo\\\/image\\\/\",\"url\":\"https:\\\/\\\/www.sportshine.eu\\\/wp-content\\\/uploads\\\/2026\\\/01\\\/cropped-Sportshine.webp\",\"contentUrl\":\"https:\\\/\\\/www.sportshine.eu\\\/wp-content\\\/uploads\\\/2026\\\/01\\\/cropped-Sportshine.webp\",\"width\":295,\"height\":128,\"caption\":\"Sportshine\"},\"image\":{\"@id\":\"https:\\\/\\\/www.sportshine.eu\\\/#\\\/schema\\\/logo\\\/image\\\/\"},\"sameAs\":[\"https:\\\/\\\/www.facebook.com\\\/sportshine.eu\\\/\"]}]}<\/script>\n<!-- \/ Yoast SEO plugin. -->","yoast_head_json":{"title":"Gaciron w11 h\u00e1ts\u00f3 ker\u00e9kp\u00e1rl\u00e1mpa","description":"A Gaciron W11 egy kiv\u00e1l\u00f3 min\u0151s\u00e9g\u0171 h\u00e1ts\u00f3 ker\u00e9kp\u00e1rl\u00e1mpa. 200 mAh-s l\u00edtium-ion akkumul\u00e1torral m\u0171k\u00f6dik, \u00e9s ak\u00e1r 56 \u00f3r\u00e1n \u00e1t is m\u0171k\u00f6dik.","robots":{"index":"index","follow":"follow","max-snippet":"max-snippet:-1","max-image-preview":"max-image-preview:large","max-video-preview":"max-video-preview:-1"},"canonical":"https:\/\/www.sportshine.eu\/hu\/uzlet\/gaciron-w11-led-hatso-kerekparlampa\/","og_locale":"hu_HU","og_type":"article","og_title":"Zadnja kolesarska lu\u010d za kolo Gaciron w11","og_description":"Izredno kvalitetna zadnja lu\u010d za kolo Gaciron W11. Za svojo mo\u010d uporablja 200-mAh litij-ionsko baterijo in deluje do 56 ur.","og_url":"https:\/\/www.sportshine.eu\/hu\/uzlet\/gaciron-w11-led-hatso-kerekparlampa\/","og_site_name":"Sportshine","article_publisher":"https:\/\/www.facebook.com\/sportshine.eu\/","article_modified_time":"2026-03-11T14:48:32+00:00","og_image":[{"width":800,"height":800,"url":"https:\/\/www.sportshine.eu\/wp-content\/uploads\/2025\/07\/Aero-kolesarska-luc.webp","type":"image\/webp"}],"twitter_card":"summary_large_image","twitter_misc":{"Becs\u00fclt olvas\u00e1si id\u0151":"3 perc"},"schema":{"@context":"https:\/\/schema.org","@graph":[{"@type":"WebPage","@id":"https:\/\/www.sportshine.eu\/trgovina\/zadnja-kolesarska-luc-led-gaciron-w11\/","url":"https:\/\/www.sportshine.eu\/trgovina\/zadnja-kolesarska-luc-led-gaciron-w11\/","name":"Gaciron w11 h\u00e1ts\u00f3 ker\u00e9kp\u00e1rl\u00e1mpa","isPartOf":{"@id":"https:\/\/www.sportshine.eu\/#website"},"primaryImageOfPage":{"@id":"https:\/\/www.sportshine.eu\/trgovina\/zadnja-kolesarska-luc-led-gaciron-w11\/#primaryimage"},"image":{"@id":"https:\/\/www.sportshine.eu\/trgovina\/zadnja-kolesarska-luc-led-gaciron-w11\/#primaryimage"},"thumbnailUrl":"https:\/\/www.sportshine.eu\/wp-content\/uploads\/2025\/07\/Aero-kolesarska-luc.webp","datePublished":"2025-07-04T21:22:37+00:00","dateModified":"2026-03-11T14:48:32+00:00","description":"A Gaciron W11 egy kiv\u00e1l\u00f3 min\u0151s\u00e9g\u0171 h\u00e1ts\u00f3 ker\u00e9kp\u00e1rl\u00e1mpa. 200 mAh-s l\u00edtium-ion akkumul\u00e1torral m\u0171k\u00f6dik, \u00e9s ak\u00e1r 56 \u00f3r\u00e1n \u00e1t is m\u0171k\u00f6dik.","breadcrumb":{"@id":"https:\/\/www.sportshine.eu\/trgovina\/zadnja-kolesarska-luc-led-gaciron-w11\/#breadcrumb"},"inLanguage":"hu","potentialAction":[{"@type":"ReadAction","target":["https:\/\/www.sportshine.eu\/trgovina\/zadnja-kolesarska-luc-led-gaciron-w11\/"]}]},{"@type":"ImageObject","inLanguage":"hu","@id":"https:\/\/www.sportshine.eu\/trgovina\/zadnja-kolesarska-luc-led-gaciron-w11\/#primaryimage","url":"https:\/\/www.sportshine.eu\/wp-content\/uploads\/2025\/07\/Aero-kolesarska-luc.webp","contentUrl":"https:\/\/www.sportshine.eu\/wp-content\/uploads\/2025\/07\/Aero-kolesarska-luc.webp","width":800,"height":800},{"@type":"BreadcrumbList","@id":"https:\/\/www.sportshine.eu\/trgovina\/zadnja-kolesarska-luc-led-gaciron-w11\/#breadcrumb","itemListElement":[{"@type":"ListItem","position":1,"name":"Home","item":"https:\/\/www.sportshine.eu\/"},{"@type":"ListItem","position":2,"name":"Trgovina","item":"https:\/\/www.sportshine.eu\/trgovina\/"},{"@type":"ListItem","position":3,"name":"Zadnja kolesarska lu\u010d LED Gaciron W11"}]},{"@type":"WebSite","@id":"https:\/\/www.sportshine.eu\/#website","url":"https:\/\/www.sportshine.eu\/","name":"Sportshine","description":"Ker\u00e9kp\u00e1ros, fejl\u00e1mp\u00e1k \u00e9s felszerel\u00e9sek online \u00e1ruh\u00e1z\u00e1nak vezet\u0151 k\u00edn\u00e1lata","publisher":{"@id":"https:\/\/www.sportshine.eu\/#organization"},"potentialAction":[{"@type":"SearchAction","target":{"@type":"EntryPoint","urlTemplate":"https:\/\/www.sportshine.eu\/?s={search_term_string}"},"query-input":{"@type":"PropertyValueSpecification","valueRequired":true,"valueName":"search_term_string"}}],"inLanguage":"hu"},{"@type":"Organization","@id":"https:\/\/www.sportshine.eu\/#organization","name":"Sportshine","url":"https:\/\/www.sportshine.eu\/","logo":{"@type":"ImageObject","inLanguage":"hu","@id":"https:\/\/www.sportshine.eu\/#\/schema\/logo\/image\/","url":"https:\/\/www.sportshine.eu\/wp-content\/uploads\/2026\/01\/cropped-Sportshine.webp","contentUrl":"https:\/\/www.sportshine.eu\/wp-content\/uploads\/2026\/01\/cropped-Sportshine.webp","width":295,"height":128,"caption":"Sportshine"},"image":{"@id":"https:\/\/www.sportshine.eu\/#\/schema\/logo\/image\/"},"sameAs":["https:\/\/www.facebook.com\/sportshine.eu\/"]}]}},"_links":{"self":[{"href":"https:\/\/www.sportshine.eu\/hu\/wp-json\/wp\/v2\/product\/6354","targetHints":{"allow":["GET"]}}],"collection":[{"href":"https:\/\/www.sportshine.eu\/hu\/wp-json\/wp\/v2\/product"}],"about":[{"href":"https:\/\/www.sportshine.eu\/hu\/wp-json\/wp\/v2\/types\/product"}],"replies":[{"embeddable":true,"href":"https:\/\/www.sportshine.eu\/hu\/wp-json\/wp\/v2\/comments?post=6354"}],"version-history":[{"count":0,"href":"https:\/\/www.sportshine.eu\/hu\/wp-json\/wp\/v2\/product\/6354\/revisions"}],"wp:featuredmedia":[{"embeddable":true,"href":"https:\/\/www.sportshine.eu\/hu\/wp-json\/wp\/v2\/media\/5254"}],"wp:attachment":[{"href":"https:\/\/www.sportshine.eu\/hu\/wp-json\/wp\/v2\/media?parent=6354"}],"wp:term":[{"taxonomy":"product_brand","embeddable":true,"href":"https:\/\/www.sportshine.eu\/hu\/wp-json\/wp\/v2\/product_brand?post=6354"},{"taxonomy":"product_cat","embeddable":true,"href":"https:\/\/www.sportshine.eu\/hu\/wp-json\/wp\/v2\/product_cat?post=6354"},{"taxonomy":"product_tag","embeddable":true,"href":"https:\/\/www.sportshine.eu\/hu\/wp-json\/wp\/v2\/product_tag?post=6354"}],"curies":[{"name":"wp","href":"https:\/\/api.w.org\/{rel}","templated":true}]}}