{"id":6350,"date":"2025-07-04T21:22:32","date_gmt":"2025-07-04T21:22:32","guid":{"rendered":"https:\/\/www.sportshine.eu\/?post_type=product&#038;p=6350"},"modified":"2025-09-05T18:39:51","modified_gmt":"2025-09-05T18:39:51","slug":"gaciron-h10-kerekpartarto","status":"publish","type":"product","link":"https:\/\/www.sportshine.eu\/hu\/uzlet\/gaciron-h10-kerekpartarto\/","title":{"rendered":"Gaciron H10 ker\u00e9kp\u00e1rtart\u00f3"},"content":{"rendered":"<p>A Gaciron H10 tart\u00f3 kiv\u00e1l\u00f3 v\u00e1laszt\u00e1s mindazok sz\u00e1m\u00e1ra, akik Garmin sebess\u00e9gm\u00e9r\u0151t vagy GoPro kamer\u00e1t haszn\u00e1lnak ker\u00e9kp\u00e1roz\u00e1s k\u00f6zben. A f\u0151 tart\u00f3 mellett a csomag k\u00e9t kisebb tart\u00f3t is tartalmaz, amelyek seg\u00edts\u00e9g\u00e9vel kiv\u00e1laszthatod, mit szeretn\u00e9l magaddal vinni a ker\u00e9kp\u00e1roz\u00e1sra. A tart\u00f3 tart\u00f3s alum\u00edniumb\u00f3l k\u00e9sz\u00fclt, nagyon j\u00f3 min\u0151s\u00e9g\u0171 \u00e9s rendk\u00edv\u00fcl k\u00f6nny\u0171. Egy Garmin 520 sebess\u00e9gm\u00e9r\u0151vel tesztelt\u00fck, \u00e9s a tart\u00f3 pontosan \u00fagy illeszkedik, mint az eredeti. Csak 31-32 mm \u00e1tm\u00e9r\u0151j\u0171 korm\u00e1nyra alkalmas (aero korm\u00e1nyra nem).<\/p>\n<p>&nbsp;<\/p>\n<p>&nbsp;<\/p>\n<p>&nbsp;<\/p>","protected":false},"excerpt":{"rendered":"<p>M\u00e1rka: Gaciron<br \/>\nModell: H10<br \/>\nS\u00faly: 71g<br \/>\nM\u00e9ret: 117,5*54*69<\/p>","protected":false},"featured_media":5240,"comment_status":"closed","ping_status":"closed","template":"","meta":[],"product_brand":[132],"product_cat":[87],"product_tag":[],"class_list":{"0":"post-6350","1":"product","2":"type-product","3":"status-publish","4":"has-post-thumbnail","6":"product_brand-gaciron","7":"product_cat-kolesarski-nosilci","9":"first","10":"instock","11":"taxable","12":"shipping-taxable","13":"purchasable","14":"product-type-simple"},"yoast_head":"<!-- This site is optimized with the Yoast SEO plugin v27.3 - https:\/\/yoast.com\/product\/yoast-seo-wordpress\/ -->\n<title>Kolesarski nosilec Gaciron H10<\/title>\n<meta name=\"description\" content=\"Izvrsten nosilec za kolesarsko lu\u010d znamke Gaciron - mo\u017enost Garmin \u0161tevca - mo\u017enost namestitve Gopro kamere\" \/>\n<meta name=\"robots\" content=\"index, follow, max-snippet:-1, max-image-preview:large, max-video-preview:-1\" \/>\n<link rel=\"canonical\" href=\"https:\/\/www.sportshine.eu\/hu\/uzlet\/gaciron-h10-kerekpartarto\/\" \/>\n<meta property=\"og:locale\" content=\"hu_HU\" \/>\n<meta property=\"og:type\" content=\"article\" \/>\n<meta property=\"og:title\" content=\"Kolesarski nosilec Gaciron H10\" \/>\n<meta property=\"og:description\" content=\"Izvrsten nosilec za kolesarsko lu\u010d znamke Gaciron - mo\u017enost Garmin \u0161tevca - mo\u017enost namestitve Gopro kamere\" \/>\n<meta property=\"og:url\" content=\"https:\/\/www.sportshine.eu\/hu\/uzlet\/gaciron-h10-kerekpartarto\/\" \/>\n<meta property=\"og:site_name\" content=\"Sportshine\" \/>\n<meta property=\"article:publisher\" content=\"https:\/\/www.facebook.com\/sportshine.eu\/\" \/>\n<meta property=\"article:modified_time\" content=\"2025-09-05T18:39:51+00:00\" \/>\n<meta property=\"og:image\" content=\"https:\/\/www.sportshine.eu\/wp-content\/uploads\/2025\/07\/a8d6b5d15f15002c93d952d9960704f7.jpg\" \/>\n\t<meta property=\"og:image:width\" content=\"1493\" \/>\n\t<meta property=\"og:image:height\" content=\"1144\" \/>\n\t<meta property=\"og:image:type\" content=\"image\/jpeg\" \/>\n<meta name=\"twitter:card\" content=\"summary_large_image\" \/>\n<meta name=\"twitter:label1\" content=\"Becs\u00fclt olvas\u00e1si id\u0151\" \/>\n\t<meta name=\"twitter:data1\" content=\"1 perc\" \/>\n<script type=\"application\/ld+json\" class=\"yoast-schema-graph\">{\"@context\":\"https:\\\/\\\/schema.org\",\"@graph\":[{\"@type\":\"WebPage\",\"@id\":\"https:\\\/\\\/www.sportshine.eu\\\/trgovina\\\/kolesarski-nosilec-gaciron-h10\\\/\",\"url\":\"https:\\\/\\\/www.sportshine.eu\\\/trgovina\\\/kolesarski-nosilec-gaciron-h10\\\/\",\"name\":\"Kolesarski nosilec Gaciron H10\",\"isPartOf\":{\"@id\":\"https:\\\/\\\/www.sportshine.eu\\\/#website\"},\"primaryImageOfPage\":{\"@id\":\"https:\\\/\\\/www.sportshine.eu\\\/trgovina\\\/kolesarski-nosilec-gaciron-h10\\\/#primaryimage\"},\"image\":{\"@id\":\"https:\\\/\\\/www.sportshine.eu\\\/trgovina\\\/kolesarski-nosilec-gaciron-h10\\\/#primaryimage\"},\"thumbnailUrl\":\"https:\\\/\\\/www.sportshine.eu\\\/wp-content\\\/uploads\\\/2025\\\/07\\\/a8d6b5d15f15002c93d952d9960704f7.jpg\",\"datePublished\":\"2025-07-04T21:22:32+00:00\",\"dateModified\":\"2025-09-05T18:39:51+00:00\",\"description\":\"Izvrsten nosilec za kolesarsko lu\u010d znamke Gaciron - mo\u017enost Garmin \u0161tevca - mo\u017enost namestitve Gopro kamere\",\"breadcrumb\":{\"@id\":\"https:\\\/\\\/www.sportshine.eu\\\/trgovina\\\/kolesarski-nosilec-gaciron-h10\\\/#breadcrumb\"},\"inLanguage\":\"hu\",\"potentialAction\":[{\"@type\":\"ReadAction\",\"target\":[\"https:\\\/\\\/www.sportshine.eu\\\/trgovina\\\/kolesarski-nosilec-gaciron-h10\\\/\"]}]},{\"@type\":\"ImageObject\",\"inLanguage\":\"hu\",\"@id\":\"https:\\\/\\\/www.sportshine.eu\\\/trgovina\\\/kolesarski-nosilec-gaciron-h10\\\/#primaryimage\",\"url\":\"https:\\\/\\\/www.sportshine.eu\\\/wp-content\\\/uploads\\\/2025\\\/07\\\/a8d6b5d15f15002c93d952d9960704f7.jpg\",\"contentUrl\":\"https:\\\/\\\/www.sportshine.eu\\\/wp-content\\\/uploads\\\/2025\\\/07\\\/a8d6b5d15f15002c93d952d9960704f7.jpg\",\"width\":1493,\"height\":1144},{\"@type\":\"BreadcrumbList\",\"@id\":\"https:\\\/\\\/www.sportshine.eu\\\/trgovina\\\/kolesarski-nosilec-gaciron-h10\\\/#breadcrumb\",\"itemListElement\":[{\"@type\":\"ListItem\",\"position\":1,\"name\":\"Home\",\"item\":\"https:\\\/\\\/www.sportshine.eu\\\/\"},{\"@type\":\"ListItem\",\"position\":2,\"name\":\"Trgovina\",\"item\":\"https:\\\/\\\/www.sportshine.eu\\\/trgovina\\\/\"},{\"@type\":\"ListItem\",\"position\":3,\"name\":\"Kolesarski nosilec Gaciron H10\"}]},{\"@type\":\"WebSite\",\"@id\":\"https:\\\/\\\/www.sportshine.eu\\\/#website\",\"url\":\"https:\\\/\\\/www.sportshine.eu\\\/\",\"name\":\"Sportshine\",\"description\":\"Top spletna trgovina kolesarskih in naglavnih svetilk ter opreme\",\"publisher\":{\"@id\":\"https:\\\/\\\/www.sportshine.eu\\\/#organization\"},\"potentialAction\":[{\"@type\":\"SearchAction\",\"target\":{\"@type\":\"EntryPoint\",\"urlTemplate\":\"https:\\\/\\\/www.sportshine.eu\\\/?s={search_term_string}\"},\"query-input\":{\"@type\":\"PropertyValueSpecification\",\"valueRequired\":true,\"valueName\":\"search_term_string\"}}],\"inLanguage\":\"hu\"},{\"@type\":\"Organization\",\"@id\":\"https:\\\/\\\/www.sportshine.eu\\\/#organization\",\"name\":\"Sportshine\",\"url\":\"https:\\\/\\\/www.sportshine.eu\\\/\",\"logo\":{\"@type\":\"ImageObject\",\"inLanguage\":\"hu\",\"@id\":\"https:\\\/\\\/www.sportshine.eu\\\/#\\\/schema\\\/logo\\\/image\\\/\",\"url\":\"https:\\\/\\\/www.sportshine.eu\\\/wp-content\\\/uploads\\\/2026\\\/01\\\/cropped-Sportshine.webp\",\"contentUrl\":\"https:\\\/\\\/www.sportshine.eu\\\/wp-content\\\/uploads\\\/2026\\\/01\\\/cropped-Sportshine.webp\",\"width\":295,\"height\":128,\"caption\":\"Sportshine\"},\"image\":{\"@id\":\"https:\\\/\\\/www.sportshine.eu\\\/#\\\/schema\\\/logo\\\/image\\\/\"},\"sameAs\":[\"https:\\\/\\\/www.facebook.com\\\/sportshine.eu\\\/\"]}]}<\/script>\n<!-- \/ Yoast SEO plugin. -->","yoast_head_json":{"title":"Gaciron H10 ker\u00e9kp\u00e1rtart\u00f3","description":"Kiv\u00e1l\u00f3 Gaciron ker\u00e9kp\u00e1rl\u00e1mpa-tart\u00f3 - Garmin sebess\u00e9gm\u00e9r\u0151 opci\u00f3 - Gopro kameratart\u00f3 opci\u00f3","robots":{"index":"index","follow":"follow","max-snippet":"max-snippet:-1","max-image-preview":"max-image-preview:large","max-video-preview":"max-video-preview:-1"},"canonical":"https:\/\/www.sportshine.eu\/hu\/uzlet\/gaciron-h10-kerekpartarto\/","og_locale":"hu_HU","og_type":"article","og_title":"Kolesarski nosilec Gaciron H10","og_description":"Izvrsten nosilec za kolesarsko lu\u010d znamke Gaciron - mo\u017enost Garmin \u0161tevca - mo\u017enost namestitve Gopro kamere","og_url":"https:\/\/www.sportshine.eu\/hu\/uzlet\/gaciron-h10-kerekpartarto\/","og_site_name":"Sportshine","article_publisher":"https:\/\/www.facebook.com\/sportshine.eu\/","article_modified_time":"2025-09-05T18:39:51+00:00","og_image":[{"width":1493,"height":1144,"url":"https:\/\/www.sportshine.eu\/wp-content\/uploads\/2025\/07\/a8d6b5d15f15002c93d952d9960704f7.jpg","type":"image\/jpeg"}],"twitter_card":"summary_large_image","twitter_misc":{"Becs\u00fclt olvas\u00e1si id\u0151":"1 perc"},"schema":{"@context":"https:\/\/schema.org","@graph":[{"@type":"WebPage","@id":"https:\/\/www.sportshine.eu\/trgovina\/kolesarski-nosilec-gaciron-h10\/","url":"https:\/\/www.sportshine.eu\/trgovina\/kolesarski-nosilec-gaciron-h10\/","name":"Gaciron H10 ker\u00e9kp\u00e1rtart\u00f3","isPartOf":{"@id":"https:\/\/www.sportshine.eu\/#website"},"primaryImageOfPage":{"@id":"https:\/\/www.sportshine.eu\/trgovina\/kolesarski-nosilec-gaciron-h10\/#primaryimage"},"image":{"@id":"https:\/\/www.sportshine.eu\/trgovina\/kolesarski-nosilec-gaciron-h10\/#primaryimage"},"thumbnailUrl":"https:\/\/www.sportshine.eu\/wp-content\/uploads\/2025\/07\/a8d6b5d15f15002c93d952d9960704f7.jpg","datePublished":"2025-07-04T21:22:32+00:00","dateModified":"2025-09-05T18:39:51+00:00","description":"Kiv\u00e1l\u00f3 Gaciron ker\u00e9kp\u00e1rl\u00e1mpa-tart\u00f3 - Garmin sebess\u00e9gm\u00e9r\u0151 opci\u00f3 - Gopro kameratart\u00f3 opci\u00f3","breadcrumb":{"@id":"https:\/\/www.sportshine.eu\/trgovina\/kolesarski-nosilec-gaciron-h10\/#breadcrumb"},"inLanguage":"hu","potentialAction":[{"@type":"ReadAction","target":["https:\/\/www.sportshine.eu\/trgovina\/kolesarski-nosilec-gaciron-h10\/"]}]},{"@type":"ImageObject","inLanguage":"hu","@id":"https:\/\/www.sportshine.eu\/trgovina\/kolesarski-nosilec-gaciron-h10\/#primaryimage","url":"https:\/\/www.sportshine.eu\/wp-content\/uploads\/2025\/07\/a8d6b5d15f15002c93d952d9960704f7.jpg","contentUrl":"https:\/\/www.sportshine.eu\/wp-content\/uploads\/2025\/07\/a8d6b5d15f15002c93d952d9960704f7.jpg","width":1493,"height":1144},{"@type":"BreadcrumbList","@id":"https:\/\/www.sportshine.eu\/trgovina\/kolesarski-nosilec-gaciron-h10\/#breadcrumb","itemListElement":[{"@type":"ListItem","position":1,"name":"Home","item":"https:\/\/www.sportshine.eu\/"},{"@type":"ListItem","position":2,"name":"Trgovina","item":"https:\/\/www.sportshine.eu\/trgovina\/"},{"@type":"ListItem","position":3,"name":"Kolesarski nosilec Gaciron H10"}]},{"@type":"WebSite","@id":"https:\/\/www.sportshine.eu\/#website","url":"https:\/\/www.sportshine.eu\/","name":"Sportshine","description":"Ker\u00e9kp\u00e1ros, fejl\u00e1mp\u00e1k \u00e9s felszerel\u00e9sek online \u00e1ruh\u00e1z\u00e1nak vezet\u0151 k\u00edn\u00e1lata","publisher":{"@id":"https:\/\/www.sportshine.eu\/#organization"},"potentialAction":[{"@type":"SearchAction","target":{"@type":"EntryPoint","urlTemplate":"https:\/\/www.sportshine.eu\/?s={search_term_string}"},"query-input":{"@type":"PropertyValueSpecification","valueRequired":true,"valueName":"search_term_string"}}],"inLanguage":"hu"},{"@type":"Organization","@id":"https:\/\/www.sportshine.eu\/#organization","name":"Sportshine","url":"https:\/\/www.sportshine.eu\/","logo":{"@type":"ImageObject","inLanguage":"hu","@id":"https:\/\/www.sportshine.eu\/#\/schema\/logo\/image\/","url":"https:\/\/www.sportshine.eu\/wp-content\/uploads\/2026\/01\/cropped-Sportshine.webp","contentUrl":"https:\/\/www.sportshine.eu\/wp-content\/uploads\/2026\/01\/cropped-Sportshine.webp","width":295,"height":128,"caption":"Sportshine"},"image":{"@id":"https:\/\/www.sportshine.eu\/#\/schema\/logo\/image\/"},"sameAs":["https:\/\/www.facebook.com\/sportshine.eu\/"]}]}},"_links":{"self":[{"href":"https:\/\/www.sportshine.eu\/hu\/wp-json\/wp\/v2\/product\/6350","targetHints":{"allow":["GET"]}}],"collection":[{"href":"https:\/\/www.sportshine.eu\/hu\/wp-json\/wp\/v2\/product"}],"about":[{"href":"https:\/\/www.sportshine.eu\/hu\/wp-json\/wp\/v2\/types\/product"}],"replies":[{"embeddable":true,"href":"https:\/\/www.sportshine.eu\/hu\/wp-json\/wp\/v2\/comments?post=6350"}],"version-history":[{"count":0,"href":"https:\/\/www.sportshine.eu\/hu\/wp-json\/wp\/v2\/product\/6350\/revisions"}],"wp:featuredmedia":[{"embeddable":true,"href":"https:\/\/www.sportshine.eu\/hu\/wp-json\/wp\/v2\/media\/5240"}],"wp:attachment":[{"href":"https:\/\/www.sportshine.eu\/hu\/wp-json\/wp\/v2\/media?parent=6350"}],"wp:term":[{"taxonomy":"product_brand","embeddable":true,"href":"https:\/\/www.sportshine.eu\/hu\/wp-json\/wp\/v2\/product_brand?post=6350"},{"taxonomy":"product_cat","embeddable":true,"href":"https:\/\/www.sportshine.eu\/hu\/wp-json\/wp\/v2\/product_cat?post=6350"},{"taxonomy":"product_tag","embeddable":true,"href":"https:\/\/www.sportshine.eu\/hu\/wp-json\/wp\/v2\/product_tag?post=6350"}],"curies":[{"name":"wp","href":"https:\/\/api.w.org\/{rel}","templated":true}]}}