{"id":6349,"date":"2025-07-04T21:22:31","date_gmt":"2025-07-04T21:22:31","guid":{"rendered":"https:\/\/www.sportshine.eu\/?post_type=product&#038;p=6349"},"modified":"2025-10-28T04:39:20","modified_gmt":"2025-10-28T04:39:20","slug":"gaciron-r03-kapcsolo","status":"publish","type":"product","link":"https:\/\/www.sportshine.eu\/hu\/uzlet\/gaciron-r03-kapcsolo\/","title":{"rendered":"Gaciron R03 kapcsol\u00f3"},"content":{"rendered":"<p>A Gaciron R03 kapcsol\u00f3 egy nagyszer\u0171 kieg\u00e9sz\u00edt\u0151, amely megk\u00f6nny\u00edti a f\u00e9nyer\u0151 be\u00e1ll\u00edt\u00e1s\u00e1t ker\u00e9kp\u00e1roz\u00e1s k\u00f6zben. Ennek f\u0151 el\u0151nye, hogy soha nem kell levenni a kez\u00e9t a korm\u00e1nyr\u00f3l, \u00edgy m\u00e9g biztons\u00e1gosabb\u00e1 teszi a ker\u00e9kp\u00e1roz\u00e1st. Kiv\u00e9telesen hasznos az esti erdei t\u00far\u00e1kon, ahol m\u00e1r nem kell mag\u00e1n a ker\u00e9kp\u00e1rl\u00e1mp\u00e1n m\u00f3dos\u00edtani a f\u00e9nyer\u0151t. Minden Gaciron l\u00e1mp\u00e1val kompatibilis.<\/p>\n<p>&nbsp;<\/p>\n<p>&nbsp;<\/p>","protected":false},"excerpt":{"rendered":"<p>M\u00e1rka: Gaciron<br \/>\nModell: R03 USB C adapter<\/p>","protected":false},"featured_media":5239,"comment_status":"open","ping_status":"closed","template":"","meta":[],"product_brand":[132],"product_cat":[87],"product_tag":[],"class_list":{"0":"post-6349","1":"product","2":"type-product","3":"status-publish","4":"has-post-thumbnail","6":"product_brand-gaciron","7":"product_cat-kolesarski-nosilci","9":"first","10":"instock","11":"taxable","12":"shipping-taxable","13":"purchasable","14":"product-type-simple"},"yoast_head":"<!-- This site is optimized with the Yoast SEO plugin v27.3 - https:\/\/yoast.com\/product\/yoast-seo-wordpress\/ -->\n<title>Stikalo Gaciron R03<\/title>\n<meta name=\"description\" content=\"mo\u017enost pri\u017eiganja in spreminjanja svetilnosti preko adapterja - posebej varno, kajti nikoli ne izpustite krmila med spreminjanjem - Gaciron\" \/>\n<meta name=\"robots\" content=\"index, follow, max-snippet:-1, max-image-preview:large, max-video-preview:-1\" \/>\n<link rel=\"canonical\" href=\"https:\/\/www.sportshine.eu\/hu\/uzlet\/gaciron-r03-kapcsolo\/\" \/>\n<meta property=\"og:locale\" content=\"hu_HU\" \/>\n<meta property=\"og:type\" content=\"article\" \/>\n<meta property=\"og:title\" content=\"Stikalo Gaciron R03\" \/>\n<meta property=\"og:description\" content=\"mo\u017enost pri\u017eiganja in spreminjanja svetilnosti preko adapterja - posebej varno, kajti nikoli ne izpustite krmila med spreminjanjem - Gaciron\" \/>\n<meta property=\"og:url\" content=\"https:\/\/www.sportshine.eu\/hu\/uzlet\/gaciron-r03-kapcsolo\/\" \/>\n<meta property=\"og:site_name\" content=\"Sportshine\" \/>\n<meta property=\"article:publisher\" content=\"https:\/\/www.facebook.com\/sportshine.eu\/\" \/>\n<meta property=\"article:modified_time\" content=\"2025-10-28T04:39:20+00:00\" \/>\n<meta property=\"og:image\" content=\"https:\/\/www.sportshine.eu\/wp-content\/uploads\/2025\/07\/Gaciron-H03.webp\" \/>\n\t<meta property=\"og:image:width\" content=\"800\" \/>\n\t<meta property=\"og:image:height\" content=\"800\" \/>\n\t<meta property=\"og:image:type\" content=\"image\/webp\" \/>\n<meta name=\"twitter:card\" content=\"summary_large_image\" \/>\n<meta name=\"twitter:label1\" content=\"Becs\u00fclt olvas\u00e1si id\u0151\" \/>\n\t<meta name=\"twitter:data1\" content=\"1 perc\" \/>\n<script type=\"application\/ld+json\" class=\"yoast-schema-graph\">{\"@context\":\"https:\\\/\\\/schema.org\",\"@graph\":[{\"@type\":\"WebPage\",\"@id\":\"https:\\\/\\\/www.sportshine.eu\\\/trgovina\\\/stikalo-gaciron-r03\\\/\",\"url\":\"https:\\\/\\\/www.sportshine.eu\\\/trgovina\\\/stikalo-gaciron-r03\\\/\",\"name\":\"Stikalo Gaciron R03\",\"isPartOf\":{\"@id\":\"https:\\\/\\\/www.sportshine.eu\\\/#website\"},\"primaryImageOfPage\":{\"@id\":\"https:\\\/\\\/www.sportshine.eu\\\/trgovina\\\/stikalo-gaciron-r03\\\/#primaryimage\"},\"image\":{\"@id\":\"https:\\\/\\\/www.sportshine.eu\\\/trgovina\\\/stikalo-gaciron-r03\\\/#primaryimage\"},\"thumbnailUrl\":\"https:\\\/\\\/www.sportshine.eu\\\/wp-content\\\/uploads\\\/2025\\\/07\\\/Gaciron-H03.webp\",\"datePublished\":\"2025-07-04T21:22:31+00:00\",\"dateModified\":\"2025-10-28T04:39:20+00:00\",\"description\":\"mo\u017enost pri\u017eiganja in spreminjanja svetilnosti preko adapterja - posebej varno, kajti nikoli ne izpustite krmila med spreminjanjem - Gaciron\",\"breadcrumb\":{\"@id\":\"https:\\\/\\\/www.sportshine.eu\\\/trgovina\\\/stikalo-gaciron-r03\\\/#breadcrumb\"},\"inLanguage\":\"hu\",\"potentialAction\":[{\"@type\":\"ReadAction\",\"target\":[\"https:\\\/\\\/www.sportshine.eu\\\/trgovina\\\/stikalo-gaciron-r03\\\/\"]}]},{\"@type\":\"ImageObject\",\"inLanguage\":\"hu\",\"@id\":\"https:\\\/\\\/www.sportshine.eu\\\/trgovina\\\/stikalo-gaciron-r03\\\/#primaryimage\",\"url\":\"https:\\\/\\\/www.sportshine.eu\\\/wp-content\\\/uploads\\\/2025\\\/07\\\/Gaciron-H03.webp\",\"contentUrl\":\"https:\\\/\\\/www.sportshine.eu\\\/wp-content\\\/uploads\\\/2025\\\/07\\\/Gaciron-H03.webp\",\"width\":800,\"height\":800},{\"@type\":\"BreadcrumbList\",\"@id\":\"https:\\\/\\\/www.sportshine.eu\\\/trgovina\\\/stikalo-gaciron-r03\\\/#breadcrumb\",\"itemListElement\":[{\"@type\":\"ListItem\",\"position\":1,\"name\":\"Home\",\"item\":\"https:\\\/\\\/www.sportshine.eu\\\/\"},{\"@type\":\"ListItem\",\"position\":2,\"name\":\"Trgovina\",\"item\":\"https:\\\/\\\/www.sportshine.eu\\\/trgovina\\\/\"},{\"@type\":\"ListItem\",\"position\":3,\"name\":\"Stikalo Gaciron R03\"}]},{\"@type\":\"WebSite\",\"@id\":\"https:\\\/\\\/www.sportshine.eu\\\/#website\",\"url\":\"https:\\\/\\\/www.sportshine.eu\\\/\",\"name\":\"Sportshine\",\"description\":\"Top spletna trgovina kolesarskih in naglavnih svetilk ter opreme\",\"publisher\":{\"@id\":\"https:\\\/\\\/www.sportshine.eu\\\/#organization\"},\"potentialAction\":[{\"@type\":\"SearchAction\",\"target\":{\"@type\":\"EntryPoint\",\"urlTemplate\":\"https:\\\/\\\/www.sportshine.eu\\\/?s={search_term_string}\"},\"query-input\":{\"@type\":\"PropertyValueSpecification\",\"valueRequired\":true,\"valueName\":\"search_term_string\"}}],\"inLanguage\":\"hu\"},{\"@type\":\"Organization\",\"@id\":\"https:\\\/\\\/www.sportshine.eu\\\/#organization\",\"name\":\"Sportshine\",\"url\":\"https:\\\/\\\/www.sportshine.eu\\\/\",\"logo\":{\"@type\":\"ImageObject\",\"inLanguage\":\"hu\",\"@id\":\"https:\\\/\\\/www.sportshine.eu\\\/#\\\/schema\\\/logo\\\/image\\\/\",\"url\":\"https:\\\/\\\/www.sportshine.eu\\\/wp-content\\\/uploads\\\/2026\\\/01\\\/cropped-Sportshine.webp\",\"contentUrl\":\"https:\\\/\\\/www.sportshine.eu\\\/wp-content\\\/uploads\\\/2026\\\/01\\\/cropped-Sportshine.webp\",\"width\":295,\"height\":128,\"caption\":\"Sportshine\"},\"image\":{\"@id\":\"https:\\\/\\\/www.sportshine.eu\\\/#\\\/schema\\\/logo\\\/image\\\/\"},\"sameAs\":[\"https:\\\/\\\/www.facebook.com\\\/sportshine.eu\\\/\"]}]}<\/script>\n<!-- \/ Yoast SEO plugin. -->","yoast_head_json":{"title":"Gaciron R03 kapcsol\u00f3","description":"Bekapcsol\u00e1si \u00e9s f\u00e9nyer\u0151-szab\u00e1lyoz\u00e1si lehet\u0151s\u00e9g adapterrel - k\u00fcl\u00f6n\u00f6sen biztons\u00e1gos, mert v\u00e1lt\u00e1s k\u00f6zben soha nem kell elengedni a korm\u00e1nyt - Gaciron","robots":{"index":"index","follow":"follow","max-snippet":"max-snippet:-1","max-image-preview":"max-image-preview:large","max-video-preview":"max-video-preview:-1"},"canonical":"https:\/\/www.sportshine.eu\/hu\/uzlet\/gaciron-r03-kapcsolo\/","og_locale":"hu_HU","og_type":"article","og_title":"Stikalo Gaciron R03","og_description":"mo\u017enost pri\u017eiganja in spreminjanja svetilnosti preko adapterja - posebej varno, kajti nikoli ne izpustite krmila med spreminjanjem - Gaciron","og_url":"https:\/\/www.sportshine.eu\/hu\/uzlet\/gaciron-r03-kapcsolo\/","og_site_name":"Sportshine","article_publisher":"https:\/\/www.facebook.com\/sportshine.eu\/","article_modified_time":"2025-10-28T04:39:20+00:00","og_image":[{"width":800,"height":800,"url":"https:\/\/www.sportshine.eu\/wp-content\/uploads\/2025\/07\/Gaciron-H03.webp","type":"image\/webp"}],"twitter_card":"summary_large_image","twitter_misc":{"Becs\u00fclt olvas\u00e1si id\u0151":"1 perc"},"schema":{"@context":"https:\/\/schema.org","@graph":[{"@type":"WebPage","@id":"https:\/\/www.sportshine.eu\/trgovina\/stikalo-gaciron-r03\/","url":"https:\/\/www.sportshine.eu\/trgovina\/stikalo-gaciron-r03\/","name":"Gaciron R03 kapcsol\u00f3","isPartOf":{"@id":"https:\/\/www.sportshine.eu\/#website"},"primaryImageOfPage":{"@id":"https:\/\/www.sportshine.eu\/trgovina\/stikalo-gaciron-r03\/#primaryimage"},"image":{"@id":"https:\/\/www.sportshine.eu\/trgovina\/stikalo-gaciron-r03\/#primaryimage"},"thumbnailUrl":"https:\/\/www.sportshine.eu\/wp-content\/uploads\/2025\/07\/Gaciron-H03.webp","datePublished":"2025-07-04T21:22:31+00:00","dateModified":"2025-10-28T04:39:20+00:00","description":"Bekapcsol\u00e1si \u00e9s f\u00e9nyer\u0151-szab\u00e1lyoz\u00e1si lehet\u0151s\u00e9g adapterrel - k\u00fcl\u00f6n\u00f6sen biztons\u00e1gos, mert v\u00e1lt\u00e1s k\u00f6zben soha nem kell elengedni a korm\u00e1nyt - Gaciron","breadcrumb":{"@id":"https:\/\/www.sportshine.eu\/trgovina\/stikalo-gaciron-r03\/#breadcrumb"},"inLanguage":"hu","potentialAction":[{"@type":"ReadAction","target":["https:\/\/www.sportshine.eu\/trgovina\/stikalo-gaciron-r03\/"]}]},{"@type":"ImageObject","inLanguage":"hu","@id":"https:\/\/www.sportshine.eu\/trgovina\/stikalo-gaciron-r03\/#primaryimage","url":"https:\/\/www.sportshine.eu\/wp-content\/uploads\/2025\/07\/Gaciron-H03.webp","contentUrl":"https:\/\/www.sportshine.eu\/wp-content\/uploads\/2025\/07\/Gaciron-H03.webp","width":800,"height":800},{"@type":"BreadcrumbList","@id":"https:\/\/www.sportshine.eu\/trgovina\/stikalo-gaciron-r03\/#breadcrumb","itemListElement":[{"@type":"ListItem","position":1,"name":"Home","item":"https:\/\/www.sportshine.eu\/"},{"@type":"ListItem","position":2,"name":"Trgovina","item":"https:\/\/www.sportshine.eu\/trgovina\/"},{"@type":"ListItem","position":3,"name":"Stikalo Gaciron R03"}]},{"@type":"WebSite","@id":"https:\/\/www.sportshine.eu\/#website","url":"https:\/\/www.sportshine.eu\/","name":"Sportshine","description":"Ker\u00e9kp\u00e1ros, fejl\u00e1mp\u00e1k \u00e9s felszerel\u00e9sek online \u00e1ruh\u00e1z\u00e1nak vezet\u0151 k\u00edn\u00e1lata","publisher":{"@id":"https:\/\/www.sportshine.eu\/#organization"},"potentialAction":[{"@type":"SearchAction","target":{"@type":"EntryPoint","urlTemplate":"https:\/\/www.sportshine.eu\/?s={search_term_string}"},"query-input":{"@type":"PropertyValueSpecification","valueRequired":true,"valueName":"search_term_string"}}],"inLanguage":"hu"},{"@type":"Organization","@id":"https:\/\/www.sportshine.eu\/#organization","name":"Sportshine","url":"https:\/\/www.sportshine.eu\/","logo":{"@type":"ImageObject","inLanguage":"hu","@id":"https:\/\/www.sportshine.eu\/#\/schema\/logo\/image\/","url":"https:\/\/www.sportshine.eu\/wp-content\/uploads\/2026\/01\/cropped-Sportshine.webp","contentUrl":"https:\/\/www.sportshine.eu\/wp-content\/uploads\/2026\/01\/cropped-Sportshine.webp","width":295,"height":128,"caption":"Sportshine"},"image":{"@id":"https:\/\/www.sportshine.eu\/#\/schema\/logo\/image\/"},"sameAs":["https:\/\/www.facebook.com\/sportshine.eu\/"]}]}},"_links":{"self":[{"href":"https:\/\/www.sportshine.eu\/hu\/wp-json\/wp\/v2\/product\/6349","targetHints":{"allow":["GET"]}}],"collection":[{"href":"https:\/\/www.sportshine.eu\/hu\/wp-json\/wp\/v2\/product"}],"about":[{"href":"https:\/\/www.sportshine.eu\/hu\/wp-json\/wp\/v2\/types\/product"}],"replies":[{"embeddable":true,"href":"https:\/\/www.sportshine.eu\/hu\/wp-json\/wp\/v2\/comments?post=6349"}],"version-history":[{"count":0,"href":"https:\/\/www.sportshine.eu\/hu\/wp-json\/wp\/v2\/product\/6349\/revisions"}],"wp:featuredmedia":[{"embeddable":true,"href":"https:\/\/www.sportshine.eu\/hu\/wp-json\/wp\/v2\/media\/5239"}],"wp:attachment":[{"href":"https:\/\/www.sportshine.eu\/hu\/wp-json\/wp\/v2\/media?parent=6349"}],"wp:term":[{"taxonomy":"product_brand","embeddable":true,"href":"https:\/\/www.sportshine.eu\/hu\/wp-json\/wp\/v2\/product_brand?post=6349"},{"taxonomy":"product_cat","embeddable":true,"href":"https:\/\/www.sportshine.eu\/hu\/wp-json\/wp\/v2\/product_cat?post=6349"},{"taxonomy":"product_tag","embeddable":true,"href":"https:\/\/www.sportshine.eu\/hu\/wp-json\/wp\/v2\/product_tag?post=6349"}],"curies":[{"name":"wp","href":"https:\/\/api.w.org\/{rel}","templated":true}]}}