{"id":6348,"date":"2026-01-28T21:22:30","date_gmt":"2026-01-28T21:22:30","guid":{"rendered":"https:\/\/www.sportshine.eu\/?post_type=product&#038;p=6348"},"modified":"2026-01-30T19:31:27","modified_gmt":"2026-01-30T19:31:27","slug":"hatso-kerekparlampa-led-del-gaciron-w06","status":"publish","type":"product","link":"https:\/\/www.sportshine.eu\/hu\/uzlet\/hatso-kerekparlampa-led-del-gaciron-w06\/","title":{"rendered":"Gaciron W06 LED h\u00e1ts\u00f3 ker\u00e9kp\u00e1rl\u00e1mpa"},"content":{"rendered":"<h3 style=\"text-align: center;\">TELJESEN AUTOMATIKUS H\u00c1TS\u00d3 KER\u00c9KP\u00c1RVIL\u00c1G\u00cdT\u00c1S<\/h3>\n<p style=\"text-align: center;\">Be\u00e9p\u00edtett 200 mAh-s l\u00edtium-ion akkumul\u00e1torral rendelkezik, \u00e9s egyetlen t\u00f6lt\u00e9ssel ak\u00e1r 27 \u00f3r\u00e1n \u00e1t vil\u00e1g\u00edt.<\/p>\n<p><img decoding=\"async\" class=\"aligncenter wp-image-7579\" src=\"https:\/\/www.sportshine.eu\/wp-content\/uploads\/2025\/07\/LED-Gaciron-W06.jpg\" alt=\"LED Gaciron W06\" width=\"800\" height=\"800\" srcset=\"https:\/\/www.sportshine.eu\/wp-content\/uploads\/2025\/07\/LED-Gaciron-W06.jpg 679w, https:\/\/www.sportshine.eu\/wp-content\/uploads\/2025\/07\/LED-Gaciron-W06-600x600.jpg 600w\" sizes=\"(max-width: 800px) 100vw, 800px\" \/><\/p>\n<p>&nbsp;<\/p>\n<h3 style=\"text-align: center;\">MINDEN ID\u0150J\u00c1R\u00c1SI VISZONYLATRA K\u00c9SZ\u00dcLT.<\/h3>\n<p style=\"text-align: center;\">A l\u00e1mpa IPX5 v\u00edz\u00e1ll\u00f3s\u00e1gi szinttel rendelkezik.<\/p>\n<p><img decoding=\"async\" class=\"aligncenter wp-image-7581\" src=\"https:\/\/www.sportshine.eu\/wp-content\/uploads\/2025\/07\/LED-Gaciron-W06.webp\" alt=\"LED Gaciron W06\" width=\"800\" height=\"800\" \/><\/p>\n<p>&nbsp;<\/p>\n<h3 style=\"text-align: center;\">A H\u00c1TS\u00d3 MOTOROS L\u00c1MPA VIDE\u00d3S BEMUTAT\u00d3JA<\/h3>\n<p><iframe loading=\"lazy\" title=\"Gaciron W06\" width=\"500\" height=\"281\" src=\"https:\/\/www.youtube.com\/embed\/qLNmVOCUJrU?feature=oembed\" frameborder=\"0\" allow=\"accelerometer; autoplay; clipboard-write; encrypted-media; gyroscope; picture-in-picture; web-share\" referrerpolicy=\"strict-origin-when-cross-origin\" allowfullscreen><\/iframe><\/p>\n<p>&nbsp;<\/p>\n<h3 style=\"text-align: center;\">NAGYON L\u00c1THAT\u00d3 VILLOG\u00d3 F\u00c9NY<\/h3>\n<p style=\"text-align: center;\">Egy ker\u00e9kp\u00e1rl\u00e1mpa 1000 m\u00e9ter t\u00e1vols\u00e1gb\u00f3l is l\u00e1that\u00f3.<\/p>\n<p><img decoding=\"async\" class=\"aligncenter wp-image-7582\" src=\"https:\/\/www.sportshine.eu\/wp-content\/uploads\/2025\/07\/LED-Gaciron-W06-1.webp\" alt=\"LED Gaciron W06\" width=\"800\" height=\"538\" srcset=\"https:\/\/www.sportshine.eu\/wp-content\/uploads\/2025\/07\/LED-Gaciron-W06-1.webp 790w, https:\/\/www.sportshine.eu\/wp-content\/uploads\/2025\/07\/LED-Gaciron-W06-1-768x516.webp 768w, https:\/\/www.sportshine.eu\/wp-content\/uploads\/2025\/07\/LED-Gaciron-W06-1-600x403.webp 600w\" sizes=\"(max-width: 800px) 100vw, 800px\" \/><\/p>\n<p>&nbsp;<\/p>\n<h3 style=\"text-align: center;\">A CSOMAGBAN KAPOD<\/h3>\n<p><img decoding=\"async\" class=\"aligncenter wp-image-7583\" src=\"https:\/\/www.sportshine.eu\/wp-content\/uploads\/2025\/07\/LED-Gaciron-W06-2.webp\" alt=\"LED Gaciron W06\" width=\"800\" height=\"534\" srcset=\"https:\/\/www.sportshine.eu\/wp-content\/uploads\/2025\/07\/LED-Gaciron-W06-2-768x512.webp 768w, https:\/\/www.sportshine.eu\/wp-content\/uploads\/2025\/07\/LED-Gaciron-W06-2-600x400.webp 600w\" sizes=\"(max-width: 800px) 100vw, 800px\" \/><\/p>\n<p>&nbsp;<\/p>","protected":false},"excerpt":{"rendered":"<p>A Gaciron W06 h\u00e1ts\u00f3 ker\u00e9kp\u00e1rl\u00e1mpa tart\u00f3s alum\u00edniumb\u00f3l k\u00e9sz\u00fclt, \u00e9s IPX5 szabv\u00e1ny szerint v\u00edz\u00e1ll\u00f3. Ennek a l\u00e1mp\u00e1nak az a k\u00fcl\u00f6nlegess\u00e9ge, hogy el\u0151sz\u00f6r aktiv\u00e1lni kell, de alkonyatkor \u00e9s s\u00f6t\u00e9tben automatikusan bekapcsol. Minden ker\u00e9kp\u00e1rosnak aj\u00e1nljuk, aki l\u00e1that\u00f3 szeretne lenni az \u00faton, an\u00e9lk\u00fcl, hogy agg\u00f3dnia kellene a l\u00e1mpa bekapcsol\u00e1s\u00e1nak id\u0151pontja miatt.<\/p>","protected":false},"featured_media":5235,"comment_status":"open","ping_status":"closed","template":"","meta":[],"product_brand":[132],"product_cat":[86],"product_tag":[],"class_list":{"0":"post-6348","1":"product","2":"type-product","3":"status-publish","4":"has-post-thumbnail","6":"product_brand-gaciron","7":"product_cat-zadnje-kolesarske-luci","9":"first","10":"onbackorder","11":"taxable","12":"shipping-taxable","13":"purchasable","14":"product-type-simple"},"yoast_head":"<!-- This site is optimized with the Yoast SEO plugin v27.3 - https:\/\/yoast.com\/product\/yoast-seo-wordpress\/ -->\n<title>Zadnja kolesarska svetilka LED Gaciron W06<\/title>\n<meta name=\"description\" content=\"Avtomatska zadnja kolesarska lu\u010dka - vgrajen senzor - podnevi ugasnjena v mraku se pri\u017ege\" \/>\n<meta name=\"robots\" content=\"index, follow, max-snippet:-1, max-image-preview:large, max-video-preview:-1\" \/>\n<link rel=\"canonical\" href=\"https:\/\/www.sportshine.eu\/hu\/uzlet\/hatso-kerekparlampa-led-del-gaciron-w06\/\" \/>\n<meta property=\"og:locale\" content=\"hu_HU\" \/>\n<meta property=\"og:type\" content=\"article\" \/>\n<meta property=\"og:title\" content=\"Zadnja kolesarska svetilka LED Gaciron W06\" \/>\n<meta property=\"og:description\" content=\"Avtomatska zadnja kolesarska lu\u010dka - vgrajen senzor - podnevi ugasnjena v mraku se pri\u017ege\" \/>\n<meta property=\"og:url\" content=\"https:\/\/www.sportshine.eu\/hu\/uzlet\/hatso-kerekparlampa-led-del-gaciron-w06\/\" \/>\n<meta property=\"og:site_name\" content=\"Sportshine\" \/>\n<meta property=\"article:publisher\" content=\"https:\/\/www.facebook.com\/sportshine.eu\/\" \/>\n<meta property=\"article:modified_time\" content=\"2026-01-30T19:31:27+00:00\" \/>\n<meta property=\"og:image\" content=\"https:\/\/www.sportshine.eu\/wp-content\/uploads\/2025\/07\/pametna-kolesarska-luc.webp\" \/>\n\t<meta property=\"og:image:width\" content=\"800\" \/>\n\t<meta property=\"og:image:height\" content=\"800\" \/>\n\t<meta property=\"og:image:type\" content=\"image\/webp\" \/>\n<meta name=\"twitter:card\" content=\"summary_large_image\" \/>\n<meta name=\"twitter:label1\" content=\"Becs\u00fclt olvas\u00e1si id\u0151\" \/>\n\t<meta name=\"twitter:data1\" content=\"2 perc\" \/>\n<script type=\"application\/ld+json\" class=\"yoast-schema-graph\">{\"@context\":\"https:\\\/\\\/schema.org\",\"@graph\":[{\"@type\":\"WebPage\",\"@id\":\"https:\\\/\\\/www.sportshine.eu\\\/trgovina\\\/zadnja-kolesarska-svetilka-led-gaciron-w06\\\/\",\"url\":\"https:\\\/\\\/www.sportshine.eu\\\/trgovina\\\/zadnja-kolesarska-svetilka-led-gaciron-w06\\\/\",\"name\":\"Zadnja kolesarska svetilka LED Gaciron W06\",\"isPartOf\":{\"@id\":\"https:\\\/\\\/www.sportshine.eu\\\/#website\"},\"primaryImageOfPage\":{\"@id\":\"https:\\\/\\\/www.sportshine.eu\\\/trgovina\\\/zadnja-kolesarska-svetilka-led-gaciron-w06\\\/#primaryimage\"},\"image\":{\"@id\":\"https:\\\/\\\/www.sportshine.eu\\\/trgovina\\\/zadnja-kolesarska-svetilka-led-gaciron-w06\\\/#primaryimage\"},\"thumbnailUrl\":\"https:\\\/\\\/www.sportshine.eu\\\/wp-content\\\/uploads\\\/2025\\\/07\\\/pametna-kolesarska-luc.webp\",\"datePublished\":\"2026-01-28T21:22:30+00:00\",\"dateModified\":\"2026-01-30T19:31:27+00:00\",\"description\":\"Avtomatska zadnja kolesarska lu\u010dka - vgrajen senzor - podnevi ugasnjena v mraku se pri\u017ege\",\"breadcrumb\":{\"@id\":\"https:\\\/\\\/www.sportshine.eu\\\/trgovina\\\/zadnja-kolesarska-svetilka-led-gaciron-w06\\\/#breadcrumb\"},\"inLanguage\":\"hu\",\"potentialAction\":[{\"@type\":\"ReadAction\",\"target\":[\"https:\\\/\\\/www.sportshine.eu\\\/trgovina\\\/zadnja-kolesarska-svetilka-led-gaciron-w06\\\/\"]}]},{\"@type\":\"ImageObject\",\"inLanguage\":\"hu\",\"@id\":\"https:\\\/\\\/www.sportshine.eu\\\/trgovina\\\/zadnja-kolesarska-svetilka-led-gaciron-w06\\\/#primaryimage\",\"url\":\"https:\\\/\\\/www.sportshine.eu\\\/wp-content\\\/uploads\\\/2025\\\/07\\\/pametna-kolesarska-luc.webp\",\"contentUrl\":\"https:\\\/\\\/www.sportshine.eu\\\/wp-content\\\/uploads\\\/2025\\\/07\\\/pametna-kolesarska-luc.webp\",\"width\":800,\"height\":800},{\"@type\":\"BreadcrumbList\",\"@id\":\"https:\\\/\\\/www.sportshine.eu\\\/trgovina\\\/zadnja-kolesarska-svetilka-led-gaciron-w06\\\/#breadcrumb\",\"itemListElement\":[{\"@type\":\"ListItem\",\"position\":1,\"name\":\"Home\",\"item\":\"https:\\\/\\\/www.sportshine.eu\\\/\"},{\"@type\":\"ListItem\",\"position\":2,\"name\":\"Trgovina\",\"item\":\"https:\\\/\\\/www.sportshine.eu\\\/trgovina\\\/\"},{\"@type\":\"ListItem\",\"position\":3,\"name\":\"Zadnja kolesarska svetilka LED Gaciron W06\"}]},{\"@type\":\"WebSite\",\"@id\":\"https:\\\/\\\/www.sportshine.eu\\\/#website\",\"url\":\"https:\\\/\\\/www.sportshine.eu\\\/\",\"name\":\"Sportshine\",\"description\":\"Top spletna trgovina kolesarskih in naglavnih svetilk ter opreme\",\"publisher\":{\"@id\":\"https:\\\/\\\/www.sportshine.eu\\\/#organization\"},\"potentialAction\":[{\"@type\":\"SearchAction\",\"target\":{\"@type\":\"EntryPoint\",\"urlTemplate\":\"https:\\\/\\\/www.sportshine.eu\\\/?s={search_term_string}\"},\"query-input\":{\"@type\":\"PropertyValueSpecification\",\"valueRequired\":true,\"valueName\":\"search_term_string\"}}],\"inLanguage\":\"hu\"},{\"@type\":\"Organization\",\"@id\":\"https:\\\/\\\/www.sportshine.eu\\\/#organization\",\"name\":\"Sportshine\",\"url\":\"https:\\\/\\\/www.sportshine.eu\\\/\",\"logo\":{\"@type\":\"ImageObject\",\"inLanguage\":\"hu\",\"@id\":\"https:\\\/\\\/www.sportshine.eu\\\/#\\\/schema\\\/logo\\\/image\\\/\",\"url\":\"https:\\\/\\\/www.sportshine.eu\\\/wp-content\\\/uploads\\\/2026\\\/01\\\/cropped-Sportshine.webp\",\"contentUrl\":\"https:\\\/\\\/www.sportshine.eu\\\/wp-content\\\/uploads\\\/2026\\\/01\\\/cropped-Sportshine.webp\",\"width\":295,\"height\":128,\"caption\":\"Sportshine\"},\"image\":{\"@id\":\"https:\\\/\\\/www.sportshine.eu\\\/#\\\/schema\\\/logo\\\/image\\\/\"},\"sameAs\":[\"https:\\\/\\\/www.facebook.com\\\/sportshine.eu\\\/\"]}]}<\/script>\n<!-- \/ Yoast SEO plugin. -->","yoast_head_json":{"title":"Gaciron W06 LED h\u00e1ts\u00f3 ker\u00e9kp\u00e1rl\u00e1mpa","description":"Automatikus h\u00e1ts\u00f3 ker\u00e9kp\u00e1rl\u00e1mpa - be\u00e9p\u00edtett \u00e9rz\u00e9kel\u0151vel - nappal kikapcsol, alkonyatkor bekapcsol","robots":{"index":"index","follow":"follow","max-snippet":"max-snippet:-1","max-image-preview":"max-image-preview:large","max-video-preview":"max-video-preview:-1"},"canonical":"https:\/\/www.sportshine.eu\/hu\/uzlet\/hatso-kerekparlampa-led-del-gaciron-w06\/","og_locale":"hu_HU","og_type":"article","og_title":"Zadnja kolesarska svetilka LED Gaciron W06","og_description":"Avtomatska zadnja kolesarska lu\u010dka - vgrajen senzor - podnevi ugasnjena v mraku se pri\u017ege","og_url":"https:\/\/www.sportshine.eu\/hu\/uzlet\/hatso-kerekparlampa-led-del-gaciron-w06\/","og_site_name":"Sportshine","article_publisher":"https:\/\/www.facebook.com\/sportshine.eu\/","article_modified_time":"2026-01-30T19:31:27+00:00","og_image":[{"width":800,"height":800,"url":"https:\/\/www.sportshine.eu\/wp-content\/uploads\/2025\/07\/pametna-kolesarska-luc.webp","type":"image\/webp"}],"twitter_card":"summary_large_image","twitter_misc":{"Becs\u00fclt olvas\u00e1si id\u0151":"2 perc"},"schema":{"@context":"https:\/\/schema.org","@graph":[{"@type":"WebPage","@id":"https:\/\/www.sportshine.eu\/trgovina\/zadnja-kolesarska-svetilka-led-gaciron-w06\/","url":"https:\/\/www.sportshine.eu\/trgovina\/zadnja-kolesarska-svetilka-led-gaciron-w06\/","name":"Gaciron W06 LED h\u00e1ts\u00f3 ker\u00e9kp\u00e1rl\u00e1mpa","isPartOf":{"@id":"https:\/\/www.sportshine.eu\/#website"},"primaryImageOfPage":{"@id":"https:\/\/www.sportshine.eu\/trgovina\/zadnja-kolesarska-svetilka-led-gaciron-w06\/#primaryimage"},"image":{"@id":"https:\/\/www.sportshine.eu\/trgovina\/zadnja-kolesarska-svetilka-led-gaciron-w06\/#primaryimage"},"thumbnailUrl":"https:\/\/www.sportshine.eu\/wp-content\/uploads\/2025\/07\/pametna-kolesarska-luc.webp","datePublished":"2026-01-28T21:22:30+00:00","dateModified":"2026-01-30T19:31:27+00:00","description":"Automatikus h\u00e1ts\u00f3 ker\u00e9kp\u00e1rl\u00e1mpa - be\u00e9p\u00edtett \u00e9rz\u00e9kel\u0151vel - nappal kikapcsol, alkonyatkor bekapcsol","breadcrumb":{"@id":"https:\/\/www.sportshine.eu\/trgovina\/zadnja-kolesarska-svetilka-led-gaciron-w06\/#breadcrumb"},"inLanguage":"hu","potentialAction":[{"@type":"ReadAction","target":["https:\/\/www.sportshine.eu\/trgovina\/zadnja-kolesarska-svetilka-led-gaciron-w06\/"]}]},{"@type":"ImageObject","inLanguage":"hu","@id":"https:\/\/www.sportshine.eu\/trgovina\/zadnja-kolesarska-svetilka-led-gaciron-w06\/#primaryimage","url":"https:\/\/www.sportshine.eu\/wp-content\/uploads\/2025\/07\/pametna-kolesarska-luc.webp","contentUrl":"https:\/\/www.sportshine.eu\/wp-content\/uploads\/2025\/07\/pametna-kolesarska-luc.webp","width":800,"height":800},{"@type":"BreadcrumbList","@id":"https:\/\/www.sportshine.eu\/trgovina\/zadnja-kolesarska-svetilka-led-gaciron-w06\/#breadcrumb","itemListElement":[{"@type":"ListItem","position":1,"name":"Home","item":"https:\/\/www.sportshine.eu\/"},{"@type":"ListItem","position":2,"name":"Trgovina","item":"https:\/\/www.sportshine.eu\/trgovina\/"},{"@type":"ListItem","position":3,"name":"Zadnja kolesarska svetilka LED Gaciron W06"}]},{"@type":"WebSite","@id":"https:\/\/www.sportshine.eu\/#website","url":"https:\/\/www.sportshine.eu\/","name":"Sportshine","description":"Ker\u00e9kp\u00e1ros, fejl\u00e1mp\u00e1k \u00e9s felszerel\u00e9sek online \u00e1ruh\u00e1z\u00e1nak vezet\u0151 k\u00edn\u00e1lata","publisher":{"@id":"https:\/\/www.sportshine.eu\/#organization"},"potentialAction":[{"@type":"SearchAction","target":{"@type":"EntryPoint","urlTemplate":"https:\/\/www.sportshine.eu\/?s={search_term_string}"},"query-input":{"@type":"PropertyValueSpecification","valueRequired":true,"valueName":"search_term_string"}}],"inLanguage":"hu"},{"@type":"Organization","@id":"https:\/\/www.sportshine.eu\/#organization","name":"Sportshine","url":"https:\/\/www.sportshine.eu\/","logo":{"@type":"ImageObject","inLanguage":"hu","@id":"https:\/\/www.sportshine.eu\/#\/schema\/logo\/image\/","url":"https:\/\/www.sportshine.eu\/wp-content\/uploads\/2026\/01\/cropped-Sportshine.webp","contentUrl":"https:\/\/www.sportshine.eu\/wp-content\/uploads\/2026\/01\/cropped-Sportshine.webp","width":295,"height":128,"caption":"Sportshine"},"image":{"@id":"https:\/\/www.sportshine.eu\/#\/schema\/logo\/image\/"},"sameAs":["https:\/\/www.facebook.com\/sportshine.eu\/"]}]}},"_links":{"self":[{"href":"https:\/\/www.sportshine.eu\/hu\/wp-json\/wp\/v2\/product\/6348","targetHints":{"allow":["GET"]}}],"collection":[{"href":"https:\/\/www.sportshine.eu\/hu\/wp-json\/wp\/v2\/product"}],"about":[{"href":"https:\/\/www.sportshine.eu\/hu\/wp-json\/wp\/v2\/types\/product"}],"replies":[{"embeddable":true,"href":"https:\/\/www.sportshine.eu\/hu\/wp-json\/wp\/v2\/comments?post=6348"}],"version-history":[{"count":0,"href":"https:\/\/www.sportshine.eu\/hu\/wp-json\/wp\/v2\/product\/6348\/revisions"}],"wp:featuredmedia":[{"embeddable":true,"href":"https:\/\/www.sportshine.eu\/hu\/wp-json\/wp\/v2\/media\/5235"}],"wp:attachment":[{"href":"https:\/\/www.sportshine.eu\/hu\/wp-json\/wp\/v2\/media?parent=6348"}],"wp:term":[{"taxonomy":"product_brand","embeddable":true,"href":"https:\/\/www.sportshine.eu\/hu\/wp-json\/wp\/v2\/product_brand?post=6348"},{"taxonomy":"product_cat","embeddable":true,"href":"https:\/\/www.sportshine.eu\/hu\/wp-json\/wp\/v2\/product_cat?post=6348"},{"taxonomy":"product_tag","embeddable":true,"href":"https:\/\/www.sportshine.eu\/hu\/wp-json\/wp\/v2\/product_tag?post=6348"}],"curies":[{"name":"wp","href":"https:\/\/api.w.org\/{rel}","templated":true}]}}