{"id":6333,"date":"2026-04-10T21:09:28","date_gmt":"2026-04-10T21:09:28","guid":{"rendered":"https:\/\/www.sportshine.eu\/?post_type=product&#038;p=6333"},"modified":"2026-04-18T13:14:13","modified_gmt":"2026-04-18T13:14:13","slug":"gacilon-w15a-100-hatso-kerekparlampa","status":"publish","type":"product","link":"https:\/\/www.sportshine.eu\/hu\/uzlet\/gacilon-w15a-100-hatso-kerekparlampa\/","title":{"rendered":"Gaciron W15A-100 h\u00e1ts\u00f3 ker\u00e9kp\u00e1rl\u00e1mpa"},"content":{"rendered":"<h3 style=\"text-align: center;\">100 LUMEN F\u00c9NYER\u0150 BE\u00c9P\u00cdTETT F\u00c9K\u00c9RZ\u00c9KEL\u0150VEL \u00c9S M\u00c1GNESES R\u00d6GZ\u00cdT\u0150VEL<\/h3>\n<p><img decoding=\"async\" class=\"aligncenter wp-image-7584 size-full\" src=\"https:\/\/www.sportshine.eu\/wp-content\/uploads\/2025\/07\/Gaciron-W15A-100.webp\" alt=\"\" width=\"800\" height=\"600\" srcset=\"https:\/\/www.sportshine.eu\/wp-content\/uploads\/2025\/07\/Gaciron-W15A-100.webp 800w, https:\/\/www.sportshine.eu\/wp-content\/uploads\/2025\/07\/Gaciron-W15A-100-768x576.webp 768w, https:\/\/www.sportshine.eu\/wp-content\/uploads\/2025\/07\/Gaciron-W15A-100-600x450.webp 600w\" sizes=\"(max-width: 800px) 100vw, 800px\" \/><\/p>\n<h3 style=\"text-align: center;\">A F\u00c9KEZ\u00c9S\u00c9RZ\u00c9KEL\u0150 HIHETETLEN PONTOSS\u00c1GGAL M\u0170K\u00d6DIK<\/h3>\n<p style=\"text-align: center;\">Amikor a l\u00e1mpa f\u00e9kez\u00e9st \u00e9rz\u00e9kel, egy 100 lumen f\u00e9nyerej\u0171 figyelmeztet\u0151 l\u00e1mpa 3 m\u00e1sodpercig vil\u00e1g\u00edt. Mag\u00e1n a bekapcsol\u00f3gombon a 3 m\u00e1sodperces hossz\u00fa lenyom\u00e1s be- vagy kikapcsolja a f\u00e9kez\u00e9si funkci\u00f3t.<\/p>\n<p><img decoding=\"async\" class=\"aligncenter wp-image-7585 size-full\" src=\"https:\/\/www.sportshine.eu\/wp-content\/uploads\/2025\/07\/Gaciron-W15A-100-1.webp\" alt=\"\" width=\"800\" height=\"600\" srcset=\"https:\/\/www.sportshine.eu\/wp-content\/uploads\/2025\/07\/Gaciron-W15A-100-1.webp 800w, https:\/\/www.sportshine.eu\/wp-content\/uploads\/2025\/07\/Gaciron-W15A-100-1-768x576.webp 768w, https:\/\/www.sportshine.eu\/wp-content\/uploads\/2025\/07\/Gaciron-W15A-100-1-600x450.webp 600w\" sizes=\"(max-width: 800px) 100vw, 800px\" \/><\/p>\n<h3 style=\"text-align: center;\">TELJES KI\u0150RL\u00c9SBEN ALUM\u00cdNIUMB\u00d3L K\u00c9SZ\u00dcLT H\u00c1Z<\/h3>\n<p style=\"text-align: center;\">A CNC megmunk\u00e1l\u00e1s biztos\u00edtja a h\u00e1z prec\u00edzi\u00f3s megmunk\u00e1l\u00e1s\u00e1t az optim\u00e1lis tart\u00f3ss\u00e1g \u00e9rdek\u00e9ben. Ez vizu\u00e1lisan vonz\u00f3 diz\u00e1jnt hoz l\u00e9tre, amely fokozza a ker\u00e9kp\u00e1r \u00f6sszk\u00e9p\u00e9t.<\/p>\n<p><img decoding=\"async\" class=\"aligncenter wp-image-7587 size-full\" src=\"https:\/\/www.sportshine.eu\/wp-content\/uploads\/2025\/07\/Gaciron-W15A-100-2.webp\" alt=\"Gaciron W15A-100 \" width=\"800\" height=\"600\" srcset=\"https:\/\/www.sportshine.eu\/wp-content\/uploads\/2025\/07\/Gaciron-W15A-100-2.webp 800w, https:\/\/www.sportshine.eu\/wp-content\/uploads\/2025\/07\/Gaciron-W15A-100-2-768x576.webp 768w, https:\/\/www.sportshine.eu\/wp-content\/uploads\/2025\/07\/Gaciron-W15A-100-2-600x450.webp 600w\" sizes=\"(max-width: 800px) 100vw, 800px\" \/><\/p>\n<h3 style=\"text-align: center;\">LEHETS\u00c9GES \u00dcL\u00c9SRE VAGY \u00dcL\u00c9ST\u00c1MASZT\u00d3RA SZEREL\u00c9S<\/h3>\n<p style=\"text-align: center;\">A k\u00e9szlet tartalmazza a standard nyereg- \u00e9s nyeregcs\u0151-konzolokat.<\/p>\n<p><img decoding=\"async\" class=\"aligncenter wp-image-7588 size-full\" src=\"https:\/\/www.sportshine.eu\/wp-content\/uploads\/2025\/07\/Gaciron-W15A-100-3.webp\" alt=\"\" width=\"800\" height=\"600\" srcset=\"https:\/\/www.sportshine.eu\/wp-content\/uploads\/2025\/07\/Gaciron-W15A-100-3.webp 800w, https:\/\/www.sportshine.eu\/wp-content\/uploads\/2025\/07\/Gaciron-W15A-100-3-768x576.webp 768w, https:\/\/www.sportshine.eu\/wp-content\/uploads\/2025\/07\/Gaciron-W15A-100-3-600x450.webp 600w\" sizes=\"(max-width: 800px) 100vw, 800px\" \/><\/p>\n<h3 style=\"text-align: center;\">V\u00cdZ\u00c1LL\u00d3 AZ IPX6 SZABV\u00c1NY SZERINT<\/h3>\n<p style=\"text-align: center;\">Tart\u00f3s anyagokb\u00f3l k\u00e9sz\u00fclt, amelyek ellen\u00e1llnak a v\u00edznek \u00e9s a nedvess\u00e9gnek. Lehet\u0151v\u00e9 teszi a biztons\u00e1gos ker\u00e9kp\u00e1roz\u00e1st m\u00e9g heves es\u0151ben is.<\/p>\n<p><img decoding=\"async\" class=\"aligncenter wp-image-7589 size-full\" src=\"https:\/\/www.sportshine.eu\/wp-content\/uploads\/2025\/07\/Gaciron-W15A-100-4.webp\" alt=\"\" width=\"800\" height=\"600\" srcset=\"https:\/\/www.sportshine.eu\/wp-content\/uploads\/2025\/07\/Gaciron-W15A-100-4.webp 800w, https:\/\/www.sportshine.eu\/wp-content\/uploads\/2025\/07\/Gaciron-W15A-100-4-768x576.webp 768w, https:\/\/www.sportshine.eu\/wp-content\/uploads\/2025\/07\/Gaciron-W15A-100-4-600x450.webp 600w\" sizes=\"(max-width: 800px) 100vw, 800px\" \/><\/p>\n<h3 style=\"text-align: center;\">INTELLIGENS REZG\u00c9S\u00c9RZ\u00c9KEL\u00c9S<\/h3>\n<p style=\"text-align: center;\">Bekapcsol\u00e1s ut\u00e1n a l\u00e1mpa 120 m\u00e1sodperc t\u00e9tlens\u00e9g ut\u00e1n alv\u00f3 \u00fczemm\u00f3dba kapcsol. Mozg\u00e1s \u00e9rz\u00e9kel\u00e9sekor visszat\u00e9r az el\u0151z\u0151 \u00fczemm\u00f3dba, jelent\u0151sen cs\u00f6kkentve az energiafogyaszt\u00e1st.<\/p>\n<p><img decoding=\"async\" class=\"aligncenter wp-image-7590 size-full\" src=\"https:\/\/www.sportshine.eu\/wp-content\/uploads\/2025\/07\/Gaciron-W15A-100-5.webp\" alt=\"Gaciron W15A-100 \" width=\"800\" height=\"600\" srcset=\"https:\/\/www.sportshine.eu\/wp-content\/uploads\/2025\/07\/Gaciron-W15A-100-5.webp 800w, https:\/\/www.sportshine.eu\/wp-content\/uploads\/2025\/07\/Gaciron-W15A-100-5-768x576.webp 768w, https:\/\/www.sportshine.eu\/wp-content\/uploads\/2025\/07\/Gaciron-W15A-100-5-600x450.webp 600w\" sizes=\"(max-width: 800px) 100vw, 800px\" \/><\/p>\n<h3 style=\"text-align: center;\">A CYCLE LIGHT VIDE\u00d3BEMUTAT\u00d3JA<\/h3>\n<p><iframe loading=\"lazy\" title=\"GACIRON W15A-100\" width=\"500\" height=\"281\" src=\"https:\/\/www.youtube.com\/embed\/YEcB6oaU11Y?feature=oembed\" frameborder=\"0\" allow=\"accelerometer; autoplay; clipboard-write; encrypted-media; gyroscope; picture-in-picture; web-share\" referrerpolicy=\"strict-origin-when-cross-origin\" allowfullscreen><\/iframe><\/p>\n<h3 style=\"text-align: center;\">A MOTOROS L\u00c1MPA INNOVAT\u00cdV M\u00c1GNESES R\u00d6GZ\u00cdT\u00c9SE<\/h3>\n<p style=\"text-align: center;\">A m\u00e1gneses tart\u00f3nak k\u00f6sz\u00f6nhet\u0151en a h\u00e1ts\u00f3 l\u00e1mpa fel- \u00e9s leszerel\u00e9se nagyon gyors. A m\u00e1gneses tart\u00f3 r\u00f6gz\u00edti a l\u00e1mp\u00e1t a tart\u00f3hoz, \u00e9s biztos\u00edtja a biztons\u00e1gos \u00e9s szil\u00e1rd r\u00f6gz\u00edt\u00e9st.<\/p>\n<p><img decoding=\"async\" class=\"aligncenter wp-image-7591 size-full\" src=\"https:\/\/www.sportshine.eu\/wp-content\/uploads\/2025\/07\/Gaciron-W15A-100-6.webp\" alt=\"\" width=\"800\" height=\"600\" srcset=\"https:\/\/www.sportshine.eu\/wp-content\/uploads\/2025\/07\/Gaciron-W15A-100-6.webp 800w, https:\/\/www.sportshine.eu\/wp-content\/uploads\/2025\/07\/Gaciron-W15A-100-6-768x576.webp 768w, https:\/\/www.sportshine.eu\/wp-content\/uploads\/2025\/07\/Gaciron-W15A-100-6-600x450.webp 600w\" sizes=\"(max-width: 800px) 100vw, 800px\" \/><\/p>\n<h3 style=\"text-align: center;\">A H\u00c1TS\u00d3 MOTOROS L\u00c1MPA T\u00d6LT\u00c9SE<\/h3>\n<p style=\"text-align: center;\">A villog\u00f3 piros f\u00e9ny azt jelzi, hogy a l\u00e1mpa m\u00e9g t\u00f6lt\u0151dik, m\u00edg a folyamatos k\u00e9k f\u00e9ny azt jelzi, hogy a ker\u00e9kp\u00e1rl\u00e1mpa fel van t\u00f6ltve \u00e9s haszn\u00e1latra k\u00e9sz.<\/p>\n<p><img decoding=\"async\" class=\"aligncenter wp-image-7592 size-full\" src=\"https:\/\/www.sportshine.eu\/wp-content\/uploads\/2025\/07\/Gaciron-W15A-100-7.webp\" alt=\"Gaciron W15A-100 \" width=\"800\" height=\"600\" srcset=\"https:\/\/www.sportshine.eu\/wp-content\/uploads\/2025\/07\/Gaciron-W15A-100-7.webp 800w, https:\/\/www.sportshine.eu\/wp-content\/uploads\/2025\/07\/Gaciron-W15A-100-7-768x576.webp 768w, https:\/\/www.sportshine.eu\/wp-content\/uploads\/2025\/07\/Gaciron-W15A-100-7-600x450.webp 600w\" sizes=\"(max-width: 800px) 100vw, 800px\" \/><\/p>\n<h3 style=\"text-align: center;\">A CSOMAGBAN KAPOD<\/h3>\n<p><img decoding=\"async\" class=\"aligncenter wp-image-7593\" src=\"https:\/\/www.sportshine.eu\/wp-content\/uploads\/2025\/07\/Gaciron-W15A-100-8.webp\" alt=\"\" width=\"800\" height=\"800\" srcset=\"https:\/\/www.sportshine.eu\/wp-content\/uploads\/2025\/07\/Gaciron-W15A-100-8.webp 750w, https:\/\/www.sportshine.eu\/wp-content\/uploads\/2025\/07\/Gaciron-W15A-100-8-600x600.webp 600w\" sizes=\"(max-width: 800px) 100vw, 800px\" \/><\/p>\n<h3 style=\"text-align: center;\">\u00c9L\u0150 K\u00c9PEK<\/h3>\n<p><img decoding=\"async\" class=\"aligncenter wp-image-7594\" src=\"https:\/\/www.sportshine.eu\/wp-content\/uploads\/2025\/07\/Gaciron-W15A-100-9.webp\" alt=\"\" width=\"800\" height=\"1418\" srcset=\"https:\/\/www.sportshine.eu\/wp-content\/uploads\/2025\/07\/Gaciron-W15A-100-9.webp 750w, https:\/\/www.sportshine.eu\/wp-content\/uploads\/2025\/07\/Gaciron-W15A-100-9-600x1063.webp 600w\" sizes=\"(max-width: 800px) 100vw, 800px\" \/><\/p>\n<h3 style=\"text-align: center;\">MENNYIRE ER\u0150SEN VIL\u00c1G\u00cdT?<\/h3>\n<p><iframe loading=\"lazy\" title=\"Gaciron w15A\" width=\"422\" height=\"750\" src=\"https:\/\/www.youtube.com\/embed\/F_QcltXCxcY?feature=oembed\" frameborder=\"0\" allow=\"accelerometer; autoplay; clipboard-write; encrypted-media; gyroscope; picture-in-picture; web-share\" referrerpolicy=\"strict-origin-when-cross-origin\" allowfullscreen><\/iframe><\/p>","protected":false},"excerpt":{"rendered":"<p>A Gaciron W15A-100 h\u00e1ts\u00f3 ker\u00e9kp\u00e1rl\u00e1mpa tart\u00f3s alum\u00edniumb\u00f3l k\u00e9sz\u00fclt, \u00e9s az IPX6 szabv\u00e1ny szerint v\u00edz\u00e1ll\u00f3. Maximum 100 lumen f\u00e9nyer\u0151vel vil\u00e1g\u00edt, \u00e9s be\u00e9p\u00edtett prec\u00edz f\u00e9kszenzorral rendelkezik, amely t\u00f6k\u00e9letesen \u00e9rz\u00e9keli a f\u00e9kez\u00e9st (manu\u00e1lisan is kikapcsolhat\u00f3). Minden ker\u00e9kp\u00e1rosnak aj\u00e1nljuk, aki nappal is j\u00f3l l\u00e1that\u00f3 szeretne lenni.<\/p>\n<p>A Gaciron W15A-100 modell karbon v\u00e1ltozat\u00e1hoz<span style=\"color: #ff0000;\"> <a style=\"color: #ff0000;\" href=\"https:\/\/www.sportshine.eu\/hu\/uzlet\/hatso-kerekparlampa-led-del-gaciron-w15a-100-karbon\/\">kattintson ide.<\/a><\/span><\/p>","protected":false},"featured_media":8016,"comment_status":"open","ping_status":"closed","template":"","meta":[],"product_brand":[132],"product_cat":[86],"product_tag":[],"class_list":{"0":"post-6333","1":"product","2":"type-product","3":"status-publish","4":"has-post-thumbnail","6":"product_brand-gaciron","7":"product_cat-zadnje-kolesarske-luci","9":"first","10":"instock","11":"sale","12":"taxable","13":"shipping-taxable","14":"purchasable","15":"product-type-simple"},"yoast_head":"<!-- This site is optimized with the Yoast SEO plugin v27.3 - https:\/\/yoast.com\/product\/yoast-seo-wordpress\/ -->\n<title>Gaciron W15A-100 zadnja lu\u010d za kolo<\/title>\n<meta name=\"description\" content=\"Zmogljiva zadnja lu\u010d za kolo z vgrajenim natan\u010dnim senzorjem za zaviranje. Do 40 ur delovanja in do 100 lumnov mo\u010di. Vgrajeno inovativno magneto zapenjalo.\" \/>\n<meta name=\"robots\" content=\"index, follow, max-snippet:-1, max-image-preview:large, max-video-preview:-1\" \/>\n<link rel=\"canonical\" href=\"https:\/\/www.sportshine.eu\/hu\/uzlet\/gacilon-w15a-100-hatso-kerekparlampa\/\" \/>\n<meta property=\"og:locale\" content=\"hu_HU\" \/>\n<meta property=\"og:type\" content=\"article\" \/>\n<meta property=\"og:title\" content=\"Gaciron W15A-100 zadnja lu\u010d za kolo\" \/>\n<meta property=\"og:description\" content=\"Zmogljiva zadnja lu\u010d za kolo z vgrajenim natan\u010dnim senzorjem za zaviranje. Do 40 ur delovanja in do 100 lumnov mo\u010di. Vgrajeno inovativno magneto zapenjalo.\" \/>\n<meta property=\"og:url\" content=\"https:\/\/www.sportshine.eu\/hu\/uzlet\/gacilon-w15a-100-hatso-kerekparlampa\/\" \/>\n<meta property=\"og:site_name\" content=\"Sportshine\" \/>\n<meta property=\"article:publisher\" content=\"https:\/\/www.facebook.com\/sportshine.eu\/\" \/>\n<meta property=\"article:modified_time\" content=\"2026-04-18T13:14:13+00:00\" \/>\n<meta property=\"og:image\" content=\"https:\/\/www.sportshine.eu\/wp-content\/uploads\/2025\/07\/Gaciron-W15A-zadnja-luc-3.webp\" \/>\n\t<meta property=\"og:image:width\" content=\"800\" \/>\n\t<meta property=\"og:image:height\" content=\"800\" \/>\n\t<meta property=\"og:image:type\" content=\"image\/webp\" \/>\n<meta name=\"twitter:card\" content=\"summary_large_image\" \/>\n<meta name=\"twitter:label1\" content=\"Becs\u00fclt olvas\u00e1si id\u0151\" \/>\n\t<meta name=\"twitter:data1\" content=\"4 perc\" \/>\n<script type=\"application\/ld+json\" class=\"yoast-schema-graph\">{\"@context\":\"https:\\\/\\\/schema.org\",\"@graph\":[{\"@type\":\"WebPage\",\"@id\":\"https:\\\/\\\/www.sportshine.eu\\\/trgovina\\\/gaciron-w15a-100-zadnja-luc-za-kolo\\\/\",\"url\":\"https:\\\/\\\/www.sportshine.eu\\\/trgovina\\\/gaciron-w15a-100-zadnja-luc-za-kolo\\\/\",\"name\":\"Gaciron W15A-100 zadnja lu\u010d za kolo\",\"isPartOf\":{\"@id\":\"https:\\\/\\\/www.sportshine.eu\\\/#website\"},\"primaryImageOfPage\":{\"@id\":\"https:\\\/\\\/www.sportshine.eu\\\/trgovina\\\/gaciron-w15a-100-zadnja-luc-za-kolo\\\/#primaryimage\"},\"image\":{\"@id\":\"https:\\\/\\\/www.sportshine.eu\\\/trgovina\\\/gaciron-w15a-100-zadnja-luc-za-kolo\\\/#primaryimage\"},\"thumbnailUrl\":\"https:\\\/\\\/www.sportshine.eu\\\/wp-content\\\/uploads\\\/2025\\\/07\\\/Gaciron-W15A-zadnja-luc-3.webp\",\"datePublished\":\"2026-04-10T21:09:28+00:00\",\"dateModified\":\"2026-04-18T13:14:13+00:00\",\"description\":\"Zmogljiva zadnja lu\u010d za kolo z vgrajenim natan\u010dnim senzorjem za zaviranje. Do 40 ur delovanja in do 100 lumnov mo\u010di. Vgrajeno inovativno magneto zapenjalo.\",\"breadcrumb\":{\"@id\":\"https:\\\/\\\/www.sportshine.eu\\\/trgovina\\\/gaciron-w15a-100-zadnja-luc-za-kolo\\\/#breadcrumb\"},\"inLanguage\":\"hu\",\"potentialAction\":[{\"@type\":\"ReadAction\",\"target\":[\"https:\\\/\\\/www.sportshine.eu\\\/trgovina\\\/gaciron-w15a-100-zadnja-luc-za-kolo\\\/\"]}]},{\"@type\":\"ImageObject\",\"inLanguage\":\"hu\",\"@id\":\"https:\\\/\\\/www.sportshine.eu\\\/trgovina\\\/gaciron-w15a-100-zadnja-luc-za-kolo\\\/#primaryimage\",\"url\":\"https:\\\/\\\/www.sportshine.eu\\\/wp-content\\\/uploads\\\/2025\\\/07\\\/Gaciron-W15A-zadnja-luc-3.webp\",\"contentUrl\":\"https:\\\/\\\/www.sportshine.eu\\\/wp-content\\\/uploads\\\/2025\\\/07\\\/Gaciron-W15A-zadnja-luc-3.webp\",\"width\":800,\"height\":800,\"caption\":\"Gaciron W15A zadnja lu\u010d\"},{\"@type\":\"BreadcrumbList\",\"@id\":\"https:\\\/\\\/www.sportshine.eu\\\/trgovina\\\/gaciron-w15a-100-zadnja-luc-za-kolo\\\/#breadcrumb\",\"itemListElement\":[{\"@type\":\"ListItem\",\"position\":1,\"name\":\"Home\",\"item\":\"https:\\\/\\\/www.sportshine.eu\\\/\"},{\"@type\":\"ListItem\",\"position\":2,\"name\":\"Trgovina\",\"item\":\"https:\\\/\\\/www.sportshine.eu\\\/trgovina\\\/\"},{\"@type\":\"ListItem\",\"position\":3,\"name\":\"Gaciron W15A-100 zadnja lu\u010d za kolo\"}]},{\"@type\":\"WebSite\",\"@id\":\"https:\\\/\\\/www.sportshine.eu\\\/#website\",\"url\":\"https:\\\/\\\/www.sportshine.eu\\\/\",\"name\":\"Sportshine\",\"description\":\"Top spletna trgovina kolesarskih in naglavnih svetilk ter opreme\",\"publisher\":{\"@id\":\"https:\\\/\\\/www.sportshine.eu\\\/#organization\"},\"potentialAction\":[{\"@type\":\"SearchAction\",\"target\":{\"@type\":\"EntryPoint\",\"urlTemplate\":\"https:\\\/\\\/www.sportshine.eu\\\/?s={search_term_string}\"},\"query-input\":{\"@type\":\"PropertyValueSpecification\",\"valueRequired\":true,\"valueName\":\"search_term_string\"}}],\"inLanguage\":\"hu\"},{\"@type\":\"Organization\",\"@id\":\"https:\\\/\\\/www.sportshine.eu\\\/#organization\",\"name\":\"Sportshine\",\"url\":\"https:\\\/\\\/www.sportshine.eu\\\/\",\"logo\":{\"@type\":\"ImageObject\",\"inLanguage\":\"hu\",\"@id\":\"https:\\\/\\\/www.sportshine.eu\\\/#\\\/schema\\\/logo\\\/image\\\/\",\"url\":\"https:\\\/\\\/www.sportshine.eu\\\/wp-content\\\/uploads\\\/2026\\\/01\\\/cropped-Sportshine.webp\",\"contentUrl\":\"https:\\\/\\\/www.sportshine.eu\\\/wp-content\\\/uploads\\\/2026\\\/01\\\/cropped-Sportshine.webp\",\"width\":295,\"height\":128,\"caption\":\"Sportshine\"},\"image\":{\"@id\":\"https:\\\/\\\/www.sportshine.eu\\\/#\\\/schema\\\/logo\\\/image\\\/\"},\"sameAs\":[\"https:\\\/\\\/www.facebook.com\\\/sportshine.eu\\\/\"]}]}<\/script>\n<!-- \/ Yoast SEO plugin. -->","yoast_head_json":{"title":"Gaciron W15A-100 h\u00e1ts\u00f3 ker\u00e9kp\u00e1rl\u00e1mpa","description":"Nagy teljes\u00edtm\u00e9ny\u0171 h\u00e1ts\u00f3 ker\u00e9kp\u00e1rl\u00e1mpa be\u00e9p\u00edtett prec\u00edz f\u00e9kszenzorral. Ak\u00e1r 40 \u00f3r\u00e1s \u00fczemid\u0151 \u00e9s ak\u00e1r 100 lumen f\u00e9nyer\u0151. Be\u00e9p\u00edtett, innovat\u00edv m\u00e1gneses z\u00e1r.","robots":{"index":"index","follow":"follow","max-snippet":"max-snippet:-1","max-image-preview":"max-image-preview:large","max-video-preview":"max-video-preview:-1"},"canonical":"https:\/\/www.sportshine.eu\/hu\/uzlet\/gacilon-w15a-100-hatso-kerekparlampa\/","og_locale":"hu_HU","og_type":"article","og_title":"Gaciron W15A-100 zadnja lu\u010d za kolo","og_description":"Zmogljiva zadnja lu\u010d za kolo z vgrajenim natan\u010dnim senzorjem za zaviranje. Do 40 ur delovanja in do 100 lumnov mo\u010di. Vgrajeno inovativno magneto zapenjalo.","og_url":"https:\/\/www.sportshine.eu\/hu\/uzlet\/gacilon-w15a-100-hatso-kerekparlampa\/","og_site_name":"Sportshine","article_publisher":"https:\/\/www.facebook.com\/sportshine.eu\/","article_modified_time":"2026-04-18T13:14:13+00:00","og_image":[{"width":800,"height":800,"url":"https:\/\/www.sportshine.eu\/wp-content\/uploads\/2025\/07\/Gaciron-W15A-zadnja-luc-3.webp","type":"image\/webp"}],"twitter_card":"summary_large_image","twitter_misc":{"Becs\u00fclt olvas\u00e1si id\u0151":"4 perc"},"schema":{"@context":"https:\/\/schema.org","@graph":[{"@type":"WebPage","@id":"https:\/\/www.sportshine.eu\/trgovina\/gaciron-w15a-100-zadnja-luc-za-kolo\/","url":"https:\/\/www.sportshine.eu\/trgovina\/gaciron-w15a-100-zadnja-luc-za-kolo\/","name":"Gaciron W15A-100 h\u00e1ts\u00f3 ker\u00e9kp\u00e1rl\u00e1mpa","isPartOf":{"@id":"https:\/\/www.sportshine.eu\/#website"},"primaryImageOfPage":{"@id":"https:\/\/www.sportshine.eu\/trgovina\/gaciron-w15a-100-zadnja-luc-za-kolo\/#primaryimage"},"image":{"@id":"https:\/\/www.sportshine.eu\/trgovina\/gaciron-w15a-100-zadnja-luc-za-kolo\/#primaryimage"},"thumbnailUrl":"https:\/\/www.sportshine.eu\/wp-content\/uploads\/2025\/07\/Gaciron-W15A-zadnja-luc-3.webp","datePublished":"2026-04-10T21:09:28+00:00","dateModified":"2026-04-18T13:14:13+00:00","description":"Nagy teljes\u00edtm\u00e9ny\u0171 h\u00e1ts\u00f3 ker\u00e9kp\u00e1rl\u00e1mpa be\u00e9p\u00edtett prec\u00edz f\u00e9kszenzorral. Ak\u00e1r 40 \u00f3r\u00e1s \u00fczemid\u0151 \u00e9s ak\u00e1r 100 lumen f\u00e9nyer\u0151. Be\u00e9p\u00edtett, innovat\u00edv m\u00e1gneses z\u00e1r.","breadcrumb":{"@id":"https:\/\/www.sportshine.eu\/trgovina\/gaciron-w15a-100-zadnja-luc-za-kolo\/#breadcrumb"},"inLanguage":"hu","potentialAction":[{"@type":"ReadAction","target":["https:\/\/www.sportshine.eu\/trgovina\/gaciron-w15a-100-zadnja-luc-za-kolo\/"]}]},{"@type":"ImageObject","inLanguage":"hu","@id":"https:\/\/www.sportshine.eu\/trgovina\/gaciron-w15a-100-zadnja-luc-za-kolo\/#primaryimage","url":"https:\/\/www.sportshine.eu\/wp-content\/uploads\/2025\/07\/Gaciron-W15A-zadnja-luc-3.webp","contentUrl":"https:\/\/www.sportshine.eu\/wp-content\/uploads\/2025\/07\/Gaciron-W15A-zadnja-luc-3.webp","width":800,"height":800,"caption":"Gaciron W15A zadnja lu\u010d"},{"@type":"BreadcrumbList","@id":"https:\/\/www.sportshine.eu\/trgovina\/gaciron-w15a-100-zadnja-luc-za-kolo\/#breadcrumb","itemListElement":[{"@type":"ListItem","position":1,"name":"Home","item":"https:\/\/www.sportshine.eu\/"},{"@type":"ListItem","position":2,"name":"Trgovina","item":"https:\/\/www.sportshine.eu\/trgovina\/"},{"@type":"ListItem","position":3,"name":"Gaciron W15A-100 zadnja lu\u010d za kolo"}]},{"@type":"WebSite","@id":"https:\/\/www.sportshine.eu\/#website","url":"https:\/\/www.sportshine.eu\/","name":"Sportshine","description":"Ker\u00e9kp\u00e1ros, fejl\u00e1mp\u00e1k \u00e9s felszerel\u00e9sek online \u00e1ruh\u00e1z\u00e1nak vezet\u0151 k\u00edn\u00e1lata","publisher":{"@id":"https:\/\/www.sportshine.eu\/#organization"},"potentialAction":[{"@type":"SearchAction","target":{"@type":"EntryPoint","urlTemplate":"https:\/\/www.sportshine.eu\/?s={search_term_string}"},"query-input":{"@type":"PropertyValueSpecification","valueRequired":true,"valueName":"search_term_string"}}],"inLanguage":"hu"},{"@type":"Organization","@id":"https:\/\/www.sportshine.eu\/#organization","name":"Sportshine","url":"https:\/\/www.sportshine.eu\/","logo":{"@type":"ImageObject","inLanguage":"hu","@id":"https:\/\/www.sportshine.eu\/#\/schema\/logo\/image\/","url":"https:\/\/www.sportshine.eu\/wp-content\/uploads\/2026\/01\/cropped-Sportshine.webp","contentUrl":"https:\/\/www.sportshine.eu\/wp-content\/uploads\/2026\/01\/cropped-Sportshine.webp","width":295,"height":128,"caption":"Sportshine"},"image":{"@id":"https:\/\/www.sportshine.eu\/#\/schema\/logo\/image\/"},"sameAs":["https:\/\/www.facebook.com\/sportshine.eu\/"]}]}},"_links":{"self":[{"href":"https:\/\/www.sportshine.eu\/hu\/wp-json\/wp\/v2\/product\/6333","targetHints":{"allow":["GET"]}}],"collection":[{"href":"https:\/\/www.sportshine.eu\/hu\/wp-json\/wp\/v2\/product"}],"about":[{"href":"https:\/\/www.sportshine.eu\/hu\/wp-json\/wp\/v2\/types\/product"}],"replies":[{"embeddable":true,"href":"https:\/\/www.sportshine.eu\/hu\/wp-json\/wp\/v2\/comments?post=6333"}],"version-history":[{"count":2,"href":"https:\/\/www.sportshine.eu\/hu\/wp-json\/wp\/v2\/product\/6333\/revisions"}],"predecessor-version":[{"id":10385,"href":"https:\/\/www.sportshine.eu\/hu\/wp-json\/wp\/v2\/product\/6333\/revisions\/10385"}],"wp:featuredmedia":[{"embeddable":true,"href":"https:\/\/www.sportshine.eu\/hu\/wp-json\/wp\/v2\/media\/8016"}],"wp:attachment":[{"href":"https:\/\/www.sportshine.eu\/hu\/wp-json\/wp\/v2\/media?parent=6333"}],"wp:term":[{"taxonomy":"product_brand","embeddable":true,"href":"https:\/\/www.sportshine.eu\/hu\/wp-json\/wp\/v2\/product_brand?post=6333"},{"taxonomy":"product_cat","embeddable":true,"href":"https:\/\/www.sportshine.eu\/hu\/wp-json\/wp\/v2\/product_cat?post=6333"},{"taxonomy":"product_tag","embeddable":true,"href":"https:\/\/www.sportshine.eu\/hu\/wp-json\/wp\/v2\/product_tag?post=6333"}],"curies":[{"name":"wp","href":"https:\/\/api.w.org\/{rel}","templated":true}]}}