{"id":6332,"date":"2026-04-09T21:09:27","date_gmt":"2026-04-09T21:09:27","guid":{"rendered":"https:\/\/www.sportshine.eu\/?post_type=product&#038;p=6332"},"modified":"2026-04-17T19:32:27","modified_gmt":"2026-04-17T19:32:27","slug":"kerekparlampak-csomagja-kerekparos","status":"publish","type":"product","link":"https:\/\/www.sportshine.eu\/hu\/uzlet\/kerekparlampak-csomagja-kerekparos\/","title":{"rendered":"Ker\u00e9kp\u00e1rvil\u00e1g\u00edt\u00e1s csomag \u2013 KER\u00c9KP\u00c1ROS"},"content":{"rendered":"<h3 style=\"text-align: center;\">NAGY 800 LUMEN F\u00c9NYER\u0150 \u00c9S BE\u00c9P\u00cdTETT 2500 mAh-S L\u00cdTIUM-ION AKKUMUL\u00c1TOR<\/h3>\n<p style=\"text-align: center;\">5 f\u00e9nyer\u0151-be\u00e1ll\u00edt\u00e1st \u00e9s ak\u00e1r 24 \u00f3r\u00e1s m\u0171k\u00f6d\u00e9st tesz lehet\u0151v\u00e9.<\/p>\n<p><img decoding=\"async\" class=\"aligncenter wp-image-7599 size-full\" src=\"https:\/\/www.sportshine.eu\/wp-content\/uploads\/2025\/07\/Gaciron-Kiwi-800-1.webp\" alt=\"Gaciron Kiwi 800\" width=\"800\" height=\"800\" srcset=\"https:\/\/www.sportshine.eu\/wp-content\/uploads\/2025\/07\/Gaciron-Kiwi-800-1.webp 800w, https:\/\/www.sportshine.eu\/wp-content\/uploads\/2025\/07\/Gaciron-Kiwi-800-1-768x768.webp 768w, https:\/\/www.sportshine.eu\/wp-content\/uploads\/2025\/07\/Gaciron-Kiwi-800-1-600x600.webp 600w\" sizes=\"(max-width: 800px) 100vw, 800px\" \/><\/p>\n<h3 style=\"text-align: center;\">CIKLI F\u00c9NY T\u00dcKR\u00d6Z\u0150D\u00c9SMENTES HAT\u00c1SSAL<\/h3>\n<p style=\"text-align: center;\">A \u201ef\u00e9nyhat\u00e1r-lev\u00e1laszt\u00f3 vonal\u201d funkci\u00f3val ell\u00e1tott ker\u00e9kp\u00e1rl\u00e1mp\u00e1k \u00fagy vannak kialak\u00edtva, hogy a f\u00e9nyt egy meghat\u00e1rozott m\u00f3don vezess\u00e9k ki. A sz\u00f3rt vagy szab\u00e1lyozatlan f\u00e9nysug\u00e1r helyett a f\u00e9ny \u00e9les v\u00edzszintes s\u00e1vot alkot az \u00faton. Ez k\u00fcl\u00f6n\u00f6sen fontos a ker\u00e9kp\u00e1rf\u00e9nysz\u00f3r\u00f3k eset\u00e9ben, mivel megakad\u00e1lyozz\u00e1k a szembej\u00f6v\u0151 j\u00e1rm\u0171vek, a gyalogosok \u00e9s a ker\u00e9kp\u00e1rosok utasainak elvak\u00edt\u00e1s\u00e1t.<\/p>\n<p><img decoding=\"async\" class=\"aligncenter wp-image-7600\" src=\"https:\/\/www.sportshine.eu\/wp-content\/uploads\/2025\/07\/Gaciron-KIWI-800-3.webp\" alt=\"\" width=\"800\" height=\"494\" srcset=\"https:\/\/www.sportshine.eu\/wp-content\/uploads\/2025\/07\/Gaciron-KIWI-800-3.webp 693w, https:\/\/www.sportshine.eu\/wp-content\/uploads\/2025\/07\/Gaciron-KIWI-800-3-600x371.webp 600w\" sizes=\"(max-width: 800px) 100vw, 800px\" \/><\/p>\n<h3 style=\"text-align: center;\">LEHET\u0150V\u00c9 TESZI A L\u00c1MPA FELSZEREL\u00c9S\u00c9T A KORM\u00c1NY MINDK\u00c9T OLDAL\u00c1RA (AZ \u00c1LL\u00cdT\u00d3 SZERSZ\u00c1M TARTOZ\u00c9K)<\/h3>\n<p style=\"text-align: center;\">A korm\u00e1ny tetej\u00e9re vagy al\u00e1 szeretn\u00e9d szerelni a l\u00e1mp\u00e1t? A KIWI 1200 ker\u00e9kp\u00e1rl\u00e1mpa mindkett\u0151re megold\u00e1st k\u00edn\u00e1l.<\/p>\n<p><img decoding=\"async\" class=\"aligncenter wp-image-7601\" src=\"https:\/\/www.sportshine.eu\/wp-content\/uploads\/2025\/07\/Gaciron-Kiwi-800-2.webp\" alt=\"\" width=\"800\" height=\"581\" srcset=\"https:\/\/www.sportshine.eu\/wp-content\/uploads\/2025\/07\/Gaciron-Kiwi-800-2.webp 705w, https:\/\/www.sportshine.eu\/wp-content\/uploads\/2025\/07\/Gaciron-Kiwi-800-2-600x436.webp 600w\" sizes=\"(max-width: 800px) 100vw, 800px\" \/><\/p>\n<h3 style=\"text-align: center;\">V\u00cdZ\u00c1LL\u00d3 AZ IPX6 SZABV\u00c1NY SZERINT \u2013 MINDEN ID\u0150J\u00c1R\u00c1SI K\u00d6R\u00dcLM\u00c9NY K\u00d6Z\u00d6TT<\/h3>\n<p><img decoding=\"async\" class=\"aligncenter wp-image-7602\" src=\"https:\/\/www.sportshine.eu\/wp-content\/uploads\/2025\/07\/Gaciron-Kiwi-800-4.webp\" alt=\"\" width=\"800\" height=\"809\" srcset=\"https:\/\/www.sportshine.eu\/wp-content\/uploads\/2025\/07\/Gaciron-Kiwi-800-4.webp 767w, https:\/\/www.sportshine.eu\/wp-content\/uploads\/2025\/07\/Gaciron-Kiwi-800-4-600x607.webp 600w\" sizes=\"(max-width: 800px) 100vw, 800px\" \/><\/p>\n<h3 style=\"text-align: center;\">A KIWI-800 KER\u00c9KP\u00c1RL\u00c1MPA VIDE\u00d3BEMUTAT\u00d3JA<\/h3>\n<p><iframe loading=\"lazy\" title=\"Gaciron KIWI 800\" width=\"500\" height=\"281\" src=\"https:\/\/www.youtube.com\/embed\/mCjOVn8peP0?feature=oembed\" frameborder=\"0\" allow=\"accelerometer; autoplay; clipboard-write; encrypted-media; gyroscope; picture-in-picture; web-share\" referrerpolicy=\"strict-origin-when-cross-origin\" allowfullscreen><\/iframe><\/p>\n<h3 style=\"text-align: center;\">KOMPAKT, TELJESEN ALUM\u00cdNIUM H\u00c1Z<\/h3>\n<p><img decoding=\"async\" class=\"aligncenter wp-image-7603\" src=\"https:\/\/www.sportshine.eu\/wp-content\/uploads\/2025\/07\/Gaciron-KIWI-800-luc.webp\" alt=\"\" width=\"800\" height=\"586\" srcset=\"https:\/\/www.sportshine.eu\/wp-content\/uploads\/2025\/07\/Gaciron-KIWI-800-luc.webp 713w, https:\/\/www.sportshine.eu\/wp-content\/uploads\/2025\/07\/Gaciron-KIWI-800-luc-600x439.webp 600w\" sizes=\"(max-width: 800px) 100vw, 800px\" \/><\/p>\n<h3 style=\"text-align: center;\">MIN\u0150S\u00c9GI KIALAK\u00cdT\u00c1S \u00c9S K\u00d6NNY\u0170 TOK<\/h3>\n<p style=\"text-align: center;\">A KIWI-800 ker\u00e9kp\u00e1rl\u00e1mp\u00e1t \u00fagy tervezt\u00e9k, hogy kicsi \u00e9s k\u00f6nny\u0171 legyen, \u00edgy k\u00f6nnyen hordozhat\u00f3, \u00e9s nem n\u00f6veli jelent\u0151sen a ker\u00e9kp\u00e1r s\u00faly\u00e1t vagy m\u00e9ret\u00e9t.<\/p>\n<p><img decoding=\"async\" class=\"aligncenter wp-image-7604 size-full\" src=\"https:\/\/www.sportshine.eu\/wp-content\/uploads\/2025\/07\/Gaciron-Kiwi-800-kolesarska-luc-2.webp\" alt=\"\" width=\"790\" height=\"893\" srcset=\"https:\/\/www.sportshine.eu\/wp-content\/uploads\/2025\/07\/Gaciron-Kiwi-800-kolesarska-luc-2.webp 790w, https:\/\/www.sportshine.eu\/wp-content\/uploads\/2025\/07\/Gaciron-Kiwi-800-kolesarska-luc-2-768x868.webp 768w, https:\/\/www.sportshine.eu\/wp-content\/uploads\/2025\/07\/Gaciron-Kiwi-800-kolesarska-luc-2-600x678.webp 600w\" sizes=\"(max-width: 790px) 100vw, 790px\" \/><\/p>\n<h3 style=\"text-align: center;\">100 LUMEN F\u00c9NYER\u0150 BE\u00c9P\u00cdTETT F\u00c9K\u00c9RZ\u00c9KEL\u0150VEL \u00c9S M\u00c1GNESES R\u00d6GZ\u00cdT\u0150VEL<\/h3>\n<p><img decoding=\"async\" class=\"aligncenter wp-image-7591 size-full\" src=\"https:\/\/www.sportshine.eu\/wp-content\/uploads\/2025\/07\/Gaciron-W15A-100-6.webp\" alt=\"\" width=\"800\" height=\"600\" srcset=\"https:\/\/www.sportshine.eu\/wp-content\/uploads\/2025\/07\/Gaciron-W15A-100-6.webp 800w, https:\/\/www.sportshine.eu\/wp-content\/uploads\/2025\/07\/Gaciron-W15A-100-6-768x576.webp 768w, https:\/\/www.sportshine.eu\/wp-content\/uploads\/2025\/07\/Gaciron-W15A-100-6-600x450.webp 600w\" sizes=\"(max-width: 800px) 100vw, 800px\" \/><\/p>\n<h3 style=\"text-align: center;\">A F\u00c9KEZ\u00c9S\u00c9RZ\u00c9KEL\u0150 HIHETETLEN PONTOSS\u00c1GGAL M\u0170K\u00d6DIK<\/h3>\n<p style=\"text-align: center;\">Amikor a l\u00e1mpa f\u00e9kez\u00e9st \u00e9rz\u00e9kel, egy 100 lumen f\u00e9nyerej\u0171 figyelmeztet\u0151 l\u00e1mpa 3 m\u00e1sodpercig vil\u00e1g\u00edt. Mag\u00e1n a bekapcsol\u00f3gombon a 3 m\u00e1sodperces hossz\u00fa lenyom\u00e1s be- vagy kikapcsolja a f\u00e9kez\u00e9si funkci\u00f3t.<\/p>\n<p><img decoding=\"async\" class=\"aligncenter wp-image-7585 size-full\" src=\"https:\/\/www.sportshine.eu\/wp-content\/uploads\/2025\/07\/Gaciron-W15A-100-1.webp\" alt=\"\" width=\"800\" height=\"600\" srcset=\"https:\/\/www.sportshine.eu\/wp-content\/uploads\/2025\/07\/Gaciron-W15A-100-1.webp 800w, https:\/\/www.sportshine.eu\/wp-content\/uploads\/2025\/07\/Gaciron-W15A-100-1-768x576.webp 768w, https:\/\/www.sportshine.eu\/wp-content\/uploads\/2025\/07\/Gaciron-W15A-100-1-600x450.webp 600w\" sizes=\"(max-width: 800px) 100vw, 800px\" \/><\/p>\n<h3 style=\"text-align: center;\">A GACIRON W15A-100 KER\u00c9KP\u00c1ROS L\u00c1MPA VIDE\u00d3BEMUTAT\u00d3JA<\/h3>\n<p><iframe loading=\"lazy\" title=\"GACIRON W15A-100\" width=\"500\" height=\"281\" src=\"https:\/\/www.youtube.com\/embed\/YEcB6oaU11Y?feature=oembed\" frameborder=\"0\" allow=\"accelerometer; autoplay; clipboard-write; encrypted-media; gyroscope; picture-in-picture; web-share\" referrerpolicy=\"strict-origin-when-cross-origin\" allowfullscreen><\/iframe><\/p>\n<h3 style=\"text-align: center;\">A MOTOROS L\u00c1MPA INNOVAT\u00cdV M\u00c1GNESES R\u00d6GZ\u00cdT\u00c9SE<\/h3>\n<p style=\"text-align: center;\">A m\u00e1gneses tart\u00f3nak k\u00f6sz\u00f6nhet\u0151en a h\u00e1ts\u00f3 l\u00e1mpa fel- \u00e9s leszerel\u00e9se nagyon gyors. A m\u00e1gneses tart\u00f3 r\u00f6gz\u00edti a l\u00e1mp\u00e1t a tart\u00f3hoz, \u00e9s biztos\u00edtja a biztons\u00e1gos \u00e9s szil\u00e1rd r\u00f6gz\u00edt\u00e9st.<\/p>\n<p><img decoding=\"async\" class=\"aligncenter wp-image-7588 size-full\" src=\"https:\/\/www.sportshine.eu\/wp-content\/uploads\/2025\/07\/Gaciron-W15A-100-3.webp\" alt=\"\" width=\"800\" height=\"600\" srcset=\"https:\/\/www.sportshine.eu\/wp-content\/uploads\/2025\/07\/Gaciron-W15A-100-3.webp 800w, https:\/\/www.sportshine.eu\/wp-content\/uploads\/2025\/07\/Gaciron-W15A-100-3-768x576.webp 768w, https:\/\/www.sportshine.eu\/wp-content\/uploads\/2025\/07\/Gaciron-W15A-100-3-600x450.webp 600w\" sizes=\"(max-width: 800px) 100vw, 800px\" \/><\/p>","protected":false},"excerpt":{"rendered":"<p>A csomag k\u00e9t min\u0151s\u00e9gi l\u00e1mp\u00e1t tartalmaz, az els\u0151 Gaciron KIWI-800-at \u00e9s a h\u00e1ts\u00f3 Gaciron W15A-t. Alkalmasak a mindennapi ker\u00e9kp\u00e1roz\u00e1shoz. Mindk\u00e9t l\u00e1mpa tart\u00f3s alum\u00edniumb\u00f3l k\u00e9sz\u00fclt \u00e9s IPX6 v\u00edz\u00e1ll\u00f3s\u00e1gi szabv\u00e1nynak felel meg. Minden megb\u00edzhat\u00f3 vil\u00e1g\u00edt\u00e1sra szorul\u00f3 ker\u00e9kp\u00e1rosnak aj\u00e1nljuk \u0151ket.<\/p>","protected":false},"featured_media":5105,"comment_status":"open","ping_status":"closed","template":"","meta":[],"product_brand":[132],"product_cat":[93],"product_tag":[],"class_list":{"0":"post-6332","1":"product","2":"type-product","3":"status-publish","4":"has-post-thumbnail","6":"product_brand-gaciron","7":"product_cat-kolesarske-svetilke-paketi","9":"first","10":"instock","11":"sale","12":"taxable","13":"shipping-taxable","14":"purchasable","15":"product-type-simple"},"yoast_head":"<!-- This site is optimized with the Yoast SEO plugin v27.3 - https:\/\/yoast.com\/product\/yoast-seo-wordpress\/ -->\n<title>Paket kolesarskih lu\u010di KOLESAR<\/title>\n<meta name=\"description\" content=\"Paket kolesarskih lu\u010di KOLESAR - v paketu prejmete odli\u010dne lu\u010di za bolj\u0161o vidnost na cesti. Priporo\u010damo za kolesarje, ki potrebujete zanesljivo osvetlitev.\" \/>\n<meta name=\"robots\" content=\"index, follow, max-snippet:-1, max-image-preview:large, max-video-preview:-1\" \/>\n<link rel=\"canonical\" href=\"https:\/\/www.sportshine.eu\/hu\/uzlet\/kerekparlampak-csomagja-kerekparos\/\" \/>\n<meta property=\"og:locale\" content=\"hu_HU\" \/>\n<meta property=\"og:type\" content=\"article\" \/>\n<meta property=\"og:title\" content=\"Paket kolesarskih lu\u010di KOLESAR\" \/>\n<meta property=\"og:description\" content=\"Paket kolesarskih lu\u010di KOLESAR - v paketu prejmete odli\u010dne lu\u010di za bolj\u0161o vidnost na cesti. Priporo\u010damo za kolesarje, ki potrebujete zanesljivo osvetlitev.\" \/>\n<meta property=\"og:url\" content=\"https:\/\/www.sportshine.eu\/hu\/uzlet\/kerekparlampak-csomagja-kerekparos\/\" \/>\n<meta property=\"og:site_name\" content=\"Sportshine\" \/>\n<meta property=\"article:publisher\" content=\"https:\/\/www.facebook.com\/sportshine.eu\/\" \/>\n<meta property=\"article:modified_time\" content=\"2026-04-17T19:32:27+00:00\" \/>\n<meta property=\"og:image\" content=\"https:\/\/www.sportshine.eu\/wp-content\/uploads\/2025\/07\/Paket-kolesar.webp\" \/>\n\t<meta property=\"og:image:width\" content=\"800\" \/>\n\t<meta property=\"og:image:height\" content=\"800\" \/>\n\t<meta property=\"og:image:type\" content=\"image\/webp\" \/>\n<meta name=\"twitter:card\" content=\"summary_large_image\" \/>\n<meta name=\"twitter:label1\" content=\"Becs\u00fclt olvas\u00e1si id\u0151\" \/>\n\t<meta name=\"twitter:data1\" content=\"4 perc\" \/>\n<script type=\"application\/ld+json\" class=\"yoast-schema-graph\">{\"@context\":\"https:\\\/\\\/schema.org\",\"@graph\":[{\"@type\":\"WebPage\",\"@id\":\"https:\\\/\\\/www.sportshine.eu\\\/trgovina\\\/paket-kolesarskih-luci-kolesar\\\/\",\"url\":\"https:\\\/\\\/www.sportshine.eu\\\/trgovina\\\/paket-kolesarskih-luci-kolesar\\\/\",\"name\":\"Paket kolesarskih lu\u010di KOLESAR\",\"isPartOf\":{\"@id\":\"https:\\\/\\\/www.sportshine.eu\\\/#website\"},\"primaryImageOfPage\":{\"@id\":\"https:\\\/\\\/www.sportshine.eu\\\/trgovina\\\/paket-kolesarskih-luci-kolesar\\\/#primaryimage\"},\"image\":{\"@id\":\"https:\\\/\\\/www.sportshine.eu\\\/trgovina\\\/paket-kolesarskih-luci-kolesar\\\/#primaryimage\"},\"thumbnailUrl\":\"https:\\\/\\\/www.sportshine.eu\\\/wp-content\\\/uploads\\\/2025\\\/07\\\/Paket-kolesar.webp\",\"datePublished\":\"2026-04-09T21:09:27+00:00\",\"dateModified\":\"2026-04-17T19:32:27+00:00\",\"description\":\"Paket kolesarskih lu\u010di KOLESAR - v paketu prejmete odli\u010dne lu\u010di za bolj\u0161o vidnost na cesti. Priporo\u010damo za kolesarje, ki potrebujete zanesljivo osvetlitev.\",\"breadcrumb\":{\"@id\":\"https:\\\/\\\/www.sportshine.eu\\\/trgovina\\\/paket-kolesarskih-luci-kolesar\\\/#breadcrumb\"},\"inLanguage\":\"hu\",\"potentialAction\":[{\"@type\":\"ReadAction\",\"target\":[\"https:\\\/\\\/www.sportshine.eu\\\/trgovina\\\/paket-kolesarskih-luci-kolesar\\\/\"]}]},{\"@type\":\"ImageObject\",\"inLanguage\":\"hu\",\"@id\":\"https:\\\/\\\/www.sportshine.eu\\\/trgovina\\\/paket-kolesarskih-luci-kolesar\\\/#primaryimage\",\"url\":\"https:\\\/\\\/www.sportshine.eu\\\/wp-content\\\/uploads\\\/2025\\\/07\\\/Paket-kolesar.webp\",\"contentUrl\":\"https:\\\/\\\/www.sportshine.eu\\\/wp-content\\\/uploads\\\/2025\\\/07\\\/Paket-kolesar.webp\",\"width\":800,\"height\":800},{\"@type\":\"BreadcrumbList\",\"@id\":\"https:\\\/\\\/www.sportshine.eu\\\/trgovina\\\/paket-kolesarskih-luci-kolesar\\\/#breadcrumb\",\"itemListElement\":[{\"@type\":\"ListItem\",\"position\":1,\"name\":\"Home\",\"item\":\"https:\\\/\\\/www.sportshine.eu\\\/\"},{\"@type\":\"ListItem\",\"position\":2,\"name\":\"Trgovina\",\"item\":\"https:\\\/\\\/www.sportshine.eu\\\/trgovina\\\/\"},{\"@type\":\"ListItem\",\"position\":3,\"name\":\"Paket kolesarskih lu\u010di &#8211; KOLESAR\"}]},{\"@type\":\"WebSite\",\"@id\":\"https:\\\/\\\/www.sportshine.eu\\\/#website\",\"url\":\"https:\\\/\\\/www.sportshine.eu\\\/\",\"name\":\"Sportshine\",\"description\":\"Top spletna trgovina kolesarskih in naglavnih svetilk ter opreme\",\"publisher\":{\"@id\":\"https:\\\/\\\/www.sportshine.eu\\\/#organization\"},\"potentialAction\":[{\"@type\":\"SearchAction\",\"target\":{\"@type\":\"EntryPoint\",\"urlTemplate\":\"https:\\\/\\\/www.sportshine.eu\\\/?s={search_term_string}\"},\"query-input\":{\"@type\":\"PropertyValueSpecification\",\"valueRequired\":true,\"valueName\":\"search_term_string\"}}],\"inLanguage\":\"hu\"},{\"@type\":\"Organization\",\"@id\":\"https:\\\/\\\/www.sportshine.eu\\\/#organization\",\"name\":\"Sportshine\",\"url\":\"https:\\\/\\\/www.sportshine.eu\\\/\",\"logo\":{\"@type\":\"ImageObject\",\"inLanguage\":\"hu\",\"@id\":\"https:\\\/\\\/www.sportshine.eu\\\/#\\\/schema\\\/logo\\\/image\\\/\",\"url\":\"https:\\\/\\\/www.sportshine.eu\\\/wp-content\\\/uploads\\\/2026\\\/01\\\/cropped-Sportshine.webp\",\"contentUrl\":\"https:\\\/\\\/www.sportshine.eu\\\/wp-content\\\/uploads\\\/2026\\\/01\\\/cropped-Sportshine.webp\",\"width\":295,\"height\":128,\"caption\":\"Sportshine\"},\"image\":{\"@id\":\"https:\\\/\\\/www.sportshine.eu\\\/#\\\/schema\\\/logo\\\/image\\\/\"},\"sameAs\":[\"https:\\\/\\\/www.facebook.com\\\/sportshine.eu\\\/\"]}]}<\/script>\n<!-- \/ Yoast SEO plugin. -->","yoast_head_json":{"title":"Ker\u00e9kp\u00e1rvil\u00e1g\u00edt\u00e1s csomag BICYCLER","description":"KOLESAR ker\u00e9kp\u00e1rl\u00e1mpa csomag - a csomag kiv\u00e1l\u00f3 l\u00e1mp\u00e1kat tartalmaz a jobb l\u00e1that\u00f3s\u00e1g \u00e9rdek\u00e9ben az \u00faton. Megb\u00edzhat\u00f3 vil\u00e1g\u00edt\u00e1sra szorul\u00f3 ker\u00e9kp\u00e1rosoknak aj\u00e1nlott.","robots":{"index":"index","follow":"follow","max-snippet":"max-snippet:-1","max-image-preview":"max-image-preview:large","max-video-preview":"max-video-preview:-1"},"canonical":"https:\/\/www.sportshine.eu\/hu\/uzlet\/kerekparlampak-csomagja-kerekparos\/","og_locale":"hu_HU","og_type":"article","og_title":"Paket kolesarskih lu\u010di KOLESAR","og_description":"Paket kolesarskih lu\u010di KOLESAR - v paketu prejmete odli\u010dne lu\u010di za bolj\u0161o vidnost na cesti. Priporo\u010damo za kolesarje, ki potrebujete zanesljivo osvetlitev.","og_url":"https:\/\/www.sportshine.eu\/hu\/uzlet\/kerekparlampak-csomagja-kerekparos\/","og_site_name":"Sportshine","article_publisher":"https:\/\/www.facebook.com\/sportshine.eu\/","article_modified_time":"2026-04-17T19:32:27+00:00","og_image":[{"width":800,"height":800,"url":"https:\/\/www.sportshine.eu\/wp-content\/uploads\/2025\/07\/Paket-kolesar.webp","type":"image\/webp"}],"twitter_card":"summary_large_image","twitter_misc":{"Becs\u00fclt olvas\u00e1si id\u0151":"4 perc"},"schema":{"@context":"https:\/\/schema.org","@graph":[{"@type":"WebPage","@id":"https:\/\/www.sportshine.eu\/trgovina\/paket-kolesarskih-luci-kolesar\/","url":"https:\/\/www.sportshine.eu\/trgovina\/paket-kolesarskih-luci-kolesar\/","name":"Ker\u00e9kp\u00e1rvil\u00e1g\u00edt\u00e1s csomag BICYCLER","isPartOf":{"@id":"https:\/\/www.sportshine.eu\/#website"},"primaryImageOfPage":{"@id":"https:\/\/www.sportshine.eu\/trgovina\/paket-kolesarskih-luci-kolesar\/#primaryimage"},"image":{"@id":"https:\/\/www.sportshine.eu\/trgovina\/paket-kolesarskih-luci-kolesar\/#primaryimage"},"thumbnailUrl":"https:\/\/www.sportshine.eu\/wp-content\/uploads\/2025\/07\/Paket-kolesar.webp","datePublished":"2026-04-09T21:09:27+00:00","dateModified":"2026-04-17T19:32:27+00:00","description":"KOLESAR ker\u00e9kp\u00e1rl\u00e1mpa csomag - a csomag kiv\u00e1l\u00f3 l\u00e1mp\u00e1kat tartalmaz a jobb l\u00e1that\u00f3s\u00e1g \u00e9rdek\u00e9ben az \u00faton. Megb\u00edzhat\u00f3 vil\u00e1g\u00edt\u00e1sra szorul\u00f3 ker\u00e9kp\u00e1rosoknak aj\u00e1nlott.","breadcrumb":{"@id":"https:\/\/www.sportshine.eu\/trgovina\/paket-kolesarskih-luci-kolesar\/#breadcrumb"},"inLanguage":"hu","potentialAction":[{"@type":"ReadAction","target":["https:\/\/www.sportshine.eu\/trgovina\/paket-kolesarskih-luci-kolesar\/"]}]},{"@type":"ImageObject","inLanguage":"hu","@id":"https:\/\/www.sportshine.eu\/trgovina\/paket-kolesarskih-luci-kolesar\/#primaryimage","url":"https:\/\/www.sportshine.eu\/wp-content\/uploads\/2025\/07\/Paket-kolesar.webp","contentUrl":"https:\/\/www.sportshine.eu\/wp-content\/uploads\/2025\/07\/Paket-kolesar.webp","width":800,"height":800},{"@type":"BreadcrumbList","@id":"https:\/\/www.sportshine.eu\/trgovina\/paket-kolesarskih-luci-kolesar\/#breadcrumb","itemListElement":[{"@type":"ListItem","position":1,"name":"Home","item":"https:\/\/www.sportshine.eu\/"},{"@type":"ListItem","position":2,"name":"Trgovina","item":"https:\/\/www.sportshine.eu\/trgovina\/"},{"@type":"ListItem","position":3,"name":"Paket kolesarskih lu\u010di &#8211; KOLESAR"}]},{"@type":"WebSite","@id":"https:\/\/www.sportshine.eu\/#website","url":"https:\/\/www.sportshine.eu\/","name":"Sportshine","description":"Ker\u00e9kp\u00e1ros, fejl\u00e1mp\u00e1k \u00e9s felszerel\u00e9sek online \u00e1ruh\u00e1z\u00e1nak vezet\u0151 k\u00edn\u00e1lata","publisher":{"@id":"https:\/\/www.sportshine.eu\/#organization"},"potentialAction":[{"@type":"SearchAction","target":{"@type":"EntryPoint","urlTemplate":"https:\/\/www.sportshine.eu\/?s={search_term_string}"},"query-input":{"@type":"PropertyValueSpecification","valueRequired":true,"valueName":"search_term_string"}}],"inLanguage":"hu"},{"@type":"Organization","@id":"https:\/\/www.sportshine.eu\/#organization","name":"Sportshine","url":"https:\/\/www.sportshine.eu\/","logo":{"@type":"ImageObject","inLanguage":"hu","@id":"https:\/\/www.sportshine.eu\/#\/schema\/logo\/image\/","url":"https:\/\/www.sportshine.eu\/wp-content\/uploads\/2026\/01\/cropped-Sportshine.webp","contentUrl":"https:\/\/www.sportshine.eu\/wp-content\/uploads\/2026\/01\/cropped-Sportshine.webp","width":295,"height":128,"caption":"Sportshine"},"image":{"@id":"https:\/\/www.sportshine.eu\/#\/schema\/logo\/image\/"},"sameAs":["https:\/\/www.facebook.com\/sportshine.eu\/"]}]}},"_links":{"self":[{"href":"https:\/\/www.sportshine.eu\/hu\/wp-json\/wp\/v2\/product\/6332","targetHints":{"allow":["GET"]}}],"collection":[{"href":"https:\/\/www.sportshine.eu\/hu\/wp-json\/wp\/v2\/product"}],"about":[{"href":"https:\/\/www.sportshine.eu\/hu\/wp-json\/wp\/v2\/types\/product"}],"replies":[{"embeddable":true,"href":"https:\/\/www.sportshine.eu\/hu\/wp-json\/wp\/v2\/comments?post=6332"}],"version-history":[{"count":2,"href":"https:\/\/www.sportshine.eu\/hu\/wp-json\/wp\/v2\/product\/6332\/revisions"}],"predecessor-version":[{"id":10382,"href":"https:\/\/www.sportshine.eu\/hu\/wp-json\/wp\/v2\/product\/6332\/revisions\/10382"}],"wp:featuredmedia":[{"embeddable":true,"href":"https:\/\/www.sportshine.eu\/hu\/wp-json\/wp\/v2\/media\/5105"}],"wp:attachment":[{"href":"https:\/\/www.sportshine.eu\/hu\/wp-json\/wp\/v2\/media?parent=6332"}],"wp:term":[{"taxonomy":"product_brand","embeddable":true,"href":"https:\/\/www.sportshine.eu\/hu\/wp-json\/wp\/v2\/product_brand?post=6332"},{"taxonomy":"product_cat","embeddable":true,"href":"https:\/\/www.sportshine.eu\/hu\/wp-json\/wp\/v2\/product_cat?post=6332"},{"taxonomy":"product_tag","embeddable":true,"href":"https:\/\/www.sportshine.eu\/hu\/wp-json\/wp\/v2\/product_tag?post=6332"}],"curies":[{"name":"wp","href":"https:\/\/api.w.org\/{rel}","templated":true}]}}