{"id":6328,"date":"2026-01-29T21:09:22","date_gmt":"2026-01-29T21:09:22","guid":{"rendered":"https:\/\/www.sportshine.eu\/?post_type=product&#038;p=6328"},"modified":"2026-03-06T12:25:45","modified_gmt":"2026-03-06T12:25:45","slug":"gaciron-raptor-3000-kerekparlampa","status":"publish","type":"product","link":"https:\/\/www.sportshine.eu\/hu\/uzlet\/gaciron-raptor-3000-kerekparlampa\/","title":{"rendered":"Gaciron Raptor 3000 ker\u00e9kp\u00e1rl\u00e1mpa"},"content":{"rendered":"<h3 style=\"text-align: center;\">NAGY F\u00c9NYER\u0150 3000 LUMENNEL<\/h3>\n<p style=\"text-align: center;\">A Gaciron Raptor 3000 ker\u00e9kp\u00e1rl\u00e1mpa kiv\u00e9teles f\u00e9nyer\u0151t biztos\u00edt, \u00edgy ide\u00e1lis hegyi ker\u00e9kp\u00e1roz\u00e1shoz \u00e9s erdei ker\u00e9kp\u00e1roz\u00e1shoz. H\u00e1rom be\u00e9p\u00edtett LED-l\u00e1mp\u00e1val rendelkezik a neves Luminos m\u00e1rk\u00e1t\u00f3l.<\/p>\n<p><img decoding=\"async\" class=\"aligncenter wp-image-7635 size-full\" src=\"https:\/\/www.sportshine.eu\/wp-content\/uploads\/2025\/07\/Gaciron-Raptor-3000.webp\" alt=\"\" width=\"800\" height=\"600\" srcset=\"https:\/\/www.sportshine.eu\/wp-content\/uploads\/2025\/07\/Gaciron-Raptor-3000.webp 800w, https:\/\/www.sportshine.eu\/wp-content\/uploads\/2025\/07\/Gaciron-Raptor-3000-768x576.webp 768w, https:\/\/www.sportshine.eu\/wp-content\/uploads\/2025\/07\/Gaciron-Raptor-3000-600x450.webp 600w\" sizes=\"(max-width: 800px) 100vw, 800px\" \/><\/p>\n<h3 style=\"text-align: center;\">F\u00c9NYER\u0150 \u00d6SSZEHASONL\u00cdT\u00c1SA<\/h3>\n<p><img decoding=\"async\" class=\"aligncenter wp-image-7636 size-full\" src=\"https:\/\/www.sportshine.eu\/wp-content\/uploads\/2025\/07\/Gaciron-Raptor-3000-1.webp\" alt=\"\" width=\"800\" height=\"453\" srcset=\"https:\/\/www.sportshine.eu\/wp-content\/uploads\/2025\/07\/Gaciron-Raptor-3000-1.webp 800w, https:\/\/www.sportshine.eu\/wp-content\/uploads\/2025\/07\/Gaciron-Raptor-3000-1-768x435.webp 768w, https:\/\/www.sportshine.eu\/wp-content\/uploads\/2025\/07\/Gaciron-Raptor-3000-1-600x340.webp 600w\" sizes=\"(max-width: 800px) 100vw, 800px\" \/><\/p>\n<h3 style=\"text-align: center;\">LEHETS\u00c9GES TELEP\u00cdT\u00c9S A KORM\u00c1NYRA VAGY A PULT AL\u00c1<\/h3>\n<p style=\"text-align: center;\">A ker\u00e9kp\u00e1rl\u00e1mpa k\u00f6nnyen felszerelhet\u0151 a mell\u00e9kelt konzolra. Ha a ker\u00e9kp\u00e1rkomputer al\u00e1 szeretn\u00e9d helyezni a l\u00e1mp\u00e1t, a mell\u00e9kelt adapterrel (Gopro) felszerelheted a sz\u00e1m\u00edt\u00f3g\u00e9p tart\u00f3j\u00e1ra.<\/p>\n<p style=\"text-align: center;\">(** A m\u00e9r\u0151\u00f3ra tart\u00f3ja nem r\u00e9sze a csomagnak)<\/p>\n<p><img decoding=\"async\" class=\"aligncenter wp-image-7637\" src=\"https:\/\/www.sportshine.eu\/wp-content\/uploads\/2025\/07\/Gaciron-Raptor-3000-2.webp\" alt=\"\" width=\"800\" height=\"495\" srcset=\"https:\/\/www.sportshine.eu\/wp-content\/uploads\/2025\/07\/Gaciron-Raptor-3000-2-768x475.webp 768w, https:\/\/www.sportshine.eu\/wp-content\/uploads\/2025\/07\/Gaciron-Raptor-3000-2-600x371.webp 600w\" sizes=\"(max-width: 800px) 100vw, 800px\" \/><\/p>\n<h3 style=\"text-align: center;\">V\u00cdZ\u00c1LL\u00d3 AZ IPX6 SZABV\u00c1NY SZERINT<\/h3>\n<p style=\"text-align: center;\">V\u00edz\u00e1ll\u00f3s\u00e1g\u00e1nak k\u00f6sz\u00f6nhet\u0151en es\u0151s id\u0151ben is gond n\u00e9lk\u00fcl haszn\u00e1lhatod a zsebl\u00e1mp\u00e1t.<\/p>\n<p><img decoding=\"async\" class=\"aligncenter wp-image-7638 size-full\" src=\"https:\/\/www.sportshine.eu\/wp-content\/uploads\/2025\/07\/Gaciron-Raptor-3000-3.webp\" alt=\"\" width=\"800\" height=\"600\" srcset=\"https:\/\/www.sportshine.eu\/wp-content\/uploads\/2025\/07\/Gaciron-Raptor-3000-3.webp 800w, https:\/\/www.sportshine.eu\/wp-content\/uploads\/2025\/07\/Gaciron-Raptor-3000-3-768x576.webp 768w, https:\/\/www.sportshine.eu\/wp-content\/uploads\/2025\/07\/Gaciron-Raptor-3000-3-600x450.webp 600w\" sizes=\"(max-width: 800px) 100vw, 800px\" \/><\/p>\n<h3 style=\"text-align: center;\">AKKUMUL\u00c1TOR \u00daJRAT\u00d6LTHET\u0150 FUNKCI\u00d3<\/h3>\n<p style=\"text-align: center;\">A l\u00e1mpa be\u00e9p\u00edtett 10 000 mAh-s akkumul\u00e1torral rendelkezik, amellyel telefonj\u00e1t, m\u00e9r\u0151j\u00e9t vagy m\u00e1s elektronikus eszk\u00f6z\u00e9t t\u00f6ltheti.<\/p>\n<p><img decoding=\"async\" class=\"aligncenter wp-image-7639 size-full\" src=\"https:\/\/www.sportshine.eu\/wp-content\/uploads\/2025\/07\/Gaciron-Raptor-3000-4.webp\" alt=\"\" width=\"800\" height=\"453\" srcset=\"https:\/\/www.sportshine.eu\/wp-content\/uploads\/2025\/07\/Gaciron-Raptor-3000-4.webp 800w, https:\/\/www.sportshine.eu\/wp-content\/uploads\/2025\/07\/Gaciron-Raptor-3000-4-768x435.webp 768w, https:\/\/www.sportshine.eu\/wp-content\/uploads\/2025\/07\/Gaciron-Raptor-3000-4-600x340.webp 600w\" sizes=\"(max-width: 800px) 100vw, 800px\" \/><\/p>\n<h3 style=\"text-align: center;\">VIDE\u00d3 BEMUTAT\u00d3 GACIRON RAPTOR 3000<\/h3>\n<p><iframe loading=\"lazy\" title=\"Gaciron Raptor 3000\" width=\"500\" height=\"281\" src=\"https:\/\/www.youtube.com\/embed\/zXWPq8BUDjw?feature=oembed\" frameborder=\"0\" allow=\"accelerometer; autoplay; clipboard-write; encrypted-media; gyroscope; picture-in-picture; web-share\" referrerpolicy=\"strict-origin-when-cross-origin\" allowfullscreen><\/iframe><\/p>\n<h3 style=\"text-align: center;\">VEZET\u00c9K N\u00c9LK\u00dcLI T\u00c1VIR\u00c1NY\u00cdT\u00d3<\/h3>\n<p style=\"text-align: center;\">Ez egy vezet\u00e9k n\u00e9lk\u00fcli t\u00e1vir\u00e1ny\u00edt\u00f3 vil\u00e1g\u00edt\u00f3 kialak\u00edt\u00e1ssal. Nappal elegend\u0151 napf\u00e9nyt nyel el, \u00e9jszaka pedig z\u00f6ld f\u00e9nyt bocs\u00e1t ki. \u00c9jszakai ker\u00e9kp\u00e1roz\u00e1s k\u00f6zben k\u00f6nnyen megtal\u00e1lhatod a gombok hely\u00e9t a t\u00e1vir\u00e1ny\u00edt\u00f3n. V\u00e9szhelyzet eset\u00e9n gyorsan reag\u00e1lhatsz, bekapcsolhatod \u00e9s be\u00e1ll\u00edthatod a l\u00e1mp\u00e1t a ker\u00e9kp\u00e1roz\u00e1s k\u00f6zbeni biztons\u00e1g \u00e9rdek\u00e9ben.<\/p>\n<p style=\"text-align: center;\">Hossz\u00fa \u00e9lettartam\u00fa akkumul\u00e1torral rendelkezik, amelynek \u00e9lettartama t\u00f6bb mint 8000 lenyom\u00e1s.<\/p>\n<p><img decoding=\"async\" class=\"aligncenter wp-image-7628 size-full\" src=\"https:\/\/www.sportshine.eu\/wp-content\/uploads\/2025\/07\/Kolesarska-luc-Gaciron-Raptor-1800-4.webp\" alt=\"\" width=\"800\" height=\"453\" srcset=\"https:\/\/www.sportshine.eu\/wp-content\/uploads\/2025\/07\/Kolesarska-luc-Gaciron-Raptor-1800-4.webp 800w, https:\/\/www.sportshine.eu\/wp-content\/uploads\/2025\/07\/Kolesarska-luc-Gaciron-Raptor-1800-4-768x435.webp 768w, https:\/\/www.sportshine.eu\/wp-content\/uploads\/2025\/07\/Kolesarska-luc-Gaciron-Raptor-1800-4-600x340.webp 600w\" sizes=\"(max-width: 800px) 100vw, 800px\" \/><\/p>\n<h3 style=\"text-align: center;\">A CIKLA L\u00c1MPA CSOMAGBAN A K\u00d6VETKEZ\u0150KET KAPJA:<\/h3>\n<p style=\"text-align: center;\">Gaciron Raptor 3000 zsebl\u00e1mpa<br \/>\nKer\u00e9kp\u00e1rsz\u00e1ll\u00edt\u00f3<br \/>\nL\u00e1mpa\u00f6sszeszerel\u0151 szersz\u00e1m<br \/>\nUSB C t\u00f6lt\u0151k\u00e1bel<br \/>\nF\u00e9nyvez\u00e9rl\u0151 adapter \u00e9s GoPro adapter<\/p>\n<p><img decoding=\"async\" class=\"aligncenter wp-image-7631 size-full\" src=\"https:\/\/www.sportshine.eu\/wp-content\/uploads\/2025\/07\/Kolesarska-luc-Gaciron-Raptor-1800-7.webp\" alt=\"\" width=\"800\" height=\"600\" srcset=\"https:\/\/www.sportshine.eu\/wp-content\/uploads\/2025\/07\/Kolesarska-luc-Gaciron-Raptor-1800-7.webp 800w, https:\/\/www.sportshine.eu\/wp-content\/uploads\/2025\/07\/Kolesarska-luc-Gaciron-Raptor-1800-7-768x576.webp 768w, https:\/\/www.sportshine.eu\/wp-content\/uploads\/2025\/07\/Kolesarska-luc-Gaciron-Raptor-1800-7-600x450.webp 600w\" sizes=\"(max-width: 800px) 100vw, 800px\" \/><\/p>","protected":false},"excerpt":{"rendered":"<p>A Gaciron pr\u00e9mium kateg\u00f3ri\u00e1s Raptor 3000 ker\u00e9kp\u00e1rl\u00e1mp\u00e1ja az egyik leger\u0151sebb l\u00e1mpa a piacon, 3000 lumen t\u00e9nyleges f\u00e9nyer\u0151vel, t\u00e1vols\u00e1gi \u00e9s tomp\u00edtott f\u00e9nysz\u00f3r\u00f3kkal, egy 10 000 mAh kapacit\u00e1s\u00fa, USB-C-n kereszt\u00fcl t\u00f6lthet\u0151 integr\u00e1lt akkumul\u00e1torral, s\u0151t, nagy teljes\u00edtm\u00e9ny\u0171 hordozhat\u00f3 akkumul\u00e1tor funkci\u00f3val is b\u00fcszk\u00e9lkedhet.<\/p>","protected":false},"featured_media":5179,"comment_status":"open","ping_status":"closed","template":"","meta":[],"product_brand":[132],"product_cat":[82,150],"product_tag":[],"class_list":{"0":"post-6328","1":"product","2":"type-product","3":"status-publish","4":"has-post-thumbnail","6":"product_brand-gaciron","7":"product_cat-kolesarske-luci","8":"product_cat-sprednje-kolesarske-luci","10":"first","11":"instock","12":"sale","13":"taxable","14":"shipping-taxable","15":"purchasable","16":"product-type-simple"},"yoast_head":"<!-- This site is optimized with the Yoast SEO plugin v27.4 - https:\/\/yoast.com\/product\/yoast-seo-wordpress\/ -->\n<title>Kolesarska lu\u010d Gaciron Raptor 3000<\/title>\n<meta name=\"description\" content=\"Kolesarska lu\u010d Gaciron Raptor 3000 z neverjetno mo\u010djo 3000 lumnov. Za svojo mo\u010d uporablja 10.000 mAh litij-ionsko baterijo. Vodoodporna po standardu IPX6.\" \/>\n<meta name=\"robots\" content=\"index, follow, max-snippet:-1, max-image-preview:large, max-video-preview:-1\" \/>\n<link rel=\"canonical\" href=\"https:\/\/www.sportshine.eu\/hu\/uzlet\/gaciron-raptor-3000-kerekparlampa\/\" \/>\n<meta property=\"og:locale\" content=\"hu_HU\" \/>\n<meta property=\"og:type\" content=\"article\" \/>\n<meta property=\"og:title\" content=\"Kolesarska lu\u010d Gaciron Raptor 3000\" \/>\n<meta property=\"og:description\" content=\"Kolesarska lu\u010d Gaciron Raptor 3000 z neverjetno mo\u010djo 3000 lumnov. Za svojo mo\u010d uporablja 10.000 mAh litij-ionsko baterijo. Vodoodporna po standardu IPX6.\" \/>\n<meta property=\"og:url\" content=\"https:\/\/www.sportshine.eu\/hu\/uzlet\/gaciron-raptor-3000-kerekparlampa\/\" \/>\n<meta property=\"og:site_name\" content=\"Sportshine\" \/>\n<meta property=\"article:publisher\" content=\"https:\/\/www.facebook.com\/sportshine.eu\/\" \/>\n<meta property=\"article:modified_time\" content=\"2026-03-06T12:25:45+00:00\" \/>\n<meta property=\"og:image\" content=\"https:\/\/www.sportshine.eu\/wp-content\/uploads\/2025\/07\/Kolesarska-luc-Gaciron-Raptor-3000.webp\" \/>\n\t<meta property=\"og:image:width\" content=\"800\" \/>\n\t<meta property=\"og:image:height\" content=\"800\" \/>\n\t<meta property=\"og:image:type\" content=\"image\/webp\" \/>\n<meta name=\"twitter:card\" content=\"summary_large_image\" \/>\n<meta name=\"twitter:label1\" content=\"Becs\u00fclt olvas\u00e1si id\u0151\" \/>\n\t<meta name=\"twitter:data1\" content=\"3 perc\" \/>\n<script type=\"application\/ld+json\" class=\"yoast-schema-graph\">{\"@context\":\"https:\\\/\\\/schema.org\",\"@graph\":[{\"@type\":\"WebPage\",\"@id\":\"https:\\\/\\\/www.sportshine.eu\\\/trgovina\\\/kolesarska-luc-gaciron-raptor-3000\\\/\",\"url\":\"https:\\\/\\\/www.sportshine.eu\\\/trgovina\\\/kolesarska-luc-gaciron-raptor-3000\\\/\",\"name\":\"Kolesarska lu\u010d Gaciron Raptor 3000\",\"isPartOf\":{\"@id\":\"https:\\\/\\\/www.sportshine.eu\\\/#website\"},\"primaryImageOfPage\":{\"@id\":\"https:\\\/\\\/www.sportshine.eu\\\/trgovina\\\/kolesarska-luc-gaciron-raptor-3000\\\/#primaryimage\"},\"image\":{\"@id\":\"https:\\\/\\\/www.sportshine.eu\\\/trgovina\\\/kolesarska-luc-gaciron-raptor-3000\\\/#primaryimage\"},\"thumbnailUrl\":\"https:\\\/\\\/www.sportshine.eu\\\/wp-content\\\/uploads\\\/2025\\\/07\\\/Kolesarska-luc-Gaciron-Raptor-3000.webp\",\"datePublished\":\"2026-01-29T21:09:22+00:00\",\"dateModified\":\"2026-03-06T12:25:45+00:00\",\"description\":\"Kolesarska lu\u010d Gaciron Raptor 3000 z neverjetno mo\u010djo 3000 lumnov. Za svojo mo\u010d uporablja 10.000 mAh litij-ionsko baterijo. Vodoodporna po standardu IPX6.\",\"breadcrumb\":{\"@id\":\"https:\\\/\\\/www.sportshine.eu\\\/trgovina\\\/kolesarska-luc-gaciron-raptor-3000\\\/#breadcrumb\"},\"inLanguage\":\"hu\",\"potentialAction\":[{\"@type\":\"ReadAction\",\"target\":[\"https:\\\/\\\/www.sportshine.eu\\\/trgovina\\\/kolesarska-luc-gaciron-raptor-3000\\\/\"]}]},{\"@type\":\"ImageObject\",\"inLanguage\":\"hu\",\"@id\":\"https:\\\/\\\/www.sportshine.eu\\\/trgovina\\\/kolesarska-luc-gaciron-raptor-3000\\\/#primaryimage\",\"url\":\"https:\\\/\\\/www.sportshine.eu\\\/wp-content\\\/uploads\\\/2025\\\/07\\\/Kolesarska-luc-Gaciron-Raptor-3000.webp\",\"contentUrl\":\"https:\\\/\\\/www.sportshine.eu\\\/wp-content\\\/uploads\\\/2025\\\/07\\\/Kolesarska-luc-Gaciron-Raptor-3000.webp\",\"width\":800,\"height\":800},{\"@type\":\"BreadcrumbList\",\"@id\":\"https:\\\/\\\/www.sportshine.eu\\\/trgovina\\\/kolesarska-luc-gaciron-raptor-3000\\\/#breadcrumb\",\"itemListElement\":[{\"@type\":\"ListItem\",\"position\":1,\"name\":\"Home\",\"item\":\"https:\\\/\\\/www.sportshine.eu\\\/\"},{\"@type\":\"ListItem\",\"position\":2,\"name\":\"Trgovina\",\"item\":\"https:\\\/\\\/www.sportshine.eu\\\/trgovina\\\/\"},{\"@type\":\"ListItem\",\"position\":3,\"name\":\"Kolesarska lu\u010d Gaciron Raptor 3000\"}]},{\"@type\":\"WebSite\",\"@id\":\"https:\\\/\\\/www.sportshine.eu\\\/#website\",\"url\":\"https:\\\/\\\/www.sportshine.eu\\\/\",\"name\":\"Sportshine\",\"description\":\"Top spletna trgovina kolesarskih in naglavnih svetilk ter opreme\",\"publisher\":{\"@id\":\"https:\\\/\\\/www.sportshine.eu\\\/#organization\"},\"potentialAction\":[{\"@type\":\"SearchAction\",\"target\":{\"@type\":\"EntryPoint\",\"urlTemplate\":\"https:\\\/\\\/www.sportshine.eu\\\/?s={search_term_string}\"},\"query-input\":{\"@type\":\"PropertyValueSpecification\",\"valueRequired\":true,\"valueName\":\"search_term_string\"}}],\"inLanguage\":\"hu\"},{\"@type\":\"Organization\",\"@id\":\"https:\\\/\\\/www.sportshine.eu\\\/#organization\",\"name\":\"Sportshine\",\"url\":\"https:\\\/\\\/www.sportshine.eu\\\/\",\"logo\":{\"@type\":\"ImageObject\",\"inLanguage\":\"hu\",\"@id\":\"https:\\\/\\\/www.sportshine.eu\\\/#\\\/schema\\\/logo\\\/image\\\/\",\"url\":\"https:\\\/\\\/www.sportshine.eu\\\/wp-content\\\/uploads\\\/2026\\\/01\\\/cropped-Sportshine.webp\",\"contentUrl\":\"https:\\\/\\\/www.sportshine.eu\\\/wp-content\\\/uploads\\\/2026\\\/01\\\/cropped-Sportshine.webp\",\"width\":295,\"height\":128,\"caption\":\"Sportshine\"},\"image\":{\"@id\":\"https:\\\/\\\/www.sportshine.eu\\\/#\\\/schema\\\/logo\\\/image\\\/\"},\"sameAs\":[\"https:\\\/\\\/www.facebook.com\\\/sportshine.eu\\\/\"]}]}<\/script>\n<!-- \/ Yoast SEO plugin. -->","yoast_head_json":{"title":"Gaciron Raptor 3000 ker\u00e9kp\u00e1rl\u00e1mpa","description":"Gaciron Raptor 3000 ker\u00e9kp\u00e1rl\u00e1mpa hihetetlen 3000 lumennel. 10 000 mAh-s l\u00edtium-ion akkumul\u00e1torral m\u0171k\u00f6dik. IPX6 szabv\u00e1ny szerint v\u00edz\u00e1ll\u00f3.","robots":{"index":"index","follow":"follow","max-snippet":"max-snippet:-1","max-image-preview":"max-image-preview:large","max-video-preview":"max-video-preview:-1"},"canonical":"https:\/\/www.sportshine.eu\/hu\/uzlet\/gaciron-raptor-3000-kerekparlampa\/","og_locale":"hu_HU","og_type":"article","og_title":"Kolesarska lu\u010d Gaciron Raptor 3000","og_description":"Kolesarska lu\u010d Gaciron Raptor 3000 z neverjetno mo\u010djo 3000 lumnov. Za svojo mo\u010d uporablja 10.000 mAh litij-ionsko baterijo. Vodoodporna po standardu IPX6.","og_url":"https:\/\/www.sportshine.eu\/hu\/uzlet\/gaciron-raptor-3000-kerekparlampa\/","og_site_name":"Sportshine","article_publisher":"https:\/\/www.facebook.com\/sportshine.eu\/","article_modified_time":"2026-03-06T12:25:45+00:00","og_image":[{"width":800,"height":800,"url":"https:\/\/www.sportshine.eu\/wp-content\/uploads\/2025\/07\/Kolesarska-luc-Gaciron-Raptor-3000.webp","type":"image\/webp"}],"twitter_card":"summary_large_image","twitter_misc":{"Becs\u00fclt olvas\u00e1si id\u0151":"3 perc"},"schema":{"@context":"https:\/\/schema.org","@graph":[{"@type":"WebPage","@id":"https:\/\/www.sportshine.eu\/trgovina\/kolesarska-luc-gaciron-raptor-3000\/","url":"https:\/\/www.sportshine.eu\/trgovina\/kolesarska-luc-gaciron-raptor-3000\/","name":"Gaciron Raptor 3000 ker\u00e9kp\u00e1rl\u00e1mpa","isPartOf":{"@id":"https:\/\/www.sportshine.eu\/#website"},"primaryImageOfPage":{"@id":"https:\/\/www.sportshine.eu\/trgovina\/kolesarska-luc-gaciron-raptor-3000\/#primaryimage"},"image":{"@id":"https:\/\/www.sportshine.eu\/trgovina\/kolesarska-luc-gaciron-raptor-3000\/#primaryimage"},"thumbnailUrl":"https:\/\/www.sportshine.eu\/wp-content\/uploads\/2025\/07\/Kolesarska-luc-Gaciron-Raptor-3000.webp","datePublished":"2026-01-29T21:09:22+00:00","dateModified":"2026-03-06T12:25:45+00:00","description":"Gaciron Raptor 3000 ker\u00e9kp\u00e1rl\u00e1mpa hihetetlen 3000 lumennel. 10 000 mAh-s l\u00edtium-ion akkumul\u00e1torral m\u0171k\u00f6dik. IPX6 szabv\u00e1ny szerint v\u00edz\u00e1ll\u00f3.","breadcrumb":{"@id":"https:\/\/www.sportshine.eu\/trgovina\/kolesarska-luc-gaciron-raptor-3000\/#breadcrumb"},"inLanguage":"hu","potentialAction":[{"@type":"ReadAction","target":["https:\/\/www.sportshine.eu\/trgovina\/kolesarska-luc-gaciron-raptor-3000\/"]}]},{"@type":"ImageObject","inLanguage":"hu","@id":"https:\/\/www.sportshine.eu\/trgovina\/kolesarska-luc-gaciron-raptor-3000\/#primaryimage","url":"https:\/\/www.sportshine.eu\/wp-content\/uploads\/2025\/07\/Kolesarska-luc-Gaciron-Raptor-3000.webp","contentUrl":"https:\/\/www.sportshine.eu\/wp-content\/uploads\/2025\/07\/Kolesarska-luc-Gaciron-Raptor-3000.webp","width":800,"height":800},{"@type":"BreadcrumbList","@id":"https:\/\/www.sportshine.eu\/trgovina\/kolesarska-luc-gaciron-raptor-3000\/#breadcrumb","itemListElement":[{"@type":"ListItem","position":1,"name":"Home","item":"https:\/\/www.sportshine.eu\/"},{"@type":"ListItem","position":2,"name":"Trgovina","item":"https:\/\/www.sportshine.eu\/trgovina\/"},{"@type":"ListItem","position":3,"name":"Kolesarska lu\u010d Gaciron Raptor 3000"}]},{"@type":"WebSite","@id":"https:\/\/www.sportshine.eu\/#website","url":"https:\/\/www.sportshine.eu\/","name":"Sportshine","description":"Ker\u00e9kp\u00e1ros, fejl\u00e1mp\u00e1k \u00e9s felszerel\u00e9sek online \u00e1ruh\u00e1z\u00e1nak vezet\u0151 k\u00edn\u00e1lata","publisher":{"@id":"https:\/\/www.sportshine.eu\/#organization"},"potentialAction":[{"@type":"SearchAction","target":{"@type":"EntryPoint","urlTemplate":"https:\/\/www.sportshine.eu\/?s={search_term_string}"},"query-input":{"@type":"PropertyValueSpecification","valueRequired":true,"valueName":"search_term_string"}}],"inLanguage":"hu"},{"@type":"Organization","@id":"https:\/\/www.sportshine.eu\/#organization","name":"Sportshine","url":"https:\/\/www.sportshine.eu\/","logo":{"@type":"ImageObject","inLanguage":"hu","@id":"https:\/\/www.sportshine.eu\/#\/schema\/logo\/image\/","url":"https:\/\/www.sportshine.eu\/wp-content\/uploads\/2026\/01\/cropped-Sportshine.webp","contentUrl":"https:\/\/www.sportshine.eu\/wp-content\/uploads\/2026\/01\/cropped-Sportshine.webp","width":295,"height":128,"caption":"Sportshine"},"image":{"@id":"https:\/\/www.sportshine.eu\/#\/schema\/logo\/image\/"},"sameAs":["https:\/\/www.facebook.com\/sportshine.eu\/"]}]}},"_links":{"self":[{"href":"https:\/\/www.sportshine.eu\/hu\/wp-json\/wp\/v2\/product\/6328","targetHints":{"allow":["GET"]}}],"collection":[{"href":"https:\/\/www.sportshine.eu\/hu\/wp-json\/wp\/v2\/product"}],"about":[{"href":"https:\/\/www.sportshine.eu\/hu\/wp-json\/wp\/v2\/types\/product"}],"replies":[{"embeddable":true,"href":"https:\/\/www.sportshine.eu\/hu\/wp-json\/wp\/v2\/comments?post=6328"}],"version-history":[{"count":0,"href":"https:\/\/www.sportshine.eu\/hu\/wp-json\/wp\/v2\/product\/6328\/revisions"}],"wp:featuredmedia":[{"embeddable":true,"href":"https:\/\/www.sportshine.eu\/hu\/wp-json\/wp\/v2\/media\/5179"}],"wp:attachment":[{"href":"https:\/\/www.sportshine.eu\/hu\/wp-json\/wp\/v2\/media?parent=6328"}],"wp:term":[{"taxonomy":"product_brand","embeddable":true,"href":"https:\/\/www.sportshine.eu\/hu\/wp-json\/wp\/v2\/product_brand?post=6328"},{"taxonomy":"product_cat","embeddable":true,"href":"https:\/\/www.sportshine.eu\/hu\/wp-json\/wp\/v2\/product_cat?post=6328"},{"taxonomy":"product_tag","embeddable":true,"href":"https:\/\/www.sportshine.eu\/hu\/wp-json\/wp\/v2\/product_tag?post=6328"}],"curies":[{"name":"wp","href":"https:\/\/api.w.org\/{rel}","templated":true}]}}