{"id":6321,"date":"2026-01-28T21:09:14","date_gmt":"2026-01-28T21:09:14","guid":{"rendered":"https:\/\/www.sportshine.eu\/?post_type=product&#038;p=6321"},"modified":"2026-01-30T19:30:48","modified_gmt":"2026-01-30T19:30:48","slug":"hatso-kerekparlampa-led-del-gaciron-w03","status":"publish","type":"product","link":"https:\/\/www.sportshine.eu\/hu\/uzlet\/hatso-kerekparlampa-led-del-gaciron-w03\/","title":{"rendered":"Gaciron W03 LED h\u00e1ts\u00f3 ker\u00e9kp\u00e1rl\u00e1mpa"},"content":{"rendered":"<p style=\"text-align: center;\"><strong>Vadonat\u00faj<\/strong> h\u00e1ts\u00f3 ker\u00e9kp\u00e1rl\u00e1mpa <strong>Gaciron W03<\/strong> Leny\u0171g\u00f6z majd a be\u00e9p\u00edtett f\u00e9kszenzorral \u00e9s a ker\u00e9kp\u00e1ros m\u00e9g jobb l\u00e1that\u00f3s\u00e1g\u00e1t biztos\u00edt\u00f3 kieg\u00e9sz\u00edt\u0151 z\u00f6ld l\u00e9zerf\u00e9nnyel. A h\u00e1ts\u00f3 ker\u00e9kp\u00e1rl\u00e1mpa be\u00e9p\u00edtett, kiv\u00e1l\u00f3 min\u0151s\u00e9g\u0171 <strong>gyorsul\u00e1sm\u00e9r\u0151<\/strong>, ami lehet\u0151v\u00e9 teszi, hogy nagyon j\u00f3l \u00e9rz\u00e9kelje a f\u00e9kez\u00e9st, \u00e9s automatikusan 3 m\u00e1sodpercig teljes teljes\u00edtm\u00e9nyen vil\u00e1g\u00edtson.<\/p>\n<p>&nbsp;<\/p>\n<p><iframe loading=\"lazy\" title=\"Gaciron W03\" width=\"500\" height=\"281\" src=\"https:\/\/www.youtube.com\/embed\/QYwUbQCSm2A?feature=oembed\" frameborder=\"0\" allow=\"accelerometer; autoplay; clipboard-write; encrypted-media; gyroscope; picture-in-picture; web-share\" referrerpolicy=\"strict-origin-when-cross-origin\" allowfullscreen><\/iframe><\/p>\n<p>&nbsp;<\/p>\n<p style=\"text-align: center;\"><strong> F\u00e9kez\u0151 funkci\u00f3<\/strong> \u00e9s a l\u00e9zersug\u00e1r ezenk\u00edv\u00fcl be- \u00e9s kikapcsolhat\u00f3. Rendk\u00edv\u00fcl kompakt kialak\u00edt\u00e1s, a be\u00e9p\u00edtett m\u00e1gnes ezen fel\u00fcl biztos\u00edtja a l\u00e1mpa szil\u00e1rd r\u00f6gz\u00edt\u00e9s\u00e9t. A konzol aero \u00fcl\u00e9sekhez is alkalmas. A ker\u00e9kp\u00e1rl\u00e1mpa manu\u00e1lis vagy <strong>intelligens m\u0171k\u00f6d\u00e9s<\/strong>, amely a l\u00e1mp\u00e1n \u00e1ll\u00edthat\u00f3 be. Intelligens m\u00f3dban a k\u00f6rnyezeti f\u00e9nyviszonyok alapj\u00e1n \u00e1ll\u00edtja be a f\u00e9ny intenzit\u00e1s\u00e1t, \u00e9s automatikusan kikapcsol, ha a ker\u00e9kp\u00e1ros egy helyben \u00e1ll. Hat \u00fczemm\u00f3ddal rendelkezik, \u00e9s t\u00f6lt\u00e9se a k\u00f6vetkez\u0151n kereszt\u00fcl t\u00f6rt\u00e9nik: <strong>USB-C<\/strong> a l\u00e1mp\u00e1hoz mell\u00e9kelt t\u00f6lt\u0151k\u00e1bellel. A t\u00f6lt\u00e9si id\u0151 4 \u00f3ra. A szabv\u00e1ny szerint v\u00edz\u00e1ll\u00f3. <strong>IPX6 szabv\u00e1ny.<\/strong><\/p>","protected":false},"excerpt":{"rendered":"<p>Nagy teljes\u00edtm\u00e9ny\u0171 h\u00e1ts\u00f3 ker\u00e9kp\u00e1rl\u00e1mpa m\u00e1gneses r\u00f6gz\u00edt\u00e9ssel, be\u00e9p\u00edtett, nagy teljes\u00edtm\u00e9ny\u0171 l\u00edtium-ion akkumul\u00e1torral \u00e9s ak\u00e1r 30 lumen f\u00e9nyer\u0151vel.<\/p>\n<ul>\n<li>USB-C t\u00f6lt\u00e9s<\/li>\n<li>IPX6 szabv\u00e1ny<\/li>\n<li>l\u00e1t\u00f3t\u00e1vols\u00e1g 1000 m\u00e9ter<\/li>\n<\/ul>\n<p>&nbsp;<\/p>","protected":false},"featured_media":5149,"comment_status":"closed","ping_status":"closed","template":"","meta":[],"product_brand":[132],"product_cat":[86],"product_tag":[],"class_list":{"0":"post-6321","1":"product","2":"type-product","3":"status-publish","4":"has-post-thumbnail","6":"product_brand-gaciron","7":"product_cat-zadnje-kolesarske-luci","8":"product_shipping_class-stroski-dostave","10":"first","11":"instock","12":"taxable","13":"shipping-taxable","14":"purchasable","15":"product-type-simple"},"yoast_head":"<!-- This site is optimized with the Yoast SEO plugin v27.3 - https:\/\/yoast.com\/product\/yoast-seo-wordpress\/ -->\n<title>Zadnja kolesarska svetilka Gaciron W03<\/title>\n<meta name=\"description\" content=\"Zadnja kolesarska svetilka, 6 stopenj delovanja, vklju\u010den senzor zaviranja in laserski \u017earek za ve\u010djo vidljivost. Vgrajena zmogljiva baterija.\" \/>\n<meta name=\"robots\" content=\"index, follow, max-snippet:-1, max-image-preview:large, max-video-preview:-1\" \/>\n<link rel=\"canonical\" href=\"https:\/\/www.sportshine.eu\/hu\/uzlet\/hatso-kerekparlampa-led-del-gaciron-w03\/\" \/>\n<meta property=\"og:locale\" content=\"hu_HU\" \/>\n<meta property=\"og:type\" content=\"article\" \/>\n<meta property=\"og:title\" content=\"Zadnja kolesarska svetilka Gaciron W03\" \/>\n<meta property=\"og:description\" content=\"Zadnja kolesarska svetilka, 6 stopenj delovanja, vklju\u010den senzor zaviranja in laserski \u017earek za ve\u010djo vidljivost. Vgrajena zmogljiva baterija.\" \/>\n<meta property=\"og:url\" content=\"https:\/\/www.sportshine.eu\/hu\/uzlet\/hatso-kerekparlampa-led-del-gaciron-w03\/\" \/>\n<meta property=\"og:site_name\" content=\"Sportshine\" \/>\n<meta property=\"article:publisher\" content=\"https:\/\/www.facebook.com\/sportshine.eu\/\" \/>\n<meta property=\"article:modified_time\" content=\"2026-01-30T19:30:48+00:00\" \/>\n<meta property=\"og:image\" content=\"https:\/\/www.sportshine.eu\/wp-content\/uploads\/2025\/07\/Gaciron-w03.webp\" \/>\n\t<meta property=\"og:image:width\" content=\"800\" \/>\n\t<meta property=\"og:image:height\" content=\"800\" \/>\n\t<meta property=\"og:image:type\" content=\"image\/webp\" \/>\n<meta name=\"twitter:card\" content=\"summary_large_image\" \/>\n<meta name=\"twitter:label1\" content=\"Becs\u00fclt olvas\u00e1si id\u0151\" \/>\n\t<meta name=\"twitter:data1\" content=\"2 perc\" \/>\n<script type=\"application\/ld+json\" class=\"yoast-schema-graph\">{\"@context\":\"https:\\\/\\\/schema.org\",\"@graph\":[{\"@type\":\"WebPage\",\"@id\":\"https:\\\/\\\/www.sportshine.eu\\\/trgovina\\\/zadnja-kolesarska-svetilka-led-gaciron-w03\\\/\",\"url\":\"https:\\\/\\\/www.sportshine.eu\\\/trgovina\\\/zadnja-kolesarska-svetilka-led-gaciron-w03\\\/\",\"name\":\"Zadnja kolesarska svetilka Gaciron W03\",\"isPartOf\":{\"@id\":\"https:\\\/\\\/www.sportshine.eu\\\/#website\"},\"primaryImageOfPage\":{\"@id\":\"https:\\\/\\\/www.sportshine.eu\\\/trgovina\\\/zadnja-kolesarska-svetilka-led-gaciron-w03\\\/#primaryimage\"},\"image\":{\"@id\":\"https:\\\/\\\/www.sportshine.eu\\\/trgovina\\\/zadnja-kolesarska-svetilka-led-gaciron-w03\\\/#primaryimage\"},\"thumbnailUrl\":\"https:\\\/\\\/www.sportshine.eu\\\/wp-content\\\/uploads\\\/2025\\\/07\\\/Gaciron-w03.webp\",\"datePublished\":\"2026-01-28T21:09:14+00:00\",\"dateModified\":\"2026-01-30T19:30:48+00:00\",\"description\":\"Zadnja kolesarska svetilka, 6 stopenj delovanja, vklju\u010den senzor zaviranja in laserski \u017earek za ve\u010djo vidljivost. Vgrajena zmogljiva baterija.\",\"breadcrumb\":{\"@id\":\"https:\\\/\\\/www.sportshine.eu\\\/trgovina\\\/zadnja-kolesarska-svetilka-led-gaciron-w03\\\/#breadcrumb\"},\"inLanguage\":\"hu\",\"potentialAction\":[{\"@type\":\"ReadAction\",\"target\":[\"https:\\\/\\\/www.sportshine.eu\\\/trgovina\\\/zadnja-kolesarska-svetilka-led-gaciron-w03\\\/\"]}]},{\"@type\":\"ImageObject\",\"inLanguage\":\"hu\",\"@id\":\"https:\\\/\\\/www.sportshine.eu\\\/trgovina\\\/zadnja-kolesarska-svetilka-led-gaciron-w03\\\/#primaryimage\",\"url\":\"https:\\\/\\\/www.sportshine.eu\\\/wp-content\\\/uploads\\\/2025\\\/07\\\/Gaciron-w03.webp\",\"contentUrl\":\"https:\\\/\\\/www.sportshine.eu\\\/wp-content\\\/uploads\\\/2025\\\/07\\\/Gaciron-w03.webp\",\"width\":800,\"height\":800},{\"@type\":\"BreadcrumbList\",\"@id\":\"https:\\\/\\\/www.sportshine.eu\\\/trgovina\\\/zadnja-kolesarska-svetilka-led-gaciron-w03\\\/#breadcrumb\",\"itemListElement\":[{\"@type\":\"ListItem\",\"position\":1,\"name\":\"Home\",\"item\":\"https:\\\/\\\/www.sportshine.eu\\\/\"},{\"@type\":\"ListItem\",\"position\":2,\"name\":\"Trgovina\",\"item\":\"https:\\\/\\\/www.sportshine.eu\\\/trgovina\\\/\"},{\"@type\":\"ListItem\",\"position\":3,\"name\":\"Zadnja kolesarska svetilka LED Gaciron W03\"}]},{\"@type\":\"WebSite\",\"@id\":\"https:\\\/\\\/www.sportshine.eu\\\/#website\",\"url\":\"https:\\\/\\\/www.sportshine.eu\\\/\",\"name\":\"Sportshine\",\"description\":\"Top spletna trgovina kolesarskih in naglavnih svetilk ter opreme\",\"publisher\":{\"@id\":\"https:\\\/\\\/www.sportshine.eu\\\/#organization\"},\"potentialAction\":[{\"@type\":\"SearchAction\",\"target\":{\"@type\":\"EntryPoint\",\"urlTemplate\":\"https:\\\/\\\/www.sportshine.eu\\\/?s={search_term_string}\"},\"query-input\":{\"@type\":\"PropertyValueSpecification\",\"valueRequired\":true,\"valueName\":\"search_term_string\"}}],\"inLanguage\":\"hu\"},{\"@type\":\"Organization\",\"@id\":\"https:\\\/\\\/www.sportshine.eu\\\/#organization\",\"name\":\"Sportshine\",\"url\":\"https:\\\/\\\/www.sportshine.eu\\\/\",\"logo\":{\"@type\":\"ImageObject\",\"inLanguage\":\"hu\",\"@id\":\"https:\\\/\\\/www.sportshine.eu\\\/#\\\/schema\\\/logo\\\/image\\\/\",\"url\":\"https:\\\/\\\/www.sportshine.eu\\\/wp-content\\\/uploads\\\/2026\\\/01\\\/cropped-Sportshine.webp\",\"contentUrl\":\"https:\\\/\\\/www.sportshine.eu\\\/wp-content\\\/uploads\\\/2026\\\/01\\\/cropped-Sportshine.webp\",\"width\":295,\"height\":128,\"caption\":\"Sportshine\"},\"image\":{\"@id\":\"https:\\\/\\\/www.sportshine.eu\\\/#\\\/schema\\\/logo\\\/image\\\/\"},\"sameAs\":[\"https:\\\/\\\/www.facebook.com\\\/sportshine.eu\\\/\"]}]}<\/script>\n<!-- \/ Yoast SEO plugin. -->","yoast_head_json":{"title":"Gaciron W03 h\u00e1ts\u00f3 ker\u00e9kp\u00e1r l\u00e1mpa","description":"H\u00e1ts\u00f3 ker\u00e9kp\u00e1rl\u00e1mpa, 6 m\u0171k\u00f6d\u00e9si szint, be\u00e9p\u00edtett f\u00e9kszenzor \u00e9s l\u00e9zersug\u00e1r a jobb l\u00e1that\u00f3s\u00e1g \u00e9rdek\u00e9ben. Be\u00e9p\u00edtett nagy teljes\u00edtm\u00e9ny\u0171 akkumul\u00e1tor.","robots":{"index":"index","follow":"follow","max-snippet":"max-snippet:-1","max-image-preview":"max-image-preview:large","max-video-preview":"max-video-preview:-1"},"canonical":"https:\/\/www.sportshine.eu\/hu\/uzlet\/hatso-kerekparlampa-led-del-gaciron-w03\/","og_locale":"hu_HU","og_type":"article","og_title":"Zadnja kolesarska svetilka Gaciron W03","og_description":"Zadnja kolesarska svetilka, 6 stopenj delovanja, vklju\u010den senzor zaviranja in laserski \u017earek za ve\u010djo vidljivost. Vgrajena zmogljiva baterija.","og_url":"https:\/\/www.sportshine.eu\/hu\/uzlet\/hatso-kerekparlampa-led-del-gaciron-w03\/","og_site_name":"Sportshine","article_publisher":"https:\/\/www.facebook.com\/sportshine.eu\/","article_modified_time":"2026-01-30T19:30:48+00:00","og_image":[{"width":800,"height":800,"url":"https:\/\/www.sportshine.eu\/wp-content\/uploads\/2025\/07\/Gaciron-w03.webp","type":"image\/webp"}],"twitter_card":"summary_large_image","twitter_misc":{"Becs\u00fclt olvas\u00e1si id\u0151":"2 perc"},"schema":{"@context":"https:\/\/schema.org","@graph":[{"@type":"WebPage","@id":"https:\/\/www.sportshine.eu\/trgovina\/zadnja-kolesarska-svetilka-led-gaciron-w03\/","url":"https:\/\/www.sportshine.eu\/trgovina\/zadnja-kolesarska-svetilka-led-gaciron-w03\/","name":"Gaciron W03 h\u00e1ts\u00f3 ker\u00e9kp\u00e1r l\u00e1mpa","isPartOf":{"@id":"https:\/\/www.sportshine.eu\/#website"},"primaryImageOfPage":{"@id":"https:\/\/www.sportshine.eu\/trgovina\/zadnja-kolesarska-svetilka-led-gaciron-w03\/#primaryimage"},"image":{"@id":"https:\/\/www.sportshine.eu\/trgovina\/zadnja-kolesarska-svetilka-led-gaciron-w03\/#primaryimage"},"thumbnailUrl":"https:\/\/www.sportshine.eu\/wp-content\/uploads\/2025\/07\/Gaciron-w03.webp","datePublished":"2026-01-28T21:09:14+00:00","dateModified":"2026-01-30T19:30:48+00:00","description":"H\u00e1ts\u00f3 ker\u00e9kp\u00e1rl\u00e1mpa, 6 m\u0171k\u00f6d\u00e9si szint, be\u00e9p\u00edtett f\u00e9kszenzor \u00e9s l\u00e9zersug\u00e1r a jobb l\u00e1that\u00f3s\u00e1g \u00e9rdek\u00e9ben. Be\u00e9p\u00edtett nagy teljes\u00edtm\u00e9ny\u0171 akkumul\u00e1tor.","breadcrumb":{"@id":"https:\/\/www.sportshine.eu\/trgovina\/zadnja-kolesarska-svetilka-led-gaciron-w03\/#breadcrumb"},"inLanguage":"hu","potentialAction":[{"@type":"ReadAction","target":["https:\/\/www.sportshine.eu\/trgovina\/zadnja-kolesarska-svetilka-led-gaciron-w03\/"]}]},{"@type":"ImageObject","inLanguage":"hu","@id":"https:\/\/www.sportshine.eu\/trgovina\/zadnja-kolesarska-svetilka-led-gaciron-w03\/#primaryimage","url":"https:\/\/www.sportshine.eu\/wp-content\/uploads\/2025\/07\/Gaciron-w03.webp","contentUrl":"https:\/\/www.sportshine.eu\/wp-content\/uploads\/2025\/07\/Gaciron-w03.webp","width":800,"height":800},{"@type":"BreadcrumbList","@id":"https:\/\/www.sportshine.eu\/trgovina\/zadnja-kolesarska-svetilka-led-gaciron-w03\/#breadcrumb","itemListElement":[{"@type":"ListItem","position":1,"name":"Home","item":"https:\/\/www.sportshine.eu\/"},{"@type":"ListItem","position":2,"name":"Trgovina","item":"https:\/\/www.sportshine.eu\/trgovina\/"},{"@type":"ListItem","position":3,"name":"Zadnja kolesarska svetilka LED Gaciron W03"}]},{"@type":"WebSite","@id":"https:\/\/www.sportshine.eu\/#website","url":"https:\/\/www.sportshine.eu\/","name":"Sportshine","description":"Ker\u00e9kp\u00e1ros, fejl\u00e1mp\u00e1k \u00e9s felszerel\u00e9sek online \u00e1ruh\u00e1z\u00e1nak vezet\u0151 k\u00edn\u00e1lata","publisher":{"@id":"https:\/\/www.sportshine.eu\/#organization"},"potentialAction":[{"@type":"SearchAction","target":{"@type":"EntryPoint","urlTemplate":"https:\/\/www.sportshine.eu\/?s={search_term_string}"},"query-input":{"@type":"PropertyValueSpecification","valueRequired":true,"valueName":"search_term_string"}}],"inLanguage":"hu"},{"@type":"Organization","@id":"https:\/\/www.sportshine.eu\/#organization","name":"Sportshine","url":"https:\/\/www.sportshine.eu\/","logo":{"@type":"ImageObject","inLanguage":"hu","@id":"https:\/\/www.sportshine.eu\/#\/schema\/logo\/image\/","url":"https:\/\/www.sportshine.eu\/wp-content\/uploads\/2026\/01\/cropped-Sportshine.webp","contentUrl":"https:\/\/www.sportshine.eu\/wp-content\/uploads\/2026\/01\/cropped-Sportshine.webp","width":295,"height":128,"caption":"Sportshine"},"image":{"@id":"https:\/\/www.sportshine.eu\/#\/schema\/logo\/image\/"},"sameAs":["https:\/\/www.facebook.com\/sportshine.eu\/"]}]}},"_links":{"self":[{"href":"https:\/\/www.sportshine.eu\/hu\/wp-json\/wp\/v2\/product\/6321","targetHints":{"allow":["GET"]}}],"collection":[{"href":"https:\/\/www.sportshine.eu\/hu\/wp-json\/wp\/v2\/product"}],"about":[{"href":"https:\/\/www.sportshine.eu\/hu\/wp-json\/wp\/v2\/types\/product"}],"replies":[{"embeddable":true,"href":"https:\/\/www.sportshine.eu\/hu\/wp-json\/wp\/v2\/comments?post=6321"}],"version-history":[{"count":0,"href":"https:\/\/www.sportshine.eu\/hu\/wp-json\/wp\/v2\/product\/6321\/revisions"}],"wp:featuredmedia":[{"embeddable":true,"href":"https:\/\/www.sportshine.eu\/hu\/wp-json\/wp\/v2\/media\/5149"}],"wp:attachment":[{"href":"https:\/\/www.sportshine.eu\/hu\/wp-json\/wp\/v2\/media?parent=6321"}],"wp:term":[{"taxonomy":"product_brand","embeddable":true,"href":"https:\/\/www.sportshine.eu\/hu\/wp-json\/wp\/v2\/product_brand?post=6321"},{"taxonomy":"product_cat","embeddable":true,"href":"https:\/\/www.sportshine.eu\/hu\/wp-json\/wp\/v2\/product_cat?post=6321"},{"taxonomy":"product_tag","embeddable":true,"href":"https:\/\/www.sportshine.eu\/hu\/wp-json\/wp\/v2\/product_tag?post=6321"}],"curies":[{"name":"wp","href":"https:\/\/api.w.org\/{rel}","templated":true}]}}