{"id":6319,"date":"2026-01-28T21:09:12","date_gmt":"2026-01-28T21:09:12","guid":{"rendered":"https:\/\/www.sportshine.eu\/?post_type=product&#038;p=6319"},"modified":"2026-01-30T19:30:33","modified_gmt":"2026-01-30T19:30:33","slug":"kerekparlampa-kurttel-gaciron-v18","status":"publish","type":"product","link":"https:\/\/www.sportshine.eu\/hu\/uzlet\/kerekparlampa-kurttel-gaciron-v18\/","title":{"rendered":"Gaciron V18 ker\u00e9kp\u00e1rl\u00e1mpa k\u00fcrttel"},"content":{"rendered":"<h3 style=\"text-align: center;\">NAGY V\u00c1ROSI KER\u00c9KP\u00c1RVIL\u00c1G\u00cdT\u00c1S DURD\u00c1VAL<\/h3>\n<p style=\"text-align: center;\">A 200 lumenes ker\u00e9kp\u00e1rl\u00e1mpa ide\u00e1lis a belv\u00e1rosokban val\u00f3 haszn\u00e1latra. El\u00e9g er\u0151s ahhoz, hogy a t\u00f6bbi ember elvak\u00edt\u00e1sa n\u00e9lk\u00fcl megvil\u00e1g\u00edtsa az utat.<\/p>\n<p>&nbsp;<\/p>\n<p><img decoding=\"async\" class=\"aligncenter wp-image-5144\" src=\"https:\/\/www.sportshine.eu\/wp-content\/uploads\/2025\/07\/218e9b8d60e5af1c06e1ebeb3134e7aa.jpg\" alt=\"\" width=\"800\" height=\"800\" srcset=\"https:\/\/www.sportshine.eu\/wp-content\/uploads\/2025\/07\/218e9b8d60e5af1c06e1ebeb3134e7aa-768x768.jpg 768w, https:\/\/www.sportshine.eu\/wp-content\/uploads\/2025\/07\/218e9b8d60e5af1c06e1ebeb3134e7aa-600x600.jpg 600w\" sizes=\"(max-width: 800px) 100vw, 800px\" \/><\/p>\n<h3 style=\"text-align: center;\">BE\u00c9P\u00cdTETT 120 dB-ES CIKLAJK\u00dcRT<\/h3>\n<p style=\"text-align: center;\">Kis m\u00e9rete ellen\u00e9re a Gaciron V18 ker\u00e9kp\u00e1rl\u00e1mpa el\u00e9ri a 120 dB-t. A hang \u00f6t k\u00fcl\u00f6nb\u00f6z\u0151 intenzit\u00e1si m\u00f3ddal \u00e1ll\u00edthat\u00f3.<\/p>\n<p><img decoding=\"async\" class=\"aligncenter wp-image-5145 size-full\" src=\"https:\/\/www.sportshine.eu\/wp-content\/uploads\/2025\/07\/Gaciron-V18.webp\" alt=\"\" width=\"800\" height=\"800\" srcset=\"https:\/\/www.sportshine.eu\/wp-content\/uploads\/2025\/07\/Gaciron-V18.webp 800w, https:\/\/www.sportshine.eu\/wp-content\/uploads\/2025\/07\/Gaciron-V18-768x768.webp 768w, https:\/\/www.sportshine.eu\/wp-content\/uploads\/2025\/07\/Gaciron-V18-600x600.webp 600w\" sizes=\"(max-width: 800px) 100vw, 800px\" \/><\/p>\n<h3 style=\"text-align: center;\">4 \u00dcZEMELTET\u00c9SI M\u00d3D<\/h3>\n<p style=\"text-align: center;\">A kapcsol\u00f3 hosszan tart\u00f3 megnyom\u00e1s\u00e1val be- \u00e9s kikapcsolhatja a l\u00e1mp\u00e1t, m\u00edg r\u00f6vid megnyom\u00e1ssal 4 \u00fczemm\u00f3d k\u00f6z\u00f6tt v\u00e1lthat. A legmagasabb fokozaton a l\u00e1mpa 2 \u00f3ra 30 percig folyamatosan vil\u00e1g\u00edt.<\/p>\n<p><img decoding=\"async\" class=\"aligncenter wp-image-5142 size-full\" src=\"https:\/\/www.sportshine.eu\/wp-content\/uploads\/2025\/07\/Luc-za-kolo.jpg\" alt=\"\" width=\"800\" height=\"800\" srcset=\"https:\/\/www.sportshine.eu\/wp-content\/uploads\/2025\/07\/Luc-za-kolo.jpg 800w, https:\/\/www.sportshine.eu\/wp-content\/uploads\/2025\/07\/Luc-za-kolo-768x768.jpg 768w, https:\/\/www.sportshine.eu\/wp-content\/uploads\/2025\/07\/Luc-za-kolo-600x600.jpg 600w\" sizes=\"(max-width: 800px) 100vw, 800px\" \/><\/p>\n<h3 style=\"text-align: center;\">V\u00c1LASSZA KI A K\u00dcRT \u00dcZEMM\u00d3DJ\u00c1T<\/h3>\n<p style=\"text-align: center;\">A Gaciron V18 4 k\u00fcrt \u00fczemm\u00f3ddal van felszerelve. Egy egyszer\u0171 gombbal a zsebl\u00e1mp\u00e1n kiv\u00e1laszthatja kedvenc hangj\u00e1t. A k\u00fcrt hangereje is \u00e1ll\u00edthat\u00f3.<\/p>\n<p><img decoding=\"async\" class=\"aligncenter wp-image-7698\" src=\"https:\/\/www.sportshine.eu\/wp-content\/uploads\/2025\/07\/varno-na-cesti.webp\" alt=\"\" width=\"800\" height=\"903\" \/><\/p>\n<h3 style=\"text-align: center;\">MELL\u00c9KELT ADAPTER A F\u00c9NYVEZ\u00c9RL\u00c9SHEZ<\/h3>\n<p style=\"text-align: center;\">A csomag tartalmaz egy adaptert a l\u00e1mpa vez\u00e9rl\u00e9s\u00e9hez, \u00edgy teljesen biztons\u00e1gosan v\u00e1lthat a m\u0171k\u00f6d\u00e9si szintek k\u00f6z\u00f6tt.<\/p>\n<p><img decoding=\"async\" class=\"aligncenter wp-image-7697\" src=\"https:\/\/www.sportshine.eu\/wp-content\/uploads\/2025\/07\/Gaciron-v18-1.webp\" alt=\"\" width=\"800\" height=\"1435\" srcset=\"https:\/\/www.sportshine.eu\/wp-content\/uploads\/2025\/07\/Gaciron-v18-1.webp 790w, https:\/\/www.sportshine.eu\/wp-content\/uploads\/2025\/07\/Gaciron-v18-1-768x1378.webp 768w, https:\/\/www.sportshine.eu\/wp-content\/uploads\/2025\/07\/Gaciron-v18-1-600x1076.webp 600w\" sizes=\"(max-width: 800px) 100vw, 800px\" \/><\/p>\n<h3 style=\"text-align: center;\">A CSOMAGBAN KAPOD<\/h3>\n<p><img decoding=\"async\" class=\"aligncenter wp-image-7696\" src=\"https:\/\/www.sportshine.eu\/wp-content\/uploads\/2025\/07\/Kolesarska-luc-Gaciron-V18.webp\" alt=\"\" width=\"800\" height=\"1161\" \/><\/p>\n<h3 style=\"text-align: center;\">V\u00cdZ\u00c1LL\u00d3 AZ IPX6 SZABV\u00c1NY SZERINT<\/h3>\n<p><img decoding=\"async\" class=\"aligncenter wp-image-5143 size-full\" src=\"https:\/\/www.sportshine.eu\/wp-content\/uploads\/2025\/07\/44170cf5d8713a13f9a444fb87030e18.jpg\" alt=\"\" width=\"800\" height=\"800\" srcset=\"https:\/\/www.sportshine.eu\/wp-content\/uploads\/2025\/07\/44170cf5d8713a13f9a444fb87030e18.jpg 800w, https:\/\/www.sportshine.eu\/wp-content\/uploads\/2025\/07\/44170cf5d8713a13f9a444fb87030e18-768x768.jpg 768w, https:\/\/www.sportshine.eu\/wp-content\/uploads\/2025\/07\/44170cf5d8713a13f9a444fb87030e18-600x600.jpg 600w\" sizes=\"(max-width: 800px) 100vw, 800px\" \/><\/p>","protected":false},"excerpt":{"rendered":"<p>Egy kiv\u00e9teles ker\u00e9kp\u00e1rl\u00e1mp\u00e1t k\u00edn\u00e1lunk, amely biztosan mag\u00e1ra vonzza a figyelmet - a Gaciron V18 els\u0151 ker\u00e9kp\u00e1rl\u00e1mp\u00e1t k\u00fcrttel! Ez a l\u00e1mpa egyszer\u0171en ide\u00e1lis v\u00e1rosi k\u00f6rnyezetbe, \u00e9s k\u00fcl\u00f6n\u00f6sen n\u00e9pszer\u0171 a legfiatalabb ker\u00e9kp\u00e1rosok k\u00f6r\u00e9ben. Garant\u00e1ljuk, hogy ezzel a l\u00e1mp\u00e1val k\u00f6nnyed\u00e9n figyelmeztetheti a t\u00f6bbi j\u00e1r\u00f3kel\u0151t a v\u00e1rosban val\u00f3 k\u00f6zleked\u00e9s sor\u00e1n, mivel egyetlen gombnyom\u00e1sra hangos k\u00fcrt sz\u00f3lal meg, amely azonnal figyelmezteti \u0151ket, hogy menjenek biztons\u00e1gos helyre. Ez n\u00f6veli a biztons\u00e1g\u00e1t \u00e9s elker\u00fcli a lehets\u00e9ges vesz\u00e9lyeket az \u00faton.<\/p>","protected":false},"featured_media":5142,"comment_status":"open","ping_status":"closed","template":"","meta":[],"product_brand":[132],"product_cat":[82,150],"product_tag":[],"class_list":{"0":"post-6319","1":"product","2":"type-product","3":"status-publish","4":"has-post-thumbnail","6":"product_brand-gaciron","7":"product_cat-kolesarske-luci","8":"product_cat-sprednje-kolesarske-luci","10":"first","11":"onbackorder","12":"taxable","13":"shipping-taxable","14":"purchasable","15":"product-type-simple"},"yoast_head":"<!-- This site is optimized with the Yoast SEO plugin v27.3 - https:\/\/yoast.com\/product\/yoast-seo-wordpress\/ -->\n<title>Kolesarska lu\u010d s hupo Gaciron V18 - Hey Monkey<\/title>\n<meta name=\"description\" content=\"Kolesarska lu\u010d s hupo z mo\u010djo 200 lumnov in delovanjem do 15 ur. Vodoodporna po standardu IPX6. Kvalitetno izdelana in z ve\u010d stopnjami delovanja.\" \/>\n<meta name=\"robots\" content=\"index, follow, max-snippet:-1, max-image-preview:large, max-video-preview:-1\" \/>\n<link rel=\"canonical\" href=\"https:\/\/www.sportshine.eu\/hu\/uzlet\/kerekparlampa-kurttel-gaciron-v18\/\" \/>\n<meta property=\"og:locale\" content=\"hu_HU\" \/>\n<meta property=\"og:type\" content=\"article\" \/>\n<meta property=\"og:title\" content=\"Kolesarska lu\u010d s hupo Gaciron V18 - Hey Monkey\" \/>\n<meta property=\"og:description\" content=\"Kolesarska lu\u010d s hupo z mo\u010djo 200 lumnov in delovanjem do 15 ur. Vodoodporna po standardu IPX6. Kvalitetno izdelana in z ve\u010d stopnjami delovanja.\" \/>\n<meta property=\"og:url\" content=\"https:\/\/www.sportshine.eu\/hu\/uzlet\/kerekparlampa-kurttel-gaciron-v18\/\" \/>\n<meta property=\"og:site_name\" content=\"Sportshine\" \/>\n<meta property=\"article:publisher\" content=\"https:\/\/www.facebook.com\/sportshine.eu\/\" \/>\n<meta property=\"article:modified_time\" content=\"2026-01-30T19:30:33+00:00\" \/>\n<meta property=\"og:image\" content=\"https:\/\/www.sportshine.eu\/wp-content\/uploads\/2025\/07\/Luc-za-kolo.jpg\" \/>\n\t<meta property=\"og:image:width\" content=\"800\" \/>\n\t<meta property=\"og:image:height\" content=\"800\" \/>\n\t<meta property=\"og:image:type\" content=\"image\/jpeg\" \/>\n<meta name=\"twitter:card\" content=\"summary_large_image\" \/>\n<meta name=\"twitter:label1\" content=\"Becs\u00fclt olvas\u00e1si id\u0151\" \/>\n\t<meta name=\"twitter:data1\" content=\"3 perc\" \/>\n<script type=\"application\/ld+json\" class=\"yoast-schema-graph\">{\"@context\":\"https:\\\/\\\/schema.org\",\"@graph\":[{\"@type\":\"WebPage\",\"@id\":\"https:\\\/\\\/www.sportshine.eu\\\/trgovina\\\/kolesarska-luc-s-hupo-gaciron-v18\\\/\",\"url\":\"https:\\\/\\\/www.sportshine.eu\\\/trgovina\\\/kolesarska-luc-s-hupo-gaciron-v18\\\/\",\"name\":\"Kolesarska lu\u010d s hupo Gaciron V18 - Hey Monkey\",\"isPartOf\":{\"@id\":\"https:\\\/\\\/www.sportshine.eu\\\/#website\"},\"primaryImageOfPage\":{\"@id\":\"https:\\\/\\\/www.sportshine.eu\\\/trgovina\\\/kolesarska-luc-s-hupo-gaciron-v18\\\/#primaryimage\"},\"image\":{\"@id\":\"https:\\\/\\\/www.sportshine.eu\\\/trgovina\\\/kolesarska-luc-s-hupo-gaciron-v18\\\/#primaryimage\"},\"thumbnailUrl\":\"https:\\\/\\\/www.sportshine.eu\\\/wp-content\\\/uploads\\\/2025\\\/07\\\/Luc-za-kolo.jpg\",\"datePublished\":\"2026-01-28T21:09:12+00:00\",\"dateModified\":\"2026-01-30T19:30:33+00:00\",\"description\":\"Kolesarska lu\u010d s hupo z mo\u010djo 200 lumnov in delovanjem do 15 ur. Vodoodporna po standardu IPX6. Kvalitetno izdelana in z ve\u010d stopnjami delovanja.\",\"breadcrumb\":{\"@id\":\"https:\\\/\\\/www.sportshine.eu\\\/trgovina\\\/kolesarska-luc-s-hupo-gaciron-v18\\\/#breadcrumb\"},\"inLanguage\":\"hu\",\"potentialAction\":[{\"@type\":\"ReadAction\",\"target\":[\"https:\\\/\\\/www.sportshine.eu\\\/trgovina\\\/kolesarska-luc-s-hupo-gaciron-v18\\\/\"]}]},{\"@type\":\"ImageObject\",\"inLanguage\":\"hu\",\"@id\":\"https:\\\/\\\/www.sportshine.eu\\\/trgovina\\\/kolesarska-luc-s-hupo-gaciron-v18\\\/#primaryimage\",\"url\":\"https:\\\/\\\/www.sportshine.eu\\\/wp-content\\\/uploads\\\/2025\\\/07\\\/Luc-za-kolo.jpg\",\"contentUrl\":\"https:\\\/\\\/www.sportshine.eu\\\/wp-content\\\/uploads\\\/2025\\\/07\\\/Luc-za-kolo.jpg\",\"width\":800,\"height\":800},{\"@type\":\"BreadcrumbList\",\"@id\":\"https:\\\/\\\/www.sportshine.eu\\\/trgovina\\\/kolesarska-luc-s-hupo-gaciron-v18\\\/#breadcrumb\",\"itemListElement\":[{\"@type\":\"ListItem\",\"position\":1,\"name\":\"Home\",\"item\":\"https:\\\/\\\/www.sportshine.eu\\\/\"},{\"@type\":\"ListItem\",\"position\":2,\"name\":\"Trgovina\",\"item\":\"https:\\\/\\\/www.sportshine.eu\\\/trgovina\\\/\"},{\"@type\":\"ListItem\",\"position\":3,\"name\":\"Kolesarska lu\u010d s hupo Gaciron V18\"}]},{\"@type\":\"WebSite\",\"@id\":\"https:\\\/\\\/www.sportshine.eu\\\/#website\",\"url\":\"https:\\\/\\\/www.sportshine.eu\\\/\",\"name\":\"Sportshine\",\"description\":\"Top spletna trgovina kolesarskih in naglavnih svetilk ter opreme\",\"publisher\":{\"@id\":\"https:\\\/\\\/www.sportshine.eu\\\/#organization\"},\"potentialAction\":[{\"@type\":\"SearchAction\",\"target\":{\"@type\":\"EntryPoint\",\"urlTemplate\":\"https:\\\/\\\/www.sportshine.eu\\\/?s={search_term_string}\"},\"query-input\":{\"@type\":\"PropertyValueSpecification\",\"valueRequired\":true,\"valueName\":\"search_term_string\"}}],\"inLanguage\":\"hu\"},{\"@type\":\"Organization\",\"@id\":\"https:\\\/\\\/www.sportshine.eu\\\/#organization\",\"name\":\"Sportshine\",\"url\":\"https:\\\/\\\/www.sportshine.eu\\\/\",\"logo\":{\"@type\":\"ImageObject\",\"inLanguage\":\"hu\",\"@id\":\"https:\\\/\\\/www.sportshine.eu\\\/#\\\/schema\\\/logo\\\/image\\\/\",\"url\":\"https:\\\/\\\/www.sportshine.eu\\\/wp-content\\\/uploads\\\/2026\\\/01\\\/cropped-Sportshine.webp\",\"contentUrl\":\"https:\\\/\\\/www.sportshine.eu\\\/wp-content\\\/uploads\\\/2026\\\/01\\\/cropped-Sportshine.webp\",\"width\":295,\"height\":128,\"caption\":\"Sportshine\"},\"image\":{\"@id\":\"https:\\\/\\\/www.sportshine.eu\\\/#\\\/schema\\\/logo\\\/image\\\/\"},\"sameAs\":[\"https:\\\/\\\/www.facebook.com\\\/sportshine.eu\\\/\"]}]}<\/script>\n<!-- \/ Yoast SEO plugin. -->","yoast_head_json":{"title":"Ker\u00e9kp\u00e1rl\u00e1mpa k\u00fcrttel Gaciron V18 - Hey Monkey","description":"Ker\u00e9kp\u00e1rl\u00e1mpa k\u00fcrttel, 200 lumennel \u00e9s ak\u00e1r 15 \u00f3r\u00e1s \u00fczemid\u0151vel. IPX6 szabv\u00e1ny szerint v\u00edz\u00e1ll\u00f3. Kiv\u00e1l\u00f3 min\u0151s\u00e9g\u0171 konstrukci\u00f3 \u00e9s t\u00f6bb m\u0171k\u00f6d\u00e9si szint.","robots":{"index":"index","follow":"follow","max-snippet":"max-snippet:-1","max-image-preview":"max-image-preview:large","max-video-preview":"max-video-preview:-1"},"canonical":"https:\/\/www.sportshine.eu\/hu\/uzlet\/kerekparlampa-kurttel-gaciron-v18\/","og_locale":"hu_HU","og_type":"article","og_title":"Kolesarska lu\u010d s hupo Gaciron V18 - Hey Monkey","og_description":"Kolesarska lu\u010d s hupo z mo\u010djo 200 lumnov in delovanjem do 15 ur. Vodoodporna po standardu IPX6. Kvalitetno izdelana in z ve\u010d stopnjami delovanja.","og_url":"https:\/\/www.sportshine.eu\/hu\/uzlet\/kerekparlampa-kurttel-gaciron-v18\/","og_site_name":"Sportshine","article_publisher":"https:\/\/www.facebook.com\/sportshine.eu\/","article_modified_time":"2026-01-30T19:30:33+00:00","og_image":[{"width":800,"height":800,"url":"https:\/\/www.sportshine.eu\/wp-content\/uploads\/2025\/07\/Luc-za-kolo.jpg","type":"image\/jpeg"}],"twitter_card":"summary_large_image","twitter_misc":{"Becs\u00fclt olvas\u00e1si id\u0151":"3 perc"},"schema":{"@context":"https:\/\/schema.org","@graph":[{"@type":"WebPage","@id":"https:\/\/www.sportshine.eu\/trgovina\/kolesarska-luc-s-hupo-gaciron-v18\/","url":"https:\/\/www.sportshine.eu\/trgovina\/kolesarska-luc-s-hupo-gaciron-v18\/","name":"Ker\u00e9kp\u00e1rl\u00e1mpa k\u00fcrttel Gaciron V18 - Hey Monkey","isPartOf":{"@id":"https:\/\/www.sportshine.eu\/#website"},"primaryImageOfPage":{"@id":"https:\/\/www.sportshine.eu\/trgovina\/kolesarska-luc-s-hupo-gaciron-v18\/#primaryimage"},"image":{"@id":"https:\/\/www.sportshine.eu\/trgovina\/kolesarska-luc-s-hupo-gaciron-v18\/#primaryimage"},"thumbnailUrl":"https:\/\/www.sportshine.eu\/wp-content\/uploads\/2025\/07\/Luc-za-kolo.jpg","datePublished":"2026-01-28T21:09:12+00:00","dateModified":"2026-01-30T19:30:33+00:00","description":"Ker\u00e9kp\u00e1rl\u00e1mpa k\u00fcrttel, 200 lumennel \u00e9s ak\u00e1r 15 \u00f3r\u00e1s \u00fczemid\u0151vel. IPX6 szabv\u00e1ny szerint v\u00edz\u00e1ll\u00f3. Kiv\u00e1l\u00f3 min\u0151s\u00e9g\u0171 konstrukci\u00f3 \u00e9s t\u00f6bb m\u0171k\u00f6d\u00e9si szint.","breadcrumb":{"@id":"https:\/\/www.sportshine.eu\/trgovina\/kolesarska-luc-s-hupo-gaciron-v18\/#breadcrumb"},"inLanguage":"hu","potentialAction":[{"@type":"ReadAction","target":["https:\/\/www.sportshine.eu\/trgovina\/kolesarska-luc-s-hupo-gaciron-v18\/"]}]},{"@type":"ImageObject","inLanguage":"hu","@id":"https:\/\/www.sportshine.eu\/trgovina\/kolesarska-luc-s-hupo-gaciron-v18\/#primaryimage","url":"https:\/\/www.sportshine.eu\/wp-content\/uploads\/2025\/07\/Luc-za-kolo.jpg","contentUrl":"https:\/\/www.sportshine.eu\/wp-content\/uploads\/2025\/07\/Luc-za-kolo.jpg","width":800,"height":800},{"@type":"BreadcrumbList","@id":"https:\/\/www.sportshine.eu\/trgovina\/kolesarska-luc-s-hupo-gaciron-v18\/#breadcrumb","itemListElement":[{"@type":"ListItem","position":1,"name":"Home","item":"https:\/\/www.sportshine.eu\/"},{"@type":"ListItem","position":2,"name":"Trgovina","item":"https:\/\/www.sportshine.eu\/trgovina\/"},{"@type":"ListItem","position":3,"name":"Kolesarska lu\u010d s hupo Gaciron V18"}]},{"@type":"WebSite","@id":"https:\/\/www.sportshine.eu\/#website","url":"https:\/\/www.sportshine.eu\/","name":"Sportshine","description":"Ker\u00e9kp\u00e1ros, fejl\u00e1mp\u00e1k \u00e9s felszerel\u00e9sek online \u00e1ruh\u00e1z\u00e1nak vezet\u0151 k\u00edn\u00e1lata","publisher":{"@id":"https:\/\/www.sportshine.eu\/#organization"},"potentialAction":[{"@type":"SearchAction","target":{"@type":"EntryPoint","urlTemplate":"https:\/\/www.sportshine.eu\/?s={search_term_string}"},"query-input":{"@type":"PropertyValueSpecification","valueRequired":true,"valueName":"search_term_string"}}],"inLanguage":"hu"},{"@type":"Organization","@id":"https:\/\/www.sportshine.eu\/#organization","name":"Sportshine","url":"https:\/\/www.sportshine.eu\/","logo":{"@type":"ImageObject","inLanguage":"hu","@id":"https:\/\/www.sportshine.eu\/#\/schema\/logo\/image\/","url":"https:\/\/www.sportshine.eu\/wp-content\/uploads\/2026\/01\/cropped-Sportshine.webp","contentUrl":"https:\/\/www.sportshine.eu\/wp-content\/uploads\/2026\/01\/cropped-Sportshine.webp","width":295,"height":128,"caption":"Sportshine"},"image":{"@id":"https:\/\/www.sportshine.eu\/#\/schema\/logo\/image\/"},"sameAs":["https:\/\/www.facebook.com\/sportshine.eu\/"]}]}},"_links":{"self":[{"href":"https:\/\/www.sportshine.eu\/hu\/wp-json\/wp\/v2\/product\/6319","targetHints":{"allow":["GET"]}}],"collection":[{"href":"https:\/\/www.sportshine.eu\/hu\/wp-json\/wp\/v2\/product"}],"about":[{"href":"https:\/\/www.sportshine.eu\/hu\/wp-json\/wp\/v2\/types\/product"}],"replies":[{"embeddable":true,"href":"https:\/\/www.sportshine.eu\/hu\/wp-json\/wp\/v2\/comments?post=6319"}],"version-history":[{"count":0,"href":"https:\/\/www.sportshine.eu\/hu\/wp-json\/wp\/v2\/product\/6319\/revisions"}],"wp:featuredmedia":[{"embeddable":true,"href":"https:\/\/www.sportshine.eu\/hu\/wp-json\/wp\/v2\/media\/5142"}],"wp:attachment":[{"href":"https:\/\/www.sportshine.eu\/hu\/wp-json\/wp\/v2\/media?parent=6319"}],"wp:term":[{"taxonomy":"product_brand","embeddable":true,"href":"https:\/\/www.sportshine.eu\/hu\/wp-json\/wp\/v2\/product_brand?post=6319"},{"taxonomy":"product_cat","embeddable":true,"href":"https:\/\/www.sportshine.eu\/hu\/wp-json\/wp\/v2\/product_cat?post=6319"},{"taxonomy":"product_tag","embeddable":true,"href":"https:\/\/www.sportshine.eu\/hu\/wp-json\/wp\/v2\/product_tag?post=6319"}],"curies":[{"name":"wp","href":"https:\/\/api.w.org\/{rel}","templated":true}]}}