{"id":6318,"date":"2026-02-25T21:09:11","date_gmt":"2026-02-25T21:09:11","guid":{"rendered":"https:\/\/www.sportshine.eu\/?post_type=product&#038;p=6318"},"modified":"2026-03-11T16:16:34","modified_gmt":"2026-03-11T16:16:34","slug":"gaciron-kiwi-1200-led-kerekparlampa","status":"publish","type":"product","link":"https:\/\/www.sportshine.eu\/hu\/uzlet\/gaciron-kiwi-1200-led-kerekparlampa\/","title":{"rendered":"Gaciron KIWI-1200 LED ker\u00e9kp\u00e1rl\u00e1mpa"},"content":{"rendered":"<h3 style=\"text-align: center;\">CIKLI F\u00c9NY T\u00dcKR\u00d6Z\u0150D\u00c9SMENTES HAT\u00c1SSAL<\/h3>\n<p style=\"text-align: center;\">A \u201ef\u00e9nyhat\u00e1r-lev\u00e1laszt\u00f3 vonal\u201d funkci\u00f3val ell\u00e1tott ker\u00e9kp\u00e1rl\u00e1mp\u00e1k \u00fagy vannak kialak\u00edtva, hogy a f\u00e9nyt egy meghat\u00e1rozott m\u00f3don vezess\u00e9k ki. A sz\u00f3rt vagy szab\u00e1lyozatlan f\u00e9nysug\u00e1r helyett a f\u00e9ny \u00e9les v\u00edzszintes s\u00e1vot alkot az \u00faton. Ez k\u00fcl\u00f6n\u00f6sen fontos a ker\u00e9kp\u00e1rf\u00e9nysz\u00f3r\u00f3k eset\u00e9ben, mivel megakad\u00e1lyozz\u00e1k a szembej\u00f6v\u0151 j\u00e1rm\u0171vek, a gyalogosok \u00e9s a ker\u00e9kp\u00e1rosok utasainak elvak\u00edt\u00e1s\u00e1t.<\/p>\n<p><img decoding=\"async\" class=\"aligncenter wp-image-5138 size-full\" src=\"https:\/\/www.sportshine.eu\/wp-content\/uploads\/2025\/07\/Gaciron-KIWI-1200-luc.webp\" alt=\"\" width=\"800\" height=\"800\" srcset=\"https:\/\/www.sportshine.eu\/wp-content\/uploads\/2025\/07\/Gaciron-KIWI-1200-luc.webp 800w, https:\/\/www.sportshine.eu\/wp-content\/uploads\/2025\/07\/Gaciron-KIWI-1200-luc-768x768.webp 768w, https:\/\/www.sportshine.eu\/wp-content\/uploads\/2025\/07\/Gaciron-KIWI-1200-luc-600x600.webp 600w\" sizes=\"(max-width: 800px) 100vw, 800px\" \/><\/p>\n<h3 style=\"text-align: center;\">NAGY TELJES\u00cdTM\u00c9NY\u0170 1200 LUMEN F\u00c9NYER\u0150 \u00c9S BE\u00c9P\u00cdTETT 4400 mAh-S L\u00cdTIUM-ION AKKUMUL\u00c1TOR<\/h3>\n<p style=\"text-align: center;\">5 f\u00e9nyer\u0151-be\u00e1ll\u00edt\u00e1st \u00e9s ak\u00e1r 24 \u00f3r\u00e1s m\u0171k\u00f6d\u00e9st tesz lehet\u0151v\u00e9.<\/p>\n<p><img decoding=\"async\" class=\"aligncenter wp-image-7687 size-full\" src=\"https:\/\/www.sportshine.eu\/wp-content\/uploads\/2025\/07\/Gaciron-KIWI-1200.webp\" alt=\"\" width=\"800\" height=\"600\" srcset=\"https:\/\/www.sportshine.eu\/wp-content\/uploads\/2025\/07\/Gaciron-KIWI-1200.webp 800w, https:\/\/www.sportshine.eu\/wp-content\/uploads\/2025\/07\/Gaciron-KIWI-1200-768x576.webp 768w, https:\/\/www.sportshine.eu\/wp-content\/uploads\/2025\/07\/Gaciron-KIWI-1200-600x450.webp 600w\" sizes=\"(max-width: 800px) 100vw, 800px\" \/><\/p>\n<h3 style=\"text-align: center;\">LEHET\u0150V\u00c9 TESZI A L\u00c1MPA FELSZEREL\u00c9S\u00c9T A KORM\u00c1NY MINDK\u00c9T OLDAL\u00c1RA (AZ \u00c1LL\u00cdT\u00d3 SZERSZ\u00c1M TARTOZ\u00c9K)<\/h3>\n<p style=\"text-align: center;\">A korm\u00e1ny tetej\u00e9re vagy al\u00e1 szeretn\u00e9d szerelni a l\u00e1mp\u00e1t? A KIWI 1200 ker\u00e9kp\u00e1rl\u00e1mpa mindkett\u0151re megold\u00e1st k\u00edn\u00e1l.<\/p>\n<p><img decoding=\"async\" class=\"aligncenter wp-image-5100\" src=\"https:\/\/www.sportshine.eu\/wp-content\/uploads\/2025\/07\/ezgif.com-gif-maker-20-e1725136875613.webp\" alt=\"\" width=\"800\" height=\"601\" srcset=\"https:\/\/www.sportshine.eu\/wp-content\/uploads\/2025\/07\/ezgif.com-gif-maker-20-e1725136875613.webp 700w, https:\/\/www.sportshine.eu\/wp-content\/uploads\/2025\/07\/ezgif.com-gif-maker-20-e1725136875613-600x451.webp 600w\" sizes=\"(max-width: 800px) 100vw, 800px\" \/><\/p>\n<h3 style=\"text-align: center;\">V\u00cdZ\u00c1LL\u00d3 AZ IPX6 SZABV\u00c1NY SZERINT \u2013 MINDEN ID\u0150J\u00c1R\u00c1SI K\u00d6R\u00dcLM\u00c9NY K\u00d6Z\u00d6TT<\/h3>\n<p><img decoding=\"async\" class=\"aligncenter wp-image-7688 size-full\" src=\"https:\/\/www.sportshine.eu\/wp-content\/uploads\/2025\/07\/Gaciron-KIWI-1200-1.webp\" alt=\"\" width=\"800\" height=\"800\" srcset=\"https:\/\/www.sportshine.eu\/wp-content\/uploads\/2025\/07\/Gaciron-KIWI-1200-1.webp 800w, https:\/\/www.sportshine.eu\/wp-content\/uploads\/2025\/07\/Gaciron-KIWI-1200-1-768x768.webp 768w, https:\/\/www.sportshine.eu\/wp-content\/uploads\/2025\/07\/Gaciron-KIWI-1200-1-600x600.webp 600w\" sizes=\"(max-width: 800px) 100vw, 800px\" \/><\/p>\n<h3 style=\"text-align: center;\">A KIWI-1200 KER\u00c9KP\u00c1RL\u00c1MPA VIDE\u00d3BEMUTAT\u00d3JA<\/h3>\n<p><iframe loading=\"lazy\" title=\"Gaciron KIWI-1200 ker\u00e9kp\u00e1r l\u00e1mpa\" width=\"500\" height=\"281\" src=\"https:\/\/www.youtube.com\/embed\/1pqa67TCT1k?feature=oembed\" frameborder=\"0\" allow=\"accelerometer; autoplay; clipboard-write; encrypted-media; gyroscope; picture-in-picture; web-share\" referrerpolicy=\"strict-origin-when-cross-origin\" allowfullscreen><\/iframe><\/p>\n<h3 style=\"text-align: center;\">AKKUMUL\u00c1TOR T\u00d6LT\u0150 FUNKCI\u00d3 ESZK\u00d6ZEIHEZ<\/h3>\n<p style=\"text-align: center;\">A KIWI 1200 ker\u00e9kp\u00e1rl\u00e1mpa t\u00f6lt\u0151\u00e1llom\u00e1sk\u00e9nt is haszn\u00e1lhat\u00f3 mobiltelefon, m\u00e9r\u0151m\u0171szer vagy m\u00e1s eszk\u00f6z sz\u00e1m\u00e1ra egy USB C t\u00f6lt\u0151egys\u00e9gen kereszt\u00fcl.<\/p>\n<p><img decoding=\"async\" class=\"aligncenter wp-image-7689 size-full\" src=\"https:\/\/www.sportshine.eu\/wp-content\/uploads\/2025\/07\/Gaciron-KIWI-1200-2.webp\" alt=\"\" width=\"800\" height=\"600\" srcset=\"https:\/\/www.sportshine.eu\/wp-content\/uploads\/2025\/07\/Gaciron-KIWI-1200-2.webp 800w, https:\/\/www.sportshine.eu\/wp-content\/uploads\/2025\/07\/Gaciron-KIWI-1200-2-768x576.webp 768w, https:\/\/www.sportshine.eu\/wp-content\/uploads\/2025\/07\/Gaciron-KIWI-1200-2-600x450.webp 600w\" sizes=\"(max-width: 800px) 100vw, 800px\" \/><\/p>\n<h3 style=\"text-align: center;\">KOMPAKT, TELJESEN ALUM\u00cdNIUM H\u00c1Z<\/h3>\n<p style=\"text-align: center;\">A Kiwi egy eleg\u00e1ns \u00e9s kompakt, CNC-megmunk\u00e1lt h\u00e1zzal rendelkezik, amely nemcsak remek\u00fcl n\u00e9z ki, hanem tart\u00f3ss\u00e1got \u00e9s hat\u00e9kony h\u0151elvezet\u00e9st is biztos\u00edt. \u00dagy tervezt\u00e9k, hogy ellen\u00e1lljon a ker\u00e9kp\u00e1roz\u00e1s megpr\u00f3b\u00e1ltat\u00e1sainak, a st\u00edlus \u00e9s a tart\u00f3ss\u00e1g t\u00f6k\u00e9letes kombin\u00e1ci\u00f3ja, amely kieg\u00e9sz\u00edti a ker\u00e9kp\u00e1r eszt\u00e9tik\u00e1j\u00e1t.<\/p>\n<p><img decoding=\"async\" class=\"aligncenter wp-image-7690 size-full\" src=\"https:\/\/www.sportshine.eu\/wp-content\/uploads\/2025\/07\/Gaciron-KIWI-1200-3.webp\" alt=\"\" width=\"800\" height=\"600\" srcset=\"https:\/\/www.sportshine.eu\/wp-content\/uploads\/2025\/07\/Gaciron-KIWI-1200-3.webp 800w, https:\/\/www.sportshine.eu\/wp-content\/uploads\/2025\/07\/Gaciron-KIWI-1200-3-768x576.webp 768w, https:\/\/www.sportshine.eu\/wp-content\/uploads\/2025\/07\/Gaciron-KIWI-1200-3-600x450.webp 600w\" sizes=\"(max-width: 800px) 100vw, 800px\" \/><\/p>\n<h3 style=\"text-align: center;\">A CSOMAGBAN KAPOD<\/h3>\n<p><img decoding=\"async\" class=\"aligncenter wp-image-7691\" src=\"https:\/\/www.sportshine.eu\/wp-content\/uploads\/2025\/07\/Gaciron-KIWI-1200-4.webp\" alt=\"\" width=\"800\" height=\"800\" srcset=\"https:\/\/www.sportshine.eu\/wp-content\/uploads\/2025\/07\/Gaciron-KIWI-1200-4-768x768.webp 768w, https:\/\/www.sportshine.eu\/wp-content\/uploads\/2025\/07\/Gaciron-KIWI-1200-4-600x600.webp 600w\" sizes=\"(max-width: 800px) 100vw, 800px\" \/><\/p>","protected":false},"excerpt":{"rendered":"<p>A Gaciron KIWI 1200 ker\u00e9kp\u00e1rl\u00e1mpa a \u201eCut-off Line\u201d technol\u00f3gi\u00e1val fejlett vil\u00e1g\u00edt\u00e1si megold\u00e1st k\u00edn\u00e1l a ker\u00e9kp\u00e1rosok sz\u00e1m\u00e1ra. Ez a technol\u00f3gia a f\u00e9nysugarat \u00e9les v\u00edzszintes cs\u00edk form\u00e1j\u00e1ban form\u00e1lja, amely tiszta megvil\u00e1g\u00edt\u00e1st biztos\u00edt az \u00fattesten an\u00e9lk\u00fcl, hogy elvak\u00edtan\u00e1 a t\u00f6bbi k\u00f6zleked\u0151t. A felszerel\u00e9si m\u00f3d is kulcsfontoss\u00e1g\u00fa, amelynek lehet\u0151v\u00e9 kell tennie a f\u00e9nysug\u00e1r helyes t\u00e1jol\u00e1s\u00e1t. A KIWI-1200 modell ezt a technol\u00f3gi\u00e1t a korm\u00e1ny f\u00f6l\u00e9 vagy al\u00e1 rugalmasan r\u00f6gz\u00edthet\u0151 megold\u00e1ssal \u00f6tv\u00f6zi, ami biztons\u00e1gos \u00e9s hat\u00e9kony megold\u00e1st k\u00edn\u00e1l az \u00e9jszakai ker\u00e9kp\u00e1roz\u00e1shoz.<\/p>","protected":false},"featured_media":5098,"comment_status":"open","ping_status":"closed","template":"","meta":[],"product_brand":[132],"product_cat":[82,150],"product_tag":[],"class_list":{"0":"post-6318","1":"product","2":"type-product","3":"status-publish","4":"has-post-thumbnail","6":"product_brand-gaciron","7":"product_cat-kolesarske-luci","8":"product_cat-sprednje-kolesarske-luci","10":"first","11":"instock","12":"sale","13":"taxable","14":"shipping-taxable","15":"purchasable","16":"product-type-simple"},"yoast_head":"<!-- This site is optimized with the Yoast SEO plugin v27.3 - https:\/\/yoast.com\/product\/yoast-seo-wordpress\/ -->\n<title>Kolesarska lu\u010d LED Gaciron KIWI-1200<\/title>\n<meta name=\"description\" content=\"Kolesarska lu\u010d LED z mo\u010djo 1200 lumnov. Za svojo mo\u010d uporablja 4400 mAh litij-ionsko baterijo - Vodoodporna po standardu IPX6\" \/>\n<meta name=\"robots\" content=\"index, follow, max-snippet:-1, max-image-preview:large, max-video-preview:-1\" \/>\n<link rel=\"canonical\" href=\"https:\/\/www.sportshine.eu\/hu\/originalstran\/uzlet\/gaciron-kiwi-1200-kolesarska-luc\/\" \/>\n<meta property=\"og:locale\" content=\"hu_HU\" \/>\n<meta property=\"og:type\" content=\"article\" \/>\n<meta property=\"og:title\" content=\"Kolesarska lu\u010d LED Gaciron KIWI-1200\" \/>\n<meta property=\"og:description\" content=\"Kolesarska lu\u010d LED z mo\u010djo 1200 lumnov. Za svojo mo\u010d uporablja 4400 mAh litij-ionsko baterijo - Vodoodporna po standardu IPX6\" \/>\n<meta property=\"og:url\" content=\"https:\/\/www.sportshine.eu\/hu\/originalstran\/uzlet\/gaciron-kiwi-1200-kolesarska-luc\/\" \/>\n<meta property=\"og:site_name\" content=\"Sportshine\" \/>\n<meta property=\"article:publisher\" content=\"https:\/\/www.facebook.com\/sportshine.eu\/\" \/>\n<meta property=\"article:modified_time\" content=\"2026-03-11T16:16:34+00:00\" \/>\n<meta property=\"og:image\" content=\"https:\/\/www.sportshine.eu\/wp-content\/uploads\/2025\/07\/Gaciron-KIWI-800.webp\" \/>\n\t<meta property=\"og:image:width\" content=\"800\" \/>\n\t<meta property=\"og:image:height\" content=\"800\" \/>\n\t<meta property=\"og:image:type\" content=\"image\/webp\" \/>\n<meta name=\"twitter:card\" content=\"summary_large_image\" \/>\n<meta name=\"twitter:label1\" content=\"Becs\u00fclt olvas\u00e1si id\u0151\" \/>\n\t<meta name=\"twitter:data1\" content=\"3 perc\" \/>\n<script type=\"application\/ld+json\" class=\"yoast-schema-graph\">{\"@context\":\"https:\\\/\\\/schema.org\",\"@graph\":[{\"@type\":\"WebPage\",\"@id\":\"https:\\\/\\\/www.sportshine.eu\\\/trgovina\\\/kolesarska-luc-led-gaciron-kiwi-1200\\\/\",\"url\":\"https:\\\/\\\/www.sportshine.eu\\\/originalstran\\\/trgovina\\\/gaciron-kiwi-1200-kolesarska-luc\\\/\",\"name\":\"Kolesarska lu\u010d LED Gaciron KIWI-1200\",\"isPartOf\":{\"@id\":\"https:\\\/\\\/www.sportshine.eu\\\/#website\"},\"primaryImageOfPage\":{\"@id\":\"https:\\\/\\\/www.sportshine.eu\\\/originalstran\\\/trgovina\\\/gaciron-kiwi-1200-kolesarska-luc\\\/#primaryimage\"},\"image\":{\"@id\":\"https:\\\/\\\/www.sportshine.eu\\\/originalstran\\\/trgovina\\\/gaciron-kiwi-1200-kolesarska-luc\\\/#primaryimage\"},\"thumbnailUrl\":\"https:\\\/\\\/www.sportshine.eu\\\/wp-content\\\/uploads\\\/2025\\\/07\\\/Gaciron-KIWI-800.webp\",\"datePublished\":\"2026-02-25T21:09:11+00:00\",\"dateModified\":\"2026-03-11T16:16:34+00:00\",\"description\":\"Kolesarska lu\u010d LED z mo\u010djo 1200 lumnov. Za svojo mo\u010d uporablja 4400 mAh litij-ionsko baterijo - Vodoodporna po standardu IPX6\",\"breadcrumb\":{\"@id\":\"https:\\\/\\\/www.sportshine.eu\\\/originalstran\\\/trgovina\\\/gaciron-kiwi-1200-kolesarska-luc\\\/#breadcrumb\"},\"inLanguage\":\"hu\",\"potentialAction\":[{\"@type\":\"ReadAction\",\"target\":[\"https:\\\/\\\/www.sportshine.eu\\\/originalstran\\\/trgovina\\\/gaciron-kiwi-1200-kolesarska-luc\\\/\"]}]},{\"@type\":\"ImageObject\",\"inLanguage\":\"hu\",\"@id\":\"https:\\\/\\\/www.sportshine.eu\\\/originalstran\\\/trgovina\\\/gaciron-kiwi-1200-kolesarska-luc\\\/#primaryimage\",\"url\":\"https:\\\/\\\/www.sportshine.eu\\\/wp-content\\\/uploads\\\/2025\\\/07\\\/Gaciron-KIWI-800.webp\",\"contentUrl\":\"https:\\\/\\\/www.sportshine.eu\\\/wp-content\\\/uploads\\\/2025\\\/07\\\/Gaciron-KIWI-800.webp\",\"width\":800,\"height\":800},{\"@type\":\"BreadcrumbList\",\"@id\":\"https:\\\/\\\/www.sportshine.eu\\\/originalstran\\\/trgovina\\\/gaciron-kiwi-1200-kolesarska-luc\\\/#breadcrumb\",\"itemListElement\":[{\"@type\":\"ListItem\",\"position\":1,\"name\":\"Home\",\"item\":\"https:\\\/\\\/www.sportshine.eu\\\/\"},{\"@type\":\"ListItem\",\"position\":2,\"name\":\"Trgovina\",\"item\":\"https:\\\/\\\/www.sportshine.eu\\\/trgovina\\\/\"},{\"@type\":\"ListItem\",\"position\":3,\"name\":\"Kolesarska lu\u010d LED Gaciron KIWI-1200\"}]},{\"@type\":\"WebSite\",\"@id\":\"https:\\\/\\\/www.sportshine.eu\\\/#website\",\"url\":\"https:\\\/\\\/www.sportshine.eu\\\/\",\"name\":\"Sportshine\",\"description\":\"Top spletna trgovina kolesarskih in naglavnih svetilk ter opreme\",\"publisher\":{\"@id\":\"https:\\\/\\\/www.sportshine.eu\\\/#organization\"},\"potentialAction\":[{\"@type\":\"SearchAction\",\"target\":{\"@type\":\"EntryPoint\",\"urlTemplate\":\"https:\\\/\\\/www.sportshine.eu\\\/?s={search_term_string}\"},\"query-input\":{\"@type\":\"PropertyValueSpecification\",\"valueRequired\":true,\"valueName\":\"search_term_string\"}}],\"inLanguage\":\"hu\"},{\"@type\":\"Organization\",\"@id\":\"https:\\\/\\\/www.sportshine.eu\\\/#organization\",\"name\":\"Sportshine\",\"url\":\"https:\\\/\\\/www.sportshine.eu\\\/\",\"logo\":{\"@type\":\"ImageObject\",\"inLanguage\":\"hu\",\"@id\":\"https:\\\/\\\/www.sportshine.eu\\\/#\\\/schema\\\/logo\\\/image\\\/\",\"url\":\"https:\\\/\\\/www.sportshine.eu\\\/wp-content\\\/uploads\\\/2026\\\/01\\\/cropped-Sportshine.webp\",\"contentUrl\":\"https:\\\/\\\/www.sportshine.eu\\\/wp-content\\\/uploads\\\/2026\\\/01\\\/cropped-Sportshine.webp\",\"width\":295,\"height\":128,\"caption\":\"Sportshine\"},\"image\":{\"@id\":\"https:\\\/\\\/www.sportshine.eu\\\/#\\\/schema\\\/logo\\\/image\\\/\"},\"sameAs\":[\"https:\\\/\\\/www.facebook.com\\\/sportshine.eu\\\/\"]}]}<\/script>\n<!-- \/ Yoast SEO plugin. -->","yoast_head_json":{"title":"Gaciron KIWI-1200 LED ker\u00e9kp\u00e1rl\u00e1mpa","description":"1200 lumenes LED-es ker\u00e9kp\u00e1rl\u00e1mpa. 4400 mAh-s l\u00edtium-ion akkumul\u00e1tor biztos\u00edtja az \u00e1ramell\u00e1t\u00e1st - IPX6 szabv\u00e1ny szerint v\u00edz\u00e1ll\u00f3","robots":{"index":"index","follow":"follow","max-snippet":"max-snippet:-1","max-image-preview":"max-image-preview:large","max-video-preview":"max-video-preview:-1"},"canonical":"https:\/\/www.sportshine.eu\/hu\/originalstran\/uzlet\/gaciron-kiwi-1200-kolesarska-luc\/","og_locale":"hu_HU","og_type":"article","og_title":"Kolesarska lu\u010d LED Gaciron KIWI-1200","og_description":"Kolesarska lu\u010d LED z mo\u010djo 1200 lumnov. Za svojo mo\u010d uporablja 4400 mAh litij-ionsko baterijo - Vodoodporna po standardu IPX6","og_url":"https:\/\/www.sportshine.eu\/hu\/originalstran\/uzlet\/gaciron-kiwi-1200-kolesarska-luc\/","og_site_name":"Sportshine","article_publisher":"https:\/\/www.facebook.com\/sportshine.eu\/","article_modified_time":"2026-03-11T16:16:34+00:00","og_image":[{"width":800,"height":800,"url":"https:\/\/www.sportshine.eu\/wp-content\/uploads\/2025\/07\/Gaciron-KIWI-800.webp","type":"image\/webp"}],"twitter_card":"summary_large_image","twitter_misc":{"Becs\u00fclt olvas\u00e1si id\u0151":"3 perc"},"schema":{"@context":"https:\/\/schema.org","@graph":[{"@type":"WebPage","@id":"https:\/\/www.sportshine.eu\/trgovina\/kolesarska-luc-led-gaciron-kiwi-1200\/","url":"https:\/\/www.sportshine.eu\/originalstran\/trgovina\/gaciron-kiwi-1200-kolesarska-luc\/","name":"Gaciron KIWI-1200 LED ker\u00e9kp\u00e1rl\u00e1mpa","isPartOf":{"@id":"https:\/\/www.sportshine.eu\/#website"},"primaryImageOfPage":{"@id":"https:\/\/www.sportshine.eu\/originalstran\/trgovina\/gaciron-kiwi-1200-kolesarska-luc\/#primaryimage"},"image":{"@id":"https:\/\/www.sportshine.eu\/originalstran\/trgovina\/gaciron-kiwi-1200-kolesarska-luc\/#primaryimage"},"thumbnailUrl":"https:\/\/www.sportshine.eu\/wp-content\/uploads\/2025\/07\/Gaciron-KIWI-800.webp","datePublished":"2026-02-25T21:09:11+00:00","dateModified":"2026-03-11T16:16:34+00:00","description":"1200 lumenes LED-es ker\u00e9kp\u00e1rl\u00e1mpa. 4400 mAh-s l\u00edtium-ion akkumul\u00e1tor biztos\u00edtja az \u00e1ramell\u00e1t\u00e1st - IPX6 szabv\u00e1ny szerint v\u00edz\u00e1ll\u00f3","breadcrumb":{"@id":"https:\/\/www.sportshine.eu\/originalstran\/trgovina\/gaciron-kiwi-1200-kolesarska-luc\/#breadcrumb"},"inLanguage":"hu","potentialAction":[{"@type":"ReadAction","target":["https:\/\/www.sportshine.eu\/originalstran\/trgovina\/gaciron-kiwi-1200-kolesarska-luc\/"]}]},{"@type":"ImageObject","inLanguage":"hu","@id":"https:\/\/www.sportshine.eu\/originalstran\/trgovina\/gaciron-kiwi-1200-kolesarska-luc\/#primaryimage","url":"https:\/\/www.sportshine.eu\/wp-content\/uploads\/2025\/07\/Gaciron-KIWI-800.webp","contentUrl":"https:\/\/www.sportshine.eu\/wp-content\/uploads\/2025\/07\/Gaciron-KIWI-800.webp","width":800,"height":800},{"@type":"BreadcrumbList","@id":"https:\/\/www.sportshine.eu\/originalstran\/trgovina\/gaciron-kiwi-1200-kolesarska-luc\/#breadcrumb","itemListElement":[{"@type":"ListItem","position":1,"name":"Home","item":"https:\/\/www.sportshine.eu\/"},{"@type":"ListItem","position":2,"name":"Trgovina","item":"https:\/\/www.sportshine.eu\/trgovina\/"},{"@type":"ListItem","position":3,"name":"Kolesarska lu\u010d LED Gaciron KIWI-1200"}]},{"@type":"WebSite","@id":"https:\/\/www.sportshine.eu\/#website","url":"https:\/\/www.sportshine.eu\/","name":"Sportshine","description":"Ker\u00e9kp\u00e1ros, fejl\u00e1mp\u00e1k \u00e9s felszerel\u00e9sek online \u00e1ruh\u00e1z\u00e1nak vezet\u0151 k\u00edn\u00e1lata","publisher":{"@id":"https:\/\/www.sportshine.eu\/#organization"},"potentialAction":[{"@type":"SearchAction","target":{"@type":"EntryPoint","urlTemplate":"https:\/\/www.sportshine.eu\/?s={search_term_string}"},"query-input":{"@type":"PropertyValueSpecification","valueRequired":true,"valueName":"search_term_string"}}],"inLanguage":"hu"},{"@type":"Organization","@id":"https:\/\/www.sportshine.eu\/#organization","name":"Sportshine","url":"https:\/\/www.sportshine.eu\/","logo":{"@type":"ImageObject","inLanguage":"hu","@id":"https:\/\/www.sportshine.eu\/#\/schema\/logo\/image\/","url":"https:\/\/www.sportshine.eu\/wp-content\/uploads\/2026\/01\/cropped-Sportshine.webp","contentUrl":"https:\/\/www.sportshine.eu\/wp-content\/uploads\/2026\/01\/cropped-Sportshine.webp","width":295,"height":128,"caption":"Sportshine"},"image":{"@id":"https:\/\/www.sportshine.eu\/#\/schema\/logo\/image\/"},"sameAs":["https:\/\/www.facebook.com\/sportshine.eu\/"]}]}},"_links":{"self":[{"href":"https:\/\/www.sportshine.eu\/hu\/wp-json\/wp\/v2\/product\/6318","targetHints":{"allow":["GET"]}}],"collection":[{"href":"https:\/\/www.sportshine.eu\/hu\/wp-json\/wp\/v2\/product"}],"about":[{"href":"https:\/\/www.sportshine.eu\/hu\/wp-json\/wp\/v2\/types\/product"}],"replies":[{"embeddable":true,"href":"https:\/\/www.sportshine.eu\/hu\/wp-json\/wp\/v2\/comments?post=6318"}],"version-history":[{"count":0,"href":"https:\/\/www.sportshine.eu\/hu\/wp-json\/wp\/v2\/product\/6318\/revisions"}],"wp:featuredmedia":[{"embeddable":true,"href":"https:\/\/www.sportshine.eu\/hu\/wp-json\/wp\/v2\/media\/5098"}],"wp:attachment":[{"href":"https:\/\/www.sportshine.eu\/hu\/wp-json\/wp\/v2\/media?parent=6318"}],"wp:term":[{"taxonomy":"product_brand","embeddable":true,"href":"https:\/\/www.sportshine.eu\/hu\/wp-json\/wp\/v2\/product_brand?post=6318"},{"taxonomy":"product_cat","embeddable":true,"href":"https:\/\/www.sportshine.eu\/hu\/wp-json\/wp\/v2\/product_cat?post=6318"},{"taxonomy":"product_tag","embeddable":true,"href":"https:\/\/www.sportshine.eu\/hu\/wp-json\/wp\/v2\/product_tag?post=6318"}],"curies":[{"name":"wp","href":"https:\/\/api.w.org\/{rel}","templated":true}]}}