{"id":6316,"date":"2026-01-28T21:09:08","date_gmt":"2026-01-28T21:09:08","guid":{"rendered":"https:\/\/www.sportshine.eu\/?post_type=product&#038;p=6316"},"modified":"2026-01-30T19:30:23","modified_gmt":"2026-01-30T19:30:23","slug":"gaciron-mars-800-led-kerekparlampa","status":"publish","type":"product","link":"https:\/\/www.sportshine.eu\/hu\/uzlet\/gaciron-mars-800-led-kerekparlampa\/","title":{"rendered":"Gaciron MARS-800 LED ker\u00e9kp\u00e1rl\u00e1mpa"},"content":{"rendered":"<p style=\"text-align: center;\"><span class=\"Y2IQFc\" lang=\"sl\">A Gaciron MARS-800 ker\u00e9kp\u00e1rl\u00e1mpa egy kiv\u00e9teles els\u0151 l\u00e1mpa kompakt fel\u00e9p\u00edt\u00e9ssel \u00e9s kreat\u00edv kialak\u00edt\u00e1ssal. A nagy teljes\u00edtm\u00e9ny\u0171 LED izz\u00f3 nagy f\u00e9nyer\u0151t biztos\u00edt, el\u00e9rve a 800 lument. A MARS-800 ker\u00e9kp\u00e1rl\u00e1mpa a f\u00e9nysugarat j\u00f3val a szembej\u00f6v\u0151 forgalom r\u00e9sztvev\u0151inek szemmagass\u00e1ga alatt tartja. Ez biztons\u00e1gosabb\u00e1 teszi az utakat minden r\u00e9sztvev\u0151 sz\u00e1m\u00e1ra.<\/span><\/p>\n<p><img decoding=\"async\" class=\"aligncenter wp-image-5133 size-full\" src=\"https:\/\/www.sportshine.eu\/wp-content\/uploads\/2025\/07\/kolesarska-luc-1.jpg\" alt=\"\" width=\"800\" height=\"800\" srcset=\"https:\/\/www.sportshine.eu\/wp-content\/uploads\/2025\/07\/kolesarska-luc-1.jpg 800w, https:\/\/www.sportshine.eu\/wp-content\/uploads\/2025\/07\/kolesarska-luc-1-768x768.jpg 768w, https:\/\/www.sportshine.eu\/wp-content\/uploads\/2025\/07\/kolesarska-luc-1-600x600.jpg 600w\" sizes=\"(max-width: 800px) 100vw, 800px\" \/><\/p>\n<p style=\"text-align: center;\"><span class=\"Y2IQFc\" lang=\"sl\">A MARS-800 ker\u00e9kp\u00e1rl\u00e1mpa 5 m\u0171k\u00f6d\u00e9si szinttel rendelkezik. V\u00edz\u00e1ll\u00f3 az IP67 szabv\u00e1ny szerint, \u00e9s m\u00e9g es\u0151s napokon is remek\u00fcl m\u0171k\u00f6dik. Be\u00e9p\u00edtett, nagy teljes\u00edtm\u00e9ny\u0171, 3000 mAh-s l\u00edtium-ion akkumul\u00e1torral rendelkezik, amely ak\u00e1r 24 \u00f3r\u00e1s \u00fczemid\u0151t is lehet\u0151v\u00e9 tesz. T\u00f6lt\u00e9se USB-C porton kereszt\u00fcl t\u00f6rt\u00e9nik. A t\u00f6lt\u00e9si id\u0151 mind\u00f6ssze 2 \u00f3ra. Maga a bekapcsol\u00f3gomb h\u00e1romsz\u00edn\u0171 akkumul\u00e1torjelz\u0151vel rendelkezik. Ha a piros l\u00e1mpa vil\u00e1g\u00edt, az azt jelenti, hogy m\u00e1r csak 20% kapacit\u00e1sa van.<\/span><\/p>\n<p style=\"text-align: center;\"><img decoding=\"async\" class=\"aligncenter wp-image-5131 size-full\" src=\"https:\/\/www.sportshine.eu\/wp-content\/uploads\/2025\/07\/My-project4.jpg\" alt=\"\" width=\"800\" height=\"800\" srcset=\"https:\/\/www.sportshine.eu\/wp-content\/uploads\/2025\/07\/My-project4.jpg 800w, https:\/\/www.sportshine.eu\/wp-content\/uploads\/2025\/07\/My-project4-768x768.jpg 768w, https:\/\/www.sportshine.eu\/wp-content\/uploads\/2025\/07\/My-project4-600x600.jpg 600w\" sizes=\"(max-width: 800px) 100vw, 800px\" \/> A t\u00f6lt\u0151k\u00e1bel \u00e9s a korm\u00e1nyvil\u00e1g\u00edt\u00e1s vez\u00e9rl\u00e9s\u00e9hez sz\u00fcks\u00e9ges adapter mellett a csomag tartalmazza a H17 ker\u00e9kp\u00e1ros tart\u00f3t is. Egyszer\u0171en szereld fel a korm\u00e1nyra, \u00e9s m\u00e1ris r\u00f6gz\u00edthetsz r\u00e1 egy Garmin sz\u00e1m\u00edt\u00f3g\u00e9pet.<br \/>\n<img decoding=\"async\" class=\"aligncenter wp-image-5132 size-full\" src=\"https:\/\/www.sportshine.eu\/wp-content\/uploads\/2025\/07\/My-project2.jpg\" alt=\"\" width=\"800\" height=\"800\" srcset=\"https:\/\/www.sportshine.eu\/wp-content\/uploads\/2025\/07\/My-project2.jpg 800w, https:\/\/www.sportshine.eu\/wp-content\/uploads\/2025\/07\/My-project2-768x768.jpg 768w, https:\/\/www.sportshine.eu\/wp-content\/uploads\/2025\/07\/My-project2-600x600.jpg 600w\" sizes=\"(max-width: 800px) 100vw, 800px\" \/><\/p>\n<p>&nbsp;<\/p>\n<p>&nbsp;<\/p>\n<p>&nbsp;<\/p>\n<p><iframe loading=\"lazy\" title=\"Gaciron MARS-800\" width=\"500\" height=\"281\" src=\"https:\/\/www.youtube.com\/embed\/PJT5iZXJSwA?feature=oembed\" frameborder=\"0\" allow=\"accelerometer; autoplay; clipboard-write; encrypted-media; gyroscope; picture-in-picture; web-share\" referrerpolicy=\"strict-origin-when-cross-origin\" allowfullscreen><\/iframe><\/p>\n<p>&nbsp;<\/p>","protected":false},"excerpt":{"rendered":"<p>Kolesarska svetilka Gaciron MARS-800 je izjemna sprednja svetilka s kompaktno izdelavo in kreativnim dizajnom. Visoko zmogljiva LED \u017earnica zagotavlja visoko svetilnost, ki dosega 800 lumnov. Kolesarska svetilka MARS-800 ohranja svetlobni \u017earek precej pod vi\u0161ino o\u010di nasproti voze\u010dih udele\u017eencev v prometu. Zaradi tega so ceste varnej\u0161e za vse udele\u017eence. Kolesarska lu\u010d MARS-800 ima 5 stopenj delovanja. [&hellip;]<\/p>\n","protected":false},"featured_media":5130,"comment_status":"open","ping_status":"closed","template":"","meta":[],"product_brand":[132],"product_cat":[82,150],"product_tag":[],"class_list":{"0":"post-6316","1":"product","2":"type-product","3":"status-publish","4":"has-post-thumbnail","6":"product_brand-gaciron","7":"product_cat-kolesarske-luci","8":"product_cat-sprednje-kolesarske-luci","10":"first","11":"onbackorder","12":"taxable","13":"shipping-taxable","14":"purchasable","15":"product-type-simple"},"yoast_head":"<!-- This site is optimized with the Yoast SEO plugin v27.3 - https:\/\/yoast.com\/product\/yoast-seo-wordpress\/ -->\n<title>Kolesarska LED svetilka Gaciron MARS-800<\/title>\n<meta name=\"robots\" content=\"index, follow, max-snippet:-1, max-image-preview:large, max-video-preview:-1\" \/>\n<link rel=\"canonical\" href=\"https:\/\/www.sportshine.eu\/hu\/uzlet\/gaciron-mars-800-led-kerekparlampa\/\" \/>\n<meta property=\"og:locale\" content=\"hu_HU\" \/>\n<meta property=\"og:type\" content=\"article\" \/>\n<meta property=\"og:title\" content=\"Kolesarska LED svetilka Gaciron MARS-800\" \/>\n<meta property=\"og:description\" content=\"Kolesarska svetilka Gaciron MARS-800 je izjemna sprednja svetilka s kompaktno izdelavo in kreativnim dizajnom. Visoko zmogljiva LED \u017earnica zagotavlja visoko svetilnost, ki dosega 800 lumnov. Kolesarska svetilka MARS-800 ohranja svetlobni \u017earek precej pod vi\u0161ino o\u010di nasproti voze\u010dih udele\u017eencev v prometu. Zaradi tega so ceste varnej\u0161e za vse udele\u017eence. Kolesarska lu\u010d MARS-800 ima 5 stopenj delovanja. [&hellip;]\" \/>\n<meta property=\"og:url\" content=\"https:\/\/www.sportshine.eu\/hu\/uzlet\/gaciron-mars-800-led-kerekparlampa\/\" \/>\n<meta property=\"og:site_name\" content=\"Sportshine\" \/>\n<meta property=\"article:publisher\" content=\"https:\/\/www.facebook.com\/sportshine.eu\/\" \/>\n<meta property=\"article:modified_time\" content=\"2026-01-30T19:30:23+00:00\" \/>\n<meta property=\"og:image\" content=\"https:\/\/www.sportshine.eu\/wp-content\/uploads\/2025\/07\/Kolesarska-svetilka.jpg\" \/>\n\t<meta property=\"og:image:width\" content=\"800\" \/>\n\t<meta property=\"og:image:height\" content=\"800\" \/>\n\t<meta property=\"og:image:type\" content=\"image\/jpeg\" \/>\n<meta name=\"twitter:card\" content=\"summary_large_image\" \/>\n<meta name=\"twitter:label1\" content=\"Becs\u00fclt olvas\u00e1si id\u0151\" \/>\n\t<meta name=\"twitter:data1\" content=\"2 perc\" \/>\n<script type=\"application\/ld+json\" class=\"yoast-schema-graph\">{\"@context\":\"https:\\\/\\\/schema.org\",\"@graph\":[{\"@type\":\"WebPage\",\"@id\":\"https:\\\/\\\/www.sportshine.eu\\\/trgovina\\\/kolesarska-svetilka-led-gaciron-mars-800\\\/\",\"url\":\"https:\\\/\\\/www.sportshine.eu\\\/trgovina\\\/kolesarska-svetilka-led-gaciron-mars-800\\\/\",\"name\":\"Kolesarska LED svetilka Gaciron MARS-800\",\"isPartOf\":{\"@id\":\"https:\\\/\\\/www.sportshine.eu\\\/#website\"},\"primaryImageOfPage\":{\"@id\":\"https:\\\/\\\/www.sportshine.eu\\\/trgovina\\\/kolesarska-svetilka-led-gaciron-mars-800\\\/#primaryimage\"},\"image\":{\"@id\":\"https:\\\/\\\/www.sportshine.eu\\\/trgovina\\\/kolesarska-svetilka-led-gaciron-mars-800\\\/#primaryimage\"},\"thumbnailUrl\":\"https:\\\/\\\/www.sportshine.eu\\\/wp-content\\\/uploads\\\/2025\\\/07\\\/Kolesarska-svetilka.jpg\",\"datePublished\":\"2026-01-28T21:09:08+00:00\",\"dateModified\":\"2026-01-30T19:30:23+00:00\",\"breadcrumb\":{\"@id\":\"https:\\\/\\\/www.sportshine.eu\\\/trgovina\\\/kolesarska-svetilka-led-gaciron-mars-800\\\/#breadcrumb\"},\"inLanguage\":\"hu\",\"potentialAction\":[{\"@type\":\"ReadAction\",\"target\":[\"https:\\\/\\\/www.sportshine.eu\\\/trgovina\\\/kolesarska-svetilka-led-gaciron-mars-800\\\/\"]}]},{\"@type\":\"ImageObject\",\"inLanguage\":\"hu\",\"@id\":\"https:\\\/\\\/www.sportshine.eu\\\/trgovina\\\/kolesarska-svetilka-led-gaciron-mars-800\\\/#primaryimage\",\"url\":\"https:\\\/\\\/www.sportshine.eu\\\/wp-content\\\/uploads\\\/2025\\\/07\\\/Kolesarska-svetilka.jpg\",\"contentUrl\":\"https:\\\/\\\/www.sportshine.eu\\\/wp-content\\\/uploads\\\/2025\\\/07\\\/Kolesarska-svetilka.jpg\",\"width\":800,\"height\":800},{\"@type\":\"BreadcrumbList\",\"@id\":\"https:\\\/\\\/www.sportshine.eu\\\/trgovina\\\/kolesarska-svetilka-led-gaciron-mars-800\\\/#breadcrumb\",\"itemListElement\":[{\"@type\":\"ListItem\",\"position\":1,\"name\":\"Home\",\"item\":\"https:\\\/\\\/www.sportshine.eu\\\/\"},{\"@type\":\"ListItem\",\"position\":2,\"name\":\"Trgovina\",\"item\":\"https:\\\/\\\/www.sportshine.eu\\\/trgovina\\\/\"},{\"@type\":\"ListItem\",\"position\":3,\"name\":\"Kolesarska svetilka LED Gaciron MARS-800\"}]},{\"@type\":\"WebSite\",\"@id\":\"https:\\\/\\\/www.sportshine.eu\\\/#website\",\"url\":\"https:\\\/\\\/www.sportshine.eu\\\/\",\"name\":\"Sportshine\",\"description\":\"Top spletna trgovina kolesarskih in naglavnih svetilk ter opreme\",\"publisher\":{\"@id\":\"https:\\\/\\\/www.sportshine.eu\\\/#organization\"},\"potentialAction\":[{\"@type\":\"SearchAction\",\"target\":{\"@type\":\"EntryPoint\",\"urlTemplate\":\"https:\\\/\\\/www.sportshine.eu\\\/?s={search_term_string}\"},\"query-input\":{\"@type\":\"PropertyValueSpecification\",\"valueRequired\":true,\"valueName\":\"search_term_string\"}}],\"inLanguage\":\"hu\"},{\"@type\":\"Organization\",\"@id\":\"https:\\\/\\\/www.sportshine.eu\\\/#organization\",\"name\":\"Sportshine\",\"url\":\"https:\\\/\\\/www.sportshine.eu\\\/\",\"logo\":{\"@type\":\"ImageObject\",\"inLanguage\":\"hu\",\"@id\":\"https:\\\/\\\/www.sportshine.eu\\\/#\\\/schema\\\/logo\\\/image\\\/\",\"url\":\"https:\\\/\\\/www.sportshine.eu\\\/wp-content\\\/uploads\\\/2026\\\/01\\\/cropped-Sportshine.webp\",\"contentUrl\":\"https:\\\/\\\/www.sportshine.eu\\\/wp-content\\\/uploads\\\/2026\\\/01\\\/cropped-Sportshine.webp\",\"width\":295,\"height\":128,\"caption\":\"Sportshine\"},\"image\":{\"@id\":\"https:\\\/\\\/www.sportshine.eu\\\/#\\\/schema\\\/logo\\\/image\\\/\"},\"sameAs\":[\"https:\\\/\\\/www.facebook.com\\\/sportshine.eu\\\/\"]}]}<\/script>\n<!-- \/ Yoast SEO plugin. -->","yoast_head_json":{"title":"Gaciron MARS-800 LED ker\u00e9kp\u00e1rl\u00e1mpa","robots":{"index":"index","follow":"follow","max-snippet":"max-snippet:-1","max-image-preview":"max-image-preview:large","max-video-preview":"max-video-preview:-1"},"canonical":"https:\/\/www.sportshine.eu\/hu\/uzlet\/gaciron-mars-800-led-kerekparlampa\/","og_locale":"hu_HU","og_type":"article","og_title":"Kolesarska LED svetilka Gaciron MARS-800","og_description":"Kolesarska svetilka Gaciron MARS-800 je izjemna sprednja svetilka s kompaktno izdelavo in kreativnim dizajnom. Visoko zmogljiva LED \u017earnica zagotavlja visoko svetilnost, ki dosega 800 lumnov. Kolesarska svetilka MARS-800 ohranja svetlobni \u017earek precej pod vi\u0161ino o\u010di nasproti voze\u010dih udele\u017eencev v prometu. Zaradi tega so ceste varnej\u0161e za vse udele\u017eence. Kolesarska lu\u010d MARS-800 ima 5 stopenj delovanja. [&hellip;]","og_url":"https:\/\/www.sportshine.eu\/hu\/uzlet\/gaciron-mars-800-led-kerekparlampa\/","og_site_name":"Sportshine","article_publisher":"https:\/\/www.facebook.com\/sportshine.eu\/","article_modified_time":"2026-01-30T19:30:23+00:00","og_image":[{"width":800,"height":800,"url":"https:\/\/www.sportshine.eu\/wp-content\/uploads\/2025\/07\/Kolesarska-svetilka.jpg","type":"image\/jpeg"}],"twitter_card":"summary_large_image","twitter_misc":{"Becs\u00fclt olvas\u00e1si id\u0151":"2 perc"},"schema":{"@context":"https:\/\/schema.org","@graph":[{"@type":"WebPage","@id":"https:\/\/www.sportshine.eu\/trgovina\/kolesarska-svetilka-led-gaciron-mars-800\/","url":"https:\/\/www.sportshine.eu\/trgovina\/kolesarska-svetilka-led-gaciron-mars-800\/","name":"Gaciron MARS-800 LED ker\u00e9kp\u00e1rl\u00e1mpa","isPartOf":{"@id":"https:\/\/www.sportshine.eu\/#website"},"primaryImageOfPage":{"@id":"https:\/\/www.sportshine.eu\/trgovina\/kolesarska-svetilka-led-gaciron-mars-800\/#primaryimage"},"image":{"@id":"https:\/\/www.sportshine.eu\/trgovina\/kolesarska-svetilka-led-gaciron-mars-800\/#primaryimage"},"thumbnailUrl":"https:\/\/www.sportshine.eu\/wp-content\/uploads\/2025\/07\/Kolesarska-svetilka.jpg","datePublished":"2026-01-28T21:09:08+00:00","dateModified":"2026-01-30T19:30:23+00:00","breadcrumb":{"@id":"https:\/\/www.sportshine.eu\/trgovina\/kolesarska-svetilka-led-gaciron-mars-800\/#breadcrumb"},"inLanguage":"hu","potentialAction":[{"@type":"ReadAction","target":["https:\/\/www.sportshine.eu\/trgovina\/kolesarska-svetilka-led-gaciron-mars-800\/"]}]},{"@type":"ImageObject","inLanguage":"hu","@id":"https:\/\/www.sportshine.eu\/trgovina\/kolesarska-svetilka-led-gaciron-mars-800\/#primaryimage","url":"https:\/\/www.sportshine.eu\/wp-content\/uploads\/2025\/07\/Kolesarska-svetilka.jpg","contentUrl":"https:\/\/www.sportshine.eu\/wp-content\/uploads\/2025\/07\/Kolesarska-svetilka.jpg","width":800,"height":800},{"@type":"BreadcrumbList","@id":"https:\/\/www.sportshine.eu\/trgovina\/kolesarska-svetilka-led-gaciron-mars-800\/#breadcrumb","itemListElement":[{"@type":"ListItem","position":1,"name":"Home","item":"https:\/\/www.sportshine.eu\/"},{"@type":"ListItem","position":2,"name":"Trgovina","item":"https:\/\/www.sportshine.eu\/trgovina\/"},{"@type":"ListItem","position":3,"name":"Kolesarska svetilka LED Gaciron MARS-800"}]},{"@type":"WebSite","@id":"https:\/\/www.sportshine.eu\/#website","url":"https:\/\/www.sportshine.eu\/","name":"Sportshine","description":"Ker\u00e9kp\u00e1ros, fejl\u00e1mp\u00e1k \u00e9s felszerel\u00e9sek online \u00e1ruh\u00e1z\u00e1nak vezet\u0151 k\u00edn\u00e1lata","publisher":{"@id":"https:\/\/www.sportshine.eu\/#organization"},"potentialAction":[{"@type":"SearchAction","target":{"@type":"EntryPoint","urlTemplate":"https:\/\/www.sportshine.eu\/?s={search_term_string}"},"query-input":{"@type":"PropertyValueSpecification","valueRequired":true,"valueName":"search_term_string"}}],"inLanguage":"hu"},{"@type":"Organization","@id":"https:\/\/www.sportshine.eu\/#organization","name":"Sportshine","url":"https:\/\/www.sportshine.eu\/","logo":{"@type":"ImageObject","inLanguage":"hu","@id":"https:\/\/www.sportshine.eu\/#\/schema\/logo\/image\/","url":"https:\/\/www.sportshine.eu\/wp-content\/uploads\/2026\/01\/cropped-Sportshine.webp","contentUrl":"https:\/\/www.sportshine.eu\/wp-content\/uploads\/2026\/01\/cropped-Sportshine.webp","width":295,"height":128,"caption":"Sportshine"},"image":{"@id":"https:\/\/www.sportshine.eu\/#\/schema\/logo\/image\/"},"sameAs":["https:\/\/www.facebook.com\/sportshine.eu\/"]}]}},"_links":{"self":[{"href":"https:\/\/www.sportshine.eu\/hu\/wp-json\/wp\/v2\/product\/6316","targetHints":{"allow":["GET"]}}],"collection":[{"href":"https:\/\/www.sportshine.eu\/hu\/wp-json\/wp\/v2\/product"}],"about":[{"href":"https:\/\/www.sportshine.eu\/hu\/wp-json\/wp\/v2\/types\/product"}],"replies":[{"embeddable":true,"href":"https:\/\/www.sportshine.eu\/hu\/wp-json\/wp\/v2\/comments?post=6316"}],"version-history":[{"count":0,"href":"https:\/\/www.sportshine.eu\/hu\/wp-json\/wp\/v2\/product\/6316\/revisions"}],"wp:featuredmedia":[{"embeddable":true,"href":"https:\/\/www.sportshine.eu\/hu\/wp-json\/wp\/v2\/media\/5130"}],"wp:attachment":[{"href":"https:\/\/www.sportshine.eu\/hu\/wp-json\/wp\/v2\/media?parent=6316"}],"wp:term":[{"taxonomy":"product_brand","embeddable":true,"href":"https:\/\/www.sportshine.eu\/hu\/wp-json\/wp\/v2\/product_brand?post=6316"},{"taxonomy":"product_cat","embeddable":true,"href":"https:\/\/www.sportshine.eu\/hu\/wp-json\/wp\/v2\/product_cat?post=6316"},{"taxonomy":"product_tag","embeddable":true,"href":"https:\/\/www.sportshine.eu\/hu\/wp-json\/wp\/v2\/product_tag?post=6316"}],"curies":[{"name":"wp","href":"https:\/\/api.w.org\/{rel}","templated":true}]}}