{"id":6246,"date":"2025-07-04T12:27:58","date_gmt":"2025-07-04T12:27:58","guid":{"rendered":"https:\/\/www.sportshine.eu\/?post_type=product&#038;p=6246"},"modified":"2026-01-19T20:43:59","modified_gmt":"2026-01-19T20:43:59","slug":"mj-6558-ftr-usb-c-vezetek-nelkuli-taviranyito","status":"publish","type":"product","link":"https:\/\/www.sportshine.eu\/hu\/uzlet\/mj-6558-ftr-usb-c-vezetek-nelkuli-taviranyito\/","title":{"rendered":"MJ-6558 FTR USB-C vezet\u00e9k n\u00e9lk\u00fcli t\u00e1vir\u00e1ny\u00edt\u00f3"},"content":{"rendered":"","protected":false},"excerpt":{"rendered":"<p class=\"\" data-start=\"219\" data-end=\"591\">\u2714 <strong data-start=\"43\" data-end=\"93\">Vezet\u00e9k n\u00e9lk\u00fcli intelligens vez\u00e9rl\u00e9s Bluetooth-on kereszt\u00fcl<\/strong><br data-start=\"93\" data-end=\"96\" \/>\u2714 <strong data-start=\"98\" data-end=\"123\">T\u00f6lt\u00e9s USB-C-n kereszt\u00fcl<\/strong><br data-start=\"123\" data-end=\"126\" \/>\u2714 <strong data-start=\"128\" data-end=\"166\">Intelligens egy\u00e9rint\u00e9ses vez\u00e9rl\u00e9s<\/strong><br data-start=\"166\" data-end=\"169\" \/>\u2714 <strong data-start=\"171\" data-end=\"194\">Szersz\u00e1mmentes \u00f6sszeszerel\u00e9s<\/strong><br data-start=\"194\" data-end=\"197\" \/>\u2714 <strong data-start=\"199\" data-end=\"236\">FTR LightSync vez\u00e9rl\u0151technol\u00f3gia<\/strong><br data-start=\"236\" data-end=\"239\" \/>\u2714 <strong data-start=\"241\" data-end=\"277\">Kompatibilit\u00e1s az els\u0151 l\u00e1mp\u00e1kkal:<\/strong> ALLTY 1200U \/ ALLTY 1200 \/ ALLTY 800 V2.0<br data-start=\"319\" data-end=\"322\" \/>\u2714 <strong data-start=\"324\" data-end=\"358\">Kompatibilit\u00e1s a h\u00e1ts\u00f3 l\u00e1mp\u00e1kkal:<\/strong> SEEMEE 50 V2.0 \/ SEEMEE 50MAG \/ SEEMEE 100AD<\/p>","protected":false},"featured_media":6247,"comment_status":"open","ping_status":"closed","template":"","meta":[],"product_brand":[],"product_cat":[87],"product_tag":[],"class_list":{"0":"post-6246","1":"product","2":"type-product","3":"status-publish","4":"has-post-thumbnail","6":"product_cat-kolesarski-nosilci","8":"first","9":"instock","10":"taxable","11":"shipping-taxable","12":"purchasable","13":"product-type-simple"},"yoast_head":"<!-- This site is optimized with the Yoast SEO plugin v27.3 - https:\/\/yoast.com\/product\/yoast-seo-wordpress\/ -->\n<title>MJ-6558 FTR USB-C brez\u017ei\u010dni daljinski upravljalnik<\/title>\n<meta name=\"robots\" content=\"index, follow, max-snippet:-1, max-image-preview:large, max-video-preview:-1\" \/>\n<link rel=\"canonical\" href=\"https:\/\/www.sportshine.eu\/hu\/uzlet\/mj-6558-ftr-usb-c-vezetek-nelkuli-taviranyito\/\" \/>\n<meta property=\"og:locale\" content=\"hu_HU\" \/>\n<meta property=\"og:type\" content=\"article\" \/>\n<meta property=\"og:title\" content=\"MJ-6558 FTR USB-C brez\u017ei\u010dni daljinski upravljalnik\" \/>\n<meta property=\"og:description\" content=\"\u2714 Brez\u017ei\u010dno pametno upravljanje preko Bluetootha\u2714 Polnjenje preko USB-C\u2714 Pametno upravljanje z enim dotikom\u2714 Monta\u017ea brez orodja\u2714 Tehnologija FTR LightSync Control\u2714 Zdru\u017eljivost s sprednjimi lu\u010dmi: ALLTY 1200U \/ ALLTY 1200 \/ ALLTY 800 V2.0\u2714 Zdru\u017eljivost z zadnjimi lu\u010dmi: SEEMEE 50 V2.0 \/ SEEMEE 50MAG \/ SEEMEE 100AD\" \/>\n<meta property=\"og:url\" content=\"https:\/\/www.sportshine.eu\/hu\/uzlet\/mj-6558-ftr-usb-c-vezetek-nelkuli-taviranyito\/\" \/>\n<meta property=\"og:site_name\" content=\"Sportshine\" \/>\n<meta property=\"article:publisher\" content=\"https:\/\/www.facebook.com\/sportshine.eu\/\" \/>\n<meta property=\"article:modified_time\" content=\"2026-01-19T20:43:59+00:00\" \/>\n<meta property=\"og:image\" content=\"https:\/\/www.sportshine.eu\/wp-content\/uploads\/2025\/07\/MJ-6558-FTR-USB-C.webp\" \/>\n\t<meta property=\"og:image:width\" content=\"800\" \/>\n\t<meta property=\"og:image:height\" content=\"800\" \/>\n\t<meta property=\"og:image:type\" content=\"image\/webp\" \/>\n<meta name=\"twitter:card\" content=\"summary_large_image\" \/>\n<meta name=\"twitter:label1\" content=\"Becs\u00fclt olvas\u00e1si id\u0151\" \/>\n\t<meta name=\"twitter:data1\" content=\"1 perc\" \/>\n<script type=\"application\/ld+json\" class=\"yoast-schema-graph\">{\"@context\":\"https:\\\/\\\/schema.org\",\"@graph\":[{\"@type\":\"WebPage\",\"@id\":\"https:\\\/\\\/www.sportshine.eu\\\/trgovina\\\/mj-6558-ftr-usb-c-brezzicni-daljinski-upravljalnik\\\/\",\"url\":\"https:\\\/\\\/www.sportshine.eu\\\/trgovina\\\/mj-6558-ftr-usb-c-brezzicni-daljinski-upravljalnik\\\/\",\"name\":\"MJ-6558 FTR USB-C brez\u017ei\u010dni daljinski upravljalnik\",\"isPartOf\":{\"@id\":\"https:\\\/\\\/www.sportshine.eu\\\/#website\"},\"primaryImageOfPage\":{\"@id\":\"https:\\\/\\\/www.sportshine.eu\\\/trgovina\\\/mj-6558-ftr-usb-c-brezzicni-daljinski-upravljalnik\\\/#primaryimage\"},\"image\":{\"@id\":\"https:\\\/\\\/www.sportshine.eu\\\/trgovina\\\/mj-6558-ftr-usb-c-brezzicni-daljinski-upravljalnik\\\/#primaryimage\"},\"thumbnailUrl\":\"https:\\\/\\\/www.sportshine.eu\\\/wp-content\\\/uploads\\\/2025\\\/07\\\/MJ-6558-FTR-USB-C.webp\",\"datePublished\":\"2025-07-04T12:27:58+00:00\",\"dateModified\":\"2026-01-19T20:43:59+00:00\",\"breadcrumb\":{\"@id\":\"https:\\\/\\\/www.sportshine.eu\\\/trgovina\\\/mj-6558-ftr-usb-c-brezzicni-daljinski-upravljalnik\\\/#breadcrumb\"},\"inLanguage\":\"hu\",\"potentialAction\":[{\"@type\":\"ReadAction\",\"target\":[\"https:\\\/\\\/www.sportshine.eu\\\/trgovina\\\/mj-6558-ftr-usb-c-brezzicni-daljinski-upravljalnik\\\/\"]}]},{\"@type\":\"ImageObject\",\"inLanguage\":\"hu\",\"@id\":\"https:\\\/\\\/www.sportshine.eu\\\/trgovina\\\/mj-6558-ftr-usb-c-brezzicni-daljinski-upravljalnik\\\/#primaryimage\",\"url\":\"https:\\\/\\\/www.sportshine.eu\\\/wp-content\\\/uploads\\\/2025\\\/07\\\/MJ-6558-FTR-USB-C.webp\",\"contentUrl\":\"https:\\\/\\\/www.sportshine.eu\\\/wp-content\\\/uploads\\\/2025\\\/07\\\/MJ-6558-FTR-USB-C.webp\",\"width\":800,\"height\":800},{\"@type\":\"BreadcrumbList\",\"@id\":\"https:\\\/\\\/www.sportshine.eu\\\/trgovina\\\/mj-6558-ftr-usb-c-brezzicni-daljinski-upravljalnik\\\/#breadcrumb\",\"itemListElement\":[{\"@type\":\"ListItem\",\"position\":1,\"name\":\"Home\",\"item\":\"https:\\\/\\\/www.sportshine.eu\\\/\"},{\"@type\":\"ListItem\",\"position\":2,\"name\":\"Trgovina\",\"item\":\"https:\\\/\\\/www.sportshine.eu\\\/trgovina\\\/\"},{\"@type\":\"ListItem\",\"position\":3,\"name\":\"MJ-6558 FTR USB-C brez\u017ei\u010dni daljinski upravljalnik\"}]},{\"@type\":\"WebSite\",\"@id\":\"https:\\\/\\\/www.sportshine.eu\\\/#website\",\"url\":\"https:\\\/\\\/www.sportshine.eu\\\/\",\"name\":\"Sportshine\",\"description\":\"Top spletna trgovina kolesarskih in naglavnih svetilk ter opreme\",\"publisher\":{\"@id\":\"https:\\\/\\\/www.sportshine.eu\\\/#organization\"},\"potentialAction\":[{\"@type\":\"SearchAction\",\"target\":{\"@type\":\"EntryPoint\",\"urlTemplate\":\"https:\\\/\\\/www.sportshine.eu\\\/?s={search_term_string}\"},\"query-input\":{\"@type\":\"PropertyValueSpecification\",\"valueRequired\":true,\"valueName\":\"search_term_string\"}}],\"inLanguage\":\"hu\"},{\"@type\":\"Organization\",\"@id\":\"https:\\\/\\\/www.sportshine.eu\\\/#organization\",\"name\":\"Sportshine\",\"url\":\"https:\\\/\\\/www.sportshine.eu\\\/\",\"logo\":{\"@type\":\"ImageObject\",\"inLanguage\":\"hu\",\"@id\":\"https:\\\/\\\/www.sportshine.eu\\\/#\\\/schema\\\/logo\\\/image\\\/\",\"url\":\"https:\\\/\\\/www.sportshine.eu\\\/wp-content\\\/uploads\\\/2026\\\/01\\\/cropped-Sportshine.webp\",\"contentUrl\":\"https:\\\/\\\/www.sportshine.eu\\\/wp-content\\\/uploads\\\/2026\\\/01\\\/cropped-Sportshine.webp\",\"width\":295,\"height\":128,\"caption\":\"Sportshine\"},\"image\":{\"@id\":\"https:\\\/\\\/www.sportshine.eu\\\/#\\\/schema\\\/logo\\\/image\\\/\"},\"sameAs\":[\"https:\\\/\\\/www.facebook.com\\\/sportshine.eu\\\/\"]}]}<\/script>\n<!-- \/ Yoast SEO plugin. -->","yoast_head_json":{"title":"MJ-6558 FTR USB-C vezet\u00e9k n\u00e9lk\u00fcli t\u00e1vir\u00e1ny\u00edt\u00f3","robots":{"index":"index","follow":"follow","max-snippet":"max-snippet:-1","max-image-preview":"max-image-preview:large","max-video-preview":"max-video-preview:-1"},"canonical":"https:\/\/www.sportshine.eu\/hu\/uzlet\/mj-6558-ftr-usb-c-vezetek-nelkuli-taviranyito\/","og_locale":"hu_HU","og_type":"article","og_title":"MJ-6558 FTR USB-C brez\u017ei\u010dni daljinski upravljalnik","og_description":"\u2714 Brez\u017ei\u010dno pametno upravljanje preko Bluetootha\u2714 Polnjenje preko USB-C\u2714 Pametno upravljanje z enim dotikom\u2714 Monta\u017ea brez orodja\u2714 Tehnologija FTR LightSync Control\u2714 Zdru\u017eljivost s sprednjimi lu\u010dmi: ALLTY 1200U \/ ALLTY 1200 \/ ALLTY 800 V2.0\u2714 Zdru\u017eljivost z zadnjimi lu\u010dmi: SEEMEE 50 V2.0 \/ SEEMEE 50MAG \/ SEEMEE 100AD","og_url":"https:\/\/www.sportshine.eu\/hu\/uzlet\/mj-6558-ftr-usb-c-vezetek-nelkuli-taviranyito\/","og_site_name":"Sportshine","article_publisher":"https:\/\/www.facebook.com\/sportshine.eu\/","article_modified_time":"2026-01-19T20:43:59+00:00","og_image":[{"width":800,"height":800,"url":"https:\/\/www.sportshine.eu\/wp-content\/uploads\/2025\/07\/MJ-6558-FTR-USB-C.webp","type":"image\/webp"}],"twitter_card":"summary_large_image","twitter_misc":{"Becs\u00fclt olvas\u00e1si id\u0151":"1 perc"},"schema":{"@context":"https:\/\/schema.org","@graph":[{"@type":"WebPage","@id":"https:\/\/www.sportshine.eu\/trgovina\/mj-6558-ftr-usb-c-brezzicni-daljinski-upravljalnik\/","url":"https:\/\/www.sportshine.eu\/trgovina\/mj-6558-ftr-usb-c-brezzicni-daljinski-upravljalnik\/","name":"MJ-6558 FTR USB-C vezet\u00e9k n\u00e9lk\u00fcli t\u00e1vir\u00e1ny\u00edt\u00f3","isPartOf":{"@id":"https:\/\/www.sportshine.eu\/#website"},"primaryImageOfPage":{"@id":"https:\/\/www.sportshine.eu\/trgovina\/mj-6558-ftr-usb-c-brezzicni-daljinski-upravljalnik\/#primaryimage"},"image":{"@id":"https:\/\/www.sportshine.eu\/trgovina\/mj-6558-ftr-usb-c-brezzicni-daljinski-upravljalnik\/#primaryimage"},"thumbnailUrl":"https:\/\/www.sportshine.eu\/wp-content\/uploads\/2025\/07\/MJ-6558-FTR-USB-C.webp","datePublished":"2025-07-04T12:27:58+00:00","dateModified":"2026-01-19T20:43:59+00:00","breadcrumb":{"@id":"https:\/\/www.sportshine.eu\/trgovina\/mj-6558-ftr-usb-c-brezzicni-daljinski-upravljalnik\/#breadcrumb"},"inLanguage":"hu","potentialAction":[{"@type":"ReadAction","target":["https:\/\/www.sportshine.eu\/trgovina\/mj-6558-ftr-usb-c-brezzicni-daljinski-upravljalnik\/"]}]},{"@type":"ImageObject","inLanguage":"hu","@id":"https:\/\/www.sportshine.eu\/trgovina\/mj-6558-ftr-usb-c-brezzicni-daljinski-upravljalnik\/#primaryimage","url":"https:\/\/www.sportshine.eu\/wp-content\/uploads\/2025\/07\/MJ-6558-FTR-USB-C.webp","contentUrl":"https:\/\/www.sportshine.eu\/wp-content\/uploads\/2025\/07\/MJ-6558-FTR-USB-C.webp","width":800,"height":800},{"@type":"BreadcrumbList","@id":"https:\/\/www.sportshine.eu\/trgovina\/mj-6558-ftr-usb-c-brezzicni-daljinski-upravljalnik\/#breadcrumb","itemListElement":[{"@type":"ListItem","position":1,"name":"Home","item":"https:\/\/www.sportshine.eu\/"},{"@type":"ListItem","position":2,"name":"Trgovina","item":"https:\/\/www.sportshine.eu\/trgovina\/"},{"@type":"ListItem","position":3,"name":"MJ-6558 FTR USB-C brez\u017ei\u010dni daljinski upravljalnik"}]},{"@type":"WebSite","@id":"https:\/\/www.sportshine.eu\/#website","url":"https:\/\/www.sportshine.eu\/","name":"Sportshine","description":"Ker\u00e9kp\u00e1ros, fejl\u00e1mp\u00e1k \u00e9s felszerel\u00e9sek online \u00e1ruh\u00e1z\u00e1nak vezet\u0151 k\u00edn\u00e1lata","publisher":{"@id":"https:\/\/www.sportshine.eu\/#organization"},"potentialAction":[{"@type":"SearchAction","target":{"@type":"EntryPoint","urlTemplate":"https:\/\/www.sportshine.eu\/?s={search_term_string}"},"query-input":{"@type":"PropertyValueSpecification","valueRequired":true,"valueName":"search_term_string"}}],"inLanguage":"hu"},{"@type":"Organization","@id":"https:\/\/www.sportshine.eu\/#organization","name":"Sportshine","url":"https:\/\/www.sportshine.eu\/","logo":{"@type":"ImageObject","inLanguage":"hu","@id":"https:\/\/www.sportshine.eu\/#\/schema\/logo\/image\/","url":"https:\/\/www.sportshine.eu\/wp-content\/uploads\/2026\/01\/cropped-Sportshine.webp","contentUrl":"https:\/\/www.sportshine.eu\/wp-content\/uploads\/2026\/01\/cropped-Sportshine.webp","width":295,"height":128,"caption":"Sportshine"},"image":{"@id":"https:\/\/www.sportshine.eu\/#\/schema\/logo\/image\/"},"sameAs":["https:\/\/www.facebook.com\/sportshine.eu\/"]}]}},"_links":{"self":[{"href":"https:\/\/www.sportshine.eu\/hu\/wp-json\/wp\/v2\/product\/6246","targetHints":{"allow":["GET"]}}],"collection":[{"href":"https:\/\/www.sportshine.eu\/hu\/wp-json\/wp\/v2\/product"}],"about":[{"href":"https:\/\/www.sportshine.eu\/hu\/wp-json\/wp\/v2\/types\/product"}],"replies":[{"embeddable":true,"href":"https:\/\/www.sportshine.eu\/hu\/wp-json\/wp\/v2\/comments?post=6246"}],"version-history":[{"count":0,"href":"https:\/\/www.sportshine.eu\/hu\/wp-json\/wp\/v2\/product\/6246\/revisions"}],"wp:featuredmedia":[{"embeddable":true,"href":"https:\/\/www.sportshine.eu\/hu\/wp-json\/wp\/v2\/media\/6247"}],"wp:attachment":[{"href":"https:\/\/www.sportshine.eu\/hu\/wp-json\/wp\/v2\/media?parent=6246"}],"wp:term":[{"taxonomy":"product_brand","embeddable":true,"href":"https:\/\/www.sportshine.eu\/hu\/wp-json\/wp\/v2\/product_brand?post=6246"},{"taxonomy":"product_cat","embeddable":true,"href":"https:\/\/www.sportshine.eu\/hu\/wp-json\/wp\/v2\/product_cat?post=6246"},{"taxonomy":"product_tag","embeddable":true,"href":"https:\/\/www.sportshine.eu\/hu\/wp-json\/wp\/v2\/product_tag?post=6246"}],"curies":[{"name":"wp","href":"https:\/\/api.w.org\/{rel}","templated":true}]}}