{"id":6189,"date":"2025-07-04T12:18:20","date_gmt":"2025-07-04T12:18:20","guid":{"rendered":"https:\/\/www.sportshine.eu\/?post_type=product&#038;p=6189"},"modified":"2025-11-26T10:16:10","modified_gmt":"2025-11-26T10:16:10","slug":"magene-c206-pro-kerekparos-komputer-2","status":"publish","type":"product","link":"https:\/\/www.sportshine.eu\/hu\/uzlet\/magene-c206-pro-kerekparos-komputer-2\/","title":{"rendered":"Magene C206 PRO ker\u00e9kp\u00e1ros komputer"},"content":{"rendered":"<h3 style=\"text-align: center;\">B\u0150S\u00c9GES \u00c9S GAZDAG ADATOK \u00c9S BE\u00c1LL\u00cdT\u00c1SOK<\/h3>\n<p style=\"text-align: center;\">A C206 Pro \u00f6sszesen 29 kiv\u00e1laszthat\u00f3 adatelemmel rendelkezik 9 kateg\u00f3ri\u00e1ban, valamint 25 elemmel a ker\u00e9kp\u00e1ros komputer konfigur\u00e1l\u00e1s\u00e1hoz.<\/p>\n<p><img decoding=\"async\" class=\"aligncenter wp-image-7666 size-full\" src=\"https:\/\/www.sportshine.eu\/wp-content\/uploads\/2025\/07\/Magene-C206.webp\" alt=\"\" width=\"800\" height=\"800\" srcset=\"https:\/\/www.sportshine.eu\/wp-content\/uploads\/2025\/07\/Magene-C206.webp 800w, https:\/\/www.sportshine.eu\/wp-content\/uploads\/2025\/07\/Magene-C206-768x768.webp 768w, https:\/\/www.sportshine.eu\/wp-content\/uploads\/2025\/07\/Magene-C206-600x600.webp 600w\" sizes=\"(max-width: 800px) 100vw, 800px\" \/><\/p>\n<h3 style=\"text-align: center;\">A \u201eV\u00c9GTELEN K\u00c9PERNY\u0150\u201d BE\u00c1LL\u00cdT\u00c1SAI T\u00daLJ\u00c1K A KORL\u00c1TOKAT AZ IG\u00c9NYEID SZERINT<\/h3>\n<p style=\"text-align: center;\">Fokozza felhaszn\u00e1l\u00f3i \u00e9lm\u00e9ny\u00e9t az adatoldalak sz\u00e9lesk\u00f6r\u0171 be\u00e1ll\u00edt\u00e1si lehet\u0151s\u00e9geivel. \u2013 Ak\u00e1r 10 oldal konfigur\u00e1lhat\u00f3.<br \/>\n\u2013 Minden oldalon legfeljebb 5 adatelem \u00e1ll\u00edthat\u00f3 be<br \/>\n\u2013 Ak\u00e1r 9 adatopci\u00f3 elemenk\u00e9nt<\/p>\n<p><iframe loading=\"lazy\" title=\"Kicsomagol\u00e1s \u00e9s term\u00e9kismertet\u0151: Hogyan kell haszn\u00e1lni a Magene C206\/C206Pro ker\u00e9kp\u00e1rkomputert?\" width=\"500\" height=\"281\" src=\"https:\/\/www.youtube.com\/embed\/Pu-T9LVN058?feature=oembed\" frameborder=\"0\" allow=\"accelerometer; autoplay; clipboard-write; encrypted-media; gyroscope; picture-in-picture; web-share\" referrerpolicy=\"strict-origin-when-cross-origin\" allowfullscreen><\/iframe><\/p>\n<h3 style=\"text-align: center;\">4,8 CM-ES FSTN KIJELZ\u0150<\/h3>\n<p style=\"text-align: center;\">A C206 \u00e9s C206 Pro ker\u00e9kp\u00e1ros komputerek k\u00e9perny\u0151i nagy teljes\u00edtm\u00e9ny\u0171 FSTN anyagb\u00f3l k\u00e9sz\u00fcltek, 4,8 cm-es m\u00e9retben, ami jobb betekint\u00e9si sz\u00f6get, kontrasztot \u00e9s v\u00e1laszid\u0151t biztos\u00edt.<\/p>\n<p><img decoding=\"async\" class=\"aligncenter wp-image-7678\" src=\"https:\/\/www.sportshine.eu\/wp-content\/uploads\/2025\/07\/Kolesarski-stevec-Magene-C206.webp\" alt=\"\" width=\"800\" height=\"676\" srcset=\"https:\/\/www.sportshine.eu\/wp-content\/uploads\/2025\/07\/Kolesarski-stevec-Magene-C206-768x649.webp 768w, https:\/\/www.sportshine.eu\/wp-content\/uploads\/2025\/07\/Kolesarski-stevec-Magene-C206-600x507.webp 600w\" sizes=\"(max-width: 800px) 100vw, 800px\" \/><\/p>\n<h3 style=\"text-align: center;\">AUTOMATIKUS VIL\u00c1G\u00cdT\u00c1S \u00c9S AUTOMATIKUS ID\u0150KALIBR\u00c1L\u00c1S<\/h3>\n<p style=\"text-align: center;\">T\u00e1mogatja az automatikus id\u0151kalibr\u00e1l\u00e1st Bluetooth \u00e9s GPS technol\u00f3gi\u00e1val a pontos id\u0151 kijelz\u00e9s\u00e9hez. \u00c9jszaka automatikusan bekapcsolja a h\u00e1tt\u00e9rvil\u00e1g\u00edt\u00e1st.<\/p>\n<p><img decoding=\"async\" class=\"aligncenter wp-image-7679\" src=\"https:\/\/www.sportshine.eu\/wp-content\/uploads\/2025\/07\/Kolesarski-stevec-Magene-pro.webp\" alt=\"\" width=\"800\" height=\"676\" srcset=\"https:\/\/www.sportshine.eu\/wp-content\/uploads\/2025\/07\/Kolesarski-stevec-Magene-pro-768x649.webp 768w, https:\/\/www.sportshine.eu\/wp-content\/uploads\/2025\/07\/Kolesarski-stevec-Magene-pro-600x507.webp 600w\" sizes=\"(max-width: 800px) 100vw, 800px\" \/><\/p>","protected":false},"excerpt":{"rendered":"<p>A Magene C206 PRO sorozat az \u00e1rkateg\u00f3ri\u00e1j\u00e1ban a legt\u00f6bb adatelemet t\u00e1mogat\u00f3 ker\u00e9kp\u00e1ros komputerek k\u00f6z\u00e9 tartozik. A v\u00e9gtelen kijelz\u0151 a sz\u00e9lesk\u00f6r\u0171 adatlap-be\u00e1ll\u00edt\u00e1sokkal fokozza a felhaszn\u00e1l\u00f3i \u00e9lm\u00e9nyt. A testreszabhat\u00f3 C gomb, az automatikus f\u00e9nyer\u0151 \u00e9s automatikus kalibr\u00e1l\u00e1s, valamint egy\u00e9b kieg\u00e9sz\u00edt\u0151 funkci\u00f3k seg\u00edtenek a jobb eredm\u00e9nyek el\u00e9r\u00e9s\u00e9ben.<\/p>","protected":false},"featured_media":6191,"comment_status":"open","ping_status":"closed","template":"","meta":[],"product_brand":[],"product_cat":[94],"product_tag":[],"class_list":{"0":"post-6189","1":"product","2":"type-product","3":"status-publish","4":"has-post-thumbnail","6":"product_cat-kolesarski-stevci","8":"first","9":"outofstock","10":"taxable","11":"shipping-taxable","12":"purchasable","13":"product-type-simple"},"yoast_head":"<!-- This site is optimized with the Yoast SEO plugin v27.3 - https:\/\/yoast.com\/product\/yoast-seo-wordpress\/ -->\n<title>Magene C206 PRO kolesarski \u0161tevec - Sportshine<\/title>\n<meta name=\"description\" content=\"Magene C206 PRO je odli\u010den kolesarski \u0161tevec z mo\u017enostjo prenosa podatkov na Stravo. Pona\u0161a se z 4,8 cm velikim ekranom in veliko dodatnih funkcij.\" \/>\n<meta name=\"robots\" content=\"index, follow, max-snippet:-1, max-image-preview:large, max-video-preview:-1\" \/>\n<link rel=\"canonical\" href=\"https:\/\/www.sportshine.eu\/hu\/uzlet\/magene-c206-pro-kerekparos-komputer-2\/\" \/>\n<meta property=\"og:locale\" content=\"hu_HU\" \/>\n<meta property=\"og:type\" content=\"article\" \/>\n<meta property=\"og:title\" content=\"Magene C206 PRO kolesarski \u0161tevec - Sportshine\" \/>\n<meta property=\"og:description\" content=\"Magene C206 PRO je odli\u010den kolesarski \u0161tevec z mo\u017enostjo prenosa podatkov na Stravo. Pona\u0161a se z 4,8 cm velikim ekranom in veliko dodatnih funkcij.\" \/>\n<meta property=\"og:url\" content=\"https:\/\/www.sportshine.eu\/hu\/uzlet\/magene-c206-pro-kerekparos-komputer-2\/\" \/>\n<meta property=\"og:site_name\" content=\"Sportshine\" \/>\n<meta property=\"article:publisher\" content=\"https:\/\/www.facebook.com\/sportshine.eu\/\" \/>\n<meta property=\"article:modified_time\" content=\"2025-11-26T10:16:10+00:00\" \/>\n<meta property=\"og:image\" content=\"https:\/\/www.sportshine.eu\/wp-content\/uploads\/2025\/07\/Magene-C206-pro-stevec.webp\" \/>\n\t<meta property=\"og:image:width\" content=\"720\" \/>\n\t<meta property=\"og:image:height\" content=\"720\" \/>\n\t<meta property=\"og:image:type\" content=\"image\/webp\" \/>\n<meta name=\"twitter:card\" content=\"summary_large_image\" \/>\n<meta name=\"twitter:label1\" content=\"Becs\u00fclt olvas\u00e1si id\u0151\" \/>\n\t<meta name=\"twitter:data1\" content=\"2 perc\" \/>\n<script type=\"application\/ld+json\" class=\"yoast-schema-graph\">{\"@context\":\"https:\\\/\\\/schema.org\",\"@graph\":[{\"@type\":\"WebPage\",\"@id\":\"https:\\\/\\\/www.sportshine.eu\\\/trgovina\\\/magene-c206-pro-kolesarski-stevec-2\\\/\",\"url\":\"https:\\\/\\\/www.sportshine.eu\\\/trgovina\\\/magene-c206-pro-kolesarski-stevec-2\\\/\",\"name\":\"Magene C206 PRO kolesarski \u0161tevec - Sportshine\",\"isPartOf\":{\"@id\":\"https:\\\/\\\/www.sportshine.eu\\\/#website\"},\"primaryImageOfPage\":{\"@id\":\"https:\\\/\\\/www.sportshine.eu\\\/trgovina\\\/magene-c206-pro-kolesarski-stevec-2\\\/#primaryimage\"},\"image\":{\"@id\":\"https:\\\/\\\/www.sportshine.eu\\\/trgovina\\\/magene-c206-pro-kolesarski-stevec-2\\\/#primaryimage\"},\"thumbnailUrl\":\"https:\\\/\\\/www.sportshine.eu\\\/wp-content\\\/uploads\\\/2025\\\/07\\\/Magene-C206-pro-stevec.webp\",\"datePublished\":\"2025-07-04T12:18:20+00:00\",\"dateModified\":\"2025-11-26T10:16:10+00:00\",\"description\":\"Magene C206 PRO je odli\u010den kolesarski \u0161tevec z mo\u017enostjo prenosa podatkov na Stravo. Pona\u0161a se z 4,8 cm velikim ekranom in veliko dodatnih funkcij.\",\"breadcrumb\":{\"@id\":\"https:\\\/\\\/www.sportshine.eu\\\/trgovina\\\/magene-c206-pro-kolesarski-stevec-2\\\/#breadcrumb\"},\"inLanguage\":\"hu\",\"potentialAction\":[{\"@type\":\"ReadAction\",\"target\":[\"https:\\\/\\\/www.sportshine.eu\\\/trgovina\\\/magene-c206-pro-kolesarski-stevec-2\\\/\"]}]},{\"@type\":\"ImageObject\",\"inLanguage\":\"hu\",\"@id\":\"https:\\\/\\\/www.sportshine.eu\\\/trgovina\\\/magene-c206-pro-kolesarski-stevec-2\\\/#primaryimage\",\"url\":\"https:\\\/\\\/www.sportshine.eu\\\/wp-content\\\/uploads\\\/2025\\\/07\\\/Magene-C206-pro-stevec.webp\",\"contentUrl\":\"https:\\\/\\\/www.sportshine.eu\\\/wp-content\\\/uploads\\\/2025\\\/07\\\/Magene-C206-pro-stevec.webp\",\"width\":720,\"height\":720},{\"@type\":\"BreadcrumbList\",\"@id\":\"https:\\\/\\\/www.sportshine.eu\\\/trgovina\\\/magene-c206-pro-kolesarski-stevec-2\\\/#breadcrumb\",\"itemListElement\":[{\"@type\":\"ListItem\",\"position\":1,\"name\":\"Home\",\"item\":\"https:\\\/\\\/www.sportshine.eu\\\/\"},{\"@type\":\"ListItem\",\"position\":2,\"name\":\"Trgovina\",\"item\":\"https:\\\/\\\/www.sportshine.eu\\\/trgovina\\\/\"},{\"@type\":\"ListItem\",\"position\":3,\"name\":\"Magene C206 PRO kolesarski \u0161tevec\"}]},{\"@type\":\"WebSite\",\"@id\":\"https:\\\/\\\/www.sportshine.eu\\\/#website\",\"url\":\"https:\\\/\\\/www.sportshine.eu\\\/\",\"name\":\"Sportshine\",\"description\":\"Top spletna trgovina kolesarskih in naglavnih svetilk ter opreme\",\"publisher\":{\"@id\":\"https:\\\/\\\/www.sportshine.eu\\\/#organization\"},\"potentialAction\":[{\"@type\":\"SearchAction\",\"target\":{\"@type\":\"EntryPoint\",\"urlTemplate\":\"https:\\\/\\\/www.sportshine.eu\\\/?s={search_term_string}\"},\"query-input\":{\"@type\":\"PropertyValueSpecification\",\"valueRequired\":true,\"valueName\":\"search_term_string\"}}],\"inLanguage\":\"hu\"},{\"@type\":\"Organization\",\"@id\":\"https:\\\/\\\/www.sportshine.eu\\\/#organization\",\"name\":\"Sportshine\",\"url\":\"https:\\\/\\\/www.sportshine.eu\\\/\",\"logo\":{\"@type\":\"ImageObject\",\"inLanguage\":\"hu\",\"@id\":\"https:\\\/\\\/www.sportshine.eu\\\/#\\\/schema\\\/logo\\\/image\\\/\",\"url\":\"https:\\\/\\\/www.sportshine.eu\\\/wp-content\\\/uploads\\\/2026\\\/01\\\/cropped-Sportshine.webp\",\"contentUrl\":\"https:\\\/\\\/www.sportshine.eu\\\/wp-content\\\/uploads\\\/2026\\\/01\\\/cropped-Sportshine.webp\",\"width\":295,\"height\":128,\"caption\":\"Sportshine\"},\"image\":{\"@id\":\"https:\\\/\\\/www.sportshine.eu\\\/#\\\/schema\\\/logo\\\/image\\\/\"},\"sameAs\":[\"https:\\\/\\\/www.facebook.com\\\/sportshine.eu\\\/\"]}]}<\/script>\n<!-- \/ Yoast SEO plugin. -->","yoast_head_json":{"title":"Magene C206 PRO ker\u00e9kp\u00e1ros komputer - Sportshine","description":"A Magene C206 PRO egy nagyszer\u0171 ker\u00e9kp\u00e1ros komputer, amely k\u00e9pes adatokat \u00e1tvinni a Strava-ra. 4,8 cm-es k\u00e9perny\u0151vel \u00e9s sz\u00e1mos tov\u00e1bbi funkci\u00f3val b\u00fcszk\u00e9lkedhet.","robots":{"index":"index","follow":"follow","max-snippet":"max-snippet:-1","max-image-preview":"max-image-preview:large","max-video-preview":"max-video-preview:-1"},"canonical":"https:\/\/www.sportshine.eu\/hu\/uzlet\/magene-c206-pro-kerekparos-komputer-2\/","og_locale":"hu_HU","og_type":"article","og_title":"Magene C206 PRO kolesarski \u0161tevec - Sportshine","og_description":"Magene C206 PRO je odli\u010den kolesarski \u0161tevec z mo\u017enostjo prenosa podatkov na Stravo. Pona\u0161a se z 4,8 cm velikim ekranom in veliko dodatnih funkcij.","og_url":"https:\/\/www.sportshine.eu\/hu\/uzlet\/magene-c206-pro-kerekparos-komputer-2\/","og_site_name":"Sportshine","article_publisher":"https:\/\/www.facebook.com\/sportshine.eu\/","article_modified_time":"2025-11-26T10:16:10+00:00","og_image":[{"width":720,"height":720,"url":"https:\/\/www.sportshine.eu\/wp-content\/uploads\/2025\/07\/Magene-C206-pro-stevec.webp","type":"image\/webp"}],"twitter_card":"summary_large_image","twitter_misc":{"Becs\u00fclt olvas\u00e1si id\u0151":"2 perc"},"schema":{"@context":"https:\/\/schema.org","@graph":[{"@type":"WebPage","@id":"https:\/\/www.sportshine.eu\/trgovina\/magene-c206-pro-kolesarski-stevec-2\/","url":"https:\/\/www.sportshine.eu\/trgovina\/magene-c206-pro-kolesarski-stevec-2\/","name":"Magene C206 PRO ker\u00e9kp\u00e1ros komputer - Sportshine","isPartOf":{"@id":"https:\/\/www.sportshine.eu\/#website"},"primaryImageOfPage":{"@id":"https:\/\/www.sportshine.eu\/trgovina\/magene-c206-pro-kolesarski-stevec-2\/#primaryimage"},"image":{"@id":"https:\/\/www.sportshine.eu\/trgovina\/magene-c206-pro-kolesarski-stevec-2\/#primaryimage"},"thumbnailUrl":"https:\/\/www.sportshine.eu\/wp-content\/uploads\/2025\/07\/Magene-C206-pro-stevec.webp","datePublished":"2025-07-04T12:18:20+00:00","dateModified":"2025-11-26T10:16:10+00:00","description":"A Magene C206 PRO egy nagyszer\u0171 ker\u00e9kp\u00e1ros komputer, amely k\u00e9pes adatokat \u00e1tvinni a Strava-ra. 4,8 cm-es k\u00e9perny\u0151vel \u00e9s sz\u00e1mos tov\u00e1bbi funkci\u00f3val b\u00fcszk\u00e9lkedhet.","breadcrumb":{"@id":"https:\/\/www.sportshine.eu\/trgovina\/magene-c206-pro-kolesarski-stevec-2\/#breadcrumb"},"inLanguage":"hu","potentialAction":[{"@type":"ReadAction","target":["https:\/\/www.sportshine.eu\/trgovina\/magene-c206-pro-kolesarski-stevec-2\/"]}]},{"@type":"ImageObject","inLanguage":"hu","@id":"https:\/\/www.sportshine.eu\/trgovina\/magene-c206-pro-kolesarski-stevec-2\/#primaryimage","url":"https:\/\/www.sportshine.eu\/wp-content\/uploads\/2025\/07\/Magene-C206-pro-stevec.webp","contentUrl":"https:\/\/www.sportshine.eu\/wp-content\/uploads\/2025\/07\/Magene-C206-pro-stevec.webp","width":720,"height":720},{"@type":"BreadcrumbList","@id":"https:\/\/www.sportshine.eu\/trgovina\/magene-c206-pro-kolesarski-stevec-2\/#breadcrumb","itemListElement":[{"@type":"ListItem","position":1,"name":"Home","item":"https:\/\/www.sportshine.eu\/"},{"@type":"ListItem","position":2,"name":"Trgovina","item":"https:\/\/www.sportshine.eu\/trgovina\/"},{"@type":"ListItem","position":3,"name":"Magene C206 PRO kolesarski \u0161tevec"}]},{"@type":"WebSite","@id":"https:\/\/www.sportshine.eu\/#website","url":"https:\/\/www.sportshine.eu\/","name":"Sportshine","description":"Ker\u00e9kp\u00e1ros, fejl\u00e1mp\u00e1k \u00e9s felszerel\u00e9sek online \u00e1ruh\u00e1z\u00e1nak vezet\u0151 k\u00edn\u00e1lata","publisher":{"@id":"https:\/\/www.sportshine.eu\/#organization"},"potentialAction":[{"@type":"SearchAction","target":{"@type":"EntryPoint","urlTemplate":"https:\/\/www.sportshine.eu\/?s={search_term_string}"},"query-input":{"@type":"PropertyValueSpecification","valueRequired":true,"valueName":"search_term_string"}}],"inLanguage":"hu"},{"@type":"Organization","@id":"https:\/\/www.sportshine.eu\/#organization","name":"Sportshine","url":"https:\/\/www.sportshine.eu\/","logo":{"@type":"ImageObject","inLanguage":"hu","@id":"https:\/\/www.sportshine.eu\/#\/schema\/logo\/image\/","url":"https:\/\/www.sportshine.eu\/wp-content\/uploads\/2026\/01\/cropped-Sportshine.webp","contentUrl":"https:\/\/www.sportshine.eu\/wp-content\/uploads\/2026\/01\/cropped-Sportshine.webp","width":295,"height":128,"caption":"Sportshine"},"image":{"@id":"https:\/\/www.sportshine.eu\/#\/schema\/logo\/image\/"},"sameAs":["https:\/\/www.facebook.com\/sportshine.eu\/"]}]}},"_links":{"self":[{"href":"https:\/\/www.sportshine.eu\/hu\/wp-json\/wp\/v2\/product\/6189","targetHints":{"allow":["GET"]}}],"collection":[{"href":"https:\/\/www.sportshine.eu\/hu\/wp-json\/wp\/v2\/product"}],"about":[{"href":"https:\/\/www.sportshine.eu\/hu\/wp-json\/wp\/v2\/types\/product"}],"replies":[{"embeddable":true,"href":"https:\/\/www.sportshine.eu\/hu\/wp-json\/wp\/v2\/comments?post=6189"}],"version-history":[{"count":0,"href":"https:\/\/www.sportshine.eu\/hu\/wp-json\/wp\/v2\/product\/6189\/revisions"}],"wp:featuredmedia":[{"embeddable":true,"href":"https:\/\/www.sportshine.eu\/hu\/wp-json\/wp\/v2\/media\/6191"}],"wp:attachment":[{"href":"https:\/\/www.sportshine.eu\/hu\/wp-json\/wp\/v2\/media?parent=6189"}],"wp:term":[{"taxonomy":"product_brand","embeddable":true,"href":"https:\/\/www.sportshine.eu\/hu\/wp-json\/wp\/v2\/product_brand?post=6189"},{"taxonomy":"product_cat","embeddable":true,"href":"https:\/\/www.sportshine.eu\/hu\/wp-json\/wp\/v2\/product_cat?post=6189"},{"taxonomy":"product_tag","embeddable":true,"href":"https:\/\/www.sportshine.eu\/hu\/wp-json\/wp\/v2\/product_tag?post=6189"}],"curies":[{"name":"wp","href":"https:\/\/api.w.org\/{rel}","templated":true}]}}