{"id":7526,"date":"2025-08-02T22:38:03","date_gmt":"2025-08-02T22:38:03","guid":{"rendered":"https:\/\/www.sportshine.eu\/?page_id=7526"},"modified":"2025-08-02T22:41:00","modified_gmt":"2025-08-02T22:41:00","slug":"revo-borito","status":"publish","type":"page","link":"https:\/\/www.sportshine.eu\/hu\/revo-borito\/","title":{"rendered":"revo-bevonat"},"content":{"rendered":"<h4 class=\"wp-block-heading\">Mi a Revo bevonat a napszem\u00fcveglencs\u00e9ken?<\/h4>\n\n\n\n<p>A napszem\u00fcvegek nem csup\u00e1n divatkieg\u00e9sz\u00edt\u0151k; l\u00e9tfontoss\u00e1g\u00fa szerepet j\u00e1tszanak a szem\u00fcnk v\u00e9delm\u00e9ben a nap ultraibolya (UV) sugarainak k\u00e1ros hat\u00e1sait\u00f3l. Azonban nem minden napszem\u00fcveg egyforma, \u00e9s a megfelel\u0151 szem\u00fcveg kiv\u00e1laszt\u00e1s\u00e1ban fontos t\u00e9nyez\u0151 a lencs\u00e9ken l\u00e9v\u0151 bevonat t\u00edpusa. A k\u00fcl\u00f6nf\u00e9le el\u00e9rhet\u0151 bevonatok k\u00f6z\u00fcl a Revo bevonat n\u00e9pszer\u0171s\u00e9gre tett szert, mivel kiv\u00e1l\u00f3an jav\u00edtja a vizu\u00e1lis tisztas\u00e1got \u00e9s cs\u00f6kkenti a t\u00fckr\u00f6z\u0151d\u00e9st. Ebben a blogbejegyz\u00e9sben megvizsg\u00e1ljuk, hogy mi is az a Revo bevonat a napszem\u00fcveglencs\u00e9ken, hogyan m\u0171k\u00f6dik, \u00e9s milyen el\u0151ny\u00f6ket k\u00edn\u00e1l azok sz\u00e1m\u00e1ra, akik kiv\u00e1l\u00f3 szemv\u00e9delmet \u00e9s st\u00edlust keresnek.<\/p>\n\n\n\n<h4 class=\"wp-block-heading\">A Revo Coating megismer\u00e9se<\/h4>\n\n\n\n<p>A Revo Coating egy pr\u00e9mium, kiv\u00e1l\u00f3 min\u0151s\u00e9g\u0171 lencsebevonat-technol\u00f3gia, amelyet eredetileg napszem\u00fcvegekhez fejlesztettek ki. A \u201eRevo\u201d n\u00e9v a \u201eforradalom\u201d r\u00f6vid\u00edt\u00e9se, \u00e9s az \u00fatt\u00f6r\u0151 fejleszt\u00e9seket jel\u00f6li, amelyeket ez a bevonat hozott a szem\u00fcvegek vil\u00e1g\u00e1ba. Ez a fejlett bevonat a Revo, a napszem\u00fcvegiparban j\u00f3l ismert m\u00e1rka \u00e1ltal kifejlesztett saj\u00e1t fejleszt\u00e9s\u0171 technol\u00f3gia.<\/p>\n\n\n\n<p>A Revo bevonat kiv\u00e9teles optikai tulajdons\u00e1gokkal rendelkezik, amelyek jelent\u0151sen jav\u00edtj\u00e1k a napszem\u00fcvegek teljes\u00edtm\u00e9ny\u00e9t. Els\u0151sorban polariz\u00e1lt lencs\u00e9ken haszn\u00e1lj\u00e1k, de nem polariz\u00e1lt lencs\u00e9ken is alkalmazhat\u00f3 a tisztas\u00e1g \u00e9s a teljes\u00edtm\u00e9ny jav\u00edt\u00e1sa \u00e9rdek\u00e9ben.<\/p>\n\n\n\n<h4 class=\"wp-block-heading\">Hogyan m\u0171k\u00f6dik a Revo bevonat?<\/h4>\n\n\n\n<p>A Revo bevonat egy t\u00f6bbr\u00e9teg\u0171, high-tech bevonat, amelyet napszem\u00fcveglencs\u00e9kre alkalmaznak. \u00d6sszet\u00e9tele jellemz\u0151en t\u00f6bb r\u00e9tegb\u0151l \u00e1ll, amelyek egy\u00fcttesen jav\u00edtj\u00e1k a lencs\u00e9k optikai tulajdons\u00e1gait. \u00cdgy m\u0171k\u00f6dik:<\/p>\n\n\n\n<p><strong>T\u00fckr\u00f6z\u0151d\u00e9sg\u00e1tl\u00f3 r\u00e9teg:<\/strong>&nbsp;A Revo bevonat els\u0151 r\u00e9tege egy t\u00fckr\u00f6z\u0151d\u00e9sg\u00e1tl\u00f3 r\u00e9teg, amely cs\u00f6kkenti a lencs\u00e9r\u0151l visszaver\u0151d\u0151 f\u00e9ny mennyis\u00e9g\u00e9t. Ez seg\u00edt cs\u00f6kkenteni a t\u00fckr\u00f6z\u0151d\u00e9st \u00e9s n\u00f6veli a vizu\u00e1lis tisztas\u00e1got, k\u00fcl\u00f6n\u00f6sen er\u0151s naps\u00fct\u00e9sben.<\/p>\n\n\n\n<p><strong>T\u00fck\u00f6rr\u00e9teg:<\/strong>&nbsp;A Revo bevonatok gyakran tartalmaznak egy t\u00fck\u00f6rr\u00e9teget, amely nemcsak st\u00edlusos \u00e9s f\u00e9nyvisszaver\u0151 fel\u00fcletet k\u00f6lcs\u00f6n\u00f6z a lencs\u00e9knek, hanem seg\u00edt blokkolni a tov\u00e1bbi napf\u00e9nyt, tov\u00e1bb cs\u00f6kkentve a t\u00fckr\u00f6z\u0151d\u00e9st.<\/p>\n\n\n\n<p><strong>Hidrof\u00f3b r\u00e9teg (opcion\u00e1lis):<\/strong>&nbsp;N\u00e9h\u00e1ny Revo lencse hidrof\u00f3b r\u00e9teggel rendelkezik, amely tasz\u00edtja a vizet \u00e9s megakad\u00e1lyozza a p\u00e1r\u00e1sod\u00e1st, \u00edgy k\u00f6nnyen tiszt\u00edthat\u00f3 \u00e9s karbantarthat\u00f3.<\/p>\n\n\n\n<h4 class=\"wp-block-heading\">A Revo bevonat el\u0151nyei<\/h4>\n\n\n\n<p>Most, hogy meg\u00e9rtett\u00fck, hogyan m\u0171k\u00f6dik a Revo bevonat, vizsg\u00e1ljuk meg, milyen el\u0151ny\u00f6ket k\u00edn\u00e1l:<\/p>\n\n\n\n<p><strong>Cs\u00f6kkentett t\u00fckr\u00f6z\u0151d\u00e9s:<\/strong>&nbsp;A Revo bevonat\u00fa lencs\u00e9k t\u00fckr\u00f6z\u0151d\u00e9smentes\u00edt\u0151 \u00e9s polariz\u00e1lt r\u00e9tegei hat\u00e9konyan cs\u00f6kkentik a nap, a v\u00edz \u00e9s m\u00e1s f\u00e9nyvisszaver\u0151 fel\u00fcletek t\u00fckr\u00f6z\u0151d\u00e9s\u00e9t. Ez n\u00f6veli a vizu\u00e1lis k\u00e9nyelmet \u00e9s biztons\u00e1got, \u00edgy ide\u00e1lisak k\u00fclt\u00e9ri tev\u00e9kenys\u00e9gekhez, p\u00e9ld\u00e1ul vezet\u00e9shez, horg\u00e1szathoz \u00e9s sporthoz.<\/p>\n\n\n\n<p><strong>Fokozott \u00e1ttekinthet\u0151s\u00e9g:<\/strong>&nbsp;A Revo bevonat kiv\u00e1l\u00f3 optikai tisztas\u00e1got biztos\u00edt a t\u00fckr\u00f6z\u0151d\u00e9sek cs\u00f6kkent\u00e9s\u00e9vel \u00e9s a kontraszt maximaliz\u00e1l\u00e1s\u00e1val, \u00edgy a r\u00e9szletek tiszt\u00e1bban \u00e9s \u00e9l\u00e9nkebben l\u00e1that\u00f3k.<\/p>\n\n\n\n<p><strong>St\u00edlusos megjelen\u00e9s:<\/strong>&nbsp;A Revo bevonat\u00fa lencs\u00e9k t\u00fck\u00f6rr\u00e9tege st\u00edlusos \u00e9s modern megjelen\u00e9st k\u00f6lcs\u00f6n\u00f6z napszem\u00fcvegednek. K\u00fcl\u00f6nb\u00f6z\u0151 sz\u00ednekben \u00e9s form\u00e1kban kaphat\u00f3k, \u00edgy k\u00f6nnyen megtal\u00e1lhatod a szem\u00e9lyes st\u00edlusodnak megfelel\u0151 p\u00e1rt.<\/p>\n\n\n\n<p><strong>Tart\u00f3ss\u00e1g:<\/strong>&nbsp;A Revo bevonatok tart\u00f3ss\u00e1gukr\u00f3l ismertek, \u00e9s ellen\u00e1llnak a mindennapi kop\u00e1snak, \u00edgy hossz\u00fa t\u00e1v\u00fa befektet\u00e9st jelentenek a szemv\u00e9delemben.<\/p>\n\n\n\n<p><strong>UV-v\u00e9delem:<\/strong>&nbsp;A t\u00fckr\u00f6z\u0151d\u00e9s cs\u00f6kkent\u00e9se \u00e9s a vizu\u00e1lis tisztas\u00e1g jav\u00edt\u00e1sa mellett a Revo bevonat\u00fa lencs\u00e9k 100% v\u00e9delmet ny\u00fajtanak a k\u00e1ros UV-sugarak ellen, megakad\u00e1lyozva a szem hossz\u00fa t\u00e1v\u00fa k\u00e1rosod\u00e1s\u00e1t.<\/p>\n\n\n\n<h4 class=\"wp-block-heading\">K\u00f6vetkeztet\u00e9s<\/h4>\n\n\n\n<p>A napszem\u00fcveglencs\u00e9k Revo bevonata jelent\u0151s el\u0151rel\u00e9p\u00e9st jelent a szem\u00fcvegtechnol\u00f3gi\u00e1ban. T\u00f6bbr\u00e9teg\u0171 fel\u00e9p\u00edt\u00e9se, t\u00fckr\u00f6z\u0151d\u00e9smentes tulajdons\u00e1gai, polariz\u00e1ci\u00f3ja (ahol van) \u00e9s st\u00edlusos megjelen\u00e9se n\u00e9pszer\u0171 v\u00e1laszt\u00e1ss\u00e1 teszi azok sz\u00e1m\u00e1ra, akik kiv\u00e1l\u00f3 min\u0151s\u00e9g\u0171 szemv\u00e9delmet \u00e9s jobb l\u00e1t\u00e1st keresnek. Ak\u00e1r szabadt\u00e9ri tev\u00e9kenys\u00e9gek szerelmese vagy, ak\u00e1r egyszer\u0171en csak szeretn\u00e9d felfriss\u00edteni a st\u00edlusodat, a Revo bevonat\u00fa napszem\u00fcvegek nagyszer\u0171 v\u00e1laszt\u00e1st jelentenek, amelyek \u00f6tv\u00f6zik a divatot \u00e9s a funkcionalit\u00e1st a szemed j\u00f3l\u00e9te \u00e9rdek\u00e9ben.<\/p>","protected":false},"excerpt":{"rendered":"<p>Kaj je Revo prevleka na le\u010dah son\u010dnih o\u010dal? Son\u010dna o\u010dala niso samo modni dodatek; igrajo klju\u010dno vlogo pri za\u0161\u010diti na\u0161ih o\u010di pred \u0161kodljivimi u\u010dinki ultravijoli\u010dnih (UV) \u017earkov sonca. Vendar niso vsa son\u010dna o\u010dala enaka, zato je pomemben dejavnik pri izbiri pravih o\u010dal vrsta prevleke na le\u010dah. Med razli\u010dnimi razpolo\u017eljivimi prevlekami je Revo prevleka pridobila priljubljenost [&hellip;]<\/p>\n","protected":false},"author":1,"featured_media":0,"parent":0,"menu_order":0,"comment_status":"closed","ping_status":"closed","template":"","meta":{"footnotes":""},"class_list":["post-7526","page","type-page","status-publish","hentry"],"yoast_head":"<!-- This site is optimized with the Yoast SEO plugin v27.3 - https:\/\/yoast.com\/product\/yoast-seo-wordpress\/ -->\n<title>revo-prevleka - Sportshine<\/title>\n<meta name=\"robots\" content=\"index, follow, max-snippet:-1, max-image-preview:large, max-video-preview:-1\" \/>\n<link rel=\"canonical\" href=\"https:\/\/www.sportshine.eu\/hu\/revo-borito\/\" \/>\n<meta property=\"og:locale\" content=\"hu_HU\" \/>\n<meta property=\"og:type\" content=\"article\" \/>\n<meta property=\"og:title\" content=\"revo-prevleka - Sportshine\" \/>\n<meta property=\"og:description\" content=\"Kaj je Revo prevleka na le\u010dah son\u010dnih o\u010dal? Son\u010dna o\u010dala niso samo modni dodatek; igrajo klju\u010dno vlogo pri za\u0161\u010diti na\u0161ih o\u010di pred \u0161kodljivimi u\u010dinki ultravijoli\u010dnih (UV) \u017earkov sonca. Vendar niso vsa son\u010dna o\u010dala enaka, zato je pomemben dejavnik pri izbiri pravih o\u010dal vrsta prevleke na le\u010dah. Med razli\u010dnimi razpolo\u017eljivimi prevlekami je Revo prevleka pridobila priljubljenost [&hellip;]\" \/>\n<meta property=\"og:url\" content=\"https:\/\/www.sportshine.eu\/hu\/revo-borito\/\" \/>\n<meta property=\"og:site_name\" content=\"Sportshine\" \/>\n<meta property=\"article:publisher\" content=\"https:\/\/www.facebook.com\/sportshine.eu\/\" \/>\n<meta property=\"article:modified_time\" content=\"2025-08-02T22:41:00+00:00\" \/>\n<meta name=\"twitter:card\" content=\"summary_large_image\" \/>\n<meta name=\"twitter:label1\" content=\"Becs\u00fclt olvas\u00e1si id\u0151\" \/>\n\t<meta name=\"twitter:data1\" content=\"3 perc\" \/>\n<script type=\"application\/ld+json\" class=\"yoast-schema-graph\">{\"@context\":\"https:\\\/\\\/schema.org\",\"@graph\":[{\"@type\":\"WebPage\",\"@id\":\"https:\\\/\\\/www.sportshine.eu\\\/revo-prevleka\\\/\",\"url\":\"https:\\\/\\\/www.sportshine.eu\\\/revo-prevleka\\\/\",\"name\":\"revo-prevleka - Sportshine\",\"isPartOf\":{\"@id\":\"https:\\\/\\\/www.sportshine.eu\\\/#website\"},\"datePublished\":\"2025-08-02T22:38:03+00:00\",\"dateModified\":\"2025-08-02T22:41:00+00:00\",\"breadcrumb\":{\"@id\":\"https:\\\/\\\/www.sportshine.eu\\\/revo-prevleka\\\/#breadcrumb\"},\"inLanguage\":\"hu\",\"potentialAction\":[{\"@type\":\"ReadAction\",\"target\":[\"https:\\\/\\\/www.sportshine.eu\\\/revo-prevleka\\\/\"]}]},{\"@type\":\"BreadcrumbList\",\"@id\":\"https:\\\/\\\/www.sportshine.eu\\\/revo-prevleka\\\/#breadcrumb\",\"itemListElement\":[{\"@type\":\"ListItem\",\"position\":1,\"name\":\"Home\",\"item\":\"https:\\\/\\\/www.sportshine.eu\\\/\"},{\"@type\":\"ListItem\",\"position\":2,\"name\":\"revo-prevleka\"}]},{\"@type\":\"WebSite\",\"@id\":\"https:\\\/\\\/www.sportshine.eu\\\/#website\",\"url\":\"https:\\\/\\\/www.sportshine.eu\\\/\",\"name\":\"Sportshine\",\"description\":\"Top spletna trgovina kolesarskih in naglavnih svetilk ter opreme\",\"publisher\":{\"@id\":\"https:\\\/\\\/www.sportshine.eu\\\/#organization\"},\"potentialAction\":[{\"@type\":\"SearchAction\",\"target\":{\"@type\":\"EntryPoint\",\"urlTemplate\":\"https:\\\/\\\/www.sportshine.eu\\\/?s={search_term_string}\"},\"query-input\":{\"@type\":\"PropertyValueSpecification\",\"valueRequired\":true,\"valueName\":\"search_term_string\"}}],\"inLanguage\":\"hu\"},{\"@type\":\"Organization\",\"@id\":\"https:\\\/\\\/www.sportshine.eu\\\/#organization\",\"name\":\"Sportshine\",\"url\":\"https:\\\/\\\/www.sportshine.eu\\\/\",\"logo\":{\"@type\":\"ImageObject\",\"inLanguage\":\"hu\",\"@id\":\"https:\\\/\\\/www.sportshine.eu\\\/#\\\/schema\\\/logo\\\/image\\\/\",\"url\":\"https:\\\/\\\/www.sportshine.eu\\\/wp-content\\\/uploads\\\/2026\\\/01\\\/cropped-Sportshine.webp\",\"contentUrl\":\"https:\\\/\\\/www.sportshine.eu\\\/wp-content\\\/uploads\\\/2026\\\/01\\\/cropped-Sportshine.webp\",\"width\":295,\"height\":128,\"caption\":\"Sportshine\"},\"image\":{\"@id\":\"https:\\\/\\\/www.sportshine.eu\\\/#\\\/schema\\\/logo\\\/image\\\/\"},\"sameAs\":[\"https:\\\/\\\/www.facebook.com\\\/sportshine.eu\\\/\"]}]}<\/script>\n<!-- \/ Yoast SEO plugin. -->","yoast_head_json":{"title":"revo-cover - Sportshine","robots":{"index":"index","follow":"follow","max-snippet":"max-snippet:-1","max-image-preview":"max-image-preview:large","max-video-preview":"max-video-preview:-1"},"canonical":"https:\/\/www.sportshine.eu\/hu\/revo-borito\/","og_locale":"hu_HU","og_type":"article","og_title":"revo-prevleka - Sportshine","og_description":"Kaj je Revo prevleka na le\u010dah son\u010dnih o\u010dal? Son\u010dna o\u010dala niso samo modni dodatek; igrajo klju\u010dno vlogo pri za\u0161\u010diti na\u0161ih o\u010di pred \u0161kodljivimi u\u010dinki ultravijoli\u010dnih (UV) \u017earkov sonca. Vendar niso vsa son\u010dna o\u010dala enaka, zato je pomemben dejavnik pri izbiri pravih o\u010dal vrsta prevleke na le\u010dah. Med razli\u010dnimi razpolo\u017eljivimi prevlekami je Revo prevleka pridobila priljubljenost [&hellip;]","og_url":"https:\/\/www.sportshine.eu\/hu\/revo-borito\/","og_site_name":"Sportshine","article_publisher":"https:\/\/www.facebook.com\/sportshine.eu\/","article_modified_time":"2025-08-02T22:41:00+00:00","twitter_card":"summary_large_image","twitter_misc":{"Becs\u00fclt olvas\u00e1si id\u0151":"3 perc"},"schema":{"@context":"https:\/\/schema.org","@graph":[{"@type":"WebPage","@id":"https:\/\/www.sportshine.eu\/revo-prevleka\/","url":"https:\/\/www.sportshine.eu\/revo-prevleka\/","name":"revo-cover - Sportshine","isPartOf":{"@id":"https:\/\/www.sportshine.eu\/#website"},"datePublished":"2025-08-02T22:38:03+00:00","dateModified":"2025-08-02T22:41:00+00:00","breadcrumb":{"@id":"https:\/\/www.sportshine.eu\/revo-prevleka\/#breadcrumb"},"inLanguage":"hu","potentialAction":[{"@type":"ReadAction","target":["https:\/\/www.sportshine.eu\/revo-prevleka\/"]}]},{"@type":"BreadcrumbList","@id":"https:\/\/www.sportshine.eu\/revo-prevleka\/#breadcrumb","itemListElement":[{"@type":"ListItem","position":1,"name":"Home","item":"https:\/\/www.sportshine.eu\/"},{"@type":"ListItem","position":2,"name":"revo-prevleka"}]},{"@type":"WebSite","@id":"https:\/\/www.sportshine.eu\/#website","url":"https:\/\/www.sportshine.eu\/","name":"Sportshine","description":"Ker\u00e9kp\u00e1ros, fejl\u00e1mp\u00e1k \u00e9s felszerel\u00e9sek online \u00e1ruh\u00e1z\u00e1nak vezet\u0151 k\u00edn\u00e1lata","publisher":{"@id":"https:\/\/www.sportshine.eu\/#organization"},"potentialAction":[{"@type":"SearchAction","target":{"@type":"EntryPoint","urlTemplate":"https:\/\/www.sportshine.eu\/?s={search_term_string}"},"query-input":{"@type":"PropertyValueSpecification","valueRequired":true,"valueName":"search_term_string"}}],"inLanguage":"hu"},{"@type":"Organization","@id":"https:\/\/www.sportshine.eu\/#organization","name":"Sportshine","url":"https:\/\/www.sportshine.eu\/","logo":{"@type":"ImageObject","inLanguage":"hu","@id":"https:\/\/www.sportshine.eu\/#\/schema\/logo\/image\/","url":"https:\/\/www.sportshine.eu\/wp-content\/uploads\/2026\/01\/cropped-Sportshine.webp","contentUrl":"https:\/\/www.sportshine.eu\/wp-content\/uploads\/2026\/01\/cropped-Sportshine.webp","width":295,"height":128,"caption":"Sportshine"},"image":{"@id":"https:\/\/www.sportshine.eu\/#\/schema\/logo\/image\/"},"sameAs":["https:\/\/www.facebook.com\/sportshine.eu\/"]}]}},"_links":{"self":[{"href":"https:\/\/www.sportshine.eu\/hu\/wp-json\/wp\/v2\/pages\/7526","targetHints":{"allow":["GET"]}}],"collection":[{"href":"https:\/\/www.sportshine.eu\/hu\/wp-json\/wp\/v2\/pages"}],"about":[{"href":"https:\/\/www.sportshine.eu\/hu\/wp-json\/wp\/v2\/types\/page"}],"author":[{"embeddable":true,"href":"https:\/\/www.sportshine.eu\/hu\/wp-json\/wp\/v2\/users\/1"}],"replies":[{"embeddable":true,"href":"https:\/\/www.sportshine.eu\/hu\/wp-json\/wp\/v2\/comments?post=7526"}],"version-history":[{"count":0,"href":"https:\/\/www.sportshine.eu\/hu\/wp-json\/wp\/v2\/pages\/7526\/revisions"}],"wp:attachment":[{"href":"https:\/\/www.sportshine.eu\/hu\/wp-json\/wp\/v2\/media?parent=7526"}],"curies":[{"name":"wp","href":"https:\/\/api.w.org\/{rel}","templated":true}]}}