{"id":7460,"date":"2025-08-02T21:25:05","date_gmt":"2025-08-02T21:25:05","guid":{"rendered":"https:\/\/www.sportshine.eu\/?page_id=7460"},"modified":"2025-08-02T21:25:08","modified_gmt":"2025-08-02T21:25:08","slug":"ftr-technologia","status":"publish","type":"page","link":"https:\/\/www.sportshine.eu\/hu\/ftr-technologia\/","title":{"rendered":"ftr-technol\u00f3gia"},"content":{"rendered":"<h6 class=\"wp-block-heading\">FTR (els\u0151 l\u00e1mpa, h\u00e1ts\u00f3 l\u00e1mpa, t\u00e1vir\u00e1ny\u00edt\u00f3)<\/h6>\n\n\n\n<p>Els\u0151 l\u00e1mpa, h\u00e1ts\u00f3 l\u00e1mpa, t\u00e1vir\u00e1ny\u00edt\u00f3 \u2013 mindez a ker\u00e9kp\u00e1rvil\u00e1g\u00edt\u00e1s holisztikus megk\u00f6zel\u00edt\u00e9s\u00e9t szimboliz\u00e1lja. A fejlett vezet\u00e9k n\u00e9lk\u00fcli kapcsolatnak k\u00f6sz\u00f6nhet\u0151en az FTR LightSync Control t\u00f6k\u00e9letes szinkroniz\u00e1ci\u00f3t val\u00f3s\u00edt meg az els\u0151 l\u00e1mp\u00e1k, a h\u00e1ts\u00f3 l\u00e1mp\u00e1k \u00e9s egy dedik\u00e1lt t\u00e1vir\u00e1ny\u00edt\u00f3 k\u00f6z\u00f6tt, harmonikus \u00f6kosziszt\u00e9m\u00e1t teremtve. Egyetlen, intuit\u00edv megnyom\u00e1ssal \u2013 ak\u00e1r a vezet\u00e9k n\u00e9lk\u00fcli t\u00e1vir\u00e1ny\u00edt\u00f3n, ak\u00e1r az els\u0151 l\u00e1mp\u00e1n tal\u00e1lhat\u00f3 gombbal \u2013 a ker\u00e9kp\u00e1rosok z\u00f6kken\u0151mentesen szinkroniz\u00e1lhatj\u00e1k az els\u0151 \u00e9s a h\u00e1ts\u00f3 l\u00e1mp\u00e1kat.<\/p>\n\n\n\n<p><strong>Sima, egy\u00e9rint\u00e9ses vez\u00e9rl\u00e9s<\/strong><br>Az FTR LightSync Control rendszer egyik f\u0151 el\u0151nye a felhaszn\u00e1l\u00f3i \u00e9lm\u00e9nyre val\u00f3 \u00f6sszpontos\u00edt\u00e1s. A motorosok mostant\u00f3l egyetlen \u00e9rint\u00e9ssel be- \u00e9s kikapcsolhatj\u00e1k mind az els\u0151, mind a h\u00e1ts\u00f3 l\u00e1mp\u00e1kat, \u00edgy nincs sz\u00fcks\u00e9g k\u00fcl\u00f6n m\u0171veletekre, \u00e9s teljes m\u00e9rt\u00e9kben az \u00fatra koncentr\u00e1lhatnak \u2013 ami elengedhetetlen a fokozott biztons\u00e1g \u00e9rdek\u00e9ben.<\/p>\n\n\n\n<p><strong>Kiv\u00e1l\u00f3 szinkroniz\u00e1lt vil\u00e1g\u00edt\u00e1s<\/strong><br>A rendszer egyenletes megvil\u00e1g\u00edt\u00e1st biztos\u00edt a ker\u00e9kp\u00e1r mindk\u00e9t oldal\u00e1n, ami elengedhetetlen a biztons\u00e1gos navig\u00e1ci\u00f3hoz gyenge f\u00e9nyviszonyok k\u00f6z\u00f6tt. Ez a szinkroniz\u00e1ci\u00f3 kulcsfontoss\u00e1g\u00fa a t\u00f6bbi k\u00f6zleked\u0151 k\u00f6z\u00f6tti tiszta l\u00e1that\u00f3s\u00e1g fenntart\u00e1s\u00e1hoz \u00e9s a biztons\u00e1gosabb megosztott t\u00e9r megteremt\u00e9s\u00e9hez.<\/p>\n\n\n\n<p><strong>Vezet\u00e9k n\u00e9lk\u00fcli szabads\u00e1g<\/strong><br>Az FTR LightSync Control rendszer vezet\u00e9k n\u00e9lk\u00fcli architekt\u00far\u00e1ja leegyszer\u0171s\u00edti a m\u0171k\u00f6dtet\u00e9st, \u00e9s mindig szil\u00e1rdan a korm\u00e1nyon tartja a kezeidet. Ez a vezet\u00e9k n\u00e9lk\u00fcli k\u00e9pess\u00e9g z\u00f6kken\u0151mentes ir\u00e1ny\u00edt\u00e1st biztos\u00edt, \u00e9s fokozza az \u00f6sszhat\u00e1st.<\/p>\n\n\n\n<p><\/p>","protected":false},"excerpt":{"rendered":"<p>FTR (front light, tail light, remote ) Sprednja lu\u010d, zadnja lu\u010d, daljinski upravljalnik\u2014simbolizira celovit pristop k osvetlitvi kolesa. Z uporabo naprednega brez\u017ei\u010dnega povezovanja FTR LightSync Control orkestrira popolno sinhronizacijo med sprednjimi lu\u010dmi, zadnjimi lu\u010dmi in namenskim daljinskim upravljalnikom, s \u010dimer ustvarja harmoni\u010den ekosistem. Z enim samim, intuitivnim pritiskom\u2014bodisi preko brez\u017ei\u010dnega daljinskega upravljalnika ali gumba na [&hellip;]<\/p>\n","protected":false},"author":1,"featured_media":0,"parent":0,"menu_order":0,"comment_status":"closed","ping_status":"closed","template":"","meta":{"footnotes":""},"class_list":["post-7460","page","type-page","status-publish","hentry"],"yoast_head":"<!-- This site is optimized with the Yoast SEO plugin v27.4 - https:\/\/yoast.com\/product\/yoast-seo-wordpress\/ -->\n<title>ftr-tehnologija - Sportshine<\/title>\n<meta name=\"robots\" content=\"index, follow, max-snippet:-1, max-image-preview:large, max-video-preview:-1\" \/>\n<link rel=\"canonical\" href=\"https:\/\/www.sportshine.eu\/hu\/ftr-technologia\/\" \/>\n<meta property=\"og:locale\" content=\"hu_HU\" \/>\n<meta property=\"og:type\" content=\"article\" \/>\n<meta property=\"og:title\" content=\"ftr-tehnologija - Sportshine\" \/>\n<meta property=\"og:description\" content=\"FTR (front light, tail light, remote ) Sprednja lu\u010d, zadnja lu\u010d, daljinski upravljalnik\u2014simbolizira celovit pristop k osvetlitvi kolesa. Z uporabo naprednega brez\u017ei\u010dnega povezovanja FTR LightSync Control orkestrira popolno sinhronizacijo med sprednjimi lu\u010dmi, zadnjimi lu\u010dmi in namenskim daljinskim upravljalnikom, s \u010dimer ustvarja harmoni\u010den ekosistem. Z enim samim, intuitivnim pritiskom\u2014bodisi preko brez\u017ei\u010dnega daljinskega upravljalnika ali gumba na [&hellip;]\" \/>\n<meta property=\"og:url\" content=\"https:\/\/www.sportshine.eu\/hu\/ftr-technologia\/\" \/>\n<meta property=\"og:site_name\" content=\"Sportshine\" \/>\n<meta property=\"article:publisher\" content=\"https:\/\/www.facebook.com\/sportshine.eu\/\" \/>\n<meta property=\"article:modified_time\" content=\"2025-08-02T21:25:08+00:00\" \/>\n<meta name=\"twitter:card\" content=\"summary_large_image\" \/>\n<meta name=\"twitter:label1\" content=\"Becs\u00fclt olvas\u00e1si id\u0151\" \/>\n\t<meta name=\"twitter:data1\" content=\"1 perc\" \/>\n<script type=\"application\/ld+json\" class=\"yoast-schema-graph\">{\"@context\":\"https:\\\/\\\/schema.org\",\"@graph\":[{\"@type\":\"WebPage\",\"@id\":\"https:\\\/\\\/www.sportshine.eu\\\/ftr-tehnologija\\\/\",\"url\":\"https:\\\/\\\/www.sportshine.eu\\\/ftr-tehnologija\\\/\",\"name\":\"ftr-tehnologija - Sportshine\",\"isPartOf\":{\"@id\":\"https:\\\/\\\/www.sportshine.eu\\\/#website\"},\"datePublished\":\"2025-08-02T21:25:05+00:00\",\"dateModified\":\"2025-08-02T21:25:08+00:00\",\"breadcrumb\":{\"@id\":\"https:\\\/\\\/www.sportshine.eu\\\/ftr-tehnologija\\\/#breadcrumb\"},\"inLanguage\":\"hu\",\"potentialAction\":[{\"@type\":\"ReadAction\",\"target\":[\"https:\\\/\\\/www.sportshine.eu\\\/ftr-tehnologija\\\/\"]}]},{\"@type\":\"BreadcrumbList\",\"@id\":\"https:\\\/\\\/www.sportshine.eu\\\/ftr-tehnologija\\\/#breadcrumb\",\"itemListElement\":[{\"@type\":\"ListItem\",\"position\":1,\"name\":\"Home\",\"item\":\"https:\\\/\\\/www.sportshine.eu\\\/\"},{\"@type\":\"ListItem\",\"position\":2,\"name\":\"ftr-tehnologija\"}]},{\"@type\":\"WebSite\",\"@id\":\"https:\\\/\\\/www.sportshine.eu\\\/#website\",\"url\":\"https:\\\/\\\/www.sportshine.eu\\\/\",\"name\":\"Sportshine\",\"description\":\"Top spletna trgovina kolesarskih in naglavnih svetilk ter opreme\",\"publisher\":{\"@id\":\"https:\\\/\\\/www.sportshine.eu\\\/#organization\"},\"potentialAction\":[{\"@type\":\"SearchAction\",\"target\":{\"@type\":\"EntryPoint\",\"urlTemplate\":\"https:\\\/\\\/www.sportshine.eu\\\/?s={search_term_string}\"},\"query-input\":{\"@type\":\"PropertyValueSpecification\",\"valueRequired\":true,\"valueName\":\"search_term_string\"}}],\"inLanguage\":\"hu\"},{\"@type\":\"Organization\",\"@id\":\"https:\\\/\\\/www.sportshine.eu\\\/#organization\",\"name\":\"Sportshine\",\"url\":\"https:\\\/\\\/www.sportshine.eu\\\/\",\"logo\":{\"@type\":\"ImageObject\",\"inLanguage\":\"hu\",\"@id\":\"https:\\\/\\\/www.sportshine.eu\\\/#\\\/schema\\\/logo\\\/image\\\/\",\"url\":\"https:\\\/\\\/www.sportshine.eu\\\/wp-content\\\/uploads\\\/2026\\\/01\\\/cropped-Sportshine.webp\",\"contentUrl\":\"https:\\\/\\\/www.sportshine.eu\\\/wp-content\\\/uploads\\\/2026\\\/01\\\/cropped-Sportshine.webp\",\"width\":295,\"height\":128,\"caption\":\"Sportshine\"},\"image\":{\"@id\":\"https:\\\/\\\/www.sportshine.eu\\\/#\\\/schema\\\/logo\\\/image\\\/\"},\"sameAs\":[\"https:\\\/\\\/www.facebook.com\\\/sportshine.eu\\\/\"]}]}<\/script>\n<!-- \/ Yoast SEO plugin. -->","yoast_head_json":{"title":"ftr-technol\u00f3gia - Sportshine","robots":{"index":"index","follow":"follow","max-snippet":"max-snippet:-1","max-image-preview":"max-image-preview:large","max-video-preview":"max-video-preview:-1"},"canonical":"https:\/\/www.sportshine.eu\/hu\/ftr-technologia\/","og_locale":"hu_HU","og_type":"article","og_title":"ftr-tehnologija - Sportshine","og_description":"FTR (front light, tail light, remote ) Sprednja lu\u010d, zadnja lu\u010d, daljinski upravljalnik\u2014simbolizira celovit pristop k osvetlitvi kolesa. Z uporabo naprednega brez\u017ei\u010dnega povezovanja FTR LightSync Control orkestrira popolno sinhronizacijo med sprednjimi lu\u010dmi, zadnjimi lu\u010dmi in namenskim daljinskim upravljalnikom, s \u010dimer ustvarja harmoni\u010den ekosistem. Z enim samim, intuitivnim pritiskom\u2014bodisi preko brez\u017ei\u010dnega daljinskega upravljalnika ali gumba na [&hellip;]","og_url":"https:\/\/www.sportshine.eu\/hu\/ftr-technologia\/","og_site_name":"Sportshine","article_publisher":"https:\/\/www.facebook.com\/sportshine.eu\/","article_modified_time":"2025-08-02T21:25:08+00:00","twitter_card":"summary_large_image","twitter_misc":{"Becs\u00fclt olvas\u00e1si id\u0151":"1 perc"},"schema":{"@context":"https:\/\/schema.org","@graph":[{"@type":"WebPage","@id":"https:\/\/www.sportshine.eu\/ftr-tehnologija\/","url":"https:\/\/www.sportshine.eu\/ftr-tehnologija\/","name":"ftr-technol\u00f3gia - Sportshine","isPartOf":{"@id":"https:\/\/www.sportshine.eu\/#website"},"datePublished":"2025-08-02T21:25:05+00:00","dateModified":"2025-08-02T21:25:08+00:00","breadcrumb":{"@id":"https:\/\/www.sportshine.eu\/ftr-tehnologija\/#breadcrumb"},"inLanguage":"hu","potentialAction":[{"@type":"ReadAction","target":["https:\/\/www.sportshine.eu\/ftr-tehnologija\/"]}]},{"@type":"BreadcrumbList","@id":"https:\/\/www.sportshine.eu\/ftr-tehnologija\/#breadcrumb","itemListElement":[{"@type":"ListItem","position":1,"name":"Home","item":"https:\/\/www.sportshine.eu\/"},{"@type":"ListItem","position":2,"name":"ftr-tehnologija"}]},{"@type":"WebSite","@id":"https:\/\/www.sportshine.eu\/#website","url":"https:\/\/www.sportshine.eu\/","name":"Sportshine","description":"Ker\u00e9kp\u00e1ros, fejl\u00e1mp\u00e1k \u00e9s felszerel\u00e9sek online \u00e1ruh\u00e1z\u00e1nak vezet\u0151 k\u00edn\u00e1lata","publisher":{"@id":"https:\/\/www.sportshine.eu\/#organization"},"potentialAction":[{"@type":"SearchAction","target":{"@type":"EntryPoint","urlTemplate":"https:\/\/www.sportshine.eu\/?s={search_term_string}"},"query-input":{"@type":"PropertyValueSpecification","valueRequired":true,"valueName":"search_term_string"}}],"inLanguage":"hu"},{"@type":"Organization","@id":"https:\/\/www.sportshine.eu\/#organization","name":"Sportshine","url":"https:\/\/www.sportshine.eu\/","logo":{"@type":"ImageObject","inLanguage":"hu","@id":"https:\/\/www.sportshine.eu\/#\/schema\/logo\/image\/","url":"https:\/\/www.sportshine.eu\/wp-content\/uploads\/2026\/01\/cropped-Sportshine.webp","contentUrl":"https:\/\/www.sportshine.eu\/wp-content\/uploads\/2026\/01\/cropped-Sportshine.webp","width":295,"height":128,"caption":"Sportshine"},"image":{"@id":"https:\/\/www.sportshine.eu\/#\/schema\/logo\/image\/"},"sameAs":["https:\/\/www.facebook.com\/sportshine.eu\/"]}]}},"_links":{"self":[{"href":"https:\/\/www.sportshine.eu\/hu\/wp-json\/wp\/v2\/pages\/7460","targetHints":{"allow":["GET"]}}],"collection":[{"href":"https:\/\/www.sportshine.eu\/hu\/wp-json\/wp\/v2\/pages"}],"about":[{"href":"https:\/\/www.sportshine.eu\/hu\/wp-json\/wp\/v2\/types\/page"}],"author":[{"embeddable":true,"href":"https:\/\/www.sportshine.eu\/hu\/wp-json\/wp\/v2\/users\/1"}],"replies":[{"embeddable":true,"href":"https:\/\/www.sportshine.eu\/hu\/wp-json\/wp\/v2\/comments?post=7460"}],"version-history":[{"count":0,"href":"https:\/\/www.sportshine.eu\/hu\/wp-json\/wp\/v2\/pages\/7460\/revisions"}],"wp:attachment":[{"href":"https:\/\/www.sportshine.eu\/hu\/wp-json\/wp\/v2\/media?parent=7460"}],"curies":[{"name":"wp","href":"https:\/\/api.w.org\/{rel}","templated":true}]}}