{"id":702,"date":"2021-03-31T06:39:48","date_gmt":"2021-03-31T06:39:48","guid":{"rendered":"https:\/\/d-themes.com\/wordpress\/wolmart\/dummy\/demo-11\/?page_id=702"},"modified":"2025-07-15T11:53:15","modified_gmt":"2025-07-15T11:53:15","slug":"adatvedelmi-iranyelvek","status":"publish","type":"page","link":"https:\/\/www.sportshine.eu\/hu\/adatvedelmi-iranyelvek\/","title":{"rendered":"Adatv\u00e9delmi \u00e9s s\u00fcti szab\u00e1lyzat"},"content":{"rendered":"<p><strong>SPORTSHINE, Ale\u0161 Vicozi sp<\/strong><br>Kamnikarjeva utca 27, Lavrica, 1291 \u0160kofljica<br><a class=\"\" href=\"https:\/\/www.sportshine.eu\/hu\/\">https:\/\/www.sportshine.eu<\/a><br>\ud83d\udce7 <a>info@sportshine.eu<\/a> | \ud83d\udcde 041 798 307<br>Utols\u00f3 friss\u00edt\u00e9s: 2025. j\u00falius 15.<\/p>\n\n\n\n<hr class=\"wp-block-separator has-alpha-channel-opacity\"\/>\n\n\n\n<h3 class=\"wp-block-heading\">1. Bevezet\u00e9s<\/h3>\n\n\n\n<p>Ez az adatv\u00e9delmi \u00e9s s\u00fcti szab\u00e1lyzat le\u00edrja, hogyan <strong>SPORTSHINE, Ale\u0161 Vicozi sp<\/strong> szem\u00e9lyes adatokat kezel \u00e9s s\u00fctiket haszn\u00e1l a weboldalon <a class=\"\" href=\"https:\/\/www.sportshine.eu\/hu\/\">www.sportshine.eu<\/a>A weboldal l\u00e1togat\u00e1s\u00e1val \u00e9s haszn\u00e1lat\u00e1val \u00d6n elfogadja az adatok \u00e9s s\u00fctik haszn\u00e1lat\u00e1nak le\u00edrt m\u00f3dj\u00e1t.<\/p>\n\n\n\n<hr class=\"wp-block-separator has-alpha-channel-opacity\"\/>\n\n\n\n<h3 class=\"wp-block-heading\">2. Szem\u00e9lyes adatok kezel\u0151je<\/h3>\n\n\n\n<p><strong>C\u00edm:<\/strong> SPORTSHINE, Ale\u0161 Vicozi sp<br><strong>C\u00edm:<\/strong> Kamnikarjeva utca 27, Lavrica, 1291 \u0160kofljica<br><strong>E-mail c\u00edm:<\/strong> <a>info@sportshine.eu<\/a><br><strong>Telefon:<\/strong> 041 798 307<br><strong>Adatv\u00e9delmi tisztvisel\u0151:<\/strong> nincs megnevezve<\/p>\n\n\n\n<hr class=\"wp-block-separator has-alpha-channel-opacity\"\/>\n\n\n\n<h3 class=\"wp-block-heading\">3. Szem\u00e9lyes adatok kateg\u00f3ri\u00e1i<\/h3>\n\n\n\n<p>A k\u00f6vetkez\u0151 szem\u00e9lyes adatokat kezelj\u00fck:<\/p>\n\n\n\n<ul class=\"wp-block-list\">\n<li>Kereszt- \u00e9s vezet\u00e9kn\u00e9v<\/li>\n\n\n\n<li>E-mail c\u00edm<\/li>\n\n\n\n<li>Telefonsz\u00e1m<\/li>\n\n\n\n<li>Sz\u00e1ll\u00edt\u00e1si \u00e9s sz\u00e1ml\u00e1z\u00e1si c\u00edm<\/li>\n\n\n\n<li>IP-c\u00edm<\/li>\n\n\n\n<li>Weboldalhaszn\u00e1lati adatok (pl. megl\u00e1togatott oldalak, kattintott linkek, l\u00e1togat\u00e1s id\u0151pontja)<\/li>\n\n\n\n<li>Megb\u00edz\u00e1sok \u00e9s fizet\u00e9sek v\u00e9grehajt\u00e1s\u00e1hoz sz\u00fcks\u00e9ges adatok<\/li>\n<\/ul>\n\n\n\n<hr class=\"wp-block-separator has-alpha-channel-opacity\"\/>\n\n\n\n<h3 class=\"wp-block-heading\">4. Az adatkezel\u00e9s c\u00e9lja \u00e9s jogalapja<\/h3>\n\n\n\n<p>Az \u00d6n adatait a k\u00f6vetkez\u0151 c\u00e9lokra kezelj\u00fck:<\/p>\n\n\n\n<figure class=\"wp-block-table\"><table class=\"has-fixed-layout\"><thead><tr><th>C\u00e9l<\/th><th>Jogalap<\/th><\/tr><\/thead><tbody><tr><td>Online rendel\u00e9steljes\u00edt\u00e9s<\/td><td>Szerz\u0151d\u00e9s (GDPR 6. cikk (1) bekezd\u00e9s b) pontja)<\/td><\/tr><tr><td>Elektronikus h\u00edrlevelek k\u00fcld\u00e9se<\/td><td>Hozz\u00e1j\u00e1rul\u00e1s (GDPR 6. cikk (1) bekezd\u00e9s a) pontja)<\/td><\/tr><tr><td>Webanalitika \u00e9s remarketing haszn\u00e1lata<\/td><td>Hozz\u00e1j\u00e1rul\u00e1s (GDPR 6. cikk (1) bekezd\u00e9s a) pontja)<\/td><\/tr><tr><td>V\u00e1lasz a k\u00e9rd\u00e9sekre<\/td><td>Jogos \u00e9rdek (GDPR 6. cikk (1) bekezd\u00e9s f) pontja)<\/td><\/tr><tr><td>Jogi k\u00f6telezetts\u00e9gek teljes\u00edt\u00e9se (k\u00f6nyvel\u00e9s, ad\u00f3z\u00e1s)<\/td><td>Jog (GDPR 6. cikk (1) bekezd\u00e9s c) pontja)<\/td><\/tr><\/tbody><\/table><\/figure>\n\n\n\n<hr class=\"wp-block-separator has-alpha-channel-opacity\"\/>\n\n\n\n<h3 class=\"wp-block-heading\">5. Adatmeg\u0151rz\u00e9s<\/h3>\n\n\n\n<p>Szem\u00e9lyes adatokat t\u00e1rolunk:<\/p>\n\n\n\n<ul class=\"wp-block-list\">\n<li>Beszerz\u00e9si c\u00e9lokra: a szerz\u0151d\u00e9s teljes\u00edt\u00e9s\u00e9t k\u00f6vet\u0151 5 \u00e9v<\/li>\n\n\n\n<li>Elektronikus h\u00edrlev\u00e9l c\u00e9lj\u00e1b\u00f3l: a hozz\u00e1j\u00e1rul\u00e1s visszavon\u00e1s\u00e1ig<\/li>\n\n\n\n<li>S\u00fctiadatok: az egyes s\u00fctikre vonatkoz\u00f3 hat\u00e1rid\u0151knek megfelel\u0151en (l\u00e1sd al\u00e1bb)<\/li>\n<\/ul>\n\n\n\n<hr class=\"wp-block-separator has-alpha-channel-opacity\"\/>\n\n\n\n<h3 class=\"wp-block-heading\">6. Az egy\u00e9nek jogai<\/h3>\n\n\n\n<p>\u00d6nnek joga van a k\u00f6vetkez\u0151kh\u00f6z:<\/p>\n\n\n\n<ul class=\"wp-block-list\">\n<li>hozz\u00e1f\u00e9rni az adataidhoz<\/li>\n\n\n\n<li>jav\u00edt\u00e1s vagy t\u00f6rl\u00e9s<\/li>\n\n\n\n<li>feldolgoz\u00e1si korl\u00e1toz\u00e1sok<\/li>\n\n\n\n<li>tiltakoz\u00e1s az adatkezel\u00e9s ellen<\/li>\n\n\n\n<li>adathordozhat\u00f3s\u00e1g<\/li>\n\n\n\n<li>panaszt tenni az inform\u00e1ci\u00f3s biztosn\u00e1l (<a class=\"\" href=\"http:\/\/www.ip-rs.si\">www.ip-rs.si<\/a>)<\/li>\n<\/ul>\n\n\n\n<hr class=\"wp-block-separator has-alpha-channel-opacity\"\/>\n\n\n\n<h3 class=\"wp-block-heading\">7. Adatok harmadik f\u00e9lnek t\u00f6rt\u00e9n\u0151 tov\u00e1bb\u00edt\u00e1sa<\/h3>\n\n\n\n<p>Adatokat adhatunk \u00e1t szerz\u0151d\u00e9ses adatfeldolgoz\u00f3knak, akik a k\u00f6vetkez\u0151 feladatokat v\u00e9gzik el sz\u00e1munkra:<\/p>\n\n\n\n<ul class=\"wp-block-list\">\n<li>Weboldal t\u00e1rhely<\/li>\n\n\n\n<li>E-mail h\u00edrlevelek k\u00fcld\u00e9se (pl. Mailchimp vagy hasonl\u00f3)<\/li>\n\n\n\n<li>Fizet\u00e9sfeldolgoz\u00e1s (pl. Stripe, Paypal)<\/li>\n\n\n\n<li>Marketing \u00e9s hirdet\u00e9s (pl. Google, Meta)<\/li>\n<\/ul>\n\n\n\n<p>Az adatfeldolgoz\u00f3k kiz\u00e1r\u00f3lag a mi utas\u00edt\u00e1saink alapj\u00e1n \u00e9s a GDPR-nak megfelel\u0151en dolgozz\u00e1k fel az adatokat.<\/p>\n\n\n\n<hr class=\"wp-block-separator has-alpha-channel-opacity\"\/>\n\n\n\n<h2 class=\"wp-block-heading\"><strong>S\u00fctikre vonatkoz\u00f3 szab\u00e1lyzat<\/strong><\/h2>\n\n\n\n<h3 class=\"wp-block-heading\">8. Mik azok a s\u00fctik?<\/h3>\n\n\n\n<p>A s\u00fctik kis f\u00e1jlok, amelyeket egy weboldal t\u00e1rol az eszk\u00f6z\u00f6d\u00f6n. Ezeket a weboldal m\u0171k\u00f6dtet\u00e9s\u00e9re, a forgalom elemz\u00e9s\u00e9re \u00e9s szem\u00e9lyre szabott hirdet\u00e9sek megjelen\u00edt\u00e9s\u00e9re haszn\u00e1ljuk.<\/p>\n\n\n\n<hr class=\"wp-block-separator has-alpha-channel-opacity\"\/>\n\n\n\n<h3 class=\"wp-block-heading\">9. Az \u00e1ltalunk haszn\u00e1lt s\u00fctik t\u00edpusai<\/h3>\n\n\n\n<figure class=\"wp-block-table\"><table class=\"has-fixed-layout\"><thead><tr><th>S\u00fctik t\u00edpusa<\/th><th>C\u00e9l<\/th><\/tr><\/thead><tbody><tr><td><strong>Sz\u00fcks\u00e9ges s\u00fctik<\/strong><\/td><td>A weboldal megfelel\u0151 m\u0171k\u00f6d\u00e9s\u00e9hez (pl. bev\u00e1s\u00e1rl\u00f3kos\u00e1r, bejelentkez\u00e9s).<\/td><\/tr><tr><td><strong>Analitikai s\u00fctik<\/strong><\/td><td>A weboldal l\u00e1togat\u00e1sainak \u00e9s haszn\u00e1lat\u00e1nak m\u00e9r\u00e9se (pl. Google Analytics).<\/td><\/tr><tr><td><strong>Marketing s\u00fctik<\/strong><\/td><td>Remarketinghez, szem\u00e9lyre szabott hirdet\u00e9sekhez (Facebook Pixel, Google Ads).<\/td><\/tr><\/tbody><\/table><\/figure>\n\n\n\n<hr class=\"wp-block-separator has-alpha-channel-opacity\"\/>\n\n\n\n<h3 class=\"wp-block-heading\">10. Harmadik f\u00e9lt\u0151l sz\u00e1rmaz\u00f3 eszk\u00f6z\u00f6k haszn\u00e1lata<\/h3>\n\n\n\n<p>A weboldalon a k\u00f6vetkez\u0151 eszk\u00f6z\u00f6ket haszn\u00e1ljuk:<\/p>\n\n\n\n<ul class=\"wp-block-list\">\n<li><strong>Google Analytics<\/strong><\/li>\n\n\n\n<li><strong>Google Hirdet\u00e9sek (remarketing)<\/strong><\/li>\n\n\n\n<li><strong>Facebook Pixel<\/strong><\/li>\n<\/ul>\n\n\n\n<p>Ezek az eszk\u00f6z\u00f6k be\u00e1ll\u00edthatnak saj\u00e1t s\u00fctiket. Ezeket a s\u00fctiket a b\u00f6ng\u00e9sz\u0151j\u00e9ben is kezelheti.<\/p>\n\n\n\n<hr class=\"wp-block-separator has-alpha-channel-opacity\"\/>\n\n\n\n<h3 class=\"wp-block-heading\">11. S\u00fctik kezel\u00e9se \u00e9s letilt\u00e1sa<\/h3>\n\n\n\n<p>Amikor el\u0151sz\u00f6r l\u00e1togatja meg a weboldalt, a s\u00fcti banner seg\u00edts\u00e9g\u00e9vel a k\u00f6vetkez\u0151ket teheti:<\/p>\n\n\n\n<ul class=\"wp-block-list\">\n<li>\u00d6n elfogadja az \u00f6sszes s\u00fctit.<\/li>\n\n\n\n<li>S\u00fctik elutas\u00edt\u00e1sa<\/li>\n\n\n\n<li>M\u00f3dos\u00edtsa a be\u00e1ll\u00edt\u00e1sait<\/li>\n<\/ul>\n\n\n\n<p>A s\u00fctiket a b\u00f6ng\u00e9sz\u0151 be\u00e1ll\u00edt\u00e1saiban is kezelheti. A s\u00fctik t\u00f6rl\u00e9s\u00e9re vagy letilt\u00e1s\u00e1ra vonatkoz\u00f3 utas\u00edt\u00e1sok:<\/p>\n\n\n\n<ul class=\"wp-block-list\">\n<li><a>Kr\u00f3m<\/a><\/li>\n\n\n\n<li><a class=\"\" href=\"https:\/\/support.mozilla.org\/sl\/kb\/omogo%C4%8Danje-in-onemogo%C4%8Danje-pi%C5%A1kotkov\">Firefox<\/a><\/li>\n\n\n\n<li><a class=\"\" href=\"https:\/\/support.apple.com\/sl-si\/guide\/safari\/sfri11471\/mac\">Szafari<\/a><\/li>\n<\/ul>\n\n\n\n<hr class=\"wp-block-separator has-alpha-channel-opacity\"\/>\n\n\n\n<h3 class=\"wp-block-heading\">12. Kapcsolat<\/h3>\n\n\n\n<p>Adatv\u00e9delmi vagy s\u00fcti szab\u00e1lyzattal kapcsolatos k\u00e9rd\u00e9seivel k\u00e9rj\u00fck, vegye fel vel\u00fcnk a kapcsolatot:<\/p>\n\n\n\n<p>\ud83d\udce7 <strong><a>info@sportshine.eu<\/a><\/strong><br>\ud83d\udcde <strong>041 798 307<\/strong><\/p>\n\n\n\n<p><\/p>","protected":false},"excerpt":{"rendered":"<p>SPORTSHINE, Ale\u0161 Vicozi s.p.Kamnikarjeva ulica 27, Lavrica, 1291 \u0160kofljicahttps:\/\/www.sportshine.eu\ud83d\udce7 info@sportshine.eu | \ud83d\udcde 041 798 307Zadnja posodobitev: 15. julij 2025 1. Uvod Ta politika zasebnosti in pi\u0161kotkov opisuje, kako podjetje SPORTSHINE, Ale\u0161 Vicozi s.p. obdeluje osebne podatke ter uporablja pi\u0161kotke na spletni strani www.sportshine.eu. Z obiskom in uporabo spletne strani sogla\u0161ate z opisanim na\u010dinom uporabe podatkov [&hellip;]<\/p>\n","protected":false},"author":1,"featured_media":0,"parent":0,"menu_order":0,"comment_status":"closed","ping_status":"closed","template":"","meta":{"footnotes":""},"class_list":["post-702","page","type-page","status-publish","hentry"],"yoast_head":"<!-- This site is optimized with the Yoast SEO plugin v27.3 - https:\/\/yoast.com\/product\/yoast-seo-wordpress\/ -->\n<title>Politika zasebnosti in pi\u0161kotkov<\/title>\n<meta name=\"robots\" content=\"noindex, nofollow\" \/>\n<meta property=\"og:locale\" content=\"hu_HU\" \/>\n<meta property=\"og:type\" content=\"article\" \/>\n<meta property=\"og:title\" content=\"Politika zasebnosti in pi\u0161kotkov\" \/>\n<meta property=\"og:description\" content=\"SPORTSHINE, Ale\u0161 Vicozi s.p.Kamnikarjeva ulica 27, Lavrica, 1291 \u0160kofljicahttps:\/\/www.sportshine.eu\ud83d\udce7 info@sportshine.eu | \ud83d\udcde 041 798 307Zadnja posodobitev: 15. julij 2025 1. Uvod Ta politika zasebnosti in pi\u0161kotkov opisuje, kako podjetje SPORTSHINE, Ale\u0161 Vicozi s.p. obdeluje osebne podatke ter uporablja pi\u0161kotke na spletni strani www.sportshine.eu. Z obiskom in uporabo spletne strani sogla\u0161ate z opisanim na\u010dinom uporabe podatkov [&hellip;]\" \/>\n<meta property=\"og:url\" content=\"https:\/\/www.sportshine.eu\/hu\/adatvedelmi-iranyelvek\/\" \/>\n<meta property=\"og:site_name\" content=\"Sportshine\" \/>\n<meta property=\"article:publisher\" content=\"https:\/\/www.facebook.com\/sportshine.eu\/\" \/>\n<meta property=\"article:modified_time\" content=\"2025-07-15T11:53:15+00:00\" \/>\n<meta name=\"twitter:card\" content=\"summary_large_image\" \/>\n<meta name=\"twitter:label1\" content=\"Becs\u00fclt olvas\u00e1si id\u0151\" \/>\n\t<meta name=\"twitter:data1\" content=\"2 perc\" \/>\n<script type=\"application\/ld+json\" class=\"yoast-schema-graph\">{\"@context\":\"https:\\\/\\\/schema.org\",\"@graph\":[{\"@type\":\"WebPage\",\"@id\":\"https:\\\/\\\/www.sportshine.eu\\\/politika-zasebnosti\\\/\",\"url\":\"https:\\\/\\\/www.sportshine.eu\\\/politika-zasebnosti\\\/\",\"name\":\"Politika zasebnosti in pi\u0161kotkov\",\"isPartOf\":{\"@id\":\"https:\\\/\\\/www.sportshine.eu\\\/#website\"},\"datePublished\":\"2021-03-31T06:39:48+00:00\",\"dateModified\":\"2025-07-15T11:53:15+00:00\",\"breadcrumb\":{\"@id\":\"https:\\\/\\\/www.sportshine.eu\\\/politika-zasebnosti\\\/#breadcrumb\"},\"inLanguage\":\"hu\",\"potentialAction\":[{\"@type\":\"ReadAction\",\"target\":[\"https:\\\/\\\/www.sportshine.eu\\\/politika-zasebnosti\\\/\"]}]},{\"@type\":\"BreadcrumbList\",\"@id\":\"https:\\\/\\\/www.sportshine.eu\\\/politika-zasebnosti\\\/#breadcrumb\",\"itemListElement\":[{\"@type\":\"ListItem\",\"position\":1,\"name\":\"Home\",\"item\":\"https:\\\/\\\/www.sportshine.eu\\\/\"},{\"@type\":\"ListItem\",\"position\":2,\"name\":\"Politika zasebnosti in pi\u0161kotkov\"}]},{\"@type\":\"WebSite\",\"@id\":\"https:\\\/\\\/www.sportshine.eu\\\/#website\",\"url\":\"https:\\\/\\\/www.sportshine.eu\\\/\",\"name\":\"Sportshine\",\"description\":\"Top spletna trgovina kolesarskih in naglavnih svetilk ter opreme\",\"publisher\":{\"@id\":\"https:\\\/\\\/www.sportshine.eu\\\/#organization\"},\"potentialAction\":[{\"@type\":\"SearchAction\",\"target\":{\"@type\":\"EntryPoint\",\"urlTemplate\":\"https:\\\/\\\/www.sportshine.eu\\\/?s={search_term_string}\"},\"query-input\":{\"@type\":\"PropertyValueSpecification\",\"valueRequired\":true,\"valueName\":\"search_term_string\"}}],\"inLanguage\":\"hu\"},{\"@type\":\"Organization\",\"@id\":\"https:\\\/\\\/www.sportshine.eu\\\/#organization\",\"name\":\"Sportshine\",\"url\":\"https:\\\/\\\/www.sportshine.eu\\\/\",\"logo\":{\"@type\":\"ImageObject\",\"inLanguage\":\"hu\",\"@id\":\"https:\\\/\\\/www.sportshine.eu\\\/#\\\/schema\\\/logo\\\/image\\\/\",\"url\":\"https:\\\/\\\/www.sportshine.eu\\\/wp-content\\\/uploads\\\/2026\\\/01\\\/cropped-Sportshine.webp\",\"contentUrl\":\"https:\\\/\\\/www.sportshine.eu\\\/wp-content\\\/uploads\\\/2026\\\/01\\\/cropped-Sportshine.webp\",\"width\":295,\"height\":128,\"caption\":\"Sportshine\"},\"image\":{\"@id\":\"https:\\\/\\\/www.sportshine.eu\\\/#\\\/schema\\\/logo\\\/image\\\/\"},\"sameAs\":[\"https:\\\/\\\/www.facebook.com\\\/sportshine.eu\\\/\"]}]}<\/script>\n<!-- \/ Yoast SEO plugin. -->","yoast_head_json":{"title":"Adatv\u00e9delmi \u00e9s s\u00fcti szab\u00e1lyzat","robots":{"index":"noindex","follow":"nofollow"},"og_locale":"hu_HU","og_type":"article","og_title":"Politika zasebnosti in pi\u0161kotkov","og_description":"SPORTSHINE, Ale\u0161 Vicozi s.p.Kamnikarjeva ulica 27, Lavrica, 1291 \u0160kofljicahttps:\/\/www.sportshine.eu\ud83d\udce7 info@sportshine.eu | \ud83d\udcde 041 798 307Zadnja posodobitev: 15. julij 2025 1. Uvod Ta politika zasebnosti in pi\u0161kotkov opisuje, kako podjetje SPORTSHINE, Ale\u0161 Vicozi s.p. obdeluje osebne podatke ter uporablja pi\u0161kotke na spletni strani www.sportshine.eu. Z obiskom in uporabo spletne strani sogla\u0161ate z opisanim na\u010dinom uporabe podatkov [&hellip;]","og_url":"https:\/\/www.sportshine.eu\/hu\/adatvedelmi-iranyelvek\/","og_site_name":"Sportshine","article_publisher":"https:\/\/www.facebook.com\/sportshine.eu\/","article_modified_time":"2025-07-15T11:53:15+00:00","twitter_card":"summary_large_image","twitter_misc":{"Becs\u00fclt olvas\u00e1si id\u0151":"2 perc"},"schema":{"@context":"https:\/\/schema.org","@graph":[{"@type":"WebPage","@id":"https:\/\/www.sportshine.eu\/politika-zasebnosti\/","url":"https:\/\/www.sportshine.eu\/politika-zasebnosti\/","name":"Adatv\u00e9delmi \u00e9s s\u00fcti szab\u00e1lyzat","isPartOf":{"@id":"https:\/\/www.sportshine.eu\/#website"},"datePublished":"2021-03-31T06:39:48+00:00","dateModified":"2025-07-15T11:53:15+00:00","breadcrumb":{"@id":"https:\/\/www.sportshine.eu\/politika-zasebnosti\/#breadcrumb"},"inLanguage":"hu","potentialAction":[{"@type":"ReadAction","target":["https:\/\/www.sportshine.eu\/politika-zasebnosti\/"]}]},{"@type":"BreadcrumbList","@id":"https:\/\/www.sportshine.eu\/politika-zasebnosti\/#breadcrumb","itemListElement":[{"@type":"ListItem","position":1,"name":"Home","item":"https:\/\/www.sportshine.eu\/"},{"@type":"ListItem","position":2,"name":"Politika zasebnosti in pi\u0161kotkov"}]},{"@type":"WebSite","@id":"https:\/\/www.sportshine.eu\/#website","url":"https:\/\/www.sportshine.eu\/","name":"Sportshine","description":"Ker\u00e9kp\u00e1ros, fejl\u00e1mp\u00e1k \u00e9s felszerel\u00e9sek online \u00e1ruh\u00e1z\u00e1nak vezet\u0151 k\u00edn\u00e1lata","publisher":{"@id":"https:\/\/www.sportshine.eu\/#organization"},"potentialAction":[{"@type":"SearchAction","target":{"@type":"EntryPoint","urlTemplate":"https:\/\/www.sportshine.eu\/?s={search_term_string}"},"query-input":{"@type":"PropertyValueSpecification","valueRequired":true,"valueName":"search_term_string"}}],"inLanguage":"hu"},{"@type":"Organization","@id":"https:\/\/www.sportshine.eu\/#organization","name":"Sportshine","url":"https:\/\/www.sportshine.eu\/","logo":{"@type":"ImageObject","inLanguage":"hu","@id":"https:\/\/www.sportshine.eu\/#\/schema\/logo\/image\/","url":"https:\/\/www.sportshine.eu\/wp-content\/uploads\/2026\/01\/cropped-Sportshine.webp","contentUrl":"https:\/\/www.sportshine.eu\/wp-content\/uploads\/2026\/01\/cropped-Sportshine.webp","width":295,"height":128,"caption":"Sportshine"},"image":{"@id":"https:\/\/www.sportshine.eu\/#\/schema\/logo\/image\/"},"sameAs":["https:\/\/www.facebook.com\/sportshine.eu\/"]}]}},"_links":{"self":[{"href":"https:\/\/www.sportshine.eu\/hu\/wp-json\/wp\/v2\/pages\/702","targetHints":{"allow":["GET"]}}],"collection":[{"href":"https:\/\/www.sportshine.eu\/hu\/wp-json\/wp\/v2\/pages"}],"about":[{"href":"https:\/\/www.sportshine.eu\/hu\/wp-json\/wp\/v2\/types\/page"}],"author":[{"embeddable":true,"href":"https:\/\/www.sportshine.eu\/hu\/wp-json\/wp\/v2\/users\/1"}],"replies":[{"embeddable":true,"href":"https:\/\/www.sportshine.eu\/hu\/wp-json\/wp\/v2\/comments?post=702"}],"version-history":[{"count":0,"href":"https:\/\/www.sportshine.eu\/hu\/wp-json\/wp\/v2\/pages\/702\/revisions"}],"wp:attachment":[{"href":"https:\/\/www.sportshine.eu\/hu\/wp-json\/wp\/v2\/media?parent=702"}],"curies":[{"name":"wp","href":"https:\/\/api.w.org\/{rel}","templated":true}]}}