{"id":4940,"date":"2025-06-23T21:16:28","date_gmt":"2025-06-23T21:16:28","guid":{"rendered":"https:\/\/www.sportshine.eu\/?page_id=4940"},"modified":"2026-01-17T21:30:49","modified_gmt":"2026-01-17T21:30:49","slug":"altalanos-szerzodesi-feltetelek","status":"publish","type":"page","link":"https:\/\/www.sportshine.eu\/hu\/altalanos-szerzodesi-feltetelek\/","title":{"rendered":"\u00c1ltal\u00e1nos Szerz\u0151d\u00e9si Felt\u00e9telek"},"content":{"rendered":"<p>A sportshine.eu online \u00e1ruh\u00e1z \u00e1ltal\u00e1nos szerz\u0151d\u00e9si felt\u00e9teleit a fogyaszt\u00f3v\u00e9delmi t\u00f6rv\u00e9nynek (ZVPot), a Szlov\u00e9n Kereskedelmi Kamara aj\u00e1nl\u00e1sainak \u00e9s az e-kereskedelemre vonatkoz\u00f3 nemzetk\u00f6zi k\u00f3dexeknek megfelel\u0151en \u00e1ll\u00edtott\u00e1k \u00f6ssze. A sportshine.eu online \u00e1ruh\u00e1z tulajdonosa vagy \u00fczemeltet\u0151je a SPORTSHINE, Ale\u0161 Vicozi sp v\u00e1llalat (a tov\u00e1bbiakban: szolg\u00e1ltat\u00f3 vagy \u00fczemeltet\u0151).<\/p>\n\n\n\n<p><strong>Rendel\u00e9s<\/strong><br>A sportshine.eu online \u00e1ruh\u00e1zban a rendel\u00e9s lead\u00e1sa szlov\u00e9n nyelven, az interneten kereszt\u00fcl t\u00f6rt\u00e9nik a nap 24 \u00f3r\u00e1j\u00e1ban, a h\u00e9t minden napj\u00e1n. Kiv\u00e1laszthatja \u00e9s megrendelheti a term\u00e9klist\u00e1ban el\u00e9rhet\u0151 term\u00e9keket. Ha nem tal\u00e1lja a k\u00edv\u00e1nt term\u00e9ket, k\u00e9rj\u00fck, jelezze nek\u00fcnk e-mailben az info@sportshine.eu c\u00edmen, \u00e9s mi t\u00e1j\u00e9koztatjuk \u00d6nt arr\u00f3l, hogy a term\u00e9k el\u00e9rhet\u0151-e vagy sem. A term\u00e9keket postai \u00faton sz\u00e1ll\u00edtjuk ki a vev\u0151nek, kiv\u00e9ve, ha a vev\u0151 a megrendel\u00e9sben \u00fagy nyilatkozik, hogy szem\u00e9lyesen veszi \u00e1t a megrendelt term\u00e9keket Lavric\u00e1ban, a megbesz\u00e9lt helysz\u00ednen.<br>Amennyiben a vev\u0151 nem mondja le a megrendel\u00e9st, a megrendel\u00e9s tov\u00e1bbi feldolgoz\u00e1sra ker\u00fcl, ezt k\u00f6vet\u0151en a szolg\u00e1ltat\u00f3 fel\u00fclvizsg\u00e1lja a megrendel\u00e9st, ellen\u0151rzi a megrendelt t\u00e9telek el\u00e9rhet\u0151s\u00e9g\u00e9t, \u00e9s indokl\u00e1ssal meger\u0151s\u00edti vagy elutas\u00edtja a megrendel\u00e9st. A szolg\u00e1ltat\u00f3 felh\u00edvhatja a vev\u0151t a megadott telefonsz\u00e1mon az adatok ellen\u0151rz\u00e9se vagy a sz\u00e1ll\u00edt\u00e1s pontoss\u00e1g\u00e1nak biztos\u00edt\u00e1sa \u00e9rdek\u00e9ben.<br>Fenntartjuk a jogot az \u00e1rv\u00e1ltoztat\u00e1sra is, de ebben az esetben e-mailben vagy mobiltelefonon \u00e9rtes\u00edtj\u00fck a v\u00e1s\u00e1rl\u00f3t.<\/p>\n\n\n\n<p><strong>V\u00e1s\u00e1rl\u00e1si folyamat<\/strong><br>A term\u00e9kek megv\u00e1s\u00e1rl\u00e1s\u00e1hoz nincs sz\u00fcks\u00e9g id\u0151ig\u00e9nyes regisztr\u00e1ci\u00f3ra! Miut\u00e1n kiv\u00e1lasztotta a k\u00edv\u00e1nt term\u00e9ket, egyszer\u0171en k\u00f6vesse a felsorolt l\u00e9p\u00e9seket (adja meg az \u00f6sszes sz\u00fcks\u00e9ges inform\u00e1ci\u00f3t, v\u00e1lassza ki a fizet\u00e9si m\u00f3dot stb.), amelyek a rendel\u00e9s v\u00e9gleges\u00edt\u00e9s\u00e9hez vezetnek. Ha egy adott term\u00e9ket el szeretne t\u00e1vol\u00edtani a kos\u00e1rb\u00f3l, ezt az elt\u00e1vol\u00edt\u00e1s gombbal teheti meg. Ha \u00fagy d\u00f6nt, hogy regisztr\u00e1l, a v\u00e1s\u00e1rl\u00e1s gyorsabban lebonyol\u00edthat\u00f3, \u00e9s sz\u00e1mos funkci\u00f3 gazdagabb\u00e1 v\u00e1lik az \u00d6n sz\u00e1m\u00e1ra.<\/p>\n\n\n\n<p><\/p>\n\n\n\n<p>Rendel\u00e9si folyamat:<\/p>\n\n\n\n<p><br><strong>1. A megrendel\u00e9s nincs meger\u0151s\u00edtve:<\/strong><br>A megrendel\u00e9s lead\u00e1sa ut\u00e1n a v\u00e1s\u00e1rl\u00f3 e-mailben \u00e9rtes\u00edt\u00e9st kap arr\u00f3l, hogy a megrendel\u00e9st nem er\u0151s\u00edtett\u00e9k meg.<\/p>\n\n\n\n<p><strong>2. Rendel\u00e9s meger\u0151s\u00edtve:<\/strong><br>A szolg\u00e1ltat\u00f3 \u00e1ttekinti a megrendel\u00e9st, ellen\u0151rzi a megrendelt t\u00e9telek el\u00e9rhet\u0151s\u00e9g\u00e9t, majd visszaigazolja a megrendel\u00e9st, vagy indokl\u00e1ssal elutas\u00edtja azt. A szolg\u00e1ltat\u00f3 felh\u00edvhatja a vev\u0151t a megadott telefonsz\u00e1mon az adatok ellen\u0151rz\u00e9se vagy a sz\u00e1ll\u00edt\u00e1s pontoss\u00e1g\u00e1nak biztos\u00edt\u00e1sa \u00e9rdek\u00e9ben. A megrendel\u00e9s visszaigazol\u00e1sakor a szolg\u00e1ltat\u00f3 e-mailben t\u00e1j\u00e9koztatja a vev\u0151t a v\u00e1rhat\u00f3 sz\u00e1ll\u00edt\u00e1si d\u00e1tumr\u00f3l. A vev\u0151 \u00e9s a szolg\u00e1ltat\u00f3 k\u00f6z\u00f6tt a megrendelt t\u00e9telek ad\u00e1sv\u00e9tel\u00e9re vonatkoz\u00f3 szerz\u0151d\u00e9s ezen a ponton visszavonhatatlanul l\u00e9trej\u00f6n.<\/p>\n\n\n\n<p><strong>3. Sz\u00e1ll\u00edtott \u00e1ruk:<\/strong><br>A szolg\u00e1ltat\u00f3 a meg\u00e1llapodott hat\u00e1rid\u0151n bel\u00fcl el\u0151k\u00e9sz\u00edti \u00e9s kisz\u00e1ll\u00edtja az \u00e1rut, \u00e9s err\u0151l e-mailben \u00e9rtes\u00edti a vev\u0151t. A fent eml\u00edtett e-mailben a szolg\u00e1ltat\u00f3 t\u00e1j\u00e9koztatja a vev\u0151t a visszak\u00fcld\u00e9si szab\u00e1lyzatr\u00f3l, arr\u00f3l, hogy hov\u00e1 fordulhat k\u00e9zbes\u00edt\u00e9si k\u00e9sedelem eset\u00e9n, valamint arr\u00f3l, hogy hov\u00e1 fordulhat panasz eset\u00e9n.<\/p>\n\n\n\n<p>Szem\u00e9lyes adatait kiz\u00e1r\u00f3lag a megrendel\u00e9s teljes\u00edt\u00e9s\u00e9hez \u00e9s egy\u00e9b sz\u00fcks\u00e9ges kommunik\u00e1ci\u00f3hoz haszn\u00e1ljuk fel. A szerz\u0151d\u00e9st\/sz\u00e1ml\u00e1t egy b\u00e9relt szerveren t\u00e1roljuk, \u00e9s a szolg\u00e1ltat\u00f3 megfelel\u0151en biztos\u00edtja. Ha tov\u00e1bbi inform\u00e1ci\u00f3ra van sz\u00fcks\u00e9ge, k\u00e9rj\u00fck, h\u00edvjon minket a 041 798 307-es telefonsz\u00e1mon.<\/p>\n\n\n\n<p><strong>Rendel\u00e9s lemond\u00e1sa<\/strong><br>Rendel\u00e9s\u00e9t lemondhatja a (+386)041-798-307 telefonsz\u00e1mon vagy e-mailben.<\/p>\n\n\n\n<p><strong>Panasz<\/strong><br>Abban az esetben, ha az \u00e1ru a sz\u00e1ll\u00edt\u00e1s sor\u00e1n megs\u00e9r\u00fclt, k\u00e9rj\u00fck, vegye fel a kapcsolatot a k\u00e9zbes\u00edt\u0151 post\u00e1val. Gondosan vizsg\u00e1lja meg a k\u00e9zbes\u00edtett \u00e1rut a k\u00e9zbes\u00edt\u0151 jelenl\u00e9t\u00e9ben. Kiz\u00e1r\u00f3lag az eredeti sz\u00e1ml\u00e1n szerepl\u0151 term\u00e9k v\u00e1s\u00e1rl\u00f3ja tehet reklam\u00e1ci\u00f3t az \u00e1ruval kapcsolatban. A j\u00f3t\u00e1ll\u00e1s a k\u00f6vetkez\u0151 esetekben megsz\u0171nik:<br>\u2013 a nem rendeltet\u00e9sszer\u0171 haszn\u00e1latb\u00f3l, gondatlan kezel\u00e9sb\u0151l, mechanikai s\u00e9r\u00fcl\u00e9sb\u0151l \u00e9s vis maior eset\u00e9n keletkezett hib\u00e1k\u00e9rt.<br>\u2013 szakszer\u0171tlen szerkezeti egys\u00e9gek hozz\u00e1ad\u00e1sakor, pl. a term\u00e9k m\u00f3dos\u00edt\u00e1sakor \u2013 m\u00e1s, oda nem tartoz\u00f3 elemek haszn\u00e1latakor<br>\u2013 helytelen kezel\u00e9s vagy gondatlan kezel\u00e9s miatti k\u00e1r eset\u00e9n<br>\u2013 ha a v\u00e1s\u00e1rl\u00f3 m\u00e1r felbontotta a biztons\u00e1gi pecs\u00e9tet vagy kicsomagolta az eredeti csomagol\u00e1st<\/p>\n\n\n\n<p><strong>\u00c1ruk visszak\u00fcld\u00e9se<\/strong><br>Azok a v\u00e1s\u00e1rl\u00f3k, akik nem el\u00e9gedettek a megrendelt term\u00e9kekkel, a t\u00f6rv\u00e9nyben meghat\u00e1rozott hat\u00e1rid\u0151n bel\u00fcl saj\u00e1t k\u00f6lts\u00e9g\u00fckre visszak\u00fcldhetik az \u00e1rut, az \u00e1ru visszak\u00fcld\u00e9s\u00e9nek hat\u00e1rideje 30 nap att\u00f3l a napt\u00f3l sz\u00e1m\u00edtva, amikor a fogyaszt\u00f3 \u00e1tveszi az \u00e1rut. (A szolg\u00e1ltat\u00f3 a befizetett \u00f6sszegek visszat\u00e9r\u00edt\u00e9s\u00e9t mindaddig visszatartja, am\u00edg a visszak\u00fcld\u00f6tt \u00e1ru vissza nem \u00e9rkezik, vagy am\u00edg a fogyaszt\u00f3 nem igazolja, hogy visszak\u00fcldte az \u00e1rut.) A szolg\u00e1ltat\u00f3 a teljes v\u00e9tel\u00e1rat visszat\u00e9r\u00edti a vev\u0151nek; a szerz\u0151d\u00e9st\u0151l val\u00f3 el\u00e1ll\u00e1s eset\u00e9n a fogyaszt\u00f3 csak az \u00e1ru visszak\u00fcld\u00e9s\u00e9nek k\u00f6lts\u00e9geit fedezi. Az \u00e1ru visszak\u00fcld\u00e9s\u00e9re a Fogyaszt\u00f3v\u00e9delmi t\u00f6rv\u00e9ny 43. cikk\u00e9nek rendelkez\u00e9sei vonatkoznak. A visszak\u00fcld\u00e9st csak akkor tekintj\u00fck \u00e9rv\u00e9nyesnek, ha a visszak\u00fcld\u00f6tt \u00e1ru eredeti, s\u00e9rtetlen csomagol\u00e1sban van, a k\u00eds\u00e9r\u0151 dokument\u00e1ci\u00f3val egy\u00fctt. Kiv\u00e9ve, ha az \u00e1ru a fogyaszt\u00f3 hib\u00e1j\u00e1n k\u00edv\u00fcl megsemmis\u00fclt, megs\u00e9r\u00fclt, elveszett, vagy mennyis\u00e9ge cs\u00f6kkent. A fogyaszt\u00f3 felel\u0151s az \u00e1ru \u00e9rt\u00e9k\u00e9nek cs\u00f6kken\u00e9s\u00e9\u00e9rt, ha az \u00e9rt\u00e9kcs\u00f6kken\u00e9s olyan magatart\u00e1s eredm\u00e9nye, amely nem felt\u00e9tlen\u00fcl sz\u00fcks\u00e9ges az \u00e1ru jelleg\u00e9nek, tulajdons\u00e1gainak \u00e9s m\u0171k\u00f6d\u00e9s\u00e9nek meg\u00e1llap\u00edt\u00e1s\u00e1hoz. A visszat\u00e9r\u00edt\u00e9seket a lehet\u0151 leghamarabb, de legk\u00e9s\u0151bb a szerz\u0151d\u00e9st\u0151l val\u00f3 el\u00e1ll\u00e1sr\u00f3l sz\u00f3l\u00f3 \u00e9rtes\u00edt\u00e9s k\u00e9zhezv\u00e9tel\u00e9t\u0151l sz\u00e1m\u00edtott 14 napon bel\u00fcl teljes\u00edtj\u00fck. A visszat\u00e9r\u00edt\u00e9seket a vev\u0151 banksz\u00e1ml\u00e1j\u00e1ra utaljuk. A kapott \u00e1ruknak a v\u00e1llalathoz az el\u00e1ll\u00e1si id\u0151szakon bel\u00fcli visszak\u00fcld\u00e9se a szerz\u0151d\u00e9st\u0151l val\u00f3 el\u00e1ll\u00e1si \u00e9rtes\u00edt\u00e9snek min\u0151s\u00fcl.<br>A term\u00e9keket postai \u00faton visszak\u00fcldheti a k\u00f6vetkez\u0151 c\u00edmre:<\/p>\n\n\n\n<p>SPORTSHINE, Ale\u0161 Vicozi sp<br>Kamnikar utca 27<br>1291 \u0160kofljica<\/p>\n\n\n\n<p>A visszak\u00fcld\u00f6tt term\u00e9kek v\u00e9tel\u00e1r\u00e1t 14 napon bel\u00fcl visszat\u00e9r\u00edtj\u00fck banksz\u00e1ml\u00e1j\u00e1ra vagy postai utalv\u00e1nyon kereszt\u00fcl, vagy meg\u00e1llapod\u00e1s szerint a k\u00f6vetkez\u0151 v\u00e1s\u00e1rl\u00e1s\u00e1hoz j\u00f3v\u00e1\u00edrjuk.<\/p>\n\n\n\n<p><strong>5. \u00c1rak<\/strong><br>Minden felt\u00fcntetett \u00e1r eur\u00f3ban \u00e9rtend\u0151 \u00e9s tartalmazza az \u00c1FA-t.<\/p>\n\n\n\n<p><strong>6. Jogi nyilatkozat<\/strong><br>Mindent megtesz\u00fcnk annak \u00e9rdek\u00e9ben, hogy az Online \u00c1ruh\u00e1z weboldal\u00e1n k\u00f6zz\u00e9tett inform\u00e1ci\u00f3k naprak\u00e9szek \u00e9s helyesek legyenek. A term\u00e9kek jellemz\u0151i \u00e9s a sz\u00e1ll\u00edt\u00e1si id\u0151k azonban olyan gyorsan v\u00e1ltozhatnak, hogy nem tudjuk kijav\u00edtani az inform\u00e1ci\u00f3kat. Ilyen esetben a szolg\u00e1ltat\u00f3 t\u00e1j\u00e9koztatja a v\u00e1s\u00e1rl\u00f3t a v\u00e1ltoz\u00e1sokr\u00f3l, \u00e9s lehet\u0151v\u00e9 teszi sz\u00e1m\u00e1ra, hogy lemondja a megrendel\u00e9st vagy kicser\u00e9lje a megrendelt term\u00e9ket. A k\u00f6zz\u00e9tett f\u00e9nyk\u00e9pek a gy\u00e1rt\u00f3kt\u00f3l sz\u00e1rmaznak, vagy \u0151k k\u00e9sz\u00edtett\u00e9k \u0151ket.<\/p>\n\n\n\n<p>Adatv\u00e9delmi nyilatkozat<\/p>\n\n\n\n<p>A SPORTSHINE, Ale\u0161 Vicozi sp v\u00e1llalat elk\u00f6telezett az \u00d6n adatainak v\u00e9delme ir\u00e1nt. Az \u00d6n adataira sz\u00fcks\u00e9g\u00fcnk van a megrendel\u00e9se z\u00f6kken\u0151mentes v\u00e9grehajt\u00e1s\u00e1nak biztos\u00edt\u00e1sa \u00e9rdek\u00e9ben.<\/p>\n\n\n\n<p><strong>Mi\u00e9rt haszn\u00e1ljuk fel az \u00d6n adatait?<\/strong><\/p>\n\n\n\n<p>Rendel\u00e9skor meg kell adnia nek\u00fcnk a nev\u00e9t, vezet\u00e9knev\u00e9t, c\u00edm\u00e9t, e-mail c\u00edm\u00e9t \u00e9s mobiltelefonsz\u00e1m\u00e1t. Ez lehet\u0151v\u00e9 teszi sz\u00e1munkra, hogy biztos\u00edtsuk a megrendel\u00e9s z\u00f6kken\u0151mentes teljes\u00edt\u00e9s\u00e9t, \u00e9s t\u00e1j\u00e9koztassuk \u00d6nt a megrendel\u00e9s\u00e9ben bek\u00f6vetkezett v\u00e1ltoz\u00e1sokr\u00f3l.<\/p>\n\n\n\n<p><strong>\u00c1tadj\u00e1k az adatait harmadik f\u00e9lnek?<\/strong><\/p>\n\n\n\n<p>K\u00f6telezetts\u00e9get v\u00e1llalunk arra, hogy az adatok teljes m\u00e9rt\u00e9kben a Sportshine tulajdon\u00e1ban maradnak. Nem osztjuk meg, nem adjuk el \u00e9s nem cser\u00e9lj\u00fck el azokat semmilyen m\u00e1s int\u00e9zm\u00e9nnyel, c\u00e9ggel vagy szem\u00e9llyel.<\/p>\n\n\n\n<p>Weboldalaink m\u00e1s weboldalakra mutat\u00f3 linkeket is tartalmaznak, amelyek nem a mi tulajdonunkban vannak, \u00e9s semmilyen m\u00f3don nem \u00e1llnak vel\u00fcnk kapcsolatban. Ez\u00e9rt a Barbara Holcman sp nem v\u00e1llal felel\u0151ss\u00e9get az ilyen weboldalakr\u00f3l t\u00f6rt\u00e9n\u0151 hozz\u00e1f\u00e9r\u00e9s\u00e9rt, valamint az ilyen weboldalakon tal\u00e1lhat\u00f3 adatok v\u00e9delm\u00e9\u00e9rt.<\/p>\n\n\n\n<p><strong>Az \u00d6n hozz\u00e1j\u00e1rul\u00e1sa<\/strong><\/p>\n\n\n\n<p>Weboldalaink haszn\u00e1lat\u00e1val \u00d6n hozz\u00e1j\u00e1rul az inform\u00e1ci\u00f3k fent le\u00edrt m\u00f3don \u00e9s esetekben t\u00f6rt\u00e9n\u0151 felhaszn\u00e1l\u00e1s\u00e1hoz is.<\/p>\n\n\n\n<p>A felhaszn\u00e1l\u00e1si felt\u00e9telek b\u00e1rmilyen v\u00e1ltoz\u00e1sa eset\u00e9n ezeken az oldalakon t\u00e1j\u00e9koztatni fogjuk \u00d6nt.<\/p>\n\n\n\n<p><strong>K\u00e9rd\u00e9sek?<\/strong><\/p>\n\n\n\n<p>Ha b\u00e1rmilyen k\u00e9rd\u00e9se van a fenti nyilatkozatokkal \u00e9s felt\u00e9telekkel, bev\u00e1s\u00e1rl\u00f3k\u00f6zpontunk m\u0171k\u00f6d\u00e9s\u00e9vel, v\u00e1s\u00e1rl\u00e1si \u00e9lm\u00e9ny\u00e9vel kapcsolatban, vagy ha b\u00e1rmilyen \u00e9szrev\u00e9tele vagy v\u00e9lem\u00e9nye van weboldalainkkal kapcsolatban, \u00edrjon nek\u00fcnk e-mailben az info@sportshine.eu c\u00edmre, vagy a SPORTSHINE, Ale\u0161 Vicozi sp, Kamnikarjeva ulica 27, 1291 \u0160kofljica c\u00edmre, vagy h\u00edvjon minket a 041798307-es GSM-sz\u00e1mon.<\/p>\n\n\n\n<p>T\u00e9nybeli hiba<\/p>\n\n\n\n<p>Mikor sz\u00e1m\u00edt val\u00f3dinak egy hiba?<\/p>\n\n\n\n<ul class=\"wp-block-list\">\n<li>a term\u00e9k nem rendelkezik a rendeltet\u00e9sszer\u0171 haszn\u00e1lathoz vagy forgalomba hozatalhoz sz\u00fcks\u00e9ges tulajdons\u00e1gokkal<\/li>\n\n\n\n<li>a term\u00e9k nem rendelkezik azokkal a tulajdons\u00e1gokkal, amelyek a vev\u0151 \u00e1ltal v\u00e1s\u00e1rolt konkr\u00e9t felhaszn\u00e1l\u00e1shoz sz\u00fcks\u00e9gesek, de amelyeket az elad\u00f3 ismert, vagy ismernie kellett volna<\/li>\n\n\n\n<li>a t\u00e9tel nem rendelkezik azokkal a tulajdons\u00e1gokkal \u00e9s jellemz\u0151kkel, amelyekben kifejezetten vagy hallgat\u00f3lagosan meg\u00e1llapodtak vagy el\u0151\u00edrtak<\/li>\n\n\n\n<li>az elad\u00f3 olyan term\u00e9ket sz\u00e1ll\u00edtott, amely nem felel meg a mint\u00e1nak vagy a modellnek, kiv\u00e9ve, ha a minta vagy a modell csak \u00e9rtes\u00edt\u00e9si c\u00e9lb\u00f3l ker\u00fclt bemutat\u00e1sra.<\/li>\n<\/ul>\n\n\n\n<p>A vev\u0151nek a t\u00f6rv\u00e9nyben el\u0151\u00edrt hat\u00e1rid\u0151n bel\u00fcl \u00e9rtes\u00edtenie kell minket minden l\u00e9nyeges hib\u00e1r\u00f3l, bele\u00e9rtve a hiba r\u00e9szletes le\u00edr\u00e1s\u00e1t is, \u00e9s egyidej\u0171leg lehet\u0151v\u00e9 kell tennie sz\u00e1munkra a term\u00e9k megvizsg\u00e1l\u00e1s\u00e1t. A bejelent\u00e9s \u00edr\u00e1sban vagy e-mailben t\u00f6rt\u00e9nhet.<\/p>\n\n\n\n<p>Vitarendez\u00e9s<\/p>\n\n\n\n<p><strong>Az \u00fcgyfelek panaszaikat \u00e9s ig\u00e9nyeiket e-mailben az info@sportshine.eu c\u00edmre, telefonon a 041798307-es sz\u00e1mon, vagy postai \u00faton k\u00fcldhetik el:<\/strong><\/p>\n\n\n\n<p>SPORTSHINE, Ale\u0161 Vicozi sp<br>Kamnikar utca 27<br>1291 \u0160kofljica<\/p>\n\n\n\n<p>Ad\u00f3sz\u00e1m: 59206497<br>Regisztr\u00e1ci\u00f3s sz\u00e1m: 9697608000<br>Regisztr\u00e1ci\u00f3s hat\u00f3s\u00e1g: AJPES, koperi fi\u00f3ktelep<br>Regisztr\u00e1ci\u00f3s sz\u00e1m: 0101-81-20240701-002477<\/p>\n\n\n\n<p>A szolg\u00e1ltat\u00f3 mindent megtesz a vit\u00e1k b\u00e9k\u00e9s \u00faton t\u00f6rt\u00e9n\u0151 rendez\u00e9se \u00e9rdek\u00e9ben; ellenkez\u0151 esetben a ljubljanai b\u00edr\u00f3s\u00e1g illet\u00e9kes a vit\u00e1kban.<\/p>","protected":false},"excerpt":{"rendered":"<p>Splo\u0161ni pogoji poslovanja spletne trgovine sportshine.eu so sestavljeni v skladu z Zakonom o varstvu potro\u0161nikov (ZVPot), s priporo\u010dili GZS in na podlagi mednarodnih kodeksov za e-poslovanje. Spletna trgovina sportshine.eu je v lasti oziroma jo vodi podjetje SPORTSHINE, Ale\u0161 Vicozi s.p. (v nadaljevanju ponudnik ali upravitelj). Naro\u010danjeNaro\u010danje v spletni trgovini sportshine.eu poteka v slovenskem jeziku prek [&hellip;]<\/p>\n","protected":false},"author":1,"featured_media":0,"parent":0,"menu_order":0,"comment_status":"closed","ping_status":"closed","template":"","meta":{"footnotes":""},"class_list":["post-4940","page","type-page","status-publish","hentry"],"yoast_head":"<!-- This site is optimized with the Yoast SEO plugin v27.3 - https:\/\/yoast.com\/product\/yoast-seo-wordpress\/ -->\n<title>Splo\u0161ni pogoji poslovanja - Sportshine<\/title>\n<meta name=\"robots\" content=\"index, follow, max-snippet:-1, max-image-preview:large, max-video-preview:-1\" \/>\n<link rel=\"canonical\" href=\"https:\/\/www.sportshine.eu\/hu\/altalanos-szerzodesi-feltetelek\/\" \/>\n<meta property=\"og:locale\" content=\"hu_HU\" \/>\n<meta property=\"og:type\" content=\"article\" \/>\n<meta property=\"og:title\" content=\"Splo\u0161ni pogoji poslovanja - Sportshine\" \/>\n<meta property=\"og:description\" content=\"Splo\u0161ni pogoji poslovanja spletne trgovine sportshine.eu so sestavljeni v skladu z Zakonom o varstvu potro\u0161nikov (ZVPot), s priporo\u010dili GZS in na podlagi mednarodnih kodeksov za e-poslovanje. Spletna trgovina sportshine.eu je v lasti oziroma jo vodi podjetje SPORTSHINE, Ale\u0161 Vicozi s.p. (v nadaljevanju ponudnik ali upravitelj). Naro\u010danjeNaro\u010danje v spletni trgovini sportshine.eu poteka v slovenskem jeziku prek [&hellip;]\" \/>\n<meta property=\"og:url\" content=\"https:\/\/www.sportshine.eu\/hu\/altalanos-szerzodesi-feltetelek\/\" \/>\n<meta property=\"og:site_name\" content=\"Sportshine\" \/>\n<meta property=\"article:publisher\" content=\"https:\/\/www.facebook.com\/sportshine.eu\/\" \/>\n<meta property=\"article:modified_time\" content=\"2026-01-17T21:30:49+00:00\" \/>\n<meta name=\"twitter:card\" content=\"summary_large_image\" \/>\n<meta name=\"twitter:label1\" content=\"Becs\u00fclt olvas\u00e1si id\u0151\" \/>\n\t<meta name=\"twitter:data1\" content=\"6 perc\" \/>\n<script type=\"application\/ld+json\" class=\"yoast-schema-graph\">{\"@context\":\"https:\\\/\\\/schema.org\",\"@graph\":[{\"@type\":\"WebPage\",\"@id\":\"https:\\\/\\\/www.sportshine.eu\\\/splosni-pogoji-poslovanja\\\/\",\"url\":\"https:\\\/\\\/www.sportshine.eu\\\/splosni-pogoji-poslovanja\\\/\",\"name\":\"Splo\u0161ni pogoji poslovanja - Sportshine\",\"isPartOf\":{\"@id\":\"https:\\\/\\\/www.sportshine.eu\\\/#website\"},\"datePublished\":\"2025-06-23T21:16:28+00:00\",\"dateModified\":\"2026-01-17T21:30:49+00:00\",\"breadcrumb\":{\"@id\":\"https:\\\/\\\/www.sportshine.eu\\\/splosni-pogoji-poslovanja\\\/#breadcrumb\"},\"inLanguage\":\"hu\",\"potentialAction\":[{\"@type\":\"ReadAction\",\"target\":[\"https:\\\/\\\/www.sportshine.eu\\\/splosni-pogoji-poslovanja\\\/\"]}]},{\"@type\":\"BreadcrumbList\",\"@id\":\"https:\\\/\\\/www.sportshine.eu\\\/splosni-pogoji-poslovanja\\\/#breadcrumb\",\"itemListElement\":[{\"@type\":\"ListItem\",\"position\":1,\"name\":\"Home\",\"item\":\"https:\\\/\\\/www.sportshine.eu\\\/\"},{\"@type\":\"ListItem\",\"position\":2,\"name\":\"Splo\u0161ni pogoji poslovanja\"}]},{\"@type\":\"WebSite\",\"@id\":\"https:\\\/\\\/www.sportshine.eu\\\/#website\",\"url\":\"https:\\\/\\\/www.sportshine.eu\\\/\",\"name\":\"Sportshine\",\"description\":\"Top spletna trgovina kolesarskih in naglavnih svetilk ter opreme\",\"publisher\":{\"@id\":\"https:\\\/\\\/www.sportshine.eu\\\/#organization\"},\"potentialAction\":[{\"@type\":\"SearchAction\",\"target\":{\"@type\":\"EntryPoint\",\"urlTemplate\":\"https:\\\/\\\/www.sportshine.eu\\\/?s={search_term_string}\"},\"query-input\":{\"@type\":\"PropertyValueSpecification\",\"valueRequired\":true,\"valueName\":\"search_term_string\"}}],\"inLanguage\":\"hu\"},{\"@type\":\"Organization\",\"@id\":\"https:\\\/\\\/www.sportshine.eu\\\/#organization\",\"name\":\"Sportshine\",\"url\":\"https:\\\/\\\/www.sportshine.eu\\\/\",\"logo\":{\"@type\":\"ImageObject\",\"inLanguage\":\"hu\",\"@id\":\"https:\\\/\\\/www.sportshine.eu\\\/#\\\/schema\\\/logo\\\/image\\\/\",\"url\":\"https:\\\/\\\/www.sportshine.eu\\\/wp-content\\\/uploads\\\/2026\\\/01\\\/cropped-Sportshine.webp\",\"contentUrl\":\"https:\\\/\\\/www.sportshine.eu\\\/wp-content\\\/uploads\\\/2026\\\/01\\\/cropped-Sportshine.webp\",\"width\":295,\"height\":128,\"caption\":\"Sportshine\"},\"image\":{\"@id\":\"https:\\\/\\\/www.sportshine.eu\\\/#\\\/schema\\\/logo\\\/image\\\/\"},\"sameAs\":[\"https:\\\/\\\/www.facebook.com\\\/sportshine.eu\\\/\"]}]}<\/script>\n<!-- \/ Yoast SEO plugin. -->","yoast_head_json":{"title":"\u00c1ltal\u00e1nos Szerz\u0151d\u00e9si Felt\u00e9telek - Sportshine","robots":{"index":"index","follow":"follow","max-snippet":"max-snippet:-1","max-image-preview":"max-image-preview:large","max-video-preview":"max-video-preview:-1"},"canonical":"https:\/\/www.sportshine.eu\/hu\/altalanos-szerzodesi-feltetelek\/","og_locale":"hu_HU","og_type":"article","og_title":"Splo\u0161ni pogoji poslovanja - Sportshine","og_description":"Splo\u0161ni pogoji poslovanja spletne trgovine sportshine.eu so sestavljeni v skladu z Zakonom o varstvu potro\u0161nikov (ZVPot), s priporo\u010dili GZS in na podlagi mednarodnih kodeksov za e-poslovanje. Spletna trgovina sportshine.eu je v lasti oziroma jo vodi podjetje SPORTSHINE, Ale\u0161 Vicozi s.p. (v nadaljevanju ponudnik ali upravitelj). Naro\u010danjeNaro\u010danje v spletni trgovini sportshine.eu poteka v slovenskem jeziku prek [&hellip;]","og_url":"https:\/\/www.sportshine.eu\/hu\/altalanos-szerzodesi-feltetelek\/","og_site_name":"Sportshine","article_publisher":"https:\/\/www.facebook.com\/sportshine.eu\/","article_modified_time":"2026-01-17T21:30:49+00:00","twitter_card":"summary_large_image","twitter_misc":{"Becs\u00fclt olvas\u00e1si id\u0151":"6 perc"},"schema":{"@context":"https:\/\/schema.org","@graph":[{"@type":"WebPage","@id":"https:\/\/www.sportshine.eu\/splosni-pogoji-poslovanja\/","url":"https:\/\/www.sportshine.eu\/splosni-pogoji-poslovanja\/","name":"\u00c1ltal\u00e1nos Szerz\u0151d\u00e9si Felt\u00e9telek - Sportshine","isPartOf":{"@id":"https:\/\/www.sportshine.eu\/#website"},"datePublished":"2025-06-23T21:16:28+00:00","dateModified":"2026-01-17T21:30:49+00:00","breadcrumb":{"@id":"https:\/\/www.sportshine.eu\/splosni-pogoji-poslovanja\/#breadcrumb"},"inLanguage":"hu","potentialAction":[{"@type":"ReadAction","target":["https:\/\/www.sportshine.eu\/splosni-pogoji-poslovanja\/"]}]},{"@type":"BreadcrumbList","@id":"https:\/\/www.sportshine.eu\/splosni-pogoji-poslovanja\/#breadcrumb","itemListElement":[{"@type":"ListItem","position":1,"name":"Home","item":"https:\/\/www.sportshine.eu\/"},{"@type":"ListItem","position":2,"name":"Splo\u0161ni pogoji poslovanja"}]},{"@type":"WebSite","@id":"https:\/\/www.sportshine.eu\/#website","url":"https:\/\/www.sportshine.eu\/","name":"Sportshine","description":"Ker\u00e9kp\u00e1ros, fejl\u00e1mp\u00e1k \u00e9s felszerel\u00e9sek online \u00e1ruh\u00e1z\u00e1nak vezet\u0151 k\u00edn\u00e1lata","publisher":{"@id":"https:\/\/www.sportshine.eu\/#organization"},"potentialAction":[{"@type":"SearchAction","target":{"@type":"EntryPoint","urlTemplate":"https:\/\/www.sportshine.eu\/?s={search_term_string}"},"query-input":{"@type":"PropertyValueSpecification","valueRequired":true,"valueName":"search_term_string"}}],"inLanguage":"hu"},{"@type":"Organization","@id":"https:\/\/www.sportshine.eu\/#organization","name":"Sportshine","url":"https:\/\/www.sportshine.eu\/","logo":{"@type":"ImageObject","inLanguage":"hu","@id":"https:\/\/www.sportshine.eu\/#\/schema\/logo\/image\/","url":"https:\/\/www.sportshine.eu\/wp-content\/uploads\/2026\/01\/cropped-Sportshine.webp","contentUrl":"https:\/\/www.sportshine.eu\/wp-content\/uploads\/2026\/01\/cropped-Sportshine.webp","width":295,"height":128,"caption":"Sportshine"},"image":{"@id":"https:\/\/www.sportshine.eu\/#\/schema\/logo\/image\/"},"sameAs":["https:\/\/www.facebook.com\/sportshine.eu\/"]}]}},"_links":{"self":[{"href":"https:\/\/www.sportshine.eu\/hu\/wp-json\/wp\/v2\/pages\/4940","targetHints":{"allow":["GET"]}}],"collection":[{"href":"https:\/\/www.sportshine.eu\/hu\/wp-json\/wp\/v2\/pages"}],"about":[{"href":"https:\/\/www.sportshine.eu\/hu\/wp-json\/wp\/v2\/types\/page"}],"author":[{"embeddable":true,"href":"https:\/\/www.sportshine.eu\/hu\/wp-json\/wp\/v2\/users\/1"}],"replies":[{"embeddable":true,"href":"https:\/\/www.sportshine.eu\/hu\/wp-json\/wp\/v2\/comments?post=4940"}],"version-history":[{"count":0,"href":"https:\/\/www.sportshine.eu\/hu\/wp-json\/wp\/v2\/pages\/4940\/revisions"}],"wp:attachment":[{"href":"https:\/\/www.sportshine.eu\/hu\/wp-json\/wp\/v2\/media?parent=4940"}],"curies":[{"name":"wp","href":"https:\/\/api.w.org\/{rel}","templated":true}]}}