{"id":4936,"date":"2025-06-23T21:09:45","date_gmt":"2025-06-23T21:09:45","guid":{"rendered":"https:\/\/www.sportshine.eu\/?page_id=4936"},"modified":"2025-11-01T23:57:06","modified_gmt":"2025-11-01T23:57:06","slug":"termekvisszakuldes-es-visszakuldesi-feltetelek-2","status":"publish","type":"page","link":"https:\/\/www.sportshine.eu\/hu\/termekvisszakuldes-es-visszakuldesi-feltetelek-2\/","title":{"rendered":"Sz\u00e1ll\u00edt\u00e1si felt\u00e9telek \u00e9s \u00e1rlista"},"content":{"rendered":"<p><\/p>\n\n\n\n<p><strong>Sz\u00e1ll\u00edt\u00e1si id\u0151:<br><\/strong>Az \u00e1rut a lehet\u0151 leghamarabb feladjuk. A rakt\u00e1ron l\u00e9v\u0151, munkanapokon 13:00 \u00f3r\u00e1ig leadott rendel\u00e9sek m\u00e9g aznap felad\u00e1sra ker\u00fclnek. A csomag felad\u00e1s\u00e1nak napj\u00e1n \u00e9rtes\u00edt\u00e9st kap e-mailben.<\/p>\n\n\n\n<p>A h\u00e9tk\u00f6znapokon 16:00 \u00f3r\u00e1ig be\u00e9rkezett \u00f6sszes megrendel\u00e9st m\u00e9g aznap feldolgozzuk. A Szlov\u00e9n Posta Szlov\u00e9nia eg\u00e9sz ter\u00fclet\u00e9n 3 munkanapon bel\u00fcl garant\u00e1lja a k\u00e9zbes\u00edt\u00e9st, a postahivatal hely\u00e9t\u0151l f\u00fcgg\u0151en. Ha \u00fagy gondolja, hogy megrendel\u00e9se k\u00e9zbes\u00edt\u00e9se k\u00e9sik, k\u00e9rj\u00fck, azonnal \u00e9rtes\u00edtsen minket az info@sportshine.eu e-mail c\u00edmen, vagy h\u00edvjon minket a 041 798 307-es telefonsz\u00e1mon. Mindent megtesz\u00fcnk annak \u00e9rdek\u00e9ben, hogy megrendelt \u00e1ruit a lehet\u0151 leghamarabb megkapja. Az EU-orsz\u00e1gokba t\u00f6rt\u00e9n\u0151 sz\u00e1ll\u00edt\u00e1shoz a Packeta k\u00e9zbes\u00edt\u00e9si szolg\u00e1ltat\u00e1st vessz\u00fck ig\u00e9nybe.<\/p>\n\n\n\n<p><strong>Sz\u00e1ll\u00edt\u00e1si k\u00f6lts\u00e9gek<\/strong> <strong>Szlov\u00e9ni\u00e1ba<\/strong> <strong>\u2013<\/strong>\u00a04,40 eur\u00f3.<\/p>\n\n\n\n<p><strong>Sz\u00e1ll\u00edt\u00e1si k\u00f6lts\u00e9gek Horv\u00e1torsz\u00e1gba \u2013<\/strong> 4,40 eur\u00f3.<\/p>\n\n\n\n<p><strong>Sz\u00e1ll\u00edt\u00e1si k\u00f6lts\u00e9gek m\u00e1s EU-orsz\u00e1gokba \u2013<\/strong> 5 eur\u00f3.<\/p>\n\n\n\n<p>Ha a rendel\u00e9s teljes \u00f6sszege meghaladja a 80 eur\u00f3t,&nbsp;<strong>ingyenes sz\u00e1ll\u00edt\u00e1s<\/strong>(m\u00e1s orsz\u00e1gokra is vonatkozik)<\/p>\n\n\n\n<p>Ha s\u00fcrg\u0151sen sz\u00fcks\u00e9ge van a term\u00e9kre egy adott id\u0151pontra (sz\u00fclet\u00e9snap, \u00fcnnepnap stb.), azt javasoljuk, hogy el\u00e9g kor\u00e1n adja le rendel\u00e9s\u00e9t, \u00e9s a megjegyz\u00e9sben t\u00fcntesse fel, hogy s\u00fcrg\u0151s sz\u00e1ll\u00edt\u00e1sr\u00f3l van sz\u00f3, mivel \u00edgy b\u00e1rmilyen probl\u00e9ma eset\u00e9n azonnal fel tudjuk venni \u00d6nnel a kapcsolatot.<\/p>","protected":false},"excerpt":{"rendered":"<p>\u010cas\u00a0dostave:Blago bo odposlano v najkraj\u0161em mo\u017enem \u010dasu. Naro\u010dila na zalogi, naro\u010dena do 13.00 ure delovnega dne, bodo odpremljena \u0161e isti dan. Na dan, ko vam bomo paket poslali, boste v svoj e-po\u0161tni nabiralnik prejeli obvestilo o zaklju\u010dku naro\u010dila. Vsa naro\u010dila, ki jih med delovniki prejmemo do 16.00 ure, bodo obdelana \u0161e isti dan. Po\u0161ta Slovenije. [&hellip;]<\/p>\n","protected":false},"author":1,"featured_media":0,"parent":0,"menu_order":0,"comment_status":"closed","ping_status":"closed","template":"","meta":{"footnotes":""},"class_list":["post-4936","page","type-page","status-publish","hentry"],"yoast_head":"<!-- This site is optimized with the Yoast SEO plugin v27.3 - https:\/\/yoast.com\/product\/yoast-seo-wordpress\/ -->\n<title>Pogoji in cenik dostave<\/title>\n<meta name=\"robots\" content=\"noindex, nofollow\" \/>\n<meta property=\"og:locale\" content=\"hu_HU\" \/>\n<meta property=\"og:type\" content=\"article\" \/>\n<meta property=\"og:title\" content=\"Pogoji in cenik dostave\" \/>\n<meta property=\"og:description\" content=\"\u010cas\u00a0dostave:Blago bo odposlano v najkraj\u0161em mo\u017enem \u010dasu. Naro\u010dila na zalogi, naro\u010dena do 13.00 ure delovnega dne, bodo odpremljena \u0161e isti dan. Na dan, ko vam bomo paket poslali, boste v svoj e-po\u0161tni nabiralnik prejeli obvestilo o zaklju\u010dku naro\u010dila. Vsa naro\u010dila, ki jih med delovniki prejmemo do 16.00 ure, bodo obdelana \u0161e isti dan. Po\u0161ta Slovenije. [&hellip;]\" \/>\n<meta property=\"og:url\" content=\"https:\/\/www.sportshine.eu\/hu\/termekvisszakuldes-es-visszakuldesi-feltetelek-2\/\" \/>\n<meta property=\"og:site_name\" content=\"Sportshine\" \/>\n<meta property=\"article:publisher\" content=\"https:\/\/www.facebook.com\/sportshine.eu\/\" \/>\n<meta property=\"article:modified_time\" content=\"2025-11-01T23:57:06+00:00\" \/>\n<meta name=\"twitter:card\" content=\"summary_large_image\" \/>\n<meta name=\"twitter:label1\" content=\"Becs\u00fclt olvas\u00e1si id\u0151\" \/>\n\t<meta name=\"twitter:data1\" content=\"1 perc\" \/>\n<script type=\"application\/ld+json\" class=\"yoast-schema-graph\">{\"@context\":\"https:\\\/\\\/schema.org\",\"@graph\":[{\"@type\":\"WebPage\",\"@id\":\"https:\\\/\\\/www.sportshine.eu\\\/vracilo-izdelka-in-pogoji-za-vracilo-2\\\/\",\"url\":\"https:\\\/\\\/www.sportshine.eu\\\/vracilo-izdelka-in-pogoji-za-vracilo-2\\\/\",\"name\":\"Pogoji in cenik dostave\",\"isPartOf\":{\"@id\":\"https:\\\/\\\/www.sportshine.eu\\\/#website\"},\"datePublished\":\"2025-06-23T21:09:45+00:00\",\"dateModified\":\"2025-11-01T23:57:06+00:00\",\"breadcrumb\":{\"@id\":\"https:\\\/\\\/www.sportshine.eu\\\/vracilo-izdelka-in-pogoji-za-vracilo-2\\\/#breadcrumb\"},\"inLanguage\":\"hu\",\"potentialAction\":[{\"@type\":\"ReadAction\",\"target\":[\"https:\\\/\\\/www.sportshine.eu\\\/vracilo-izdelka-in-pogoji-za-vracilo-2\\\/\"]}]},{\"@type\":\"BreadcrumbList\",\"@id\":\"https:\\\/\\\/www.sportshine.eu\\\/vracilo-izdelka-in-pogoji-za-vracilo-2\\\/#breadcrumb\",\"itemListElement\":[{\"@type\":\"ListItem\",\"position\":1,\"name\":\"Home\",\"item\":\"https:\\\/\\\/www.sportshine.eu\\\/\"},{\"@type\":\"ListItem\",\"position\":2,\"name\":\"Pogoji in cenik dostave\"}]},{\"@type\":\"WebSite\",\"@id\":\"https:\\\/\\\/www.sportshine.eu\\\/#website\",\"url\":\"https:\\\/\\\/www.sportshine.eu\\\/\",\"name\":\"Sportshine\",\"description\":\"Top spletna trgovina kolesarskih in naglavnih svetilk ter opreme\",\"publisher\":{\"@id\":\"https:\\\/\\\/www.sportshine.eu\\\/#organization\"},\"potentialAction\":[{\"@type\":\"SearchAction\",\"target\":{\"@type\":\"EntryPoint\",\"urlTemplate\":\"https:\\\/\\\/www.sportshine.eu\\\/?s={search_term_string}\"},\"query-input\":{\"@type\":\"PropertyValueSpecification\",\"valueRequired\":true,\"valueName\":\"search_term_string\"}}],\"inLanguage\":\"hu\"},{\"@type\":\"Organization\",\"@id\":\"https:\\\/\\\/www.sportshine.eu\\\/#organization\",\"name\":\"Sportshine\",\"url\":\"https:\\\/\\\/www.sportshine.eu\\\/\",\"logo\":{\"@type\":\"ImageObject\",\"inLanguage\":\"hu\",\"@id\":\"https:\\\/\\\/www.sportshine.eu\\\/#\\\/schema\\\/logo\\\/image\\\/\",\"url\":\"https:\\\/\\\/www.sportshine.eu\\\/wp-content\\\/uploads\\\/2026\\\/01\\\/cropped-Sportshine.webp\",\"contentUrl\":\"https:\\\/\\\/www.sportshine.eu\\\/wp-content\\\/uploads\\\/2026\\\/01\\\/cropped-Sportshine.webp\",\"width\":295,\"height\":128,\"caption\":\"Sportshine\"},\"image\":{\"@id\":\"https:\\\/\\\/www.sportshine.eu\\\/#\\\/schema\\\/logo\\\/image\\\/\"},\"sameAs\":[\"https:\\\/\\\/www.facebook.com\\\/sportshine.eu\\\/\"]}]}<\/script>\n<!-- \/ Yoast SEO plugin. -->","yoast_head_json":{"title":"Sz\u00e1ll\u00edt\u00e1si felt\u00e9telek \u00e9s \u00e1rlista","robots":{"index":"noindex","follow":"nofollow"},"og_locale":"hu_HU","og_type":"article","og_title":"Pogoji in cenik dostave","og_description":"\u010cas\u00a0dostave:Blago bo odposlano v najkraj\u0161em mo\u017enem \u010dasu. Naro\u010dila na zalogi, naro\u010dena do 13.00 ure delovnega dne, bodo odpremljena \u0161e isti dan. Na dan, ko vam bomo paket poslali, boste v svoj e-po\u0161tni nabiralnik prejeli obvestilo o zaklju\u010dku naro\u010dila. Vsa naro\u010dila, ki jih med delovniki prejmemo do 16.00 ure, bodo obdelana \u0161e isti dan. Po\u0161ta Slovenije. [&hellip;]","og_url":"https:\/\/www.sportshine.eu\/hu\/termekvisszakuldes-es-visszakuldesi-feltetelek-2\/","og_site_name":"Sportshine","article_publisher":"https:\/\/www.facebook.com\/sportshine.eu\/","article_modified_time":"2025-11-01T23:57:06+00:00","twitter_card":"summary_large_image","twitter_misc":{"Becs\u00fclt olvas\u00e1si id\u0151":"1 perc"},"schema":{"@context":"https:\/\/schema.org","@graph":[{"@type":"WebPage","@id":"https:\/\/www.sportshine.eu\/vracilo-izdelka-in-pogoji-za-vracilo-2\/","url":"https:\/\/www.sportshine.eu\/vracilo-izdelka-in-pogoji-za-vracilo-2\/","name":"Sz\u00e1ll\u00edt\u00e1si felt\u00e9telek \u00e9s \u00e1rlista","isPartOf":{"@id":"https:\/\/www.sportshine.eu\/#website"},"datePublished":"2025-06-23T21:09:45+00:00","dateModified":"2025-11-01T23:57:06+00:00","breadcrumb":{"@id":"https:\/\/www.sportshine.eu\/vracilo-izdelka-in-pogoji-za-vracilo-2\/#breadcrumb"},"inLanguage":"hu","potentialAction":[{"@type":"ReadAction","target":["https:\/\/www.sportshine.eu\/vracilo-izdelka-in-pogoji-za-vracilo-2\/"]}]},{"@type":"BreadcrumbList","@id":"https:\/\/www.sportshine.eu\/vracilo-izdelka-in-pogoji-za-vracilo-2\/#breadcrumb","itemListElement":[{"@type":"ListItem","position":1,"name":"Home","item":"https:\/\/www.sportshine.eu\/"},{"@type":"ListItem","position":2,"name":"Pogoji in cenik dostave"}]},{"@type":"WebSite","@id":"https:\/\/www.sportshine.eu\/#website","url":"https:\/\/www.sportshine.eu\/","name":"Sportshine","description":"Ker\u00e9kp\u00e1ros, fejl\u00e1mp\u00e1k \u00e9s felszerel\u00e9sek online \u00e1ruh\u00e1z\u00e1nak vezet\u0151 k\u00edn\u00e1lata","publisher":{"@id":"https:\/\/www.sportshine.eu\/#organization"},"potentialAction":[{"@type":"SearchAction","target":{"@type":"EntryPoint","urlTemplate":"https:\/\/www.sportshine.eu\/?s={search_term_string}"},"query-input":{"@type":"PropertyValueSpecification","valueRequired":true,"valueName":"search_term_string"}}],"inLanguage":"hu"},{"@type":"Organization","@id":"https:\/\/www.sportshine.eu\/#organization","name":"Sportshine","url":"https:\/\/www.sportshine.eu\/","logo":{"@type":"ImageObject","inLanguage":"hu","@id":"https:\/\/www.sportshine.eu\/#\/schema\/logo\/image\/","url":"https:\/\/www.sportshine.eu\/wp-content\/uploads\/2026\/01\/cropped-Sportshine.webp","contentUrl":"https:\/\/www.sportshine.eu\/wp-content\/uploads\/2026\/01\/cropped-Sportshine.webp","width":295,"height":128,"caption":"Sportshine"},"image":{"@id":"https:\/\/www.sportshine.eu\/#\/schema\/logo\/image\/"},"sameAs":["https:\/\/www.facebook.com\/sportshine.eu\/"]}]}},"_links":{"self":[{"href":"https:\/\/www.sportshine.eu\/hu\/wp-json\/wp\/v2\/pages\/4936","targetHints":{"allow":["GET"]}}],"collection":[{"href":"https:\/\/www.sportshine.eu\/hu\/wp-json\/wp\/v2\/pages"}],"about":[{"href":"https:\/\/www.sportshine.eu\/hu\/wp-json\/wp\/v2\/types\/page"}],"author":[{"embeddable":true,"href":"https:\/\/www.sportshine.eu\/hu\/wp-json\/wp\/v2\/users\/1"}],"replies":[{"embeddable":true,"href":"https:\/\/www.sportshine.eu\/hu\/wp-json\/wp\/v2\/comments?post=4936"}],"version-history":[{"count":0,"href":"https:\/\/www.sportshine.eu\/hu\/wp-json\/wp\/v2\/pages\/4936\/revisions"}],"wp:attachment":[{"href":"https:\/\/www.sportshine.eu\/hu\/wp-json\/wp\/v2\/media?parent=4936"}],"curies":[{"name":"wp","href":"https:\/\/api.w.org\/{rel}","templated":true}]}}